{"id":568,"date":"2019-04-12T12:31:56","date_gmt":"2019-04-12T11:31:56","guid":{"rendered":"https:\/\/esta-etats-unis.net\/visto-o-esta-per-viaggiare-negli-stati-uniti\/"},"modified":"2024-10-11T08:16:52","modified_gmt":"2024-10-11T07:16:52","slug":"visto-o-esta-per-viaggiare-negli-stati-uniti","status":"publish","type":"page","link":"https:\/\/esta-etats-unis.net\/it\/visto-o-esta-per-viaggiare-negli-stati-uniti\/","title":{"rendered":"Visto o ESTA per viaggiare negli Stati Uniti"},"content":{"rendered":"\n<p><span style=\"font-weight: 400;\">Tutti i viaggi negli Stati Uniti richiedono un permesso di viaggio. Che si tratti del  <\/span><span style=\"font-weight: 400;\">visto o ESTA<\/span><span style=\"font-weight: 400;\">La scelta dipender\u00e0 dalla durata del soggiorno e dal motivo della partenza. Andate l\u00ec per lavorare, per fare uno stage o semplicemente per scoprire il territorio americano? Sono queste ragioni a determinare il documento ufficiale pi\u00f9 adatto alla vostra situazione. Quindi  <\/span><span style=\"font-weight: 400;\">visto o ESTA<\/span><span style=\"font-weight: 400;\">  ? Analizziamo questo aspetto in modo pi\u00f9 dettagliato nel resto dell&#8217;articolo.  <\/span><\/p>\n\n<h2 class=\"wp-block-heading\"><span style=\"font-weight: 400;\">ESTA, <\/span><span style=\"font-weight: 400;\">il viaggio online<\/span><span style=\"font-weight: 400;\"> online<\/span><\/h2>\n\n<p><span style=\"font-weight: 400;\">Prima di entrare nel dettaglio dei diversi casi che si applicano all&#8217;ESTA o al visto, iniziamo a <a href=\"https:\/\/esta-etats-unis.net\/it\/formalita-esta-per-il-vostro-viaggio-negli-usa\/\">definire cos&#8217;\u00e8 l&#8217;ESTA<\/a>.<\/span><\/p>\n\n<p><span style=\"font-weight: 400;\">L&#8217;ESTA, noto come Sistema Elettronico di Autorizzazione al Viaggio, \u00e8 un documento ufficiale che consente ai cittadini del Programma Viaggio senza Visto (VWP) di recarsi negli Stati Uniti per brevi soggiorni.  <\/span><\/p>\n\n<p><span style=\"font-weight: 400;\">A differenza dei visti, che si presentano in forme diverse (visto J1, visto F1, visto M1, ecc.), che vedremo pi\u00f9 avanti, l&#8217;ESTA \u00e8 unico e copre diversi motivi di soggiorno.  <\/span><\/p>\n\n<p><span style=\"font-weight: 400;\">L&#8217;autorizzazione al viaggio ESTA \u00e8 un&#8217;iniziativa del governo degli Stati Uniti ed \u00e8 stata creata per facilitare l&#8217;elaborazione delle domande di visto e per proteggere il Paese dalle minacce terroristiche.  <\/span><\/p>\n\n<p><span style=\"font-weight: 400;\">Il modulo ESTA \u00e8 di grande aiuto per le autorit\u00e0 statunitensi, in quanto vi sono diversi criteri che devono essere soddisfatti per ottenere l&#8217;ESTA. Se i richiedenti non soddisfano i criteri, devono richiedere un visto presso l&#8217;ambasciata o il consolato degli Stati Uniti.  <\/span><\/p>\n<div class=\"wp-block-image\">\n<figure class=\"alignright size-full\"><a href=\"https:\/\/esta-etats-unis.net\/wp-content\/uploads\/2019\/04\/Visa-USA-esta-passeport.jpg\"><img loading=\"lazy\" decoding=\"async\" width=\"275\" height=\"183\" src=\"https:\/\/esta-etats-unis.net\/wp-content\/uploads\/2019\/04\/Visa-USA-esta-passeport.jpg\" alt=\"visto usa esta passaporto\" class=\"wp-image-262\"\/><\/a><figcaption class=\"wp-element-caption\"><em>visto o ESTA per recarsi negli Stati Uniti<\/em><\/figcaption><\/figure><\/div>\n<h3 class=\"wp-block-heading\"><span style=\"font-weight: 400;\">Quali sono i requisiti dell&#8217;ESTA?<\/span><\/h3>\n\n<p><span style=\"font-weight: 400;\">Per verificare le possibilit\u00e0 di ottenere l&#8217;autorizzazione al viaggio ESTA, ecco le condizioni:  <\/span><\/p>\n\n<ul class=\"wp-block-list\">\n<li><span style=\"font-weight: 400;\">recarsi negli Stati Uniti per un massimo di 90 giorni (nota: l&#8217;ESTA \u00e8 valido per 2 anni, vale a dire che nell&#8217;arco di 2 anni potete recarvi negli Stati Uniti tutte le volte che volete, a condizione che non rimaniate mai pi\u00f9 di 90 giorni consecutivi sul suolo americano);<\/span><\/li>\n\n\n\n<li><span style=\"font-weight: 400;\">viaggi negli Stati Uniti per turismo, affari o transito;<\/span><\/li>\n\n\n\n<li><span style=\"font-weight: 400;\">essere in possesso di un passaporto biometrico o elettronico valido (attenzione, il passaporto \u00e8 molto importante, \u00e8 necessario avere sempre un passaporto valido quando si richiede l&#8217;ESTA e durante il viaggio);  <\/span><\/li>\n\n\n\n<li><span style=\"font-weight: 400;\">essere cittadino di un Paese membro del Programma Viaggio senza Visto (la Francia ne fa parte);  <\/span><\/li>\n\n\n\n<li><span style=\"font-weight: 400;\">conoscere la data di rientro (quando si ordina l&#8217;ESTA, non \u00e8 necessario acquistare i biglietti in anticipo). Tuttavia, quando si arriva negli Stati Uniti, \u00e8 necessario presentare il biglietto di ritorno alla dogana).  <\/span><\/li>\n<\/ul>\n\n<p><span style=\"font-weight: 400;\">L&#8217;autorizzazione ESTA \u00e8 disponibile solo su Internet. Per la domanda online, potete visitare il sito web ufficiale del governo o un sito web specializzato che fornisce un servizio aggiuntivo per la compilazione delle informazioni.  <\/span><\/p>\n\n<p><span style=\"font-weight: 400;\">Quando si soddisfano tutti i requisiti ESTA, ma si ha ancora il dubbio se sia meglio il visto o l&#8217;ESTA? Ci sono diversi fattori che possono aiutarvi a decidere di richiedere l&#8217;ESTA:  <\/span><\/p>\n\n<ul class=\"wp-block-list\">\n<li><span style=\"font-weight: 400;\">Il suo prezzo \u00e8 molto pi\u00f9 conveniente del visto: 21 dollari di tasse da pagare online sul sito ufficiale dell&#8217;ESTA;  <\/span><\/li>\n\n\n\n<li><span style=\"font-weight: 400;\">la sua accessibilit\u00e0 in quanto il modulo viene compilato online;  <\/span><\/li>\n\n\n\n<li><span style=\"font-weight: 400;\">Per ottenerlo \u00e8 sufficiente compilare il modulo con un passaporto e un indirizzo e-mail;  <\/span><\/li>\n\n\n\n<li><span style=\"font-weight: 400;\">Per quanto riguarda la velocit\u00e0 di ottenimento dell&#8217;ESTA, riceverete una risposta alla vostra domanda entro 72 ore.  <\/span><\/li>\n<\/ul>\n\n<p><span style=\"font-weight: 400;\">Se non si soddisfano tutti i criteri elencati o se si desidera recarsi negli Stati Uniti per lavorare, fare uno stage, studiare all&#8217;universit\u00e0, sposarsi o semplicemente vivere negli Stati Uniti, \u00e8 obbligatorio richiedere un visto.  <\/span><\/p>\n\n<h2 class=\"wp-block-heading\"><span style=\"font-weight: 400;\">Il visto e le sue varianti <\/span><span style=\"font-weight: 400;\">autorizzazioni di viaggio<\/span><\/h2>\n\n<p><span style=\"font-weight: 400;\">Sia il visto che l&#8217;ESTA sono <\/span><span style=\"font-weight: 400;\">autorizzazioni di viaggio<\/span><span style=\"font-weight: 400;\">Tuttavia, la richiesta di un visto richiede una procedura molto pi\u00f9 lunga e costosa rispetto all&#8217;ESTA. Tuttavia, offre maggiori opportunit\u00e0 e possibilit\u00e0 di esperienze all&#8217;estero.  <\/span><\/p>\n\n<p><span style=\"font-weight: 400;\">L&#8217;elenco delle autorizzazioni di viaggio con visto \u00e8 importante perch\u00e9 ogni motivo ha un visto corrispondente. Per fare un esempio, ecco i principali visti richiesti dai cittadini stranieri:<\/span><\/p>\n\n<ul class=\"wp-block-list\">\n<li>Il <span style=\"font-weight: 400;\">visto d&#8217;affari B1;<\/span><\/li>\n\n\n\n<li><span style=\"font-weight: 400;\">Visto turistico B2 o per motivi medici;<\/span><\/li>\n\n\n\n<li><span style=\"font-weight: 400;\"> <a href=\"https:\/\/esta-etats-unis.net\/it\/tirocinio-con-visto-j1-negli-stati-uniti-qual-e-la-procedura\/\">Visto J1 per uno stage<\/a> o un programma di scambio;<\/span><\/li>\n\n\n\n<li><span style=\"font-weight: 400;\">Il <a href=\"https:\/\/esta-etats-unis.net\/it\/come-ottenere-un-visto-per-studenti-negli-stati-uniti\/\">visto per studenti F1<\/a>;<\/span><\/li>\n\n\n\n<li><span style=\"font-weight: 400;\">Il visto per investitori E2;  <\/span><\/li>\n\n\n\n<li><span style=\"font-weight: 400;\">ecc.<\/span><\/li>\n<\/ul>\n\n<p><span style=\"font-weight: 400;\">Ogni visto richiede procedure specifiche, ad esempio per i tirocini internazionali (visto J1), il richiedente dovr\u00e0 trovare un&#8217;organizzazione sponsor certificata dal governo statunitense, al fine di ottenere il modulo DS-2019.  <\/span><\/p>\n\n<p><span style=\"font-weight: 400;\">Tuttavia, sebbene le procedure amministrative varino a seconda del visto scelto, tutti i richiedenti devono <a href=\"https:\/\/esta-etats-unis.net\/it\/come-si-richiede-un-visto-allambasciata-statunitense\/\">fissare un appuntamento presso l&#8217;Ambasciata degli Stati Uniti<\/a> per essere intervistati da un funzionario consolare. Questo colloquio decisivo con il rappresentante della Sicurezza Nazionale degli Stati Uniti determiner\u00e0 la vostra capacit\u00e0 di vivere negli Stati Uniti (mezzi finanziari, livello di inglese) e la coerenza dei vostri progetti con il visto richiesto.  <\/span><\/p>\n\n<p><span style=\"font-weight: 400;\">Quando prendete appuntamento con l&#8217;ambasciata statunitense, assicuratevi di mettere insieme questi elementi:  <\/span><\/p>\n\n<ul class=\"wp-block-list\">\n<li><span style=\"font-weight: 400;\">passaporto (biometrico o elettronico) con validit\u00e0 minima di 6 mesi;  <\/span><\/li>\n\n\n\n<li><span style=\"font-weight: 400;\">una busta chronopost con il vostro indirizzo di casa;  <\/span><\/li>\n\n\n\n<li><span style=\"font-weight: 400;\">il modulo DS-160 compilato per la richiesta del VISA e il vostro numero SEVIS;<\/span><\/li>\n\n\n\n<li><span style=\"font-weight: 400;\">documenti che dimostrino la vostra solvibilit\u00e0 (buste paga, estratti conto bancari, ecc.).<\/span><\/li>\n<\/ul>\n\n<p><span style=\"font-weight: 400;\">Questo \u00e8 un elenco esaustivo, altri documenti possono essere richiesti a seconda del motivo della partenza (lettera di assunzione da parte del vostro sponsor, offerta di lavoro valida, documenti ufficiali di ammissione a una scuola, ecc.)  <\/span><\/p>\n\n<h2 class=\"wp-block-heading\"> <span style=\"font-weight: 400;\"> Visto o ESTA<\/span><span style=\"font-weight: 400;\"> : riepilogo <\/span> <\/h2>\n\n<p><span style=\"font-weight: 400;\">Si prega di notare che per entrambe le <\/span><span style=\"font-weight: 400;\">autorizzazioni di viaggio<\/span><span style=\"font-weight: 400;\"> per gli Stati Uniti (<\/span><span style=\"font-weight: 400;\">visto o ESTA<\/span><span style=\"font-weight: 400;\">), l&#8217;elemento pi\u00f9 importante \u00e8 il passaporto. <\/span><span style=\"font-weight: 400;\">Il tuo passaporto deve essere valido per tutta la durata del viaggio (per l&#8217;ESTA) e per almeno 6 mesi durante il colloquio presso l&#8217;ambasciata statunitense (per il visto). <\/span><span style=\"font-weight: 400;\">In caso contrario, dovrai richiedere un nuovo passaporto elettronico o biometrico. <\/span> <\/p>\n\n<p><span style=\"font-weight: 400;\">Si noti che per l&#8217;ESTA, l&#8217;autorizzazione \u00e8 direttamente collegata al numero di passaporto attraverso i sistemi elettronici della dogana statunitense. Pertanto, se i vostri documenti d&#8217;identit\u00e0 sono scaduti, dovrete rinnovarli e richiedere successivamente un nuovo ESTA.  <\/span><\/p>\n\n<h3 class=\"wp-block-heading\"><span style=\"font-weight: 400;\">Ottenere l&#8217;ESTA  <\/span><\/h3>\n\n<p><span style=\"font-weight: 400;\">In nessun caso il richiedente deve recarsi negli Stati Uniti per scopi commerciali. L&#8217;ESTA \u00e8 prevista solo per brevi soggiorni turistici e professionali (conferenze, firma di contratti, riunioni, ecc.) e per il transito (aereo o marittimo).  <\/span><\/p>\n\n<p><span style=\"font-weight: 400;\">Se non soddisfate tutti i requisiti ESTA, ecco i tipi di visto che pi\u00f9 si avvicinano all&#8217;autorizzazione di viaggio ESTA:  <\/span><\/p>\n\n<ul class=\"wp-block-list\">\n<li><span style=\"font-weight: 400;\">per i viaggi d&#8217;affari: il visto B1;<\/span><\/li>\n\n\n\n<li><span style=\"font-weight: 400;\">per turismo, vacanze o tempo libero: il visto B2;<\/span><\/li>\n\n\n\n<li><span style=\"font-weight: 400;\">e per i transiti: il visto C.  <\/span><\/li>\n<\/ul>\n\n<h3 class=\"wp-block-heading\"><span style=\"font-weight: 400;\">Ottenere un visto  <\/span><\/h3>\n\n<p><span style=\"font-weight: 400;\">A parte i requisiti ESTA, tutti gli altri motivi richiedono una domanda di visto per gli Stati Uniti.  <\/span><\/p>\n\n<p><span style=\"font-weight: 400;\">Attenzione: se desiderate stabilirvi in modo permanente negli Stati Uniti, dovrete ottenere una carta di soggiorno permanente, chiamata Green Card, ad esempio partecipando alla lotteria della diversit\u00e0 statunitense.<\/span><\/p>\n","protected":false},"excerpt":{"rendered":"<p>Tutti i viaggi negli Stati Uniti richiedono un permesso di viaggio. Che si tratti del visto o ESTALa scelta dipender\u00e0 dalla durata del soggiorno e dal motivo della partenza. Andate l\u00ec per lavorare, per fare uno stage o semplicemente per scoprire il territorio americano? Sono queste ragioni a determinare il documento ufficiale pi\u00f9 adatto alla &#8230; <a title=\"Visto o ESTA per viaggiare negli Stati Uniti\" class=\"read-more\" href=\"https:\/\/esta-etats-unis.net\/it\/visto-o-esta-per-viaggiare-negli-stati-uniti\/\" aria-label=\"Per saperne di pi\u00f9 su Visto o ESTA per viaggiare negli Stati Uniti\">Leggi tutto<\/a><\/p>\n","protected":false},"author":1,"featured_media":0,"parent":0,"menu_order":0,"comment_status":"closed","ping_status":"closed","template":"","meta":{"footnotes":""},"class_list":["post-568","page","type-page","status-publish"],"yoast_head":"<!-- This site is optimized with the Yoast SEO plugin v26.2 - https:\/\/yoast.com\/wordpress\/plugins\/seo\/ -->\n<title>Ho bisogno di un visto o dell&#039;ESTA per recarmi negli Stati Uniti?<\/title>\n<meta name=\"description\" content=\"Avete programmato di andare solo negli Stati Uniti e non sapete a quale documento rivolgervi? ESTA o visto, quale \u00e8 pi\u00f9 adatto al mio soggiorno?\" \/>\n<meta name=\"robots\" content=\"index, follow, max-snippet:-1, max-image-preview:large, max-video-preview:-1\" \/>\n<link rel=\"canonical\" href=\"https:\/\/esta-etats-unis.net\/it\/visto-o-esta-per-viaggiare-negli-stati-uniti\/\" \/>\n<meta property=\"og:locale\" content=\"it_IT\" \/>\n<meta property=\"og:type\" content=\"article\" \/>\n<meta property=\"og:title\" content=\"Ho bisogno di un visto o dell&#039;ESTA per recarmi negli Stati Uniti?\" \/>\n<meta property=\"og:description\" content=\"Avete programmato di andare solo negli Stati Uniti e non sapete a quale documento rivolgervi? ESTA o visto, quale \u00e8 pi\u00f9 adatto al mio soggiorno?\" \/>\n<meta property=\"og:url\" content=\"https:\/\/esta-etats-unis.net\/it\/visto-o-esta-per-viaggiare-negli-stati-uniti\/\" \/>\n<meta property=\"og:site_name\" content=\"Organizza il tuo viaggio negli Stati Uniti d&#039;America\" \/>\n<meta property=\"article:modified_time\" content=\"2024-10-11T07:16:52+00:00\" \/>\n<meta property=\"og:image\" content=\"https:\/\/esta-etats-unis.net\/wp-content\/uploads\/2019\/04\/Visa-USA-esta-passeport.jpg\" \/>\n\t<meta property=\"og:image:width\" content=\"275\" \/>\n\t<meta property=\"og:image:height\" content=\"183\" \/>\n\t<meta property=\"og:image:type\" content=\"image\/jpeg\" \/>\n<meta name=\"twitter:label1\" content=\"Tempo di lettura stimato\" \/>\n\t<meta name=\"twitter:data1\" content=\"5 minuti\" \/>\n<script type=\"application\/ld+json\" class=\"yoast-schema-graph\">{\"@context\":\"https:\/\/schema.org\",\"@graph\":[{\"@type\":\"WebPage\",\"@id\":\"https:\/\/esta-etats-unis.net\/it\/visto-o-esta-per-viaggiare-negli-stati-uniti\/\",\"url\":\"https:\/\/esta-etats-unis.net\/it\/visto-o-esta-per-viaggiare-negli-stati-uniti\/\",\"name\":\"Ho bisogno di un visto o dell'ESTA per recarmi negli Stati Uniti?\",\"isPartOf\":{\"@id\":\"https:\/\/esta-etats-unis.net\/it\/#website\"},\"primaryImageOfPage\":{\"@id\":\"https:\/\/esta-etats-unis.net\/it\/visto-o-esta-per-viaggiare-negli-stati-uniti\/#primaryimage\"},\"image\":{\"@id\":\"https:\/\/esta-etats-unis.net\/it\/visto-o-esta-per-viaggiare-negli-stati-uniti\/#primaryimage\"},\"thumbnailUrl\":\"https:\/\/esta-etats-unis.net\/wp-content\/uploads\/2019\/04\/Visa-USA-esta-passeport.jpg\",\"datePublished\":\"2019-04-12T11:31:56+00:00\",\"dateModified\":\"2024-10-11T07:16:52+00:00\",\"description\":\"Avete programmato di andare solo negli Stati Uniti e non sapete a quale documento rivolgervi? ESTA o visto, quale \u00e8 pi\u00f9 adatto al mio soggiorno?\",\"inLanguage\":\"it-IT\",\"potentialAction\":[{\"@type\":\"ReadAction\",\"target\":[\"https:\/\/esta-etats-unis.net\/it\/visto-o-esta-per-viaggiare-negli-stati-uniti\/\"]}]},{\"@type\":\"ImageObject\",\"inLanguage\":\"it-IT\",\"@id\":\"https:\/\/esta-etats-unis.net\/it\/visto-o-esta-per-viaggiare-negli-stati-uniti\/#primaryimage\",\"url\":\"https:\/\/esta-etats-unis.net\/wp-content\/uploads\/2019\/04\/Visa-USA-esta-passeport.jpg\",\"contentUrl\":\"https:\/\/esta-etats-unis.net\/wp-content\/uploads\/2019\/04\/Visa-USA-esta-passeport.jpg\"},{\"@type\":\"WebSite\",\"@id\":\"https:\/\/esta-etats-unis.net\/it\/#website\",\"url\":\"https:\/\/esta-etats-unis.net\/it\/\",\"name\":\"Organizza il tuo viaggio negli Stati Uniti d'America\",\"description\":\"\",\"potentialAction\":[{\"@type\":\"SearchAction\",\"target\":{\"@type\":\"EntryPoint\",\"urlTemplate\":\"https:\/\/esta-etats-unis.net\/it\/?s={search_term_string}\"},\"query-input\":{\"@type\":\"PropertyValueSpecification\",\"valueRequired\":true,\"valueName\":\"search_term_string\"}}],\"inLanguage\":\"it-IT\"}]}<\/script>\n<!-- \/ Yoast SEO plugin. -->","yoast_head_json":{"title":"Ho bisogno di un visto o dell'ESTA per recarmi negli Stati Uniti?","description":"Avete programmato di andare solo negli Stati Uniti e non sapete a quale documento rivolgervi? ESTA o visto, quale \u00e8 pi\u00f9 adatto al mio soggiorno?","robots":{"index":"index","follow":"follow","max-snippet":"max-snippet:-1","max-image-preview":"max-image-preview:large","max-video-preview":"max-video-preview:-1"},"canonical":"https:\/\/esta-etats-unis.net\/it\/visto-o-esta-per-viaggiare-negli-stati-uniti\/","og_locale":"it_IT","og_type":"article","og_title":"Ho bisogno di un visto o dell'ESTA per recarmi negli Stati Uniti?","og_description":"Avete programmato di andare solo negli Stati Uniti e non sapete a quale documento rivolgervi? ESTA o visto, quale \u00e8 pi\u00f9 adatto al mio soggiorno?","og_url":"https:\/\/esta-etats-unis.net\/it\/visto-o-esta-per-viaggiare-negli-stati-uniti\/","og_site_name":"Organizza il tuo viaggio negli Stati Uniti d'America","article_modified_time":"2024-10-11T07:16:52+00:00","og_image":[{"width":275,"height":183,"url":"https:\/\/esta-etats-unis.net\/wp-content\/uploads\/2019\/04\/Visa-USA-esta-passeport.jpg","type":"image\/jpeg"}],"twitter_misc":{"Tempo di lettura stimato":"5 minuti"},"schema":{"@context":"https:\/\/schema.org","@graph":[{"@type":"WebPage","@id":"https:\/\/esta-etats-unis.net\/it\/visto-o-esta-per-viaggiare-negli-stati-uniti\/","url":"https:\/\/esta-etats-unis.net\/it\/visto-o-esta-per-viaggiare-negli-stati-uniti\/","name":"Ho bisogno di un visto o dell'ESTA per recarmi negli Stati Uniti?","isPartOf":{"@id":"https:\/\/esta-etats-unis.net\/it\/#website"},"primaryImageOfPage":{"@id":"https:\/\/esta-etats-unis.net\/it\/visto-o-esta-per-viaggiare-negli-stati-uniti\/#primaryimage"},"image":{"@id":"https:\/\/esta-etats-unis.net\/it\/visto-o-esta-per-viaggiare-negli-stati-uniti\/#primaryimage"},"thumbnailUrl":"https:\/\/esta-etats-unis.net\/wp-content\/uploads\/2019\/04\/Visa-USA-esta-passeport.jpg","datePublished":"2019-04-12T11:31:56+00:00","dateModified":"2024-10-11T07:16:52+00:00","description":"Avete programmato di andare solo negli Stati Uniti e non sapete a quale documento rivolgervi? ESTA o visto, quale \u00e8 pi\u00f9 adatto al mio soggiorno?","inLanguage":"it-IT","potentialAction":[{"@type":"ReadAction","target":["https:\/\/esta-etats-unis.net\/it\/visto-o-esta-per-viaggiare-negli-stati-uniti\/"]}]},{"@type":"ImageObject","inLanguage":"it-IT","@id":"https:\/\/esta-etats-unis.net\/it\/visto-o-esta-per-viaggiare-negli-stati-uniti\/#primaryimage","url":"https:\/\/esta-etats-unis.net\/wp-content\/uploads\/2019\/04\/Visa-USA-esta-passeport.jpg","contentUrl":"https:\/\/esta-etats-unis.net\/wp-content\/uploads\/2019\/04\/Visa-USA-esta-passeport.jpg"},{"@type":"WebSite","@id":"https:\/\/esta-etats-unis.net\/it\/#website","url":"https:\/\/esta-etats-unis.net\/it\/","name":"Organizza il tuo viaggio negli Stati Uniti d'America","description":"","potentialAction":[{"@type":"SearchAction","target":{"@type":"EntryPoint","urlTemplate":"https:\/\/esta-etats-unis.net\/it\/?s={search_term_string}"},"query-input":{"@type":"PropertyValueSpecification","valueRequired":true,"valueName":"search_term_string"}}],"inLanguage":"it-IT"}]}},"_links":{"self":[{"href":"https:\/\/esta-etats-unis.net\/it\/wp-json\/wp\/v2\/pages\/568","targetHints":{"allow":["GET"]}}],"collection":[{"href":"https:\/\/esta-etats-unis.net\/it\/wp-json\/wp\/v2\/pages"}],"about":[{"href":"https:\/\/esta-etats-unis.net\/it\/wp-json\/wp\/v2\/types\/page"}],"author":[{"embeddable":true,"href":"https:\/\/esta-etats-unis.net\/it\/wp-json\/wp\/v2\/users\/1"}],"replies":[{"embeddable":true,"href":"https:\/\/esta-etats-unis.net\/it\/wp-json\/wp\/v2\/comments?post=568"}],"version-history":[{"count":5,"href":"https:\/\/esta-etats-unis.net\/it\/wp-json\/wp\/v2\/pages\/568\/revisions"}],"predecessor-version":[{"id":854,"href":"https:\/\/esta-etats-unis.net\/it\/wp-json\/wp\/v2\/pages\/568\/revisions\/854"}],"wp:attachment":[{"href":"https:\/\/esta-etats-unis.net\/it\/wp-json\/wp\/v2\/media?parent=568"}],"curies":[{"name":"wp","href":"https:\/\/api.w.org\/{rel}","templated":true}]}}