{"id":561,"date":"2014-11-17T22:18:06","date_gmt":"2014-11-17T21:18:06","guid":{"rendered":"https:\/\/esta-etats-unis.net\/esta-online-per-lautorizzazione-di-emergenza\/"},"modified":"2024-10-11T08:23:02","modified_gmt":"2024-10-11T07:23:02","slug":"esta-online-per-lautorizzazione-di-emergenza","status":"publish","type":"page","link":"https:\/\/esta-etats-unis.net\/it\/esta-online-per-lautorizzazione-di-emergenza\/","title":{"rendered":"ESTA online per l&#8217;autorizzazione di emergenza"},"content":{"rendered":"\n<p>Se volete recarvi negli Stati Uniti, avete due possibilit\u00e0 per quanto riguarda le formalit\u00e0 di viaggio: il <a href=\"https:\/\/esta-etats-unis.net\/it\/visto-o-esta-per-viaggiare-negli-stati-uniti\/\">visto o l&#8217;ESTA<\/a>. Infatti, se il vostro soggiorno negli Stati Uniti per affari, turismo o transito non supera i 90 giorni e se il vostro Paese beneficia del Visa Waiver Programme, per entrare negli Stati Uniti avrete bisogno solo di un&#8217;autorizzazione di viaggio e non di un visto. Tuttavia, per poter beneficiare dell&#8217;autorizzazione al viaggio ESTA, il passaporto deve essere biometrico o elettronico e valido per la durata del soggiorno negli Stati Uniti. In caso contrario, o se il vostro soggiorno negli Stati Uniti \u00e8 superiore a 90 giorni, dovrete richiedere un <a href=\"https:\/\/esta-etats-unis.net\/it\/come-si-richiede-un-visto-allambasciata-statunitense\/\">visto presso l&#8217;ambasciata statunitense<\/a> del vostro Paese.<\/p>\n\n<h2 class=\"wp-block-heading\">ESTA contro il visto USA<\/h2>\n\n<h3 class=\"wp-block-heading\"><em><span style=\"font-size: 16px;\">ESTA<\/span><\/em><\/h3>\n\n<p>L&#8217;ESTA, acronimo di Electronic System for Travel Authorization, \u00e8 un sistema di autorizzazione elettronica per i viaggi negli Stati Uniti. Lo scopo di questo sistema \u00e8 quello di rafforzare le misure di sicurezza, in quanto le autorit\u00e0 americane ricevono le tue informazioni ancor prima che tu arrivi sul suolo americano.<\/p>\n\n<p>L&#8217;autorizzazione al viaggio ESTA viene concessa dal <a href=\"https:\/\/www.dhs.gov\/\">Dipartimento di Sicurezza Nazionale<\/a>, che verificher\u00e0 le vostre informazioni nei propri database. La domanda di ESTA si presenta sotto forma di modulo online. L&#8217;intero processo si svolge online e il documento ha un prezzo molto ragionevole.<\/p>\n\n<p>Se l&#8217;<a href=\"https:\/\/esta-etats-unis.net\/it\/\">autorizzazione ESTA<\/a> viene concessa, significa che il viaggio non rappresenta un rischio per la sicurezza degli Stati Uniti e non viola la legge statunitense.<\/p>\n\n<h3 class=\"wp-block-heading\"><em><span style=\"font-size: 16px;\">Il visto per gli Stati Uniti<\/span><\/em><\/h3>\n\n<p>Tuttavia, se la domanda ESTA viene rifiutata, \u00e8 necessario richiedere un visto presso l&#8217;ambasciata statunitense. Esistono diversi tipi di visto, quindi se volete lavorare negli Stati Uniti, <a href=\"https:\/\/esta-etats-unis.net\/it\/come-ottenere-un-visto-per-studenti-negli-stati-uniti\/\">studiare in un&#8217;universit\u00e0 americana<\/a> o <a href=\"https:\/\/www.mendocinomuseum.org\/\">visitare gli Stati Uniti<\/a> per pi\u00f9 di tre mesi, il documento da richiedere sar\u00e0 diverso. Si tratta di un processo amministrativo piuttosto lungo, complesso e molto pi\u00f9 costoso. In media, ottenere un visto costa almeno 185 dollari in tasse. L&#8217;ESTA \u00e8 quindi un buon modo per ricevere l&#8217;autorizzazione in modo rapido e molto pi\u00f9 accessibile.<\/p>\n\n<h2 class=\"wp-block-heading\">Compilare correttamente il modulo ESTA<\/h2>\n\n<p>La registrazione per l&#8217;autorizzazione al viaggio ESTA pu\u00f2 essere effettuata solo online. Esistono siti in lingua francese che potranno rilasciarvi un&#8217;autorizzazione di viaggio ufficiale ESTA dopo aver <a href=\"https:\/\/esta-etats-unis.net\/it\/che-aspetto-ha-il-modulo-esta\/\">compilato un modulo<\/a> e pagato una tassa per la vostra richiesta. L&#8217;ESTA pu\u00f2 essere ottenuto anche sul sito ufficiale del governo statunitense se si preferisce completare la formalit\u00e0 senza assistenza. Il modulo \u00e8 relativamente semplice da compilare, ma occorre prestare attenzione. Con l&#8217;ESTA, viaggiare negli Stati Uniti non \u00e8 mai stato cos\u00ec facile.<\/p>\n\n<p>Una volta compilato il modulo ed effettuato il pagamento, non resta che attendere la risposta. Poich\u00e9 l&#8217;autorizzazione di viaggio ESTA \u00e8 un&#8217;autorizzazione rapida, potete richiedere l&#8217;autorizzazione di viaggio ESTA fino a 72 ore prima della data di partenza prevista. Riceverete una risposta dalle autorit\u00e0 statunitensi entro 72 ore dalla presentazione della domanda.<\/p>\n\n<p>Una domanda online significa un pagamento online. La convalida della domanda ESTA \u00e8 effettiva non appena si paga l&#8217;importo dell&#8217;ordine con la carta di credito direttamente sul sito web privato. Il prezzo include un periodo di validit\u00e0 di due anni.<\/p>\n","protected":false},"excerpt":{"rendered":"<p>Se volete recarvi negli Stati Uniti, avete due possibilit\u00e0 per quanto riguarda le formalit\u00e0 di viaggio: il visto o l&#8217;ESTA. Infatti, se il vostro soggiorno negli Stati Uniti per affari, turismo o transito non supera i 90 giorni e se il vostro Paese beneficia del Visa Waiver Programme, per entrare negli Stati Uniti avrete bisogno &#8230; <a title=\"ESTA online per l&#8217;autorizzazione di emergenza\" class=\"read-more\" href=\"https:\/\/esta-etats-unis.net\/it\/esta-online-per-lautorizzazione-di-emergenza\/\" aria-label=\"Per saperne di pi\u00f9 su ESTA online per l&#8217;autorizzazione di emergenza\">Leggi tutto<\/a><\/p>\n","protected":false},"author":1,"featured_media":0,"parent":0,"menu_order":0,"comment_status":"closed","ping_status":"closed","template":"","meta":{"footnotes":""},"class_list":["post-561","page","type-page","status-publish"],"yoast_head":"<!-- This site is optimized with the Yoast SEO plugin v26.2 - https:\/\/yoast.com\/wordpress\/plugins\/seo\/ -->\n<title>ESTA online per l&#039;autorizzazione di emergenza<\/title>\n<meta name=\"description\" content=\"Avete bisogno di un permesso rapido per il vostro prossimo viaggio negli Stati Uniti? L&#039;ESTA \u00e8 il documento che dovete ottenere rapidamente.\" \/>\n<meta name=\"robots\" content=\"index, follow, max-snippet:-1, max-image-preview:large, max-video-preview:-1\" \/>\n<link rel=\"canonical\" href=\"https:\/\/esta-etats-unis.net\/it\/esta-online-per-lautorizzazione-di-emergenza\/\" \/>\n<meta property=\"og:locale\" content=\"it_IT\" \/>\n<meta property=\"og:type\" content=\"article\" \/>\n<meta property=\"og:title\" content=\"ESTA online per l&#039;autorizzazione di emergenza\" \/>\n<meta property=\"og:description\" content=\"Avete bisogno di un permesso rapido per il vostro prossimo viaggio negli Stati Uniti? L&#039;ESTA \u00e8 il documento che dovete ottenere rapidamente.\" \/>\n<meta property=\"og:url\" content=\"https:\/\/esta-etats-unis.net\/it\/esta-online-per-lautorizzazione-di-emergenza\/\" \/>\n<meta property=\"og:site_name\" content=\"Organizza il tuo viaggio negli Stati Uniti d&#039;America\" \/>\n<meta property=\"article:modified_time\" content=\"2024-10-11T07:23:02+00:00\" \/>\n<meta name=\"twitter:label1\" content=\"Tempo di lettura stimato\" \/>\n\t<meta name=\"twitter:data1\" content=\"2 minuti\" \/>\n<script type=\"application\/ld+json\" class=\"yoast-schema-graph\">{\"@context\":\"https:\/\/schema.org\",\"@graph\":[{\"@type\":\"WebPage\",\"@id\":\"https:\/\/esta-etats-unis.net\/it\/esta-online-per-lautorizzazione-di-emergenza\/\",\"url\":\"https:\/\/esta-etats-unis.net\/it\/esta-online-per-lautorizzazione-di-emergenza\/\",\"name\":\"ESTA online per l'autorizzazione di emergenza\",\"isPartOf\":{\"@id\":\"https:\/\/esta-etats-unis.net\/it\/#website\"},\"datePublished\":\"2014-11-17T21:18:06+00:00\",\"dateModified\":\"2024-10-11T07:23:02+00:00\",\"description\":\"Avete bisogno di un permesso rapido per il vostro prossimo viaggio negli Stati Uniti? L'ESTA \u00e8 il documento che dovete ottenere rapidamente.\",\"inLanguage\":\"it-IT\",\"potentialAction\":[{\"@type\":\"ReadAction\",\"target\":[\"https:\/\/esta-etats-unis.net\/it\/esta-online-per-lautorizzazione-di-emergenza\/\"]}]},{\"@type\":\"WebSite\",\"@id\":\"https:\/\/esta-etats-unis.net\/it\/#website\",\"url\":\"https:\/\/esta-etats-unis.net\/it\/\",\"name\":\"Organizza il tuo viaggio negli Stati Uniti d'America\",\"description\":\"\",\"potentialAction\":[{\"@type\":\"SearchAction\",\"target\":{\"@type\":\"EntryPoint\",\"urlTemplate\":\"https:\/\/esta-etats-unis.net\/it\/?s={search_term_string}\"},\"query-input\":{\"@type\":\"PropertyValueSpecification\",\"valueRequired\":true,\"valueName\":\"search_term_string\"}}],\"inLanguage\":\"it-IT\"}]}<\/script>\n<!-- \/ Yoast SEO plugin. -->","yoast_head_json":{"title":"ESTA online per l'autorizzazione di emergenza","description":"Avete bisogno di un permesso rapido per il vostro prossimo viaggio negli Stati Uniti? L'ESTA \u00e8 il documento che dovete ottenere rapidamente.","robots":{"index":"index","follow":"follow","max-snippet":"max-snippet:-1","max-image-preview":"max-image-preview:large","max-video-preview":"max-video-preview:-1"},"canonical":"https:\/\/esta-etats-unis.net\/it\/esta-online-per-lautorizzazione-di-emergenza\/","og_locale":"it_IT","og_type":"article","og_title":"ESTA online per l'autorizzazione di emergenza","og_description":"Avete bisogno di un permesso rapido per il vostro prossimo viaggio negli Stati Uniti? L'ESTA \u00e8 il documento che dovete ottenere rapidamente.","og_url":"https:\/\/esta-etats-unis.net\/it\/esta-online-per-lautorizzazione-di-emergenza\/","og_site_name":"Organizza il tuo viaggio negli Stati Uniti d'America","article_modified_time":"2024-10-11T07:23:02+00:00","twitter_misc":{"Tempo di lettura stimato":"2 minuti"},"schema":{"@context":"https:\/\/schema.org","@graph":[{"@type":"WebPage","@id":"https:\/\/esta-etats-unis.net\/it\/esta-online-per-lautorizzazione-di-emergenza\/","url":"https:\/\/esta-etats-unis.net\/it\/esta-online-per-lautorizzazione-di-emergenza\/","name":"ESTA online per l'autorizzazione di emergenza","isPartOf":{"@id":"https:\/\/esta-etats-unis.net\/it\/#website"},"datePublished":"2014-11-17T21:18:06+00:00","dateModified":"2024-10-11T07:23:02+00:00","description":"Avete bisogno di un permesso rapido per il vostro prossimo viaggio negli Stati Uniti? L'ESTA \u00e8 il documento che dovete ottenere rapidamente.","inLanguage":"it-IT","potentialAction":[{"@type":"ReadAction","target":["https:\/\/esta-etats-unis.net\/it\/esta-online-per-lautorizzazione-di-emergenza\/"]}]},{"@type":"WebSite","@id":"https:\/\/esta-etats-unis.net\/it\/#website","url":"https:\/\/esta-etats-unis.net\/it\/","name":"Organizza il tuo viaggio negli Stati Uniti d'America","description":"","potentialAction":[{"@type":"SearchAction","target":{"@type":"EntryPoint","urlTemplate":"https:\/\/esta-etats-unis.net\/it\/?s={search_term_string}"},"query-input":{"@type":"PropertyValueSpecification","valueRequired":true,"valueName":"search_term_string"}}],"inLanguage":"it-IT"}]}},"_links":{"self":[{"href":"https:\/\/esta-etats-unis.net\/it\/wp-json\/wp\/v2\/pages\/561","targetHints":{"allow":["GET"]}}],"collection":[{"href":"https:\/\/esta-etats-unis.net\/it\/wp-json\/wp\/v2\/pages"}],"about":[{"href":"https:\/\/esta-etats-unis.net\/it\/wp-json\/wp\/v2\/types\/page"}],"author":[{"embeddable":true,"href":"https:\/\/esta-etats-unis.net\/it\/wp-json\/wp\/v2\/users\/1"}],"replies":[{"embeddable":true,"href":"https:\/\/esta-etats-unis.net\/it\/wp-json\/wp\/v2\/comments?post=561"}],"version-history":[{"count":4,"href":"https:\/\/esta-etats-unis.net\/it\/wp-json\/wp\/v2\/pages\/561\/revisions"}],"predecessor-version":[{"id":868,"href":"https:\/\/esta-etats-unis.net\/it\/wp-json\/wp\/v2\/pages\/561\/revisions\/868"}],"wp:attachment":[{"href":"https:\/\/esta-etats-unis.net\/it\/wp-json\/wp\/v2\/media?parent=561"}],"curies":[{"name":"wp","href":"https:\/\/api.w.org\/{rel}","templated":true}]}}