{"id":556,"date":"2019-05-10T08:16:02","date_gmt":"2019-05-10T07:16:02","guid":{"rendered":"https:\/\/esta-etats-unis.net\/tirocinio-con-visto-j1-negli-stati-uniti-qual-e-la-procedura\/"},"modified":"2022-07-31T10:13:35","modified_gmt":"2022-07-31T09:13:35","slug":"tirocinio-con-visto-j1-negli-stati-uniti-qual-e-la-procedura","status":"publish","type":"page","link":"https:\/\/esta-etats-unis.net\/it\/tirocinio-con-visto-j1-negli-stati-uniti-qual-e-la-procedura\/","title":{"rendered":"Tirocinio con visto J1 negli Stati Uniti: qual \u00e8 la procedura?"},"content":{"rendered":"\n<p><span style=\"font-weight: 400;\">Dopo il diploma di maturit\u00e0 o anche come giovane professionista, \u00e8 possibile recarsi negli Stati Uniti per un massimo di 18 mesi e acquisire nuove esperienze professionali. Per questo tipo di soggiorno negli Stati Uniti, il visto USA pi\u00f9 adatto si chiama J1 e offre diversi programmi.  <\/span><\/p>\n\n<p><span style=\"font-weight: 400;\">Per offrirvi le migliori opportunit\u00e0, in questo articolo ci concentreremo sul visto per tirocini negli Stati Uniti, presentandovi le particolarit\u00e0 e le condizioni del visto J1.<\/span><\/p>\n\n<h2 class=\"wp-block-heading\"><span style=\"font-weight: 400;\">Presentazione del visto J1 per uno stage negli USA<\/span><\/h2>\n\n<p><span style=\"font-weight: 400;\">Molti studenti sognano di fare uno stage internazionale negli Stati Uniti per vivere un&#8217;avventura professionale e concludere gli studi con nuove competenze da inserire nel proprio CV. In effetti, la ricerca di uno stage all&#8217;estero \u00e8 sempre pi\u00f9 riconosciuta e apprezzata dai selezionatori, in particolare per le competenze linguistiche, ma anche per l&#8217;apertura a una cultura diversa dalla propria.  <\/span><\/p>\n\n<p><span style=\"font-weight: 400;\">Per fare uno stage negli Stati Uniti, per un Volontariat International en Entreprise o per studiare negli Stati Uniti presso un&#8217;universit\u00e0 o una scuola secondaria americana. \u00c8 necessario un visto J1 dagli Stati Uniti.<\/span><\/p>\n\n<p><span style=\"font-weight: 400;\">Il visto per stage negli Stati Uniti \u00e8 un visto per non immigrati, cio\u00e8 per soggiorni di breve durata. Per la residenza permanente e quindi per vivere negli Stati Uniti, ci sono i visti per immigrati o la Green Card, che \u00e8 una carta di residenza permanente.<\/span><\/p>\n\n<figure class=\"wp-block-image size-large\"><a href=\"https:\/\/esta-etats-unis.net\/wp-content\/uploads\/2019\/05\/visa-stage-USA.jpeg\"><img loading=\"lazy\" decoding=\"async\" width=\"1024\" height=\"683\" src=\"https:\/\/esta-etats-unis.net\/wp-content\/uploads\/2019\/05\/visa-stage-USA-1024x683.jpeg\" alt=\"Visto J1 stage USA\" class=\"wp-image-279\" srcset=\"https:\/\/esta-etats-unis.net\/wp-content\/uploads\/2019\/05\/visa-stage-USA-1024x683.jpeg 1024w, https:\/\/esta-etats-unis.net\/wp-content\/uploads\/2019\/05\/visa-stage-USA-300x200.jpeg 300w, https:\/\/esta-etats-unis.net\/wp-content\/uploads\/2019\/05\/visa-stage-USA-768x512.jpeg 768w\" sizes=\"auto, (max-width: 1024px) 100vw, 1024px\" \/><\/a><figcaption>Visto americano J1 per uno stage negli Stati Uniti<\/figcaption><\/figure>\n\n<p><span style=\"font-weight: 400;\">Il <\/span><span style=\"font-weight: 400;\">visto di tirocinio USA<\/span><span style=\"font-weight: 400;\"> ha diverse categorie: <\/span> <\/p>\n\n<h3 class=\"wp-block-heading\"><span style=\"font-weight: 400;\">Il visto J1 Trainee  <\/span><\/h3>\n\n<p><span style=\"font-weight: 400;\">Il visto Trainee \u00e8 destinato a laureati da pi\u00f9 di un anno e a professionisti con laurea, certificato professionale o esperienza lavorativa. Lo scopo di questo visto \u00e8 quello di familiarizzare con la cultura americana e di ricevere una formazione relativa al vostro settore di competenza. \u00c8 valido per un periodo da 1 a 18 mesi.  <\/span><\/p>\n\n<h3 class=\"wp-block-heading\"><span style=\"font-weight: 400;\">Il visto J1 Intern<\/span><\/h3>\n\n<p><span style=\"font-weight: 400;\">Si rivolge a studenti universitari internazionali o neolaureati (da meno di un anno) che desiderano avvicinarsi alla cultura americana svolgendo un tirocinio nello stesso settore dei loro studi. \u00c8 valido per un periodo da 1 a 12 mesi.  <\/span><\/p>\n\n<p><span style=\"font-weight: 400;\">In questo articolo ci occupiamo principalmente degli stage negli Stati Uniti, ma \u00e8 possibile andare negli Stati Uniti anche senza essere uno stagista. Grazie agli altri visti J1, professionisti o studenti possono recarsi negli Stati Uniti per diversi motivi: un soggiorno alla pari, un lavoro stagionale, studiare negli Stati Uniti presso un&#8217;universit\u00e0 americana, fare un soggiorno linguistico, essere insegnanti o ricercatori, ecc.<\/span><\/p>\n\n<p><span style=\"font-weight: 400;\">Nota bene: l&#8217;ottenimento del visto J1 consente di ottenere il numero di previdenza sociale e la possibilit\u00e0 di ottenere una patente di guida equivalente.  <\/span><\/p>\n\n<p><span style=\"font-weight: 400;\">Se desiderate svolgere il vostro tirocinio o la vostra formazione con il vostro coniuge o un familiare, ci\u00f2 \u00e8 perfettamente possibile, a condizione che otteniate un visto J2.<\/span><\/p>\n\n<h2 class=\"wp-block-heading\"><span style=\"font-weight: 400;\">Ottenere un visto J1<\/span><\/h2>\n\n<p><span style=\"font-weight: 400;\">Prima di fissare un <a href=\"https:\/\/esta-etats-unis.net\/it\/come-si-richiede-un-visto-allambasciata-statunitense\/\">appuntamento all&#8217;ambasciata americana per il visto<\/a>, \u00e8 bene sapere che il visto J1 si ottiene tramite un&#8217;organizzazione sponsor.  <\/span><\/p>\n\n<h3 class=\"wp-block-heading\"><span style=\"font-weight: 400;\">Come posso trovare uno sponsor?  <\/span><\/h3>\n\n<p><span style=\"font-weight: 400;\">Tutti gli studenti che desiderano trovare un&#8217;azienda e ottenere offerte di stage negli Stati Uniti devono ricorrere a uno sponsor. In effetti, la funzione delle organizzazioni sponsor \u00e8 quella di convalidare lo stage per poter poi richiedere un visto J1.  <\/span><\/p>\n\n<p><span style=\"font-weight: 400;\">In sintesi, si tratta di un passo cruciale per avviare la <\/span><span style=\"font-weight: 400;\">visto di tirocinio. <\/span> <\/p>\n\n<p><span style=\"font-weight: 400;\">L&#8217;organizzazione sponsor si occuper\u00e0 dell&#8217;intero processo di convalida del vostro stage negli Stati Uniti, al fine di rilasciare il modulo DS-2019 o il Certificato di idoneit\u00e0 per lo status di Exchange Visitor J1. Si tratta di un documento legale e nominativo che d\u00e0 accesso al visto J1 presso l&#8217;ambasciata statunitense.  <\/span><\/p>\n\n<p><span style=\"font-weight: 400;\">Molti sponsor sono accreditati dal governo statunitense. Per sapere chi sono gli sponsor ufficiali, vi consigliamo di visitare il <a href=\"https:\/\/travel.state.gov\/content\/travel\/en\/us-visas\/study\/exchange.html\">sito ufficiale del visto J1<\/a>:  <\/span><\/p>\n\n<p><span style=\"font-weight: 400;\">Per evitare problemi, \u00e8 meglio iniziare a cercare uno sponsor e a ottenere un<\/span><span style=\"font-weight: 400;\"> visto di tirocinio USA<\/span><span style=\"font-weight: 400;\">.<\/span><\/p>\n\n<p><span style=\"font-weight: 400;\">Infine, si noti che il servizio di un&#8217;organizzazione sponsor ha un costo. Per darvi un&#8217;idea, aspettatevi di pagare un minimo di 650 euro per uno stage di un mese, 950 euro per uno stage di sei mesi e pi\u00f9 di 1200 euro per uno stage di un anno. Il costo pu\u00f2 variare a seconda dello sponsor scelto e della durata del corso.  <\/span><\/p>\n\n<p><span style=\"font-weight: 400;\">Vi consigliamo di scegliere il vostro sponsor dall&#8217;elenco delle organizzazioni approvate dal governo statunitense, poich\u00e9 scegliere uno sponsor non approvato significa correre il rischio di perdere tempo e denaro senza nemmeno ottenere un visto J1.  <\/span><\/p>\n\n<h3 class=\"wp-block-heading\"><span style=\"font-weight: 400;\">La costituzione della pratica di visto J1 per l&#8217;ambasciata americana<\/span><\/h3>\n\n<p><span style=\"font-weight: 400;\">\u00c8 attraverso lo sponsor che si presenta la domanda di visto all&#8217;ambasciata statunitense.  <\/span><\/p>\n\n<p><span style=\"font-weight: 400;\">\u00c8 importante prepararsi in anticipo all&#8217;appuntamento, poich\u00e9 il colloquio potrebbe essere condotto in inglese, in modo che l&#8217;agente possa valutare il vostro livello linguistico.  <\/span><\/p>\n\n<p><span style=\"font-weight: 400;\">Il file deve includere i seguenti elementi:  <\/span><\/p>\n\n<ul class=\"wp-block-list\"><li style=\"font-weight: 400;\"><span style=\"font-weight: 400;\">il DS 2019 rilasciato dall&#8217;organizzazione promotrice che certifica la partecipazione al programma di scambio;  <\/span><\/li><li style=\"font-weight: 400;\"><span style=\"font-weight: 400;\">DS 7002 per i visti per tirocinanti e stagisti, che funge da contratto di lavoro;  <\/span><\/li><li style=\"font-weight: 400;\"><span style=\"font-weight: 400;\">una fototessera recente di 5&#215;5 cm a colori e su sfondo bianco;<\/span><\/li><li style=\"font-weight: 400;\"><span style=\"font-weight: 400;\">ricevuta del pagamento della tassa di registrazione obbligatoria SEVIS (Student and Exchange Visitor Information System). Alcune ambasciate ricevono il pagamento al momento del colloquio;<\/span><\/li><li style=\"font-weight: 400;\"><span style=\"font-weight: 400;\">un passaporto valido ;<\/span><\/li><li style=\"font-weight: 400;\"><span style=\"font-weight: 400;\">prova di risorse finanziarie sufficienti a sostenere lo scambio;<\/span><\/li><li style=\"font-weight: 400;\"><span style=\"font-weight: 400;\">prova di attaccamento alla Francia o prova dell&#8217;intenzione di lasciare gli Stati Uniti al termine del programma.<\/span><\/li><\/ul>\n\n<p><span style=\"font-weight: 400;\">Se la vostra domanda viene accolta, il viaggio negli Stati Uniti sar\u00e0 vostro<\/span>.<\/p>\n\n<p><span style=\"font-weight: 400;\">Il funzionario consolare conserva il passaporto per aggiungere il visto. Il passaporto vi sar\u00e0 consegnato entro circa 48 ore dal colloquio.  <\/span><\/p>\n\n<p><span style=\"font-weight: 400;\">Il visto J1 non \u00e8 un&#8217;autorizzazione all&#8217;ingresso negli Stati Uniti d&#8217;America, proprio come la <a href=\"https:\/\/esta-etats-unis.net\/it\/perche-richiedere-lesta-prima-di-partire-per-gli-stati-uniti\/\">domanda ESTA<\/a>; solo le autorit\u00e0 americane prendono la decisione finale di farvi entrare negli Stati Uniti.<\/span><\/p>\n","protected":false},"excerpt":{"rendered":"<p>Dopo il diploma di maturit\u00e0 o anche come giovane professionista, \u00e8 possibile recarsi negli Stati Uniti per un massimo di 18 mesi e acquisire nuove esperienze professionali. Per questo tipo di soggiorno negli Stati Uniti, il visto USA pi\u00f9 adatto si chiama J1 e offre diversi programmi. Per offrirvi le migliori opportunit\u00e0, in questo articolo &#8230; <a title=\"Tirocinio con visto J1 negli Stati Uniti: qual \u00e8 la procedura?\" class=\"read-more\" href=\"https:\/\/esta-etats-unis.net\/it\/tirocinio-con-visto-j1-negli-stati-uniti-qual-e-la-procedura\/\" aria-label=\"Per saperne di pi\u00f9 su Tirocinio con visto J1 negli Stati Uniti: qual \u00e8 la procedura?\">Leggi tutto<\/a><\/p>\n","protected":false},"author":1,"featured_media":0,"parent":0,"menu_order":0,"comment_status":"closed","ping_status":"closed","template":"","meta":{"footnotes":""},"class_list":["post-556","page","type-page","status-publish"],"yoast_head":"<!-- This site is optimized with the Yoast SEO plugin v26.2 - https:\/\/yoast.com\/wordpress\/plugins\/seo\/ -->\n<title>Procedure per il visto di stage negli Stati Uniti<\/title>\n<meta name=\"description\" content=\"Siete interessati a fare uno stage all&#039;estero? Per gli Stati Uniti, l&#039;ottenimento di un visto di tirocinio \u00e8 obbligatorio e richiede diverse procedure. Eccoli:\" \/>\n<meta name=\"robots\" content=\"index, follow, max-snippet:-1, max-image-preview:large, max-video-preview:-1\" \/>\n<link rel=\"canonical\" href=\"https:\/\/esta-etats-unis.net\/it\/tirocinio-con-visto-j1-negli-stati-uniti-qual-e-la-procedura\/\" \/>\n<meta property=\"og:locale\" content=\"it_IT\" \/>\n<meta property=\"og:type\" content=\"article\" \/>\n<meta property=\"og:title\" content=\"Procedure per il visto di stage negli Stati Uniti\" \/>\n<meta property=\"og:description\" content=\"Siete interessati a fare uno stage all&#039;estero? Per gli Stati Uniti, l&#039;ottenimento di un visto di tirocinio \u00e8 obbligatorio e richiede diverse procedure. Eccoli:\" \/>\n<meta property=\"og:url\" content=\"https:\/\/esta-etats-unis.net\/it\/tirocinio-con-visto-j1-negli-stati-uniti-qual-e-la-procedura\/\" \/>\n<meta property=\"og:site_name\" content=\"Organizza il tuo viaggio negli Stati Uniti d&#039;America\" \/>\n<meta property=\"article:modified_time\" content=\"2022-07-31T09:13:35+00:00\" \/>\n<meta property=\"og:image\" content=\"https:\/\/esta-etats-unis.net\/wp-content\/uploads\/2019\/05\/visa-stage-USA-1024x683.jpeg\" \/>\n<meta name=\"twitter:label1\" content=\"Tempo di lettura stimato\" \/>\n\t<meta name=\"twitter:data1\" content=\"5 minuti\" \/>\n<script type=\"application\/ld+json\" class=\"yoast-schema-graph\">{\"@context\":\"https:\/\/schema.org\",\"@graph\":[{\"@type\":\"WebPage\",\"@id\":\"https:\/\/esta-etats-unis.net\/it\/tirocinio-con-visto-j1-negli-stati-uniti-qual-e-la-procedura\/\",\"url\":\"https:\/\/esta-etats-unis.net\/it\/tirocinio-con-visto-j1-negli-stati-uniti-qual-e-la-procedura\/\",\"name\":\"Procedure per il visto di stage negli Stati Uniti\",\"isPartOf\":{\"@id\":\"https:\/\/esta-etats-unis.net\/it\/#website\"},\"primaryImageOfPage\":{\"@id\":\"https:\/\/esta-etats-unis.net\/it\/tirocinio-con-visto-j1-negli-stati-uniti-qual-e-la-procedura\/#primaryimage\"},\"image\":{\"@id\":\"https:\/\/esta-etats-unis.net\/it\/tirocinio-con-visto-j1-negli-stati-uniti-qual-e-la-procedura\/#primaryimage\"},\"thumbnailUrl\":\"https:\/\/esta-etats-unis.net\/wp-content\/uploads\/2019\/05\/visa-stage-USA-1024x683.jpeg\",\"datePublished\":\"2019-05-10T07:16:02+00:00\",\"dateModified\":\"2022-07-31T09:13:35+00:00\",\"description\":\"Siete interessati a fare uno stage all'estero? Per gli Stati Uniti, l'ottenimento di un visto di tirocinio \u00e8 obbligatorio e richiede diverse procedure. Eccoli:\",\"inLanguage\":\"it-IT\",\"potentialAction\":[{\"@type\":\"ReadAction\",\"target\":[\"https:\/\/esta-etats-unis.net\/it\/tirocinio-con-visto-j1-negli-stati-uniti-qual-e-la-procedura\/\"]}]},{\"@type\":\"ImageObject\",\"inLanguage\":\"it-IT\",\"@id\":\"https:\/\/esta-etats-unis.net\/it\/tirocinio-con-visto-j1-negli-stati-uniti-qual-e-la-procedura\/#primaryimage\",\"url\":\"https:\/\/esta-etats-unis.net\/wp-content\/uploads\/2019\/05\/visa-stage-USA-1024x683.jpeg\",\"contentUrl\":\"https:\/\/esta-etats-unis.net\/wp-content\/uploads\/2019\/05\/visa-stage-USA-1024x683.jpeg\"},{\"@type\":\"WebSite\",\"@id\":\"https:\/\/esta-etats-unis.net\/it\/#website\",\"url\":\"https:\/\/esta-etats-unis.net\/it\/\",\"name\":\"Organizza il tuo viaggio negli Stati Uniti d'America\",\"description\":\"\",\"potentialAction\":[{\"@type\":\"SearchAction\",\"target\":{\"@type\":\"EntryPoint\",\"urlTemplate\":\"https:\/\/esta-etats-unis.net\/it\/?s={search_term_string}\"},\"query-input\":{\"@type\":\"PropertyValueSpecification\",\"valueRequired\":true,\"valueName\":\"search_term_string\"}}],\"inLanguage\":\"it-IT\"}]}<\/script>\n<!-- \/ Yoast SEO plugin. -->","yoast_head_json":{"title":"Procedure per il visto di stage negli Stati Uniti","description":"Siete interessati a fare uno stage all'estero? Per gli Stati Uniti, l'ottenimento di un visto di tirocinio \u00e8 obbligatorio e richiede diverse procedure. Eccoli:","robots":{"index":"index","follow":"follow","max-snippet":"max-snippet:-1","max-image-preview":"max-image-preview:large","max-video-preview":"max-video-preview:-1"},"canonical":"https:\/\/esta-etats-unis.net\/it\/tirocinio-con-visto-j1-negli-stati-uniti-qual-e-la-procedura\/","og_locale":"it_IT","og_type":"article","og_title":"Procedure per il visto di stage negli Stati Uniti","og_description":"Siete interessati a fare uno stage all'estero? Per gli Stati Uniti, l'ottenimento di un visto di tirocinio \u00e8 obbligatorio e richiede diverse procedure. Eccoli:","og_url":"https:\/\/esta-etats-unis.net\/it\/tirocinio-con-visto-j1-negli-stati-uniti-qual-e-la-procedura\/","og_site_name":"Organizza il tuo viaggio negli Stati Uniti d'America","article_modified_time":"2022-07-31T09:13:35+00:00","og_image":[{"url":"https:\/\/esta-etats-unis.net\/wp-content\/uploads\/2019\/05\/visa-stage-USA-1024x683.jpeg","type":"","width":"","height":""}],"twitter_misc":{"Tempo di lettura stimato":"5 minuti"},"schema":{"@context":"https:\/\/schema.org","@graph":[{"@type":"WebPage","@id":"https:\/\/esta-etats-unis.net\/it\/tirocinio-con-visto-j1-negli-stati-uniti-qual-e-la-procedura\/","url":"https:\/\/esta-etats-unis.net\/it\/tirocinio-con-visto-j1-negli-stati-uniti-qual-e-la-procedura\/","name":"Procedure per il visto di stage negli Stati Uniti","isPartOf":{"@id":"https:\/\/esta-etats-unis.net\/it\/#website"},"primaryImageOfPage":{"@id":"https:\/\/esta-etats-unis.net\/it\/tirocinio-con-visto-j1-negli-stati-uniti-qual-e-la-procedura\/#primaryimage"},"image":{"@id":"https:\/\/esta-etats-unis.net\/it\/tirocinio-con-visto-j1-negli-stati-uniti-qual-e-la-procedura\/#primaryimage"},"thumbnailUrl":"https:\/\/esta-etats-unis.net\/wp-content\/uploads\/2019\/05\/visa-stage-USA-1024x683.jpeg","datePublished":"2019-05-10T07:16:02+00:00","dateModified":"2022-07-31T09:13:35+00:00","description":"Siete interessati a fare uno stage all'estero? Per gli Stati Uniti, l'ottenimento di un visto di tirocinio \u00e8 obbligatorio e richiede diverse procedure. Eccoli:","inLanguage":"it-IT","potentialAction":[{"@type":"ReadAction","target":["https:\/\/esta-etats-unis.net\/it\/tirocinio-con-visto-j1-negli-stati-uniti-qual-e-la-procedura\/"]}]},{"@type":"ImageObject","inLanguage":"it-IT","@id":"https:\/\/esta-etats-unis.net\/it\/tirocinio-con-visto-j1-negli-stati-uniti-qual-e-la-procedura\/#primaryimage","url":"https:\/\/esta-etats-unis.net\/wp-content\/uploads\/2019\/05\/visa-stage-USA-1024x683.jpeg","contentUrl":"https:\/\/esta-etats-unis.net\/wp-content\/uploads\/2019\/05\/visa-stage-USA-1024x683.jpeg"},{"@type":"WebSite","@id":"https:\/\/esta-etats-unis.net\/it\/#website","url":"https:\/\/esta-etats-unis.net\/it\/","name":"Organizza il tuo viaggio negli Stati Uniti d'America","description":"","potentialAction":[{"@type":"SearchAction","target":{"@type":"EntryPoint","urlTemplate":"https:\/\/esta-etats-unis.net\/it\/?s={search_term_string}"},"query-input":{"@type":"PropertyValueSpecification","valueRequired":true,"valueName":"search_term_string"}}],"inLanguage":"it-IT"}]}},"_links":{"self":[{"href":"https:\/\/esta-etats-unis.net\/it\/wp-json\/wp\/v2\/pages\/556","targetHints":{"allow":["GET"]}}],"collection":[{"href":"https:\/\/esta-etats-unis.net\/it\/wp-json\/wp\/v2\/pages"}],"about":[{"href":"https:\/\/esta-etats-unis.net\/it\/wp-json\/wp\/v2\/types\/page"}],"author":[{"embeddable":true,"href":"https:\/\/esta-etats-unis.net\/it\/wp-json\/wp\/v2\/users\/1"}],"replies":[{"embeddable":true,"href":"https:\/\/esta-etats-unis.net\/it\/wp-json\/wp\/v2\/comments?post=556"}],"version-history":[{"count":1,"href":"https:\/\/esta-etats-unis.net\/it\/wp-json\/wp\/v2\/pages\/556\/revisions"}],"predecessor-version":[{"id":559,"href":"https:\/\/esta-etats-unis.net\/it\/wp-json\/wp\/v2\/pages\/556\/revisions\/559"}],"wp:attachment":[{"href":"https:\/\/esta-etats-unis.net\/it\/wp-json\/wp\/v2\/media?parent=556"}],"curies":[{"name":"wp","href":"https:\/\/api.w.org\/{rel}","templated":true}]}}