{"id":548,"date":"2014-11-17T22:01:24","date_gmt":"2014-11-17T21:01:24","guid":{"rendered":"https:\/\/esta-etats-unis.net\/raggiungere-gli-stati-uniti-in-aereo-o-in-nave\/"},"modified":"2024-10-09T08:59:56","modified_gmt":"2024-10-09T07:59:56","slug":"raggiungere-gli-stati-uniti-in-aereo-o-in-nave","status":"publish","type":"page","link":"https:\/\/esta-etats-unis.net\/it\/raggiungere-gli-stati-uniti-in-aereo-o-in-nave\/","title":{"rendered":"Raggiungere gli Stati Uniti in aereo o in nave"},"content":{"rendered":"\n<p>I cittadini dei Paesi aderenti al Programma Viaggio senza Visto (VWP) possono recarsi negli Stati Uniti senza visto per soggiorni fino a 90 giorni. Tutti i visitatori che entrano negli Stati Uniti senza visto devono ottenere l<a href=\"https:\/\/esta-etats-unis.net\/it\/formalita-esta-per-il-vostro-viaggio-negli-usa\/\">&#8216;ESTA<\/a>, un&#8217;autorizzazione di viaggio rilasciata online per rafforzare le misure di sicurezza. <\/p>\n\n<h2 class=\"wp-block-heading\">Viaggiatori esenti da visto per gli Stati Uniti<\/h2>\n\n<p>Dal 2009, in seguito all&#8217;introduzione del Programma Viaggio senza Visto, 41 Paesi hanno beneficiato dell&#8217;esenzione dal visto per recarsi negli Stati Uniti. Tuttavia, l&#8217;accesso al territorio statunitense non \u00e8 automatico. Tutti i viaggiatori provenienti da questi Paesi devono ottenere in anticipo l&#8217;autorizzazione elettronica al viaggio ESTA. Questa procedura \u00e8 stata creata per controllare e verificare l&#8217;identit\u00e0 dei visitatori prima ancora che arrivino sul territorio americano.<\/p>\n\n<p>L&#8217;accesso sar\u00e0 quindi rifiutato alle persone a rischio, che potrebbero danneggiare la sicurezza nazionale o che rappresentano una minaccia per la salute pubblica, nonch\u00e9 a coloro che non hanno <a href=\"https:\/\/esta-etats-unis.net\/it\/come-compilare-il-modulo-esta-per-recarsi-negli-stati-uniti\/\">compilato correttamente il<\/a> modulo di richiesta ESTA. Tuttavia, va notato che questa autorizzazione elettronica \u00e8 valida solo per 2 anni. La durata massima di ogni soggiorno negli Stati Uniti \u00e8 di 90 giorni, indipendentemente dal motivo: turismo, affari o transito.<\/p>\n\n<p>I mezzi di trasporto consentiti per recarsi negli Stati Uniti con un&#8217;ESTA sono: mare, aria e, dal 2022, terra. \u00c8 obbligatorio utilizzare compagnie aeree e marittime riconosciute dalle autorit\u00e0 statunitensi. Per prepararsi correttamente al viaggio negli Stati Uniti, \u00e8 utile scoprire quali sono le aziende che hanno ottenuto l&#8217;autorizzazione.<\/p>\n\n<h2 class=\"wp-block-heading\">Ottenere un ESTA USA per un viaggio negli USA<\/h2>\n\n<p>Per richiedere l&#8217;ESTA e soggiornare negli Stati Uniti, il viaggiatore deve innanzitutto disporre di un <a href=\"https:\/\/esta-etats-unis.net\/it\/di-quale-passaporto-ho-bisogno-per-ottenere-un-esta-o-un-visto\/\">passaporto valido<\/a> che soddisfi i requisiti del governo statunitense, pertanto \u00e8 importante verificare la validit\u00e0 del passaporto. I passaporti ammessi sono quindi i nuovi passaporti biometrici e i passaporti elettronici. Il numero di passaporto consente di richiedere l&#8217;ESTA online e sar\u00e0 associato alla domanda.<\/p>\n\n<p>Successivamente, dovrai presentare una <a href=\"https:\/\/document-esta.com\/it\/\">domanda ESTA<\/a> sul <a href=\"https:\/\/esta.cbp.dhs.gov\/\">sito ufficiale del governo statunitense<\/a>.<\/p>\n\n<p>Durante i 2 anni di validit\u00e0 del documento ESTA, \u00e8 possibile aggiornare alcune informazioni e seguire la pratica. Le informazioni richieste sono principalmente quelle relative all&#8217;identit\u00e0 del viaggiatore e al passaporto. Il pagamento con carta di credito consente di presentare la domanda online. Se il modulo ESTA corrisponde alle aspettative delle autorit\u00e0 americane, viene rilasciato entro 72 ore dalla presentazione della domanda. Se si viene respinti, ci sono due possibilit\u00e0: o il rifiuto \u00e8 dovuto a un semplice errore nel modulo, nel qual caso \u00e8 possibile presentare una nuova domanda, oppure non si soddisfano tutti i criteri di ammissibilit\u00e0. Per poter visitare gli Stati Uniti rimane una sola soluzione: <a href=\"https:\/\/esta-etats-unis.net\/it\/come-si-richiede-un-visto-allambasciata-statunitense\/\">richiedere un visto USA presso l&#8217;ambasciata statunitense<\/a>.<\/p>\n\n<p>Con l&#8217;ESTA o il visto americano in vostro possesso, potrete recarvi negli Stati Uniti pi\u00f9 volte nell&#8217;arco di due anni per visitare diverse citt\u00e0 americane, scoprire la Death Valley, i vari parchi nazionali, il Golden Gate Bridge, le cascate del Niagara o la Statua della Libert\u00e0. Un ottimo modo per immergersi nella cultura americana.<\/p>\n","protected":false},"excerpt":{"rendered":"<p>I cittadini dei Paesi aderenti al Programma Viaggio senza Visto (VWP) possono recarsi negli Stati Uniti senza visto per soggiorni fino a 90 giorni. Tutti i visitatori che entrano negli Stati Uniti senza visto devono ottenere l&#8216;ESTA, un&#8217;autorizzazione di viaggio rilasciata online per rafforzare le misure di sicurezza. Viaggiatori esenti da visto per gli Stati &#8230; <a title=\"Raggiungere gli Stati Uniti in aereo o in nave\" class=\"read-more\" href=\"https:\/\/esta-etats-unis.net\/it\/raggiungere-gli-stati-uniti-in-aereo-o-in-nave\/\" aria-label=\"Per saperne di pi\u00f9 su Raggiungere gli Stati Uniti in aereo o in nave\">Leggi tutto<\/a><\/p>\n","protected":false},"author":1,"featured_media":0,"parent":0,"menu_order":0,"comment_status":"closed","ping_status":"closed","template":"","meta":{"footnotes":""},"class_list":["post-548","page","type-page","status-publish"],"yoast_head":"<!-- This site is optimized with the Yoast SEO plugin v26.2 - https:\/\/yoast.com\/wordpress\/plugins\/seo\/ -->\n<title>Viaggiare negli Stati Uniti in aereo o in nave con l&#039;ESTA<\/title>\n<meta name=\"description\" content=\"Prima di partire per gli Stati Uniti, \u00e8 necessario preparare il viaggio. \u00c8 possibile recarsi negli Stati Uniti in aereo o in nave con l&#039;ESTA? La risposta \u00e8 qui.\" \/>\n<meta name=\"robots\" content=\"index, follow, max-snippet:-1, max-image-preview:large, max-video-preview:-1\" \/>\n<link rel=\"canonical\" href=\"https:\/\/esta-etats-unis.net\/it\/raggiungere-gli-stati-uniti-in-aereo-o-in-nave\/\" \/>\n<meta property=\"og:locale\" content=\"it_IT\" \/>\n<meta property=\"og:type\" content=\"article\" \/>\n<meta property=\"og:title\" content=\"Viaggiare negli Stati Uniti in aereo o in nave con l&#039;ESTA\" \/>\n<meta property=\"og:description\" content=\"Prima di partire per gli Stati Uniti, \u00e8 necessario preparare il viaggio. \u00c8 possibile recarsi negli Stati Uniti in aereo o in nave con l&#039;ESTA? La risposta \u00e8 qui.\" \/>\n<meta property=\"og:url\" content=\"https:\/\/esta-etats-unis.net\/it\/raggiungere-gli-stati-uniti-in-aereo-o-in-nave\/\" \/>\n<meta property=\"og:site_name\" content=\"Organizza il tuo viaggio negli Stati Uniti d&#039;America\" \/>\n<meta property=\"article:modified_time\" content=\"2024-10-09T07:59:56+00:00\" \/>\n<meta name=\"twitter:label1\" content=\"Tempo di lettura stimato\" \/>\n\t<meta name=\"twitter:data1\" content=\"2 minuti\" \/>\n<script type=\"application\/ld+json\" class=\"yoast-schema-graph\">{\"@context\":\"https:\/\/schema.org\",\"@graph\":[{\"@type\":\"WebPage\",\"@id\":\"https:\/\/esta-etats-unis.net\/it\/raggiungere-gli-stati-uniti-in-aereo-o-in-nave\/\",\"url\":\"https:\/\/esta-etats-unis.net\/it\/raggiungere-gli-stati-uniti-in-aereo-o-in-nave\/\",\"name\":\"Viaggiare negli Stati Uniti in aereo o in nave con l'ESTA\",\"isPartOf\":{\"@id\":\"https:\/\/esta-etats-unis.net\/it\/#website\"},\"datePublished\":\"2014-11-17T21:01:24+00:00\",\"dateModified\":\"2024-10-09T07:59:56+00:00\",\"description\":\"Prima di partire per gli Stati Uniti, \u00e8 necessario preparare il viaggio. \u00c8 possibile recarsi negli Stati Uniti in aereo o in nave con l'ESTA? La risposta \u00e8 qui.\",\"inLanguage\":\"it-IT\",\"potentialAction\":[{\"@type\":\"ReadAction\",\"target\":[\"https:\/\/esta-etats-unis.net\/it\/raggiungere-gli-stati-uniti-in-aereo-o-in-nave\/\"]}]},{\"@type\":\"WebSite\",\"@id\":\"https:\/\/esta-etats-unis.net\/it\/#website\",\"url\":\"https:\/\/esta-etats-unis.net\/it\/\",\"name\":\"Organizza il tuo viaggio negli Stati Uniti d'America\",\"description\":\"\",\"potentialAction\":[{\"@type\":\"SearchAction\",\"target\":{\"@type\":\"EntryPoint\",\"urlTemplate\":\"https:\/\/esta-etats-unis.net\/it\/?s={search_term_string}\"},\"query-input\":{\"@type\":\"PropertyValueSpecification\",\"valueRequired\":true,\"valueName\":\"search_term_string\"}}],\"inLanguage\":\"it-IT\"}]}<\/script>\n<!-- \/ Yoast SEO plugin. -->","yoast_head_json":{"title":"Viaggiare negli Stati Uniti in aereo o in nave con l'ESTA","description":"Prima di partire per gli Stati Uniti, \u00e8 necessario preparare il viaggio. \u00c8 possibile recarsi negli Stati Uniti in aereo o in nave con l'ESTA? La risposta \u00e8 qui.","robots":{"index":"index","follow":"follow","max-snippet":"max-snippet:-1","max-image-preview":"max-image-preview:large","max-video-preview":"max-video-preview:-1"},"canonical":"https:\/\/esta-etats-unis.net\/it\/raggiungere-gli-stati-uniti-in-aereo-o-in-nave\/","og_locale":"it_IT","og_type":"article","og_title":"Viaggiare negli Stati Uniti in aereo o in nave con l'ESTA","og_description":"Prima di partire per gli Stati Uniti, \u00e8 necessario preparare il viaggio. \u00c8 possibile recarsi negli Stati Uniti in aereo o in nave con l'ESTA? La risposta \u00e8 qui.","og_url":"https:\/\/esta-etats-unis.net\/it\/raggiungere-gli-stati-uniti-in-aereo-o-in-nave\/","og_site_name":"Organizza il tuo viaggio negli Stati Uniti d'America","article_modified_time":"2024-10-09T07:59:56+00:00","twitter_misc":{"Tempo di lettura stimato":"2 minuti"},"schema":{"@context":"https:\/\/schema.org","@graph":[{"@type":"WebPage","@id":"https:\/\/esta-etats-unis.net\/it\/raggiungere-gli-stati-uniti-in-aereo-o-in-nave\/","url":"https:\/\/esta-etats-unis.net\/it\/raggiungere-gli-stati-uniti-in-aereo-o-in-nave\/","name":"Viaggiare negli Stati Uniti in aereo o in nave con l'ESTA","isPartOf":{"@id":"https:\/\/esta-etats-unis.net\/it\/#website"},"datePublished":"2014-11-17T21:01:24+00:00","dateModified":"2024-10-09T07:59:56+00:00","description":"Prima di partire per gli Stati Uniti, \u00e8 necessario preparare il viaggio. \u00c8 possibile recarsi negli Stati Uniti in aereo o in nave con l'ESTA? La risposta \u00e8 qui.","inLanguage":"it-IT","potentialAction":[{"@type":"ReadAction","target":["https:\/\/esta-etats-unis.net\/it\/raggiungere-gli-stati-uniti-in-aereo-o-in-nave\/"]}]},{"@type":"WebSite","@id":"https:\/\/esta-etats-unis.net\/it\/#website","url":"https:\/\/esta-etats-unis.net\/it\/","name":"Organizza il tuo viaggio negli Stati Uniti d'America","description":"","potentialAction":[{"@type":"SearchAction","target":{"@type":"EntryPoint","urlTemplate":"https:\/\/esta-etats-unis.net\/it\/?s={search_term_string}"},"query-input":{"@type":"PropertyValueSpecification","valueRequired":true,"valueName":"search_term_string"}}],"inLanguage":"it-IT"}]}},"_links":{"self":[{"href":"https:\/\/esta-etats-unis.net\/it\/wp-json\/wp\/v2\/pages\/548","targetHints":{"allow":["GET"]}}],"collection":[{"href":"https:\/\/esta-etats-unis.net\/it\/wp-json\/wp\/v2\/pages"}],"about":[{"href":"https:\/\/esta-etats-unis.net\/it\/wp-json\/wp\/v2\/types\/page"}],"author":[{"embeddable":true,"href":"https:\/\/esta-etats-unis.net\/it\/wp-json\/wp\/v2\/users\/1"}],"replies":[{"embeddable":true,"href":"https:\/\/esta-etats-unis.net\/it\/wp-json\/wp\/v2\/comments?post=548"}],"version-history":[{"count":6,"href":"https:\/\/esta-etats-unis.net\/it\/wp-json\/wp\/v2\/pages\/548\/revisions"}],"predecessor-version":[{"id":811,"href":"https:\/\/esta-etats-unis.net\/it\/wp-json\/wp\/v2\/pages\/548\/revisions\/811"}],"wp:attachment":[{"href":"https:\/\/esta-etats-unis.net\/it\/wp-json\/wp\/v2\/media?parent=548"}],"curies":[{"name":"wp","href":"https:\/\/api.w.org\/{rel}","templated":true}]}}