{"id":540,"date":"2019-06-06T12:54:37","date_gmt":"2019-06-06T11:54:37","guid":{"rendered":"https:\/\/esta-etats-unis.net\/formalita-esta-per-il-vostro-viaggio-negli-usa\/cosa-fare-se-si-perde-lautorizzazione-esta\/"},"modified":"2024-10-11T08:20:40","modified_gmt":"2024-10-11T07:20:40","slug":"cosa-fare-se-si-perde-lautorizzazione-esta","status":"publish","type":"page","link":"https:\/\/esta-etats-unis.net\/it\/formalita-esta-per-il-vostro-viaggio-negli-usa\/cosa-fare-se-si-perde-lautorizzazione-esta\/","title":{"rendered":"Cosa fare se si perde l&#8217;autorizzazione ESTA?"},"content":{"rendered":"\n<p><span style=\"font-weight: 400;\">Il vostro viaggio negli Stati Uniti si avvicina rapidamente, ma dopo molte ricerche non riuscite a trovare la vostra autorizzazione di viaggio ESTA? \u00c8 molto facile ritrovare un ESTA smarrito. In questo articolo troverete tutti i passaggi necessari per ottenere l&#8217;Autorizzazione temporanea di viaggio e viaggiare negli Stati Uniti senza stress.  <\/span><\/p>\n\n<h2 class=\"wp-block-heading\"><span style=\"font-weight: 400;\">Devo rifare la domanda se perdo l&#8217;ESTA?  <\/span><\/h2>\n\n<p><span style=\"font-weight: 400;\">Come suggerisce il nome, l&#8217;ESTA \u00e8 un&#8217;autorizzazione di viaggio elettronica. Per questo motivo, a differenza del <a href=\"https:\/\/esta-etats-unis.net\/it\/come-scegliere-il-visto-per-gli-stati-uniti\/\">visto statunitense<\/a>, non esiste una versione cartacea dell&#8217;ESTA. In caso di smarrimento dell&#8217;ESTA, non \u00e8 necessario cercare questo documento di viaggio in tutta la casa, ma \u00e8 sufficiente recuperare l&#8217;autorizzazione online. Non \u00e8 quindi necessario recarsi all&#8217;Ambasciata o al Consolato generale americano come nel caso di un visto smarrito. \u00c8 sufficiente avere un passaporto valido e una connessione a Internet!<\/span><\/p>\n\n<p>Per recuperare un&#8217;ESTA smarrita, devi essere in possesso del <a href=\"https:\/\/esta-etats-unis.net\/it\/di-quale-passaporto-ho-bisogno-per-ottenere-un-esta-o-un-visto\/\">passaporto biometrico<\/a> (o passaporto elettronico) con cui hai presentato la domanda online. Ogni ESTA \u00e8 collegato al passaporto del viaggiatore tramite un chip informatico. Prima di partire per gli Stati Uniti, gli addetti al controllo scansioneranno il vostro documento d&#8217;identit\u00e0 per verificare che l&#8217;autorizzazione al viaggio sia valida. Di conseguenza, se hai rinnovato il passaporto dopo la richiesta dell&#8217;ESTA, \u00e8 inutile cercare di recuperare l&#8217;ESTA perduto, perch\u00e9 non potrai accedervi. Dovrete presentare la domanda con il nuovo passaporto e seguire la stessa procedura della prima volta.<\/p>\n\n<p><span style=\"font-weight: 400;\">Vediamo la procedura per recuperare un <a href=\"https:\/\/www.stlandryparishgovernment.org\">documento ESTA<\/a> smarrito.<\/span><\/p>\n\n<figure class=\"wp-block-image size-full is-resized\"><a href=\"https:\/\/esta-etats-unis.net\/wp-content\/uploads\/2019\/06\/ESTA-perdu.jpg\"><img loading=\"lazy\" decoding=\"async\" width=\"960\" height=\"593\" src=\"https:\/\/esta-etats-unis.net\/wp-content\/uploads\/2019\/06\/ESTA-perdu.jpg\" alt=\"perdita dell'autorizzazione ESTA\" class=\"wp-image-298\" style=\"width:720px;height:445px\" srcset=\"https:\/\/esta-etats-unis.net\/wp-content\/uploads\/2019\/06\/ESTA-perdu.jpg 960w, https:\/\/esta-etats-unis.net\/wp-content\/uploads\/2019\/06\/ESTA-perdu-300x185.jpg 300w, https:\/\/esta-etats-unis.net\/wp-content\/uploads\/2019\/06\/ESTA-perdu-768x474.jpg 768w\" sizes=\"auto, (max-width: 960px) 100vw, 960px\" \/><\/a><figcaption class=\"wp-element-caption\">Cosa fare se si perde l&#8217;ESTA<\/figcaption><\/figure>\n\n<h2 class=\"wp-block-heading\"><span style=\"font-weight: 400;\">Recuperare facilmente un oggetto smarrito<\/span><span style=\"font-weight: 400;\"> file ESTA perso<\/span><\/h2>\n\n<h3 class=\"wp-block-heading\"><span style=\"font-weight: 400;\">Trovare il numero di domanda ESTA  <\/span><\/h3>\n\n<p><span style=\"font-weight: 400;\">Per recuperare un file ESTA smarrito, \u00e8 necessario innanzitutto disporre del numero di domanda. Questo identificatore viene sistematicamente comunicato dalle autorit\u00e0 americane al momento della convalida della domanda ESTA online. \u00c8 quindi importante che lo si noti quando viene visualizzata la pagina di conferma dell&#8217;ordine.<\/span><\/p>\n\n<p>Hai trovato il tuo numero di pratica ESTA smarrito? Allora puoi passare alla fase successiva! <\/p>\n\n<h3 class=\"wp-block-heading\"><span style=\"font-weight: 400;\">Accesso al file ESTA  <\/span><\/h3>\n\n<p><span style=\"font-weight: 400;\">A tal fine, \u00e8 sufficiente visitare il sito ufficiale dell&#8217;<a href=\"https:\/\/esta.cbp.dhs.gov\/\">U.S. Customs and Border Protection<\/a>, la piattaforma da cui \u00e8 stata effettuata la richiesta. Una volta arrivati alla homepage, \u00e8 sufficiente fare clic sulla scheda &#8220;verifica applicazione esistente&#8221;. Per recuperare un file ESTA smarrito, sono necessari tre elementi:  <\/span><\/p>\n\n<ul class=\"wp-block-list\">\n<li><span style=\"font-weight: 400;\">Numero di domanda ESTA;  <\/span><\/li>\n\n\n\n<li><span style=\"font-weight: 400;\">il numero di passaporto registrato al momento della compilazione del modulo online;  <\/span><\/li>\n\n\n\n<li><span style=\"font-weight: 400;\">la data di nascita del viaggiatore.  <\/span><\/li>\n<\/ul>\n\n<p><span style=\"font-weight: 400;\">  Se tutte queste informazioni sono corrette, l&#8217;accesso al vostro file ESTA smarrito non dovrebbe essere un problema. Una volta effettuato l&#8217;accesso al vostro spazio personale, avrete una panoramica del vostro ESTA. La prima cosa da fare \u00e8 controllare la validit\u00e0 del <a href=\"https:\/\/esta-etats-unis.net\/it\/formalita-esta-per-il-vostro-viaggio-negli-usa\/\">documento di viaggio negli Stati Uniti<\/a>.  <\/span><\/p>\n\n<h3 class=\"wp-block-heading\"><span style=\"font-weight: 400;\">Controllare la validit\u00e0 dell&#8217;ESTA<\/span><\/h3>\n\n<p><span style=\"font-weight: 400;\">Innanzitutto, assicurati che tutte le informazioni contenute nel <a href=\"https:\/\/esta-etats-unis.net\/it\/che-aspetto-ha-il-modulo-esta\/\">modulo ESTA<\/a> siano aggiornate, altrimenti potrebbe esserti negato l&#8217;ingresso negli Stati Uniti. Se si scopre che le informazioni contenute nel documento non sono aggiornate (ad eccezione dell&#8217;indirizzo e-mail e dell&#8217;indirizzo di residenza negli Stati Uniti), non si potr\u00e0 fare altro che ripresentare la domanda e pagare nuovamente la tassa ESTA. Verificate inoltre che le informazioni riportate sull&#8217;ESTA corrispondano in tutto e per tutto al vostro passaporto (ad esempio, cognome, nome, indirizzo, ecc.).  <\/span><\/p>\n\n<p><span style=\"font-weight: 400;\">\u00c8 poi importante controllare la data di scadenza del documento di viaggio. L&#8217;esenzione dal visto \u00e8 valida per due anni, quindi se avete fatto domanda pi\u00f9 di 24 mesi fa, i funzionari doganali statunitensi vi impediranno di entrare negli Stati Uniti. \u00c8 quindi necessario rinnovare l&#8217;ESTA in anticipo. Per evitare qualsiasi delusione prima dell&#8217;imbarco, vi consigliamo di anticipare questo passaggio. Si noti che se la <a href=\"https:\/\/esta-etats-unis.net\/it\/perche-richiedere-lesta-prima-di-partire-per-gli-stati-uniti\/\">domanda ESTA<\/a> \u00e8 gi\u00e0 stata approvata in passato, ci\u00f2 non significa che sar\u00e0 approvata di nuovo quando si presenter\u00e0 una nuova domanda. Se quest&#8217;ultimo viene rifiutato, dovrete richiedere un visto all&#8217;ambasciata statunitense.<\/span><\/p>\n\n<p><span style=\"font-weight: 400;\">Se il vostro ESTA \u00e8 ancora valido e lo sar\u00e0 per tutta la durata del vostro soggiorno negli Stati Uniti d&#8217;America, non dovete fare altro che finire di preparare la vostra visita.  <\/span><\/p>\n\n<h2 class=\"wp-block-heading\">Cosa devo fare se perdo il mio numero di domanda ESTA?<\/h2>\n\n<p>I cittadini stranieri che desiderano recarsi negli Stati Uniti spesso non riescono a trovare il proprio numero di domanda ESTA. In questo caso, la procedura per ritrovare l&#8217;ESTA smarrito \u00e8 praticamente identica a quella descritta sopra: dovrai semplicemente inserire alcuni dati aggiuntivi (nazionalit\u00e0, data di emissione del passaporto e data di scadenza).<\/p>\n","protected":false},"excerpt":{"rendered":"<p>Il vostro viaggio negli Stati Uniti si avvicina rapidamente, ma dopo molte ricerche non riuscite a trovare la vostra autorizzazione di viaggio ESTA? \u00c8 molto facile ritrovare un ESTA smarrito. In questo articolo troverete tutti i passaggi necessari per ottenere l&#8217;Autorizzazione temporanea di viaggio e viaggiare negli Stati Uniti senza stress. Devo rifare la domanda &#8230; <a title=\"Cosa fare se si perde l&#8217;autorizzazione ESTA?\" class=\"read-more\" href=\"https:\/\/esta-etats-unis.net\/it\/formalita-esta-per-il-vostro-viaggio-negli-usa\/cosa-fare-se-si-perde-lautorizzazione-esta\/\" aria-label=\"Per saperne di pi\u00f9 su Cosa fare se si perde l&#8217;autorizzazione ESTA?\">Leggi tutto<\/a><\/p>\n","protected":false},"author":1,"featured_media":0,"parent":474,"menu_order":0,"comment_status":"closed","ping_status":"closed","template":"","meta":{"footnotes":""},"class_list":["post-540","page","type-page","status-publish"],"yoast_head":"<!-- This site is optimized with the Yoast SEO plugin v26.2 - https:\/\/yoast.com\/wordpress\/plugins\/seo\/ -->\n<title>Come ritrovare l&#039;ESTA smarrito<\/title>\n<meta name=\"description\" content=\"Avete richiesto l&#039;ESTA per recarvi negli Stati Uniti ma non riuscite pi\u00f9 a trovare la vostra autorizzazione: ritrovate l&#039;ESTA smarrito.\" \/>\n<meta name=\"robots\" content=\"index, follow, max-snippet:-1, max-image-preview:large, max-video-preview:-1\" \/>\n<link rel=\"canonical\" href=\"https:\/\/esta-etats-unis.net\/it\/formalita-esta-per-il-vostro-viaggio-negli-usa\/cosa-fare-se-si-perde-lautorizzazione-esta\/\" \/>\n<meta property=\"og:locale\" content=\"it_IT\" \/>\n<meta property=\"og:type\" content=\"article\" \/>\n<meta property=\"og:title\" content=\"Come ritrovare l&#039;ESTA smarrito\" \/>\n<meta property=\"og:description\" content=\"Avete richiesto l&#039;ESTA per recarvi negli Stati Uniti ma non riuscite pi\u00f9 a trovare la vostra autorizzazione: ritrovate l&#039;ESTA smarrito.\" \/>\n<meta property=\"og:url\" content=\"https:\/\/esta-etats-unis.net\/it\/formalita-esta-per-il-vostro-viaggio-negli-usa\/cosa-fare-se-si-perde-lautorizzazione-esta\/\" \/>\n<meta property=\"og:site_name\" content=\"Organizza il tuo viaggio negli Stati Uniti d&#039;America\" \/>\n<meta property=\"article:modified_time\" content=\"2024-10-11T07:20:40+00:00\" \/>\n<meta property=\"og:image\" content=\"https:\/\/esta-etats-unis.net\/wp-content\/uploads\/2019\/06\/ESTA-perdu.jpg\" \/>\n\t<meta property=\"og:image:width\" content=\"960\" \/>\n\t<meta property=\"og:image:height\" content=\"593\" \/>\n\t<meta property=\"og:image:type\" content=\"image\/jpeg\" \/>\n<meta name=\"twitter:label1\" content=\"Tempo di lettura stimato\" \/>\n\t<meta name=\"twitter:data1\" content=\"3 minuti\" \/>\n<script type=\"application\/ld+json\" class=\"yoast-schema-graph\">{\"@context\":\"https:\/\/schema.org\",\"@graph\":[{\"@type\":\"WebPage\",\"@id\":\"https:\/\/esta-etats-unis.net\/it\/formalita-esta-per-il-vostro-viaggio-negli-usa\/cosa-fare-se-si-perde-lautorizzazione-esta\/\",\"url\":\"https:\/\/esta-etats-unis.net\/it\/formalita-esta-per-il-vostro-viaggio-negli-usa\/cosa-fare-se-si-perde-lautorizzazione-esta\/\",\"name\":\"Come ritrovare l'ESTA smarrito\",\"isPartOf\":{\"@id\":\"https:\/\/esta-etats-unis.net\/it\/#website\"},\"primaryImageOfPage\":{\"@id\":\"https:\/\/esta-etats-unis.net\/it\/formalita-esta-per-il-vostro-viaggio-negli-usa\/cosa-fare-se-si-perde-lautorizzazione-esta\/#primaryimage\"},\"image\":{\"@id\":\"https:\/\/esta-etats-unis.net\/it\/formalita-esta-per-il-vostro-viaggio-negli-usa\/cosa-fare-se-si-perde-lautorizzazione-esta\/#primaryimage\"},\"thumbnailUrl\":\"https:\/\/esta-etats-unis.net\/wp-content\/uploads\/2019\/06\/ESTA-perdu.jpg\",\"datePublished\":\"2019-06-06T11:54:37+00:00\",\"dateModified\":\"2024-10-11T07:20:40+00:00\",\"description\":\"Avete richiesto l'ESTA per recarvi negli Stati Uniti ma non riuscite pi\u00f9 a trovare la vostra autorizzazione: ritrovate l'ESTA smarrito.\",\"breadcrumb\":{\"@id\":\"https:\/\/esta-etats-unis.net\/it\/formalita-esta-per-il-vostro-viaggio-negli-usa\/cosa-fare-se-si-perde-lautorizzazione-esta\/#breadcrumb\"},\"inLanguage\":\"it-IT\",\"potentialAction\":[{\"@type\":\"ReadAction\",\"target\":[\"https:\/\/esta-etats-unis.net\/it\/formalita-esta-per-il-vostro-viaggio-negli-usa\/cosa-fare-se-si-perde-lautorizzazione-esta\/\"]}]},{\"@type\":\"ImageObject\",\"inLanguage\":\"it-IT\",\"@id\":\"https:\/\/esta-etats-unis.net\/it\/formalita-esta-per-il-vostro-viaggio-negli-usa\/cosa-fare-se-si-perde-lautorizzazione-esta\/#primaryimage\",\"url\":\"https:\/\/esta-etats-unis.net\/wp-content\/uploads\/2019\/06\/ESTA-perdu.jpg\",\"contentUrl\":\"https:\/\/esta-etats-unis.net\/wp-content\/uploads\/2019\/06\/ESTA-perdu.jpg\"},{\"@type\":\"BreadcrumbList\",\"@id\":\"https:\/\/esta-etats-unis.net\/it\/formalita-esta-per-il-vostro-viaggio-negli-usa\/cosa-fare-se-si-perde-lautorizzazione-esta\/#breadcrumb\",\"itemListElement\":[{\"@type\":\"ListItem\",\"position\":1,\"name\":\"Formalit\u00e0 ESTA per il vostro viaggio negli USA\",\"item\":\"https:\/\/esta-etats-unis.net\/it\/formalita-esta-per-il-vostro-viaggio-negli-usa\/\"},{\"@type\":\"ListItem\",\"position\":2,\"name\":\"Cosa fare se si perde l&#8217;autorizzazione ESTA?\"}]},{\"@type\":\"WebSite\",\"@id\":\"https:\/\/esta-etats-unis.net\/it\/#website\",\"url\":\"https:\/\/esta-etats-unis.net\/it\/\",\"name\":\"Organizza il tuo viaggio negli Stati Uniti d'America\",\"description\":\"\",\"potentialAction\":[{\"@type\":\"SearchAction\",\"target\":{\"@type\":\"EntryPoint\",\"urlTemplate\":\"https:\/\/esta-etats-unis.net\/it\/?s={search_term_string}\"},\"query-input\":{\"@type\":\"PropertyValueSpecification\",\"valueRequired\":true,\"valueName\":\"search_term_string\"}}],\"inLanguage\":\"it-IT\"}]}<\/script>\n<!-- \/ Yoast SEO plugin. -->","yoast_head_json":{"title":"Come ritrovare l'ESTA smarrito","description":"Avete richiesto l'ESTA per recarvi negli Stati Uniti ma non riuscite pi\u00f9 a trovare la vostra autorizzazione: ritrovate l'ESTA smarrito.","robots":{"index":"index","follow":"follow","max-snippet":"max-snippet:-1","max-image-preview":"max-image-preview:large","max-video-preview":"max-video-preview:-1"},"canonical":"https:\/\/esta-etats-unis.net\/it\/formalita-esta-per-il-vostro-viaggio-negli-usa\/cosa-fare-se-si-perde-lautorizzazione-esta\/","og_locale":"it_IT","og_type":"article","og_title":"Come ritrovare l'ESTA smarrito","og_description":"Avete richiesto l'ESTA per recarvi negli Stati Uniti ma non riuscite pi\u00f9 a trovare la vostra autorizzazione: ritrovate l'ESTA smarrito.","og_url":"https:\/\/esta-etats-unis.net\/it\/formalita-esta-per-il-vostro-viaggio-negli-usa\/cosa-fare-se-si-perde-lautorizzazione-esta\/","og_site_name":"Organizza il tuo viaggio negli Stati Uniti d'America","article_modified_time":"2024-10-11T07:20:40+00:00","og_image":[{"width":960,"height":593,"url":"https:\/\/esta-etats-unis.net\/wp-content\/uploads\/2019\/06\/ESTA-perdu.jpg","type":"image\/jpeg"}],"twitter_misc":{"Tempo di lettura stimato":"3 minuti"},"schema":{"@context":"https:\/\/schema.org","@graph":[{"@type":"WebPage","@id":"https:\/\/esta-etats-unis.net\/it\/formalita-esta-per-il-vostro-viaggio-negli-usa\/cosa-fare-se-si-perde-lautorizzazione-esta\/","url":"https:\/\/esta-etats-unis.net\/it\/formalita-esta-per-il-vostro-viaggio-negli-usa\/cosa-fare-se-si-perde-lautorizzazione-esta\/","name":"Come ritrovare l'ESTA smarrito","isPartOf":{"@id":"https:\/\/esta-etats-unis.net\/it\/#website"},"primaryImageOfPage":{"@id":"https:\/\/esta-etats-unis.net\/it\/formalita-esta-per-il-vostro-viaggio-negli-usa\/cosa-fare-se-si-perde-lautorizzazione-esta\/#primaryimage"},"image":{"@id":"https:\/\/esta-etats-unis.net\/it\/formalita-esta-per-il-vostro-viaggio-negli-usa\/cosa-fare-se-si-perde-lautorizzazione-esta\/#primaryimage"},"thumbnailUrl":"https:\/\/esta-etats-unis.net\/wp-content\/uploads\/2019\/06\/ESTA-perdu.jpg","datePublished":"2019-06-06T11:54:37+00:00","dateModified":"2024-10-11T07:20:40+00:00","description":"Avete richiesto l'ESTA per recarvi negli Stati Uniti ma non riuscite pi\u00f9 a trovare la vostra autorizzazione: ritrovate l'ESTA smarrito.","breadcrumb":{"@id":"https:\/\/esta-etats-unis.net\/it\/formalita-esta-per-il-vostro-viaggio-negli-usa\/cosa-fare-se-si-perde-lautorizzazione-esta\/#breadcrumb"},"inLanguage":"it-IT","potentialAction":[{"@type":"ReadAction","target":["https:\/\/esta-etats-unis.net\/it\/formalita-esta-per-il-vostro-viaggio-negli-usa\/cosa-fare-se-si-perde-lautorizzazione-esta\/"]}]},{"@type":"ImageObject","inLanguage":"it-IT","@id":"https:\/\/esta-etats-unis.net\/it\/formalita-esta-per-il-vostro-viaggio-negli-usa\/cosa-fare-se-si-perde-lautorizzazione-esta\/#primaryimage","url":"https:\/\/esta-etats-unis.net\/wp-content\/uploads\/2019\/06\/ESTA-perdu.jpg","contentUrl":"https:\/\/esta-etats-unis.net\/wp-content\/uploads\/2019\/06\/ESTA-perdu.jpg"},{"@type":"BreadcrumbList","@id":"https:\/\/esta-etats-unis.net\/it\/formalita-esta-per-il-vostro-viaggio-negli-usa\/cosa-fare-se-si-perde-lautorizzazione-esta\/#breadcrumb","itemListElement":[{"@type":"ListItem","position":1,"name":"Formalit\u00e0 ESTA per il vostro viaggio negli USA","item":"https:\/\/esta-etats-unis.net\/it\/formalita-esta-per-il-vostro-viaggio-negli-usa\/"},{"@type":"ListItem","position":2,"name":"Cosa fare se si perde l&#8217;autorizzazione ESTA?"}]},{"@type":"WebSite","@id":"https:\/\/esta-etats-unis.net\/it\/#website","url":"https:\/\/esta-etats-unis.net\/it\/","name":"Organizza il tuo viaggio negli Stati Uniti d'America","description":"","potentialAction":[{"@type":"SearchAction","target":{"@type":"EntryPoint","urlTemplate":"https:\/\/esta-etats-unis.net\/it\/?s={search_term_string}"},"query-input":{"@type":"PropertyValueSpecification","valueRequired":true,"valueName":"search_term_string"}}],"inLanguage":"it-IT"}]}},"_links":{"self":[{"href":"https:\/\/esta-etats-unis.net\/it\/wp-json\/wp\/v2\/pages\/540","targetHints":{"allow":["GET"]}}],"collection":[{"href":"https:\/\/esta-etats-unis.net\/it\/wp-json\/wp\/v2\/pages"}],"about":[{"href":"https:\/\/esta-etats-unis.net\/it\/wp-json\/wp\/v2\/types\/page"}],"author":[{"embeddable":true,"href":"https:\/\/esta-etats-unis.net\/it\/wp-json\/wp\/v2\/users\/1"}],"replies":[{"embeddable":true,"href":"https:\/\/esta-etats-unis.net\/it\/wp-json\/wp\/v2\/comments?post=540"}],"version-history":[{"count":4,"href":"https:\/\/esta-etats-unis.net\/it\/wp-json\/wp\/v2\/pages\/540\/revisions"}],"predecessor-version":[{"id":860,"href":"https:\/\/esta-etats-unis.net\/it\/wp-json\/wp\/v2\/pages\/540\/revisions\/860"}],"up":[{"embeddable":true,"href":"https:\/\/esta-etats-unis.net\/it\/wp-json\/wp\/v2\/pages\/474"}],"wp:attachment":[{"href":"https:\/\/esta-etats-unis.net\/it\/wp-json\/wp\/v2\/media?parent=540"}],"curies":[{"name":"wp","href":"https:\/\/api.w.org\/{rel}","templated":true}]}}