{"id":536,"date":"2014-11-17T22:07:58","date_gmt":"2014-11-17T21:07:58","guid":{"rendered":"https:\/\/esta-etats-unis.net\/di-quale-passaporto-ho-bisogno-per-ottenere-un-esta-o-un-visto\/"},"modified":"2022-08-07T11:32:42","modified_gmt":"2022-08-07T10:32:42","slug":"di-quale-passaporto-ho-bisogno-per-ottenere-un-esta-o-un-visto","status":"publish","type":"page","link":"https:\/\/esta-etats-unis.net\/it\/di-quale-passaporto-ho-bisogno-per-ottenere-un-esta-o-un-visto\/","title":{"rendered":"Di quale passaporto ho bisogno per ottenere un ESTA o un visto?"},"content":{"rendered":"\n<p>Per recarsi negli Stati Uniti, il viaggiatore deve richiedere l&#8217;autorizzazione delle autorit\u00e0 statunitensi prima della partenza. Esistono due autorizzazioni principali per un soggiorno temporaneo negli Stati Uniti: <a href=\"https:\/\/esta-etats-unis.net\/it\/visto-o-esta-per-viaggiare-negli-stati-uniti\/\">il visto USA o il documento ESTA<\/a>. Che si scelga l&#8217;una o l&#8217;altra soluzione, \u00e8 necessario un passaporto valido. La domanda ESTA e la domanda di visto statunitense non richiedono gli stessi passaggi amministrativi. Questo articolo fornisce una panoramica dei permessi necessari per visitare gli Stati Uniti e del passaporto richiesto.<\/p>\n\n<h2 class=\"wp-block-heading\">Requisiti del passaporto del governo statunitense per i visitatori<\/h2>\n\n<p>Indipendentemente dal Paese di partenza, quando ci si reca negli Stati Uniti, il passaporto valido \u00e8 uno dei documenti d&#8217;identit\u00e0 necessari e indispensabili. Se il viaggiatore desidera recarsi negli Stati Uniti con un visto, l&#8217;unico requisito \u00e8 che il passaporto sia valido.<\/p>\n\n<p>Questo non \u00e8 il caso di un viaggiatore con ESTA, poich\u00e9 il suo passaporto deve soddisfare i criteri stabiliti dalle autorit\u00e0 statunitensi per l&#8217;immigrazione per poter soggiornare negli Stati Uniti. Infatti, gli unici passaporti ammessi nel sistema elettronico sono quelli <a href=\"https:\/\/esta-etats-unis.net\/it\/di-quale-passaporto-ho-bisogno-per-ottenere-un-esta-o-un-visto\/\">biometrici o elettronici<\/a>.<\/p>\n\n<h3 class=\"wp-block-heading\"><em>Formalit\u00e0 di viaggio con un visto per gli Stati Uniti<\/em><\/h3>\n\n<p>Per poter <a href=\"https:\/\/esta-etats-unis.net\/it\/come-si-richiede-un-visto-allambasciata-statunitense\/\">richiedere un visto<\/a>, uno dei requisiti \u00e8 avere un passaporto valido, assicurandosi che non sia scaduto. In caso contrario, \u00e8 sempre possibile richiedere un nuovo passaporto presso il municipio. Oltre al passaporto valido, \u00e8 necessario preparare altri documenti per il viaggio negli Stati Uniti. \u00c8 necessario compilare il modulo DS-160, fornire una fototessera e pagare una tassa piuttosto consistente all&#8217;ambasciata statunitense per completare la domanda. La richiesta di un visto \u00e8 un processo che richiede molto tempo. A parte il Messico e il Canada, i cittadini di Paesi che non fanno parte del Visa Waiver Program devono richiedere un visto per entrare negli Stati Uniti. Per i cittadini dei Paesi VWP, il visto \u00e8 necessario quando il soggiorno previsto supera i 90 giorni, quando lo scopo del viaggio \u00e8 diverso da affari, turismo o transito, o quando l&#8217;autorizzazione ESTA \u00e8 stata rifiutata.<\/p>\n\n<p>La richiesta di un <a href=\"https:\/\/esta-etats-unis.net\/it\/come-ottenere-un-visto-per-studenti-negli-stati-uniti\/\">visto per studenti negli Stati Uniti<\/a> \u00e8 necessaria per coloro che desiderano studiare negli Stati Uniti o che intendono visitare gli Stati Uniti per pi\u00f9 di tre mesi nell&#8217;ambito dei loro studi accademici.<\/p>\n\n<p>Esiste un visto per ogni esigenza: visto turistico, visto per studio, ecc.<\/p>\n\n<h3 class=\"wp-block-heading\"><em>I passi da compiere per un viaggio negli Stati Uniti con l&#8217;ESTA<\/em><\/h3>\n\n<p>In linea di massima, per recarsi negli Stati Uniti \u00e8 necessario un visto. Tuttavia, in determinate circostanze, i cittadini dei 40 Paesi che partecipano (dal 2022) al Visa Waiver Program possono essere esentati dall&#8217;obbligo di visto. Questi Paesi, che hanno la fortuna di beneficiare dell&#8217;esenzione dal visto, sono  <span style=\"font-weight: 400;\">Andorra, Australia, Austria, Belgio, Brunei, Cile, Croazia, Repubblica Ceca, Danimarca, Estonia, Finlandia, Francia, Germania, Grecia, Ungheria, Islanda, Irlanda, Italia, Giappone, Paesi Bassi, Lettonia, Liechtenstein, Lituania, Lussemburgo, Malta, Monaco, Nuova Zelanda, Norvegia, Polonia, Portogallo, San Marino, Singapore, Slovacchia, Slovenia, Corea del Sud, Spagna, Svezia, Svizzera, Regno Unito e Taiwan.<\/span><\/p>\n\n<p>Questi cittadini devono ottenere l&#8217;ESTA, un&#8217;autorizzazione di viaggio elettronica. Questo documento si ottiene esclusivamente online, compilando un <a href=\"https:\/\/esta-etats-unis.net\/it\/che-aspetto-ha-il-modulo-esta\/\">modulo ESTA<\/a>. Il documento viene rilasciato entro un massimo di 72 ore. \u00c8 possibile ottenerlo tramite il sito web del governo statunitense o siti web specializzati. Questa opzione \u00e8 disponibile solo per <a href=\"https:\/\/document-esta.com\/it\/\">viaggi turistici negli Stati Uniti<\/a>, viaggi d&#8217;affari o semplici viaggi di transito che non superino i 90 giorni e se si dispone di un passaporto elettronico o biometrico. Questo sistema \u00e8 stato messo in atto per garantire l&#8217;accesso al Paese e semplificare le formalit\u00e0 per i viaggiatori.<\/p>\n\n<p>Per richiedere l&#8217;ESTA, \u00e8 necessario prendere il proprio passaporto e fornire il numero di passaporto in esso riportato, che comunicher\u00e0 alle autorit\u00e0 americane il possesso dell&#8217;ESTA. Una volta ottenuto, il documento \u00e8 valido per due anni e il viaggiatore pu\u00f2, se lo desidera, recarsi negli Stati Uniti pi\u00f9 volte, ma mai per pi\u00f9 di 90 giorni.<\/p>\n","protected":false},"excerpt":{"rendered":"<p>Per recarsi negli Stati Uniti, il viaggiatore deve richiedere l&#8217;autorizzazione delle autorit\u00e0 statunitensi prima della partenza. Esistono due autorizzazioni principali per un soggiorno temporaneo negli Stati Uniti: il visto USA o il documento ESTA. Che si scelga l&#8217;una o l&#8217;altra soluzione, \u00e8 necessario un passaporto valido. La domanda ESTA e la domanda di visto statunitense &#8230; <a title=\"Di quale passaporto ho bisogno per ottenere un ESTA o un visto?\" class=\"read-more\" href=\"https:\/\/esta-etats-unis.net\/it\/di-quale-passaporto-ho-bisogno-per-ottenere-un-esta-o-un-visto\/\" aria-label=\"Per saperne di pi\u00f9 su Di quale passaporto ho bisogno per ottenere un ESTA o un visto?\">Leggi tutto<\/a><\/p>\n","protected":false},"author":1,"featured_media":0,"parent":0,"menu_order":0,"comment_status":"closed","ping_status":"closed","template":"","meta":{"footnotes":""},"class_list":["post-536","page","type-page","status-publish"],"yoast_head":"<!-- This site is optimized with the Yoast SEO plugin v26.2 - https:\/\/yoast.com\/wordpress\/plugins\/seo\/ -->\n<title>Di quale passaporto ho bisogno per ottenere un ESTA USA o un visto?<\/title>\n<meta name=\"description\" content=\"Cosa scegliere come permesso per il vostro viaggio negli Stati Uniti? A seconda del vostro profilo, dovrete scegliere tra il visto e l&#039;ESTA.\" \/>\n<meta name=\"robots\" content=\"index, follow, max-snippet:-1, max-image-preview:large, max-video-preview:-1\" \/>\n<link rel=\"canonical\" href=\"https:\/\/esta-etats-unis.net\/it\/di-quale-passaporto-ho-bisogno-per-ottenere-un-esta-o-un-visto\/\" \/>\n<meta property=\"og:locale\" content=\"it_IT\" \/>\n<meta property=\"og:type\" content=\"article\" \/>\n<meta property=\"og:title\" content=\"Di quale passaporto ho bisogno per ottenere un ESTA USA o un visto?\" \/>\n<meta property=\"og:description\" content=\"Cosa scegliere come permesso per il vostro viaggio negli Stati Uniti? A seconda del vostro profilo, dovrete scegliere tra il visto e l&#039;ESTA.\" \/>\n<meta property=\"og:url\" content=\"https:\/\/esta-etats-unis.net\/it\/di-quale-passaporto-ho-bisogno-per-ottenere-un-esta-o-un-visto\/\" \/>\n<meta property=\"og:site_name\" content=\"Organizza il tuo viaggio negli Stati Uniti d&#039;America\" \/>\n<meta property=\"article:modified_time\" content=\"2022-08-07T10:32:42+00:00\" \/>\n<meta name=\"twitter:label1\" content=\"Tempo di lettura stimato\" \/>\n\t<meta name=\"twitter:data1\" content=\"3 minuti\" \/>\n<script type=\"application\/ld+json\" class=\"yoast-schema-graph\">{\"@context\":\"https:\/\/schema.org\",\"@graph\":[{\"@type\":\"WebPage\",\"@id\":\"https:\/\/esta-etats-unis.net\/it\/di-quale-passaporto-ho-bisogno-per-ottenere-un-esta-o-un-visto\/\",\"url\":\"https:\/\/esta-etats-unis.net\/it\/di-quale-passaporto-ho-bisogno-per-ottenere-un-esta-o-un-visto\/\",\"name\":\"Di quale passaporto ho bisogno per ottenere un ESTA USA o un visto?\",\"isPartOf\":{\"@id\":\"https:\/\/esta-etats-unis.net\/it\/#website\"},\"datePublished\":\"2014-11-17T21:07:58+00:00\",\"dateModified\":\"2022-08-07T10:32:42+00:00\",\"description\":\"Cosa scegliere come permesso per il vostro viaggio negli Stati Uniti? A seconda del vostro profilo, dovrete scegliere tra il visto e l'ESTA.\",\"inLanguage\":\"it-IT\",\"potentialAction\":[{\"@type\":\"ReadAction\",\"target\":[\"https:\/\/esta-etats-unis.net\/it\/di-quale-passaporto-ho-bisogno-per-ottenere-un-esta-o-un-visto\/\"]}]},{\"@type\":\"WebSite\",\"@id\":\"https:\/\/esta-etats-unis.net\/it\/#website\",\"url\":\"https:\/\/esta-etats-unis.net\/it\/\",\"name\":\"Organizza il tuo viaggio negli Stati Uniti d'America\",\"description\":\"\",\"potentialAction\":[{\"@type\":\"SearchAction\",\"target\":{\"@type\":\"EntryPoint\",\"urlTemplate\":\"https:\/\/esta-etats-unis.net\/it\/?s={search_term_string}\"},\"query-input\":{\"@type\":\"PropertyValueSpecification\",\"valueRequired\":true,\"valueName\":\"search_term_string\"}}],\"inLanguage\":\"it-IT\"}]}<\/script>\n<!-- \/ Yoast SEO plugin. -->","yoast_head_json":{"title":"Di quale passaporto ho bisogno per ottenere un ESTA USA o un visto?","description":"Cosa scegliere come permesso per il vostro viaggio negli Stati Uniti? A seconda del vostro profilo, dovrete scegliere tra il visto e l'ESTA.","robots":{"index":"index","follow":"follow","max-snippet":"max-snippet:-1","max-image-preview":"max-image-preview:large","max-video-preview":"max-video-preview:-1"},"canonical":"https:\/\/esta-etats-unis.net\/it\/di-quale-passaporto-ho-bisogno-per-ottenere-un-esta-o-un-visto\/","og_locale":"it_IT","og_type":"article","og_title":"Di quale passaporto ho bisogno per ottenere un ESTA USA o un visto?","og_description":"Cosa scegliere come permesso per il vostro viaggio negli Stati Uniti? A seconda del vostro profilo, dovrete scegliere tra il visto e l'ESTA.","og_url":"https:\/\/esta-etats-unis.net\/it\/di-quale-passaporto-ho-bisogno-per-ottenere-un-esta-o-un-visto\/","og_site_name":"Organizza il tuo viaggio negli Stati Uniti d'America","article_modified_time":"2022-08-07T10:32:42+00:00","twitter_misc":{"Tempo di lettura stimato":"3 minuti"},"schema":{"@context":"https:\/\/schema.org","@graph":[{"@type":"WebPage","@id":"https:\/\/esta-etats-unis.net\/it\/di-quale-passaporto-ho-bisogno-per-ottenere-un-esta-o-un-visto\/","url":"https:\/\/esta-etats-unis.net\/it\/di-quale-passaporto-ho-bisogno-per-ottenere-un-esta-o-un-visto\/","name":"Di quale passaporto ho bisogno per ottenere un ESTA USA o un visto?","isPartOf":{"@id":"https:\/\/esta-etats-unis.net\/it\/#website"},"datePublished":"2014-11-17T21:07:58+00:00","dateModified":"2022-08-07T10:32:42+00:00","description":"Cosa scegliere come permesso per il vostro viaggio negli Stati Uniti? A seconda del vostro profilo, dovrete scegliere tra il visto e l'ESTA.","inLanguage":"it-IT","potentialAction":[{"@type":"ReadAction","target":["https:\/\/esta-etats-unis.net\/it\/di-quale-passaporto-ho-bisogno-per-ottenere-un-esta-o-un-visto\/"]}]},{"@type":"WebSite","@id":"https:\/\/esta-etats-unis.net\/it\/#website","url":"https:\/\/esta-etats-unis.net\/it\/","name":"Organizza il tuo viaggio negli Stati Uniti d'America","description":"","potentialAction":[{"@type":"SearchAction","target":{"@type":"EntryPoint","urlTemplate":"https:\/\/esta-etats-unis.net\/it\/?s={search_term_string}"},"query-input":{"@type":"PropertyValueSpecification","valueRequired":true,"valueName":"search_term_string"}}],"inLanguage":"it-IT"}]}},"_links":{"self":[{"href":"https:\/\/esta-etats-unis.net\/it\/wp-json\/wp\/v2\/pages\/536","targetHints":{"allow":["GET"]}}],"collection":[{"href":"https:\/\/esta-etats-unis.net\/it\/wp-json\/wp\/v2\/pages"}],"about":[{"href":"https:\/\/esta-etats-unis.net\/it\/wp-json\/wp\/v2\/types\/page"}],"author":[{"embeddable":true,"href":"https:\/\/esta-etats-unis.net\/it\/wp-json\/wp\/v2\/users\/1"}],"replies":[{"embeddable":true,"href":"https:\/\/esta-etats-unis.net\/it\/wp-json\/wp\/v2\/comments?post=536"}],"version-history":[{"count":3,"href":"https:\/\/esta-etats-unis.net\/it\/wp-json\/wp\/v2\/pages\/536\/revisions"}],"predecessor-version":[{"id":763,"href":"https:\/\/esta-etats-unis.net\/it\/wp-json\/wp\/v2\/pages\/536\/revisions\/763"}],"wp:attachment":[{"href":"https:\/\/esta-etats-unis.net\/it\/wp-json\/wp\/v2\/media?parent=536"}],"curies":[{"name":"wp","href":"https:\/\/api.w.org\/{rel}","templated":true}]}}