{"id":532,"date":"2019-03-15T10:54:14","date_gmt":"2019-03-15T09:54:14","guid":{"rendered":"https:\/\/esta-etats-unis.net\/come-scegliere-il-visto-per-gli-stati-uniti\/"},"modified":"2024-10-09T08:57:58","modified_gmt":"2024-10-09T07:57:58","slug":"come-scegliere-il-visto-per-gli-stati-uniti","status":"publish","type":"page","link":"https:\/\/esta-etats-unis.net\/it\/come-scegliere-il-visto-per-gli-stati-uniti\/","title":{"rendered":"Come scegliere il visto per gli Stati Uniti"},"content":{"rendered":"\n<p><span style=\"font-weight: 400;\">Il Visa Waiver Program (VWP) ha permesso al governo degli Stati Uniti di proteggere il Paese da arrivi massicci di stranieri sul suolo americano e ha anche reso pi\u00f9 facile per i richiedenti viaggiare negli Stati Uniti. Tuttavia, il Visa Waiver Programme (VWP) non \u00e8 disponibile per tutti. Le persone non idonee al <a href=\"https:\/\/esta-etats-unis.net\/it\/\">modulo ESTA<\/a> dovranno richiedere un visto USA per poter soggiornare legalmente negli Stati Uniti.  <\/span><\/p>\n\n<p><span style=\"font-weight: 400;\">In questo articolo esamineremo i diversi tipi di visti statunitensi e le loro specificit\u00e0, in modo che possiate sapere quale sia l&#8217;autorizzazione al viaggio pi\u00f9 adatta al vostro soggiorno negli Stati Uniti.<\/span><\/p>\n\n<h2 class=\"wp-block-heading\"><span style=\"font-weight: 400;\">Visti statunitensi per non immigrati<\/span><\/h2>\n\n<p><span style=\"font-weight: 400;\">I visti per non immigrati servono per soggiorni temporanei. Questa categoria di visti comprende diversi visti americani: il visto turistico, il visto di lavoro o il visto per studenti.  <\/span><\/p>\n\n<p><span style=\"font-weight: 400;\">Prima di tutto, devi sapere che, sebbene ci siano molti visti disponibili, tutti richiedono :<\/span><\/p>\n\n<ul class=\"wp-block-list\">\n<li><span style=\"font-weight: 400;\">Compila il <a href=\"https:\/\/ceac.state.gov\/genniv\/\">modulo DS-160<\/a> online;  <\/span><\/li>\n\n\n\n<li><span style=\"font-weight: 400;\">Si prega di fornire fotografie formato tessera secondo gli standard richiesti;<\/span><\/li>\n\n\n\n<li><span style=\"font-weight: 400;\">Un passaporto biometrico o elettronico valido;  <\/span><\/li>\n\n\n\n<li><span style=\"font-weight: 400;\">Completa i documenti di supporto presso un&#8217;<a href=\"https:\/\/esta-etats-unis.net\/it\/come-si-richiede-un-visto-allambasciata-statunitense\/\">ambasciata americana<\/a>.  <\/span><\/li>\n<\/ul>\n\n<h3 class=\"wp-block-heading\"><span style=\"font-weight: 400;\">Visto turistico B2 e visto di transito C<\/span><\/h3>\n\n<p><span style=\"font-weight: 400;\">Le principali categorie di visto utilizzate sono :  <\/span><\/p>\n\n<ul class=\"wp-block-list\">\n<li><span style=\"font-weight: 400;\">Viaggi d&#8217;affari (visto B1): partecipazione a conferenze, riunioni, firma di contratti, ecc;<\/span><\/li>\n\n\n\n<li><span style=\"font-weight: 400;\">Viaggi turistici e visitatori per cure mediche (visto B2) ;  <\/span><\/li>\n\n\n\n<li><span style=\"font-weight: 400;\">In transito negli Stati Uniti (visto C).<\/span><\/li>\n<\/ul>\n\n<p><span style=\"font-weight: 400;\">I visti B1 e B2 consentono ai titolari di soggiornare negli Stati Uniti per 6 mesi.<\/span><\/p>\n\n<p><span style=\"font-weight: 400;\">Questa categoria riguarda i richiedenti che non sono in grado di richiedere un&#8217;ESTA. L&#8217;autorizzazione ESTA copre gli stessi scopi di viaggio del visto turistico USA (turismo, viaggi d&#8217;affari e transito), ma con condizioni pi\u00f9 limitate (soggiorno massimo negli USA di 90 giorni per i paesi coperti dal VWP).  <\/span><\/p>\n\n<p><span style=\"font-weight: 400;\">Vi consigliamo di informarvi sulle condizioni dell&#8217;ESTA, poich\u00e9 questa autorizzazione di viaggio \u00e8 molto pi\u00f9 facile da ottenere grazie al suo prezzo, alla sua procedura online e alla sua facilit\u00e0 di comprensione. Con questo documento, il viaggio dei vostri sogni a New York, nel Nuovo Messico o un roadtrip sulla costa occidentale pu\u00f2 diventare pi\u00f9 rapidamente accessibile.<\/span>.<\/p>\n\n<figure class=\"wp-block-image size-large is-resized\"><a href=\"https:\/\/esta-etats-unis.net\/wp-content\/uploads\/2019\/03\/photo-1413787489051-bcbb6209ece1.jpg\"><img loading=\"lazy\" decoding=\"async\" width=\"1024\" height=\"553\" src=\"https:\/\/esta-etats-unis.net\/wp-content\/uploads\/2019\/03\/photo-1413787489051-bcbb6209ece1-1024x553.jpg\" alt=\"ottenere un visto per gli Stati Uniti\" class=\"wp-image-237\" style=\"width:768px;height:415px\" srcset=\"https:\/\/esta-etats-unis.net\/wp-content\/uploads\/2019\/03\/photo-1413787489051-bcbb6209ece1-1024x553.jpg 1024w, https:\/\/esta-etats-unis.net\/wp-content\/uploads\/2019\/03\/photo-1413787489051-bcbb6209ece1-300x162.jpg 300w, https:\/\/esta-etats-unis.net\/wp-content\/uploads\/2019\/03\/photo-1413787489051-bcbb6209ece1-768x415.jpg 768w, https:\/\/esta-etats-unis.net\/wp-content\/uploads\/2019\/03\/photo-1413787489051-bcbb6209ece1.jpg 1525w\" sizes=\"auto, (max-width: 1024px) 100vw, 1024px\" \/><\/a><figcaption class=\"wp-element-caption\">Come ottenere un visto per gli Stati Uniti<\/figcaption><\/figure>\n\n<h3 class=\"wp-block-heading\"><span style=\"font-weight: 400;\">Il visto di lavoro  <\/span><\/h3>\n\n<p><span style=\"font-weight: 400;\">Probabilmente la categoria con il maggior numero di possibilit\u00e0, il <\/span><span style=\"font-weight: 400;\">Visto USA <\/span><span style=\"font-weight: 400;\">per lavorare negli Stati Uniti offre visti adatti a ogni categoria socio-professionale, ecco l&#8217;elenco:<\/span><\/p>\n\n<ul class=\"wp-block-list\">\n<li><span style=\"font-weight: 400;\">Visto D1 per i membri dell&#8217;equipaggio che lasciano gli Stati Uniti con lo stesso aereo o nave e visto D2 se l&#8217;aereo o la nave sono diversi da quelli utilizzati all&#8217;arrivo;<\/span><\/li>\n\n\n\n<li><span style=\"font-weight: 400;\">visto I per i media ;<\/span><\/li>\n\n\n\n<li><span style=\"font-weight: 400;\">Il visto E1 per i commercianti e il visto E2 per gli investitori;  <\/span><\/li>\n\n\n\n<li><span style=\"font-weight: 400;\">Visto E3 per i lavoratori australiani che si recano negli Stati Uniti per lavorare temporaneamente in un&#8217;occupazione qualificata;<\/span><\/li>\n\n\n\n<li><span style=\"font-weight: 400;\">Visto H1B per professioni specializzate in settori che richiedono conoscenze particolari;<\/span><\/li>\n\n\n\n<li><span style=\"font-weight: 400;\">Il visto H2A per i lavoratori agricoli intermedi stagionali e il visto H-2B per i lavoratori intermedi non agricoli;<\/span><\/li>\n\n\n\n<li><span style=\"font-weight: 400;\">Visto H3 per stage non di studio negli Stati Uniti;<\/span><\/li>\n\n\n\n<li><span style=\"font-weight: 400;\">Visto L per i trasferimenti intra-aziendali;<\/span><\/li>\n\n\n\n<li><span style=\"font-weight: 400;\">Visto O1 Cittadini stranieri con straordinarie capacit\u00e0 scientifiche, artistiche, educative, commerciali o atletiche;<\/span><\/li>\n\n\n\n<li><span style=\"font-weight: 400;\">Visto P per atleti, artisti, allenatori;<\/span><\/li>\n\n\n\n<li><span style=\"font-weight: 400;\">Visti J e Q per programmi di scambio culturale;<\/span><\/li>\n\n\n\n<li><span style=\"font-weight: 400;\">il visto R per i lavoratori religiosi.<\/span><\/li>\n<\/ul>\n\n<h3 class=\"wp-block-heading\"><span style=\"font-weight: 400;\">Il visto statunitense per studio<\/span><\/h3>\n\n<p><span style=\"font-weight: 400;\">Quando si vuole studiare negli Stati Uniti, per sperimentare i famosi campus e la cultura americana, \u00e8 necessario un <a href=\"https:\/\/esta-etats-unis.net\/it\/come-ottenere-un-visto-per-studenti-negli-stati-uniti\/\">visto per studenti statunitense<\/a>. Ne esistono tre tipi diversi:  <\/span><\/p>\n\n<ul class=\"wp-block-list\">\n<li><span style=\"font-weight: 400;\">Visto F-1 per studenti universitari o soggiorni linguistici;  <\/span><\/li>\n\n\n\n<li><span style=\"font-weight: 400;\">Visto M-1 per studenti tecnici o professionisti;  <\/span><\/li>\n\n\n\n<li><span style=\"font-weight: 400;\">il visto J-1 per un soggiorno alla pari presso una famiglia ospitante, programmi di scambio (come Erasmus e il suo programma di scambio) o <a href=\"https:\/\/esta-etats-unis.net\/it\/tirocinio-con-visto-j1-negli-stati-uniti-qual-e-la-procedura\/\">stage di studenti professionisti negli Stati Uniti<\/a>, insegnanti o ricercatori.  <\/span><\/li>\n<\/ul>\n\n<p><span style=\"font-weight: 400;\">Prima di poter richiedere un visto (F-1, J-1 o M-1), devi essere stato ammesso a un&#8217;universit\u00e0 americana, a un programma educativo o a un&#8217;organizzazione sponsor. Inoltre, \u00e8 prevista una tassa per la registrazione al SEVIS (il sistema informativo per gli studenti e i visitatori di scambio negli Stati Uniti). Questi passaggi sono obbligatori e necessari per presentarsi all&#8217;ambasciata o al consolato generale francese con un dossier completo.<\/span><\/p>\n","protected":false},"excerpt":{"rendered":"<p>Il Visa Waiver Program (VWP) ha permesso al governo degli Stati Uniti di proteggere il Paese da arrivi massicci di stranieri sul suolo americano e ha anche reso pi\u00f9 facile per i richiedenti viaggiare negli Stati Uniti. Tuttavia, il Visa Waiver Programme (VWP) non \u00e8 disponibile per tutti. Le persone non idonee al modulo ESTA &#8230; <a title=\"Come scegliere il visto per gli Stati Uniti\" class=\"read-more\" href=\"https:\/\/esta-etats-unis.net\/it\/come-scegliere-il-visto-per-gli-stati-uniti\/\" aria-label=\"Per saperne di pi\u00f9 su Come scegliere il visto per gli Stati Uniti\">Leggi tutto<\/a><\/p>\n","protected":false},"author":1,"featured_media":0,"parent":0,"menu_order":0,"comment_status":"closed","ping_status":"closed","template":"","meta":{"footnotes":""},"class_list":["post-532","page","type-page","status-publish"],"yoast_head":"<!-- This site is optimized with the Yoast SEO plugin v26.2 - https:\/\/yoast.com\/wordpress\/plugins\/seo\/ -->\n<title>Come scegliere il visto USA per andare negli Stati Uniti<\/title>\n<meta name=\"description\" content=\"Per tutti i viaggi negli Stati Uniti \u00e8 necessario un visto statunitense. Questo articolo vi aiuta a comprendere le specificit\u00e0 dei diversi visti.\" \/>\n<meta name=\"robots\" content=\"index, follow, max-snippet:-1, max-image-preview:large, max-video-preview:-1\" \/>\n<link rel=\"canonical\" href=\"https:\/\/esta-etats-unis.net\/it\/come-scegliere-il-visto-per-gli-stati-uniti\/\" \/>\n<meta property=\"og:locale\" content=\"it_IT\" \/>\n<meta property=\"og:type\" content=\"article\" \/>\n<meta property=\"og:title\" content=\"Come scegliere il visto USA per andare negli Stati Uniti\" \/>\n<meta property=\"og:description\" content=\"Per tutti i viaggi negli Stati Uniti \u00e8 necessario un visto statunitense. Questo articolo vi aiuta a comprendere le specificit\u00e0 dei diversi visti.\" \/>\n<meta property=\"og:url\" content=\"https:\/\/esta-etats-unis.net\/it\/come-scegliere-il-visto-per-gli-stati-uniti\/\" \/>\n<meta property=\"og:site_name\" content=\"Organizza il tuo viaggio negli Stati Uniti d&#039;America\" \/>\n<meta property=\"article:modified_time\" content=\"2024-10-09T07:57:58+00:00\" \/>\n<meta property=\"og:image\" content=\"https:\/\/esta-etats-unis.net\/wp-content\/uploads\/2019\/03\/photo-1413787489051-bcbb6209ece1.jpg\" \/>\n\t<meta property=\"og:image:width\" content=\"1525\" \/>\n\t<meta property=\"og:image:height\" content=\"824\" \/>\n\t<meta property=\"og:image:type\" content=\"image\/jpeg\" \/>\n<meta name=\"twitter:label1\" content=\"Tempo di lettura stimato\" \/>\n\t<meta name=\"twitter:data1\" content=\"3 minuti\" \/>\n<script type=\"application\/ld+json\" class=\"yoast-schema-graph\">{\"@context\":\"https:\/\/schema.org\",\"@graph\":[{\"@type\":\"WebPage\",\"@id\":\"https:\/\/esta-etats-unis.net\/it\/come-scegliere-il-visto-per-gli-stati-uniti\/\",\"url\":\"https:\/\/esta-etats-unis.net\/it\/come-scegliere-il-visto-per-gli-stati-uniti\/\",\"name\":\"Come scegliere il visto USA per andare negli Stati Uniti\",\"isPartOf\":{\"@id\":\"https:\/\/esta-etats-unis.net\/it\/#website\"},\"primaryImageOfPage\":{\"@id\":\"https:\/\/esta-etats-unis.net\/it\/come-scegliere-il-visto-per-gli-stati-uniti\/#primaryimage\"},\"image\":{\"@id\":\"https:\/\/esta-etats-unis.net\/it\/come-scegliere-il-visto-per-gli-stati-uniti\/#primaryimage\"},\"thumbnailUrl\":\"https:\/\/esta-etats-unis.net\/wp-content\/uploads\/2019\/03\/photo-1413787489051-bcbb6209ece1-1024x553.jpg\",\"datePublished\":\"2019-03-15T09:54:14+00:00\",\"dateModified\":\"2024-10-09T07:57:58+00:00\",\"description\":\"Per tutti i viaggi negli Stati Uniti \u00e8 necessario un visto statunitense. Questo articolo vi aiuta a comprendere le specificit\u00e0 dei diversi visti.\",\"inLanguage\":\"it-IT\",\"potentialAction\":[{\"@type\":\"ReadAction\",\"target\":[\"https:\/\/esta-etats-unis.net\/it\/come-scegliere-il-visto-per-gli-stati-uniti\/\"]}]},{\"@type\":\"ImageObject\",\"inLanguage\":\"it-IT\",\"@id\":\"https:\/\/esta-etats-unis.net\/it\/come-scegliere-il-visto-per-gli-stati-uniti\/#primaryimage\",\"url\":\"https:\/\/esta-etats-unis.net\/wp-content\/uploads\/2019\/03\/photo-1413787489051-bcbb6209ece1-1024x553.jpg\",\"contentUrl\":\"https:\/\/esta-etats-unis.net\/wp-content\/uploads\/2019\/03\/photo-1413787489051-bcbb6209ece1-1024x553.jpg\"},{\"@type\":\"WebSite\",\"@id\":\"https:\/\/esta-etats-unis.net\/it\/#website\",\"url\":\"https:\/\/esta-etats-unis.net\/it\/\",\"name\":\"Organizza il tuo viaggio negli Stati Uniti d'America\",\"description\":\"\",\"potentialAction\":[{\"@type\":\"SearchAction\",\"target\":{\"@type\":\"EntryPoint\",\"urlTemplate\":\"https:\/\/esta-etats-unis.net\/it\/?s={search_term_string}\"},\"query-input\":{\"@type\":\"PropertyValueSpecification\",\"valueRequired\":true,\"valueName\":\"search_term_string\"}}],\"inLanguage\":\"it-IT\"}]}<\/script>\n<!-- \/ Yoast SEO plugin. -->","yoast_head_json":{"title":"Come scegliere il visto USA per andare negli Stati Uniti","description":"Per tutti i viaggi negli Stati Uniti \u00e8 necessario un visto statunitense. Questo articolo vi aiuta a comprendere le specificit\u00e0 dei diversi visti.","robots":{"index":"index","follow":"follow","max-snippet":"max-snippet:-1","max-image-preview":"max-image-preview:large","max-video-preview":"max-video-preview:-1"},"canonical":"https:\/\/esta-etats-unis.net\/it\/come-scegliere-il-visto-per-gli-stati-uniti\/","og_locale":"it_IT","og_type":"article","og_title":"Come scegliere il visto USA per andare negli Stati Uniti","og_description":"Per tutti i viaggi negli Stati Uniti \u00e8 necessario un visto statunitense. Questo articolo vi aiuta a comprendere le specificit\u00e0 dei diversi visti.","og_url":"https:\/\/esta-etats-unis.net\/it\/come-scegliere-il-visto-per-gli-stati-uniti\/","og_site_name":"Organizza il tuo viaggio negli Stati Uniti d'America","article_modified_time":"2024-10-09T07:57:58+00:00","og_image":[{"width":1525,"height":824,"url":"https:\/\/esta-etats-unis.net\/wp-content\/uploads\/2019\/03\/photo-1413787489051-bcbb6209ece1.jpg","type":"image\/jpeg"}],"twitter_misc":{"Tempo di lettura stimato":"3 minuti"},"schema":{"@context":"https:\/\/schema.org","@graph":[{"@type":"WebPage","@id":"https:\/\/esta-etats-unis.net\/it\/come-scegliere-il-visto-per-gli-stati-uniti\/","url":"https:\/\/esta-etats-unis.net\/it\/come-scegliere-il-visto-per-gli-stati-uniti\/","name":"Come scegliere il visto USA per andare negli Stati Uniti","isPartOf":{"@id":"https:\/\/esta-etats-unis.net\/it\/#website"},"primaryImageOfPage":{"@id":"https:\/\/esta-etats-unis.net\/it\/come-scegliere-il-visto-per-gli-stati-uniti\/#primaryimage"},"image":{"@id":"https:\/\/esta-etats-unis.net\/it\/come-scegliere-il-visto-per-gli-stati-uniti\/#primaryimage"},"thumbnailUrl":"https:\/\/esta-etats-unis.net\/wp-content\/uploads\/2019\/03\/photo-1413787489051-bcbb6209ece1-1024x553.jpg","datePublished":"2019-03-15T09:54:14+00:00","dateModified":"2024-10-09T07:57:58+00:00","description":"Per tutti i viaggi negli Stati Uniti \u00e8 necessario un visto statunitense. Questo articolo vi aiuta a comprendere le specificit\u00e0 dei diversi visti.","inLanguage":"it-IT","potentialAction":[{"@type":"ReadAction","target":["https:\/\/esta-etats-unis.net\/it\/come-scegliere-il-visto-per-gli-stati-uniti\/"]}]},{"@type":"ImageObject","inLanguage":"it-IT","@id":"https:\/\/esta-etats-unis.net\/it\/come-scegliere-il-visto-per-gli-stati-uniti\/#primaryimage","url":"https:\/\/esta-etats-unis.net\/wp-content\/uploads\/2019\/03\/photo-1413787489051-bcbb6209ece1-1024x553.jpg","contentUrl":"https:\/\/esta-etats-unis.net\/wp-content\/uploads\/2019\/03\/photo-1413787489051-bcbb6209ece1-1024x553.jpg"},{"@type":"WebSite","@id":"https:\/\/esta-etats-unis.net\/it\/#website","url":"https:\/\/esta-etats-unis.net\/it\/","name":"Organizza il tuo viaggio negli Stati Uniti d'America","description":"","potentialAction":[{"@type":"SearchAction","target":{"@type":"EntryPoint","urlTemplate":"https:\/\/esta-etats-unis.net\/it\/?s={search_term_string}"},"query-input":{"@type":"PropertyValueSpecification","valueRequired":true,"valueName":"search_term_string"}}],"inLanguage":"it-IT"}]}},"_links":{"self":[{"href":"https:\/\/esta-etats-unis.net\/it\/wp-json\/wp\/v2\/pages\/532","targetHints":{"allow":["GET"]}}],"collection":[{"href":"https:\/\/esta-etats-unis.net\/it\/wp-json\/wp\/v2\/pages"}],"about":[{"href":"https:\/\/esta-etats-unis.net\/it\/wp-json\/wp\/v2\/types\/page"}],"author":[{"embeddable":true,"href":"https:\/\/esta-etats-unis.net\/it\/wp-json\/wp\/v2\/users\/1"}],"replies":[{"embeddable":true,"href":"https:\/\/esta-etats-unis.net\/it\/wp-json\/wp\/v2\/comments?post=532"}],"version-history":[{"count":4,"href":"https:\/\/esta-etats-unis.net\/it\/wp-json\/wp\/v2\/pages\/532\/revisions"}],"predecessor-version":[{"id":803,"href":"https:\/\/esta-etats-unis.net\/it\/wp-json\/wp\/v2\/pages\/532\/revisions\/803"}],"wp:attachment":[{"href":"https:\/\/esta-etats-unis.net\/it\/wp-json\/wp\/v2\/media?parent=532"}],"curies":[{"name":"wp","href":"https:\/\/api.w.org\/{rel}","templated":true}]}}