{"id":520,"date":"2019-05-24T08:51:03","date_gmt":"2019-05-24T07:51:03","guid":{"rendered":"https:\/\/esta-etats-unis.net\/che-aspetto-ha-il-modulo-esta\/"},"modified":"2024-10-09T14:36:13","modified_gmt":"2024-10-09T13:36:13","slug":"che-aspetto-ha-il-modulo-esta","status":"publish","type":"page","link":"https:\/\/esta-etats-unis.net\/it\/che-aspetto-ha-il-modulo-esta\/","title":{"rendered":"Che aspetto ha il modulo ESTA?"},"content":{"rendered":"\n<p><span style=\"font-weight: 400;\">Il modulo ESTA \u00e8 un passo essenziale nella pianificazione del vostro prossimo viaggio negli Stati Uniti. \u00c8 importante notare che un singolo errore in questo modulo pu\u00f2 portare le autorit\u00e0 statunitensi a rifiutare l&#8217;ammissione negli Stati Uniti d&#8217;America. Da qui l&#8217;importanza di sapere a cosa serve, come compilare il questionario ESTA e soprattutto dove compilarlo.<\/span><\/p>\n\n<p><span style=\"font-weight: 400;\">In questo articolo vi spieghiamo tutto quello che dovete sapere prima di partire per gli Stati Uniti con l&#8217;<a href=\"https:\/\/esta-etats-unis.net\/it\/formalita-esta-per-il-vostro-viaggio-negli-usa\/\">autorizzazione ESTA<\/a>.<\/span><\/p>\n\n<h2 class=\"wp-block-heading\"><span style=\"font-weight: 400;\">Qual \u00e8 lo scopo del <\/span><span style=\"font-weight: 400;\">Modulo ESTA<\/span><span style=\"font-weight: 400;\"> ?<\/span><\/h2>\n\n<p><span style=\"font-weight: 400;\">Il modulo ESTA serve per ottenere un&#8217;autorizzazione elettronica al viaggio negli Stati Uniti. Questa autorizzazione viene rilasciata solo a determinate condizioni. I cittadini stranieri devono provenire da uno dei paesi che partecipano al Programma &#8220;Viaggio senza Visto&#8221; degli Stati Uniti. Devono inoltre essere in possesso di un passaporto biometrico o elettronico. La durata del viaggio non deve superare i 90 giorni e il cittadino deve recarsi negli Stati Uniti per una vacanza, un appuntamento di lavoro o un transito.<\/span><\/p>\n\n<p><span style=\"font-weight: 400;\">Una volta compilato il modulo <a href=\"https:\/\/esta-etats-unis.net\/it\/come-compilare-correttamente-il-modulo-esta\/\">ESTA<\/a>, il documento potr\u00e0 essere utilizzato per l&#8217;intero periodo di validit\u00e0 di due anni. Si noti che il numero di passaporto \u00e8 legato all&#8217;autorizzazione. Se non avete pi\u00f9 lo stesso passaporto, dovete <a href=\"https:\/\/www.mendocinomuseum.org\/\">richiedere un nuovo ESTA<\/a> per recarvi negli Stati Uniti.<\/span><\/p>\n\n<p><span style=\"font-weight: 400;\">Il permesso permette di viaggiare solo verso gli Stati Uniti, ma il funzionario della dogana \u00e8 l&#8217;unica persona che pu\u00f2 farvi attraversare il confine americano.<\/span><\/p>\n\n<h2 class=\"wp-block-heading\"><span style=\"font-weight: 400;\">Come completare il <\/span><span style=\"font-weight: 400;\">Questionario ESTA <\/span><span style=\"font-weight: 400;\">?<\/span><\/h2>\n\n<p>Ora che sai a cosa serve il questionario ESTA, devi sapere <a href=\"https:\/\/esta-etats-unis.net\/it\/come-compilare-il-modulo-esta-per-recarsi-negli-stati-uniti\/\">come compilarlo<\/a> quando fai domanda online. Questo dipende dal sito scelto per ottenere il documento ESTA. \u00c8 infatti possibile effettuare un ordine su un sito web specializzato o sul sito ufficiale del governo statunitense. Scoprite le differenze tra questi siti in modo da poter fare la scelta giusta per voi.<\/p>\n\n<h3 class=\"wp-block-heading\"><span style=\"font-weight: 400;\">Compilazione dell&#8217;ESTA sul sito web del governo statunitense<\/span><\/h3>\n\n<p><span style=\"font-weight: 400;\">Se ordini dal <a href=\"https:\/\/esta.cbp.dhs.gov\/\">sito del governo americano<\/a>, il prezzo sar\u00e0 di 21 dollari. Il modulo ESTA \u00e8 composto da diverse parti:<\/span><\/p>\n\n<ol class=\"wp-block-list\">\n<li><span style=\"font-weight: 400;\">il tuo stato civile e i dati del tuo passaporto valido;<\/span><\/li>\n\n\n\n<li><span style=\"font-weight: 400;\">contatti di emergenza e alloggio negli Stati Uniti;<\/span><\/li>\n\n\n\n<li><span style=\"font-weight: 400;\">domande sulla sua storia criminale e medica.<\/span><\/li>\n<\/ol>\n\n<p><span style=\"font-weight: 400;\">L&#8217;approvazione della domanda da parte delle autorit\u00e0 statunitensi pu\u00f2 richiedere fino a 72 ore, ma \u00e8 possibile ricevere l&#8217;ESTA in pochi minuti. Potrete volare negli Stati Uniti non appena avrete ricevuto l&#8217;autorizzazione.<\/span><\/p>\n\n<h2 class=\"wp-block-heading\"><span style=\"font-weight: 400;\">Errore nel modulo ESTA<\/span><\/h2>\n\n<p>Per viaggiare negli Stati Uniti, il tuo questionario ESTA non deve contenere errori. Se si riceve un rifiuto da parte delle autorit\u00e0 a causa di un errore di battitura, \u00e8 possibile presentare nuovamente la domanda. Dovrai pagare nuovamente le tariffe richieste dal sito.<\/p>\n\n<p><span style=\"font-weight: 400;\">Il rifiuto \u00e8 dovuto al mancato rispetto dei criteri di ammissibilit\u00e0? Dovrete poi richiedere un visto per gli Stati Uniti presso l&#8217;ambasciata americana.<\/span><\/p>\n","protected":false},"excerpt":{"rendered":"<p>Il modulo ESTA \u00e8 un passo essenziale nella pianificazione del vostro prossimo viaggio negli Stati Uniti. \u00c8 importante notare che un singolo errore in questo modulo pu\u00f2 portare le autorit\u00e0 statunitensi a rifiutare l&#8217;ammissione negli Stati Uniti d&#8217;America. Da qui l&#8217;importanza di sapere a cosa serve, come compilare il questionario ESTA e soprattutto dove compilarlo. &#8230; <a title=\"Che aspetto ha il modulo ESTA?\" class=\"read-more\" href=\"https:\/\/esta-etats-unis.net\/it\/che-aspetto-ha-il-modulo-esta\/\" aria-label=\"Per saperne di pi\u00f9 su Che aspetto ha il modulo ESTA?\">Leggi tutto<\/a><\/p>\n","protected":false},"author":1,"featured_media":0,"parent":0,"menu_order":0,"comment_status":"closed","ping_status":"closed","template":"","meta":{"footnotes":""},"class_list":["post-520","page","type-page","status-publish"],"yoast_head":"<!-- This site is optimized with the Yoast SEO plugin v26.2 - https:\/\/yoast.com\/wordpress\/plugins\/seo\/ -->\n<title>Che aspetto ha il modulo ESTA?<\/title>\n<meta name=\"description\" content=\"La compilazione del modulo ESTA \u00e8 essenziale per alcuni viaggiatori che desiderano visitare gli Stati Uniti. Ecco come compilarlo\" \/>\n<meta name=\"robots\" content=\"index, follow, max-snippet:-1, max-image-preview:large, max-video-preview:-1\" \/>\n<link rel=\"canonical\" href=\"https:\/\/esta-etats-unis.net\/it\/che-aspetto-ha-il-modulo-esta\/\" \/>\n<meta property=\"og:locale\" content=\"it_IT\" \/>\n<meta property=\"og:type\" content=\"article\" \/>\n<meta property=\"og:title\" content=\"Che aspetto ha il modulo ESTA?\" \/>\n<meta property=\"og:description\" content=\"La compilazione del modulo ESTA \u00e8 essenziale per alcuni viaggiatori che desiderano visitare gli Stati Uniti. Ecco come compilarlo\" \/>\n<meta property=\"og:url\" content=\"https:\/\/esta-etats-unis.net\/it\/che-aspetto-ha-il-modulo-esta\/\" \/>\n<meta property=\"og:site_name\" content=\"Organizza il tuo viaggio negli Stati Uniti d&#039;America\" \/>\n<meta property=\"article:modified_time\" content=\"2024-10-09T13:36:13+00:00\" \/>\n<meta name=\"twitter:label1\" content=\"Tempo di lettura stimato\" \/>\n\t<meta name=\"twitter:data1\" content=\"2 minuti\" \/>\n<script type=\"application\/ld+json\" class=\"yoast-schema-graph\">{\"@context\":\"https:\/\/schema.org\",\"@graph\":[{\"@type\":\"WebPage\",\"@id\":\"https:\/\/esta-etats-unis.net\/it\/che-aspetto-ha-il-modulo-esta\/\",\"url\":\"https:\/\/esta-etats-unis.net\/it\/che-aspetto-ha-il-modulo-esta\/\",\"name\":\"Che aspetto ha il modulo ESTA?\",\"isPartOf\":{\"@id\":\"https:\/\/esta-etats-unis.net\/it\/#website\"},\"datePublished\":\"2019-05-24T07:51:03+00:00\",\"dateModified\":\"2024-10-09T13:36:13+00:00\",\"description\":\"La compilazione del modulo ESTA \u00e8 essenziale per alcuni viaggiatori che desiderano visitare gli Stati Uniti. Ecco come compilarlo\",\"inLanguage\":\"it-IT\",\"potentialAction\":[{\"@type\":\"ReadAction\",\"target\":[\"https:\/\/esta-etats-unis.net\/it\/che-aspetto-ha-il-modulo-esta\/\"]}]},{\"@type\":\"WebSite\",\"@id\":\"https:\/\/esta-etats-unis.net\/it\/#website\",\"url\":\"https:\/\/esta-etats-unis.net\/it\/\",\"name\":\"Organizza il tuo viaggio negli Stati Uniti d'America\",\"description\":\"\",\"potentialAction\":[{\"@type\":\"SearchAction\",\"target\":{\"@type\":\"EntryPoint\",\"urlTemplate\":\"https:\/\/esta-etats-unis.net\/it\/?s={search_term_string}\"},\"query-input\":{\"@type\":\"PropertyValueSpecification\",\"valueRequired\":true,\"valueName\":\"search_term_string\"}}],\"inLanguage\":\"it-IT\"}]}<\/script>\n<!-- \/ Yoast SEO plugin. -->","yoast_head_json":{"title":"Che aspetto ha il modulo ESTA?","description":"La compilazione del modulo ESTA \u00e8 essenziale per alcuni viaggiatori che desiderano visitare gli Stati Uniti. Ecco come compilarlo","robots":{"index":"index","follow":"follow","max-snippet":"max-snippet:-1","max-image-preview":"max-image-preview:large","max-video-preview":"max-video-preview:-1"},"canonical":"https:\/\/esta-etats-unis.net\/it\/che-aspetto-ha-il-modulo-esta\/","og_locale":"it_IT","og_type":"article","og_title":"Che aspetto ha il modulo ESTA?","og_description":"La compilazione del modulo ESTA \u00e8 essenziale per alcuni viaggiatori che desiderano visitare gli Stati Uniti. Ecco come compilarlo","og_url":"https:\/\/esta-etats-unis.net\/it\/che-aspetto-ha-il-modulo-esta\/","og_site_name":"Organizza il tuo viaggio negli Stati Uniti d'America","article_modified_time":"2024-10-09T13:36:13+00:00","twitter_misc":{"Tempo di lettura stimato":"2 minuti"},"schema":{"@context":"https:\/\/schema.org","@graph":[{"@type":"WebPage","@id":"https:\/\/esta-etats-unis.net\/it\/che-aspetto-ha-il-modulo-esta\/","url":"https:\/\/esta-etats-unis.net\/it\/che-aspetto-ha-il-modulo-esta\/","name":"Che aspetto ha il modulo ESTA?","isPartOf":{"@id":"https:\/\/esta-etats-unis.net\/it\/#website"},"datePublished":"2019-05-24T07:51:03+00:00","dateModified":"2024-10-09T13:36:13+00:00","description":"La compilazione del modulo ESTA \u00e8 essenziale per alcuni viaggiatori che desiderano visitare gli Stati Uniti. Ecco come compilarlo","inLanguage":"it-IT","potentialAction":[{"@type":"ReadAction","target":["https:\/\/esta-etats-unis.net\/it\/che-aspetto-ha-il-modulo-esta\/"]}]},{"@type":"WebSite","@id":"https:\/\/esta-etats-unis.net\/it\/#website","url":"https:\/\/esta-etats-unis.net\/it\/","name":"Organizza il tuo viaggio negli Stati Uniti d'America","description":"","potentialAction":[{"@type":"SearchAction","target":{"@type":"EntryPoint","urlTemplate":"https:\/\/esta-etats-unis.net\/it\/?s={search_term_string}"},"query-input":{"@type":"PropertyValueSpecification","valueRequired":true,"valueName":"search_term_string"}}],"inLanguage":"it-IT"}]}},"_links":{"self":[{"href":"https:\/\/esta-etats-unis.net\/it\/wp-json\/wp\/v2\/pages\/520","targetHints":{"allow":["GET"]}}],"collection":[{"href":"https:\/\/esta-etats-unis.net\/it\/wp-json\/wp\/v2\/pages"}],"about":[{"href":"https:\/\/esta-etats-unis.net\/it\/wp-json\/wp\/v2\/types\/page"}],"author":[{"embeddable":true,"href":"https:\/\/esta-etats-unis.net\/it\/wp-json\/wp\/v2\/users\/1"}],"replies":[{"embeddable":true,"href":"https:\/\/esta-etats-unis.net\/it\/wp-json\/wp\/v2\/comments?post=520"}],"version-history":[{"count":4,"href":"https:\/\/esta-etats-unis.net\/it\/wp-json\/wp\/v2\/pages\/520\/revisions"}],"predecessor-version":[{"id":843,"href":"https:\/\/esta-etats-unis.net\/it\/wp-json\/wp\/v2\/pages\/520\/revisions\/843"}],"wp:attachment":[{"href":"https:\/\/esta-etats-unis.net\/it\/wp-json\/wp\/v2\/media?parent=520"}],"curies":[{"name":"wp","href":"https:\/\/api.w.org\/{rel}","templated":true}]}}