{"id":512,"date":"2019-04-26T08:16:12","date_gmt":"2019-04-26T07:16:12","guid":{"rendered":"https:\/\/esta-etats-unis.net\/come-ottenere-un-visto-per-studenti-negli-stati-uniti\/"},"modified":"2024-10-09T08:58:43","modified_gmt":"2024-10-09T07:58:43","slug":"come-ottenere-un-visto-per-studenti-negli-stati-uniti","status":"publish","type":"page","link":"https:\/\/esta-etats-unis.net\/it\/come-ottenere-un-visto-per-studenti-negli-stati-uniti\/","title":{"rendered":"Come ottenere un visto per studenti negli Stati Uniti?"},"content":{"rendered":"\n<p><span style=\"font-weight: 400;\">Vorrebbe continuare i suoi studi, ma questa volta negli Stati Uniti d&#8217;America? Ottenere un visto per studenti negli Stati Uniti non \u00e8 un compito facile. Tra la ricerca della scuola, l&#8217;esame di ammissione e le procedure amministrative per la richiesta di un visto per studenti negli Stati Uniti, \u00e8 necessario prevedere diversi mesi per preparare adeguatamente il viaggio negli Stati Uniti.  <\/span><\/p>\n\n<p><span style=\"font-weight: 400;\">Il nostro articolo vi fornir\u00e0 i dettagli di tutte le procedure da intraprendere quando volete trasferirvi e studiare all&#8217;estero.<\/span><\/p>\n\n<h2 class=\"wp-block-heading\"><span style=\"font-weight: 400;\">Trovare una scuola americana<\/span><\/h2>\n\n<p><span style=\"font-weight: 400;\">Il primo passo per ottenere un visto americano per studiare negli Stati Uniti \u00e8 quello di fare delle ricerche per trovare il college o l&#8217;universit\u00e0 pi\u00f9 adatti alle tue esigenze. Che si tratti di California, New York, Florida o San Francisco, le scuole a cui ci si rivolge devono essere certificate dal French-American Student Exchange Visitor Program. L&#8217;<a href=\"https:\/\/studyinthestates.dhs.gov\/school-search\">elenco delle scuole certificate<\/a> dallo Studio del Dipartimento della Sicurezza Nazionale \u00e8 disponibile sul sito ufficiale degli Stati Uniti.<\/span><\/p>\n\n<p><span style=\"font-weight: 400;\">Il processo di ammissione alle scuole americane \u00e8 molto pi\u00f9 complesso di quello delle scuole francesi. Infatti, le universit\u00e0 americane sono note per essere molto selettive al fine di mantenere una certa \u00e9lite (soprattutto per le scuole pi\u00f9 rinomate come Harvard, Yale, Brown, ecc.) Per iscriversi a una scuola statunitense, \u00e8 necessario fare domanda di ammissione e compilare un modulo.  <\/span><\/p>\n\n<figure class=\"wp-block-image size-large is-resized\"><a href=\"https:\/\/esta-etats-unis.net\/wp-content\/uploads\/2019\/04\/student.jpeg\"><img loading=\"lazy\" decoding=\"async\" width=\"1024\" height=\"682\" src=\"https:\/\/esta-etats-unis.net\/wp-content\/uploads\/2019\/04\/student-1024x682.jpeg\" alt=\"visto per studenti USA\" class=\"wp-image-269\" style=\"width:768px;height:512px\" srcset=\"https:\/\/esta-etats-unis.net\/wp-content\/uploads\/2019\/04\/student-1024x682.jpeg 1024w, https:\/\/esta-etats-unis.net\/wp-content\/uploads\/2019\/04\/student-300x200.jpeg 300w, https:\/\/esta-etats-unis.net\/wp-content\/uploads\/2019\/04\/student-768x512.jpeg 768w, https:\/\/esta-etats-unis.net\/wp-content\/uploads\/2019\/04\/student.jpeg 1880w\" sizes=\"auto, (max-width: 1024px) 100vw, 1024px\" \/><\/a><figcaption class=\"wp-element-caption\">Come ottenere un visto per studenti negli Stati Uniti<\/figcaption><\/figure>\n\n<h3 class=\"wp-block-heading\"><span style=\"font-weight: 400;\">L&#8217;esame di ammissione alla scuola americana  <\/span><\/h3>\n\n<p><span style=\"font-weight: 400;\">Per assicurarsi che abbiate il giusto livello di inglese e le giuste qualifiche accademiche, le universit\u00e0 prenderanno in considerazione diversi elementi:  <\/span><\/p>\n\n<ul class=\"wp-block-list\">\n<li><span style=\"font-weight: 400;\">il GPA (Grade Point Average). Si tratta della conversione della media dei voti nel sistema scolastico statunitense;  <\/span><\/li>\n\n\n\n<li><span style=\"font-weight: 400;\">il SAT (Scholastic Assessment Test). Considerato l&#8217;esame di ammissione alle universit\u00e0 americane, verifica le vostre capacit\u00e0 ed \u00e8 suddiviso in tre parti diverse: analisi del testo, scrittura e matematica.<\/span><\/li>\n<\/ul>\n\n<p><span style=\"font-weight: 400;\">Come per tutte le regole del concorso, pi\u00f9 alto \u00e8 il punteggio, maggiori sono le possibilit\u00e0 di entrare nella scuola.  <\/span><\/p>\n\n<p><span style=\"font-weight: 400;\">Poi arrivano i test linguistici. Le scuole americane vogliono assicurarsi che comprendiate bene l&#8217;inglese, quindi vi chiederanno i risultati di due test di riferimento in inglese:<\/span><\/p>\n\n<ul class=\"wp-block-list\">\n<li><span style=\"font-weight: 400;\">TOEFL ;  <\/span><\/li>\n\n\n\n<li><span style=\"font-weight: 400;\">o IELTS.  <\/span><\/li>\n<\/ul>\n\n<p><span style=\"font-weight: 400;\">Infine, le scuole vi chiederanno di scrivere un saggio personale, che \u00e8 probabilmente il passo pi\u00f9 difficile, in quanto comporta la necessit\u00e0 di parlare di voi stessi. Infatti, oltre ai risultati, le universit\u00e0 vogliono anche conoscere le ragioni per cui siete entrati, le vostre passioni e le vostre ambizioni per il futuro. Quest&#8217;ultima fase deve essere del tutto personale e deve riflettere il pi\u00f9 possibile la vostra personalit\u00e0.  <\/span><\/p>\n\n<p><span style=\"font-weight: 400;\">Nota bene: per completare la candidatura, \u00e8 possibile allegare una lettera di raccomandazione di un insegnante.  <\/span><\/p>\n\n<h3 class=\"wp-block-heading\"><span style=\"font-weight: 400;\">Finanziamenti per le universit\u00e0 statunitensi  <\/span><\/h3>\n\n<p><span style=\"font-weight: 400;\">Per avere una documentazione impeccabile in merito alla vostra richiesta di un <\/span><span style=\"font-weight: 400;\">Visto per studenti USA<\/span><span style=\"font-weight: 400;\">Per richiedere il visto, \u00e8 necessario essere finanziariamente sicuri. <\/span> <\/p>\n\n<p><span style=\"font-weight: 400;\">Vivere e studiare negli Stati Uniti pu\u00f2 essere molto costoso per uno studente francese. Infatti, molte scuole stanno aumentando le tasse di iscrizione per gli studenti stranieri. Anche il tipo di laurea fa la differenza: un MBA \u00e8 pi\u00f9 costoso di una laurea triennale.  <\/span><\/p>\n\n<p><span style=\"font-weight: 400;\">Tuttavia, esistono soluzioni di aiuto finanziario:  <\/span><\/p>\n\n<ul class=\"wp-block-list\">\n<li><span style=\"font-weight: 400;\">preferiscono le universit\u00e0 pubbliche a quelle private;  <\/span><\/li>\n\n\n\n<li><span style=\"font-weight: 400;\">studiare con una carta verde (lottery green card): grazie a questa carta, non \u00e8 necessario passare attraverso il processo di ottenimento di una <\/span><span style=\"font-weight: 400;\">Visto per studenti negli Stati Uniti,<\/span><span style=\"font-weight: 400;\">  perch\u00e9 siete residenti permanenti. Di conseguenza, siete considerati studenti americani e potete ottenere uno sconto dell&#8217;80% sulle tasse universitarie (tranne che per le universit\u00e0 d&#8217;\u00e9lite come Harvard o il Massachusetts Institute of Technology, il cui prezzo rimane invariato per tutti gli studenti);<\/span><\/li>\n\n\n\n<li><span style=\"font-weight: 400;\">Ottenere borse di studio: il Servizio francese per lo scambio accademico e la Commissione Fulbright offrono diverse opportunit\u00e0 agli studenti francesi negli Stati Uniti.  <\/span><\/li>\n<\/ul>\n\n<h2 class=\"wp-block-heading\"><span style=\"font-weight: 400;\">Il <\/span><span style=\"font-weight: 400;\">Visto per studenti USA<\/span><\/h2>\n\n<p><span style=\"font-weight: 400;\">Per studiare in un&#8217;universit\u00e0 americana, \u00e8 necessario richiedere un visto F1. \u00c8 il visto per studenti pi\u00f9 comune se si desidera studiare presso una scuola superiore, un&#8217;universit\u00e0, una scuola secondaria privata o un programma di apprendimento della lingua inglese approvato (Erasmus). \u00c8 inoltre necessario un visto F1 se il programma scolastico supera le 18 ore settimanali.  <\/span><\/p>\n\n<p><span style=\"font-weight: 400;\">Esiste un altro visto per studenti negli Stati Uniti, chiamato M1. A differenza del visto F1, il visto M1 \u00e8 destinato a studi non accademici e professionali o a stage presso un&#8217;istituzione americana.  <\/span><\/p>\n\n<p><span style=\"font-weight: 400;\">Per uno <a href=\"https:\/\/esta-etats-unis.net\/it\/tirocinio-con-visto-j1-negli-stati-uniti-qual-e-la-procedura\/\">stage negli Stati Uniti<\/a>, una formazione professionale, un lavoro alla pari, un impiego stagionale, un volontariato internazionale, il visto appropriato \u00e8 il visto J1.  <\/span><\/p>\n\n<h2 class=\"wp-block-heading\"><span style=\"font-weight: 400;\">Come richiedere un visto F1?<\/span><\/h2>\n\n<p><span style=\"font-weight: 400;\">Per richiedere un visto F1 sono necessari i seguenti documenti:<\/span><\/p>\n\n<ul class=\"wp-block-list\">\n<li><span style=\"font-weight: 400;\">un modulo elettronico per la richiesta di un visto per non immigrati (DS-160);<\/span><\/li>\n\n\n\n<li><span style=\"font-weight: 400;\">un passaporto biometrico o elettronico per il viaggio negli Stati Uniti con una data di validit\u00e0 che si estende per almeno 6 mesi oltre il periodo di soggiorno desiderato negli Stati Uniti (tranne nel caso di accordi bilaterali che offrono un&#8217;esenzione);<\/span><\/li>\n\n\n\n<li><span style=\"font-weight: 400;\">una fotografia di 5 cm x 5 cm (2 &#8220;x2&#8221;) scattata negli ultimi sei mesi;<\/span><\/li>\n\n\n\n<li><span style=\"font-weight: 400;\">la ricevuta di pagamento della tassa di richiesta del visto per non immigrati (160 USD), pagata in valuta locale;<\/span><\/li>\n\n\n\n<li><span style=\"font-weight: 400;\">un modulo I-20 approvato dalla scuola.  <\/span><\/li>\n<\/ul>\n\n<p><span style=\"font-weight: 400;\">Oltre a questi documenti, dovrete presentare una lettera che confermi che avete fissato un <a href=\"https:\/\/esta-etats-unis.net\/it\/come-si-richiede-un-visto-allambasciata-statunitense\/\">appuntamento presso l&#8217;ambasciata statunitense<\/a> del vostro Paese. Durante l&#8217;intervista, vengono presentati documenti simili al  <\/span><span style=\"font-weight: 400;\">Visto F-1<\/span><span style=\"font-weight: 400;\"> sono richiesti, \u00e8 necessario avere : <\/span> <\/p>\n\n<ul class=\"wp-block-list\">\n<li><span style=\"font-weight: 400;\">una copia stampata della lettera di nomina;  <\/span><\/li>\n\n\n\n<li><span style=\"font-weight: 400;\">dalla pagina di conferma del DS-160;<\/span><\/li>\n\n\n\n<li><span style=\"font-weight: 400;\">una foto scattata negli ultimi sei mesi;  <\/span><\/li>\n\n\n\n<li><span style=\"font-weight: 400;\">il passaporto elettronico o biometrico valido;  <\/span><\/li>\n\n\n\n<li><span style=\"font-weight: 400;\">la ricevuta della tassa originale per il visto.  <\/span><\/li>\n<\/ul>\n\n<p><span style=\"font-weight: 400;\">Attenzione: il visto non \u00e8 un lasciapassare per vivere negli Stati Uniti. Solo le autorit\u00e0 americane, al momento del passaggio della dogana, decidono se siete autorizzati o meno a entrare negli Stati Uniti (\u00e8 molto raro che un agente di sicurezza vi rifiuti l&#8217;ingresso se avete un visto).  <\/span><\/p>\n\n<p><\/p>\n","protected":false},"excerpt":{"rendered":"<p>Vorrebbe continuare i suoi studi, ma questa volta negli Stati Uniti d&#8217;America? Ottenere un visto per studenti negli Stati Uniti non \u00e8 un compito facile. Tra la ricerca della scuola, l&#8217;esame di ammissione e le procedure amministrative per la richiesta di un visto per studenti negli Stati Uniti, \u00e8 necessario prevedere diversi mesi per preparare &#8230; <a title=\"Come ottenere un visto per studenti negli Stati Uniti?\" class=\"read-more\" href=\"https:\/\/esta-etats-unis.net\/it\/come-ottenere-un-visto-per-studenti-negli-stati-uniti\/\" aria-label=\"Per saperne di pi\u00f9 su Come ottenere un visto per studenti negli Stati Uniti?\">Leggi tutto<\/a><\/p>\n","protected":false},"author":1,"featured_media":0,"parent":0,"menu_order":0,"comment_status":"closed","ping_status":"closed","template":"","meta":{"footnotes":""},"class_list":["post-512","page","type-page","status-publish"],"yoast_head":"<!-- This site is optimized with the Yoast SEO plugin v26.2 - https:\/\/yoast.com\/wordpress\/plugins\/seo\/ -->\n<title>Come ottenere un visto per studenti negli Stati Uniti<\/title>\n<meta name=\"description\" content=\"Quali sono i passi da compiere per entrare in una scuola americana e ottenere un visto studentesco per studiare negli Stati Uniti?\" \/>\n<meta name=\"robots\" content=\"index, follow, max-snippet:-1, max-image-preview:large, max-video-preview:-1\" \/>\n<link rel=\"canonical\" href=\"https:\/\/esta-etats-unis.net\/it\/come-ottenere-un-visto-per-studenti-negli-stati-uniti\/\" \/>\n<meta property=\"og:locale\" content=\"it_IT\" \/>\n<meta property=\"og:type\" content=\"article\" \/>\n<meta property=\"og:title\" content=\"Come ottenere un visto per studenti negli Stati Uniti\" \/>\n<meta property=\"og:description\" content=\"Quali sono i passi da compiere per entrare in una scuola americana e ottenere un visto studentesco per studiare negli Stati Uniti?\" \/>\n<meta property=\"og:url\" content=\"https:\/\/esta-etats-unis.net\/it\/come-ottenere-un-visto-per-studenti-negli-stati-uniti\/\" \/>\n<meta property=\"og:site_name\" content=\"Organizza il tuo viaggio negli Stati Uniti d&#039;America\" \/>\n<meta property=\"article:modified_time\" content=\"2024-10-09T07:58:43+00:00\" \/>\n<meta property=\"og:image\" content=\"https:\/\/esta-etats-unis.net\/wp-content\/uploads\/2019\/04\/student.jpeg\" \/>\n\t<meta property=\"og:image:width\" content=\"1880\" \/>\n\t<meta property=\"og:image:height\" content=\"1253\" \/>\n\t<meta property=\"og:image:type\" content=\"image\/jpeg\" \/>\n<meta name=\"twitter:label1\" content=\"Tempo di lettura stimato\" \/>\n\t<meta name=\"twitter:data1\" content=\"5 minuti\" \/>\n<script type=\"application\/ld+json\" class=\"yoast-schema-graph\">{\"@context\":\"https:\/\/schema.org\",\"@graph\":[{\"@type\":\"WebPage\",\"@id\":\"https:\/\/esta-etats-unis.net\/it\/come-ottenere-un-visto-per-studenti-negli-stati-uniti\/\",\"url\":\"https:\/\/esta-etats-unis.net\/it\/come-ottenere-un-visto-per-studenti-negli-stati-uniti\/\",\"name\":\"Come ottenere un visto per studenti negli Stati Uniti\",\"isPartOf\":{\"@id\":\"https:\/\/esta-etats-unis.net\/it\/#website\"},\"primaryImageOfPage\":{\"@id\":\"https:\/\/esta-etats-unis.net\/it\/come-ottenere-un-visto-per-studenti-negli-stati-uniti\/#primaryimage\"},\"image\":{\"@id\":\"https:\/\/esta-etats-unis.net\/it\/come-ottenere-un-visto-per-studenti-negli-stati-uniti\/#primaryimage\"},\"thumbnailUrl\":\"https:\/\/esta-etats-unis.net\/wp-content\/uploads\/2019\/04\/student-1024x682.jpeg\",\"datePublished\":\"2019-04-26T07:16:12+00:00\",\"dateModified\":\"2024-10-09T07:58:43+00:00\",\"description\":\"Quali sono i passi da compiere per entrare in una scuola americana e ottenere un visto studentesco per studiare negli Stati Uniti?\",\"inLanguage\":\"it-IT\",\"potentialAction\":[{\"@type\":\"ReadAction\",\"target\":[\"https:\/\/esta-etats-unis.net\/it\/come-ottenere-un-visto-per-studenti-negli-stati-uniti\/\"]}]},{\"@type\":\"ImageObject\",\"inLanguage\":\"it-IT\",\"@id\":\"https:\/\/esta-etats-unis.net\/it\/come-ottenere-un-visto-per-studenti-negli-stati-uniti\/#primaryimage\",\"url\":\"https:\/\/esta-etats-unis.net\/wp-content\/uploads\/2019\/04\/student-1024x682.jpeg\",\"contentUrl\":\"https:\/\/esta-etats-unis.net\/wp-content\/uploads\/2019\/04\/student-1024x682.jpeg\"},{\"@type\":\"WebSite\",\"@id\":\"https:\/\/esta-etats-unis.net\/it\/#website\",\"url\":\"https:\/\/esta-etats-unis.net\/it\/\",\"name\":\"Organizza il tuo viaggio negli Stati Uniti d'America\",\"description\":\"\",\"potentialAction\":[{\"@type\":\"SearchAction\",\"target\":{\"@type\":\"EntryPoint\",\"urlTemplate\":\"https:\/\/esta-etats-unis.net\/it\/?s={search_term_string}\"},\"query-input\":{\"@type\":\"PropertyValueSpecification\",\"valueRequired\":true,\"valueName\":\"search_term_string\"}}],\"inLanguage\":\"it-IT\"}]}<\/script>\n<!-- \/ Yoast SEO plugin. -->","yoast_head_json":{"title":"Come ottenere un visto per studenti negli Stati Uniti","description":"Quali sono i passi da compiere per entrare in una scuola americana e ottenere un visto studentesco per studiare negli Stati Uniti?","robots":{"index":"index","follow":"follow","max-snippet":"max-snippet:-1","max-image-preview":"max-image-preview:large","max-video-preview":"max-video-preview:-1"},"canonical":"https:\/\/esta-etats-unis.net\/it\/come-ottenere-un-visto-per-studenti-negli-stati-uniti\/","og_locale":"it_IT","og_type":"article","og_title":"Come ottenere un visto per studenti negli Stati Uniti","og_description":"Quali sono i passi da compiere per entrare in una scuola americana e ottenere un visto studentesco per studiare negli Stati Uniti?","og_url":"https:\/\/esta-etats-unis.net\/it\/come-ottenere-un-visto-per-studenti-negli-stati-uniti\/","og_site_name":"Organizza il tuo viaggio negli Stati Uniti d'America","article_modified_time":"2024-10-09T07:58:43+00:00","og_image":[{"width":1880,"height":1253,"url":"https:\/\/esta-etats-unis.net\/wp-content\/uploads\/2019\/04\/student.jpeg","type":"image\/jpeg"}],"twitter_misc":{"Tempo di lettura stimato":"5 minuti"},"schema":{"@context":"https:\/\/schema.org","@graph":[{"@type":"WebPage","@id":"https:\/\/esta-etats-unis.net\/it\/come-ottenere-un-visto-per-studenti-negli-stati-uniti\/","url":"https:\/\/esta-etats-unis.net\/it\/come-ottenere-un-visto-per-studenti-negli-stati-uniti\/","name":"Come ottenere un visto per studenti negli Stati Uniti","isPartOf":{"@id":"https:\/\/esta-etats-unis.net\/it\/#website"},"primaryImageOfPage":{"@id":"https:\/\/esta-etats-unis.net\/it\/come-ottenere-un-visto-per-studenti-negli-stati-uniti\/#primaryimage"},"image":{"@id":"https:\/\/esta-etats-unis.net\/it\/come-ottenere-un-visto-per-studenti-negli-stati-uniti\/#primaryimage"},"thumbnailUrl":"https:\/\/esta-etats-unis.net\/wp-content\/uploads\/2019\/04\/student-1024x682.jpeg","datePublished":"2019-04-26T07:16:12+00:00","dateModified":"2024-10-09T07:58:43+00:00","description":"Quali sono i passi da compiere per entrare in una scuola americana e ottenere un visto studentesco per studiare negli Stati Uniti?","inLanguage":"it-IT","potentialAction":[{"@type":"ReadAction","target":["https:\/\/esta-etats-unis.net\/it\/come-ottenere-un-visto-per-studenti-negli-stati-uniti\/"]}]},{"@type":"ImageObject","inLanguage":"it-IT","@id":"https:\/\/esta-etats-unis.net\/it\/come-ottenere-un-visto-per-studenti-negli-stati-uniti\/#primaryimage","url":"https:\/\/esta-etats-unis.net\/wp-content\/uploads\/2019\/04\/student-1024x682.jpeg","contentUrl":"https:\/\/esta-etats-unis.net\/wp-content\/uploads\/2019\/04\/student-1024x682.jpeg"},{"@type":"WebSite","@id":"https:\/\/esta-etats-unis.net\/it\/#website","url":"https:\/\/esta-etats-unis.net\/it\/","name":"Organizza il tuo viaggio negli Stati Uniti d'America","description":"","potentialAction":[{"@type":"SearchAction","target":{"@type":"EntryPoint","urlTemplate":"https:\/\/esta-etats-unis.net\/it\/?s={search_term_string}"},"query-input":{"@type":"PropertyValueSpecification","valueRequired":true,"valueName":"search_term_string"}}],"inLanguage":"it-IT"}]}},"_links":{"self":[{"href":"https:\/\/esta-etats-unis.net\/it\/wp-json\/wp\/v2\/pages\/512","targetHints":{"allow":["GET"]}}],"collection":[{"href":"https:\/\/esta-etats-unis.net\/it\/wp-json\/wp\/v2\/pages"}],"about":[{"href":"https:\/\/esta-etats-unis.net\/it\/wp-json\/wp\/v2\/types\/page"}],"author":[{"embeddable":true,"href":"https:\/\/esta-etats-unis.net\/it\/wp-json\/wp\/v2\/users\/1"}],"replies":[{"embeddable":true,"href":"https:\/\/esta-etats-unis.net\/it\/wp-json\/wp\/v2\/comments?post=512"}],"version-history":[{"count":4,"href":"https:\/\/esta-etats-unis.net\/it\/wp-json\/wp\/v2\/pages\/512\/revisions"}],"predecessor-version":[{"id":808,"href":"https:\/\/esta-etats-unis.net\/it\/wp-json\/wp\/v2\/pages\/512\/revisions\/808"}],"wp:attachment":[{"href":"https:\/\/esta-etats-unis.net\/it\/wp-json\/wp\/v2\/media?parent=512"}],"curies":[{"name":"wp","href":"https:\/\/api.w.org\/{rel}","templated":true}]}}