{"id":500,"date":"2014-11-17T22:19:18","date_gmt":"2014-11-17T21:19:18","guid":{"rendered":"https:\/\/esta-etats-unis.net\/perche-richiedere-lesta-prima-di-partire-per-gli-stati-uniti\/"},"modified":"2024-10-11T08:42:23","modified_gmt":"2024-10-11T07:42:23","slug":"perche-richiedere-lesta-prima-di-partire-per-gli-stati-uniti","status":"publish","type":"page","link":"https:\/\/esta-etats-unis.net\/it\/perche-richiedere-lesta-prima-di-partire-per-gli-stati-uniti\/","title":{"rendered":"Perch\u00e9 richiedere l&#8217;ESTA prima di partire per gli Stati Uniti?"},"content":{"rendered":"\n<p><span style=\"font-weight: 400;\">L&#8217;autorizzazione di viaggio ESTA \u00e8 necessaria per tutti i viaggiatori che desiderano entrare negli Stati Uniti per turismo, affari o transito. Questa <a href=\"https:\/\/esta-etats-unis.net\/it\/formalita-esta-per-un-viaggio-negli-usa\/\">formalit\u00e0 per l&#8217;ingresso negli USA<\/a> \u00e8 indispensabile per viaggiare negli Stati Uniti. Anche i bambini devono avere un ESTA (richiesto dai genitori) per recarsi negli Stati Uniti. Questo tipo di permesso consente un soggiorno massimo di 90 giorni. Chi ha intenzione di fare uno stage, studiare o cercare lavoro deve richiedere un <a href=\"https:\/\/esta-etats-unis.net\/it\/visto-o-esta-per-viaggiare-negli-stati-uniti\/\">visto per gli Stati Uniti<\/a> presso l&#8217;ambasciata americana del proprio Paese di residenza.  <\/span><\/p>\n\n<p><span style=\"font-weight: 400;\">Devi presentare la domanda ESTA sul sito web del governo statunitense. La domanda ESTA deve essere presentata almeno tre giorni prima della partenza. \u00c8 possibile che la vostra domanda venga messa in attesa e in questo caso le autorit\u00e0 hanno un massimo di 72 ore per dare il risultato finale.<\/span><\/p>\n\n<h2 class=\"wp-block-heading\">Chi pu\u00f2 richiedere l&#8217;autorizzazione ESTA?<\/h2>\n\n<p><span style=\"font-weight: 400;\">Prima di richiedere l&#8217;autorizzazione elettronica al viaggio via Internet, assicurati di essere idoneo a ricevere il documento ESTA. Per essere idoneo, devi essere in possesso di un <a href=\"https:\/\/esta-etats-unis.net\/it\/di-quale-passaporto-ho-bisogno-per-ottenere-un-esta-o-un-visto\/\">passaporto valido<\/a>. Si noti che con questa autorizzazione si pu\u00f2 soggiornare solo per un massimo di 90 giorni e che si pu\u00f2 effettuare solo un viaggio turistico, di lavoro o di transito. In nessun caso potete lavorare sul suolo americano con un ESTA, nel qual caso la vostra presenza sar\u00e0 considerata illegale. Una volta ottenuta l&#8217;autorizzazione ESTA, potrete viaggiare da e verso gli Stati Uniti per due anni, ma non dovrete mai superare i 90 giorni consecutivi per soggiorno.<\/span><\/p>\n\n<p><span style=\"font-weight: 400;\">Il <a href=\"https:\/\/esta-etats-unis.net\/it\/che-aspetto-ha-il-modulo-esta\/\">documento ESTA<\/a> \u00e8 valido per due anni, a meno che il passaporto non scada prima. Tutte le persone che risiedono in Paesi aderenti al Programma Viaggio senza Visto (VWP) possono richiedere l&#8217;ESTA. I Paesi che partecipano a questo programma sono elencati di seguito:<\/span><\/p>\n\n<p><span style=\"font-weight: 400;\">Andorra, Australia, Austria, Belgio, Brunei, Cile, Croazia, Repubblica Ceca, Danimarca, Estonia, Finlandia, Francia, Germania, Grecia, Ungheria, Islanda, Irlanda, Israele, Italia, Giappone, Paesi Bassi, Lettonia, Liechtenstein, Lituania, Lussemburgo, Malta, Monaco, Nuova Zelanda, Norvegia, Polonia, Portogallo, San Marino, Singapore, Slovacchia, Slovenia, Corea del Sud, Spagna, Svezia, Svizzera, Regno Unito e Taiwan.<\/span><\/p>\n\n<h2 class=\"wp-block-heading\"><span style=\"font-weight: 400;\">Come richiedere l&#8217;ESTA?<\/span><\/h2>\n\n<p><span style=\"font-weight: 400;\">Per richiedere l&#8217;ESTA, avete due possibilit\u00e0 per quanto riguarda il modulo online da compilare: la domanda ESTA sul sito ufficiale del governo statunitense o su un sito privato che offre servizi aggiuntivi. In entrambi i casi, \u00e8 necessario avere un passaporto valido per fornire il numero di passaporto e una carta di credito per convalidare l&#8217;acquisto. Il costo amministrativo \u00e8 di 21 dollari sul sito ufficiale dell&#8217;ESTA dal 2022. La domanda deve essere presentata almeno 72 ore prima della partenza, ma vi consigliamo di farla non appena decidete di programmare un soggiorno negli Stati Uniti.<\/span><\/p>\n\n<p><span style=\"font-weight: 400;\">Quando si utilizza il sito web ufficiale, assicurarsi di controllare ogni informazione personale fornita. Basta un semplice errore nel <a href=\"https:\/\/formulaire-esta.com\">modulo ESTA<\/a> per ricevere un rifiuto da parte delle autorit\u00e0 americane. Il modulo si compone di tre fasi. Durante queste fasi, il governo degli Stati Uniti raccoglie informazioni su di voi, sulle ragioni del vostro viaggio negli Stati Uniti e sulla vostra storia legale e medica.<\/span><\/p>\n\n<p><span style=\"font-weight: 400;\">\u00c8 proprio perch\u00e9 il rischio di errore \u00e8 elevato che i siti privati offrono i loro servizi. Si compila un modulo semplificato e i professionisti comunicheranno le informazioni personali dopo la verifica dei dati.<\/span><\/p>\n\n<p><span style=\"font-weight: 400;\">Il documento viene solitamente rilasciato entro 72 ore dalla richiesta online. Con l&#8217;ESTA puoi <a href=\"https:\/\/www.cgmna.org\/\">recarti negli Stati Uniti<\/a> pi\u00f9 volte, per un massimo di 90 giorni, in un periodo massimo di due anni.<\/span><\/p>\n\n<h2 class=\"wp-block-heading\"><span style=\"font-weight: 400;\">In quali casi la domanda di ESTA pu\u00f2 essere rifiutata?<\/span><\/h2>\n\n<p><span style=\"font-weight: 400;\">Ci sono molti motivi per cui la vostra domanda ESTA pu\u00f2 essere rifiutata. Il motivo pi\u00f9 comune \u00e8 che le informazioni non corrispondono, cio\u00e8 le informazioni personali sul passaporto e quelle presentate sul modulo ESTA non corrispondono completamente. \u00c8 importante ricordare che le informazioni fornite alle autorit\u00e0 statunitensi devono essere veritiere e aggiornate.<\/span><\/p>\n\n<p><span style=\"font-weight: 400;\">In linea di principio, il rifiuto \u00e8 automatico se il viaggiatore ha una storia legale o medica significativa, se il passaporto \u00e8 scaduto o se la persona in questione non proviene da un Paese membro del Programma di esenzione dall&#8217;obbligo del visto.  <\/span><\/p>\n\n<p><span style=\"font-weight: 400;\">Se la vostra domanda ESTA viene respinta, non preoccupatevi, potete comunque proseguire con i vostri piani di viaggio. Dovete solo essere pi\u00f9 pazienti e prendere in considerazione la possibilit\u00e0 di <a href=\"https:\/\/esta-etats-unis.net\/it\/come-si-richiede-un-visto-allambasciata-statunitense\/\">richiedere un visto all&#8217;ambasciata statunitense<\/a>. Esistono diversi visti a seconda della natura del viaggio negli Stati Uniti: visto turistico, visto di studio o visto di lavoro.  <\/span><\/p>\n","protected":false},"excerpt":{"rendered":"<p>L&#8217;autorizzazione di viaggio ESTA \u00e8 necessaria per tutti i viaggiatori che desiderano entrare negli Stati Uniti per turismo, affari o transito. Questa formalit\u00e0 per l&#8217;ingresso negli USA \u00e8 indispensabile per viaggiare negli Stati Uniti. Anche i bambini devono avere un ESTA (richiesto dai genitori) per recarsi negli Stati Uniti. Questo tipo di permesso consente un &#8230; <a title=\"Perch\u00e9 richiedere l&#8217;ESTA prima di partire per gli Stati Uniti?\" class=\"read-more\" href=\"https:\/\/esta-etats-unis.net\/it\/perche-richiedere-lesta-prima-di-partire-per-gli-stati-uniti\/\" aria-label=\"Per saperne di pi\u00f9 su Perch\u00e9 richiedere l&#8217;ESTA prima di partire per gli Stati Uniti?\">Leggi tutto<\/a><\/p>\n","protected":false},"author":1,"featured_media":0,"parent":0,"menu_order":0,"comment_status":"closed","ping_status":"closed","template":"","meta":{"footnotes":""},"class_list":["post-500","page","type-page","status-publish"],"yoast_head":"<!-- This site is optimized with the Yoast SEO plugin v26.2 - https:\/\/yoast.com\/wordpress\/plugins\/seo\/ -->\n<title>Perch\u00e9 richiedere l&#039;ESTA prima di recarsi negli Stati Uniti?<\/title>\n<meta name=\"description\" content=\"Qual \u00e8 lo scopo dell&#039;ESTA, chi pu\u00f2 beneficiarne e perch\u00e9 \u00e8 necessario richiederla? Tutte le risposte in questo articolo sulla domanda ESTA.\" \/>\n<meta name=\"robots\" content=\"index, follow, max-snippet:-1, max-image-preview:large, max-video-preview:-1\" \/>\n<link rel=\"canonical\" href=\"https:\/\/esta-etats-unis.net\/it\/perche-richiedere-lesta-prima-di-partire-per-gli-stati-uniti\/\" \/>\n<meta property=\"og:locale\" content=\"it_IT\" \/>\n<meta property=\"og:type\" content=\"article\" \/>\n<meta property=\"og:title\" content=\"Perch\u00e9 richiedere l&#039;ESTA prima di recarsi negli Stati Uniti?\" \/>\n<meta property=\"og:description\" content=\"Qual \u00e8 lo scopo dell&#039;ESTA, chi pu\u00f2 beneficiarne e perch\u00e9 \u00e8 necessario richiederla? Tutte le risposte in questo articolo sulla domanda ESTA.\" \/>\n<meta property=\"og:url\" content=\"https:\/\/esta-etats-unis.net\/it\/perche-richiedere-lesta-prima-di-partire-per-gli-stati-uniti\/\" \/>\n<meta property=\"og:site_name\" content=\"Organizza il tuo viaggio negli Stati Uniti d&#039;America\" \/>\n<meta property=\"article:modified_time\" content=\"2024-10-11T07:42:23+00:00\" \/>\n<meta name=\"twitter:label1\" content=\"Tempo di lettura stimato\" \/>\n\t<meta name=\"twitter:data1\" content=\"4 minuti\" \/>\n<script type=\"application\/ld+json\" class=\"yoast-schema-graph\">{\"@context\":\"https:\/\/schema.org\",\"@graph\":[{\"@type\":\"WebPage\",\"@id\":\"https:\/\/esta-etats-unis.net\/it\/perche-richiedere-lesta-prima-di-partire-per-gli-stati-uniti\/\",\"url\":\"https:\/\/esta-etats-unis.net\/it\/perche-richiedere-lesta-prima-di-partire-per-gli-stati-uniti\/\",\"name\":\"Perch\u00e9 richiedere l'ESTA prima di recarsi negli Stati Uniti?\",\"isPartOf\":{\"@id\":\"https:\/\/esta-etats-unis.net\/it\/#website\"},\"datePublished\":\"2014-11-17T21:19:18+00:00\",\"dateModified\":\"2024-10-11T07:42:23+00:00\",\"description\":\"Qual \u00e8 lo scopo dell'ESTA, chi pu\u00f2 beneficiarne e perch\u00e9 \u00e8 necessario richiederla? Tutte le risposte in questo articolo sulla domanda ESTA.\",\"inLanguage\":\"it-IT\",\"potentialAction\":[{\"@type\":\"ReadAction\",\"target\":[\"https:\/\/esta-etats-unis.net\/it\/perche-richiedere-lesta-prima-di-partire-per-gli-stati-uniti\/\"]}]},{\"@type\":\"WebSite\",\"@id\":\"https:\/\/esta-etats-unis.net\/it\/#website\",\"url\":\"https:\/\/esta-etats-unis.net\/it\/\",\"name\":\"Organizza il tuo viaggio negli Stati Uniti d'America\",\"description\":\"\",\"potentialAction\":[{\"@type\":\"SearchAction\",\"target\":{\"@type\":\"EntryPoint\",\"urlTemplate\":\"https:\/\/esta-etats-unis.net\/it\/?s={search_term_string}\"},\"query-input\":{\"@type\":\"PropertyValueSpecification\",\"valueRequired\":true,\"valueName\":\"search_term_string\"}}],\"inLanguage\":\"it-IT\"}]}<\/script>\n<!-- \/ Yoast SEO plugin. -->","yoast_head_json":{"title":"Perch\u00e9 richiedere l'ESTA prima di recarsi negli Stati Uniti?","description":"Qual \u00e8 lo scopo dell'ESTA, chi pu\u00f2 beneficiarne e perch\u00e9 \u00e8 necessario richiederla? Tutte le risposte in questo articolo sulla domanda ESTA.","robots":{"index":"index","follow":"follow","max-snippet":"max-snippet:-1","max-image-preview":"max-image-preview:large","max-video-preview":"max-video-preview:-1"},"canonical":"https:\/\/esta-etats-unis.net\/it\/perche-richiedere-lesta-prima-di-partire-per-gli-stati-uniti\/","og_locale":"it_IT","og_type":"article","og_title":"Perch\u00e9 richiedere l'ESTA prima di recarsi negli Stati Uniti?","og_description":"Qual \u00e8 lo scopo dell'ESTA, chi pu\u00f2 beneficiarne e perch\u00e9 \u00e8 necessario richiederla? Tutte le risposte in questo articolo sulla domanda ESTA.","og_url":"https:\/\/esta-etats-unis.net\/it\/perche-richiedere-lesta-prima-di-partire-per-gli-stati-uniti\/","og_site_name":"Organizza il tuo viaggio negli Stati Uniti d'America","article_modified_time":"2024-10-11T07:42:23+00:00","twitter_misc":{"Tempo di lettura stimato":"4 minuti"},"schema":{"@context":"https:\/\/schema.org","@graph":[{"@type":"WebPage","@id":"https:\/\/esta-etats-unis.net\/it\/perche-richiedere-lesta-prima-di-partire-per-gli-stati-uniti\/","url":"https:\/\/esta-etats-unis.net\/it\/perche-richiedere-lesta-prima-di-partire-per-gli-stati-uniti\/","name":"Perch\u00e9 richiedere l'ESTA prima di recarsi negli Stati Uniti?","isPartOf":{"@id":"https:\/\/esta-etats-unis.net\/it\/#website"},"datePublished":"2014-11-17T21:19:18+00:00","dateModified":"2024-10-11T07:42:23+00:00","description":"Qual \u00e8 lo scopo dell'ESTA, chi pu\u00f2 beneficiarne e perch\u00e9 \u00e8 necessario richiederla? Tutte le risposte in questo articolo sulla domanda ESTA.","inLanguage":"it-IT","potentialAction":[{"@type":"ReadAction","target":["https:\/\/esta-etats-unis.net\/it\/perche-richiedere-lesta-prima-di-partire-per-gli-stati-uniti\/"]}]},{"@type":"WebSite","@id":"https:\/\/esta-etats-unis.net\/it\/#website","url":"https:\/\/esta-etats-unis.net\/it\/","name":"Organizza il tuo viaggio negli Stati Uniti d'America","description":"","potentialAction":[{"@type":"SearchAction","target":{"@type":"EntryPoint","urlTemplate":"https:\/\/esta-etats-unis.net\/it\/?s={search_term_string}"},"query-input":{"@type":"PropertyValueSpecification","valueRequired":true,"valueName":"search_term_string"}}],"inLanguage":"it-IT"}]}},"_links":{"self":[{"href":"https:\/\/esta-etats-unis.net\/it\/wp-json\/wp\/v2\/pages\/500","targetHints":{"allow":["GET"]}}],"collection":[{"href":"https:\/\/esta-etats-unis.net\/it\/wp-json\/wp\/v2\/pages"}],"about":[{"href":"https:\/\/esta-etats-unis.net\/it\/wp-json\/wp\/v2\/types\/page"}],"author":[{"embeddable":true,"href":"https:\/\/esta-etats-unis.net\/it\/wp-json\/wp\/v2\/users\/1"}],"replies":[{"embeddable":true,"href":"https:\/\/esta-etats-unis.net\/it\/wp-json\/wp\/v2\/comments?post=500"}],"version-history":[{"count":4,"href":"https:\/\/esta-etats-unis.net\/it\/wp-json\/wp\/v2\/pages\/500\/revisions"}],"predecessor-version":[{"id":887,"href":"https:\/\/esta-etats-unis.net\/it\/wp-json\/wp\/v2\/pages\/500\/revisions\/887"}],"wp:attachment":[{"href":"https:\/\/esta-etats-unis.net\/it\/wp-json\/wp\/v2\/media?parent=500"}],"curies":[{"name":"wp","href":"https:\/\/api.w.org\/{rel}","templated":true}]}}