{"id":491,"date":"2014-11-17T22:12:34","date_gmt":"2014-11-17T21:12:34","guid":{"rendered":"https:\/\/esta-etats-unis.net\/quale-biglietto-per-gli-stati-uniti-con-lesta\/"},"modified":"2024-10-11T10:45:30","modified_gmt":"2024-10-11T09:45:30","slug":"quale-biglietto-per-gli-stati-uniti-con-lesta","status":"publish","type":"page","link":"https:\/\/esta-etats-unis.net\/it\/quale-biglietto-per-gli-stati-uniti-con-lesta\/","title":{"rendered":"Quale biglietto per gli Stati Uniti con l&#8217;ESTA"},"content":{"rendered":"\n<p>La preparazione di un viaggio attraverso l&#8217;Atlantico richiede tempo, organizzazione e la richiesta di un permesso. L&#8217;introduzione del Visa Waiver Program ha cambiato in modo significativo il processo di viaggio negli Stati Uniti. I cittadini dei Paesi membri del VWP (Visa Waiver Program) non sono pi\u00f9 tenuti a richiedere un visto per un soggiorno di breve durata negli Stati Uniti per affari, turismo o transito.<\/p>\n\n<p>Tuttavia, per motivi di sicurezza, devono ottenere l&#8217;ESTA (Electronic System for Travel Authorization) prima di recarsi negli Stati Uniti. Esistono anche altri requisiti per entrare negli Stati Uniti senza visto, in particolare per quanto riguarda il <a href=\"https:\/\/esta-etats-unis.net\/it\/di-quale-passaporto-ho-bisogno-per-ottenere-un-esta-o-un-visto\/\">passaporto<\/a> o il biglietto aereo.<\/p>\n\n<h2 class=\"wp-block-heading\">Chiarimenti sull&#8217;ESTA USA<\/h2>\n\n<p>Gli unici cittadini che possono beneficiare dell&#8217;esenzione dal visto e viaggiare con l&#8217;ESTA sono i cittadini dei Paesi che rientrano nel Programma di esenzione dal visto. L&#8217;autorizzazione ESTA \u00e8 un documento di viaggio che consente di viaggiare per via <a href=\"https:\/\/esta-etats-unis.net\/it\/raggiungere-gli-stati-uniti-in-aereo-o-in-nave\/\">aerea o marittima<\/a>. Questo documento \u00e8 necessario per entrare negli Stati Uniti per un viaggio di breve durata (massimo 90 giorni). Il motivo del viaggio in questo caso pu\u00f2 essere per affari, turismo o transito.<\/p>\n\n<p>Per quanto riguarda il funzionamento e l&#8217;utilit\u00e0 del sistema, le informazioni fornite nel modulo online sono controllate dal Dipartimento di Sicurezza Nazionale e dal Servizio Immigrazione degli Stati Uniti. Se i controlli non danno esito negativo, l&#8217;autorizzazione viene concessa ed \u00e8 valida per 2 anni o alla scadenza del passaporto.<\/p>\n\n<h3 class=\"wp-block-heading\"><em>Procedura di richiesta dell&#8217;ESTA<\/em><\/h3>\n\n<p>Per ottenere l&#8217;ESTA, il viaggiatore deve fare <a href=\"https:\/\/esta-etats-unis.net\/it\/esta-online-per-lautorizzazione-di-emergenza\/\">domanda online<\/a> tramite il sito ufficiale o siti web specializzati. La risposta sar\u00e0 inviata al richiedente entro 72 ore dall&#8217;invio del modulo ESTA compilato. L&#8217;ESTA pu\u00f2 essere utilizzato per due anni (durata di validit\u00e0 del documento). La domanda viene inoltrata alle autorit\u00e0 statunitensi dopo il pagamento con carta di credito. Si noti che, in caso di rifiuto, l&#8217;interessato deve richiedere un <a href=\"https:\/\/esta-etats-unis.net\/it\/come-si-richiede-un-visto-allambasciata-statunitense\/\">visto americano all&#8217;ambasciata statunitense<\/a> se intende recarsi negli Stati Uniti. Ottenere un visto per gli Stati Uniti \u00e8 un processo lungo e molto pi\u00f9 costoso.<\/p>\n\n<h3 class=\"wp-block-heading\"><em>Condizioni per l&#8217;ammissione negli Stati Uniti<\/em><\/h3>\n\n<p>L&#8217;ottenimento dell&#8217;ESTA non \u00e8 una condizione necessaria e sufficiente per recarsi negli Stati Uniti. In effetti, permette solo di imbarcarsi liberamente su un aereo o una nave diretti negli Stati Uniti. Per poter soggiornare nel Paese sono necessarie altre formalit\u00e0. Da un lato, il viaggiatore senza visto deve avere un passaporto valido (passaporto elettronico o passaporto biometrico) e soddisfare i requisiti di sicurezza: pu\u00f2 essere biometrico o elettronico. D&#8217;altra parte, il visitatore deve avere un biglietto di ritorno che dimostri la sua intenzione di lasciare il Paese in tempo. Infine, a partire dalla riapertura delle frontiere nel 2022, i <strong>visitatori devono essere in regola con le vaccinazioni COVID 19<\/strong>.<\/p>\n\n<h2 class=\"wp-block-heading\">Dove acquistare un biglietto aereo per andare negli Stati Uniti?<\/h2>\n\n<p>Tramite un&#8217;agenzia di viaggi, \u00e8 possibile accedere a pacchetti che offrono prenotazioni di voli e hotel per un viaggio su misura. Se siete pi\u00f9 propensi a organizzare il vostro viaggio da soli, dovrete trovare i biglietti aerei per le vostre date e un hotel o un appartamento adatto alle vostre esigenze. \u00c8 necessario richiedere l&#8217;<a href=\"https:\/\/123-esta.com\/it\/chiedere-esta-meglio-acquistare-biglietti-aerei\/\">ESTA prima di acquistare i biglietti aerei di andata e ritorno<\/a> per gli Stati Uniti.<\/p>\n\n<p>Il nostro consiglio ai viaggiatori per trovare un biglietto aereo economico: ci sono sempre pi\u00f9 compagnie aeree sul mercato (XL Airways, Air France, British Airways&#8230;), per questo \u00e8 difficile sceglierne una. Per aiutarvi, andate su un sito di comparazione, indicate l&#8217;aeroporto di origine e di arrivo negli Stati Uniti, le date del viaggio, nonch\u00e9 il vostro desiderio di beneficiare o meno di un volo diretto, quindi cliccate su convalida. Attendete qualche secondo e il sito confronter\u00e0 i diversi prezzi di tutte le compagnie aeree. In questo modo, potrete conoscere le migliori tariffe per viaggiare negli Stati Uniti. Si prega di notare che se si desidera portare con s\u00e9 un bagaglio da stiva oltre al bagaglio a mano, potrebbero essere applicate tariffe aggiuntive a seconda della compagnia aerea.<\/p>\n","protected":false},"excerpt":{"rendered":"<p>La preparazione di un viaggio attraverso l&#8217;Atlantico richiede tempo, organizzazione e la richiesta di un permesso. L&#8217;introduzione del Visa Waiver Program ha cambiato in modo significativo il processo di viaggio negli Stati Uniti. I cittadini dei Paesi membri del VWP (Visa Waiver Program) non sono pi\u00f9 tenuti a richiedere un visto per un soggiorno di &#8230; <a title=\"Quale biglietto per gli Stati Uniti con l&#8217;ESTA\" class=\"read-more\" href=\"https:\/\/esta-etats-unis.net\/it\/quale-biglietto-per-gli-stati-uniti-con-lesta\/\" aria-label=\"Per saperne di pi\u00f9 su Quale biglietto per gli Stati Uniti con l&#8217;ESTA\">Leggi tutto<\/a><\/p>\n","protected":false},"author":1,"featured_media":0,"parent":0,"menu_order":0,"comment_status":"closed","ping_status":"closed","template":"","meta":{"footnotes":""},"class_list":["post-491","page","type-page","status-publish"],"yoast_head":"<!-- This site is optimized with the Yoast SEO plugin v26.2 - https:\/\/yoast.com\/wordpress\/plugins\/seo\/ -->\n<title>Biglietto aereo per gli Stati Uniti con ESTA<\/title>\n<meta name=\"description\" content=\"Per recarti negli Stati Uniti hai bisogno di un passaporto, dell&#039;autorizzazione ESTA e di un biglietto di ritorno.\" \/>\n<meta name=\"robots\" content=\"index, follow, max-snippet:-1, max-image-preview:large, max-video-preview:-1\" \/>\n<link rel=\"canonical\" href=\"https:\/\/esta-etats-unis.net\/it\/quale-biglietto-per-gli-stati-uniti-con-lesta\/\" \/>\n<meta property=\"og:locale\" content=\"it_IT\" \/>\n<meta property=\"og:type\" content=\"article\" \/>\n<meta property=\"og:title\" content=\"Biglietto aereo per gli Stati Uniti con ESTA\" \/>\n<meta property=\"og:description\" content=\"Per recarti negli Stati Uniti hai bisogno di un passaporto, dell&#039;autorizzazione ESTA e di un biglietto di ritorno.\" \/>\n<meta property=\"og:url\" content=\"https:\/\/esta-etats-unis.net\/it\/quale-biglietto-per-gli-stati-uniti-con-lesta\/\" \/>\n<meta property=\"og:site_name\" content=\"Organizza il tuo viaggio negli Stati Uniti d&#039;America\" \/>\n<meta property=\"article:modified_time\" content=\"2024-10-11T09:45:30+00:00\" \/>\n<meta name=\"twitter:label1\" content=\"Tempo di lettura stimato\" \/>\n\t<meta name=\"twitter:data1\" content=\"3 minuti\" \/>\n<script type=\"application\/ld+json\" class=\"yoast-schema-graph\">{\"@context\":\"https:\/\/schema.org\",\"@graph\":[{\"@type\":\"WebPage\",\"@id\":\"https:\/\/esta-etats-unis.net\/it\/quale-biglietto-per-gli-stati-uniti-con-lesta\/\",\"url\":\"https:\/\/esta-etats-unis.net\/it\/quale-biglietto-per-gli-stati-uniti-con-lesta\/\",\"name\":\"Biglietto aereo per gli Stati Uniti con ESTA\",\"isPartOf\":{\"@id\":\"https:\/\/esta-etats-unis.net\/it\/#website\"},\"datePublished\":\"2014-11-17T21:12:34+00:00\",\"dateModified\":\"2024-10-11T09:45:30+00:00\",\"description\":\"Per recarti negli Stati Uniti hai bisogno di un passaporto, dell'autorizzazione ESTA e di un biglietto di ritorno.\",\"inLanguage\":\"it-IT\",\"potentialAction\":[{\"@type\":\"ReadAction\",\"target\":[\"https:\/\/esta-etats-unis.net\/it\/quale-biglietto-per-gli-stati-uniti-con-lesta\/\"]}]},{\"@type\":\"WebSite\",\"@id\":\"https:\/\/esta-etats-unis.net\/it\/#website\",\"url\":\"https:\/\/esta-etats-unis.net\/it\/\",\"name\":\"Organizza il tuo viaggio negli Stati Uniti d'America\",\"description\":\"\",\"potentialAction\":[{\"@type\":\"SearchAction\",\"target\":{\"@type\":\"EntryPoint\",\"urlTemplate\":\"https:\/\/esta-etats-unis.net\/it\/?s={search_term_string}\"},\"query-input\":{\"@type\":\"PropertyValueSpecification\",\"valueRequired\":true,\"valueName\":\"search_term_string\"}}],\"inLanguage\":\"it-IT\"}]}<\/script>\n<!-- \/ Yoast SEO plugin. -->","yoast_head_json":{"title":"Biglietto aereo per gli Stati Uniti con ESTA","description":"Per recarti negli Stati Uniti hai bisogno di un passaporto, dell'autorizzazione ESTA e di un biglietto di ritorno.","robots":{"index":"index","follow":"follow","max-snippet":"max-snippet:-1","max-image-preview":"max-image-preview:large","max-video-preview":"max-video-preview:-1"},"canonical":"https:\/\/esta-etats-unis.net\/it\/quale-biglietto-per-gli-stati-uniti-con-lesta\/","og_locale":"it_IT","og_type":"article","og_title":"Biglietto aereo per gli Stati Uniti con ESTA","og_description":"Per recarti negli Stati Uniti hai bisogno di un passaporto, dell'autorizzazione ESTA e di un biglietto di ritorno.","og_url":"https:\/\/esta-etats-unis.net\/it\/quale-biglietto-per-gli-stati-uniti-con-lesta\/","og_site_name":"Organizza il tuo viaggio negli Stati Uniti d'America","article_modified_time":"2024-10-11T09:45:30+00:00","twitter_misc":{"Tempo di lettura stimato":"3 minuti"},"schema":{"@context":"https:\/\/schema.org","@graph":[{"@type":"WebPage","@id":"https:\/\/esta-etats-unis.net\/it\/quale-biglietto-per-gli-stati-uniti-con-lesta\/","url":"https:\/\/esta-etats-unis.net\/it\/quale-biglietto-per-gli-stati-uniti-con-lesta\/","name":"Biglietto aereo per gli Stati Uniti con ESTA","isPartOf":{"@id":"https:\/\/esta-etats-unis.net\/it\/#website"},"datePublished":"2014-11-17T21:12:34+00:00","dateModified":"2024-10-11T09:45:30+00:00","description":"Per recarti negli Stati Uniti hai bisogno di un passaporto, dell'autorizzazione ESTA e di un biglietto di ritorno.","inLanguage":"it-IT","potentialAction":[{"@type":"ReadAction","target":["https:\/\/esta-etats-unis.net\/it\/quale-biglietto-per-gli-stati-uniti-con-lesta\/"]}]},{"@type":"WebSite","@id":"https:\/\/esta-etats-unis.net\/it\/#website","url":"https:\/\/esta-etats-unis.net\/it\/","name":"Organizza il tuo viaggio negli Stati Uniti d'America","description":"","potentialAction":[{"@type":"SearchAction","target":{"@type":"EntryPoint","urlTemplate":"https:\/\/esta-etats-unis.net\/it\/?s={search_term_string}"},"query-input":{"@type":"PropertyValueSpecification","valueRequired":true,"valueName":"search_term_string"}}],"inLanguage":"it-IT"}]}},"_links":{"self":[{"href":"https:\/\/esta-etats-unis.net\/it\/wp-json\/wp\/v2\/pages\/491","targetHints":{"allow":["GET"]}}],"collection":[{"href":"https:\/\/esta-etats-unis.net\/it\/wp-json\/wp\/v2\/pages"}],"about":[{"href":"https:\/\/esta-etats-unis.net\/it\/wp-json\/wp\/v2\/types\/page"}],"author":[{"embeddable":true,"href":"https:\/\/esta-etats-unis.net\/it\/wp-json\/wp\/v2\/users\/1"}],"replies":[{"embeddable":true,"href":"https:\/\/esta-etats-unis.net\/it\/wp-json\/wp\/v2\/comments?post=491"}],"version-history":[{"count":5,"href":"https:\/\/esta-etats-unis.net\/it\/wp-json\/wp\/v2\/pages\/491\/revisions"}],"predecessor-version":[{"id":757,"href":"https:\/\/esta-etats-unis.net\/it\/wp-json\/wp\/v2\/pages\/491\/revisions\/757"}],"wp:attachment":[{"href":"https:\/\/esta-etats-unis.net\/it\/wp-json\/wp\/v2\/media?parent=491"}],"curies":[{"name":"wp","href":"https:\/\/api.w.org\/{rel}","templated":true}]}}