{"id":487,"date":"2014-11-17T22:10:00","date_gmt":"2014-11-17T21:10:00","guid":{"rendered":"https:\/\/esta-etats-unis.net\/e-necessario-un-visto-usa-per-visitare-gli-stati-uniti\/"},"modified":"2024-10-11T08:27:29","modified_gmt":"2024-10-11T07:27:29","slug":"e-necessario-un-visto-usa-per-visitare-gli-stati-uniti","status":"publish","type":"page","link":"https:\/\/esta-etats-unis.net\/it\/e-necessario-un-visto-usa-per-visitare-gli-stati-uniti\/","title":{"rendered":"\u00c8 necessario un visto USA per visitare gli Stati Uniti?"},"content":{"rendered":"\n<p>La procedura per recarsi negli Stati Uniti \u00e8 cambiata notevolmente da quando il governo americano ha introdotto il Programma Viaggio senza Visto e il sistema elettronico di autorizzazione al viaggio <a href=\"https:\/\/esta-etats-unis.net\/it\/formalita-esta-per-il-vostro-viaggio-negli-usa\/\">ESTA<\/a>.  <\/p>\n\n<p>Pertanto, per rispondere alla domanda: &#8220;Ho bisogno di un visto americano per recarmi negli Stati Uniti?&#8221;, il viaggiatore deve innanzitutto informarsi sulla situazione del suo Paese di residenza in merito al programma. I cittadini dei Paesi che partecipano a questo programma godono attualmente di un accesso privilegiato agli Stati Uniti quando viaggiano con l&#8217;ESTA, e quindi senza visto. Per usufruire del programma, i viaggiatori devono soddisfare tutte le condizioni richieste, compresa l&#8217;idoneit\u00e0 all&#8217;esenzione dal visto: un soggiorno inferiore a 90 giorni, un passaporto biometrico o elettronico, l&#8217;autorizzazione ESTA prima della partenza e un biglietto di ritorno che dimostri la reale intenzione di lasciare il paese prima della scadenza dei 90 giorni. <\/p>\n\n<h2 class=\"wp-block-heading\">Informazioni sull&#8217;ESTA<\/h2>\n\n<p>Per ricevere l&#8217;ESTA, \u00e8 necessario compilare un <a href=\"https:\/\/esta-etats-unis.net\/it\/che-aspetto-ha-il-modulo-esta\/\">modulo online<\/a> per recarsi negli Stati Uniti. La possibilit\u00e0 di recarsi negli Stati Uniti dipende quindi dall&#8217;ottenimento o meno di questo permesso di soggiorno. Questo sistema \u00e8 stato messo in atto per rafforzare le misure di sicurezza per il Paese, gli americani e i visitatori. L&#8217;<a href=\"https:\/\/esta-etats-unis.net\/it\/come-compilare-correttamente-il-modulo-esta\/\">autorizzazione ESTA<\/a> consente di effettuare controlli preventivi sui cittadini stranieri che desiderano soggiornare o transitare e impedisce l&#8217;ingresso o l&#8217;intrusione di persone con intenti malevoli o che potrebbero rappresentare una minaccia per la salute e\/o la sicurezza nazionale.<\/p>\n\n<p>Le informazioni richieste nel modulo possono essere suddivise in tre parti: la prima parte riguarda l&#8217;identit\u00e0 del viaggiatore con i dati del passaporto; la seconda parte riguarda la salute fisica e mentale del viaggiatore; la terza parte riguarda i piani di viaggio del viaggiatore, come il motivo del viaggio o il luogo di residenza durante il viaggio negli USA. Per essere concesso, il modulo ESTA deve essere compilato correttamente. Il permesso rilasciato \u00e8 valido per un soggiorno totale di 90 giorni e per ingressi multipli per 2 anni o fino alla scadenza del passaporto. Poich\u00e9 l&#8217;ESTA \u00e8 collegato al numero di passaporto, \u00e8 necessario rinnovare la domanda se si ha un nuovo passaporto.<\/p>\n\n<h2 class=\"wp-block-heading\">Casi in cui \u00e8 necessario un visto per entrare negli Stati Uniti<\/h2>\n\n<p>Tutti i paesi che non partecipano al <a href=\"https:\/\/www.dhs.gov\/visa-waiver-program\">Visa Waiver<\/a> Program devono ottenere un visto per entrare negli Stati Uniti, indipendentemente dallo scopo del viaggio o dalla durata del soggiorno. Tuttavia, per i cittadini dei Paesi aderenti al programma, la situazione \u00e8 diversa a seconda della durata e del motivo del soggiorno.<\/p>\n\n<p>Infatti, il visto \u00e8 necessario quando il viaggio supera i 90 giorni o per viaggi diversi da quelli di affari, turismo o transito. Ad esempio, se volete soggiornare negli Stati Uniti per 6 mesi, lavorare negli Stati Uniti o studiare all&#8217;universit\u00e0, dovrete richiedere un visto all&#8217;ambasciata americana. Inoltre, un cittadino normalmente esente da visto che si \u00e8 visto rifiutare l&#8217;ESTA dalle autorit\u00e0 statunitensi deve richiedere un visto.<\/p>\n\n<h2 class=\"wp-block-heading\">Come si ottiene l&#8217;ESTA per recarsi negli Stati Uniti?<\/h2>\n\n<p>Se provenite da un Paese che fa parte del Programma Viaggio senza Visto (Visa Waiver Program), potete viaggiare senza visto negli Stati Uniti a determinate condizioni. Il requisito principale \u00e8 l&#8217;ottenimento dell&#8217;ESTA. Per ottenere questo documento di viaggio, \u00e8 necessario fare domanda sul sito ufficiale del governo statunitense. La <a href=\"https:\/\/demande-esta.com\/\">domanda ESTA<\/a> deve essere compilata correttamente almeno 72 ore prima della data di partenza prevista. La durata del soggiorno, che pu\u00f2 essere per affari, turismo o transito, non deve superare i 90 giorni. L&#8217;altro requisito \u00e8 che il passaporto deve essere biometrico o elettronico.<\/p>\n\n<p>Prendi il tuo passaporto e la carta di credito per pagare la domanda ESTA e vai su uno dei siti che si offrono di richiedere l&#8217;autorizzazione a tuo nome.<\/p>\n","protected":false},"excerpt":{"rendered":"<p>La procedura per recarsi negli Stati Uniti \u00e8 cambiata notevolmente da quando il governo americano ha introdotto il Programma Viaggio senza Visto e il sistema elettronico di autorizzazione al viaggio ESTA. Pertanto, per rispondere alla domanda: &#8220;Ho bisogno di un visto americano per recarmi negli Stati Uniti?&#8221;, il viaggiatore deve innanzitutto informarsi sulla situazione del &#8230; <a title=\"\u00c8 necessario un visto USA per visitare gli Stati Uniti?\" class=\"read-more\" href=\"https:\/\/esta-etats-unis.net\/it\/e-necessario-un-visto-usa-per-visitare-gli-stati-uniti\/\" aria-label=\"Per saperne di pi\u00f9 su \u00c8 necessario un visto USA per visitare gli Stati Uniti?\">Leggi tutto<\/a><\/p>\n","protected":false},"author":1,"featured_media":0,"parent":0,"menu_order":0,"comment_status":"closed","ping_status":"closed","template":"","meta":{"footnotes":""},"class_list":["post-487","page","type-page","status-publish"],"yoast_head":"<!-- This site is optimized with the Yoast SEO plugin v26.2 - https:\/\/yoast.com\/wordpress\/plugins\/seo\/ -->\n<title>\u00c8 necessario un visto USA per visitare gli Stati Uniti?<\/title>\n<meta name=\"description\" content=\"Non hai necessariamente bisogno di un visto per recarti negli Stati Uniti: l&#039;ESTA pu\u00f2 aiutarti a raggiungerli.\" \/>\n<meta name=\"robots\" content=\"index, follow, max-snippet:-1, max-image-preview:large, max-video-preview:-1\" \/>\n<link rel=\"canonical\" href=\"https:\/\/esta-etats-unis.net\/it\/e-necessario-un-visto-usa-per-visitare-gli-stati-uniti\/\" \/>\n<meta property=\"og:locale\" content=\"it_IT\" \/>\n<meta property=\"og:type\" content=\"article\" \/>\n<meta property=\"og:title\" content=\"\u00c8 necessario un visto USA per visitare gli Stati Uniti?\" \/>\n<meta property=\"og:description\" content=\"Non hai necessariamente bisogno di un visto per recarti negli Stati Uniti: l&#039;ESTA pu\u00f2 aiutarti a raggiungerli.\" \/>\n<meta property=\"og:url\" content=\"https:\/\/esta-etats-unis.net\/it\/e-necessario-un-visto-usa-per-visitare-gli-stati-uniti\/\" \/>\n<meta property=\"og:site_name\" content=\"Organizza il tuo viaggio negli Stati Uniti d&#039;America\" \/>\n<meta property=\"article:modified_time\" content=\"2024-10-11T07:27:29+00:00\" \/>\n<meta name=\"twitter:label1\" content=\"Tempo di lettura stimato\" \/>\n\t<meta name=\"twitter:data1\" content=\"3 minuti\" \/>\n<script type=\"application\/ld+json\" class=\"yoast-schema-graph\">{\"@context\":\"https:\/\/schema.org\",\"@graph\":[{\"@type\":\"WebPage\",\"@id\":\"https:\/\/esta-etats-unis.net\/it\/e-necessario-un-visto-usa-per-visitare-gli-stati-uniti\/\",\"url\":\"https:\/\/esta-etats-unis.net\/it\/e-necessario-un-visto-usa-per-visitare-gli-stati-uniti\/\",\"name\":\"\u00c8 necessario un visto USA per visitare gli Stati Uniti?\",\"isPartOf\":{\"@id\":\"https:\/\/esta-etats-unis.net\/it\/#website\"},\"datePublished\":\"2014-11-17T21:10:00+00:00\",\"dateModified\":\"2024-10-11T07:27:29+00:00\",\"description\":\"Non hai necessariamente bisogno di un visto per recarti negli Stati Uniti: l'ESTA pu\u00f2 aiutarti a raggiungerli.\",\"inLanguage\":\"it-IT\",\"potentialAction\":[{\"@type\":\"ReadAction\",\"target\":[\"https:\/\/esta-etats-unis.net\/it\/e-necessario-un-visto-usa-per-visitare-gli-stati-uniti\/\"]}]},{\"@type\":\"WebSite\",\"@id\":\"https:\/\/esta-etats-unis.net\/it\/#website\",\"url\":\"https:\/\/esta-etats-unis.net\/it\/\",\"name\":\"Organizza il tuo viaggio negli Stati Uniti d'America\",\"description\":\"\",\"potentialAction\":[{\"@type\":\"SearchAction\",\"target\":{\"@type\":\"EntryPoint\",\"urlTemplate\":\"https:\/\/esta-etats-unis.net\/it\/?s={search_term_string}\"},\"query-input\":{\"@type\":\"PropertyValueSpecification\",\"valueRequired\":true,\"valueName\":\"search_term_string\"}}],\"inLanguage\":\"it-IT\"}]}<\/script>\n<!-- \/ Yoast SEO plugin. -->","yoast_head_json":{"title":"\u00c8 necessario un visto USA per visitare gli Stati Uniti?","description":"Non hai necessariamente bisogno di un visto per recarti negli Stati Uniti: l'ESTA pu\u00f2 aiutarti a raggiungerli.","robots":{"index":"index","follow":"follow","max-snippet":"max-snippet:-1","max-image-preview":"max-image-preview:large","max-video-preview":"max-video-preview:-1"},"canonical":"https:\/\/esta-etats-unis.net\/it\/e-necessario-un-visto-usa-per-visitare-gli-stati-uniti\/","og_locale":"it_IT","og_type":"article","og_title":"\u00c8 necessario un visto USA per visitare gli Stati Uniti?","og_description":"Non hai necessariamente bisogno di un visto per recarti negli Stati Uniti: l'ESTA pu\u00f2 aiutarti a raggiungerli.","og_url":"https:\/\/esta-etats-unis.net\/it\/e-necessario-un-visto-usa-per-visitare-gli-stati-uniti\/","og_site_name":"Organizza il tuo viaggio negli Stati Uniti d'America","article_modified_time":"2024-10-11T07:27:29+00:00","twitter_misc":{"Tempo di lettura stimato":"3 minuti"},"schema":{"@context":"https:\/\/schema.org","@graph":[{"@type":"WebPage","@id":"https:\/\/esta-etats-unis.net\/it\/e-necessario-un-visto-usa-per-visitare-gli-stati-uniti\/","url":"https:\/\/esta-etats-unis.net\/it\/e-necessario-un-visto-usa-per-visitare-gli-stati-uniti\/","name":"\u00c8 necessario un visto USA per visitare gli Stati Uniti?","isPartOf":{"@id":"https:\/\/esta-etats-unis.net\/it\/#website"},"datePublished":"2014-11-17T21:10:00+00:00","dateModified":"2024-10-11T07:27:29+00:00","description":"Non hai necessariamente bisogno di un visto per recarti negli Stati Uniti: l'ESTA pu\u00f2 aiutarti a raggiungerli.","inLanguage":"it-IT","potentialAction":[{"@type":"ReadAction","target":["https:\/\/esta-etats-unis.net\/it\/e-necessario-un-visto-usa-per-visitare-gli-stati-uniti\/"]}]},{"@type":"WebSite","@id":"https:\/\/esta-etats-unis.net\/it\/#website","url":"https:\/\/esta-etats-unis.net\/it\/","name":"Organizza il tuo viaggio negli Stati Uniti d'America","description":"","potentialAction":[{"@type":"SearchAction","target":{"@type":"EntryPoint","urlTemplate":"https:\/\/esta-etats-unis.net\/it\/?s={search_term_string}"},"query-input":{"@type":"PropertyValueSpecification","valueRequired":true,"valueName":"search_term_string"}}],"inLanguage":"it-IT"}]}},"_links":{"self":[{"href":"https:\/\/esta-etats-unis.net\/it\/wp-json\/wp\/v2\/pages\/487","targetHints":{"allow":["GET"]}}],"collection":[{"href":"https:\/\/esta-etats-unis.net\/it\/wp-json\/wp\/v2\/pages"}],"about":[{"href":"https:\/\/esta-etats-unis.net\/it\/wp-json\/wp\/v2\/types\/page"}],"author":[{"embeddable":true,"href":"https:\/\/esta-etats-unis.net\/it\/wp-json\/wp\/v2\/users\/1"}],"replies":[{"embeddable":true,"href":"https:\/\/esta-etats-unis.net\/it\/wp-json\/wp\/v2\/comments?post=487"}],"version-history":[{"count":5,"href":"https:\/\/esta-etats-unis.net\/it\/wp-json\/wp\/v2\/pages\/487\/revisions"}],"predecessor-version":[{"id":876,"href":"https:\/\/esta-etats-unis.net\/it\/wp-json\/wp\/v2\/pages\/487\/revisions\/876"}],"wp:attachment":[{"href":"https:\/\/esta-etats-unis.net\/it\/wp-json\/wp\/v2\/media?parent=487"}],"curies":[{"name":"wp","href":"https:\/\/api.w.org\/{rel}","templated":true}]}}