{"id":470,"date":"2014-11-17T22:16:32","date_gmt":"2014-11-17T21:16:32","guid":{"rendered":"https:\/\/esta-etats-unis.net\/come-compilare-il-modulo-esta-per-recarsi-negli-stati-uniti\/"},"modified":"2024-10-09T14:29:34","modified_gmt":"2024-10-09T13:29:34","slug":"come-compilare-il-modulo-esta-per-recarsi-negli-stati-uniti","status":"publish","type":"page","link":"https:\/\/esta-etats-unis.net\/it\/come-compilare-il-modulo-esta-per-recarsi-negli-stati-uniti\/","title":{"rendered":"Come compilare il modulo ESTA per recarsi negli Stati Uniti?"},"content":{"rendered":"\n<p>L&#8217;<a href=\"https:\/\/esta-etats-unis.net\/it\/\">autorizzazione ESTA<\/a> \u00e8 obbligatoria per chiunque voglia recarsi negli Stati Uniti. Si tratta di un sistema elettronico di autorizzazione al viaggio collegato al numero di passaporto, che consente un soggiorno turistico o di lavoro fino a 90 giorni. Per ottenerla e recarti negli Stati Uniti, devi richiedere l&#8217;autorizzazione alle autorit\u00e0 americane utilizzando il modulo ESTA. Il richiedente deve soddisfare tutti i requisiti, come essere cittadino di un Paese membro del Programma Viaggio senza Visto del governo statunitense, avere un <a href=\"https:\/\/esta-etats-unis.net\/it\/quale-biglietto-per-gli-stati-uniti-con-lesta\/\">biglietto aereo di andata e ritorno<\/a> e un <a href=\"https:\/\/esta-etats-unis.net\/it\/di-quale-passaporto-ho-bisogno-per-ottenere-un-esta-o-un-visto\/\">passaporto biometrico o elettronico<\/a>.<\/p>\n\n<p>Il viaggio deve essere effettuato con una compagnia riconosciuta dagli Stati Uniti. La domanda di autorizzazione deve essere presentata il prima possibile e non oltre 72 ore prima dell&#8217;imbarco. Ti ricordiamo che l&#8217;autorizzazione ESTA non sostituisce in alcun modo il visto per gli Stati Uniti. Tuttavia, i viaggiatori in possesso di un <a href=\"https:\/\/hb1079.org\/\">visto<\/a> valido <a href=\"https:\/\/hb1079.org\/\">per gli Stati Uniti<\/a> non hanno bisogno di ottenere l&#8217;autorizzazione ESTA per recarsi negli Stati Uniti. <\/p>\n\n<h2 class=\"wp-block-heading\">A cosa serve l&#8217;autorizzazione ESTA?<\/h2>\n\n<p>In precedenza, i viaggiatori dovevano richiedere un visto per entrare negli Stati Uniti. Ce ne sono diversi a seconda del motivo del viaggio, che sia per turismo, lavoro o studio. Questa formalit\u00e0 richiede un lungo processo e un certo budget. Dal 2009, le autorit\u00e0 hanno scelto di introdurre una domanda di autorizzazione online per :<\/p>\n\n<ol class=\"wp-block-list\">\n<li>Incoraggiare il turismo negli Stati Uniti e allo stesso tempo rafforzare la sicurezza interna americana;<\/li>\n\n\n\n<li>Semplificare le procedure amministrative per i richiedenti con l&#8217;ESTA, un modulo online facile e veloce;<\/li>\n\n\n\n<li>Ridurre il carico di lavoro delle ambasciate e dei consolati americani rendendo disponibile online il modulo ESTA.<\/li>\n<\/ol>\n\n<h2 class=\"wp-block-heading\">Informazioni contenute nel modulo ESTA<\/h2>\n\n<p><span style=\"font-weight: 400;\">Prima di fare domanda, \u00e8 importante verificare che tu sia idoneo al Programma Viaggio senza Visto (Visa Waiver Program):<\/span><\/p>\n\n<ul class=\"wp-block-list\">\n<li><span style=\"font-weight: 400;\">Hai la cittadinanza di uno dei paesi coperti dal programma?<\/span><\/li>\n\n\n\n<li><span style=\"font-weight: 400;\">Hai un <a href=\"https:\/\/esta-etats-unis.net\/it\/di-quale-passaporto-ho-bisogno-per-ottenere-un-esta-o-un-visto\/\">passaporto valido<\/a>?<\/span><\/li>\n\n\n\n<li><span style=\"font-weight: 400;\">Ti rechi negli Stati Uniti per meno di 90 giorni?<\/span><\/li>\n<\/ul>\n\n<div style=\"height:20px\" aria-hidden=\"true\" class=\"wp-block-spacer\"><\/div>\n\n<p><span style=\"font-weight: 400;\">  Se la risposta a tutte queste domande \u00e8 s\u00ec, puoi richiedere l&#8217;ESTA.<\/span><\/p>\n\n<p><span style=\"font-weight: 400;\">La domanda ESTA prevede la compilazione di un modulo ESTA online sul sito web del governo statunitense.  <\/span><\/p>\n\n<p><span style=\"font-weight: 400;\">Il modulo ESTA \u00e8 diviso in tre sezioni, la prima delle quali identifica il viaggiatore e il suo passaporto. Controllate attentamente la data di scadenza: se non \u00e8 pi\u00f9 valido alla data della partenza, dovete richiedere un nuovo passaporto. La seconda parte riguarda le domande\/risposte relative alle intenzioni del viaggiatore durante il suo soggiorno negli Stati Uniti. La terza parte del modulo contiene tutte le informazioni sul tuo soggiorno negli Stati Uniti. \u00c8 necessario specificare dove si intende soggiornare, ad esempio.  <\/span><\/p>\n\n<p><span style=\"font-weight: 400;\">Si noti che l&#8217;autorizzazione ESTA deve essere rinnovata se il viaggiatore cambia il proprio passaporto (a causa di un passaporto smarrito o scaduto) o i propri dati identificativi (ad esempio, sesso, nome o indirizzo di residenza). Prendiamo l&#8217;esempio di una donna che ha richiesto l&#8217;ESTA prima di sposarsi. Se il passaporto \u00e8 stato aggiornato con il nome da sposata e non riporta pi\u00f9 il nome da nubile, \u00e8 necessario compilare un nuovo modulo ESTA.<\/span><\/p>\n\n<p><span style=\"font-weight: 400;\">L&#8217;altro motivo per cui si deve rinnovare l&#8217;autorizzazione di viaggio elettronica \u00e8 che il periodo di validit\u00e0 \u00e8 scaduto. L&#8217;ESTA \u00e8 valido per 2 anni.<\/span><\/p>\n\n<p>Va notato che questo rinnovo non \u00e8 gratuito, in quanto richiede un nuovo lavoro di verifica. Ancora una volta, fai attenzione quando compili il modulo ESTA, perch\u00e9 anche se hai ricevuto l&#8217;autorizzazione la prima volta, questo non garantisce che la riceverai di nuovo.<\/p>\n\n<h2 class=\"wp-block-heading\"><span style=\"font-weight: 400;\">Cosa devi ancora sapere sull&#8217;ESTA<\/span><\/h2>\n\n<h3 class=\"wp-block-heading\"><span style=\"font-weight: 400;\">Autorizzazione ESTA concessa<\/span><\/h3>\n\n<p><span style=\"font-weight: 400;\">Una volta ottenuta l&#8217;autorizzazione, \u00e8 possibile <a href=\"https:\/\/esta-etats-unis.net\/it\/formalita-esta-per-un-viaggio-negli-usa\/\">entrare negli Stati Uniti<\/a> per via aerea, terrestre o marittima. Non \u00e8 necessario stampare l&#8217;autorizzazione ESTA. Il modulo ESTA pu\u00f2 essere compilato solo online ed \u00e8 collegato elettronicamente al passaporto. Al controllo doganale, la lettura del passaporto elettronico o biometrico rivela la vostra autorizzazione.<\/span><\/p>\n\n<h3 class=\"wp-block-heading\"><span style=\"font-weight: 400;\">Autorizzazione ESTA respinta<\/span><\/h3>\n\n<p><span style=\"font-weight: 400;\">Se la vostra domanda \u00e8 stata respinta, siete obbligati a rivolgervi ai servizi consolari (consolato o ambasciata statunitense) per ottenere un visto USA. Poich\u00e9 la domanda ESTA viene elaborata immediatamente e automaticamente, non c&#8217;\u00e8 possibilit\u00e0 di annullare la domanda anche se sono stati commessi errori nella compilazione del modulo. In questo caso, \u00e8 necessario presentare un nuovo modulo ESTA che annuller\u00e0 quello precedente.<\/span><\/p>\n","protected":false},"excerpt":{"rendered":"<p>L&#8217;autorizzazione ESTA \u00e8 obbligatoria per chiunque voglia recarsi negli Stati Uniti. Si tratta di un sistema elettronico di autorizzazione al viaggio collegato al numero di passaporto, che consente un soggiorno turistico o di lavoro fino a 90 giorni. Per ottenerla e recarti negli Stati Uniti, devi richiedere l&#8217;autorizzazione alle autorit\u00e0 americane utilizzando il modulo ESTA. &#8230; <a title=\"Come compilare il modulo ESTA per recarsi negli Stati Uniti?\" class=\"read-more\" href=\"https:\/\/esta-etats-unis.net\/it\/come-compilare-il-modulo-esta-per-recarsi-negli-stati-uniti\/\" aria-label=\"Per saperne di pi\u00f9 su Come compilare il modulo ESTA per recarsi negli Stati Uniti?\">Leggi tutto<\/a><\/p>\n","protected":false},"author":1,"featured_media":0,"parent":0,"menu_order":0,"comment_status":"closed","ping_status":"closed","template":"","meta":{"footnotes":""},"class_list":["post-470","page","type-page","status-publish"],"yoast_head":"<!-- This site is optimized with the Yoast SEO plugin v26.2 - https:\/\/yoast.com\/wordpress\/plugins\/seo\/ -->\n<title>Come compilare il modulo ESTA per recarsi negli Stati Uniti?<\/title>\n<meta name=\"description\" content=\"Il modulo ESTA \u00e8 un documento obbligatorio per volare negli Stati Uniti. Ma come si compila il modulo online per riceverlo? Rispondere qui.\" \/>\n<meta name=\"robots\" content=\"index, follow, max-snippet:-1, max-image-preview:large, max-video-preview:-1\" \/>\n<link rel=\"canonical\" href=\"https:\/\/esta-etats-unis.net\/it\/come-compilare-il-modulo-esta-per-recarsi-negli-stati-uniti\/\" \/>\n<meta property=\"og:locale\" content=\"it_IT\" \/>\n<meta property=\"og:type\" content=\"article\" \/>\n<meta property=\"og:title\" content=\"Come compilare il modulo ESTA per recarsi negli Stati Uniti?\" \/>\n<meta property=\"og:description\" content=\"Il modulo ESTA \u00e8 un documento obbligatorio per volare negli Stati Uniti. Ma come si compila il modulo online per riceverlo? Rispondere qui.\" \/>\n<meta property=\"og:url\" content=\"https:\/\/esta-etats-unis.net\/it\/come-compilare-il-modulo-esta-per-recarsi-negli-stati-uniti\/\" \/>\n<meta property=\"og:site_name\" content=\"Organizza il tuo viaggio negli Stati Uniti d&#039;America\" \/>\n<meta property=\"article:modified_time\" content=\"2024-10-09T13:29:34+00:00\" \/>\n<meta name=\"twitter:label1\" content=\"Tempo di lettura stimato\" \/>\n\t<meta name=\"twitter:data1\" content=\"3 minuti\" \/>\n<script type=\"application\/ld+json\" class=\"yoast-schema-graph\">{\"@context\":\"https:\/\/schema.org\",\"@graph\":[{\"@type\":\"WebPage\",\"@id\":\"https:\/\/esta-etats-unis.net\/it\/come-compilare-il-modulo-esta-per-recarsi-negli-stati-uniti\/\",\"url\":\"https:\/\/esta-etats-unis.net\/it\/come-compilare-il-modulo-esta-per-recarsi-negli-stati-uniti\/\",\"name\":\"Come compilare il modulo ESTA per recarsi negli Stati Uniti?\",\"isPartOf\":{\"@id\":\"https:\/\/esta-etats-unis.net\/it\/#website\"},\"datePublished\":\"2014-11-17T21:16:32+00:00\",\"dateModified\":\"2024-10-09T13:29:34+00:00\",\"description\":\"Il modulo ESTA \u00e8 un documento obbligatorio per volare negli Stati Uniti. Ma come si compila il modulo online per riceverlo? Rispondere qui.\",\"inLanguage\":\"it-IT\",\"potentialAction\":[{\"@type\":\"ReadAction\",\"target\":[\"https:\/\/esta-etats-unis.net\/it\/come-compilare-il-modulo-esta-per-recarsi-negli-stati-uniti\/\"]}]},{\"@type\":\"WebSite\",\"@id\":\"https:\/\/esta-etats-unis.net\/it\/#website\",\"url\":\"https:\/\/esta-etats-unis.net\/it\/\",\"name\":\"Organizza il tuo viaggio negli Stati Uniti d'America\",\"description\":\"\",\"potentialAction\":[{\"@type\":\"SearchAction\",\"target\":{\"@type\":\"EntryPoint\",\"urlTemplate\":\"https:\/\/esta-etats-unis.net\/it\/?s={search_term_string}\"},\"query-input\":{\"@type\":\"PropertyValueSpecification\",\"valueRequired\":true,\"valueName\":\"search_term_string\"}}],\"inLanguage\":\"it-IT\"}]}<\/script>\n<!-- \/ Yoast SEO plugin. -->","yoast_head_json":{"title":"Come compilare il modulo ESTA per recarsi negli Stati Uniti?","description":"Il modulo ESTA \u00e8 un documento obbligatorio per volare negli Stati Uniti. Ma come si compila il modulo online per riceverlo? Rispondere qui.","robots":{"index":"index","follow":"follow","max-snippet":"max-snippet:-1","max-image-preview":"max-image-preview:large","max-video-preview":"max-video-preview:-1"},"canonical":"https:\/\/esta-etats-unis.net\/it\/come-compilare-il-modulo-esta-per-recarsi-negli-stati-uniti\/","og_locale":"it_IT","og_type":"article","og_title":"Come compilare il modulo ESTA per recarsi negli Stati Uniti?","og_description":"Il modulo ESTA \u00e8 un documento obbligatorio per volare negli Stati Uniti. Ma come si compila il modulo online per riceverlo? Rispondere qui.","og_url":"https:\/\/esta-etats-unis.net\/it\/come-compilare-il-modulo-esta-per-recarsi-negli-stati-uniti\/","og_site_name":"Organizza il tuo viaggio negli Stati Uniti d'America","article_modified_time":"2024-10-09T13:29:34+00:00","twitter_misc":{"Tempo di lettura stimato":"3 minuti"},"schema":{"@context":"https:\/\/schema.org","@graph":[{"@type":"WebPage","@id":"https:\/\/esta-etats-unis.net\/it\/come-compilare-il-modulo-esta-per-recarsi-negli-stati-uniti\/","url":"https:\/\/esta-etats-unis.net\/it\/come-compilare-il-modulo-esta-per-recarsi-negli-stati-uniti\/","name":"Come compilare il modulo ESTA per recarsi negli Stati Uniti?","isPartOf":{"@id":"https:\/\/esta-etats-unis.net\/it\/#website"},"datePublished":"2014-11-17T21:16:32+00:00","dateModified":"2024-10-09T13:29:34+00:00","description":"Il modulo ESTA \u00e8 un documento obbligatorio per volare negli Stati Uniti. Ma come si compila il modulo online per riceverlo? Rispondere qui.","inLanguage":"it-IT","potentialAction":[{"@type":"ReadAction","target":["https:\/\/esta-etats-unis.net\/it\/come-compilare-il-modulo-esta-per-recarsi-negli-stati-uniti\/"]}]},{"@type":"WebSite","@id":"https:\/\/esta-etats-unis.net\/it\/#website","url":"https:\/\/esta-etats-unis.net\/it\/","name":"Organizza il tuo viaggio negli Stati Uniti d'America","description":"","potentialAction":[{"@type":"SearchAction","target":{"@type":"EntryPoint","urlTemplate":"https:\/\/esta-etats-unis.net\/it\/?s={search_term_string}"},"query-input":{"@type":"PropertyValueSpecification","valueRequired":true,"valueName":"search_term_string"}}],"inLanguage":"it-IT"}]}},"_links":{"self":[{"href":"https:\/\/esta-etats-unis.net\/it\/wp-json\/wp\/v2\/pages\/470","targetHints":{"allow":["GET"]}}],"collection":[{"href":"https:\/\/esta-etats-unis.net\/it\/wp-json\/wp\/v2\/pages"}],"about":[{"href":"https:\/\/esta-etats-unis.net\/it\/wp-json\/wp\/v2\/types\/page"}],"author":[{"embeddable":true,"href":"https:\/\/esta-etats-unis.net\/it\/wp-json\/wp\/v2\/users\/1"}],"replies":[{"embeddable":true,"href":"https:\/\/esta-etats-unis.net\/it\/wp-json\/wp\/v2\/comments?post=470"}],"version-history":[{"count":4,"href":"https:\/\/esta-etats-unis.net\/it\/wp-json\/wp\/v2\/pages\/470\/revisions"}],"predecessor-version":[{"id":830,"href":"https:\/\/esta-etats-unis.net\/it\/wp-json\/wp\/v2\/pages\/470\/revisions\/830"}],"wp:attachment":[{"href":"https:\/\/esta-etats-unis.net\/it\/wp-json\/wp\/v2\/media?parent=470"}],"curies":[{"name":"wp","href":"https:\/\/api.w.org\/{rel}","templated":true}]}}