{"id":460,"date":"2018-06-26T14:56:44","date_gmt":"2018-06-26T13:56:44","guid":{"rendered":"https:\/\/esta-etats-unis.net\/come-compilare-correttamente-il-modulo-esta\/"},"modified":"2024-10-09T09:07:14","modified_gmt":"2024-10-09T08:07:14","slug":"come-compilare-correttamente-il-modulo-esta","status":"publish","type":"page","link":"https:\/\/esta-etats-unis.net\/it\/come-compilare-correttamente-il-modulo-esta\/","title":{"rendered":"Come compilare correttamente il modulo ESTA"},"content":{"rendered":"\n<p>Il Sistema Elettronico per l&#8217;Autorizzazione al Viaggio \u00e8 un dispositivo informativo per i cittadini stranieri che desiderano utilizzare il Programma Viaggio senza Visto degli Stati Uniti per soggiornare negli Stati Uniti per un periodo di tempo. Per usufruire di questo privilegio, valido per due anni per i viaggiatori d&#8217;affari o di piacere che desiderano visitare l&#8217;America per un massimo di tre mesi, il visitatore deve compilare il <a href=\"https:\/\/esta-etats-unis.net\/it\/che-aspetto-ha-il-modulo-esta\/\">modulo ESTA disponibile online<\/a>. Questo approccio \u00e8 stato introdotto nel 2009 ed \u00e8 stato un grande successo per gli amanti degli Stati Uniti.<\/p>\n\n<h2 class=\"wp-block-heading\">Chi pu\u00f2 compilare il modulo online?<\/h2>\n\n<p>Il richiedente deve soddisfare diverse condizioni per poter viaggiare negli Stati Uniti con un ESTA. Di seguito sono elencati i diversi criteri da soddisfare per soddisfare il profilo dei viaggiatori idonei:<\/p>\n\n<ul class=\"wp-block-list\">\n<li>Essere cittadino di uno dei seguenti paesi: <span style=\"font-weight: 400;\">Andorra, Australia, Austria, Belgio, Brunei, Cile, Croazia, Danimarca, Estonia, Finlandia, Francia, Germania, Grecia, Irlanda, Islanda, Israele, Italia, Giappone, Paesi Bassi, Lettonia, Liechtenstein, Lituania, Lussemburgo, Malta, Monaco, Norvegia, Nuova Zelanda, Portogallo, Polonia, San Marino, Singapore, Slovacchia, Slovenia, Spagna, Svezia, Svizzera, Taiwan e Ungheria;<\/span><\/li>\n\n\n\n<li>Possedere un passaporto elettronico o un passaporto biometrico;<\/li>\n\n\n\n<li><a href=\"https:\/\/esta-etats-unis.net\/it\/formalita-esta-per-un-viaggio-negli-usa\/\">Viaggiare negli Stati Uniti<\/a> per turismo, affari o transito prima di volare verso un&#8217;altra destinazione;<\/li>\n\n\n\n<li>Rispetta i 90 giorni massimi consentiti dall&#8217;ESTA.<\/li>\n<\/ul>\n\n<p>Il vostro passaporto sta per scadere? \u00c8 sufficiente richiedere un nuovo passaporto prima di completare la domanda online. Se hai intenzione di viaggiare per un altro motivo o per un periodo pi\u00f9 lungo, non puoi richiedere l&#8217;ESTA perch\u00e9 non sei idoneo. \u00c8 indispensabile richiedere il <a href=\"https:\/\/esta-etats-unis.net\/it\/come-si-richiede-un-visto-allambasciata-statunitense\/\">visto all&#8217;ambasciata americana<\/a>. Se spuntate tutte le caselle, potrete sicuramente ricevere il documento ESTA per il vostro viaggio negli Stati Uniti.<\/p>\n\n<h2 class=\"wp-block-heading\">Presentazione del modulo di viaggio ESTA per il viaggio negli USA<\/h2>\n\n<p>Quando si compila il <a href=\"https:\/\/esta-etats-unis.net\/it\/\">modulo di autorizzazione al viaggio<\/a> negli Stati Uniti, occorre fornire diversi tipi di informazioni. Il primo tipo di dati che dovrai inserire riguarda i dati personali del richiedente. Il secondo tipo di informazioni riguarda i dati del passaporto. Il terzo \u00e8 l&#8217;itinerario del vostro soggiorno negli Stati Uniti (dove vivrete durante il vostro soggiorno negli Stati Uniti e i contatti di emergenza). L&#8217;ultimo tipo di informazioni riguarda la tua salute e la tua fedina penale.<\/p>\n\n<p>Anche se questo questionario sembra facile da compilare, \u00e8 molto importante fare molta attenzione, perch\u00e9 se fornisci informazioni errate sul tuo passaporto o altre informazioni, rischi che ti venga rifiutato l&#8217;ingresso negli Stati Uniti.<\/p>\n\n<h3 class=\"wp-block-heading\">Ottenere il documento ESTA dal sito ufficiale del governo statunitense<\/h3>\n\n<p>Devi richiedere l&#8217;autorizzazione ESTA collegandoti al <a href=\"https:\/\/www.dhs.gov\/\">sito web del governo statunitense<\/a>. Il modulo \u00e8 tradotto in diverse lingue.<\/p>\n","protected":false},"excerpt":{"rendered":"<p>Il Sistema Elettronico per l&#8217;Autorizzazione al Viaggio \u00e8 un dispositivo informativo per i cittadini stranieri che desiderano utilizzare il Programma Viaggio senza Visto degli Stati Uniti per soggiornare negli Stati Uniti per un periodo di tempo. Per usufruire di questo privilegio, valido per due anni per i viaggiatori d&#8217;affari o di piacere che desiderano visitare &#8230; <a title=\"Come compilare correttamente il modulo ESTA\" class=\"read-more\" href=\"https:\/\/esta-etats-unis.net\/it\/come-compilare-correttamente-il-modulo-esta\/\" aria-label=\"Per saperne di pi\u00f9 su Come compilare correttamente il modulo ESTA\">Leggi tutto<\/a><\/p>\n","protected":false},"author":1,"featured_media":0,"parent":0,"menu_order":0,"comment_status":"closed","ping_status":"closed","template":"","meta":{"footnotes":""},"class_list":["post-460","page","type-page","status-publish"],"yoast_head":"<!-- This site is optimized with the Yoast SEO plugin v26.2 - https:\/\/yoast.com\/wordpress\/plugins\/seo\/ -->\n<title>Come compilare correttamente il modulo ESTA<\/title>\n<meta name=\"description\" content=\"Vi spieghiamo come compilare la domanda ESTA e come ottenere il vostro certificato di viaggio per gli USA\" \/>\n<meta name=\"robots\" content=\"index, follow, max-snippet:-1, max-image-preview:large, max-video-preview:-1\" \/>\n<link rel=\"canonical\" href=\"https:\/\/esta-etats-unis.net\/it\/come-compilare-correttamente-il-modulo-esta\/\" \/>\n<meta property=\"og:locale\" content=\"it_IT\" \/>\n<meta property=\"og:type\" content=\"article\" \/>\n<meta property=\"og:title\" content=\"Come compilare correttamente il modulo ESTA\" \/>\n<meta property=\"og:description\" content=\"Vi spieghiamo come compilare la domanda ESTA e come ottenere il vostro certificato di viaggio per gli USA\" \/>\n<meta property=\"og:url\" content=\"https:\/\/esta-etats-unis.net\/it\/come-compilare-correttamente-il-modulo-esta\/\" \/>\n<meta property=\"og:site_name\" content=\"Organizza il tuo viaggio negli Stati Uniti d&#039;America\" \/>\n<meta property=\"article:modified_time\" content=\"2024-10-09T08:07:14+00:00\" \/>\n<meta name=\"twitter:label1\" content=\"Tempo di lettura stimato\" \/>\n\t<meta name=\"twitter:data1\" content=\"2 minuti\" \/>\n<script type=\"application\/ld+json\" class=\"yoast-schema-graph\">{\"@context\":\"https:\/\/schema.org\",\"@graph\":[{\"@type\":\"WebPage\",\"@id\":\"https:\/\/esta-etats-unis.net\/it\/come-compilare-correttamente-il-modulo-esta\/\",\"url\":\"https:\/\/esta-etats-unis.net\/it\/come-compilare-correttamente-il-modulo-esta\/\",\"name\":\"Come compilare correttamente il modulo ESTA\",\"isPartOf\":{\"@id\":\"https:\/\/esta-etats-unis.net\/it\/#website\"},\"datePublished\":\"2018-06-26T13:56:44+00:00\",\"dateModified\":\"2024-10-09T08:07:14+00:00\",\"description\":\"Vi spieghiamo come compilare la domanda ESTA e come ottenere il vostro certificato di viaggio per gli USA\",\"inLanguage\":\"it-IT\",\"potentialAction\":[{\"@type\":\"ReadAction\",\"target\":[\"https:\/\/esta-etats-unis.net\/it\/come-compilare-correttamente-il-modulo-esta\/\"]}]},{\"@type\":\"WebSite\",\"@id\":\"https:\/\/esta-etats-unis.net\/it\/#website\",\"url\":\"https:\/\/esta-etats-unis.net\/it\/\",\"name\":\"Organizza il tuo viaggio negli Stati Uniti d'America\",\"description\":\"\",\"potentialAction\":[{\"@type\":\"SearchAction\",\"target\":{\"@type\":\"EntryPoint\",\"urlTemplate\":\"https:\/\/esta-etats-unis.net\/it\/?s={search_term_string}\"},\"query-input\":{\"@type\":\"PropertyValueSpecification\",\"valueRequired\":true,\"valueName\":\"search_term_string\"}}],\"inLanguage\":\"it-IT\"}]}<\/script>\n<!-- \/ Yoast SEO plugin. -->","yoast_head_json":{"title":"Come compilare correttamente il modulo ESTA","description":"Vi spieghiamo come compilare la domanda ESTA e come ottenere il vostro certificato di viaggio per gli USA","robots":{"index":"index","follow":"follow","max-snippet":"max-snippet:-1","max-image-preview":"max-image-preview:large","max-video-preview":"max-video-preview:-1"},"canonical":"https:\/\/esta-etats-unis.net\/it\/come-compilare-correttamente-il-modulo-esta\/","og_locale":"it_IT","og_type":"article","og_title":"Come compilare correttamente il modulo ESTA","og_description":"Vi spieghiamo come compilare la domanda ESTA e come ottenere il vostro certificato di viaggio per gli USA","og_url":"https:\/\/esta-etats-unis.net\/it\/come-compilare-correttamente-il-modulo-esta\/","og_site_name":"Organizza il tuo viaggio negli Stati Uniti d'America","article_modified_time":"2024-10-09T08:07:14+00:00","twitter_misc":{"Tempo di lettura stimato":"2 minuti"},"schema":{"@context":"https:\/\/schema.org","@graph":[{"@type":"WebPage","@id":"https:\/\/esta-etats-unis.net\/it\/come-compilare-correttamente-il-modulo-esta\/","url":"https:\/\/esta-etats-unis.net\/it\/come-compilare-correttamente-il-modulo-esta\/","name":"Come compilare correttamente il modulo ESTA","isPartOf":{"@id":"https:\/\/esta-etats-unis.net\/it\/#website"},"datePublished":"2018-06-26T13:56:44+00:00","dateModified":"2024-10-09T08:07:14+00:00","description":"Vi spieghiamo come compilare la domanda ESTA e come ottenere il vostro certificato di viaggio per gli USA","inLanguage":"it-IT","potentialAction":[{"@type":"ReadAction","target":["https:\/\/esta-etats-unis.net\/it\/come-compilare-correttamente-il-modulo-esta\/"]}]},{"@type":"WebSite","@id":"https:\/\/esta-etats-unis.net\/it\/#website","url":"https:\/\/esta-etats-unis.net\/it\/","name":"Organizza il tuo viaggio negli Stati Uniti d'America","description":"","potentialAction":[{"@type":"SearchAction","target":{"@type":"EntryPoint","urlTemplate":"https:\/\/esta-etats-unis.net\/it\/?s={search_term_string}"},"query-input":{"@type":"PropertyValueSpecification","valueRequired":true,"valueName":"search_term_string"}}],"inLanguage":"it-IT"}]}},"_links":{"self":[{"href":"https:\/\/esta-etats-unis.net\/it\/wp-json\/wp\/v2\/pages\/460","targetHints":{"allow":["GET"]}}],"collection":[{"href":"https:\/\/esta-etats-unis.net\/it\/wp-json\/wp\/v2\/pages"}],"about":[{"href":"https:\/\/esta-etats-unis.net\/it\/wp-json\/wp\/v2\/types\/page"}],"author":[{"embeddable":true,"href":"https:\/\/esta-etats-unis.net\/it\/wp-json\/wp\/v2\/users\/1"}],"replies":[{"embeddable":true,"href":"https:\/\/esta-etats-unis.net\/it\/wp-json\/wp\/v2\/comments?post=460"}],"version-history":[{"count":4,"href":"https:\/\/esta-etats-unis.net\/it\/wp-json\/wp\/v2\/pages\/460\/revisions"}],"predecessor-version":[{"id":823,"href":"https:\/\/esta-etats-unis.net\/it\/wp-json\/wp\/v2\/pages\/460\/revisions\/823"}],"wp:attachment":[{"href":"https:\/\/esta-etats-unis.net\/it\/wp-json\/wp\/v2\/media?parent=460"}],"curies":[{"name":"wp","href":"https:\/\/api.w.org\/{rel}","templated":true}]}}