{"id":451,"date":"2019-03-29T12:33:12","date_gmt":"2019-03-29T11:33:12","guid":{"rendered":"https:\/\/esta-etats-unis.net\/come-si-richiede-un-visto-allambasciata-statunitense\/"},"modified":"2024-10-09T09:03:38","modified_gmt":"2024-10-09T08:03:38","slug":"come-si-richiede-un-visto-allambasciata-statunitense","status":"publish","type":"page","link":"https:\/\/esta-etats-unis.net\/it\/come-si-richiede-un-visto-allambasciata-statunitense\/","title":{"rendered":"Come si richiede un visto all&#8217;ambasciata statunitense?"},"content":{"rendered":"\n<p><span style=\"font-weight: 400;\">Per richiedere un visto per un viaggio negli Stati Uniti, \u00e8 necessario recarsi all&#8217;<a href=\"https:\/\/www.usembassy.gov\/\">ambasciata statunitense<\/a> o al consolato del proprio Paese. <\/span><\/p>\n\n<p><span style=\"font-weight: 400;\">Un&#8217;ambasciata \u00e8 la rappresentanza ufficiale di un paese in un altro paese. La sua missione \u00e8 garantire gli interessi della propria nazione con il Paese ospitante e promuovere le relazioni tra i due Stati dal punto di vista politico, economico e culturale.  <\/span><\/p>\n\n<p><span style=\"font-weight: 400;\">Il Consolato Generale \u00e8 collegato all&#8217;Ambasciata, ma non ha gli stessi compiti. Infatti, non assume il ruolo di rappresentante politico come l&#8217;ambasciata, ma di amministrazione pubblica. Tuttavia, anche se i loro status sono diversi, entrambi rispondono al tema del nostro articolo: la richiesta di un visto per un soggiorno negli Stati Uniti d&#8217;America.  <\/span><\/p>\n\n<p><span style=\"font-weight: 400;\">Vediamo quali sono i passaggi necessari per ottenere la <\/span><span style=\"font-weight: 400;\">visto presso l&#8217;ambasciata americana<\/span><span style=\"font-weight: 400;\">. <\/span> <\/p>\n\n<h2 class=\"wp-block-heading\"><span style=\"font-weight: 400;\">Quale visto scegliere?<\/span><\/h2>\n\n<p><span style=\"font-weight: 400;\">Prima di annunciare i passi da compiere per richiedere una <\/span><span style=\"font-weight: 400;\">visto presso l&#8217;Ambasciata americana<\/span><span style=\"font-weight: 400;\">Vediamo la definizione di visto. <\/span> <\/p>\n\n<h3 class=\"wp-block-heading\"><span style=\"font-weight: 400;\">Che cos&#8217;\u00e8 un visto?  <\/span><\/h3>\n\n<p><span style=\"font-weight: 400;\">Il visto USA \u00e8 un&#8217;autorizzazione all&#8217;ingresso negli Stati Uniti per un cittadino straniero. In generale, \u00e8 rappresentato da un sigillo e da una firma, apposti sul passaporto elettronico (o biometrico) del visitatore straniero.  <\/span><\/p>\n\n<p><span style=\"font-weight: 400;\">La richiesta di un visto per gli Stati Uniti richiede una procedura pi\u00f9 lunga e articolata rispetto al suo vicino, il modulo ESTA. In effetti, non \u00e8 possibile fare domanda online, bisogna <a href=\"https:\/\/esta-etats-unis.net\/it\/come-scegliere-il-visto-per-gli-stati-uniti\/\">scegliere il tipo di visto<\/a>, fissare un appuntamento presso l&#8217;ambasciata statunitense e rispondere alle domande durante un colloquio.  <\/span><\/p>\n\n<p><span style=\"font-weight: 400;\">Volete <a href=\"https:\/\/www.earlham-ia.org\/\">recarvi negli Stati Uniti<\/a> per un soggiorno linguistico, un soggiorno alla pari, un lavoro estivo, un programma di scambio e realizzare il vostro sogno americano? Lo scopo del vostro soggiorno determiner\u00e0 quale sia il visto pi\u00f9 adatto alla vostra situazione secondo il governo statunitense.  <\/span><\/p>\n\n<h3 class=\"wp-block-heading\"><span style=\"font-weight: 400;\">I diversi tipi di visto USA<\/span><\/h3>\n\n<p><span style=\"font-weight: 400;\">Esistono due diverse categorie: i visti di soggiorno temporaneo e i visti di immigrazione.  <\/span><\/p>\n\n<p><span style=\"font-weight: 400;\">I visti di soggiorno temporaneo comprendono le seguenti categorie:  <\/span><\/p>\n\n<ul class=\"wp-block-list\">\n<li><span style=\"font-weight: 400;\">visto per visitatori ;  <\/span><\/li>\n\n\n\n<li><span style=\"font-weight: 400;\"><a href=\"https:\/\/esta-etats-unis.net\/it\/come-ottenere-un-visto-per-studenti-negli-stati-uniti\/\">visto per studenti<\/a>;  <\/span><\/li>\n\n\n\n<li><span style=\"font-weight: 400;\">visto per lavoratori ;  <\/span><\/li>\n\n\n\n<li><span style=\"font-weight: 400;\">e altri visti per non immigrati.  <\/span><\/li>\n<\/ul>\n\n<p><span style=\"font-weight: 400;\">I visti per l&#8217;immigrazione includono:<\/span><\/p>\n\n<ul class=\"wp-block-list\">\n<li><span style=\"font-weight: 400;\">il visto di immigrazione (come residente permanente legale);  <\/span><\/li>\n\n\n\n<li><span style=\"font-weight: 400;\">la lotteria dei visti per la diversit\u00e0, meglio conosciuta come Green Card: un programma legale che prevede la distribuzione casuale di circa 50.000 visti americani.  <\/span><\/li>\n<\/ul>\n\n<p><span style=\"font-weight: 400;\">I cittadini dei Paesi aderenti al Programma Viaggio senza Visto (VWP) possono visitare gli Stati Uniti senza visto richiedendo un&#8217;ESTA. Se non siete idonei per il documento ESTA, dovrete seguire la fase successiva dell&#8217;appuntamento presso l&#8217;ambasciata americana per la richiesta del visto.  <\/span><\/p>\n\n<h2 class=\"wp-block-heading\"><span style=\"font-weight: 400;\">L&#8217;appuntamento <\/span><span style=\"font-weight: 400;\">visto presso l&#8217;ambasciata americana <\/span> <\/h2>\n\n<p><span style=\"font-weight: 400;\">Il colloquio \u00e8 una delle fasi pi\u00f9 decisive della <\/span><span style=\"font-weight: 400;\">presso l&#8217;Ambasciata americana<\/span><span style=\"font-weight: 400;\">. Infatti, il suo successo dipende interamente dal successo dell&#8217;incontro con i rappresentanti delle autorit\u00e0 americane.<\/span><\/p>\n\n<h3 class=\"wp-block-heading\"><span style=\"font-weight: 400;\">Come fissare un appuntamento?<\/span><\/h3>\n\n<p>Dovrai fissare un appuntamento presso l&#8217;ambasciata statunitense per richiedere il visto.<\/p>\n\n<p><span style=\"font-weight: 400;\">Il giorno dell&#8217;appuntamento, assicurati di essere in anticipo, perch\u00e9 un eventuale ritardo potrebbe essere penalizzante. Vi verr\u00e0 consegnato un biglietto per attendere nella sala d&#8217;attesa dei richiedenti. Quando arriva il vostro turno, un agente prender\u00e0 il vostro fascicolo e le vostre impronte digitali. Successivamente, sarete reindirizzati a un altro agente per il colloquio.  <\/span><\/p>\n\n<h3 class=\"wp-block-heading\"><span style=\"font-weight: 400;\">Quali documenti devo portare con me?<\/span><\/h3>\n\n<ul class=\"wp-block-list\">\n<li><span style=\"font-weight: 400;\">Il passaporto biometrico o elettronico con una validit\u00e0 di almeno 6 mesi (se non rispetta la scadenza, dovrete richiedere un nuovo passaporto al vostro comune);  <\/span><\/li>\n\n\n\n<li><span style=\"font-weight: 400;\">Il modulo DS-160 che hai compilato per la richiesta del visto e il tuo numero SEVIS;<\/span><\/li>\n\n\n\n<li><span style=\"font-weight: 400;\">Documenti che dimostrino la vostra solvibilit\u00e0 (buste paga, estratti conto bancari, ecc.);<\/span><\/li>\n\n\n\n<li><span style=\"font-weight: 400;\">Una lettera di impegno del vostro sponsor e un&#8217;offerta di lavoro valida (per uno stage negli Stati Uniti);<\/span><\/li>\n\n\n\n<li><span style=\"font-weight: 400;\">documenti ufficiali che dimostrino che siete stati accettati in una scuola e che il vostro inglese \u00e8 buono (se volete studiare in un&#8217;universit\u00e0 americana).  <\/span><\/li>\n<\/ul>\n\n<h3 class=\"wp-block-heading\"><span style=\"font-weight: 400;\">Quali domande vengono poste durante il colloquio?  <\/span><\/h3>\n\n<p><span style=\"font-weight: 400;\">Come gi\u00e0 detto, questa fase \u00e8 decisiva per la convalida della vostra<\/span><span style=\"font-weight: 400;\"> visto presso l&#8217;ambasciata americana<\/span><span style=\"font-weight: 400;\">. Questo colloquio permetter\u00e0 al funzionario di porre domande relative al visto scelto (turismo, studi, volontariato internazionale, ecc.) per analizzare le vostre parole e verificare se le vostre attenzioni non siano dannose per la sicurezza interna del Paese. Il funzionario consolare incaricato del colloquio verificher\u00e0 anche i vostri legami con il Paese d&#8217;origine per assicurarsi che non soggiorniate illegalmente negli Stati Uniti. Ecco alcuni esempi di domande a cui potete prepararvi:  <\/span><\/p>\n\n<ul class=\"wp-block-list\">\n<li><span style=\"font-weight: 400;\">perch\u00e9 vuoi andare negli Stati Uniti?<\/span><\/li>\n\n\n\n<li><span style=\"font-weight: 400;\">Perch\u00e9 vuoi studiare\/lavorare negli Stati Uniti?<\/span><\/li>\n\n\n\n<li><span style=\"font-weight: 400;\">a quali universit\u00e0\/aziende hai fatto domanda e dove studierai\/lavorerai?<\/span><\/li>\n\n\n\n<li><span style=\"font-weight: 400;\">come intende finanziare i suoi studi?  <\/span><\/li>\n\n\n\n<li><span style=\"font-weight: 400;\">come pensate di finanziare la vostra vita l\u00ec?  <\/span><\/li>\n\n\n\n<li><span style=\"font-weight: 400;\">dove vivrete?<\/span><\/li>\n\n\n\n<li><span style=\"font-weight: 400;\">ecc.  <\/span><\/li>\n<\/ul>\n\n<h3 class=\"wp-block-heading\"><span style=\"font-weight: 400;\">Come ottenere la risposta dell&#8217;intervista del <\/span><span style=\"font-weight: 400;\">presso l&#8217;Ambasciata degli Stati Uniti <\/span><span style=\"font-weight: 400;\">?<\/span><\/h3>\n\n<p><span style=\"font-weight: 400;\">Al termine del colloquio, i risultati possono essere due: rifiuto o autorizzazione all&#8217;ingresso negli Stati Uniti.  <\/span><\/p>\n\n<p><span style=\"font-weight: 400;\">Nel caso in cui il documento non vi venga concesso, vi verr\u00e0 inviato per posta un documento con le motivazioni per cui non vi \u00e8 stato concesso. <\/span><span style=\"font-weight: 400;\">visto presso l&#8217;Ambasciata degli Stati Uniti. <\/span> <\/p>\n\n<p><span style=\"font-weight: 400;\">In caso contrario, congratulazioni, la vostra domanda \u00e8 stata approvata, avete il permesso di soggiornare, viaggiare o vivere negli Stati Uniti! La risposta sar\u00e0 comunicata al termine dell&#8217;appuntamento. Il passaporto valido vi sar\u00e0 restituito per posta, 48 ore dopo l&#8217;appuntamento e con il sigillo dell&#8217;ufficio di presidenza.  <\/span><span style=\"font-weight: 400;\">visto dall&#8217;ambasciata statunitense<\/span><span style=\"font-weight: 400;\"> per poterlo presentare ai funzionari della dogana statunitense.<\/span><\/p>\n","protected":false},"excerpt":{"rendered":"<p>Per richiedere un visto per un viaggio negli Stati Uniti, \u00e8 necessario recarsi all&#8217;ambasciata statunitense o al consolato del proprio Paese. Un&#8217;ambasciata \u00e8 la rappresentanza ufficiale di un paese in un altro paese. La sua missione \u00e8 garantire gli interessi della propria nazione con il Paese ospitante e promuovere le relazioni tra i due Stati &#8230; <a title=\"Come si richiede un visto all&#8217;ambasciata statunitense?\" class=\"read-more\" href=\"https:\/\/esta-etats-unis.net\/it\/come-si-richiede-un-visto-allambasciata-statunitense\/\" aria-label=\"Per saperne di pi\u00f9 su Come si richiede un visto all&#8217;ambasciata statunitense?\">Leggi tutto<\/a><\/p>\n","protected":false},"author":1,"featured_media":0,"parent":0,"menu_order":0,"comment_status":"closed","ping_status":"closed","template":"","meta":{"footnotes":""},"class_list":["post-451","page","type-page","status-publish"],"yoast_head":"<!-- This site is optimized with the Yoast SEO plugin v26.2 - https:\/\/yoast.com\/wordpress\/plugins\/seo\/ -->\n<title>Richiedere un visto all&#039;ambasciata statunitense<\/title>\n<meta name=\"description\" content=\"Se volete richiedere un visto per andare negli Stati Uniti, vi spieghiamo tutto quello che dovete sapere.\" \/>\n<meta name=\"robots\" content=\"index, follow, max-snippet:-1, max-image-preview:large, max-video-preview:-1\" \/>\n<link rel=\"canonical\" href=\"https:\/\/esta-etats-unis.net\/it\/come-si-richiede-un-visto-allambasciata-statunitense\/\" \/>\n<meta property=\"og:locale\" content=\"it_IT\" \/>\n<meta property=\"og:type\" content=\"article\" \/>\n<meta property=\"og:title\" content=\"Richiedere un visto all&#039;ambasciata statunitense\" \/>\n<meta property=\"og:description\" content=\"Se volete richiedere un visto per andare negli Stati Uniti, vi spieghiamo tutto quello che dovete sapere.\" \/>\n<meta property=\"og:url\" content=\"https:\/\/esta-etats-unis.net\/it\/come-si-richiede-un-visto-allambasciata-statunitense\/\" \/>\n<meta property=\"og:site_name\" content=\"Organizza il tuo viaggio negli Stati Uniti d&#039;America\" \/>\n<meta property=\"article:modified_time\" content=\"2024-10-09T08:03:38+00:00\" \/>\n<meta name=\"twitter:label1\" content=\"Tempo di lettura stimato\" \/>\n\t<meta name=\"twitter:data1\" content=\"4 minuti\" \/>\n<script type=\"application\/ld+json\" class=\"yoast-schema-graph\">{\"@context\":\"https:\/\/schema.org\",\"@graph\":[{\"@type\":\"WebPage\",\"@id\":\"https:\/\/esta-etats-unis.net\/it\/come-si-richiede-un-visto-allambasciata-statunitense\/\",\"url\":\"https:\/\/esta-etats-unis.net\/it\/come-si-richiede-un-visto-allambasciata-statunitense\/\",\"name\":\"Richiedere un visto all'ambasciata statunitense\",\"isPartOf\":{\"@id\":\"https:\/\/esta-etats-unis.net\/it\/#website\"},\"datePublished\":\"2019-03-29T11:33:12+00:00\",\"dateModified\":\"2024-10-09T08:03:38+00:00\",\"description\":\"Se volete richiedere un visto per andare negli Stati Uniti, vi spieghiamo tutto quello che dovete sapere.\",\"inLanguage\":\"it-IT\",\"potentialAction\":[{\"@type\":\"ReadAction\",\"target\":[\"https:\/\/esta-etats-unis.net\/it\/come-si-richiede-un-visto-allambasciata-statunitense\/\"]}]},{\"@type\":\"WebSite\",\"@id\":\"https:\/\/esta-etats-unis.net\/it\/#website\",\"url\":\"https:\/\/esta-etats-unis.net\/it\/\",\"name\":\"Organizza il tuo viaggio negli Stati Uniti d'America\",\"description\":\"\",\"potentialAction\":[{\"@type\":\"SearchAction\",\"target\":{\"@type\":\"EntryPoint\",\"urlTemplate\":\"https:\/\/esta-etats-unis.net\/it\/?s={search_term_string}\"},\"query-input\":{\"@type\":\"PropertyValueSpecification\",\"valueRequired\":true,\"valueName\":\"search_term_string\"}}],\"inLanguage\":\"it-IT\"}]}<\/script>\n<!-- \/ Yoast SEO plugin. -->","yoast_head_json":{"title":"Richiedere un visto all'ambasciata statunitense","description":"Se volete richiedere un visto per andare negli Stati Uniti, vi spieghiamo tutto quello che dovete sapere.","robots":{"index":"index","follow":"follow","max-snippet":"max-snippet:-1","max-image-preview":"max-image-preview:large","max-video-preview":"max-video-preview:-1"},"canonical":"https:\/\/esta-etats-unis.net\/it\/come-si-richiede-un-visto-allambasciata-statunitense\/","og_locale":"it_IT","og_type":"article","og_title":"Richiedere un visto all'ambasciata statunitense","og_description":"Se volete richiedere un visto per andare negli Stati Uniti, vi spieghiamo tutto quello che dovete sapere.","og_url":"https:\/\/esta-etats-unis.net\/it\/come-si-richiede-un-visto-allambasciata-statunitense\/","og_site_name":"Organizza il tuo viaggio negli Stati Uniti d'America","article_modified_time":"2024-10-09T08:03:38+00:00","twitter_misc":{"Tempo di lettura stimato":"4 minuti"},"schema":{"@context":"https:\/\/schema.org","@graph":[{"@type":"WebPage","@id":"https:\/\/esta-etats-unis.net\/it\/come-si-richiede-un-visto-allambasciata-statunitense\/","url":"https:\/\/esta-etats-unis.net\/it\/come-si-richiede-un-visto-allambasciata-statunitense\/","name":"Richiedere un visto all'ambasciata statunitense","isPartOf":{"@id":"https:\/\/esta-etats-unis.net\/it\/#website"},"datePublished":"2019-03-29T11:33:12+00:00","dateModified":"2024-10-09T08:03:38+00:00","description":"Se volete richiedere un visto per andare negli Stati Uniti, vi spieghiamo tutto quello che dovete sapere.","inLanguage":"it-IT","potentialAction":[{"@type":"ReadAction","target":["https:\/\/esta-etats-unis.net\/it\/come-si-richiede-un-visto-allambasciata-statunitense\/"]}]},{"@type":"WebSite","@id":"https:\/\/esta-etats-unis.net\/it\/#website","url":"https:\/\/esta-etats-unis.net\/it\/","name":"Organizza il tuo viaggio negli Stati Uniti d'America","description":"","potentialAction":[{"@type":"SearchAction","target":{"@type":"EntryPoint","urlTemplate":"https:\/\/esta-etats-unis.net\/it\/?s={search_term_string}"},"query-input":{"@type":"PropertyValueSpecification","valueRequired":true,"valueName":"search_term_string"}}],"inLanguage":"it-IT"}]}},"_links":{"self":[{"href":"https:\/\/esta-etats-unis.net\/it\/wp-json\/wp\/v2\/pages\/451","targetHints":{"allow":["GET"]}}],"collection":[{"href":"https:\/\/esta-etats-unis.net\/it\/wp-json\/wp\/v2\/pages"}],"about":[{"href":"https:\/\/esta-etats-unis.net\/it\/wp-json\/wp\/v2\/types\/page"}],"author":[{"embeddable":true,"href":"https:\/\/esta-etats-unis.net\/it\/wp-json\/wp\/v2\/users\/1"}],"replies":[{"embeddable":true,"href":"https:\/\/esta-etats-unis.net\/it\/wp-json\/wp\/v2\/comments?post=451"}],"version-history":[{"count":4,"href":"https:\/\/esta-etats-unis.net\/it\/wp-json\/wp\/v2\/pages\/451\/revisions"}],"predecessor-version":[{"id":816,"href":"https:\/\/esta-etats-unis.net\/it\/wp-json\/wp\/v2\/pages\/451\/revisions\/816"}],"wp:attachment":[{"href":"https:\/\/esta-etats-unis.net\/it\/wp-json\/wp\/v2\/media?parent=451"}],"curies":[{"name":"wp","href":"https:\/\/api.w.org\/{rel}","templated":true}]}}