{"id":446,"date":"2014-11-17T21:53:56","date_gmt":"2014-11-17T20:53:56","guid":{"rendered":"https:\/\/esta-etats-unis.net\/come-ottenere-unautorizzazione-elettronica-di-viaggio-esta-per-gli-stati-uniti\/"},"modified":"2025-09-23T10:16:22","modified_gmt":"2025-09-23T09:16:22","slug":"come-ottenere-unautorizzazione-elettronica-di-viaggio-esta-per-gli-stati-uniti","status":"publish","type":"page","link":"https:\/\/esta-etats-unis.net\/it\/","title":{"rendered":"Come ottenere un&#8217;autorizzazione elettronica al viaggio ESTA per gli Stati Uniti"},"content":{"rendered":"\n<p>L&#8217;ESTA, Electronic System for Travel Authorization, \u00e8 un sistema elettronico di autorizzazione al viaggio per gli Stati Uniti. Questo sistema \u00e8 stato istituito per migliorare la sicurezza dei viaggi negli Stati Uniti. L&#8217;<a href=\"https:\/\/esta-etats-unis.net\/it\/perche-richiedere-lesta-prima-di-partire-per-gli-stati-uniti\/\">autorizzazione di viaggio ESTA<\/a> per gli Stati Uniti \u00e8 concessa a qualsiasi persona proveniente da un Paese che beneficia del Programma Viaggio senza Visto e il cui viaggio per turismo, affari o transito non superi i 90 giorni. Ti spieghiamo il modulo ESTA, le informazioni che devi inserire e come modificare le informazioni sul tuo ESTA USA.<\/p>\n\n<h2 class=\"wp-block-heading\"><span style=\"font-weight: 400;\">Posso compilare il modulo ESTA per andare negli Stati Uniti?<\/span><\/h2>\n\n<p><span style=\"font-weight: 400;\">Se sei un cittadino di uno dei paesi che partecipano al Visa Waiver Program (VWP), puoi richiedere l&#8217;ESTA. Ecco l&#8217;elenco dei paesi interessati: Andorra, Australia, Austria, Belgio, Brunei, Cile, Croazia, Danimarca, Estonia, Finlandia, Francia, Germania, Grecia, Irlanda, Islanda, Israele, Italia, Giappone, Paesi Bassi, Lettonia, Liechtenstein, Lituania, Lussemburgo, Malta, Monaco, Norvegia, Nuova Zelanda, Polonia, Portogallo, San Marino, Singapore, Slovacchia, Slovenia, Corea del Sud, Spagna, Svezia, Svizzera, Taiwan e Ungheria. <\/span><\/p>\n\n<p><span style=\"font-weight: 400;\">\u00c8 necessario essere in possesso di un passaporto biometrico o elettronico prima di presentare la domanda online.<\/span><\/p>\n\n<p><span style=\"font-weight: 400;\">Inoltre, devi visitare gli Stati Uniti per turismo, affari o transito. Il soggiorno non deve superare i 90 giorni sul suolo americano.  \u00c8 severamente vietato dalle autorit\u00e0 statunitensi soggiornare pi\u00f9 a lungo sul suolo americano: commettere questo atto sarebbe illegale. Se vuoi rimanere pi\u00f9 a lungo negli Stati Uniti, devi richiedere un <a href=\"https:\/\/usa-b2.com\/it\/visto-b2\/\">visto B2<\/a>.<\/span><\/p>\n\n<p><span style=\"font-weight: 400;\">Il viaggio dal Paese d&#8217;origine agli Stati Uniti deve avvenire per via aerea o marittima con una compagnia riconosciuta dal governo statunitense.<\/span><\/p>\n\n<p><span style=\"font-weight: 400;\">\u00c8 inoltre indispensabile non aver visitato i seguenti Paesi da marzo 2011: Iran, Iraq, Yemen, Somalia, Libia, Siria o Sudan. In questo caso, la domanda verr\u00e0 automaticamente respinta.<\/span><\/p>\n\n<p><span style=\"font-weight: 400;\">Se soddisfate tutti questi criteri, vi spieghiamo come <a href=\"https:\/\/esta-etats-unis.net\/it\/come-compilare-il-modulo-esta-per-recarsi-negli-stati-uniti\/\">ordinare l&#8217;ESTA<\/a> per gli Stati Uniti.<\/span><\/p>\n\n<h2 class=\"wp-block-heading\"><span style=\"font-weight: 400;\">Su quali siti web posso fare domanda?<\/span><\/h2>\n\n<p><span style=\"font-weight: 400;\">A differenza della domanda di visto statunitense, il richiedente non deve recarsi all&#8217;ambasciata statunitense per richiedere l&#8217;ESTA. Tutto si svolge online e in pochi clic. Non \u00e8 necessario compilare alcun documento cartaceo: il modulo \u00e8 disponibile online. Il pagamento dell&#8217;ordine convalida la richiesta di autorizzazione, per cui \u00e8 utile avere con s\u00e9 la carta di credito quando si compila il questionario online. In assenza di pagamento, la domanda non sar\u00e0 presa in considerazione.<\/span><\/p>\n\n<p><span style=\"font-weight: 400;\">Devi <a href=\"https:\/\/esta-etats-unis.net\/it\/come-si-richiede-un-visto-allambasciata-statunitense\/\">richiedere l&#8217;ESTA<\/a> Stati Uniti sul <a href=\"https:\/\/esta.cbp.dhs.gov\/\">sito ufficiale del governo<\/a>.<\/span><\/p>\n\n<p>Una volta compilati correttamente i dati del modulo, non resta che pagare la tassa per la domanda e attendere la risposta alla richiesta. \u00c8 il Dipartimento di Sicurezza Nazionale degli Stati Uniti a decidere se concedere o meno l&#8217;autorizzazione di viaggio ESTA.<\/p>\n\n<h2 class=\"wp-block-heading\"><span style=\"font-weight: 400;\">Quanto tempo ci vuole per ricevere una risposta?<\/span><\/h2>\n\n<p><span style=\"font-weight: 400;\">L&#8217;interesse della domanda ESTA risiede anche nella rapidit\u00e0 con cui viene rilasciata la risposta. Mentre l&#8217;iter di un visto statunitense pu\u00f2 richiedere diversi mesi, l&#8217;ESTA viene rilasciato entro 3 giorni e di solito con una risposta immediata.<\/span><\/p>\n\n<p><span style=\"font-weight: 400;\">Per vedere la risposta, andate sul sito ufficiale del governo degli Stati Uniti e inserite il vostro numero ESTA e il numero di passaporto. Ci sono tre possibili stati:  <\/span><\/p>\n\n<ul class=\"wp-block-list\">\n<li><span style=\"font-weight: 400;\">ESTA approvato<\/span><\/li>\n\n\n\n<li><span style=\"font-weight: 400;\">ESTA in attesa<\/span><\/li>\n\n\n\n<li><span style=\"font-weight: 400;\">ESTA rifiutato<\/span><\/li>\n<\/ul>\n\n<div style=\"height:20px\" aria-hidden=\"true\" class=\"wp-block-spacer\"><\/div>\n\n<p><span style=\"font-weight: 400;\">Il vostro status \u00e8 approvato? Ora potete pianificare il vostro soggiorno negli Stati Uniti. Uno stato di attesa non significa che la tua richiesta verr\u00e0 rifiutata, ma semplicemente che l&#8217;analisi della tua pratica sta richiedendo un po&#8217; pi\u00f9 di tempo. Se la domanda viene rifiutata per un errore da parte vostra, richiedete nuovamente l&#8217;approvazione. Se il modulo \u00e8 corretto, \u00e8 necessario presentare una domanda di <a href=\"https:\/\/esta-etats-unis.net\/it\/come-scegliere-il-visto-per-gli-stati-uniti\/\">visto per gli Stati Uniti<\/a>.<\/span><\/p>\n\n<h2 class=\"wp-block-heading\"><span style=\"font-weight: 400;\">Per quanto tempo posso utilizzare la mia autorizzazione?<\/span><\/h2>\n\n<p>Dal momento in cui ricevi il permesso ESTA per recarti negli Stati Uniti, hai la possibilit\u00e0 di effettuare diverse visite nell&#8217;arco di due anni (il periodo di validit\u00e0 ufficiale del documento).<\/p>\n\n<p><span style=\"font-weight: 400;\">Si noti che esistono alcune eccezioni. Se avete perso, smarrito o sostituito il passaporto elettronico o il passaporto biometrico, o se sono cambiate importanti informazioni su di voi, dovrete richiedere una nuova ESTA.<\/span> <\/p>\n\n<h2 class=\"wp-block-heading\"><span style=\"font-weight: 400;\">Posso modificare le informazioni sul modulo ESTA?<\/span><\/h2>\n\n<p><span style=\"font-weight: 400;\">Dopo aver ottenuto l&#8217;autorizzazione ESTA, alcune delle informazioni in essa contenute possono essere aggiornate. Tuttavia, questi aggiornamenti riguardano solo l&#8217;indirizzo e-mail e l&#8217;indirizzo di destinazione.<\/span><\/p>\n\n<p><span style=\"font-weight: 400;\">Se desiderate modificare altre informazioni, dovrete richiedere un nuovo ESTA per il vostro soggiorno negli Stati Uniti.<\/span><\/p>\n","protected":false},"excerpt":{"rendered":"<p>L&#8217;ESTA, Electronic System for Travel Authorization, \u00e8 un sistema elettronico di autorizzazione al viaggio per gli Stati Uniti. Questo sistema \u00e8 stato istituito per migliorare la sicurezza dei viaggi negli Stati Uniti. L&#8217;autorizzazione di viaggio ESTA per gli Stati Uniti \u00e8 concessa a qualsiasi persona proveniente da un Paese che beneficia del Programma Viaggio senza &#8230; <a title=\"Come ottenere un&#8217;autorizzazione elettronica al viaggio ESTA per gli Stati Uniti\" class=\"read-more\" href=\"https:\/\/esta-etats-unis.net\/it\/\" aria-label=\"Per saperne di pi\u00f9 su Come ottenere un&#8217;autorizzazione elettronica al viaggio ESTA per gli Stati Uniti\">Leggi tutto<\/a><\/p>\n","protected":false},"author":1,"featured_media":0,"parent":0,"menu_order":0,"comment_status":"closed","ping_status":"closed","template":"","meta":{"footnotes":""},"class_list":["post-446","page","type-page","status-publish"],"yoast_head":"<!-- This site is optimized with the Yoast SEO plugin v26.2 - https:\/\/yoast.com\/wordpress\/plugins\/seo\/ -->\n<title>Come si ottiene un&#039;autorizzazione di viaggio ESTA USA?<\/title>\n<meta name=\"description\" content=\"L&#039;autorizzazione ESTA \u00e8 obbligatoria per il vostro viaggio negli Stati Uniti, vi spieghiamo come ottenerla.\" \/>\n<meta name=\"robots\" content=\"index, follow, max-snippet:-1, max-image-preview:large, max-video-preview:-1\" \/>\n<link rel=\"canonical\" href=\"https:\/\/esta-etats-unis.net\/it\/\" \/>\n<meta property=\"og:locale\" content=\"it_IT\" \/>\n<meta property=\"og:type\" content=\"article\" \/>\n<meta property=\"og:title\" content=\"Come si ottiene un&#039;autorizzazione di viaggio ESTA USA?\" \/>\n<meta property=\"og:description\" content=\"L&#039;autorizzazione ESTA \u00e8 obbligatoria per il vostro viaggio negli Stati Uniti, vi spieghiamo come ottenerla.\" \/>\n<meta property=\"og:url\" content=\"https:\/\/esta-etats-unis.net\/it\/\" \/>\n<meta property=\"og:site_name\" content=\"Organizza il tuo viaggio negli Stati Uniti d&#039;America\" \/>\n<meta property=\"article:modified_time\" content=\"2025-09-23T09:16:22+00:00\" \/>\n<meta name=\"twitter:label1\" content=\"Tempo di lettura stimato\" \/>\n\t<meta name=\"twitter:data1\" content=\"3 minuti\" \/>\n<script type=\"application\/ld+json\" class=\"yoast-schema-graph\">{\"@context\":\"https:\/\/schema.org\",\"@graph\":[{\"@type\":\"WebPage\",\"@id\":\"https:\/\/esta-etats-unis.net\/it\/\",\"url\":\"https:\/\/esta-etats-unis.net\/it\/\",\"name\":\"Come si ottiene un'autorizzazione di viaggio ESTA USA?\",\"isPartOf\":{\"@id\":\"https:\/\/esta-etats-unis.net\/it\/#website\"},\"datePublished\":\"2014-11-17T20:53:56+00:00\",\"dateModified\":\"2025-09-23T09:16:22+00:00\",\"description\":\"L'autorizzazione ESTA \u00e8 obbligatoria per il vostro viaggio negli Stati Uniti, vi spieghiamo come ottenerla.\",\"inLanguage\":\"it-IT\",\"potentialAction\":[{\"@type\":\"ReadAction\",\"target\":[\"https:\/\/esta-etats-unis.net\/it\/\"]}]},{\"@type\":\"WebSite\",\"@id\":\"https:\/\/esta-etats-unis.net\/it\/#website\",\"url\":\"https:\/\/esta-etats-unis.net\/it\/\",\"name\":\"Organizza il tuo viaggio negli Stati Uniti d'America\",\"description\":\"\",\"potentialAction\":[{\"@type\":\"SearchAction\",\"target\":{\"@type\":\"EntryPoint\",\"urlTemplate\":\"https:\/\/esta-etats-unis.net\/it\/?s={search_term_string}\"},\"query-input\":{\"@type\":\"PropertyValueSpecification\",\"valueRequired\":true,\"valueName\":\"search_term_string\"}}],\"inLanguage\":\"it-IT\"}]}<\/script>\n<!-- \/ Yoast SEO plugin. -->","yoast_head_json":{"title":"Come si ottiene un'autorizzazione di viaggio ESTA USA?","description":"L'autorizzazione ESTA \u00e8 obbligatoria per il vostro viaggio negli Stati Uniti, vi spieghiamo come ottenerla.","robots":{"index":"index","follow":"follow","max-snippet":"max-snippet:-1","max-image-preview":"max-image-preview:large","max-video-preview":"max-video-preview:-1"},"canonical":"https:\/\/esta-etats-unis.net\/it\/","og_locale":"it_IT","og_type":"article","og_title":"Come si ottiene un'autorizzazione di viaggio ESTA USA?","og_description":"L'autorizzazione ESTA \u00e8 obbligatoria per il vostro viaggio negli Stati Uniti, vi spieghiamo come ottenerla.","og_url":"https:\/\/esta-etats-unis.net\/it\/","og_site_name":"Organizza il tuo viaggio negli Stati Uniti d'America","article_modified_time":"2025-09-23T09:16:22+00:00","twitter_misc":{"Tempo di lettura stimato":"3 minuti"},"schema":{"@context":"https:\/\/schema.org","@graph":[{"@type":"WebPage","@id":"https:\/\/esta-etats-unis.net\/it\/","url":"https:\/\/esta-etats-unis.net\/it\/","name":"Come si ottiene un'autorizzazione di viaggio ESTA USA?","isPartOf":{"@id":"https:\/\/esta-etats-unis.net\/it\/#website"},"datePublished":"2014-11-17T20:53:56+00:00","dateModified":"2025-09-23T09:16:22+00:00","description":"L'autorizzazione ESTA \u00e8 obbligatoria per il vostro viaggio negli Stati Uniti, vi spieghiamo come ottenerla.","inLanguage":"it-IT","potentialAction":[{"@type":"ReadAction","target":["https:\/\/esta-etats-unis.net\/it\/"]}]},{"@type":"WebSite","@id":"https:\/\/esta-etats-unis.net\/it\/#website","url":"https:\/\/esta-etats-unis.net\/it\/","name":"Organizza il tuo viaggio negli Stati Uniti d'America","description":"","potentialAction":[{"@type":"SearchAction","target":{"@type":"EntryPoint","urlTemplate":"https:\/\/esta-etats-unis.net\/it\/?s={search_term_string}"},"query-input":{"@type":"PropertyValueSpecification","valueRequired":true,"valueName":"search_term_string"}}],"inLanguage":"it-IT"}]}},"_links":{"self":[{"href":"https:\/\/esta-etats-unis.net\/it\/wp-json\/wp\/v2\/pages\/446","targetHints":{"allow":["GET"]}}],"collection":[{"href":"https:\/\/esta-etats-unis.net\/it\/wp-json\/wp\/v2\/pages"}],"about":[{"href":"https:\/\/esta-etats-unis.net\/it\/wp-json\/wp\/v2\/types\/page"}],"author":[{"embeddable":true,"href":"https:\/\/esta-etats-unis.net\/it\/wp-json\/wp\/v2\/users\/1"}],"replies":[{"embeddable":true,"href":"https:\/\/esta-etats-unis.net\/it\/wp-json\/wp\/v2\/comments?post=446"}],"version-history":[{"count":8,"href":"https:\/\/esta-etats-unis.net\/it\/wp-json\/wp\/v2\/pages\/446\/revisions"}],"predecessor-version":[{"id":897,"href":"https:\/\/esta-etats-unis.net\/it\/wp-json\/wp\/v2\/pages\/446\/revisions\/897"}],"wp:attachment":[{"href":"https:\/\/esta-etats-unis.net\/it\/wp-json\/wp\/v2\/media?parent=446"}],"curies":[{"name":"wp","href":"https:\/\/api.w.org\/{rel}","templated":true}]}}