{"id":434,"date":"2014-11-17T22:03:12","date_gmt":"2014-11-17T21:03:12","guid":{"rendered":"https:\/\/esta-etats-unis.net\/formalita-esta-per-un-viaggio-negli-usa\/"},"modified":"2024-10-11T08:42:24","modified_gmt":"2024-10-11T07:42:24","slug":"formalita-esta-per-un-viaggio-negli-usa","status":"publish","type":"page","link":"https:\/\/esta-etats-unis.net\/it\/formalita-esta-per-un-viaggio-negli-usa\/","title":{"rendered":"Formalit\u00e0 ESTA per un viaggio negli USA"},"content":{"rendered":"\n<p>Le formalit\u00e0 richieste a tutti i cittadini francesi che desiderano recarsi negli Stati Uniti sono state semplificate grazie alla creazione del Visa Waiver Program. Invece di una procedura di richiesta del visto complessa, costosa e lenta, il viaggiatore deve solo <a href=\"https:\/\/esta-etats-unis.net\/it\/\">richiedere l&#8217;ESTA<\/a>. La procedura deve essere eseguita online; \u00e8 semplice, veloce e le tariffe sono molto convenienti. Per ottenere l&#8217;ESTA ed entrare negli Stati Uniti senza problemi, \u00e8 necessario un passaporto biometrico o elettronico valido.<\/p>\n\n<p>Il <a href=\"https:\/\/esta-etats-unis.net\/it\/che-aspetto-ha-il-modulo-esta\/\">modulo ESTA<\/a> \u00e8 disponibile su siti web specializzati e sul sito ufficiale del governo statunitense. \u00c8 l&#8217;unica cosa da fare per il vostro soggiorno negli Stati Uniti. Si noti che per un soggiorno superiore a 90 giorni o per qualsiasi altro motivo diverso da affari, turismo o transito, \u00e8 necessario richiedere un visto per gli Stati Uniti.<\/p>\n\n<h2 class=\"wp-block-heading\">Informazioni sull&#8217;ottenimento dell&#8217;ESTA<\/h2>\n\n<p>L&#8217;ESTA (Electronic System for Travel Authorization) \u00e8 un&#8217;autorizzazione di viaggio necessaria ai cittadini dei Paesi VWP per recarsi <a href=\"https:\/\/document-esta.com\/it\/\">negli Stati Uniti senza un visto americano<\/a>. \u00c8 stato istituito per rafforzare le misure di sicurezza alle frontiere.<\/p>\n\n<p>Esistono diversi criteri di ammissibilit\u00e0 per ricevere questa autorizzazione. Dovete trovarvi negli Stati Uniti per affari, turismo o transito per un massimo di 90 giorni. L&#8217;autorizzazione concessa \u00e8 valida per 2 anni e per pi\u00f9 ingressi negli Stati Uniti d&#8217;America fino a un massimo di 90 giorni. Tuttavia, l&#8217;ESTA non sar\u00e0 pi\u00f9 utilizzabile e dovr\u00e0 essere rinnovato dal giorno della scadenza del passaporto o se, in casi eccezionali, l&#8217;autorizzazione viene annullata dalle autorit\u00e0 competenti. Un&#8217;autorizzazione pu\u00f2 essere annullata se, ad esempio, si \u00e8 cambiato cognome o si \u00e8 ottenuto un nuovo passaporto.<\/p>\n\n<p>Il rinnovo di un&#8217;autorizzazione deve essere soggetto a una nuova procedura e a un nuovo fascicolo. La richiesta di ESTA deve essere effettuata esclusivamente online e almeno 72 ore prima della partenza desiderata. Vi consigliamo di presentare la domanda il prima possibile, perch\u00e9 se commettete un errore nelle informazioni richieste o se non soddisfate le condizioni richieste (lungo soggiorno, studi o lavoro&#8230;), vi occorrer\u00e0 pi\u00f9 tempo per richiedere una nuova autorizzazione ESTA o un visto presso l&#8217;ambasciata americana. Molti siti web specializzati offrono aiuto e assistenza ai viaggiatori in questo processo, in particolare nella richiesta online del modulo ESTA, che deve essere effettuata con la massima attenzione, senza errori o omissioni.<\/p>\n\n<h2 class=\"wp-block-heading\">Il modulo ESTA per un soggiorno negli Stati Uniti<\/h2>\n\n<p>Richiedere l&#8217;ESTA \u00e8 molto semplice: tutto ci\u00f2 che il viaggiatore deve fare \u00e8 compilare un modulo online. Devi ordinare l&#8217;autorizzazione sul <a href=\"https:\/\/www.dhs.gov\/\">sito web del governo statunitense<\/a>.<\/p>\n\n<p>Gli unici documenti richiesti sono il passaporto elettronico o biometrico e la carta di pagamento, indispensabile per la convalida del modulo. Per la domanda <a href=\"https:\/\/esta-etats-unis.net\/it\/che-aspetto-ha-il-modulo-esta\/\">ESTA<\/a> \u00e8 necessario compilare un <a href=\"https:\/\/esta-etats-unis.net\/it\/che-aspetto-ha-il-modulo-esta\/\">questionario<\/a> online (numero di passaporto valido, nome, cognome, data di nascita, ecc.)  Riceverete una risposta molto rapidamente. In generale, le autorit\u00e0 statunitensi evadono le richieste entro 72 ore. Il documento ESTA \u00e8 valido per due anni, il che consente di effettuare diversi viaggi negli Stati Uniti.<\/p>\n","protected":false},"excerpt":{"rendered":"<p>Le formalit\u00e0 richieste a tutti i cittadini francesi che desiderano recarsi negli Stati Uniti sono state semplificate grazie alla creazione del Visa Waiver Program. Invece di una procedura di richiesta del visto complessa, costosa e lenta, il viaggiatore deve solo richiedere l&#8217;ESTA. La procedura deve essere eseguita online; \u00e8 semplice, veloce e le tariffe sono &#8230; <a title=\"Formalit\u00e0 ESTA per un viaggio negli USA\" class=\"read-more\" href=\"https:\/\/esta-etats-unis.net\/it\/formalita-esta-per-un-viaggio-negli-usa\/\" aria-label=\"Per saperne di pi\u00f9 su Formalit\u00e0 ESTA per un viaggio negli USA\">Leggi tutto<\/a><\/p>\n","protected":false},"author":1,"featured_media":0,"parent":0,"menu_order":0,"comment_status":"closed","ping_status":"closed","template":"","meta":{"footnotes":""},"class_list":["post-434","page","type-page","status-publish"],"yoast_head":"<!-- This site is optimized with the Yoast SEO plugin v26.2 - https:\/\/yoast.com\/wordpress\/plugins\/seo\/ -->\n<title>Requisiti di ingresso ESTA per i viaggi negli Stati Uniti<\/title>\n<meta name=\"description\" content=\"Vi spieghiamo le diverse formalit\u00e0 da espletare per ottenere l&#039;ESTA e viaggiare negli Stati Uniti d&#039;America.\" \/>\n<meta name=\"robots\" content=\"index, follow, max-snippet:-1, max-image-preview:large, max-video-preview:-1\" \/>\n<link rel=\"canonical\" href=\"https:\/\/esta-etats-unis.net\/it\/formalita-esta-per-un-viaggio-negli-usa\/\" \/>\n<meta property=\"og:locale\" content=\"it_IT\" \/>\n<meta property=\"og:type\" content=\"article\" \/>\n<meta property=\"og:title\" content=\"Requisiti di ingresso ESTA per i viaggi negli Stati Uniti\" \/>\n<meta property=\"og:description\" content=\"Vi spieghiamo le diverse formalit\u00e0 da espletare per ottenere l&#039;ESTA e viaggiare negli Stati Uniti d&#039;America.\" \/>\n<meta property=\"og:url\" content=\"https:\/\/esta-etats-unis.net\/it\/formalita-esta-per-un-viaggio-negli-usa\/\" \/>\n<meta property=\"og:site_name\" content=\"Organizza il tuo viaggio negli Stati Uniti d&#039;America\" \/>\n<meta property=\"article:modified_time\" content=\"2024-10-11T07:42:24+00:00\" \/>\n<meta name=\"twitter:label1\" content=\"Tempo di lettura stimato\" \/>\n\t<meta name=\"twitter:data1\" content=\"2 minuti\" \/>\n<script type=\"application\/ld+json\" class=\"yoast-schema-graph\">{\"@context\":\"https:\/\/schema.org\",\"@graph\":[{\"@type\":\"WebPage\",\"@id\":\"https:\/\/esta-etats-unis.net\/it\/formalita-esta-per-un-viaggio-negli-usa\/\",\"url\":\"https:\/\/esta-etats-unis.net\/it\/formalita-esta-per-un-viaggio-negli-usa\/\",\"name\":\"Requisiti di ingresso ESTA per i viaggi negli Stati Uniti\",\"isPartOf\":{\"@id\":\"https:\/\/esta-etats-unis.net\/it\/#website\"},\"datePublished\":\"2014-11-17T21:03:12+00:00\",\"dateModified\":\"2024-10-11T07:42:24+00:00\",\"description\":\"Vi spieghiamo le diverse formalit\u00e0 da espletare per ottenere l'ESTA e viaggiare negli Stati Uniti d'America.\",\"inLanguage\":\"it-IT\",\"potentialAction\":[{\"@type\":\"ReadAction\",\"target\":[\"https:\/\/esta-etats-unis.net\/it\/formalita-esta-per-un-viaggio-negli-usa\/\"]}]},{\"@type\":\"WebSite\",\"@id\":\"https:\/\/esta-etats-unis.net\/it\/#website\",\"url\":\"https:\/\/esta-etats-unis.net\/it\/\",\"name\":\"Organizza il tuo viaggio negli Stati Uniti d'America\",\"description\":\"\",\"potentialAction\":[{\"@type\":\"SearchAction\",\"target\":{\"@type\":\"EntryPoint\",\"urlTemplate\":\"https:\/\/esta-etats-unis.net\/it\/?s={search_term_string}\"},\"query-input\":{\"@type\":\"PropertyValueSpecification\",\"valueRequired\":true,\"valueName\":\"search_term_string\"}}],\"inLanguage\":\"it-IT\"}]}<\/script>\n<!-- \/ Yoast SEO plugin. -->","yoast_head_json":{"title":"Requisiti di ingresso ESTA per i viaggi negli Stati Uniti","description":"Vi spieghiamo le diverse formalit\u00e0 da espletare per ottenere l'ESTA e viaggiare negli Stati Uniti d'America.","robots":{"index":"index","follow":"follow","max-snippet":"max-snippet:-1","max-image-preview":"max-image-preview:large","max-video-preview":"max-video-preview:-1"},"canonical":"https:\/\/esta-etats-unis.net\/it\/formalita-esta-per-un-viaggio-negli-usa\/","og_locale":"it_IT","og_type":"article","og_title":"Requisiti di ingresso ESTA per i viaggi negli Stati Uniti","og_description":"Vi spieghiamo le diverse formalit\u00e0 da espletare per ottenere l'ESTA e viaggiare negli Stati Uniti d'America.","og_url":"https:\/\/esta-etats-unis.net\/it\/formalita-esta-per-un-viaggio-negli-usa\/","og_site_name":"Organizza il tuo viaggio negli Stati Uniti d'America","article_modified_time":"2024-10-11T07:42:24+00:00","twitter_misc":{"Tempo di lettura stimato":"2 minuti"},"schema":{"@context":"https:\/\/schema.org","@graph":[{"@type":"WebPage","@id":"https:\/\/esta-etats-unis.net\/it\/formalita-esta-per-un-viaggio-negli-usa\/","url":"https:\/\/esta-etats-unis.net\/it\/formalita-esta-per-un-viaggio-negli-usa\/","name":"Requisiti di ingresso ESTA per i viaggi negli Stati Uniti","isPartOf":{"@id":"https:\/\/esta-etats-unis.net\/it\/#website"},"datePublished":"2014-11-17T21:03:12+00:00","dateModified":"2024-10-11T07:42:24+00:00","description":"Vi spieghiamo le diverse formalit\u00e0 da espletare per ottenere l'ESTA e viaggiare negli Stati Uniti d'America.","inLanguage":"it-IT","potentialAction":[{"@type":"ReadAction","target":["https:\/\/esta-etats-unis.net\/it\/formalita-esta-per-un-viaggio-negli-usa\/"]}]},{"@type":"WebSite","@id":"https:\/\/esta-etats-unis.net\/it\/#website","url":"https:\/\/esta-etats-unis.net\/it\/","name":"Organizza il tuo viaggio negli Stati Uniti d'America","description":"","potentialAction":[{"@type":"SearchAction","target":{"@type":"EntryPoint","urlTemplate":"https:\/\/esta-etats-unis.net\/it\/?s={search_term_string}"},"query-input":{"@type":"PropertyValueSpecification","valueRequired":true,"valueName":"search_term_string"}}],"inLanguage":"it-IT"}]}},"_links":{"self":[{"href":"https:\/\/esta-etats-unis.net\/it\/wp-json\/wp\/v2\/pages\/434","targetHints":{"allow":["GET"]}}],"collection":[{"href":"https:\/\/esta-etats-unis.net\/it\/wp-json\/wp\/v2\/pages"}],"about":[{"href":"https:\/\/esta-etats-unis.net\/it\/wp-json\/wp\/v2\/types\/page"}],"author":[{"embeddable":true,"href":"https:\/\/esta-etats-unis.net\/it\/wp-json\/wp\/v2\/users\/1"}],"replies":[{"embeddable":true,"href":"https:\/\/esta-etats-unis.net\/it\/wp-json\/wp\/v2\/comments?post=434"}],"version-history":[{"count":14,"href":"https:\/\/esta-etats-unis.net\/it\/wp-json\/wp\/v2\/pages\/434\/revisions"}],"predecessor-version":[{"id":888,"href":"https:\/\/esta-etats-unis.net\/it\/wp-json\/wp\/v2\/pages\/434\/revisions\/888"}],"wp:attachment":[{"href":"https:\/\/esta-etats-unis.net\/it\/wp-json\/wp\/v2\/media?parent=434"}],"curies":[{"name":"wp","href":"https:\/\/api.w.org\/{rel}","templated":true}]}}