{"id":563,"date":"2019-04-12T12:31:56","date_gmt":"2019-04-12T11:31:56","guid":{"rendered":"https:\/\/esta-etats-unis.net\/visado-o-esta-para-viajar-a-estados-unidos\/"},"modified":"2024-10-11T08:16:52","modified_gmt":"2024-10-11T07:16:52","slug":"visado-o-esta-para-viajar-a-estados-unidos","status":"publish","type":"page","link":"https:\/\/esta-etats-unis.net\/es\/visado-o-esta-para-viajar-a-estados-unidos\/","title":{"rendered":"Visado o ESTA para viajar a Estados Unidos"},"content":{"rendered":"\n<p><span style=\"font-weight: 400;\">Todo viaje a Estados Unidos requiere un permiso de viaje. Ya sea el  <\/span><span style=\"font-weight: 400;\">visado o ESTA<\/span><span style=\"font-weight: 400;\">La elecci\u00f3n depender\u00e1 de la duraci\u00f3n de su estancia y del motivo de su salida. \u00bfVa a ir all\u00ed a trabajar, a hacer unas pr\u00e1cticas o simplemente a descubrir el territorio americano? Son estas razones las que determinan qu\u00e9 documento oficial es el m\u00e1s adecuado para su situaci\u00f3n. As\u00ed que  <\/span><span style=\"font-weight: 400;\">visado o ESTA<\/span><span style=\"font-weight: 400;\">  ? Veamos esto con m\u00e1s detalle en el resto de este art\u00edculo.  <\/span><\/p>\n\n<h2 class=\"wp-block-heading\"><span style=\"font-weight: 400;\">ESTA, <\/span><span style=\"font-weight: 400;\">el viaje en l\u00ednea<\/span><span style=\"font-weight: 400;\"> en l\u00ednea<\/span><\/h2>\n\n<p><span style=\"font-weight: 400;\">Antes de entrar en detalles sobre los diferentes casos que se aplican al ESTA o al visado, empecemos por <a href=\"https:\/\/esta-etats-unis.net\/es\/tramites-del-esta-para-su-viaje-a-estados-unidos\/\">definir qu\u00e9 es el ESTA<\/a>.<\/span><\/p>\n\n<p><span style=\"font-weight: 400;\">El ESTA, conocido como Sistema Electr\u00f3nico de Autorizaci\u00f3n de Viaje, es un documento oficial que permite a los nacionales del Programa de Exenci\u00f3n de Visado (VWP) viajar a Estados Unidos para estancias cortas.  <\/span><\/p>\n\n<p><span style=\"font-weight: 400;\">A diferencia de los visados, que se presentan de diferentes formas (visado J1, visado F1, visado M1, etc.), que veremos m\u00e1s adelante, el ESTA es \u00fanico y cubre varios motivos de estancia.  <\/span><\/p>\n\n<p><span style=\"font-weight: 400;\">La autorizaci\u00f3n de viaje ESTA es una iniciativa del gobierno de Estados Unidos y fue creada para facilitar la tramitaci\u00f3n de las solicitudes de visado y para proteger al pa\u00eds de las amenazas terroristas.  <\/span><\/p>\n\n<p><span style=\"font-weight: 400;\">El formulario ESTA es de gran ayuda para las autoridades estadounidenses, ya que hay varios criterios que deben cumplirse para obtener el ESTA. Si los solicitantes no cumplen los criterios, deben solicitar un visado en la embajada o el consulado estadounidense.  <\/span><\/p>\n<div class=\"wp-block-image\">\n<figure class=\"alignright size-full\"><a href=\"https:\/\/esta-etats-unis.net\/wp-content\/uploads\/2019\/04\/Visa-USA-esta-passeport.jpg\"><img loading=\"lazy\" decoding=\"async\" width=\"275\" height=\"183\" src=\"https:\/\/esta-etats-unis.net\/wp-content\/uploads\/2019\/04\/Visa-USA-esta-passeport.jpg\" alt=\"visa usa esta pasaporte\" class=\"wp-image-262\"\/><\/a><figcaption class=\"wp-element-caption\"><em>visado o ESTA para viajar a Estados Unidos<\/em><\/figcaption><\/figure><\/div>\n<h3 class=\"wp-block-heading\"><span style=\"font-weight: 400;\">\u00bfCu\u00e1les son los requisitos del ESTA?<\/span><\/h3>\n\n<p><span style=\"font-weight: 400;\">Para comprobar sus posibilidades de obtener la autorizaci\u00f3n de viaje ESTA, he aqu\u00ed las condiciones:  <\/span><\/p>\n\n<ul class=\"wp-block-list\">\n<li><span style=\"font-weight: 400;\">viajar a EE.UU. durante un m\u00e1ximo de 90 d\u00edas (nota: el ESTA tiene una validez de 2 a\u00f1os, es decir, a lo largo de 2 a\u00f1os puede viajar a EE.UU. tantas veces como quiera, siempre que no permanezca m\u00e1s de 90 d\u00edas consecutivos en suelo estadounidense);<\/span><\/li>\n\n\n\n<li><span style=\"font-weight: 400;\">viajar a Estados Unidos por turismo, negocios o tr\u00e1nsito;<\/span><\/li>\n\n\n\n<li><span style=\"font-weight: 400;\">tener un pasaporte biom\u00e9trico o electr\u00f3nico v\u00e1lido (cuidado, el pasaporte es muy importante, tenga siempre un pasaporte v\u00e1lido cuando pida el ESTA y durante su viaje);  <\/span><\/li>\n\n\n\n<li><span style=\"font-weight: 400;\">ser nacional de un pa\u00eds miembro del Programa de Exenci\u00f3n de Visado (Francia es miembro);  <\/span><\/li>\n\n\n\n<li><span style=\"font-weight: 400;\">conocer su fecha de regreso (al pedir el ESTA, no es obligatorio comprar los billetes de antemano. Sin embargo, cuando llegue a Estados Unidos, deber\u00e1 presentar su billete de vuelta en la aduana).  <\/span><\/li>\n<\/ul>\n\n<p><span style=\"font-weight: 400;\">La autorizaci\u00f3n ESTA s\u00f3lo puede obtenerse por Internet. Para una solicitud en l\u00ednea, puede dirigirse a la p\u00e1gina web oficial del gobierno o a una p\u00e1gina web especializada que ofrece un servicio adicional para rellenar su informaci\u00f3n.  <\/span><\/p>\n\n<p><span style=\"font-weight: 400;\">Cuando cumple con todos los requisitos del ESTA, pero a\u00fan tiene la duda de \u00bfvisado o ESTA? Hay varios factores que pueden ayudarle a decidirse a solicitar el ESTA:  <\/span><\/p>\n\n<ul class=\"wp-block-list\">\n<li><span style=\"font-weight: 400;\">Su precio es mucho m\u00e1s barato que el del visado: 21 d\u00f3lares de tasas que se pagan en l\u00ednea en la p\u00e1gina oficial del ESTA;  <\/span><\/li>\n\n\n\n<li><span style=\"font-weight: 400;\">su accesibilidad, ya que el formulario se rellena en l\u00ednea;  <\/span><\/li>\n\n\n\n<li><span style=\"font-weight: 400;\">su facilidad de obtenci\u00f3n, todo lo que necesita para rellenar el formulario es un pasaporte y una direcci\u00f3n de correo electr\u00f3nico;  <\/span><\/li>\n\n\n\n<li><span style=\"font-weight: 400;\">Su velocidad de obtenci\u00f3n del ESTA, recibir\u00e1 una respuesta a su solicitud en un plazo de 72 horas.  <\/span><\/li>\n<\/ul>\n\n<p><span style=\"font-weight: 400;\">Si no cumple todos los criterios enumerados o si desea viajar a Estados Unidos para trabajar, hacer unas pr\u00e1cticas, estudiar en la universidad, casarse o simplemente vivir en Estados Unidos, es obligatorio solicitar un visado.  <\/span><\/p>\n\n<h2 class=\"wp-block-heading\"><span style=\"font-weight: 400;\">El visado y sus variaciones <\/span><span style=\"font-weight: 400;\">autorizaciones de viaje<\/span><\/h2>\n\n<p><span style=\"font-weight: 400;\">Tanto el visado como el ESTA son <\/span><span style=\"font-weight: 400;\">autorizaciones de viaje<\/span><span style=\"font-weight: 400;\">Sin embargo, la solicitud de un visado requiere un procedimiento mucho m\u00e1s largo y costoso que el ESTA. Sin embargo, te ofrece m\u00e1s oportunidades y posibilidades de vivir experiencias en el extranjero.  <\/span><\/p>\n\n<p><span style=\"font-weight: 400;\">La lista de autorizaciones de viaje con visado es importante porque cada motivo tiene su correspondiente visado. A modo de ejemplo, he aqu\u00ed los principales visados solicitados por los extranjeros:<\/span><\/p>\n\n<ul class=\"wp-block-list\">\n<li>El <span style=\"font-weight: 400;\">visado de negocios B1;<\/span><\/li>\n\n\n\n<li><span style=\"font-weight: 400;\">Visado de turista B2 o por razones m\u00e9dicas ;<\/span><\/li>\n\n\n\n<li><span style=\"font-weight: 400;\"><a href=\"https:\/\/esta-etats-unis.net\/es\/visado-j1-de-practicas-en-ee-uu-cual-es-el-procedimiento\/\">Visado J1 para pr\u00e1cticas<\/a> o programa de intercambio ;<\/span><\/li>\n\n\n\n<li><span style=\"font-weight: 400;\">El <a href=\"https:\/\/esta-etats-unis.net\/es\/como-conseguir-un-visado-de-estudiante-en-ee-uu\/\">visado de estudiante F1<\/a>;<\/span><\/li>\n\n\n\n<li><span style=\"font-weight: 400;\">El visado de inversor E2;  <\/span><\/li>\n\n\n\n<li><span style=\"font-weight: 400;\">etc.<\/span><\/li>\n<\/ul>\n\n<p><span style=\"font-weight: 400;\">Cada visado requiere procedimientos espec\u00edficos, por ejemplo, para las pr\u00e1cticas internacionales (visado J1), el solicitante tendr\u00e1 que encontrar una organizaci\u00f3n patrocinadora certificada por el gobierno estadounidense, para obtener el formulario DS-2019.  <\/span><\/p>\n\n<p><span style=\"font-weight: 400;\">Sin embargo, aunque los procedimientos administrativos var\u00edan en funci\u00f3n del visado elegido, todos los solicitantes deben <a href=\"https:\/\/esta-etats-unis.net\/es\/como-puedo-solicitar-un-visado-en-la-embajada-de-estados-unidos\/\">concertar una cita en la Embajada de Estados Unidos<\/a> para ser entrevistados por un funcionario consular. Esta entrevista decisiva con el representante de la Seguridad Nacional de los Estados Unidos determinar\u00e1 su capacidad para vivir en los Estados Unidos (medios econ\u00f3micos, nivel de ingl\u00e9s) y la coherencia de sus proyectos con el visado solicitado.  <\/span><\/p>\n\n<p><span style=\"font-weight: 400;\">Cuando concierte su cita en la embajada de Estados Unidos, aseg\u00farese de reunir estos elementos:  <\/span><\/p>\n\n<ul class=\"wp-block-list\">\n<li><span style=\"font-weight: 400;\">un pasaporte (biom\u00e9trico o electr\u00f3nico) con una validez m\u00ednima de 6 meses;  <\/span><\/li>\n\n\n\n<li><span style=\"font-weight: 400;\">un sobre de chronopost con la direcci\u00f3n de su casa;  <\/span><\/li>\n\n\n\n<li><span style=\"font-weight: 400;\">el formulario DS-160 que ha rellenado para la solicitud de visado y su n\u00famero SEVIS;<\/span><\/li>\n\n\n\n<li><span style=\"font-weight: 400;\">documentos que acrediten su solvencia (n\u00f3minas, extractos bancarios, etc.).<\/span><\/li>\n<\/ul>\n\n<p><span style=\"font-weight: 400;\">Esta es una lista exhaustiva, pueden solicitarse documentos adicionales en funci\u00f3n del motivo de la salida (carta de compromiso de su patrocinador, oferta de trabajo v\u00e1lida, documentos oficiales que demuestren la admisi\u00f3n en una escuela, etc.).  <\/span><\/p>\n\n<h2 class=\"wp-block-heading\"> <span style=\"font-weight: 400;\"> Visado o ESTA<\/span><span style=\"font-weight: 400;\"> : resumen <\/span> <\/h2>\n\n<p><span style=\"font-weight: 400;\">Ten en cuenta que para ambas <\/span><span style=\"font-weight: 400;\">autorizaciones de viaje<\/span><span style=\"font-weight: 400;\"> a EE.UU. (<\/span><span style=\"font-weight: 400;\">visado o ESTA<\/span><span style=\"font-weight: 400;\">), el elemento m\u00e1s importante es tu pasaporte. <\/span><span style=\"font-weight: 400;\">Tu pasaporte debe ser v\u00e1lido durante la duraci\u00f3n de tu viaje (para el ESTA) y durante al menos 6 meses durante tu entrevista en la embajada de EE.UU. (para el visado). <\/span><span style=\"font-weight: 400;\">Si no es as\u00ed, tendr\u00e1s que solicitar un nuevo pasaporte electr\u00f3nico o biom\u00e9trico. <\/span> <\/p>\n\n<p><span style=\"font-weight: 400;\">Tenga en cuenta que, en el caso del ESTA, la autorizaci\u00f3n est\u00e1 directamente vinculada a su n\u00famero de pasaporte a trav\u00e9s de los sistemas electr\u00f3nicos de la aduana estadounidense. Por lo tanto, si sus documentos de identidad han caducado, deber\u00e1 renovarlos y solicitar despu\u00e9s un nuevo ESTA.  <\/span><\/p>\n\n<h3 class=\"wp-block-heading\"><span style=\"font-weight: 400;\">Obtener un ESTA  <\/span><\/h3>\n\n<p><span style=\"font-weight: 400;\">El solicitante no debe viajar en ning\u00fan caso a Estados Unidos con fines comerciales. El ESTA est\u00e1 destinado \u00fanicamente a las estancias tur\u00edsticas y profesionales de corta duraci\u00f3n (conferencias, firma de contratos, reuniones, etc.), as\u00ed como al tr\u00e1nsito (por v\u00eda a\u00e9rea o mar\u00edtima).  <\/span><\/p>\n\n<p><span style=\"font-weight: 400;\">Si no cumple con todos los requisitos del ESTA, estos son los tipos de visados que m\u00e1s se acercan a la autorizaci\u00f3n de viaje del ESTA:  <\/span><\/p>\n\n<ul class=\"wp-block-list\">\n<li><span style=\"font-weight: 400;\">para viajes de negocios: el visado B1;<\/span><\/li>\n\n\n\n<li><span style=\"font-weight: 400;\">para el turismo, las vacaciones o el ocio: el visado B2;<\/span><\/li>\n\n\n\n<li><span style=\"font-weight: 400;\">y para los tr\u00e1nsitos: el visado C.  <\/span><\/li>\n<\/ul>\n\n<h3 class=\"wp-block-heading\"><span style=\"font-weight: 400;\">Obtener un visado  <\/span><\/h3>\n\n<p><span style=\"font-weight: 400;\">Aparte de los requisitos del ESTA, todos los dem\u00e1s motivos requieren una solicitud de visado estadounidense.  <\/span><\/p>\n\n<p><span style=\"font-weight: 400;\">Tenga en cuenta: si desea establecerse de forma permanente en Estados Unidos, tendr\u00e1 que obtener una tarjeta de residencia permanente, llamada Green Card, por ejemplo, participando en la loter\u00eda de la diversidad de Estados Unidos.<\/span><\/p>\n","protected":false},"excerpt":{"rendered":"<p>Todo viaje a Estados Unidos requiere un permiso de viaje. Ya sea el visado o ESTALa elecci\u00f3n depender\u00e1 de la duraci\u00f3n de su estancia y del motivo de su salida. \u00bfVa a ir all\u00ed a trabajar, a hacer unas pr\u00e1cticas o simplemente a descubrir el territorio americano? Son estas razones las que determinan qu\u00e9 documento &#8230; <a title=\"Visado o ESTA para viajar a Estados Unidos\" class=\"read-more\" href=\"https:\/\/esta-etats-unis.net\/es\/visado-o-esta-para-viajar-a-estados-unidos\/\" aria-label=\"Leer m\u00e1s sobre Visado o ESTA para viajar a Estados Unidos\">Leer m\u00e1s<\/a><\/p>\n","protected":false},"author":1,"featured_media":0,"parent":0,"menu_order":0,"comment_status":"closed","ping_status":"closed","template":"","meta":{"footnotes":""},"class_list":["post-563","page","type-page","status-publish"],"yoast_head":"<!-- This site is optimized with the Yoast SEO plugin v26.2 - https:\/\/yoast.com\/wordpress\/plugins\/seo\/ -->\n<title>\u00bfNecesito un visado o un ESTA para viajar a Estados Unidos?<\/title>\n<meta name=\"description\" content=\"\u00bfHa planeado ir s\u00f3lo a Estados Unidos y no sabe a qu\u00e9 documento dirigirse? ESTA o visado, \u00bfcu\u00e1l es m\u00e1s adecuado para mi estancia?\" \/>\n<meta name=\"robots\" content=\"index, follow, max-snippet:-1, max-image-preview:large, max-video-preview:-1\" \/>\n<link rel=\"canonical\" href=\"https:\/\/esta-etats-unis.net\/es\/visado-o-esta-para-viajar-a-estados-unidos\/\" \/>\n<meta property=\"og:locale\" content=\"es_ES\" \/>\n<meta property=\"og:type\" content=\"article\" \/>\n<meta property=\"og:title\" content=\"\u00bfNecesito un visado o un ESTA para viajar a Estados Unidos?\" \/>\n<meta property=\"og:description\" content=\"\u00bfHa planeado ir s\u00f3lo a Estados Unidos y no sabe a qu\u00e9 documento dirigirse? ESTA o visado, \u00bfcu\u00e1l es m\u00e1s adecuado para mi estancia?\" \/>\n<meta property=\"og:url\" content=\"https:\/\/esta-etats-unis.net\/es\/visado-o-esta-para-viajar-a-estados-unidos\/\" \/>\n<meta property=\"og:site_name\" content=\"Organiza tu viaje a los Estados Unidos de Am\u00e9rica\" \/>\n<meta property=\"article:modified_time\" content=\"2024-10-11T07:16:52+00:00\" \/>\n<meta property=\"og:image\" content=\"https:\/\/esta-etats-unis.net\/wp-content\/uploads\/2019\/04\/Visa-USA-esta-passeport.jpg\" \/>\n\t<meta property=\"og:image:width\" content=\"275\" \/>\n\t<meta property=\"og:image:height\" content=\"183\" \/>\n\t<meta property=\"og:image:type\" content=\"image\/jpeg\" \/>\n<meta name=\"twitter:label1\" content=\"Tiempo de lectura\" \/>\n\t<meta name=\"twitter:data1\" content=\"6 minutos\" \/>\n<script type=\"application\/ld+json\" class=\"yoast-schema-graph\">{\"@context\":\"https:\/\/schema.org\",\"@graph\":[{\"@type\":\"WebPage\",\"@id\":\"https:\/\/esta-etats-unis.net\/es\/visado-o-esta-para-viajar-a-estados-unidos\/\",\"url\":\"https:\/\/esta-etats-unis.net\/es\/visado-o-esta-para-viajar-a-estados-unidos\/\",\"name\":\"\u00bfNecesito un visado o un ESTA para viajar a Estados Unidos?\",\"isPartOf\":{\"@id\":\"https:\/\/esta-etats-unis.net\/es\/#website\"},\"primaryImageOfPage\":{\"@id\":\"https:\/\/esta-etats-unis.net\/es\/visado-o-esta-para-viajar-a-estados-unidos\/#primaryimage\"},\"image\":{\"@id\":\"https:\/\/esta-etats-unis.net\/es\/visado-o-esta-para-viajar-a-estados-unidos\/#primaryimage\"},\"thumbnailUrl\":\"https:\/\/esta-etats-unis.net\/wp-content\/uploads\/2019\/04\/Visa-USA-esta-passeport.jpg\",\"datePublished\":\"2019-04-12T11:31:56+00:00\",\"dateModified\":\"2024-10-11T07:16:52+00:00\",\"description\":\"\u00bfHa planeado ir s\u00f3lo a Estados Unidos y no sabe a qu\u00e9 documento dirigirse? ESTA o visado, \u00bfcu\u00e1l es m\u00e1s adecuado para mi estancia?\",\"inLanguage\":\"es\",\"potentialAction\":[{\"@type\":\"ReadAction\",\"target\":[\"https:\/\/esta-etats-unis.net\/es\/visado-o-esta-para-viajar-a-estados-unidos\/\"]}]},{\"@type\":\"ImageObject\",\"inLanguage\":\"es\",\"@id\":\"https:\/\/esta-etats-unis.net\/es\/visado-o-esta-para-viajar-a-estados-unidos\/#primaryimage\",\"url\":\"https:\/\/esta-etats-unis.net\/wp-content\/uploads\/2019\/04\/Visa-USA-esta-passeport.jpg\",\"contentUrl\":\"https:\/\/esta-etats-unis.net\/wp-content\/uploads\/2019\/04\/Visa-USA-esta-passeport.jpg\"},{\"@type\":\"WebSite\",\"@id\":\"https:\/\/esta-etats-unis.net\/es\/#website\",\"url\":\"https:\/\/esta-etats-unis.net\/es\/\",\"name\":\"Organiza tu viaje a los Estados Unidos de Am\u00e9rica\",\"description\":\"\",\"potentialAction\":[{\"@type\":\"SearchAction\",\"target\":{\"@type\":\"EntryPoint\",\"urlTemplate\":\"https:\/\/esta-etats-unis.net\/es\/?s={search_term_string}\"},\"query-input\":{\"@type\":\"PropertyValueSpecification\",\"valueRequired\":true,\"valueName\":\"search_term_string\"}}],\"inLanguage\":\"es\"}]}<\/script>\n<!-- \/ Yoast SEO plugin. -->","yoast_head_json":{"title":"\u00bfNecesito un visado o un ESTA para viajar a Estados Unidos?","description":"\u00bfHa planeado ir s\u00f3lo a Estados Unidos y no sabe a qu\u00e9 documento dirigirse? ESTA o visado, \u00bfcu\u00e1l es m\u00e1s adecuado para mi estancia?","robots":{"index":"index","follow":"follow","max-snippet":"max-snippet:-1","max-image-preview":"max-image-preview:large","max-video-preview":"max-video-preview:-1"},"canonical":"https:\/\/esta-etats-unis.net\/es\/visado-o-esta-para-viajar-a-estados-unidos\/","og_locale":"es_ES","og_type":"article","og_title":"\u00bfNecesito un visado o un ESTA para viajar a Estados Unidos?","og_description":"\u00bfHa planeado ir s\u00f3lo a Estados Unidos y no sabe a qu\u00e9 documento dirigirse? ESTA o visado, \u00bfcu\u00e1l es m\u00e1s adecuado para mi estancia?","og_url":"https:\/\/esta-etats-unis.net\/es\/visado-o-esta-para-viajar-a-estados-unidos\/","og_site_name":"Organiza tu viaje a los Estados Unidos de Am\u00e9rica","article_modified_time":"2024-10-11T07:16:52+00:00","og_image":[{"width":275,"height":183,"url":"https:\/\/esta-etats-unis.net\/wp-content\/uploads\/2019\/04\/Visa-USA-esta-passeport.jpg","type":"image\/jpeg"}],"twitter_misc":{"Tiempo de lectura":"6 minutos"},"schema":{"@context":"https:\/\/schema.org","@graph":[{"@type":"WebPage","@id":"https:\/\/esta-etats-unis.net\/es\/visado-o-esta-para-viajar-a-estados-unidos\/","url":"https:\/\/esta-etats-unis.net\/es\/visado-o-esta-para-viajar-a-estados-unidos\/","name":"\u00bfNecesito un visado o un ESTA para viajar a Estados Unidos?","isPartOf":{"@id":"https:\/\/esta-etats-unis.net\/es\/#website"},"primaryImageOfPage":{"@id":"https:\/\/esta-etats-unis.net\/es\/visado-o-esta-para-viajar-a-estados-unidos\/#primaryimage"},"image":{"@id":"https:\/\/esta-etats-unis.net\/es\/visado-o-esta-para-viajar-a-estados-unidos\/#primaryimage"},"thumbnailUrl":"https:\/\/esta-etats-unis.net\/wp-content\/uploads\/2019\/04\/Visa-USA-esta-passeport.jpg","datePublished":"2019-04-12T11:31:56+00:00","dateModified":"2024-10-11T07:16:52+00:00","description":"\u00bfHa planeado ir s\u00f3lo a Estados Unidos y no sabe a qu\u00e9 documento dirigirse? ESTA o visado, \u00bfcu\u00e1l es m\u00e1s adecuado para mi estancia?","inLanguage":"es","potentialAction":[{"@type":"ReadAction","target":["https:\/\/esta-etats-unis.net\/es\/visado-o-esta-para-viajar-a-estados-unidos\/"]}]},{"@type":"ImageObject","inLanguage":"es","@id":"https:\/\/esta-etats-unis.net\/es\/visado-o-esta-para-viajar-a-estados-unidos\/#primaryimage","url":"https:\/\/esta-etats-unis.net\/wp-content\/uploads\/2019\/04\/Visa-USA-esta-passeport.jpg","contentUrl":"https:\/\/esta-etats-unis.net\/wp-content\/uploads\/2019\/04\/Visa-USA-esta-passeport.jpg"},{"@type":"WebSite","@id":"https:\/\/esta-etats-unis.net\/es\/#website","url":"https:\/\/esta-etats-unis.net\/es\/","name":"Organiza tu viaje a los Estados Unidos de Am\u00e9rica","description":"","potentialAction":[{"@type":"SearchAction","target":{"@type":"EntryPoint","urlTemplate":"https:\/\/esta-etats-unis.net\/es\/?s={search_term_string}"},"query-input":{"@type":"PropertyValueSpecification","valueRequired":true,"valueName":"search_term_string"}}],"inLanguage":"es"}]}},"_links":{"self":[{"href":"https:\/\/esta-etats-unis.net\/es\/wp-json\/wp\/v2\/pages\/563","targetHints":{"allow":["GET"]}}],"collection":[{"href":"https:\/\/esta-etats-unis.net\/es\/wp-json\/wp\/v2\/pages"}],"about":[{"href":"https:\/\/esta-etats-unis.net\/es\/wp-json\/wp\/v2\/types\/page"}],"author":[{"embeddable":true,"href":"https:\/\/esta-etats-unis.net\/es\/wp-json\/wp\/v2\/users\/1"}],"replies":[{"embeddable":true,"href":"https:\/\/esta-etats-unis.net\/es\/wp-json\/wp\/v2\/comments?post=563"}],"version-history":[{"count":5,"href":"https:\/\/esta-etats-unis.net\/es\/wp-json\/wp\/v2\/pages\/563\/revisions"}],"predecessor-version":[{"id":853,"href":"https:\/\/esta-etats-unis.net\/es\/wp-json\/wp\/v2\/pages\/563\/revisions\/853"}],"wp:attachment":[{"href":"https:\/\/esta-etats-unis.net\/es\/wp-json\/wp\/v2\/media?parent=563"}],"curies":[{"name":"wp","href":"https:\/\/api.w.org\/{rel}","templated":true}]}}