{"id":562,"date":"2014-11-17T22:18:06","date_gmt":"2014-11-17T21:18:06","guid":{"rendered":"https:\/\/esta-etats-unis.net\/esta-en-linea-para-la-autorizacion-de-emergencia\/"},"modified":"2024-10-11T08:23:02","modified_gmt":"2024-10-11T07:23:02","slug":"esta-en-linea-para-la-autorizacion-de-emergencia","status":"publish","type":"page","link":"https:\/\/esta-etats-unis.net\/es\/esta-en-linea-para-la-autorizacion-de-emergencia\/","title":{"rendered":"ESTA en l\u00ednea para la autorizaci\u00f3n de emergencia"},"content":{"rendered":"\n<p>Si quiere ir a Estados Unidos, tiene dos opciones en cuanto a los tr\u00e1mites de viaje: el <a href=\"https:\/\/esta-etats-unis.net\/es\/visado-o-esta-para-viajar-a-estados-unidos\/\">visado o el ESTA<\/a>. En efecto, si su estancia en Estados Unidos por motivos de negocios, turismo o tr\u00e1nsito no supera los 90 d\u00edas y si su pa\u00eds se beneficia del Programa de Exenci\u00f3n de Visado, s\u00f3lo necesitar\u00e1 una autorizaci\u00f3n de viaje para entrar en Estados Unidos y no un visado. Sin embargo, para poder beneficiarse de la autorizaci\u00f3n de viaje ESTA, su pasaporte debe ser biom\u00e9trico o electr\u00f3nico y ser v\u00e1lido durante su estancia en Estados Unidos. Si no es as\u00ed, o si su estancia en EE.UU. es superior a 90 d\u00edas, tendr\u00e1 que solicitar un <a href=\"https:\/\/esta-etats-unis.net\/es\/como-puedo-solicitar-un-visado-en-la-embajada-de-estados-unidos\/\">visado en la embajada de EE.UU.<\/a> de su pa\u00eds.<\/p>\n\n<h2 class=\"wp-block-heading\">El ESTA frente al visado de EE.UU.<\/h2>\n\n<h3 class=\"wp-block-heading\"><em><span style=\"font-size: 16px;\">ESTA<\/span><\/em><\/h3>\n\n<p>El ESTA, que significa Sistema Electr\u00f3nico de Autorizaci\u00f3n de Viaje, es un sistema de autorizaci\u00f3n electr\u00f3nica para viajar a Estados Unidos. El objetivo de este sistema es reforzar las medidas de seguridad, ya que las autoridades estadounidenses reciben tu informaci\u00f3n incluso antes de que llegues a suelo estadounidense.<\/p>\n\n<p>La autorizaci\u00f3n de viaje ESTA es concedida por el <a href=\"https:\/\/www.dhs.gov\/\">Departamento de Seguridad Nacional<\/a>, que verificar\u00e1 su informaci\u00f3n en sus bases de datos. La solicitud del ESTA se presenta en forma de formulario en l\u00ednea. Todo el proceso se realiza en l\u00ednea y el documento tiene un precio muy razonable.<\/p>\n\n<p>Si se le concede la <a href=\"https:\/\/esta-etats-unis.net\/es\/\">autorizaci\u00f3n ESTA<\/a>, significa que su viaje no supone un riesgo para la seguridad de Estados Unidos y que no contraviene la legislaci\u00f3n estadounidense.<\/p>\n\n<h3 class=\"wp-block-heading\"><em><span style=\"font-size: 16px;\">El visado estadounidense<\/span><\/em><\/h3>\n\n<p>Sin embargo, si su solicitud del ESTA es rechazada, tendr\u00e1 que solicitar un visado en la embajada estadounidense. Hay todo tipo de visados, por lo que si quieres trabajar en EE.UU., <a href=\"https:\/\/esta-etats-unis.net\/es\/como-conseguir-un-visado-de-estudiante-en-ee-uu\/\">estudiar en una universidad estadounidense<\/a> o <a href=\"https:\/\/www.mendocinomuseum.org\/\">visitar EE.UU.<\/a> durante m\u00e1s de tres meses, el documento que debes solicitar ser\u00e1 diferente. Se trata de un proceso administrativo bastante largo, complejo y mucho m\u00e1s caro. Por t\u00e9rmino medio, obtener un visado cuesta al menos 185 d\u00f3lares de impuestos. Por lo tanto, el ESTA es una buena manera de recibir la autorizaci\u00f3n r\u00e1pidamente y de forma mucho m\u00e1s accesible.<\/p>\n\n<h2 class=\"wp-block-heading\">Rellenar correctamente el formulario ESTA<\/h2>\n\n<p>La inscripci\u00f3n para la autorizaci\u00f3n de viaje ESTA s\u00f3lo puede hacerse en l\u00ednea. Existen sitios en franc\u00e9s que podr\u00e1n concederle una autorizaci\u00f3n de viaje oficial ESTA tras rellenar <a href=\"https:\/\/esta-etats-unis.net\/es\/como-es-el-formulario-esta\/\">un formulario<\/a> y pagar una tasa por su solicitud. El ESTA tambi\u00e9n puede obtenerse en el sitio web oficial del gobierno de EE.UU. si prefiere realizar el tr\u00e1mite sin ayuda. El formulario es relativamente sencillo de rellenar, pero hay que tener cuidado. Con el ESTA, viajar a Estados Unidos nunca ha sido tan f\u00e1cil.<\/p>\n\n<p>Una vez rellenado el formulario y realizado el pago, s\u00f3lo tiene que esperar la respuesta. Como la autorizaci\u00f3n de viaje ESTA es una autorizaci\u00f3n r\u00e1pida, puede solicitarla hasta 72 horas antes de la fecha de salida prevista. Recibir\u00e1 una respuesta de las autoridades estadounidenses en un plazo de 72 horas a partir de su solicitud.<\/p>\n\n<p>Una solicitud en l\u00ednea significa un pago en l\u00ednea. La validaci\u00f3n de su solicitud ESTA es efectiva desde el momento en que usted paga el importe de su pedido con su tarjeta de cr\u00e9dito directamente en el sitio web privado. El precio incluye un periodo de validez de dos a\u00f1os.<\/p>\n","protected":false},"excerpt":{"rendered":"<p>Si quiere ir a Estados Unidos, tiene dos opciones en cuanto a los tr\u00e1mites de viaje: el visado o el ESTA. En efecto, si su estancia en Estados Unidos por motivos de negocios, turismo o tr\u00e1nsito no supera los 90 d\u00edas y si su pa\u00eds se beneficia del Programa de Exenci\u00f3n de Visado, s\u00f3lo necesitar\u00e1 &#8230; <a title=\"ESTA en l\u00ednea para la autorizaci\u00f3n de emergencia\" class=\"read-more\" href=\"https:\/\/esta-etats-unis.net\/es\/esta-en-linea-para-la-autorizacion-de-emergencia\/\" aria-label=\"Leer m\u00e1s sobre ESTA en l\u00ednea para la autorizaci\u00f3n de emergencia\">Leer m\u00e1s<\/a><\/p>\n","protected":false},"author":1,"featured_media":0,"parent":0,"menu_order":0,"comment_status":"closed","ping_status":"closed","template":"","meta":{"footnotes":""},"class_list":["post-562","page","type-page","status-publish"],"yoast_head":"<!-- This site is optimized with the Yoast SEO plugin v26.2 - https:\/\/yoast.com\/wordpress\/plugins\/seo\/ -->\n<title>ESTA en l\u00ednea para la autorizaci\u00f3n de emergencia<\/title>\n<meta name=\"description\" content=\"\u00bfNecesita un permiso r\u00e1pido para su pr\u00f3ximo viaje a Estados Unidos? El ESTA es el documento que necesita obtener r\u00e1pidamente.\" \/>\n<meta name=\"robots\" content=\"index, follow, max-snippet:-1, max-image-preview:large, max-video-preview:-1\" \/>\n<link rel=\"canonical\" href=\"https:\/\/esta-etats-unis.net\/es\/esta-en-linea-para-la-autorizacion-de-emergencia\/\" \/>\n<meta property=\"og:locale\" content=\"es_ES\" \/>\n<meta property=\"og:type\" content=\"article\" \/>\n<meta property=\"og:title\" content=\"ESTA en l\u00ednea para la autorizaci\u00f3n de emergencia\" \/>\n<meta property=\"og:description\" content=\"\u00bfNecesita un permiso r\u00e1pido para su pr\u00f3ximo viaje a Estados Unidos? El ESTA es el documento que necesita obtener r\u00e1pidamente.\" \/>\n<meta property=\"og:url\" content=\"https:\/\/esta-etats-unis.net\/es\/esta-en-linea-para-la-autorizacion-de-emergencia\/\" \/>\n<meta property=\"og:site_name\" content=\"Organiza tu viaje a los Estados Unidos de Am\u00e9rica\" \/>\n<meta property=\"article:modified_time\" content=\"2024-10-11T07:23:02+00:00\" \/>\n<meta name=\"twitter:label1\" content=\"Tiempo de lectura\" \/>\n\t<meta name=\"twitter:data1\" content=\"3 minutos\" \/>\n<script type=\"application\/ld+json\" class=\"yoast-schema-graph\">{\"@context\":\"https:\/\/schema.org\",\"@graph\":[{\"@type\":\"WebPage\",\"@id\":\"https:\/\/esta-etats-unis.net\/es\/esta-en-linea-para-la-autorizacion-de-emergencia\/\",\"url\":\"https:\/\/esta-etats-unis.net\/es\/esta-en-linea-para-la-autorizacion-de-emergencia\/\",\"name\":\"ESTA en l\u00ednea para la autorizaci\u00f3n de emergencia\",\"isPartOf\":{\"@id\":\"https:\/\/esta-etats-unis.net\/es\/#website\"},\"datePublished\":\"2014-11-17T21:18:06+00:00\",\"dateModified\":\"2024-10-11T07:23:02+00:00\",\"description\":\"\u00bfNecesita un permiso r\u00e1pido para su pr\u00f3ximo viaje a Estados Unidos? El ESTA es el documento que necesita obtener r\u00e1pidamente.\",\"inLanguage\":\"es\",\"potentialAction\":[{\"@type\":\"ReadAction\",\"target\":[\"https:\/\/esta-etats-unis.net\/es\/esta-en-linea-para-la-autorizacion-de-emergencia\/\"]}]},{\"@type\":\"WebSite\",\"@id\":\"https:\/\/esta-etats-unis.net\/es\/#website\",\"url\":\"https:\/\/esta-etats-unis.net\/es\/\",\"name\":\"Organiza tu viaje a los Estados Unidos de Am\u00e9rica\",\"description\":\"\",\"potentialAction\":[{\"@type\":\"SearchAction\",\"target\":{\"@type\":\"EntryPoint\",\"urlTemplate\":\"https:\/\/esta-etats-unis.net\/es\/?s={search_term_string}\"},\"query-input\":{\"@type\":\"PropertyValueSpecification\",\"valueRequired\":true,\"valueName\":\"search_term_string\"}}],\"inLanguage\":\"es\"}]}<\/script>\n<!-- \/ Yoast SEO plugin. -->","yoast_head_json":{"title":"ESTA en l\u00ednea para la autorizaci\u00f3n de emergencia","description":"\u00bfNecesita un permiso r\u00e1pido para su pr\u00f3ximo viaje a Estados Unidos? El ESTA es el documento que necesita obtener r\u00e1pidamente.","robots":{"index":"index","follow":"follow","max-snippet":"max-snippet:-1","max-image-preview":"max-image-preview:large","max-video-preview":"max-video-preview:-1"},"canonical":"https:\/\/esta-etats-unis.net\/es\/esta-en-linea-para-la-autorizacion-de-emergencia\/","og_locale":"es_ES","og_type":"article","og_title":"ESTA en l\u00ednea para la autorizaci\u00f3n de emergencia","og_description":"\u00bfNecesita un permiso r\u00e1pido para su pr\u00f3ximo viaje a Estados Unidos? El ESTA es el documento que necesita obtener r\u00e1pidamente.","og_url":"https:\/\/esta-etats-unis.net\/es\/esta-en-linea-para-la-autorizacion-de-emergencia\/","og_site_name":"Organiza tu viaje a los Estados Unidos de Am\u00e9rica","article_modified_time":"2024-10-11T07:23:02+00:00","twitter_misc":{"Tiempo de lectura":"3 minutos"},"schema":{"@context":"https:\/\/schema.org","@graph":[{"@type":"WebPage","@id":"https:\/\/esta-etats-unis.net\/es\/esta-en-linea-para-la-autorizacion-de-emergencia\/","url":"https:\/\/esta-etats-unis.net\/es\/esta-en-linea-para-la-autorizacion-de-emergencia\/","name":"ESTA en l\u00ednea para la autorizaci\u00f3n de emergencia","isPartOf":{"@id":"https:\/\/esta-etats-unis.net\/es\/#website"},"datePublished":"2014-11-17T21:18:06+00:00","dateModified":"2024-10-11T07:23:02+00:00","description":"\u00bfNecesita un permiso r\u00e1pido para su pr\u00f3ximo viaje a Estados Unidos? El ESTA es el documento que necesita obtener r\u00e1pidamente.","inLanguage":"es","potentialAction":[{"@type":"ReadAction","target":["https:\/\/esta-etats-unis.net\/es\/esta-en-linea-para-la-autorizacion-de-emergencia\/"]}]},{"@type":"WebSite","@id":"https:\/\/esta-etats-unis.net\/es\/#website","url":"https:\/\/esta-etats-unis.net\/es\/","name":"Organiza tu viaje a los Estados Unidos de Am\u00e9rica","description":"","potentialAction":[{"@type":"SearchAction","target":{"@type":"EntryPoint","urlTemplate":"https:\/\/esta-etats-unis.net\/es\/?s={search_term_string}"},"query-input":{"@type":"PropertyValueSpecification","valueRequired":true,"valueName":"search_term_string"}}],"inLanguage":"es"}]}},"_links":{"self":[{"href":"https:\/\/esta-etats-unis.net\/es\/wp-json\/wp\/v2\/pages\/562","targetHints":{"allow":["GET"]}}],"collection":[{"href":"https:\/\/esta-etats-unis.net\/es\/wp-json\/wp\/v2\/pages"}],"about":[{"href":"https:\/\/esta-etats-unis.net\/es\/wp-json\/wp\/v2\/types\/page"}],"author":[{"embeddable":true,"href":"https:\/\/esta-etats-unis.net\/es\/wp-json\/wp\/v2\/users\/1"}],"replies":[{"embeddable":true,"href":"https:\/\/esta-etats-unis.net\/es\/wp-json\/wp\/v2\/comments?post=562"}],"version-history":[{"count":4,"href":"https:\/\/esta-etats-unis.net\/es\/wp-json\/wp\/v2\/pages\/562\/revisions"}],"predecessor-version":[{"id":867,"href":"https:\/\/esta-etats-unis.net\/es\/wp-json\/wp\/v2\/pages\/562\/revisions\/867"}],"wp:attachment":[{"href":"https:\/\/esta-etats-unis.net\/es\/wp-json\/wp\/v2\/media?parent=562"}],"curies":[{"name":"wp","href":"https:\/\/api.w.org\/{rel}","templated":true}]}}