{"id":560,"date":"2019-05-10T08:16:02","date_gmt":"2019-05-10T07:16:02","guid":{"rendered":"https:\/\/esta-etats-unis.net\/visado-j1-de-practicas-en-ee-uu-cual-es-el-procedimiento\/"},"modified":"2022-07-31T10:13:36","modified_gmt":"2022-07-31T09:13:36","slug":"visado-j1-de-practicas-en-ee-uu-cual-es-el-procedimiento","status":"publish","type":"page","link":"https:\/\/esta-etats-unis.net\/es\/visado-j1-de-practicas-en-ee-uu-cual-es-el-procedimiento\/","title":{"rendered":"Visado J1 de pr\u00e1cticas en EE.UU.: cu\u00e1l es el procedimiento"},"content":{"rendered":"\n<p><span style=\"font-weight: 400;\">Despu\u00e9s del bachillerato o incluso siendo un joven profesional, es posible ir a Estados Unidos durante un m\u00e1ximo de 18 meses y adquirir una nueva experiencia profesional. Para este tipo de estancia en Estados Unidos, el visado m\u00e1s adecuado para Estados Unidos se llama J1 y ofrece diferentes programas.  <\/span><\/p>\n\n<p><span style=\"font-weight: 400;\">Para ofrecerle la mejor oportunidad, en este art\u00edculo nos centraremos en el visado de pr\u00e1cticas en Estados Unidos presentando las particularidades y condiciones del visado J1.<\/span><\/p>\n\n<h2 class=\"wp-block-heading\"><span style=\"font-weight: 400;\">Presentaci\u00f3n del visado J1 para realizar pr\u00e1cticas en Estados Unidos<\/span><\/h2>\n\n<p><span style=\"font-weight: 400;\">Muchos estudiantes sue\u00f1an con hacer unas pr\u00e1cticas internacionales en EE.UU. para vivir una aventura profesional y terminar sus estudios con nuevos conocimientos que incluir en su CV. De hecho, los reclutadores reconocen y valoran cada vez m\u00e1s las pr\u00e1cticas en el extranjero, sobre todo por los conocimientos ling\u00fc\u00edsticos, pero tambi\u00e9n por la apertura a una cultura diferente a la propia.  <\/span><\/p>\n\n<p><span style=\"font-weight: 400;\">Para realizar unas pr\u00e1cticas en Estados Unidos, para un Volontariat International en Entreprise o para estudiar en Estados Unidos en una universidad o escuela secundaria americana. Necesitas un visado J1 de Estados Unidos.<\/span><\/p>\n\n<p><span style=\"font-weight: 400;\">El visado de pr\u00e1cticas de EE.UU. es un visado de no inmigrante, es decir, para estancias cortas. Para la residencia permanente y, por lo tanto, para vivir en Estados Unidos, existen los visados de inmigrante o la Green Card, que es una tarjeta de residencia permanente.<\/span><\/p>\n\n<figure class=\"wp-block-image size-large\"><a href=\"https:\/\/esta-etats-unis.net\/wp-content\/uploads\/2019\/05\/visa-stage-USA.jpeg\"><img loading=\"lazy\" decoding=\"async\" width=\"1024\" height=\"683\" src=\"https:\/\/esta-etats-unis.net\/wp-content\/uploads\/2019\/05\/visa-stage-USA-1024x683.jpeg\" alt=\"Visado J1 de pr&#xE1;cticas en EE.UU.\" class=\"wp-image-279\" srcset=\"https:\/\/esta-etats-unis.net\/wp-content\/uploads\/2019\/05\/visa-stage-USA-1024x683.jpeg 1024w, https:\/\/esta-etats-unis.net\/wp-content\/uploads\/2019\/05\/visa-stage-USA-300x200.jpeg 300w, https:\/\/esta-etats-unis.net\/wp-content\/uploads\/2019\/05\/visa-stage-USA-768x512.jpeg 768w\" sizes=\"auto, (max-width: 1024px) 100vw, 1024px\" \/><\/a><figcaption>Visado J1 americano para realizar pr\u00e1cticas en Estados Unidos<\/figcaption><\/figure>\n\n<p><span style=\"font-weight: 400;\">El <\/span><span style=\"font-weight: 400;\">visado de pr\u00e1cticas en EE.UU.<\/span><span style=\"font-weight: 400;\"> tiene varias categor\u00edas: <\/span> <\/p>\n\n<h3 class=\"wp-block-heading\"><span style=\"font-weight: 400;\">El visado de pr\u00e1cticas J1  <\/span><\/h3>\n\n<p><span style=\"font-weight: 400;\">El visado de pr\u00e1cticas est\u00e1 destinado a los licenciados de m\u00e1s de un a\u00f1o y a los profesionales con t\u00edtulo universitario, certificado profesional o experiencia laboral. El objetivo de este visado es familiarizarse con la cultura estadounidense y recibir formaci\u00f3n relacionada con su campo de especializaci\u00f3n. Es v\u00e1lido por un periodo de 1 a 18 meses.  <\/span><\/p>\n\n<h3 class=\"wp-block-heading\"><span style=\"font-weight: 400;\">El visado de pr\u00e1cticas J1<\/span><\/h3>\n\n<p><span style=\"font-weight: 400;\">Est\u00e1 dirigido a estudiantes universitarios internacionales o reci\u00e9n licenciados (menos de un a\u00f1o) que deseen exponerse a la cultura estadounidense realizando unas pr\u00e1cticas en el mismo \u00e1mbito de sus estudios. Es v\u00e1lido por un periodo de 1 a 12 meses.  <\/span><\/p>\n\n<p><span style=\"font-weight: 400;\">En este art\u00edculo nos referimos principalmente a las pr\u00e1cticas en EE.UU., sin embargo, es posible ir a EE.UU. sin ser becario. Gracias a otros visados J1, los profesionales o estudiantes pueden viajar a Estados Unidos por varios motivos: una estancia au pair, un trabajo de temporada, estudiar en Estados Unidos en una universidad americana, hacer una estancia ling\u00fc\u00edstica, ser profesor o investigador, etc.<\/span><\/p>\n\n<p><span style=\"font-weight: 400;\">Nota: la obtenci\u00f3n de un visado J1 le permite obtener su n\u00famero de seguridad social y la posibilidad de obtener un permiso de conducir equivalente.  <\/span><\/p>\n\n<p><span style=\"font-weight: 400;\">Si desea realizar sus pr\u00e1cticas o su formaci\u00f3n con su c\u00f3nyuge o un familiar, es perfectamente posible, siempre que obtenga un visado J2.<\/span><\/p>\n\n<h2 class=\"wp-block-heading\"><span style=\"font-weight: 400;\">Obtener un visado J1<\/span><\/h2>\n\n<p><span style=\"font-weight: 400;\">Antes de concertar una <a href=\"https:\/\/esta-etats-unis.net\/es\/como-puedo-solicitar-un-visado-en-la-embajada-de-estados-unidos\/\">cita en la embajada americana para su visado<\/a>, debe saber que el visado J1 se obtiene a trav\u00e9s de una organizaci\u00f3n patrocinadora.  <\/span><\/p>\n\n<h3 class=\"wp-block-heading\"><span style=\"font-weight: 400;\">\u00bfC\u00f3mo puedo encontrar un patrocinador?  <\/span><\/h3>\n\n<p><span style=\"font-weight: 400;\">Todos los estudiantes que deseen encontrar una empresa y obtener ofertas de pr\u00e1cticas para estudiantes en Estados Unidos deben recurrir a un patrocinador. En efecto, la funci\u00f3n de los organismos patrocinadores es validar tus pr\u00e1cticas para poder solicitar despu\u00e9s un visado J1.  <\/span><\/p>\n\n<p><span style=\"font-weight: 400;\">En resumen, se trata de un paso crucial para iniciar el <\/span><span style=\"font-weight: 400;\">visado de pr\u00e1cticas. <\/span> <\/p>\n\n<p><span style=\"font-weight: 400;\">La organizaci\u00f3n patrocinadora se encargar\u00e1 de todo el proceso de validaci\u00f3n de tus pr\u00e1cticas en EE.UU., para expedirte el formulario DS-2019 o el Certificado de Elegibilidad para el Estatus de Visitante de Intercambio J1. Se trata de un documento legal y nominativo que le permite acceder al visado J1 en la embajada de los Estados Unidos.  <\/span><\/p>\n\n<p><span style=\"font-weight: 400;\">Muchos patrocinadores est\u00e1n acreditados por el gobierno estadounidense. Para saber qui\u00e9nes son los patrocinadores oficiales, le aconsejamos que visite la <a href=\"https:\/\/travel.state.gov\/content\/travel\/en\/us-visas\/study\/exchange.html\">p\u00e1gina web oficial del visado J1<\/a>:  <\/span><\/p>\n\n<p><span style=\"font-weight: 400;\">Para evitar cualquier problema, lo mejor es empezar a buscar un patrocinador y obtener un<\/span><span style=\"font-weight: 400;\"> visado de pr\u00e1cticas en EE.UU.<\/span><span style=\"font-weight: 400;\">.<\/span><\/p>\n\n<p><span style=\"font-weight: 400;\">Por \u00faltimo, tenga en cuenta que el servicio de una organizaci\u00f3n patrocinadora tiene un coste. Para que se haga una idea, espere pagar un m\u00ednimo de 650 euros por unas pr\u00e1cticas de un mes, 950 euros por unas de seis meses y m\u00e1s de 1200 euros por unas de un a\u00f1o. El coste puede variar en funci\u00f3n del patrocinador elegido y de la duraci\u00f3n del curso.  <\/span><\/p>\n\n<p><span style=\"font-weight: 400;\">Le aconsejamos que elija a su patrocinador de la lista de organizaciones aprobadas por el gobierno de los Estados Unidos, ya que elegir a un patrocinador no aprobado significa correr el riesgo de perder tiempo y dinero sin ni siquiera obtener un visado J1.  <\/span><\/p>\n\n<h3 class=\"wp-block-heading\"><span style=\"font-weight: 400;\">La constituci\u00f3n del expediente de visado J1 para la embajada americana<\/span><\/h3>\n\n<p><span style=\"font-weight: 400;\">Es a trav\u00e9s de su patrocinador que usted prepara su solicitud de visado a la embajada de Estados Unidos.  <\/span><\/p>\n\n<p><span style=\"font-weight: 400;\">Es importante que prepare su cita con antelaci\u00f3n, ya que la entrevista puede realizarse en ingl\u00e9s para que el agente pueda juzgar su nivel de idioma.  <\/span><\/p>\n\n<p><span style=\"font-weight: 400;\">Su expediente debe incluir los siguientes elementos:  <\/span><\/p>\n\n<ul class=\"wp-block-list\"><li style=\"font-weight: 400;\"><span style=\"font-weight: 400;\">el DS 2019 emitido por su organizaci\u00f3n patrocinadora que certifica su participaci\u00f3n en el programa de intercambio;  <\/span><\/li><li style=\"font-weight: 400;\"><span style=\"font-weight: 400;\">DS 7002 para los visados de pr\u00e1cticas y pasantes, que sirve de convenio de pr\u00e1cticas;  <\/span><\/li><li style=\"font-weight: 400;\"><span style=\"font-weight: 400;\">una foto reciente de pasaporte de 5&#215;5 cm en color y sobre fondo blanco;<\/span><\/li><li style=\"font-weight: 400;\"><span style=\"font-weight: 400;\">el recibo del pago de la tasa de registro obligatoria del SEVIS (Sistema de Informaci\u00f3n de Estudiantes y Visitantes de Intercambio). Algunas embajadas reciben el pago en el momento de la entrevista;<\/span><\/li><li style=\"font-weight: 400;\"><span style=\"font-weight: 400;\">un pasaporte v\u00e1lido ;<\/span><\/li><li style=\"font-weight: 400;\"><span style=\"font-weight: 400;\">la prueba de que se dispone de recursos financieros suficientes para apoyar el intercambio;<\/span><\/li><li style=\"font-weight: 400;\"><span style=\"font-weight: 400;\">prueba de apego a Francia o prueba de la intenci\u00f3n de abandonar los Estados Unidos al final del programa.<\/span><\/li><\/ul>\n\n<p><span style=\"font-weight: 400;\">Si su solicitud es aceptada, el viaje a Estados Unidos es suyo<\/span>.<\/p>\n\n<p><span style=\"font-weight: 400;\">El funcionario consular se queda con su pasaporte para a\u00f1adir el visado. Su pasaporte le ser\u00e1 entregado en un plazo aproximado de 48 horas despu\u00e9s de su entrevista.  <\/span><\/p>\n\n<p><span style=\"font-weight: 400;\">El visado J1 no es una autorizaci\u00f3n de entrada en los Estados Unidos de Am\u00e9rica, al igual que la <a href=\"https:\/\/esta-etats-unis.net\/es\/por-que-solicitar-el-esta-antes-de-viajar-a-estados-unidos\/\">solicitud del ESTA<\/a>, s\u00f3lo las autoridades americanas toman la decisi\u00f3n final de dejarle entrar en los Estados Unidos.<\/span><\/p>\n","protected":false},"excerpt":{"rendered":"<p>Despu\u00e9s del bachillerato o incluso siendo un joven profesional, es posible ir a Estados Unidos durante un m\u00e1ximo de 18 meses y adquirir una nueva experiencia profesional. Para este tipo de estancia en Estados Unidos, el visado m\u00e1s adecuado para Estados Unidos se llama J1 y ofrece diferentes programas. Para ofrecerle la mejor oportunidad, en &#8230; <a title=\"Visado J1 de pr\u00e1cticas en EE.UU.: cu\u00e1l es el procedimiento\" class=\"read-more\" href=\"https:\/\/esta-etats-unis.net\/es\/visado-j1-de-practicas-en-ee-uu-cual-es-el-procedimiento\/\" aria-label=\"Leer m\u00e1s sobre Visado J1 de pr\u00e1cticas en EE.UU.: cu\u00e1l es el procedimiento\">Leer m\u00e1s<\/a><\/p>\n","protected":false},"author":1,"featured_media":0,"parent":0,"menu_order":0,"comment_status":"closed","ping_status":"closed","template":"","meta":{"footnotes":""},"class_list":["post-560","page","type-page","status-publish"],"yoast_head":"<!-- This site is optimized with the Yoast SEO plugin v26.2 - https:\/\/yoast.com\/wordpress\/plugins\/seo\/ -->\n<title>Procedimientos de visado de pr\u00e1cticas en EE.UU.<\/title>\n<meta name=\"description\" content=\"\u00bfEst\u00e1 interesado en hacer unas pr\u00e1cticas en el extranjero? Para Estados Unidos, la obtenci\u00f3n de un visado de pr\u00e1cticas es obligatoria y requiere varios tr\u00e1mites. Aqu\u00ed est\u00e1n:\" \/>\n<meta name=\"robots\" content=\"index, follow, max-snippet:-1, max-image-preview:large, max-video-preview:-1\" \/>\n<link rel=\"canonical\" href=\"https:\/\/esta-etats-unis.net\/es\/visado-j1-de-practicas-en-ee-uu-cual-es-el-procedimiento\/\" \/>\n<meta property=\"og:locale\" content=\"es_ES\" \/>\n<meta property=\"og:type\" content=\"article\" \/>\n<meta property=\"og:title\" content=\"Procedimientos de visado de pr\u00e1cticas en EE.UU.\" \/>\n<meta property=\"og:description\" content=\"\u00bfEst\u00e1 interesado en hacer unas pr\u00e1cticas en el extranjero? Para Estados Unidos, la obtenci\u00f3n de un visado de pr\u00e1cticas es obligatoria y requiere varios tr\u00e1mites. Aqu\u00ed est\u00e1n:\" \/>\n<meta property=\"og:url\" content=\"https:\/\/esta-etats-unis.net\/es\/visado-j1-de-practicas-en-ee-uu-cual-es-el-procedimiento\/\" \/>\n<meta property=\"og:site_name\" content=\"Organiza tu viaje a los Estados Unidos de Am\u00e9rica\" \/>\n<meta property=\"article:modified_time\" content=\"2022-07-31T09:13:36+00:00\" \/>\n<meta property=\"og:image\" content=\"https:\/\/esta-etats-unis.net\/wp-content\/uploads\/2019\/05\/visa-stage-USA-1024x683.jpeg\" \/>\n<meta name=\"twitter:label1\" content=\"Tiempo de lectura\" \/>\n\t<meta name=\"twitter:data1\" content=\"5 minutos\" \/>\n<script type=\"application\/ld+json\" class=\"yoast-schema-graph\">{\"@context\":\"https:\/\/schema.org\",\"@graph\":[{\"@type\":\"WebPage\",\"@id\":\"https:\/\/esta-etats-unis.net\/es\/visado-j1-de-practicas-en-ee-uu-cual-es-el-procedimiento\/\",\"url\":\"https:\/\/esta-etats-unis.net\/es\/visado-j1-de-practicas-en-ee-uu-cual-es-el-procedimiento\/\",\"name\":\"Procedimientos de visado de pr\u00e1cticas en EE.UU.\",\"isPartOf\":{\"@id\":\"https:\/\/esta-etats-unis.net\/es\/#website\"},\"primaryImageOfPage\":{\"@id\":\"https:\/\/esta-etats-unis.net\/es\/visado-j1-de-practicas-en-ee-uu-cual-es-el-procedimiento\/#primaryimage\"},\"image\":{\"@id\":\"https:\/\/esta-etats-unis.net\/es\/visado-j1-de-practicas-en-ee-uu-cual-es-el-procedimiento\/#primaryimage\"},\"thumbnailUrl\":\"https:\/\/esta-etats-unis.net\/wp-content\/uploads\/2019\/05\/visa-stage-USA-1024x683.jpeg\",\"datePublished\":\"2019-05-10T07:16:02+00:00\",\"dateModified\":\"2022-07-31T09:13:36+00:00\",\"description\":\"\u00bfEst\u00e1 interesado en hacer unas pr\u00e1cticas en el extranjero? Para Estados Unidos, la obtenci\u00f3n de un visado de pr\u00e1cticas es obligatoria y requiere varios tr\u00e1mites. Aqu\u00ed est\u00e1n:\",\"inLanguage\":\"es\",\"potentialAction\":[{\"@type\":\"ReadAction\",\"target\":[\"https:\/\/esta-etats-unis.net\/es\/visado-j1-de-practicas-en-ee-uu-cual-es-el-procedimiento\/\"]}]},{\"@type\":\"ImageObject\",\"inLanguage\":\"es\",\"@id\":\"https:\/\/esta-etats-unis.net\/es\/visado-j1-de-practicas-en-ee-uu-cual-es-el-procedimiento\/#primaryimage\",\"url\":\"https:\/\/esta-etats-unis.net\/wp-content\/uploads\/2019\/05\/visa-stage-USA-1024x683.jpeg\",\"contentUrl\":\"https:\/\/esta-etats-unis.net\/wp-content\/uploads\/2019\/05\/visa-stage-USA-1024x683.jpeg\"},{\"@type\":\"WebSite\",\"@id\":\"https:\/\/esta-etats-unis.net\/es\/#website\",\"url\":\"https:\/\/esta-etats-unis.net\/es\/\",\"name\":\"Organiza tu viaje a los Estados Unidos de Am\u00e9rica\",\"description\":\"\",\"potentialAction\":[{\"@type\":\"SearchAction\",\"target\":{\"@type\":\"EntryPoint\",\"urlTemplate\":\"https:\/\/esta-etats-unis.net\/es\/?s={search_term_string}\"},\"query-input\":{\"@type\":\"PropertyValueSpecification\",\"valueRequired\":true,\"valueName\":\"search_term_string\"}}],\"inLanguage\":\"es\"}]}<\/script>\n<!-- \/ Yoast SEO plugin. -->","yoast_head_json":{"title":"Procedimientos de visado de pr\u00e1cticas en EE.UU.","description":"\u00bfEst\u00e1 interesado en hacer unas pr\u00e1cticas en el extranjero? Para Estados Unidos, la obtenci\u00f3n de un visado de pr\u00e1cticas es obligatoria y requiere varios tr\u00e1mites. Aqu\u00ed est\u00e1n:","robots":{"index":"index","follow":"follow","max-snippet":"max-snippet:-1","max-image-preview":"max-image-preview:large","max-video-preview":"max-video-preview:-1"},"canonical":"https:\/\/esta-etats-unis.net\/es\/visado-j1-de-practicas-en-ee-uu-cual-es-el-procedimiento\/","og_locale":"es_ES","og_type":"article","og_title":"Procedimientos de visado de pr\u00e1cticas en EE.UU.","og_description":"\u00bfEst\u00e1 interesado en hacer unas pr\u00e1cticas en el extranjero? Para Estados Unidos, la obtenci\u00f3n de un visado de pr\u00e1cticas es obligatoria y requiere varios tr\u00e1mites. Aqu\u00ed est\u00e1n:","og_url":"https:\/\/esta-etats-unis.net\/es\/visado-j1-de-practicas-en-ee-uu-cual-es-el-procedimiento\/","og_site_name":"Organiza tu viaje a los Estados Unidos de Am\u00e9rica","article_modified_time":"2022-07-31T09:13:36+00:00","og_image":[{"url":"https:\/\/esta-etats-unis.net\/wp-content\/uploads\/2019\/05\/visa-stage-USA-1024x683.jpeg","type":"","width":"","height":""}],"twitter_misc":{"Tiempo de lectura":"5 minutos"},"schema":{"@context":"https:\/\/schema.org","@graph":[{"@type":"WebPage","@id":"https:\/\/esta-etats-unis.net\/es\/visado-j1-de-practicas-en-ee-uu-cual-es-el-procedimiento\/","url":"https:\/\/esta-etats-unis.net\/es\/visado-j1-de-practicas-en-ee-uu-cual-es-el-procedimiento\/","name":"Procedimientos de visado de pr\u00e1cticas en EE.UU.","isPartOf":{"@id":"https:\/\/esta-etats-unis.net\/es\/#website"},"primaryImageOfPage":{"@id":"https:\/\/esta-etats-unis.net\/es\/visado-j1-de-practicas-en-ee-uu-cual-es-el-procedimiento\/#primaryimage"},"image":{"@id":"https:\/\/esta-etats-unis.net\/es\/visado-j1-de-practicas-en-ee-uu-cual-es-el-procedimiento\/#primaryimage"},"thumbnailUrl":"https:\/\/esta-etats-unis.net\/wp-content\/uploads\/2019\/05\/visa-stage-USA-1024x683.jpeg","datePublished":"2019-05-10T07:16:02+00:00","dateModified":"2022-07-31T09:13:36+00:00","description":"\u00bfEst\u00e1 interesado en hacer unas pr\u00e1cticas en el extranjero? Para Estados Unidos, la obtenci\u00f3n de un visado de pr\u00e1cticas es obligatoria y requiere varios tr\u00e1mites. Aqu\u00ed est\u00e1n:","inLanguage":"es","potentialAction":[{"@type":"ReadAction","target":["https:\/\/esta-etats-unis.net\/es\/visado-j1-de-practicas-en-ee-uu-cual-es-el-procedimiento\/"]}]},{"@type":"ImageObject","inLanguage":"es","@id":"https:\/\/esta-etats-unis.net\/es\/visado-j1-de-practicas-en-ee-uu-cual-es-el-procedimiento\/#primaryimage","url":"https:\/\/esta-etats-unis.net\/wp-content\/uploads\/2019\/05\/visa-stage-USA-1024x683.jpeg","contentUrl":"https:\/\/esta-etats-unis.net\/wp-content\/uploads\/2019\/05\/visa-stage-USA-1024x683.jpeg"},{"@type":"WebSite","@id":"https:\/\/esta-etats-unis.net\/es\/#website","url":"https:\/\/esta-etats-unis.net\/es\/","name":"Organiza tu viaje a los Estados Unidos de Am\u00e9rica","description":"","potentialAction":[{"@type":"SearchAction","target":{"@type":"EntryPoint","urlTemplate":"https:\/\/esta-etats-unis.net\/es\/?s={search_term_string}"},"query-input":{"@type":"PropertyValueSpecification","valueRequired":true,"valueName":"search_term_string"}}],"inLanguage":"es"}]}},"_links":{"self":[{"href":"https:\/\/esta-etats-unis.net\/es\/wp-json\/wp\/v2\/pages\/560","targetHints":{"allow":["GET"]}}],"collection":[{"href":"https:\/\/esta-etats-unis.net\/es\/wp-json\/wp\/v2\/pages"}],"about":[{"href":"https:\/\/esta-etats-unis.net\/es\/wp-json\/wp\/v2\/types\/page"}],"author":[{"embeddable":true,"href":"https:\/\/esta-etats-unis.net\/es\/wp-json\/wp\/v2\/users\/1"}],"replies":[{"embeddable":true,"href":"https:\/\/esta-etats-unis.net\/es\/wp-json\/wp\/v2\/comments?post=560"}],"version-history":[{"count":1,"href":"https:\/\/esta-etats-unis.net\/es\/wp-json\/wp\/v2\/pages\/560\/revisions"}],"predecessor-version":[{"id":565,"href":"https:\/\/esta-etats-unis.net\/es\/wp-json\/wp\/v2\/pages\/560\/revisions\/565"}],"wp:attachment":[{"href":"https:\/\/esta-etats-unis.net\/es\/wp-json\/wp\/v2\/media?parent=560"}],"curies":[{"name":"wp","href":"https:\/\/api.w.org\/{rel}","templated":true}]}}