{"id":552,"date":"2014-11-17T22:01:24","date_gmt":"2014-11-17T21:01:24","guid":{"rendered":"https:\/\/esta-etats-unis.net\/viajar-a-estados-unidos-en-avion-o-en-barco\/"},"modified":"2024-10-09T08:59:56","modified_gmt":"2024-10-09T07:59:56","slug":"viajar-a-estados-unidos-en-avion-o-en-barco","status":"publish","type":"page","link":"https:\/\/esta-etats-unis.net\/es\/viajar-a-estados-unidos-en-avion-o-en-barco\/","title":{"rendered":"Viajar a Estados Unidos en avi\u00f3n o en barco"},"content":{"rendered":"\n<p>Los ciudadanos de pa\u00edses miembros del Programa de Exenci\u00f3n de Visado (VWP) pueden viajar a Estados Unidos sin visado para estancias de hasta 90 d\u00edas. Todos los visitantes que entren en Estados Unidos sin visado deben obtener<a href=\"https:\/\/esta-etats-unis.net\/es\/tramites-del-esta-para-su-viaje-a-estados-unidos\/\">la ESTA<\/a>, una autorizaci\u00f3n de viaje expedida en l\u00ednea para mejorar las medidas de seguridad. <\/p>\n\n<h2 class=\"wp-block-heading\">Viajeros exentos de visado a Estados Unidos<\/h2>\n\n<p>Desde 2009, tras la introducci\u00f3n del Programa de Exenci\u00f3n de Visado, 41 pa\u00edses se han beneficiado de la exenci\u00f3n de visado para viajar a Estados Unidos. Sin embargo, el acceso al territorio estadounidense no es autom\u00e1tico. Todos los viajeros de estos pa\u00edses deben obtener previamente la autorizaci\u00f3n electr\u00f3nica de viaje ESTA. Este procedimiento se cre\u00f3 para controlar y verificar la identidad de los visitantes incluso antes de que llegaran a Estados Unidos.<\/p>\n\n<p>Por tanto, se denegar\u00e1 el acceso a las personas que se encuentren en situaci\u00f3n de riesgo, que puedan perjudicar la seguridad nacional o que supongan una amenaza para la salud p\u00fablica, as\u00ed como a las que no hayan <a href=\"https:\/\/esta-etats-unis.net\/es\/como-rellenar-el-formulario-esta-para-viajar-a-estados-unidos\/\">cumplimentado correctamente el<\/a> formulario de solicitud ESTA. Sin embargo, hay que tener en cuenta que esta autorizaci\u00f3n electr\u00f3nica s\u00f3lo es v\u00e1lida durante 2 a\u00f1os. La duraci\u00f3n m\u00e1xima de cada estancia en Estados Unidos es de 90 d\u00edas, independientemente del motivo: turismo, negocios o tr\u00e1nsito.<\/p>\n\n<p>Los medios de transporte permitidos para viajar a Estados Unidos con un ESTA son: mar\u00edtimo, a\u00e9reo y, desde 2022, terrestre. Es obligatorio utilizar compa\u00f1\u00edas a\u00e9reas y mar\u00edtimas reconocidas por las autoridades estadounidenses. Para preparar correctamente el viaje a Estados Unidos, es \u00fatil averiguar qu\u00e9 empresas est\u00e1n aprobadas por la autorizaci\u00f3n.<\/p>\n\n<h2 class=\"wp-block-heading\">Obtener un ESTA USA para un viaje a Estados Unidos<\/h2>\n\n<p>Para poder solicitar el ESTA y permanecer en EE.UU., el viajero debe, en primer lugar, disponer de un <a href=\"https:\/\/esta-etats-unis.net\/es\/que-pasaporte-necesito-para-obtener-un-esta-o-un-visado\/\">pasaporte v\u00e1lido<\/a> que cumpla los requisitos del gobierno estadounidense, por lo que es importante comprobar la validez del pasaporte. As\u00ed, los pasaportes admitidos son los nuevos pasaportes biom\u00e9tricos y los pasaportes electr\u00f3nicos. Su n\u00famero de pasaporte le permite solicitar un ESTA en l\u00ednea y estar\u00e1 vinculado a su solicitud.<\/p>\n\n<p>A continuaci\u00f3n, tienes que presentar una <a href=\"https:\/\/document-esta.com\/es\/\">solicitud ESTA<\/a> en el <a href=\"https:\/\/esta.cbp.dhs.gov\/\">sitio web oficial del gobierno estadounidense<\/a>.<\/p>\n\n<p>Se ofrece la posibilidad de actualizar cierta informaci\u00f3n durante los 2 a\u00f1os de validez del documento ESTA y es posible realizar un seguimiento del expediente. La informaci\u00f3n solicitada es principalmente la relativa a la identidad del viajero y al pasaporte. El pago con tarjeta de cr\u00e9dito permite presentar la solicitud en l\u00ednea. Si el formulario ESTA corresponde a las expectativas de las autoridades americanas, se emite en un plazo de 72 horas desde la presentaci\u00f3n de la solicitud. Si le rechazan, hay dos posibilidades: o bien el rechazo se debe a un simple error en el formulario, en cuyo caso es posible presentar una nueva solicitud, o bien no cumple todos los criterios de elegibilidad. S\u00f3lo queda una soluci\u00f3n para poder visitar Estados Unidos: <a href=\"https:\/\/esta-etats-unis.net\/es\/como-puedo-solicitar-un-visado-en-la-embajada-de-estados-unidos\/\">solicitar un visado para Estados Unidos en la embajada estadounidense<\/a>.<\/p>\n\n<p>Con el ESTA o visado americano en su poder, puede ir a Estados Unidos varias veces en un periodo de dos a\u00f1os para visitar varias ciudades americanas, descubrir el Valle de la Muerte, los distintos parques nacionales, el puente Golden Gate, las cataratas del Ni\u00e1gara o la Estatua de la Libertad. Una gran manera de sumergirse en la cultura americana.<\/p>\n","protected":false},"excerpt":{"rendered":"<p>Los ciudadanos de pa\u00edses miembros del Programa de Exenci\u00f3n de Visado (VWP) pueden viajar a Estados Unidos sin visado para estancias de hasta 90 d\u00edas. Todos los visitantes que entren en Estados Unidos sin visado deben obtenerla ESTA, una autorizaci\u00f3n de viaje expedida en l\u00ednea para mejorar las medidas de seguridad. Viajeros exentos de visado &#8230; <a title=\"Viajar a Estados Unidos en avi\u00f3n o en barco\" class=\"read-more\" href=\"https:\/\/esta-etats-unis.net\/es\/viajar-a-estados-unidos-en-avion-o-en-barco\/\" aria-label=\"Leer m\u00e1s sobre Viajar a Estados Unidos en avi\u00f3n o en barco\">Leer m\u00e1s<\/a><\/p>\n","protected":false},"author":1,"featured_media":0,"parent":0,"menu_order":0,"comment_status":"closed","ping_status":"closed","template":"","meta":{"footnotes":""},"class_list":["post-552","page","type-page","status-publish"],"yoast_head":"<!-- This site is optimized with the Yoast SEO plugin v26.2 - https:\/\/yoast.com\/wordpress\/plugins\/seo\/ -->\n<title>Viajar a Estados Unidos en avi\u00f3n o en barco con el ESTA<\/title>\n<meta name=\"description\" content=\"Antes de partir hacia Estados Unidos, debe preparar su viaje. \u00bfEs posible viajar a Estados Unidos en avi\u00f3n o en barco con el ESTA? La respuesta aqui.\" \/>\n<meta name=\"robots\" content=\"index, follow, max-snippet:-1, max-image-preview:large, max-video-preview:-1\" \/>\n<link rel=\"canonical\" href=\"https:\/\/esta-etats-unis.net\/es\/viajar-a-estados-unidos-en-avion-o-en-barco\/\" \/>\n<meta property=\"og:locale\" content=\"es_ES\" \/>\n<meta property=\"og:type\" content=\"article\" \/>\n<meta property=\"og:title\" content=\"Viajar a Estados Unidos en avi\u00f3n o en barco con el ESTA\" \/>\n<meta property=\"og:description\" content=\"Antes de partir hacia Estados Unidos, debe preparar su viaje. \u00bfEs posible viajar a Estados Unidos en avi\u00f3n o en barco con el ESTA? La respuesta aqui.\" \/>\n<meta property=\"og:url\" content=\"https:\/\/esta-etats-unis.net\/es\/viajar-a-estados-unidos-en-avion-o-en-barco\/\" \/>\n<meta property=\"og:site_name\" content=\"Organiza tu viaje a los Estados Unidos de Am\u00e9rica\" \/>\n<meta property=\"article:modified_time\" content=\"2024-10-09T07:59:56+00:00\" \/>\n<meta name=\"twitter:label1\" content=\"Tiempo de lectura\" \/>\n\t<meta name=\"twitter:data1\" content=\"3 minutos\" \/>\n<script type=\"application\/ld+json\" class=\"yoast-schema-graph\">{\"@context\":\"https:\/\/schema.org\",\"@graph\":[{\"@type\":\"WebPage\",\"@id\":\"https:\/\/esta-etats-unis.net\/es\/viajar-a-estados-unidos-en-avion-o-en-barco\/\",\"url\":\"https:\/\/esta-etats-unis.net\/es\/viajar-a-estados-unidos-en-avion-o-en-barco\/\",\"name\":\"Viajar a Estados Unidos en avi\u00f3n o en barco con el ESTA\",\"isPartOf\":{\"@id\":\"https:\/\/esta-etats-unis.net\/es\/#website\"},\"datePublished\":\"2014-11-17T21:01:24+00:00\",\"dateModified\":\"2024-10-09T07:59:56+00:00\",\"description\":\"Antes de partir hacia Estados Unidos, debe preparar su viaje. \u00bfEs posible viajar a Estados Unidos en avi\u00f3n o en barco con el ESTA? La respuesta aqui.\",\"inLanguage\":\"es\",\"potentialAction\":[{\"@type\":\"ReadAction\",\"target\":[\"https:\/\/esta-etats-unis.net\/es\/viajar-a-estados-unidos-en-avion-o-en-barco\/\"]}]},{\"@type\":\"WebSite\",\"@id\":\"https:\/\/esta-etats-unis.net\/es\/#website\",\"url\":\"https:\/\/esta-etats-unis.net\/es\/\",\"name\":\"Organiza tu viaje a los Estados Unidos de Am\u00e9rica\",\"description\":\"\",\"potentialAction\":[{\"@type\":\"SearchAction\",\"target\":{\"@type\":\"EntryPoint\",\"urlTemplate\":\"https:\/\/esta-etats-unis.net\/es\/?s={search_term_string}\"},\"query-input\":{\"@type\":\"PropertyValueSpecification\",\"valueRequired\":true,\"valueName\":\"search_term_string\"}}],\"inLanguage\":\"es\"}]}<\/script>\n<!-- \/ Yoast SEO plugin. -->","yoast_head_json":{"title":"Viajar a Estados Unidos en avi\u00f3n o en barco con el ESTA","description":"Antes de partir hacia Estados Unidos, debe preparar su viaje. \u00bfEs posible viajar a Estados Unidos en avi\u00f3n o en barco con el ESTA? La respuesta aqui.","robots":{"index":"index","follow":"follow","max-snippet":"max-snippet:-1","max-image-preview":"max-image-preview:large","max-video-preview":"max-video-preview:-1"},"canonical":"https:\/\/esta-etats-unis.net\/es\/viajar-a-estados-unidos-en-avion-o-en-barco\/","og_locale":"es_ES","og_type":"article","og_title":"Viajar a Estados Unidos en avi\u00f3n o en barco con el ESTA","og_description":"Antes de partir hacia Estados Unidos, debe preparar su viaje. \u00bfEs posible viajar a Estados Unidos en avi\u00f3n o en barco con el ESTA? La respuesta aqui.","og_url":"https:\/\/esta-etats-unis.net\/es\/viajar-a-estados-unidos-en-avion-o-en-barco\/","og_site_name":"Organiza tu viaje a los Estados Unidos de Am\u00e9rica","article_modified_time":"2024-10-09T07:59:56+00:00","twitter_misc":{"Tiempo de lectura":"3 minutos"},"schema":{"@context":"https:\/\/schema.org","@graph":[{"@type":"WebPage","@id":"https:\/\/esta-etats-unis.net\/es\/viajar-a-estados-unidos-en-avion-o-en-barco\/","url":"https:\/\/esta-etats-unis.net\/es\/viajar-a-estados-unidos-en-avion-o-en-barco\/","name":"Viajar a Estados Unidos en avi\u00f3n o en barco con el ESTA","isPartOf":{"@id":"https:\/\/esta-etats-unis.net\/es\/#website"},"datePublished":"2014-11-17T21:01:24+00:00","dateModified":"2024-10-09T07:59:56+00:00","description":"Antes de partir hacia Estados Unidos, debe preparar su viaje. \u00bfEs posible viajar a Estados Unidos en avi\u00f3n o en barco con el ESTA? La respuesta aqui.","inLanguage":"es","potentialAction":[{"@type":"ReadAction","target":["https:\/\/esta-etats-unis.net\/es\/viajar-a-estados-unidos-en-avion-o-en-barco\/"]}]},{"@type":"WebSite","@id":"https:\/\/esta-etats-unis.net\/es\/#website","url":"https:\/\/esta-etats-unis.net\/es\/","name":"Organiza tu viaje a los Estados Unidos de Am\u00e9rica","description":"","potentialAction":[{"@type":"SearchAction","target":{"@type":"EntryPoint","urlTemplate":"https:\/\/esta-etats-unis.net\/es\/?s={search_term_string}"},"query-input":{"@type":"PropertyValueSpecification","valueRequired":true,"valueName":"search_term_string"}}],"inLanguage":"es"}]}},"_links":{"self":[{"href":"https:\/\/esta-etats-unis.net\/es\/wp-json\/wp\/v2\/pages\/552","targetHints":{"allow":["GET"]}}],"collection":[{"href":"https:\/\/esta-etats-unis.net\/es\/wp-json\/wp\/v2\/pages"}],"about":[{"href":"https:\/\/esta-etats-unis.net\/es\/wp-json\/wp\/v2\/types\/page"}],"author":[{"embeddable":true,"href":"https:\/\/esta-etats-unis.net\/es\/wp-json\/wp\/v2\/users\/1"}],"replies":[{"embeddable":true,"href":"https:\/\/esta-etats-unis.net\/es\/wp-json\/wp\/v2\/comments?post=552"}],"version-history":[{"count":6,"href":"https:\/\/esta-etats-unis.net\/es\/wp-json\/wp\/v2\/pages\/552\/revisions"}],"predecessor-version":[{"id":810,"href":"https:\/\/esta-etats-unis.net\/es\/wp-json\/wp\/v2\/pages\/552\/revisions\/810"}],"wp:attachment":[{"href":"https:\/\/esta-etats-unis.net\/es\/wp-json\/wp\/v2\/media?parent=552"}],"curies":[{"name":"wp","href":"https:\/\/api.w.org\/{rel}","templated":true}]}}