{"id":544,"date":"2019-06-06T12:54:37","date_gmt":"2019-06-06T11:54:37","guid":{"rendered":"https:\/\/esta-etats-unis.net\/tramites-del-esta-para-su-viaje-a-estados-unidos\/que-hacer-si-pierde-su-autorizacion-esta\/"},"modified":"2024-10-11T08:20:40","modified_gmt":"2024-10-11T07:20:40","slug":"que-hacer-si-pierde-su-autorizacion-esta","status":"publish","type":"page","link":"https:\/\/esta-etats-unis.net\/es\/tramites-del-esta-para-su-viaje-a-estados-unidos\/que-hacer-si-pierde-su-autorizacion-esta\/","title":{"rendered":"\u00bfQu\u00e9 hacer si pierde su autorizaci\u00f3n ESTA?"},"content":{"rendered":"\n<p><span style=\"font-weight: 400;\">Se acerca su viaje a los Estados Unidos, pero despu\u00e9s de mucho buscar, no encuentra su autorizaci\u00f3n de viaje ESTA? Es muy f\u00e1cil encontrar un ESTA perdido. En este art\u00edculo, encontrar\u00e1 todos los pasos que debe dar para obtener su Autorizaci\u00f3n Temporal de Viaje y viajar a Estados Unidos sin estr\u00e9s.  <\/span><\/p>\n\n<h2 class=\"wp-block-heading\"><span style=\"font-weight: 400;\">\u00bfTengo que volver a solicitarlo si pierdo mi ESTA?  <\/span><\/h2>\n\n<p><span style=\"font-weight: 400;\">Como su nombre indica, el ESTA es una autorizaci\u00f3n electr\u00f3nica de viaje. Por lo tanto, a diferencia del <a href=\"https:\/\/esta-etats-unis.net\/es\/como-elegir-su-visado-para-estados-unidos\/\">visado estadounidense<\/a>, no existe una versi\u00f3n en papel del ESTA. Cuando se pierde un ESTA, no es necesario buscar este documento de viaje por toda la casa, simplemente tendr\u00e1 que recuperar su autorizaci\u00f3n en l\u00ednea. Por lo tanto, no es necesario acudir a la Embajada o al Consulado General de Estados Unidos, como puede ser el caso de un visado perdido. Basta con tener un pasaporte v\u00e1lido y una conexi\u00f3n a Internet.<\/span><\/p>\n\n<p>Para recuperar un ESTA perdido, debes estar en posesi\u00f3n del <a href=\"https:\/\/esta-etats-unis.net\/es\/que-pasaporte-necesito-para-obtener-un-esta-o-un-visado\/\">pasaporte biom\u00e9trico<\/a> (o pasaporte electr\u00f3nico) desde el que lo solicitaste por Internet. Cada ESTA est\u00e1 vinculado al pasaporte del viajero mediante un chip inform\u00e1tico. Antes de que parta hacia Estados Unidos, los inspectores escanear\u00e1n su documento de identidad para asegurarse de que su autorizaci\u00f3n de viaje es v\u00e1lida. En consecuencia, si has renovado tu pasaporte despu\u00e9s de haber solicitado el ESTA, no tiene sentido que intentes recuperar tu ESTA perdido, ya que no podr\u00e1s acceder a \u00e9l. Deber\u00e1 solicitarlo con su nuevo pasaporte y seguir el mismo procedimiento que cuando lo solicit\u00f3 por primera vez.<\/p>\n\n<p><span style=\"font-weight: 400;\">Veamos el procedimiento para recuperar un <a href=\"https:\/\/www.stlandryparishgovernment.org\">documento ESTA<\/a> perdido.<\/span><\/p>\n\n<figure class=\"wp-block-image size-full is-resized\"><a href=\"https:\/\/esta-etats-unis.net\/wp-content\/uploads\/2019\/06\/ESTA-perdu.jpg\"><img loading=\"lazy\" decoding=\"async\" width=\"960\" height=\"593\" src=\"https:\/\/esta-etats-unis.net\/wp-content\/uploads\/2019\/06\/ESTA-perdu.jpg\" alt=\"p&#xE9;rdida de la autorizaci&#xF3;n ESTA\" class=\"wp-image-298\" style=\"width:720px;height:445px\" srcset=\"https:\/\/esta-etats-unis.net\/wp-content\/uploads\/2019\/06\/ESTA-perdu.jpg 960w, https:\/\/esta-etats-unis.net\/wp-content\/uploads\/2019\/06\/ESTA-perdu-300x185.jpg 300w, https:\/\/esta-etats-unis.net\/wp-content\/uploads\/2019\/06\/ESTA-perdu-768x474.jpg 768w\" sizes=\"auto, (max-width: 960px) 100vw, 960px\" \/><\/a><figcaption class=\"wp-element-caption\">Qu\u00e9 hacer si pierde su ESTA<\/figcaption><\/figure>\n\n<h2 class=\"wp-block-heading\"><span style=\"font-weight: 400;\">Recuperar f\u00e1cilmente un<\/span><span style=\"font-weight: 400;\"> archivo ESTA perdido<\/span><\/h2>\n\n<h3 class=\"wp-block-heading\"><span style=\"font-weight: 400;\">Encontrar el n\u00famero de solicitud del ESTA  <\/span><\/h3>\n\n<p><span style=\"font-weight: 400;\">Para recuperar un expediente ESTA perdido, primero debe tener su n\u00famero de solicitud. Este identificador es comunicado sistem\u00e1ticamente por las autoridades americanas al validar su solicitud ESTA en l\u00ednea. Por lo tanto, es importante tenerlo en cuenta cuando aparezca la p\u00e1gina de confirmaci\u00f3n del pedido.<\/span><\/p>\n\n<p>\u00bfHas encontrado tu n\u00famero de expediente ESTA perdido? \u00a1Entonces puedes pasar al siguiente paso! <\/p>\n\n<h3 class=\"wp-block-heading\"><span style=\"font-weight: 400;\">Acceder al expediente ESTA  <\/span><\/h3>\n\n<p><span style=\"font-weight: 400;\">Para ello, s\u00f3lo tiene que visitar la p\u00e1gina web oficial de la <a href=\"https:\/\/esta.cbp.dhs.gov\/\">Oficina de Aduanas y Protecci\u00f3n de Fronteras de los Estados Unidos<\/a>, la plataforma desde la que realiz\u00f3 su solicitud. Una vez en la p\u00e1gina de inicio, basta con hacer clic en la pesta\u00f1a \u00abcomprobar la solicitud existente\u00bb. Para recuperar un expediente ESTA perdido, se necesitan tres elementos:  <\/span><\/p>\n\n<ul class=\"wp-block-list\">\n<li><span style=\"font-weight: 400;\">N\u00famero de solicitud del ESTA;  <\/span><\/li>\n\n\n\n<li><span style=\"font-weight: 400;\">el n\u00famero de pasaporte registrado en el momento de rellenar el formulario en l\u00ednea;  <\/span><\/li>\n\n\n\n<li><span style=\"font-weight: 400;\">la fecha de nacimiento del viajero.  <\/span><\/li>\n<\/ul>\n\n<p><span style=\"font-weight: 400;\">  Mientras toda esta informaci\u00f3n sea correcta, el acceso a su expediente ESTA perdido no deber\u00eda ser un problema. Una vez que se haya conectado a su espacio personal, tendr\u00e1 una visi\u00f3n general de su ESTA. Lo primero que hay que hacer es comprobar la validez de su <a href=\"https:\/\/esta-etats-unis.net\/es\/tramites-del-esta-para-su-viaje-a-estados-unidos\/\">documento de viaje en Estados Unidos<\/a>. <\/span><\/p>\n\n<h3 class=\"wp-block-heading\"><span style=\"font-weight: 400;\">Comprobar la validez del ESTA<\/span><\/h3>\n\n<p><span style=\"font-weight: 400;\">En primer lugar, aseg\u00farate de que todos los datos del <a href=\"https:\/\/esta-etats-unis.net\/es\/como-es-el-formulario-esta\/\">formulario<\/a> ESTA est\u00e1n actualizados, de lo contrario podr\u00edan denegarte la entrada en Estados Unidos. Si resulta que los datos que figuran en el documento no est\u00e1n actualizados (excepto su direcci\u00f3n de correo electr\u00f3nico y su direcci\u00f3n de residencia en los Estados Unidos), no tendr\u00e1 m\u00e1s remedio que volver a solicitarlo y pagar de nuevo la tasa del ESTA. Compruebe tambi\u00e9n que los datos de su ESTA coinciden con los de su pasaporte en todos los aspectos (por ejemplo, apellido, nombre, direcci\u00f3n, etc.).  <\/span><\/p>\n\n<p><span style=\"font-weight: 400;\">A continuaci\u00f3n, es importante comprobar la fecha de caducidad de su documento de viaje. La exenci\u00f3n de visado tiene una validez de dos a\u00f1os, por lo que si la solicit\u00f3 hace m\u00e1s de 24 meses, los funcionarios de aduanas estadounidenses le impedir\u00e1n entrar en Estados Unidos. Por lo tanto, deber\u00e1 renovar su ESTA con anterioridad. Para evitar cualquier decepci\u00f3n antes de su embarque, le aconsejamos que anticipe este paso. Tenga en cuenta que si su <a href=\"https:\/\/esta-etats-unis.net\/es\/por-que-solicitar-el-esta-antes-de-viajar-a-estados-unidos\/\">solicitud del ESTA<\/a> ya ha sido aprobada en el pasado, esto no significa que ser\u00e1 aprobada de nuevo cuando lo solicite de nuevo. Si este \u00faltimo es rechazado, tendr\u00e1 que solicitar un visado en la embajada estadounidense.<\/span><\/p>\n\n<p><span style=\"font-weight: 400;\">Si su ESTA sigue siendo v\u00e1lido y lo ser\u00e1 durante su estancia en los Estados Unidos de Am\u00e9rica, no necesita hacer nada m\u00e1s, excepto terminar de preparar su visita.  <\/span><\/p>\n\n<h2 class=\"wp-block-heading\">\u00bfQu\u00e9 debo hacer si pierdo mi n\u00famero de solicitud ESTA?<\/h2>\n\n<p>Los extranjeros que desean viajar a Estados Unidos a menudo no encuentran su n\u00famero de solicitud ESTA. En este caso, el procedimiento para encontrar tu ESTA perdido es pr\u00e1cticamente id\u00e9ntico al anterior: s\u00f3lo tienes que rellenar algunos datos adicionales (nacionalidad, fecha de expedici\u00f3n del pasaporte y fecha de caducidad).<\/p>\n","protected":false},"excerpt":{"rendered":"<p>Se acerca su viaje a los Estados Unidos, pero despu\u00e9s de mucho buscar, no encuentra su autorizaci\u00f3n de viaje ESTA? Es muy f\u00e1cil encontrar un ESTA perdido. En este art\u00edculo, encontrar\u00e1 todos los pasos que debe dar para obtener su Autorizaci\u00f3n Temporal de Viaje y viajar a Estados Unidos sin estr\u00e9s. \u00bfTengo que volver a &#8230; <a title=\"\u00bfQu\u00e9 hacer si pierde su autorizaci\u00f3n ESTA?\" class=\"read-more\" href=\"https:\/\/esta-etats-unis.net\/es\/tramites-del-esta-para-su-viaje-a-estados-unidos\/que-hacer-si-pierde-su-autorizacion-esta\/\" aria-label=\"Leer m\u00e1s sobre \u00bfQu\u00e9 hacer si pierde su autorizaci\u00f3n ESTA?\">Leer m\u00e1s<\/a><\/p>\n","protected":false},"author":1,"featured_media":0,"parent":477,"menu_order":0,"comment_status":"closed","ping_status":"closed","template":"","meta":{"footnotes":""},"class_list":["post-544","page","type-page","status-publish"],"yoast_head":"<!-- This site is optimized with the Yoast SEO plugin v26.2 - https:\/\/yoast.com\/wordpress\/plugins\/seo\/ -->\n<title>C\u00f3mo encontrar su ESTA perdido<\/title>\n<meta name=\"description\" content=\"Ha solicitado el ESTA para viajar a Estados Unidos pero ya no encuentra su autorizaci\u00f3n: encuentre su ESTA perdido.\" \/>\n<meta name=\"robots\" content=\"index, follow, max-snippet:-1, max-image-preview:large, max-video-preview:-1\" \/>\n<link rel=\"canonical\" href=\"https:\/\/esta-etats-unis.net\/es\/tramites-del-esta-para-su-viaje-a-estados-unidos\/que-hacer-si-pierde-su-autorizacion-esta\/\" \/>\n<meta property=\"og:locale\" content=\"es_ES\" \/>\n<meta property=\"og:type\" content=\"article\" \/>\n<meta property=\"og:title\" content=\"C\u00f3mo encontrar su ESTA perdido\" \/>\n<meta property=\"og:description\" content=\"Ha solicitado el ESTA para viajar a Estados Unidos pero ya no encuentra su autorizaci\u00f3n: encuentre su ESTA perdido.\" \/>\n<meta property=\"og:url\" content=\"https:\/\/esta-etats-unis.net\/es\/tramites-del-esta-para-su-viaje-a-estados-unidos\/que-hacer-si-pierde-su-autorizacion-esta\/\" \/>\n<meta property=\"og:site_name\" content=\"Organiza tu viaje a los Estados Unidos de Am\u00e9rica\" \/>\n<meta property=\"article:modified_time\" content=\"2024-10-11T07:20:40+00:00\" \/>\n<meta property=\"og:image\" content=\"https:\/\/esta-etats-unis.net\/wp-content\/uploads\/2019\/06\/ESTA-perdu.jpg\" \/>\n\t<meta property=\"og:image:width\" content=\"960\" \/>\n\t<meta property=\"og:image:height\" content=\"593\" \/>\n\t<meta property=\"og:image:type\" content=\"image\/jpeg\" \/>\n<meta name=\"twitter:label1\" content=\"Tiempo de lectura\" \/>\n\t<meta name=\"twitter:data1\" content=\"4 minutos\" \/>\n<script type=\"application\/ld+json\" class=\"yoast-schema-graph\">{\"@context\":\"https:\/\/schema.org\",\"@graph\":[{\"@type\":\"WebPage\",\"@id\":\"https:\/\/esta-etats-unis.net\/es\/tramites-del-esta-para-su-viaje-a-estados-unidos\/que-hacer-si-pierde-su-autorizacion-esta\/\",\"url\":\"https:\/\/esta-etats-unis.net\/es\/tramites-del-esta-para-su-viaje-a-estados-unidos\/que-hacer-si-pierde-su-autorizacion-esta\/\",\"name\":\"C\u00f3mo encontrar su ESTA perdido\",\"isPartOf\":{\"@id\":\"https:\/\/esta-etats-unis.net\/es\/#website\"},\"primaryImageOfPage\":{\"@id\":\"https:\/\/esta-etats-unis.net\/es\/tramites-del-esta-para-su-viaje-a-estados-unidos\/que-hacer-si-pierde-su-autorizacion-esta\/#primaryimage\"},\"image\":{\"@id\":\"https:\/\/esta-etats-unis.net\/es\/tramites-del-esta-para-su-viaje-a-estados-unidos\/que-hacer-si-pierde-su-autorizacion-esta\/#primaryimage\"},\"thumbnailUrl\":\"https:\/\/esta-etats-unis.net\/wp-content\/uploads\/2019\/06\/ESTA-perdu.jpg\",\"datePublished\":\"2019-06-06T11:54:37+00:00\",\"dateModified\":\"2024-10-11T07:20:40+00:00\",\"description\":\"Ha solicitado el ESTA para viajar a Estados Unidos pero ya no encuentra su autorizaci\u00f3n: encuentre su ESTA perdido.\",\"breadcrumb\":{\"@id\":\"https:\/\/esta-etats-unis.net\/es\/tramites-del-esta-para-su-viaje-a-estados-unidos\/que-hacer-si-pierde-su-autorizacion-esta\/#breadcrumb\"},\"inLanguage\":\"es\",\"potentialAction\":[{\"@type\":\"ReadAction\",\"target\":[\"https:\/\/esta-etats-unis.net\/es\/tramites-del-esta-para-su-viaje-a-estados-unidos\/que-hacer-si-pierde-su-autorizacion-esta\/\"]}]},{\"@type\":\"ImageObject\",\"inLanguage\":\"es\",\"@id\":\"https:\/\/esta-etats-unis.net\/es\/tramites-del-esta-para-su-viaje-a-estados-unidos\/que-hacer-si-pierde-su-autorizacion-esta\/#primaryimage\",\"url\":\"https:\/\/esta-etats-unis.net\/wp-content\/uploads\/2019\/06\/ESTA-perdu.jpg\",\"contentUrl\":\"https:\/\/esta-etats-unis.net\/wp-content\/uploads\/2019\/06\/ESTA-perdu.jpg\"},{\"@type\":\"BreadcrumbList\",\"@id\":\"https:\/\/esta-etats-unis.net\/es\/tramites-del-esta-para-su-viaje-a-estados-unidos\/que-hacer-si-pierde-su-autorizacion-esta\/#breadcrumb\",\"itemListElement\":[{\"@type\":\"ListItem\",\"position\":1,\"name\":\"Tr\u00e1mites del ESTA para su viaje a Estados Unidos\",\"item\":\"https:\/\/esta-etats-unis.net\/es\/tramites-del-esta-para-su-viaje-a-estados-unidos\/\"},{\"@type\":\"ListItem\",\"position\":2,\"name\":\"\u00bfQu\u00e9 hacer si pierde su autorizaci\u00f3n ESTA?\"}]},{\"@type\":\"WebSite\",\"@id\":\"https:\/\/esta-etats-unis.net\/es\/#website\",\"url\":\"https:\/\/esta-etats-unis.net\/es\/\",\"name\":\"Organiza tu viaje a los Estados Unidos de Am\u00e9rica\",\"description\":\"\",\"potentialAction\":[{\"@type\":\"SearchAction\",\"target\":{\"@type\":\"EntryPoint\",\"urlTemplate\":\"https:\/\/esta-etats-unis.net\/es\/?s={search_term_string}\"},\"query-input\":{\"@type\":\"PropertyValueSpecification\",\"valueRequired\":true,\"valueName\":\"search_term_string\"}}],\"inLanguage\":\"es\"}]}<\/script>\n<!-- \/ Yoast SEO plugin. -->","yoast_head_json":{"title":"C\u00f3mo encontrar su ESTA perdido","description":"Ha solicitado el ESTA para viajar a Estados Unidos pero ya no encuentra su autorizaci\u00f3n: encuentre su ESTA perdido.","robots":{"index":"index","follow":"follow","max-snippet":"max-snippet:-1","max-image-preview":"max-image-preview:large","max-video-preview":"max-video-preview:-1"},"canonical":"https:\/\/esta-etats-unis.net\/es\/tramites-del-esta-para-su-viaje-a-estados-unidos\/que-hacer-si-pierde-su-autorizacion-esta\/","og_locale":"es_ES","og_type":"article","og_title":"C\u00f3mo encontrar su ESTA perdido","og_description":"Ha solicitado el ESTA para viajar a Estados Unidos pero ya no encuentra su autorizaci\u00f3n: encuentre su ESTA perdido.","og_url":"https:\/\/esta-etats-unis.net\/es\/tramites-del-esta-para-su-viaje-a-estados-unidos\/que-hacer-si-pierde-su-autorizacion-esta\/","og_site_name":"Organiza tu viaje a los Estados Unidos de Am\u00e9rica","article_modified_time":"2024-10-11T07:20:40+00:00","og_image":[{"width":960,"height":593,"url":"https:\/\/esta-etats-unis.net\/wp-content\/uploads\/2019\/06\/ESTA-perdu.jpg","type":"image\/jpeg"}],"twitter_misc":{"Tiempo de lectura":"4 minutos"},"schema":{"@context":"https:\/\/schema.org","@graph":[{"@type":"WebPage","@id":"https:\/\/esta-etats-unis.net\/es\/tramites-del-esta-para-su-viaje-a-estados-unidos\/que-hacer-si-pierde-su-autorizacion-esta\/","url":"https:\/\/esta-etats-unis.net\/es\/tramites-del-esta-para-su-viaje-a-estados-unidos\/que-hacer-si-pierde-su-autorizacion-esta\/","name":"C\u00f3mo encontrar su ESTA perdido","isPartOf":{"@id":"https:\/\/esta-etats-unis.net\/es\/#website"},"primaryImageOfPage":{"@id":"https:\/\/esta-etats-unis.net\/es\/tramites-del-esta-para-su-viaje-a-estados-unidos\/que-hacer-si-pierde-su-autorizacion-esta\/#primaryimage"},"image":{"@id":"https:\/\/esta-etats-unis.net\/es\/tramites-del-esta-para-su-viaje-a-estados-unidos\/que-hacer-si-pierde-su-autorizacion-esta\/#primaryimage"},"thumbnailUrl":"https:\/\/esta-etats-unis.net\/wp-content\/uploads\/2019\/06\/ESTA-perdu.jpg","datePublished":"2019-06-06T11:54:37+00:00","dateModified":"2024-10-11T07:20:40+00:00","description":"Ha solicitado el ESTA para viajar a Estados Unidos pero ya no encuentra su autorizaci\u00f3n: encuentre su ESTA perdido.","breadcrumb":{"@id":"https:\/\/esta-etats-unis.net\/es\/tramites-del-esta-para-su-viaje-a-estados-unidos\/que-hacer-si-pierde-su-autorizacion-esta\/#breadcrumb"},"inLanguage":"es","potentialAction":[{"@type":"ReadAction","target":["https:\/\/esta-etats-unis.net\/es\/tramites-del-esta-para-su-viaje-a-estados-unidos\/que-hacer-si-pierde-su-autorizacion-esta\/"]}]},{"@type":"ImageObject","inLanguage":"es","@id":"https:\/\/esta-etats-unis.net\/es\/tramites-del-esta-para-su-viaje-a-estados-unidos\/que-hacer-si-pierde-su-autorizacion-esta\/#primaryimage","url":"https:\/\/esta-etats-unis.net\/wp-content\/uploads\/2019\/06\/ESTA-perdu.jpg","contentUrl":"https:\/\/esta-etats-unis.net\/wp-content\/uploads\/2019\/06\/ESTA-perdu.jpg"},{"@type":"BreadcrumbList","@id":"https:\/\/esta-etats-unis.net\/es\/tramites-del-esta-para-su-viaje-a-estados-unidos\/que-hacer-si-pierde-su-autorizacion-esta\/#breadcrumb","itemListElement":[{"@type":"ListItem","position":1,"name":"Tr\u00e1mites del ESTA para su viaje a Estados Unidos","item":"https:\/\/esta-etats-unis.net\/es\/tramites-del-esta-para-su-viaje-a-estados-unidos\/"},{"@type":"ListItem","position":2,"name":"\u00bfQu\u00e9 hacer si pierde su autorizaci\u00f3n ESTA?"}]},{"@type":"WebSite","@id":"https:\/\/esta-etats-unis.net\/es\/#website","url":"https:\/\/esta-etats-unis.net\/es\/","name":"Organiza tu viaje a los Estados Unidos de Am\u00e9rica","description":"","potentialAction":[{"@type":"SearchAction","target":{"@type":"EntryPoint","urlTemplate":"https:\/\/esta-etats-unis.net\/es\/?s={search_term_string}"},"query-input":{"@type":"PropertyValueSpecification","valueRequired":true,"valueName":"search_term_string"}}],"inLanguage":"es"}]}},"_links":{"self":[{"href":"https:\/\/esta-etats-unis.net\/es\/wp-json\/wp\/v2\/pages\/544","targetHints":{"allow":["GET"]}}],"collection":[{"href":"https:\/\/esta-etats-unis.net\/es\/wp-json\/wp\/v2\/pages"}],"about":[{"href":"https:\/\/esta-etats-unis.net\/es\/wp-json\/wp\/v2\/types\/page"}],"author":[{"embeddable":true,"href":"https:\/\/esta-etats-unis.net\/es\/wp-json\/wp\/v2\/users\/1"}],"replies":[{"embeddable":true,"href":"https:\/\/esta-etats-unis.net\/es\/wp-json\/wp\/v2\/comments?post=544"}],"version-history":[{"count":4,"href":"https:\/\/esta-etats-unis.net\/es\/wp-json\/wp\/v2\/pages\/544\/revisions"}],"predecessor-version":[{"id":859,"href":"https:\/\/esta-etats-unis.net\/es\/wp-json\/wp\/v2\/pages\/544\/revisions\/859"}],"up":[{"embeddable":true,"href":"https:\/\/esta-etats-unis.net\/es\/wp-json\/wp\/v2\/pages\/477"}],"wp:attachment":[{"href":"https:\/\/esta-etats-unis.net\/es\/wp-json\/wp\/v2\/media?parent=544"}],"curies":[{"name":"wp","href":"https:\/\/api.w.org\/{rel}","templated":true}]}}