{"id":534,"date":"2014-11-17T22:07:58","date_gmt":"2014-11-17T21:07:58","guid":{"rendered":"https:\/\/esta-etats-unis.net\/que-pasaporte-necesito-para-obtener-un-esta-o-un-visado\/"},"modified":"2022-08-07T11:33:33","modified_gmt":"2022-08-07T10:33:33","slug":"que-pasaporte-necesito-para-obtener-un-esta-o-un-visado","status":"publish","type":"page","link":"https:\/\/esta-etats-unis.net\/es\/que-pasaporte-necesito-para-obtener-un-esta-o-un-visado\/","title":{"rendered":"\u00bfQu\u00e9 pasaporte necesito para obtener un ESTA o un visado?"},"content":{"rendered":"\n<p>Para viajar a EE.UU., el viajero debe solicitar autorizaci\u00f3n a las autoridades estadounidenses antes de partir. Existen dos autorizaciones principales para una estancia temporal en Estados Unidos: <a href=\"https:\/\/esta-etats-unis.net\/es\/visado-o-esta-para-viajar-a-estados-unidos\/\">el visado USA o el documento ESTA<\/a>. Tanto si elige uno como el otro, se requiere un pasaporte v\u00e1lido. La solicitud del ESTA y la del visado estadounidense no requieren los mismos tr\u00e1mites administrativos. Este art\u00edculo le dar\u00e1 una visi\u00f3n general del permiso que necesita para visitar los Estados Unidos y el pasaporte requerido.<\/p>\n\n<h2 class=\"wp-block-heading\">Requisitos del pasaporte del gobierno de EE.UU. para los visitantes<\/h2>\n\n<p>Independientemente del pa\u00eds de partida, cuando se viaja a Estados Unidos, un pasaporte v\u00e1lido es uno de los documentos de identidad necesarios e indispensables. Si el viajero desea viajar a EE.UU. con un visado, el \u00fanico requisito es que el pasaporte est\u00e9 vigente.<\/p>\n\n<p>Este no es el caso de un viajero con ESTA, ya que su pasaporte debe cumplir con los criterios establecidos por las autoridades de inmigraci\u00f3n estadounidenses para poder permanecer en Estados Unidos. De hecho, los \u00fanicos pasaportes permitidos en el sistema electr\u00f3nico son los pasaportes <a href=\"https:\/\/esta-etats-unis.net\/es\/que-pasaporte-necesito-para-obtener-un-esta-o-un-visado\/\">biom\u00e9tricos o los pasaportes electr\u00f3nicos<\/a>.<\/p>\n\n<h3 class=\"wp-block-heading\"><em>Tr\u00e1mites de viaje con visado para Estados Unidos<\/em><\/h3>\n\n<p>Para poder <a href=\"https:\/\/esta-etats-unis.net\/es\/como-puedo-solicitar-un-visado-en-la-embajada-de-estados-unidos\/\">solicitar un visado<\/a>, uno de los requisitos es tener un pasaporte v\u00e1lido, aseg\u00farese de que no ha caducado. Si no, siempre puede solicitar un nuevo pasaporte en el ayuntamiento. Adem\u00e1s de un pasaporte v\u00e1lido, hay que preparar otros documentos para viajar a Estados Unidos. Hay que rellenar el formulario DS-160, aportar fotos de carn\u00e9 y pagar una tasa bastante considerable a la Embajada de los Estados Unidos para completar la solicitud. Solicitar un visado es un proceso que requiere mucho tiempo. Aparte de M\u00e9xico y Canad\u00e1, los nacionales de los pa\u00edses que no son miembros del Programa de Exenci\u00f3n de Visado deben solicitar un visado para entrar en Estados Unidos. Para los ciudadanos de los pa\u00edses del VWP, se requiere un visado cuando la estancia prevista es superior a 90 d\u00edas, cuando el prop\u00f3sito del viaje no es de negocios, turismo o tr\u00e1nsito, o cuando se ha denegado la autorizaci\u00f3n del ESTA.<\/p>\n\n<p>La solicitud de un <a href=\"https:\/\/esta-etats-unis.net\/es\/como-conseguir-un-visado-de-estudiante-en-ee-uu\/\">visado de estudiante para EE<\/a>.UU. es necesaria para las personas que desean estudiar en EE.UU. o que planean visitar EE.UU. durante m\u00e1s de tres meses como parte de sus estudios acad\u00e9micos.<\/p>\n\n<p>Hay un visado para cada necesidad: visado de turista, de estudios, etc.<\/p>\n\n<h3 class=\"wp-block-heading\"><em>Los pasos a seguir para un viaje a Estados Unidos con el ESTA<\/em><\/h3>\n\n<p>En principio, viajar a Estados Unidos requiere un visado. Sin embargo, en determinadas circunstancias, los nacionales de los 40 pa\u00edses que participan (desde 2022) en el Programa de Exenci\u00f3n de Visado pueden quedar exentos de la obligaci\u00f3n de visado. Estos pa\u00edses, que tienen la suerte de beneficiarse de esta exenci\u00f3n de visado, son  <span style=\"font-weight: 400;\">Alemania, Andorra, Australia, Austria, B\u00e9lgica, Brunei, Chile, Croacia, Dinamarca, Eslovaquia, Eslovenia, Espa\u00f1a, Estonia, Finlandia, Francia, Grecia, Hungr\u00eda, Irlanda, Islandia, Italia, Jap\u00f3n, Pa\u00edses Bajos, Letonia, Liechtenstein, Lituania, Luxemburgo, Malta, M\u00f3naco, Noruega, Nueva Zelanda, Polonia, Portugal, Reino Unido, Rep\u00fablica Checa, San Marino, Singapur, Suecia, Suiza y Taiw\u00e1n.<\/span><\/p>\n\n<p>Estos nacionales deben obtener el ESTA, una autorizaci\u00f3n electr\u00f3nica de viaje. Este documento se obtiene \u00fanicamente en l\u00ednea, rellenando un <a href=\"https:\/\/esta-etats-unis.net\/es\/como-es-el-formulario-esta\/\">formulario ESTA<\/a>. El documento se emite en un plazo m\u00e1ximo de 72 horas. Puede obtenerse a trav\u00e9s de la p\u00e1gina web del gobierno estadounidense o de p\u00e1ginas web especializadas. Esta opci\u00f3n s\u00f3lo est\u00e1 disponible para los <a href=\"https:\/\/document-esta.com\/es\/\">viajes de turismo a Estados Unidos<\/a>, los viajes de negocios o los viajes de simple tr\u00e1nsito que no superen los 90 d\u00edas y si se dispone de un pasaporte electr\u00f3nico o biom\u00e9trico. Este sistema se puso en marcha para asegurar el acceso al pa\u00eds y simplificar los tr\u00e1mites de los viajeros.<\/p>\n\n<p>Para solicitar un ESTA, debe llevar su pasaporte y proporcionar el n\u00famero de pasaporte que figura en \u00e9l. Es este c\u00f3digo el que indicar\u00e1 a las autoridades americanas que usted tiene un ESTA. Una vez obtenido el documento, tiene una validez de dos a\u00f1os y el viajero puede, si lo desea, viajar varias veces a Estados Unidos, pero nunca por m\u00e1s de 90 d\u00edas.<\/p>\n","protected":false},"excerpt":{"rendered":"<p>Para viajar a EE.UU., el viajero debe solicitar autorizaci\u00f3n a las autoridades estadounidenses antes de partir. Existen dos autorizaciones principales para una estancia temporal en Estados Unidos: el visado USA o el documento ESTA. Tanto si elige uno como el otro, se requiere un pasaporte v\u00e1lido. La solicitud del ESTA y la del visado estadounidense &#8230; <a title=\"\u00bfQu\u00e9 pasaporte necesito para obtener un ESTA o un visado?\" class=\"read-more\" href=\"https:\/\/esta-etats-unis.net\/es\/que-pasaporte-necesito-para-obtener-un-esta-o-un-visado\/\" aria-label=\"Leer m\u00e1s sobre \u00bfQu\u00e9 pasaporte necesito para obtener un ESTA o un visado?\">Leer m\u00e1s<\/a><\/p>\n","protected":false},"author":1,"featured_media":0,"parent":0,"menu_order":0,"comment_status":"closed","ping_status":"closed","template":"","meta":{"footnotes":""},"class_list":["post-534","page","type-page","status-publish"],"yoast_head":"<!-- This site is optimized with the Yoast SEO plugin v26.2 - https:\/\/yoast.com\/wordpress\/plugins\/seo\/ -->\n<title>\u00bfQu\u00e9 pasaporte necesito para obtener un ESTA USA o un visado?<\/title>\n<meta name=\"description\" content=\"\u00bfQu\u00e9 debe elegir como permiso para su viaje a EE.UU.? En funci\u00f3n de su perfil, tiene que elegir entre el visado y el ESTA\" \/>\n<meta name=\"robots\" content=\"index, follow, max-snippet:-1, max-image-preview:large, max-video-preview:-1\" \/>\n<link rel=\"canonical\" href=\"https:\/\/esta-etats-unis.net\/es\/que-pasaporte-necesito-para-obtener-un-esta-o-un-visado\/\" \/>\n<meta property=\"og:locale\" content=\"es_ES\" \/>\n<meta property=\"og:type\" content=\"article\" \/>\n<meta property=\"og:title\" content=\"\u00bfQu\u00e9 pasaporte necesito para obtener un ESTA USA o un visado?\" \/>\n<meta property=\"og:description\" content=\"\u00bfQu\u00e9 debe elegir como permiso para su viaje a EE.UU.? En funci\u00f3n de su perfil, tiene que elegir entre el visado y el ESTA\" \/>\n<meta property=\"og:url\" content=\"https:\/\/esta-etats-unis.net\/es\/que-pasaporte-necesito-para-obtener-un-esta-o-un-visado\/\" \/>\n<meta property=\"og:site_name\" content=\"Organiza tu viaje a los Estados Unidos de Am\u00e9rica\" \/>\n<meta property=\"article:modified_time\" content=\"2022-08-07T10:33:33+00:00\" \/>\n<meta name=\"twitter:label1\" content=\"Tiempo de lectura\" \/>\n\t<meta name=\"twitter:data1\" content=\"4 minutos\" \/>\n<script type=\"application\/ld+json\" class=\"yoast-schema-graph\">{\"@context\":\"https:\/\/schema.org\",\"@graph\":[{\"@type\":\"WebPage\",\"@id\":\"https:\/\/esta-etats-unis.net\/es\/que-pasaporte-necesito-para-obtener-un-esta-o-un-visado\/\",\"url\":\"https:\/\/esta-etats-unis.net\/es\/que-pasaporte-necesito-para-obtener-un-esta-o-un-visado\/\",\"name\":\"\u00bfQu\u00e9 pasaporte necesito para obtener un ESTA USA o un visado?\",\"isPartOf\":{\"@id\":\"https:\/\/esta-etats-unis.net\/es\/#website\"},\"datePublished\":\"2014-11-17T21:07:58+00:00\",\"dateModified\":\"2022-08-07T10:33:33+00:00\",\"description\":\"\u00bfQu\u00e9 debe elegir como permiso para su viaje a EE.UU.? En funci\u00f3n de su perfil, tiene que elegir entre el visado y el ESTA\",\"inLanguage\":\"es\",\"potentialAction\":[{\"@type\":\"ReadAction\",\"target\":[\"https:\/\/esta-etats-unis.net\/es\/que-pasaporte-necesito-para-obtener-un-esta-o-un-visado\/\"]}]},{\"@type\":\"WebSite\",\"@id\":\"https:\/\/esta-etats-unis.net\/es\/#website\",\"url\":\"https:\/\/esta-etats-unis.net\/es\/\",\"name\":\"Organiza tu viaje a los Estados Unidos de Am\u00e9rica\",\"description\":\"\",\"potentialAction\":[{\"@type\":\"SearchAction\",\"target\":{\"@type\":\"EntryPoint\",\"urlTemplate\":\"https:\/\/esta-etats-unis.net\/es\/?s={search_term_string}\"},\"query-input\":{\"@type\":\"PropertyValueSpecification\",\"valueRequired\":true,\"valueName\":\"search_term_string\"}}],\"inLanguage\":\"es\"}]}<\/script>\n<!-- \/ Yoast SEO plugin. -->","yoast_head_json":{"title":"\u00bfQu\u00e9 pasaporte necesito para obtener un ESTA USA o un visado?","description":"\u00bfQu\u00e9 debe elegir como permiso para su viaje a EE.UU.? En funci\u00f3n de su perfil, tiene que elegir entre el visado y el ESTA","robots":{"index":"index","follow":"follow","max-snippet":"max-snippet:-1","max-image-preview":"max-image-preview:large","max-video-preview":"max-video-preview:-1"},"canonical":"https:\/\/esta-etats-unis.net\/es\/que-pasaporte-necesito-para-obtener-un-esta-o-un-visado\/","og_locale":"es_ES","og_type":"article","og_title":"\u00bfQu\u00e9 pasaporte necesito para obtener un ESTA USA o un visado?","og_description":"\u00bfQu\u00e9 debe elegir como permiso para su viaje a EE.UU.? En funci\u00f3n de su perfil, tiene que elegir entre el visado y el ESTA","og_url":"https:\/\/esta-etats-unis.net\/es\/que-pasaporte-necesito-para-obtener-un-esta-o-un-visado\/","og_site_name":"Organiza tu viaje a los Estados Unidos de Am\u00e9rica","article_modified_time":"2022-08-07T10:33:33+00:00","twitter_misc":{"Tiempo de lectura":"4 minutos"},"schema":{"@context":"https:\/\/schema.org","@graph":[{"@type":"WebPage","@id":"https:\/\/esta-etats-unis.net\/es\/que-pasaporte-necesito-para-obtener-un-esta-o-un-visado\/","url":"https:\/\/esta-etats-unis.net\/es\/que-pasaporte-necesito-para-obtener-un-esta-o-un-visado\/","name":"\u00bfQu\u00e9 pasaporte necesito para obtener un ESTA USA o un visado?","isPartOf":{"@id":"https:\/\/esta-etats-unis.net\/es\/#website"},"datePublished":"2014-11-17T21:07:58+00:00","dateModified":"2022-08-07T10:33:33+00:00","description":"\u00bfQu\u00e9 debe elegir como permiso para su viaje a EE.UU.? En funci\u00f3n de su perfil, tiene que elegir entre el visado y el ESTA","inLanguage":"es","potentialAction":[{"@type":"ReadAction","target":["https:\/\/esta-etats-unis.net\/es\/que-pasaporte-necesito-para-obtener-un-esta-o-un-visado\/"]}]},{"@type":"WebSite","@id":"https:\/\/esta-etats-unis.net\/es\/#website","url":"https:\/\/esta-etats-unis.net\/es\/","name":"Organiza tu viaje a los Estados Unidos de Am\u00e9rica","description":"","potentialAction":[{"@type":"SearchAction","target":{"@type":"EntryPoint","urlTemplate":"https:\/\/esta-etats-unis.net\/es\/?s={search_term_string}"},"query-input":{"@type":"PropertyValueSpecification","valueRequired":true,"valueName":"search_term_string"}}],"inLanguage":"es"}]}},"_links":{"self":[{"href":"https:\/\/esta-etats-unis.net\/es\/wp-json\/wp\/v2\/pages\/534","targetHints":{"allow":["GET"]}}],"collection":[{"href":"https:\/\/esta-etats-unis.net\/es\/wp-json\/wp\/v2\/pages"}],"about":[{"href":"https:\/\/esta-etats-unis.net\/es\/wp-json\/wp\/v2\/types\/page"}],"author":[{"embeddable":true,"href":"https:\/\/esta-etats-unis.net\/es\/wp-json\/wp\/v2\/users\/1"}],"replies":[{"embeddable":true,"href":"https:\/\/esta-etats-unis.net\/es\/wp-json\/wp\/v2\/comments?post=534"}],"version-history":[{"count":3,"href":"https:\/\/esta-etats-unis.net\/es\/wp-json\/wp\/v2\/pages\/534\/revisions"}],"predecessor-version":[{"id":765,"href":"https:\/\/esta-etats-unis.net\/es\/wp-json\/wp\/v2\/pages\/534\/revisions\/765"}],"wp:attachment":[{"href":"https:\/\/esta-etats-unis.net\/es\/wp-json\/wp\/v2\/media?parent=534"}],"curies":[{"name":"wp","href":"https:\/\/api.w.org\/{rel}","templated":true}]}}