{"id":530,"date":"2019-03-15T10:54:14","date_gmt":"2019-03-15T09:54:14","guid":{"rendered":"https:\/\/esta-etats-unis.net\/como-elegir-su-visado-para-estados-unidos\/"},"modified":"2024-10-09T08:57:58","modified_gmt":"2024-10-09T07:57:58","slug":"como-elegir-su-visado-para-estados-unidos","status":"publish","type":"page","link":"https:\/\/esta-etats-unis.net\/es\/como-elegir-su-visado-para-estados-unidos\/","title":{"rendered":"C\u00f3mo elegir su visado para Estados Unidos"},"content":{"rendered":"\n<p><span style=\"font-weight: 400;\">El Programa de Exenci\u00f3n de Visado (VWP) ha permitido al gobierno de EE.UU. proteger al pa\u00eds de la llegada masiva de extranjeros a suelo estadounidense y tambi\u00e9n ha facilitado a los solicitantes viajar a EE.UU. Sin embargo, el Programa de Exenci\u00f3n de Visado (VWP) no est\u00e1 disponible para todos. Las personas que no puedan optar al <a href=\"https:\/\/esta-etats-unis.net\/es\/\">formulario ESTA<\/a> tendr\u00e1n que solicitar un visado estadounidense para poder permanecer legalmente en Estados Unidos.  <\/span><\/p>\n\n<p><span style=\"font-weight: 400;\">En este art\u00edculo, veremos los diferentes tipos de visados estadounidenses y sus especificidades para que sepa qu\u00e9 autorizaci\u00f3n de viaje es la m\u00e1s adecuada para su estancia en Estados Unidos.<\/span><\/p>\n\n<h2 class=\"wp-block-heading\"><span style=\"font-weight: 400;\">Visados estadounidenses para no inmigrantes<\/span><\/h2>\n\n<p><span style=\"font-weight: 400;\">Los visados de no inmigrante son para estancias temporales. Esta categor\u00eda de visado incluye diferentes visados estadounidenses: el visado de turista, el visado de trabajo o el visado de estudiante.  <\/span><\/p>\n\n<p><span style=\"font-weight: 400;\">En primer lugar, debes saber que, aunque hay muchos visados disponibles, todos requieren :<\/span><\/p>\n\n<ul class=\"wp-block-list\">\n<li><span style=\"font-weight: 400;\">Rellena <a href=\"https:\/\/ceac.state.gov\/genniv\/\">el formulario DS-160<\/a> en l\u00ednea;  <\/span><\/li>\n\n\n\n<li><span style=\"font-weight: 400;\">Proporciona fotograf\u00edas tama\u00f1o carn\u00e9 que cumplan los requisitos;<\/span><\/li>\n\n\n\n<li><span style=\"font-weight: 400;\">Un pasaporte biom\u00e9trico o electr\u00f3nico v\u00e1lido;  <\/span><\/li>\n\n\n\n<li><span style=\"font-weight: 400;\">Cumplimenta los documentos justificativos en una <a href=\"https:\/\/esta-etats-unis.net\/es\/como-puedo-solicitar-un-visado-en-la-embajada-de-estados-unidos\/\">embajada estadounidense<\/a>.  <\/span><\/li>\n<\/ul>\n\n<h3 class=\"wp-block-heading\"><span style=\"font-weight: 400;\">Visado de turista B2 y visado de tr\u00e1nsito C<\/span><\/h3>\n\n<p><span style=\"font-weight: 400;\">Las principales categor\u00edas de visado utilizadas son :  <\/span><\/p>\n\n<ul class=\"wp-block-list\">\n<li><span style=\"font-weight: 400;\">Viajes de negocios (visado B1): asistencia a conferencias, reuniones, firma de contratos, etc. ;<\/span><\/li>\n\n\n\n<li><span style=\"font-weight: 400;\">Viajes tur\u00edsticos y visitas para tratamiento m\u00e9dico (visado B2) ;  <\/span><\/li>\n\n\n\n<li><span style=\"font-weight: 400;\">En tr\u00e1nsito por Estados Unidos (visado C).<\/span><\/li>\n<\/ul>\n\n<p><span style=\"font-weight: 400;\">Los visados B1 y B2 permiten a sus titulares permanecer 6 meses en Estados Unidos.<\/span><\/p>\n\n<p><span style=\"font-weight: 400;\">Esta categor\u00eda se refiere a los solicitantes que no pueden solicitar un ESTA. La autorizaci\u00f3n ESTA cubre los mismos fines de viaje que el visado de turista de EE.UU. (turismo, viajes de negocios y tr\u00e1nsito), pero con condiciones m\u00e1s limitadas (estancia m\u00e1xima en EE.UU. de 90 d\u00edas para los pa\u00edses cubiertos por el VWP).  <\/span><\/p>\n\n<p><span style=\"font-weight: 400;\">Le aconsejamos que se informe sobre las condiciones de un ESTA, ya que esta autorizaci\u00f3n de viaje es mucho m\u00e1s f\u00e1cil de obtener gracias a su precio, su procedimiento en l\u00ednea y su facilidad de comprensi\u00f3n. Con este documento, su viaje so\u00f1ado a Nueva York, Nuevo M\u00e9xico o un viaje por carretera a la Costa Oeste puede ser accesible m\u00e1s r\u00e1pidamente<\/span>.<\/p>\n\n<figure class=\"wp-block-image size-large is-resized\"><a href=\"https:\/\/esta-etats-unis.net\/wp-content\/uploads\/2019\/03\/photo-1413787489051-bcbb6209ece1.jpg\"><img loading=\"lazy\" decoding=\"async\" width=\"1024\" height=\"553\" src=\"https:\/\/esta-etats-unis.net\/wp-content\/uploads\/2019\/03\/photo-1413787489051-bcbb6209ece1-1024x553.jpg\" alt=\"obtener un visado estadounidense\" class=\"wp-image-237\" style=\"width:768px;height:415px\" srcset=\"https:\/\/esta-etats-unis.net\/wp-content\/uploads\/2019\/03\/photo-1413787489051-bcbb6209ece1-1024x553.jpg 1024w, https:\/\/esta-etats-unis.net\/wp-content\/uploads\/2019\/03\/photo-1413787489051-bcbb6209ece1-300x162.jpg 300w, https:\/\/esta-etats-unis.net\/wp-content\/uploads\/2019\/03\/photo-1413787489051-bcbb6209ece1-768x415.jpg 768w, https:\/\/esta-etats-unis.net\/wp-content\/uploads\/2019\/03\/photo-1413787489051-bcbb6209ece1.jpg 1525w\" sizes=\"auto, (max-width: 1024px) 100vw, 1024px\" \/><\/a><figcaption class=\"wp-element-caption\">C\u00f3mo obtener un visado para Estados Unidos<\/figcaption><\/figure>\n\n<h3 class=\"wp-block-heading\"><span style=\"font-weight: 400;\">El visado de trabajo  <\/span><\/h3>\n\n<p><span style=\"font-weight: 400;\">Probablemente la categor\u00eda con m\u00e1s posibilidades, la <\/span><span style=\"font-weight: 400;\">Visado de EE.UU. <\/span><span style=\"font-weight: 400;\">para trabajar en EE.UU. ofrece visados adaptados a cada categor\u00eda socioprofesional, aqu\u00ed est\u00e1 la lista:<\/span><\/p>\n\n<ul class=\"wp-block-list\">\n<li><span style=\"font-weight: 400;\">Visado D1 para los miembros de la tripulaci\u00f3n que salgan de EE.UU. con el mismo avi\u00f3n o barco y visado D2 si el avi\u00f3n o el barco es diferente al utilizado a la llegada;<\/span><\/li>\n\n\n\n<li><span style=\"font-weight: 400;\">visa I para los medios de comunicaci\u00f3n ;<\/span><\/li>\n\n\n\n<li><span style=\"font-weight: 400;\">Visado E1 para comerciantes y E2 para inversores;  <\/span><\/li>\n\n\n\n<li><span style=\"font-weight: 400;\">Visado E3 para trabajadores australianos que viajan a EE.UU. para trabajar temporalmente en una ocupaci\u00f3n cualificada;<\/span><\/li>\n\n\n\n<li><span style=\"font-weight: 400;\">Visado H1B para profesiones especializadas en \u00e1reas que requieren conocimientos especiales;<\/span><\/li>\n\n\n\n<li><span style=\"font-weight: 400;\">Visado H2A para trabajadores intermedios agr\u00edcolas de temporada y visado H-2B para trabajadores intermedios no agr\u00edcolas;<\/span><\/li>\n\n\n\n<li><span style=\"font-weight: 400;\">Visado H3 para pr\u00e1cticas no estudiantiles en Estados Unidos;<\/span><\/li>\n\n\n\n<li><span style=\"font-weight: 400;\">Visado L para traslados dentro de la empresa;<\/span><\/li>\n\n\n\n<li><span style=\"font-weight: 400;\">Visado O1 Ciudadanos extranjeros con extraordinarias capacidades cient\u00edficas, art\u00edsticas, educativas, comerciales o deportivas;<\/span><\/li>\n\n\n\n<li><span style=\"font-weight: 400;\">Visado P para deportistas, artistas y entrenadores;<\/span><\/li>\n\n\n\n<li><span style=\"font-weight: 400;\">Visados J y Q para programas de intercambio cultural;<\/span><\/li>\n\n\n\n<li><span style=\"font-weight: 400;\">el visado R para trabajadores religiosos.<\/span><\/li>\n<\/ul>\n\n<h3 class=\"wp-block-heading\"><span style=\"font-weight: 400;\">El visado de estudios en EE.UU.<\/span><\/h3>\n\n<p><span style=\"font-weight: 400;\">Si quieres estudiar en Estados Unidos, para conocer los famosos campus y la cultura americana, necesitas un <a href=\"https:\/\/esta-etats-unis.net\/es\/como-conseguir-un-visado-de-estudiante-en-ee-uu\/\">visado de estudiante estadounidense<\/a>. Hay tres tipos diferentes:  <\/span><\/p>\n\n<ul class=\"wp-block-list\">\n<li><span style=\"font-weight: 400;\">Visado F-1 para estudiantes universitarios o estancias ling\u00fc\u00edsticas;  <\/span><\/li>\n\n\n\n<li><span style=\"font-weight: 400;\">Visado M-1 para estudiantes t\u00e9cnicos o profesionales;  <\/span><\/li>\n\n\n\n<li><span style=\"font-weight: 400;\">el visado J-1 para una estancia au pair con una familia de acogida, programas de intercambio (como Erasmus y su programa de intercambio) o <a href=\"https:\/\/esta-etats-unis.net\/es\/visado-j1-de-practicas-en-ee-uu-cual-es-el-procedimiento\/\">pr\u00e1cticas de estudiantes profesionales en Estados Unidos<\/a>, profesores o investigadores.  <\/span><\/li>\n<\/ul>\n\n<p><span style=\"font-weight: 400;\">Antes de poder solicitar un visado (F-1, J-1 o M-1), debes haber sido admitido en una universidad, programa educativo u organizaci\u00f3n patrocinadora estadounidense. Adem\u00e1s, hay que pagar una tasa para registrarse en el SEVIS (el sistema de informaci\u00f3n para estudiantes y visitantes de intercambio en Estados Unidos). Estos pasos son obligatorios y necesarios para presentarse en la embajada o consulado general de Francia con un expediente completo.<\/span><\/p>\n","protected":false},"excerpt":{"rendered":"<p>El Programa de Exenci\u00f3n de Visado (VWP) ha permitido al gobierno de EE.UU. proteger al pa\u00eds de la llegada masiva de extranjeros a suelo estadounidense y tambi\u00e9n ha facilitado a los solicitantes viajar a EE.UU. Sin embargo, el Programa de Exenci\u00f3n de Visado (VWP) no est\u00e1 disponible para todos. Las personas que no puedan optar &#8230; <a title=\"C\u00f3mo elegir su visado para Estados Unidos\" class=\"read-more\" href=\"https:\/\/esta-etats-unis.net\/es\/como-elegir-su-visado-para-estados-unidos\/\" aria-label=\"Leer m\u00e1s sobre C\u00f3mo elegir su visado para Estados Unidos\">Leer m\u00e1s<\/a><\/p>\n","protected":false},"author":1,"featured_media":0,"parent":0,"menu_order":0,"comment_status":"closed","ping_status":"closed","template":"","meta":{"footnotes":""},"class_list":["post-530","page","type-page","status-publish"],"yoast_head":"<!-- This site is optimized with the Yoast SEO plugin v26.2 - https:\/\/yoast.com\/wordpress\/plugins\/seo\/ -->\n<title>C\u00f3mo elegir el visado para ir a Estados Unidos<\/title>\n<meta name=\"description\" content=\"Todo viaje a Estados Unidos requiere un visado estadounidense. Este art\u00edculo le ayuda a comprender la especificidad de los diferentes visados.\" \/>\n<meta name=\"robots\" content=\"index, follow, max-snippet:-1, max-image-preview:large, max-video-preview:-1\" \/>\n<link rel=\"canonical\" href=\"https:\/\/esta-etats-unis.net\/es\/como-elegir-su-visado-para-estados-unidos\/\" \/>\n<meta property=\"og:locale\" content=\"es_ES\" \/>\n<meta property=\"og:type\" content=\"article\" \/>\n<meta property=\"og:title\" content=\"C\u00f3mo elegir el visado para ir a Estados Unidos\" \/>\n<meta property=\"og:description\" content=\"Todo viaje a Estados Unidos requiere un visado estadounidense. Este art\u00edculo le ayuda a comprender la especificidad de los diferentes visados.\" \/>\n<meta property=\"og:url\" content=\"https:\/\/esta-etats-unis.net\/es\/como-elegir-su-visado-para-estados-unidos\/\" \/>\n<meta property=\"og:site_name\" content=\"Organiza tu viaje a los Estados Unidos de Am\u00e9rica\" \/>\n<meta property=\"article:modified_time\" content=\"2024-10-09T07:57:58+00:00\" \/>\n<meta property=\"og:image\" content=\"https:\/\/esta-etats-unis.net\/wp-content\/uploads\/2019\/03\/photo-1413787489051-bcbb6209ece1.jpg\" \/>\n\t<meta property=\"og:image:width\" content=\"1525\" \/>\n\t<meta property=\"og:image:height\" content=\"824\" \/>\n\t<meta property=\"og:image:type\" content=\"image\/jpeg\" \/>\n<meta name=\"twitter:label1\" content=\"Tiempo de lectura\" \/>\n\t<meta name=\"twitter:data1\" content=\"4 minutos\" \/>\n<script type=\"application\/ld+json\" class=\"yoast-schema-graph\">{\"@context\":\"https:\/\/schema.org\",\"@graph\":[{\"@type\":\"WebPage\",\"@id\":\"https:\/\/esta-etats-unis.net\/es\/como-elegir-su-visado-para-estados-unidos\/\",\"url\":\"https:\/\/esta-etats-unis.net\/es\/como-elegir-su-visado-para-estados-unidos\/\",\"name\":\"C\u00f3mo elegir el visado para ir a Estados Unidos\",\"isPartOf\":{\"@id\":\"https:\/\/esta-etats-unis.net\/es\/#website\"},\"primaryImageOfPage\":{\"@id\":\"https:\/\/esta-etats-unis.net\/es\/como-elegir-su-visado-para-estados-unidos\/#primaryimage\"},\"image\":{\"@id\":\"https:\/\/esta-etats-unis.net\/es\/como-elegir-su-visado-para-estados-unidos\/#primaryimage\"},\"thumbnailUrl\":\"https:\/\/esta-etats-unis.net\/wp-content\/uploads\/2019\/03\/photo-1413787489051-bcbb6209ece1-1024x553.jpg\",\"datePublished\":\"2019-03-15T09:54:14+00:00\",\"dateModified\":\"2024-10-09T07:57:58+00:00\",\"description\":\"Todo viaje a Estados Unidos requiere un visado estadounidense. Este art\u00edculo le ayuda a comprender la especificidad de los diferentes visados.\",\"inLanguage\":\"es\",\"potentialAction\":[{\"@type\":\"ReadAction\",\"target\":[\"https:\/\/esta-etats-unis.net\/es\/como-elegir-su-visado-para-estados-unidos\/\"]}]},{\"@type\":\"ImageObject\",\"inLanguage\":\"es\",\"@id\":\"https:\/\/esta-etats-unis.net\/es\/como-elegir-su-visado-para-estados-unidos\/#primaryimage\",\"url\":\"https:\/\/esta-etats-unis.net\/wp-content\/uploads\/2019\/03\/photo-1413787489051-bcbb6209ece1-1024x553.jpg\",\"contentUrl\":\"https:\/\/esta-etats-unis.net\/wp-content\/uploads\/2019\/03\/photo-1413787489051-bcbb6209ece1-1024x553.jpg\"},{\"@type\":\"WebSite\",\"@id\":\"https:\/\/esta-etats-unis.net\/es\/#website\",\"url\":\"https:\/\/esta-etats-unis.net\/es\/\",\"name\":\"Organiza tu viaje a los Estados Unidos de Am\u00e9rica\",\"description\":\"\",\"potentialAction\":[{\"@type\":\"SearchAction\",\"target\":{\"@type\":\"EntryPoint\",\"urlTemplate\":\"https:\/\/esta-etats-unis.net\/es\/?s={search_term_string}\"},\"query-input\":{\"@type\":\"PropertyValueSpecification\",\"valueRequired\":true,\"valueName\":\"search_term_string\"}}],\"inLanguage\":\"es\"}]}<\/script>\n<!-- \/ Yoast SEO plugin. -->","yoast_head_json":{"title":"C\u00f3mo elegir el visado para ir a Estados Unidos","description":"Todo viaje a Estados Unidos requiere un visado estadounidense. Este art\u00edculo le ayuda a comprender la especificidad de los diferentes visados.","robots":{"index":"index","follow":"follow","max-snippet":"max-snippet:-1","max-image-preview":"max-image-preview:large","max-video-preview":"max-video-preview:-1"},"canonical":"https:\/\/esta-etats-unis.net\/es\/como-elegir-su-visado-para-estados-unidos\/","og_locale":"es_ES","og_type":"article","og_title":"C\u00f3mo elegir el visado para ir a Estados Unidos","og_description":"Todo viaje a Estados Unidos requiere un visado estadounidense. Este art\u00edculo le ayuda a comprender la especificidad de los diferentes visados.","og_url":"https:\/\/esta-etats-unis.net\/es\/como-elegir-su-visado-para-estados-unidos\/","og_site_name":"Organiza tu viaje a los Estados Unidos de Am\u00e9rica","article_modified_time":"2024-10-09T07:57:58+00:00","og_image":[{"width":1525,"height":824,"url":"https:\/\/esta-etats-unis.net\/wp-content\/uploads\/2019\/03\/photo-1413787489051-bcbb6209ece1.jpg","type":"image\/jpeg"}],"twitter_misc":{"Tiempo de lectura":"4 minutos"},"schema":{"@context":"https:\/\/schema.org","@graph":[{"@type":"WebPage","@id":"https:\/\/esta-etats-unis.net\/es\/como-elegir-su-visado-para-estados-unidos\/","url":"https:\/\/esta-etats-unis.net\/es\/como-elegir-su-visado-para-estados-unidos\/","name":"C\u00f3mo elegir el visado para ir a Estados Unidos","isPartOf":{"@id":"https:\/\/esta-etats-unis.net\/es\/#website"},"primaryImageOfPage":{"@id":"https:\/\/esta-etats-unis.net\/es\/como-elegir-su-visado-para-estados-unidos\/#primaryimage"},"image":{"@id":"https:\/\/esta-etats-unis.net\/es\/como-elegir-su-visado-para-estados-unidos\/#primaryimage"},"thumbnailUrl":"https:\/\/esta-etats-unis.net\/wp-content\/uploads\/2019\/03\/photo-1413787489051-bcbb6209ece1-1024x553.jpg","datePublished":"2019-03-15T09:54:14+00:00","dateModified":"2024-10-09T07:57:58+00:00","description":"Todo viaje a Estados Unidos requiere un visado estadounidense. Este art\u00edculo le ayuda a comprender la especificidad de los diferentes visados.","inLanguage":"es","potentialAction":[{"@type":"ReadAction","target":["https:\/\/esta-etats-unis.net\/es\/como-elegir-su-visado-para-estados-unidos\/"]}]},{"@type":"ImageObject","inLanguage":"es","@id":"https:\/\/esta-etats-unis.net\/es\/como-elegir-su-visado-para-estados-unidos\/#primaryimage","url":"https:\/\/esta-etats-unis.net\/wp-content\/uploads\/2019\/03\/photo-1413787489051-bcbb6209ece1-1024x553.jpg","contentUrl":"https:\/\/esta-etats-unis.net\/wp-content\/uploads\/2019\/03\/photo-1413787489051-bcbb6209ece1-1024x553.jpg"},{"@type":"WebSite","@id":"https:\/\/esta-etats-unis.net\/es\/#website","url":"https:\/\/esta-etats-unis.net\/es\/","name":"Organiza tu viaje a los Estados Unidos de Am\u00e9rica","description":"","potentialAction":[{"@type":"SearchAction","target":{"@type":"EntryPoint","urlTemplate":"https:\/\/esta-etats-unis.net\/es\/?s={search_term_string}"},"query-input":{"@type":"PropertyValueSpecification","valueRequired":true,"valueName":"search_term_string"}}],"inLanguage":"es"}]}},"_links":{"self":[{"href":"https:\/\/esta-etats-unis.net\/es\/wp-json\/wp\/v2\/pages\/530","targetHints":{"allow":["GET"]}}],"collection":[{"href":"https:\/\/esta-etats-unis.net\/es\/wp-json\/wp\/v2\/pages"}],"about":[{"href":"https:\/\/esta-etats-unis.net\/es\/wp-json\/wp\/v2\/types\/page"}],"author":[{"embeddable":true,"href":"https:\/\/esta-etats-unis.net\/es\/wp-json\/wp\/v2\/users\/1"}],"replies":[{"embeddable":true,"href":"https:\/\/esta-etats-unis.net\/es\/wp-json\/wp\/v2\/comments?post=530"}],"version-history":[{"count":4,"href":"https:\/\/esta-etats-unis.net\/es\/wp-json\/wp\/v2\/pages\/530\/revisions"}],"predecessor-version":[{"id":802,"href":"https:\/\/esta-etats-unis.net\/es\/wp-json\/wp\/v2\/pages\/530\/revisions\/802"}],"wp:attachment":[{"href":"https:\/\/esta-etats-unis.net\/es\/wp-json\/wp\/v2\/media?parent=530"}],"curies":[{"name":"wp","href":"https:\/\/api.w.org\/{rel}","templated":true}]}}