{"id":526,"date":"2019-05-24T08:51:03","date_gmt":"2019-05-24T07:51:03","guid":{"rendered":"https:\/\/esta-etats-unis.net\/como-es-el-formulario-esta\/"},"modified":"2024-10-09T14:36:13","modified_gmt":"2024-10-09T13:36:13","slug":"como-es-el-formulario-esta","status":"publish","type":"page","link":"https:\/\/esta-etats-unis.net\/es\/como-es-el-formulario-esta\/","title":{"rendered":"\u00bfC\u00f3mo es el formulario ESTA?"},"content":{"rendered":"\n<p><span style=\"font-weight: 400;\">El formulario ESTA es un paso esencial en la planificaci\u00f3n de su pr\u00f3ximo viaje a Estados Unidos. Es importante tener en cuenta que un solo error en este formulario puede dar lugar a que las autoridades estadounidenses se nieguen a admitirle en los Estados Unidos de Am\u00e9rica. De ah\u00ed la importancia de saber para qu\u00e9 sirve, c\u00f3mo rellenar el cuestionario ESTA y, sobre todo, d\u00f3nde rellenarlo.<\/span><\/p>\n\n<p><span style=\"font-weight: 400;\">En este art\u00edculo, le explicamos todo lo que debe saber antes de partir hacia Estados Unidos con su <a href=\"https:\/\/esta-etats-unis.net\/es\/tramites-del-esta-para-su-viaje-a-estados-unidos\/\">autorizaci\u00f3n ESTA<\/a>.<\/span><\/p>\n\n<h2 class=\"wp-block-heading\"><span style=\"font-weight: 400;\">\u00bfCu\u00e1l es el objetivo de la <\/span><span style=\"font-weight: 400;\">Formulario ESTA<\/span><span style=\"font-weight: 400;\"> ?<\/span><\/h2>\n\n<p><span style=\"font-weight: 400;\">El formulario ESTA se utiliza para obtener una autorizaci\u00f3n de viaje electr\u00f3nica para viajar a Estados Unidos. Esta autorizaci\u00f3n s\u00f3lo se concede bajo determinadas condiciones. Los extranjeros deben proceder de uno de los pa\u00edses que participan en el Programa de Exenci\u00f3n de Visado de Estados Unidos. Tambi\u00e9n deben ser titulares de un pasaporte biom\u00e9trico o electr\u00f3nico. La duraci\u00f3n del viaje no debe ser superior a 90 d\u00edas y el nacional debe viajar a Estados Unidos para pasar unas vacaciones, una cita de negocios o en tr\u00e1nsito.<\/span><\/p>\n\n<p><span style=\"font-weight: 400;\">Una vez que tengas el documento y hayas <a href=\"https:\/\/esta-etats-unis.net\/es\/como-rellenar-correctamente-el-formulario-esta\/\">rellenado el formulario ESTA<\/a>, podr\u00e1s utilizarlo durante todo el periodo de validez de dos a\u00f1os. Tenga en cuenta que el n\u00famero de pasaporte est\u00e1 vinculado a su autorizaci\u00f3n. Si ya no tiene el mismo pasaporte, debe solicitar un nuevo <a href=\"https:\/\/www.mendocinomuseum.org\/\">ESTA para viajar a Estados Unidos<\/a>.<\/span><\/p>\n\n<p><span style=\"font-weight: 400;\">El permiso s\u00f3lo le permite viajar a Estados Unidos, pero el funcionario de aduanas es la \u00fanica persona que puede permitirle cruzar la frontera estadounidense.<\/span><\/p>\n\n<h2 class=\"wp-block-heading\"><span style=\"font-weight: 400;\">C\u00f3mo completar el <\/span><span style=\"font-weight: 400;\">Cuestionario ESTA <\/span><span style=\"font-weight: 400;\">?<\/span><\/h2>\n\n<p>Ahora que ya sabes para qu\u00e9 sirve el cuestionario ESTA, tienes que saber <a href=\"https:\/\/esta-etats-unis.net\/es\/como-rellenar-el-formulario-esta-para-viajar-a-estados-unidos\/\">c\u00f3mo rellenarlo<\/a> cuando lo solicites por Internet. Esto depender\u00e1 del sitio que elija para obtener su documento ESTA. De hecho, es posible hacer un pedido en un sitio web especializado o en el sitio web oficial del gobierno de los Estados Unidos. Descubra las diferencias entre estos sitios para que pueda tomar la decisi\u00f3n correcta para usted.<\/p>\n\n<h3 class=\"wp-block-heading\"><span style=\"font-weight: 400;\">Rellenar el ESTA en el sitio web del gobierno de EE.UU.<\/span><\/h3>\n\n<p><span style=\"font-weight: 400;\">Si haces el pedido en el <a href=\"https:\/\/esta.cbp.dhs.gov\/\">sitio web del gobierno de EEUU<\/a>, el precio ser\u00e1 de 21 d\u00f3lares estadounidenses. El formulario ESTA consta de varias partes:<\/span><\/p>\n\n<ol class=\"wp-block-list\">\n<li><span style=\"font-weight: 400;\">tu estado civil y los datos de tu pasaporte en vigor;<\/span><\/li>\n\n\n\n<li><span style=\"font-weight: 400;\">datos de contacto en caso de emergencia y alojamiento en Estados Unidos;<\/span><\/li>\n\n\n\n<li><span style=\"font-weight: 400;\">preguntas sobre su historial criminal y m\u00e9dico.<\/span><\/li>\n<\/ol>\n\n<p><span style=\"font-weight: 400;\">Las autoridades estadounidenses pueden tardar hasta 72 horas en aprobar su solicitud, pero es posible que reciba su ESTA en cuesti\u00f3n de minutos. Puede volar a Estados Unidos en cuanto reciba la autorizaci\u00f3n.<\/span><\/p>\n\n<h2 class=\"wp-block-heading\"><span style=\"font-weight: 400;\">Error en el formulario ESTA<\/span><\/h2>\n\n<p>Para viajar a EE.UU., tu cuestionario ESTA no debe contener errores. Si recibe una negativa de las autoridades por un error de escritura, es posible volver a presentar la solicitud. Debes volver a pagar las tasas que te pida el sitio.<\/p>\n\n<p><span style=\"font-weight: 400;\">\u00bfLa denegaci\u00f3n se debe al incumplimiento de los criterios de elegibilidad? A continuaci\u00f3n, deber\u00e1 solicitar un visado para EE.UU. en la embajada estadounidense.<\/span><\/p>\n","protected":false},"excerpt":{"rendered":"<p>El formulario ESTA es un paso esencial en la planificaci\u00f3n de su pr\u00f3ximo viaje a Estados Unidos. Es importante tener en cuenta que un solo error en este formulario puede dar lugar a que las autoridades estadounidenses se nieguen a admitirle en los Estados Unidos de Am\u00e9rica. De ah\u00ed la importancia de saber para qu\u00e9 &#8230; <a title=\"\u00bfC\u00f3mo es el formulario ESTA?\" class=\"read-more\" href=\"https:\/\/esta-etats-unis.net\/es\/como-es-el-formulario-esta\/\" aria-label=\"Leer m\u00e1s sobre \u00bfC\u00f3mo es el formulario ESTA?\">Leer m\u00e1s<\/a><\/p>\n","protected":false},"author":1,"featured_media":0,"parent":0,"menu_order":0,"comment_status":"closed","ping_status":"closed","template":"","meta":{"footnotes":""},"class_list":["post-526","page","type-page","status-publish"],"yoast_head":"<!-- This site is optimized with the Yoast SEO plugin v26.2 - https:\/\/yoast.com\/wordpress\/plugins\/seo\/ -->\n<title>\u00bfC\u00f3mo es el formulario ESTA?<\/title>\n<meta name=\"description\" content=\"Cumplimentar el formulario ESTA es esencial para algunos viajeros que desean visitar Estados Unidos. He aqu\u00ed c\u00f3mo rellenarlo\" \/>\n<meta name=\"robots\" content=\"index, follow, max-snippet:-1, max-image-preview:large, max-video-preview:-1\" \/>\n<link rel=\"canonical\" href=\"https:\/\/esta-etats-unis.net\/es\/como-es-el-formulario-esta\/\" \/>\n<meta property=\"og:locale\" content=\"es_ES\" \/>\n<meta property=\"og:type\" content=\"article\" \/>\n<meta property=\"og:title\" content=\"\u00bfC\u00f3mo es el formulario ESTA?\" \/>\n<meta property=\"og:description\" content=\"Cumplimentar el formulario ESTA es esencial para algunos viajeros que desean visitar Estados Unidos. He aqu\u00ed c\u00f3mo rellenarlo\" \/>\n<meta property=\"og:url\" content=\"https:\/\/esta-etats-unis.net\/es\/como-es-el-formulario-esta\/\" \/>\n<meta property=\"og:site_name\" content=\"Organiza tu viaje a los Estados Unidos de Am\u00e9rica\" \/>\n<meta property=\"article:modified_time\" content=\"2024-10-09T13:36:13+00:00\" \/>\n<meta name=\"twitter:label1\" content=\"Tiempo de lectura\" \/>\n\t<meta name=\"twitter:data1\" content=\"3 minutos\" \/>\n<script type=\"application\/ld+json\" class=\"yoast-schema-graph\">{\"@context\":\"https:\/\/schema.org\",\"@graph\":[{\"@type\":\"WebPage\",\"@id\":\"https:\/\/esta-etats-unis.net\/es\/como-es-el-formulario-esta\/\",\"url\":\"https:\/\/esta-etats-unis.net\/es\/como-es-el-formulario-esta\/\",\"name\":\"\u00bfC\u00f3mo es el formulario ESTA?\",\"isPartOf\":{\"@id\":\"https:\/\/esta-etats-unis.net\/es\/#website\"},\"datePublished\":\"2019-05-24T07:51:03+00:00\",\"dateModified\":\"2024-10-09T13:36:13+00:00\",\"description\":\"Cumplimentar el formulario ESTA es esencial para algunos viajeros que desean visitar Estados Unidos. He aqu\u00ed c\u00f3mo rellenarlo\",\"inLanguage\":\"es\",\"potentialAction\":[{\"@type\":\"ReadAction\",\"target\":[\"https:\/\/esta-etats-unis.net\/es\/como-es-el-formulario-esta\/\"]}]},{\"@type\":\"WebSite\",\"@id\":\"https:\/\/esta-etats-unis.net\/es\/#website\",\"url\":\"https:\/\/esta-etats-unis.net\/es\/\",\"name\":\"Organiza tu viaje a los Estados Unidos de Am\u00e9rica\",\"description\":\"\",\"potentialAction\":[{\"@type\":\"SearchAction\",\"target\":{\"@type\":\"EntryPoint\",\"urlTemplate\":\"https:\/\/esta-etats-unis.net\/es\/?s={search_term_string}\"},\"query-input\":{\"@type\":\"PropertyValueSpecification\",\"valueRequired\":true,\"valueName\":\"search_term_string\"}}],\"inLanguage\":\"es\"}]}<\/script>\n<!-- \/ Yoast SEO plugin. -->","yoast_head_json":{"title":"\u00bfC\u00f3mo es el formulario ESTA?","description":"Cumplimentar el formulario ESTA es esencial para algunos viajeros que desean visitar Estados Unidos. He aqu\u00ed c\u00f3mo rellenarlo","robots":{"index":"index","follow":"follow","max-snippet":"max-snippet:-1","max-image-preview":"max-image-preview:large","max-video-preview":"max-video-preview:-1"},"canonical":"https:\/\/esta-etats-unis.net\/es\/como-es-el-formulario-esta\/","og_locale":"es_ES","og_type":"article","og_title":"\u00bfC\u00f3mo es el formulario ESTA?","og_description":"Cumplimentar el formulario ESTA es esencial para algunos viajeros que desean visitar Estados Unidos. He aqu\u00ed c\u00f3mo rellenarlo","og_url":"https:\/\/esta-etats-unis.net\/es\/como-es-el-formulario-esta\/","og_site_name":"Organiza tu viaje a los Estados Unidos de Am\u00e9rica","article_modified_time":"2024-10-09T13:36:13+00:00","twitter_misc":{"Tiempo de lectura":"3 minutos"},"schema":{"@context":"https:\/\/schema.org","@graph":[{"@type":"WebPage","@id":"https:\/\/esta-etats-unis.net\/es\/como-es-el-formulario-esta\/","url":"https:\/\/esta-etats-unis.net\/es\/como-es-el-formulario-esta\/","name":"\u00bfC\u00f3mo es el formulario ESTA?","isPartOf":{"@id":"https:\/\/esta-etats-unis.net\/es\/#website"},"datePublished":"2019-05-24T07:51:03+00:00","dateModified":"2024-10-09T13:36:13+00:00","description":"Cumplimentar el formulario ESTA es esencial para algunos viajeros que desean visitar Estados Unidos. He aqu\u00ed c\u00f3mo rellenarlo","inLanguage":"es","potentialAction":[{"@type":"ReadAction","target":["https:\/\/esta-etats-unis.net\/es\/como-es-el-formulario-esta\/"]}]},{"@type":"WebSite","@id":"https:\/\/esta-etats-unis.net\/es\/#website","url":"https:\/\/esta-etats-unis.net\/es\/","name":"Organiza tu viaje a los Estados Unidos de Am\u00e9rica","description":"","potentialAction":[{"@type":"SearchAction","target":{"@type":"EntryPoint","urlTemplate":"https:\/\/esta-etats-unis.net\/es\/?s={search_term_string}"},"query-input":{"@type":"PropertyValueSpecification","valueRequired":true,"valueName":"search_term_string"}}],"inLanguage":"es"}]}},"_links":{"self":[{"href":"https:\/\/esta-etats-unis.net\/es\/wp-json\/wp\/v2\/pages\/526","targetHints":{"allow":["GET"]}}],"collection":[{"href":"https:\/\/esta-etats-unis.net\/es\/wp-json\/wp\/v2\/pages"}],"about":[{"href":"https:\/\/esta-etats-unis.net\/es\/wp-json\/wp\/v2\/types\/page"}],"author":[{"embeddable":true,"href":"https:\/\/esta-etats-unis.net\/es\/wp-json\/wp\/v2\/users\/1"}],"replies":[{"embeddable":true,"href":"https:\/\/esta-etats-unis.net\/es\/wp-json\/wp\/v2\/comments?post=526"}],"version-history":[{"count":2,"href":"https:\/\/esta-etats-unis.net\/es\/wp-json\/wp\/v2\/pages\/526\/revisions"}],"predecessor-version":[{"id":842,"href":"https:\/\/esta-etats-unis.net\/es\/wp-json\/wp\/v2\/pages\/526\/revisions\/842"}],"wp:attachment":[{"href":"https:\/\/esta-etats-unis.net\/es\/wp-json\/wp\/v2\/media?parent=526"}],"curies":[{"name":"wp","href":"https:\/\/api.w.org\/{rel}","templated":true}]}}