{"id":517,"date":"2019-04-26T08:16:12","date_gmt":"2019-04-26T07:16:12","guid":{"rendered":"https:\/\/esta-etats-unis.net\/como-conseguir-un-visado-de-estudiante-en-ee-uu\/"},"modified":"2024-10-09T08:58:43","modified_gmt":"2024-10-09T07:58:43","slug":"como-conseguir-un-visado-de-estudiante-en-ee-uu","status":"publish","type":"page","link":"https:\/\/esta-etats-unis.net\/es\/como-conseguir-un-visado-de-estudiante-en-ee-uu\/","title":{"rendered":"\u00bfC\u00f3mo conseguir un visado de estudiante en EE.UU.?"},"content":{"rendered":"\n<p><span style=\"font-weight: 400;\">\u00bfLe gustar\u00eda continuar sus estudios, pero esta vez en los Estados Unidos de Am\u00e9rica? Obtener un visado de estudiante para Estados Unidos no es una tarea f\u00e1cil. Entre la b\u00fasqueda de escuelas, el examen de admisi\u00f3n y los tr\u00e1mites administrativos para la solicitud de un visado de estudiante para EE.UU., debe dejar pasar varios meses para preparar adecuadamente su viaje a Estados Unidos.  <\/span><\/p>\n\n<p><span style=\"font-weight: 400;\">Nuestro art\u00edculo le proporcionar\u00e1 detalles sobre todos los tr\u00e1mites que debe realizar cuando quiera trasladarse y estudiar en el extranjero.<\/span><\/p>\n\n<h2 class=\"wp-block-heading\"><span style=\"font-weight: 400;\">Encontrar una escuela americana<\/span><\/h2>\n\n<p><span style=\"font-weight: 400;\">El primer paso para obtener un visado estadounidense para estudiar en Estados Unidos es investigar un poco para encontrar la universidad que mejor se adapte a tus necesidades. Ya sea en California, Nueva York, Florida o San Francisco, las escuelas a las que te presentes deben estar certificadas por el Programa de intercambio de estudiantes franco-americanos. Puede encontrar una <a href=\"https:\/\/studyinthestates.dhs.gov\/school-search\">lista de escuelas certificadas<\/a> por el Estudio del Departamento de Seguridad Nacional en el sitio web oficial de Estados Unidos.<\/span><\/p>\n\n<p><span style=\"font-weight: 400;\">El proceso de admisi\u00f3n en los colegios estadounidenses es mucho m\u00e1s complejo que en los franceses. De hecho, las universidades estadounidenses son conocidas por ser muy selectivas para mantener una cierta \u00e9lite (sobre todo en el caso de las escuelas de mayor renombre, como Harvard, Yale, Brown, etc.). Para matricularse en una escuela de Estados Unidos, tendr\u00e1 que solicitar la admisi\u00f3n y rellenar un formulario de solicitud.  <\/span><\/p>\n\n<figure class=\"wp-block-image size-large is-resized\"><a href=\"https:\/\/esta-etats-unis.net\/wp-content\/uploads\/2019\/04\/student.jpeg\"><img loading=\"lazy\" decoding=\"async\" width=\"1024\" height=\"682\" src=\"https:\/\/esta-etats-unis.net\/wp-content\/uploads\/2019\/04\/student-1024x682.jpeg\" alt=\"visado de estudiante para EE.UU.\" class=\"wp-image-269\" style=\"width:768px;height:512px\" srcset=\"https:\/\/esta-etats-unis.net\/wp-content\/uploads\/2019\/04\/student-1024x682.jpeg 1024w, https:\/\/esta-etats-unis.net\/wp-content\/uploads\/2019\/04\/student-300x200.jpeg 300w, https:\/\/esta-etats-unis.net\/wp-content\/uploads\/2019\/04\/student-768x512.jpeg 768w, https:\/\/esta-etats-unis.net\/wp-content\/uploads\/2019\/04\/student.jpeg 1880w\" sizes=\"auto, (max-width: 1024px) 100vw, 1024px\" \/><\/a><figcaption class=\"wp-element-caption\">C\u00f3mo obtener un visado de estudiante para Estados Unidos<\/figcaption><\/figure>\n\n<h3 class=\"wp-block-heading\"><span style=\"font-weight: 400;\">La prueba de acceso a la escuela americana  <\/span><\/h3>\n\n<p><span style=\"font-weight: 400;\">Para asegurarse de que tienes el nivel de ingl\u00e9s y las calificaciones acad\u00e9micas adecuadas, las universidades se fijan en una serie de aspectos:  <\/span><\/p>\n\n<ul class=\"wp-block-list\">\n<li><span style=\"font-weight: 400;\">el GPA (Grade Point Average). Se trata de la conversi\u00f3n de su media de notas al sistema educativo estadounidense;  <\/span><\/li>\n\n\n\n<li><span style=\"font-weight: 400;\">el SAT (Scholastic Assessment Test). Considerado el examen de acceso a las universidades americanas, pone a prueba tus habilidades y se divide en tres partes diferentes: an\u00e1lisis de textos, redacci\u00f3n y matem\u00e1ticas.<\/span><\/li>\n<\/ul>\n\n<p><span style=\"font-weight: 400;\">Como en todas las normas de la competici\u00f3n, cuanto m\u00e1s alta sea tu puntuaci\u00f3n, m\u00e1s posibilidades tendr\u00e1s de entrar en la escuela.  <\/span><\/p>\n\n<p><span style=\"font-weight: 400;\">Luego vienen las pruebas de idiomas. Las escuelas americanas quieren asegurarse de que entiendes bien el ingl\u00e9s, por lo que te pedir\u00e1n tus resultados en dos pruebas de referencia de ingl\u00e9s:<\/span><\/p>\n\n<ul class=\"wp-block-list\">\n<li><span style=\"font-weight: 400;\">TOEFL ;  <\/span><\/li>\n\n\n\n<li><span style=\"font-weight: 400;\">o IELTS.  <\/span><\/li>\n<\/ul>\n\n<p><span style=\"font-weight: 400;\">Por \u00faltimo, las escuelas te pedir\u00e1n que escribas un ensayo personal, que es probablemente el paso m\u00e1s dif\u00edcil, ya que implica hablar de ti mismo. De hecho, aparte de los resultados, las universidades tambi\u00e9n quieren conocer tus razones para entrar, tus pasiones y tus ambiciones para el futuro. Este \u00faltimo paso debe ser totalmente personal y debe reflejar su personalidad en la medida de lo posible.  <\/span><\/p>\n\n<p><span style=\"font-weight: 400;\">Nota: para completar su solicitud, puede adjuntar una carta de recomendaci\u00f3n de uno de sus profesores.  <\/span><\/p>\n\n<h3 class=\"wp-block-heading\"><span style=\"font-weight: 400;\">Financiaci\u00f3n de las universidades estadounidenses  <\/span><\/h3>\n\n<p><span style=\"font-weight: 400;\">Para tener un expediente impecable en relaci\u00f3n con su solicitud de <\/span><span style=\"font-weight: 400;\">Visado de estudiante de EE.UU.<\/span><span style=\"font-weight: 400;\">solicitud de visado, debe tener seguridad financiera. <\/span> <\/p>\n\n<p><span style=\"font-weight: 400;\">Vivir y estudiar en Estados Unidos puede ser muy caro para un estudiante franc\u00e9s. De hecho, muchas escuelas est\u00e1n aumentando sus tasas de matr\u00edcula para los estudiantes extranjeros. El tipo de titulaci\u00f3n tambi\u00e9n marcar\u00e1 la diferencia, un MBA es m\u00e1s caro que una licenciatura.  <\/span><\/p>\n\n<p><span style=\"font-weight: 400;\">Sin embargo, existen soluciones de ayuda financiera:  <\/span><\/p>\n\n<ul class=\"wp-block-list\">\n<li><span style=\"font-weight: 400;\">prefieren las universidades p\u00fablicas a las privadas;  <\/span><\/li>\n\n\n\n<li><span style=\"font-weight: 400;\">estudiar con una tarjeta verde (lottery green card): con esta tarjeta, no tiene que pasar por el proceso de obtenci\u00f3n de una <\/span><span style=\"font-weight: 400;\">Visado de estudiante para Estados Unidos,<\/span><span style=\"font-weight: 400;\">  porque es residente permanente. Por ello, se le considera un estudiante estadounidense y puede obtener un descuento del 80% en las tasas de matr\u00edcula (excepto en universidades de \u00e9lite como Harvard o el Instituto Tecnol\u00f3gico de Massachusetts, cuyo precio es el mismo para todos los estudiantes juntos);<\/span><\/li>\n\n\n\n<li><span style=\"font-weight: 400;\">Obtenci\u00f3n de becas: el Servicio Franc\u00e9s de Intercambio Acad\u00e9mico y la Comisi\u00f3n Fulbright ofrecen varias oportunidades para los estudiantes franceses en Estados Unidos.  <\/span><\/li>\n<\/ul>\n\n<h2 class=\"wp-block-heading\"><span style=\"font-weight: 400;\">El <\/span><span style=\"font-weight: 400;\">Visado de estudiante para EE.UU.<\/span><\/h2>\n\n<p><span style=\"font-weight: 400;\">Para estudiar en una universidad estadounidense, debes solicitar un visado F1. Es el visado de estudiante m\u00e1s com\u00fan si desea estudiar en un instituto, una universidad, un centro de ense\u00f1anza secundaria privado o un programa de aprendizaje de ingl\u00e9s aprobado (Erasmus). Tambi\u00e9n necesitar\u00e1s un visado F1 si tu programa escolar supera las 18 horas semanales.  <\/span><\/p>\n\n<p><span style=\"font-weight: 400;\">Existe otro visado de estudiante estadounidense, llamado visado M1. A diferencia del visado F1, el visado M1 est\u00e1 destinado a estudios no acad\u00e9micos y profesionales o a pr\u00e1cticas en una instituci\u00f3n estadounidense.  <\/span><\/p>\n\n<p><span style=\"font-weight: 400;\">Para unas <a href=\"https:\/\/esta-etats-unis.net\/es\/visado-j1-de-practicas-en-ee-uu-cual-es-el-procedimiento\/\">pr\u00e1cticas en EE.UU.<\/a>, formaci\u00f3n profesional, au pair, empleo estacional, voluntariado internacional, el visado adecuado es el J1.  <\/span><\/p>\n\n<h2 class=\"wp-block-heading\"><span style=\"font-weight: 400;\">\u00bfC\u00f3mo solicitar un visado F1?<\/span><\/h2>\n\n<p><span style=\"font-weight: 400;\">Para solicitar un visado F1, necesita los siguientes documentos:<\/span><\/p>\n\n<ul class=\"wp-block-list\">\n<li><span style=\"font-weight: 400;\">un formulario electr\u00f3nico de solicitud de visado de no inmigrante (DS-160);<\/span><\/li>\n\n\n\n<li><span style=\"font-weight: 400;\">un pasaporte biom\u00e9trico o electr\u00f3nico para viajar a Estados Unidos con una fecha de validez que se extienda al menos 6 meses m\u00e1s all\u00e1 de su periodo de estancia deseado en Estados Unidos (excepto en el caso de acuerdos bilaterales que ofrezcan una exenci\u00f3n);<\/span><\/li>\n\n\n\n<li><span style=\"font-weight: 400;\">una fotograf\u00eda de 5 cm x 5 cm (2 \u00abx2\u00bb) tomada en los \u00faltimos seis meses;<\/span><\/li>\n\n\n\n<li><span style=\"font-weight: 400;\">un recibo de pago de la tasa de solicitud de visado de no inmigrante (160 d\u00f3lares) y pagado en moneda local;<\/span><\/li>\n\n\n\n<li><span style=\"font-weight: 400;\">un formulario I-20 aprobado por su escuela.  <\/span><\/li>\n<\/ul>\n\n<p><span style=\"font-weight: 400;\">Adem\u00e1s de estos documentos, deber\u00e1 presentar una carta que confirme que ha concertado una <a href=\"https:\/\/esta-etats-unis.net\/es\/como-puedo-solicitar-un-visado-en-la-embajada-de-estados-unidos\/\">cita en la Embajada de Estados Unidos<\/a> en su pa\u00eds. Durante la entrevista, los documentos similares a los  <\/span><span style=\"font-weight: 400;\">Visado F-1<\/span><span style=\"font-weight: 400;\"> son necesarios, debe tener : <\/span> <\/p>\n\n<ul class=\"wp-block-list\">\n<li><span style=\"font-weight: 400;\">una copia impresa de su carta de nombramiento;  <\/span><\/li>\n\n\n\n<li><span style=\"font-weight: 400;\">de su p\u00e1gina de confirmaci\u00f3n del DS-160;<\/span><\/li>\n\n\n\n<li><span style=\"font-weight: 400;\">una foto tomada en los \u00faltimos seis meses;  <\/span><\/li>\n\n\n\n<li><span style=\"font-weight: 400;\">su pasaporte electr\u00f3nico o biom\u00e9trico v\u00e1lido;  <\/span><\/li>\n\n\n\n<li><span style=\"font-weight: 400;\">un recibo de la tasa de visado original.  <\/span><\/li>\n<\/ul>\n\n<p><span style=\"font-weight: 400;\">Atenci\u00f3n: el visado no es un pase para vivir en Estados Unidos. S\u00f3lo las autoridades americanas, al pasar por la aduana, deciden si se le permite o no entrar en Estados Unidos (es muy raro que un agente de seguridad le niegue la entrada si tiene un visado).  <\/span><\/p>\n\n<p><\/p>\n","protected":false},"excerpt":{"rendered":"<p>\u00bfLe gustar\u00eda continuar sus estudios, pero esta vez en los Estados Unidos de Am\u00e9rica? Obtener un visado de estudiante para Estados Unidos no es una tarea f\u00e1cil. Entre la b\u00fasqueda de escuelas, el examen de admisi\u00f3n y los tr\u00e1mites administrativos para la solicitud de un visado de estudiante para EE.UU., debe dejar pasar varios meses &#8230; <a title=\"\u00bfC\u00f3mo conseguir un visado de estudiante en EE.UU.?\" class=\"read-more\" href=\"https:\/\/esta-etats-unis.net\/es\/como-conseguir-un-visado-de-estudiante-en-ee-uu\/\" aria-label=\"Leer m\u00e1s sobre \u00bfC\u00f3mo conseguir un visado de estudiante en EE.UU.?\">Leer m\u00e1s<\/a><\/p>\n","protected":false},"author":1,"featured_media":0,"parent":0,"menu_order":0,"comment_status":"closed","ping_status":"closed","template":"","meta":{"footnotes":""},"class_list":["post-517","page","type-page","status-publish"],"yoast_head":"<!-- This site is optimized with the Yoast SEO plugin v26.2 - https:\/\/yoast.com\/wordpress\/plugins\/seo\/ -->\n<title>C\u00f3mo obtener un visado de estudiante para Estados Unidos<\/title>\n<meta name=\"description\" content=\"\u00bfCu\u00e1les son los pasos para entrar en una escuela americana y obtener un visado de estudiante para estudiar en Estados Unidos?\" \/>\n<meta name=\"robots\" content=\"index, follow, max-snippet:-1, max-image-preview:large, max-video-preview:-1\" \/>\n<link rel=\"canonical\" href=\"https:\/\/esta-etats-unis.net\/es\/como-conseguir-un-visado-de-estudiante-en-ee-uu\/\" \/>\n<meta property=\"og:locale\" content=\"es_ES\" \/>\n<meta property=\"og:type\" content=\"article\" \/>\n<meta property=\"og:title\" content=\"C\u00f3mo obtener un visado de estudiante para Estados Unidos\" \/>\n<meta property=\"og:description\" content=\"\u00bfCu\u00e1les son los pasos para entrar en una escuela americana y obtener un visado de estudiante para estudiar en Estados Unidos?\" \/>\n<meta property=\"og:url\" content=\"https:\/\/esta-etats-unis.net\/es\/como-conseguir-un-visado-de-estudiante-en-ee-uu\/\" \/>\n<meta property=\"og:site_name\" content=\"Organiza tu viaje a los Estados Unidos de Am\u00e9rica\" \/>\n<meta property=\"article:modified_time\" content=\"2024-10-09T07:58:43+00:00\" \/>\n<meta property=\"og:image\" content=\"https:\/\/esta-etats-unis.net\/wp-content\/uploads\/2019\/04\/student.jpeg\" \/>\n\t<meta property=\"og:image:width\" content=\"1880\" \/>\n\t<meta property=\"og:image:height\" content=\"1253\" \/>\n\t<meta property=\"og:image:type\" content=\"image\/jpeg\" \/>\n<meta name=\"twitter:label1\" content=\"Tiempo de lectura\" \/>\n\t<meta name=\"twitter:data1\" content=\"5 minutos\" \/>\n<script type=\"application\/ld+json\" class=\"yoast-schema-graph\">{\"@context\":\"https:\/\/schema.org\",\"@graph\":[{\"@type\":\"WebPage\",\"@id\":\"https:\/\/esta-etats-unis.net\/es\/como-conseguir-un-visado-de-estudiante-en-ee-uu\/\",\"url\":\"https:\/\/esta-etats-unis.net\/es\/como-conseguir-un-visado-de-estudiante-en-ee-uu\/\",\"name\":\"C\u00f3mo obtener un visado de estudiante para Estados Unidos\",\"isPartOf\":{\"@id\":\"https:\/\/esta-etats-unis.net\/es\/#website\"},\"primaryImageOfPage\":{\"@id\":\"https:\/\/esta-etats-unis.net\/es\/como-conseguir-un-visado-de-estudiante-en-ee-uu\/#primaryimage\"},\"image\":{\"@id\":\"https:\/\/esta-etats-unis.net\/es\/como-conseguir-un-visado-de-estudiante-en-ee-uu\/#primaryimage\"},\"thumbnailUrl\":\"https:\/\/esta-etats-unis.net\/wp-content\/uploads\/2019\/04\/student-1024x682.jpeg\",\"datePublished\":\"2019-04-26T07:16:12+00:00\",\"dateModified\":\"2024-10-09T07:58:43+00:00\",\"description\":\"\u00bfCu\u00e1les son los pasos para entrar en una escuela americana y obtener un visado de estudiante para estudiar en Estados Unidos?\",\"inLanguage\":\"es\",\"potentialAction\":[{\"@type\":\"ReadAction\",\"target\":[\"https:\/\/esta-etats-unis.net\/es\/como-conseguir-un-visado-de-estudiante-en-ee-uu\/\"]}]},{\"@type\":\"ImageObject\",\"inLanguage\":\"es\",\"@id\":\"https:\/\/esta-etats-unis.net\/es\/como-conseguir-un-visado-de-estudiante-en-ee-uu\/#primaryimage\",\"url\":\"https:\/\/esta-etats-unis.net\/wp-content\/uploads\/2019\/04\/student-1024x682.jpeg\",\"contentUrl\":\"https:\/\/esta-etats-unis.net\/wp-content\/uploads\/2019\/04\/student-1024x682.jpeg\"},{\"@type\":\"WebSite\",\"@id\":\"https:\/\/esta-etats-unis.net\/es\/#website\",\"url\":\"https:\/\/esta-etats-unis.net\/es\/\",\"name\":\"Organiza tu viaje a los Estados Unidos de Am\u00e9rica\",\"description\":\"\",\"potentialAction\":[{\"@type\":\"SearchAction\",\"target\":{\"@type\":\"EntryPoint\",\"urlTemplate\":\"https:\/\/esta-etats-unis.net\/es\/?s={search_term_string}\"},\"query-input\":{\"@type\":\"PropertyValueSpecification\",\"valueRequired\":true,\"valueName\":\"search_term_string\"}}],\"inLanguage\":\"es\"}]}<\/script>\n<!-- \/ Yoast SEO plugin. -->","yoast_head_json":{"title":"C\u00f3mo obtener un visado de estudiante para Estados Unidos","description":"\u00bfCu\u00e1les son los pasos para entrar en una escuela americana y obtener un visado de estudiante para estudiar en Estados Unidos?","robots":{"index":"index","follow":"follow","max-snippet":"max-snippet:-1","max-image-preview":"max-image-preview:large","max-video-preview":"max-video-preview:-1"},"canonical":"https:\/\/esta-etats-unis.net\/es\/como-conseguir-un-visado-de-estudiante-en-ee-uu\/","og_locale":"es_ES","og_type":"article","og_title":"C\u00f3mo obtener un visado de estudiante para Estados Unidos","og_description":"\u00bfCu\u00e1les son los pasos para entrar en una escuela americana y obtener un visado de estudiante para estudiar en Estados Unidos?","og_url":"https:\/\/esta-etats-unis.net\/es\/como-conseguir-un-visado-de-estudiante-en-ee-uu\/","og_site_name":"Organiza tu viaje a los Estados Unidos de Am\u00e9rica","article_modified_time":"2024-10-09T07:58:43+00:00","og_image":[{"width":1880,"height":1253,"url":"https:\/\/esta-etats-unis.net\/wp-content\/uploads\/2019\/04\/student.jpeg","type":"image\/jpeg"}],"twitter_misc":{"Tiempo de lectura":"5 minutos"},"schema":{"@context":"https:\/\/schema.org","@graph":[{"@type":"WebPage","@id":"https:\/\/esta-etats-unis.net\/es\/como-conseguir-un-visado-de-estudiante-en-ee-uu\/","url":"https:\/\/esta-etats-unis.net\/es\/como-conseguir-un-visado-de-estudiante-en-ee-uu\/","name":"C\u00f3mo obtener un visado de estudiante para Estados Unidos","isPartOf":{"@id":"https:\/\/esta-etats-unis.net\/es\/#website"},"primaryImageOfPage":{"@id":"https:\/\/esta-etats-unis.net\/es\/como-conseguir-un-visado-de-estudiante-en-ee-uu\/#primaryimage"},"image":{"@id":"https:\/\/esta-etats-unis.net\/es\/como-conseguir-un-visado-de-estudiante-en-ee-uu\/#primaryimage"},"thumbnailUrl":"https:\/\/esta-etats-unis.net\/wp-content\/uploads\/2019\/04\/student-1024x682.jpeg","datePublished":"2019-04-26T07:16:12+00:00","dateModified":"2024-10-09T07:58:43+00:00","description":"\u00bfCu\u00e1les son los pasos para entrar en una escuela americana y obtener un visado de estudiante para estudiar en Estados Unidos?","inLanguage":"es","potentialAction":[{"@type":"ReadAction","target":["https:\/\/esta-etats-unis.net\/es\/como-conseguir-un-visado-de-estudiante-en-ee-uu\/"]}]},{"@type":"ImageObject","inLanguage":"es","@id":"https:\/\/esta-etats-unis.net\/es\/como-conseguir-un-visado-de-estudiante-en-ee-uu\/#primaryimage","url":"https:\/\/esta-etats-unis.net\/wp-content\/uploads\/2019\/04\/student-1024x682.jpeg","contentUrl":"https:\/\/esta-etats-unis.net\/wp-content\/uploads\/2019\/04\/student-1024x682.jpeg"},{"@type":"WebSite","@id":"https:\/\/esta-etats-unis.net\/es\/#website","url":"https:\/\/esta-etats-unis.net\/es\/","name":"Organiza tu viaje a los Estados Unidos de Am\u00e9rica","description":"","potentialAction":[{"@type":"SearchAction","target":{"@type":"EntryPoint","urlTemplate":"https:\/\/esta-etats-unis.net\/es\/?s={search_term_string}"},"query-input":{"@type":"PropertyValueSpecification","valueRequired":true,"valueName":"search_term_string"}}],"inLanguage":"es"}]}},"_links":{"self":[{"href":"https:\/\/esta-etats-unis.net\/es\/wp-json\/wp\/v2\/pages\/517","targetHints":{"allow":["GET"]}}],"collection":[{"href":"https:\/\/esta-etats-unis.net\/es\/wp-json\/wp\/v2\/pages"}],"about":[{"href":"https:\/\/esta-etats-unis.net\/es\/wp-json\/wp\/v2\/types\/page"}],"author":[{"embeddable":true,"href":"https:\/\/esta-etats-unis.net\/es\/wp-json\/wp\/v2\/users\/1"}],"replies":[{"embeddable":true,"href":"https:\/\/esta-etats-unis.net\/es\/wp-json\/wp\/v2\/comments?post=517"}],"version-history":[{"count":4,"href":"https:\/\/esta-etats-unis.net\/es\/wp-json\/wp\/v2\/pages\/517\/revisions"}],"predecessor-version":[{"id":807,"href":"https:\/\/esta-etats-unis.net\/es\/wp-json\/wp\/v2\/pages\/517\/revisions\/807"}],"wp:attachment":[{"href":"https:\/\/esta-etats-unis.net\/es\/wp-json\/wp\/v2\/media?parent=517"}],"curies":[{"name":"wp","href":"https:\/\/api.w.org\/{rel}","templated":true}]}}