{"id":504,"date":"2014-11-17T22:19:18","date_gmt":"2014-11-17T21:19:18","guid":{"rendered":"https:\/\/esta-etats-unis.net\/por-que-solicitar-el-esta-antes-de-viajar-a-estados-unidos\/"},"modified":"2024-10-11T08:42:24","modified_gmt":"2024-10-11T07:42:24","slug":"por-que-solicitar-el-esta-antes-de-viajar-a-estados-unidos","status":"publish","type":"page","link":"https:\/\/esta-etats-unis.net\/es\/por-que-solicitar-el-esta-antes-de-viajar-a-estados-unidos\/","title":{"rendered":"\u00bfPor qu\u00e9 solicitar el ESTA antes de viajar a Estados Unidos?"},"content":{"rendered":"\n<p><span style=\"font-weight: 400;\">La autorizaci\u00f3n de viaje ESTA es necesaria para todos los viajeros que deseen entrar en Estados Unidos por turismo, negocios o tr\u00e1nsito. Esta <a href=\"https:\/\/esta-etats-unis.net\/es\/tramites-del-esta-para-un-viaje-a-estados-unidos\/\">formalidad para entrar en los Estados<\/a> Unidos es imprescindible para viajar a este pa\u00eds. Incluso los ni\u00f1os deben tener un ESTA (solicitado por los padres) para viajar a Estados Unidos. Este tipo de permiso s\u00f3lo permite una estancia m\u00e1xima de 90 d\u00edas. Los que tengan previsto hacer pr\u00e1cticas, estudiar o buscar trabajo deben solicitar un <a href=\"https:\/\/esta-etats-unis.net\/es\/visado-o-esta-para-viajar-a-estados-unidos\/\">visado estadounidense<\/a> en la embajada de Estados Unidos de su pa\u00eds de residencia.  <\/span><\/p>\n\n<p><span style=\"font-weight: 400;\">Debes presentar tu solicitud ESTA en el sitio web del gobierno estadounidense. Tenga en cuenta que la solicitud del ESTA debe presentarse al menos tres d\u00edas antes de su salida. Es posible que su solicitud quede en suspenso y en este caso las autoridades tienen un m\u00e1ximo de 72 horas para dar el resultado final.<\/span><\/p>\n\n<h2 class=\"wp-block-heading\">\u00bfQui\u00e9n puede solicitar la autorizaci\u00f3n ESTA?<\/h2>\n\n<p><span style=\"font-weight: 400;\">Antes de solicitar la autorizaci\u00f3n electr\u00f3nica de viaje por Internet, aseg\u00farate de que cumples los requisitos para obtener el documento ESTA. Para poder optar a ellos, debes ser titular de un <a href=\"https:\/\/esta-etats-unis.net\/es\/que-pasaporte-necesito-para-obtener-un-esta-o-un-visado\/\">pasaporte v\u00e1lido<\/a>. Hay que tener en cuenta que con esta autorizaci\u00f3n s\u00f3lo se puede permanecer un m\u00e1ximo de 90 d\u00edas y que s\u00f3lo se puede hacer un viaje de turismo, de negocios o de tr\u00e1nsito. En ning\u00fan caso puede trabajar en suelo estadounidense con un ESTA, en cuyo caso su presencia se considerar\u00e1 ilegal. Una vez que haya obtenido su autorizaci\u00f3n ESTA, podr\u00e1 viajar hacia y desde Estados Unidos durante dos a\u00f1os, pero nunca deber\u00e1 superar los 90 d\u00edas consecutivos por estancia.<\/span><\/p>\n\n<p><span style=\"font-weight: 400;\">El <a href=\"https:\/\/esta-etats-unis.net\/es\/como-es-el-formulario-esta\/\">documento ESTA<\/a> tiene una validez de dos a\u00f1os, salvo que el pasaporte caduque antes. Cualquier persona que resida en pa\u00edses miembros del Programa de Exenci\u00f3n de Visado (VWP) puede solicitar el ESTA. A continuaci\u00f3n se enumeran los pa\u00edses que participan en este programa:<\/span><\/p>\n\n<p><span style=\"font-weight: 400;\">Alemania, Andorra, Australia, Austria, B\u00e9lgica, Brunei, Chile, Croacia, Dinamarca, Eslovaquia, Eslovenia, Espa\u00f1a, Estonia, Finlandia, Francia, Grecia, Hungr\u00eda, Irlanda, Islandia, Israel, Italia, Jap\u00f3n, Pa\u00edses Bajos, Letonia, Liechtenstein, Lituania, Luxemburgo, Malta, M\u00f3naco, Noruega, Nueva Zelanda, Polonia, Portugal, Reino Unido, Rep\u00fablica Checa, San Marino, Singapur, Suecia, Suiza y Taiw\u00e1n.<\/span><\/p>\n\n<h2 class=\"wp-block-heading\"><span style=\"font-weight: 400;\">\u00bfC\u00f3mo solicitar el ESTA?<\/span><\/h2>\n\n<p><span style=\"font-weight: 400;\">Para solicitar el ESTA, tiene dos opciones en cuanto al formulario en l\u00ednea que debe rellenar: la solicitud del ESTA en el sitio web oficial del gobierno estadounidense o en un sitio web privado que ofrece servicios adicionales. En ambos casos, debe tener un pasaporte v\u00e1lido para proporcionar el n\u00famero de pasaporte y una tarjeta de cr\u00e9dito para validar su compra. El coste administrativo es de 21 $ en el sitio web oficial del ESTA desde 2022. Su solicitud debe hacerse al menos 72 horas antes de la salida, pero le aconsejamos que la haga tan pronto como decida planificar una estancia en Estados Unidos.<\/span><\/p>\n\n<p><span style=\"font-weight: 400;\">Cuando utilice el sitio web oficial, aseg\u00farese de comprobar cada uno de los datos personales que proporcione. Un simple error en el <a href=\"https:\/\/formulaire-esta.com\">formulario ESTA<\/a> es suficiente para recibir una negativa de las autoridades estadounidenses. El formulario consta de tres pasos. Durante estas fases, el gobierno de EE.UU. recopila informaci\u00f3n sobre usted, sus motivos para viajar a EE.UU. y su historial legal y m\u00e9dico.<\/span><\/p>\n\n<p><span style=\"font-weight: 400;\">Es porque el riesgo de error es alto que los sitios privados ofrecen sus servicios. Usted rellena un formulario simplificado y los profesionales le comunicar\u00e1n su informaci\u00f3n personal tras la verificaci\u00f3n de los datos.<\/span><\/p>\n\n<p><span style=\"font-weight: 400;\">El documento suele expedirse en las 72 horas siguientes a la solicitud en l\u00ednea. Con tu ESTA, puedes <a href=\"https:\/\/www.cgmna.org\/\">viajar a EE.UU.<\/a> varias veces, durante un m\u00e1ximo de 90 d\u00edas, en un periodo m\u00e1ximo de dos a\u00f1os.<\/span><\/p>\n\n<h2 class=\"wp-block-heading\"><span style=\"font-weight: 400;\">\u00bfEn qu\u00e9 casos se puede rechazar una solicitud del ESTA?<\/span><\/h2>\n\n<p><span style=\"font-weight: 400;\">Hay muchas razones por las que su solicitud ESTA puede ser rechazada. El motivo m\u00e1s frecuente es la falta de coincidencia entre los datos del pasaporte y los del formulario ESTA. Es importante recordar que la informaci\u00f3n proporcionada a las autoridades estadounidenses debe ser veraz y actualizada.<\/span><\/p>\n\n<p><span style=\"font-weight: 400;\">En principio, la denegaci\u00f3n es autom\u00e1tica si el viajero tiene antecedentes legales o m\u00e9dicos importantes, si el pasaporte ha caducado o si la persona en cuesti\u00f3n no procede de un pa\u00eds miembro del Programa de Exenci\u00f3n de Visado.  <\/span><\/p>\n\n<p><span style=\"font-weight: 400;\">Si su solicitud ESTA es rechazada, no se preocupe, puede seguir adelante con sus planes de viaje. S\u00f3lo tienes que ser m\u00e1s paciente y considerar la posibilidad de <a href=\"https:\/\/esta-etats-unis.net\/es\/como-puedo-solicitar-un-visado-en-la-embajada-de-estados-unidos\/\">solicitar un visado en la embajada estadounidense<\/a>. Existen diferentes visados en funci\u00f3n de la naturaleza de su viaje a Estados Unidos: visado de turista, de estudios o de trabajo.  <\/span><\/p>\n","protected":false},"excerpt":{"rendered":"<p>La autorizaci\u00f3n de viaje ESTA es necesaria para todos los viajeros que deseen entrar en Estados Unidos por turismo, negocios o tr\u00e1nsito. Esta formalidad para entrar en los Estados Unidos es imprescindible para viajar a este pa\u00eds. Incluso los ni\u00f1os deben tener un ESTA (solicitado por los padres) para viajar a Estados Unidos. Este tipo &#8230; <a title=\"\u00bfPor qu\u00e9 solicitar el ESTA antes de viajar a Estados Unidos?\" class=\"read-more\" href=\"https:\/\/esta-etats-unis.net\/es\/por-que-solicitar-el-esta-antes-de-viajar-a-estados-unidos\/\" aria-label=\"Leer m\u00e1s sobre \u00bfPor qu\u00e9 solicitar el ESTA antes de viajar a Estados Unidos?\">Leer m\u00e1s<\/a><\/p>\n","protected":false},"author":1,"featured_media":0,"parent":0,"menu_order":0,"comment_status":"closed","ping_status":"closed","template":"","meta":{"footnotes":""},"class_list":["post-504","page","type-page","status-publish"],"yoast_head":"<!-- This site is optimized with the Yoast SEO plugin v26.2 - https:\/\/yoast.com\/wordpress\/plugins\/seo\/ -->\n<title>\u00bfPor qu\u00e9 solicitar el ESTA antes de ir a Estados Unidos?<\/title>\n<meta name=\"description\" content=\"\u00bfCu\u00e1l es la finalidad del ESTA, qui\u00e9n puede beneficiarse de \u00e9l y por qu\u00e9 hay que solicitarlo? Todas las respuestas en este art\u00edculo sobre la solicitud del ESTA.\" \/>\n<meta name=\"robots\" content=\"index, follow, max-snippet:-1, max-image-preview:large, max-video-preview:-1\" \/>\n<link rel=\"canonical\" href=\"https:\/\/esta-etats-unis.net\/es\/por-que-solicitar-el-esta-antes-de-viajar-a-estados-unidos\/\" \/>\n<meta property=\"og:locale\" content=\"es_ES\" \/>\n<meta property=\"og:type\" content=\"article\" \/>\n<meta property=\"og:title\" content=\"\u00bfPor qu\u00e9 solicitar el ESTA antes de ir a Estados Unidos?\" \/>\n<meta property=\"og:description\" content=\"\u00bfCu\u00e1l es la finalidad del ESTA, qui\u00e9n puede beneficiarse de \u00e9l y por qu\u00e9 hay que solicitarlo? Todas las respuestas en este art\u00edculo sobre la solicitud del ESTA.\" \/>\n<meta property=\"og:url\" content=\"https:\/\/esta-etats-unis.net\/es\/por-que-solicitar-el-esta-antes-de-viajar-a-estados-unidos\/\" \/>\n<meta property=\"og:site_name\" content=\"Organiza tu viaje a los Estados Unidos de Am\u00e9rica\" \/>\n<meta property=\"article:modified_time\" content=\"2024-10-11T07:42:24+00:00\" \/>\n<meta name=\"twitter:label1\" content=\"Tiempo de lectura\" \/>\n\t<meta name=\"twitter:data1\" content=\"4 minutos\" \/>\n<script type=\"application\/ld+json\" class=\"yoast-schema-graph\">{\"@context\":\"https:\/\/schema.org\",\"@graph\":[{\"@type\":\"WebPage\",\"@id\":\"https:\/\/esta-etats-unis.net\/es\/por-que-solicitar-el-esta-antes-de-viajar-a-estados-unidos\/\",\"url\":\"https:\/\/esta-etats-unis.net\/es\/por-que-solicitar-el-esta-antes-de-viajar-a-estados-unidos\/\",\"name\":\"\u00bfPor qu\u00e9 solicitar el ESTA antes de ir a Estados Unidos?\",\"isPartOf\":{\"@id\":\"https:\/\/esta-etats-unis.net\/es\/#website\"},\"datePublished\":\"2014-11-17T21:19:18+00:00\",\"dateModified\":\"2024-10-11T07:42:24+00:00\",\"description\":\"\u00bfCu\u00e1l es la finalidad del ESTA, qui\u00e9n puede beneficiarse de \u00e9l y por qu\u00e9 hay que solicitarlo? Todas las respuestas en este art\u00edculo sobre la solicitud del ESTA.\",\"inLanguage\":\"es\",\"potentialAction\":[{\"@type\":\"ReadAction\",\"target\":[\"https:\/\/esta-etats-unis.net\/es\/por-que-solicitar-el-esta-antes-de-viajar-a-estados-unidos\/\"]}]},{\"@type\":\"WebSite\",\"@id\":\"https:\/\/esta-etats-unis.net\/es\/#website\",\"url\":\"https:\/\/esta-etats-unis.net\/es\/\",\"name\":\"Organiza tu viaje a los Estados Unidos de Am\u00e9rica\",\"description\":\"\",\"potentialAction\":[{\"@type\":\"SearchAction\",\"target\":{\"@type\":\"EntryPoint\",\"urlTemplate\":\"https:\/\/esta-etats-unis.net\/es\/?s={search_term_string}\"},\"query-input\":{\"@type\":\"PropertyValueSpecification\",\"valueRequired\":true,\"valueName\":\"search_term_string\"}}],\"inLanguage\":\"es\"}]}<\/script>\n<!-- \/ Yoast SEO plugin. -->","yoast_head_json":{"title":"\u00bfPor qu\u00e9 solicitar el ESTA antes de ir a Estados Unidos?","description":"\u00bfCu\u00e1l es la finalidad del ESTA, qui\u00e9n puede beneficiarse de \u00e9l y por qu\u00e9 hay que solicitarlo? Todas las respuestas en este art\u00edculo sobre la solicitud del ESTA.","robots":{"index":"index","follow":"follow","max-snippet":"max-snippet:-1","max-image-preview":"max-image-preview:large","max-video-preview":"max-video-preview:-1"},"canonical":"https:\/\/esta-etats-unis.net\/es\/por-que-solicitar-el-esta-antes-de-viajar-a-estados-unidos\/","og_locale":"es_ES","og_type":"article","og_title":"\u00bfPor qu\u00e9 solicitar el ESTA antes de ir a Estados Unidos?","og_description":"\u00bfCu\u00e1l es la finalidad del ESTA, qui\u00e9n puede beneficiarse de \u00e9l y por qu\u00e9 hay que solicitarlo? Todas las respuestas en este art\u00edculo sobre la solicitud del ESTA.","og_url":"https:\/\/esta-etats-unis.net\/es\/por-que-solicitar-el-esta-antes-de-viajar-a-estados-unidos\/","og_site_name":"Organiza tu viaje a los Estados Unidos de Am\u00e9rica","article_modified_time":"2024-10-11T07:42:24+00:00","twitter_misc":{"Tiempo de lectura":"4 minutos"},"schema":{"@context":"https:\/\/schema.org","@graph":[{"@type":"WebPage","@id":"https:\/\/esta-etats-unis.net\/es\/por-que-solicitar-el-esta-antes-de-viajar-a-estados-unidos\/","url":"https:\/\/esta-etats-unis.net\/es\/por-que-solicitar-el-esta-antes-de-viajar-a-estados-unidos\/","name":"\u00bfPor qu\u00e9 solicitar el ESTA antes de ir a Estados Unidos?","isPartOf":{"@id":"https:\/\/esta-etats-unis.net\/es\/#website"},"datePublished":"2014-11-17T21:19:18+00:00","dateModified":"2024-10-11T07:42:24+00:00","description":"\u00bfCu\u00e1l es la finalidad del ESTA, qui\u00e9n puede beneficiarse de \u00e9l y por qu\u00e9 hay que solicitarlo? Todas las respuestas en este art\u00edculo sobre la solicitud del ESTA.","inLanguage":"es","potentialAction":[{"@type":"ReadAction","target":["https:\/\/esta-etats-unis.net\/es\/por-que-solicitar-el-esta-antes-de-viajar-a-estados-unidos\/"]}]},{"@type":"WebSite","@id":"https:\/\/esta-etats-unis.net\/es\/#website","url":"https:\/\/esta-etats-unis.net\/es\/","name":"Organiza tu viaje a los Estados Unidos de Am\u00e9rica","description":"","potentialAction":[{"@type":"SearchAction","target":{"@type":"EntryPoint","urlTemplate":"https:\/\/esta-etats-unis.net\/es\/?s={search_term_string}"},"query-input":{"@type":"PropertyValueSpecification","valueRequired":true,"valueName":"search_term_string"}}],"inLanguage":"es"}]}},"_links":{"self":[{"href":"https:\/\/esta-etats-unis.net\/es\/wp-json\/wp\/v2\/pages\/504","targetHints":{"allow":["GET"]}}],"collection":[{"href":"https:\/\/esta-etats-unis.net\/es\/wp-json\/wp\/v2\/pages"}],"about":[{"href":"https:\/\/esta-etats-unis.net\/es\/wp-json\/wp\/v2\/types\/page"}],"author":[{"embeddable":true,"href":"https:\/\/esta-etats-unis.net\/es\/wp-json\/wp\/v2\/users\/1"}],"replies":[{"embeddable":true,"href":"https:\/\/esta-etats-unis.net\/es\/wp-json\/wp\/v2\/comments?post=504"}],"version-history":[{"count":4,"href":"https:\/\/esta-etats-unis.net\/es\/wp-json\/wp\/v2\/pages\/504\/revisions"}],"predecessor-version":[{"id":893,"href":"https:\/\/esta-etats-unis.net\/es\/wp-json\/wp\/v2\/pages\/504\/revisions\/893"}],"wp:attachment":[{"href":"https:\/\/esta-etats-unis.net\/es\/wp-json\/wp\/v2\/media?parent=504"}],"curies":[{"name":"wp","href":"https:\/\/api.w.org\/{rel}","templated":true}]}}