{"id":498,"date":"2014-11-17T22:12:34","date_gmt":"2014-11-17T21:12:34","guid":{"rendered":"https:\/\/esta-etats-unis.net\/que-billete-de-entrada-a-los-ee-uu-con-su-esta\/"},"modified":"2024-10-11T10:45:30","modified_gmt":"2024-10-11T09:45:30","slug":"que-billete-de-entrada-a-los-ee-uu-con-su-esta","status":"publish","type":"page","link":"https:\/\/esta-etats-unis.net\/es\/que-billete-de-entrada-a-los-ee-uu-con-su-esta\/","title":{"rendered":"Qu\u00e9 billete de entrada a los EE.UU. con su ESTA"},"content":{"rendered":"\n<p>Preparar un viaje a trav\u00e9s del Atl\u00e1ntico requiere tiempo, organizaci\u00f3n y una solicitud de permiso. La introducci\u00f3n del Programa de Exenci\u00f3n de Visado ha cambiado significativamente el proceso de viajar a Estados Unidos. Los nacionales de los pa\u00edses miembros del VWP (Programa de Exenci\u00f3n de Visado) ya no est\u00e1n obligados a solicitar un visado para una estancia de corta duraci\u00f3n en Estados Unidos por motivos de negocios, turismo o tr\u00e1nsito.<\/p>\n\n<p>Sin embargo, por razones de seguridad, deben obtener el ESTA, Sistema Electr\u00f3nico de Autorizaci\u00f3n de Viaje, antes de ir a Estados Unidos. Tambi\u00e9n hay otros requisitos para entrar en EE.UU. sin visado, sobre todo en lo que respecta al <a href=\"https:\/\/esta-etats-unis.net\/es\/que-pasaporte-necesito-para-obtener-un-esta-o-un-visado\/\">pasaporte<\/a> o al billete de avi\u00f3n.<\/p>\n\n<h2 class=\"wp-block-heading\">Aclaraci\u00f3n sobre el ESTA USA<\/h2>\n\n<p>Los \u00fanicos ciudadanos que pueden beneficiarse de la exenci\u00f3n de visado y viajar con el ESTA son los nacionales de los pa\u00edses incluidos en el Programa de Exenci\u00f3n de Visado. La autorizaci\u00f3n ESTA es un documento de viaje que permite viajar por <a href=\"https:\/\/esta-etats-unis.net\/es\/viajar-a-estados-unidos-en-avion-o-en-barco\/\">v\u00eda a\u00e9rea o mar\u00edtima<\/a>. Este documento es necesario para entrar en Estados Unidos para un viaje de corta duraci\u00f3n (90 d\u00edas como m\u00e1ximo). El motivo del viaje en este caso puede ser por negocios, turismo o tr\u00e1nsito.<\/p>\n\n<p>En cuanto al funcionamiento y la utilidad del sistema, la informaci\u00f3n proporcionada en el formulario en l\u00ednea est\u00e1 controlada por el Departamento de Seguridad Nacional y el Servicio de Inmigraci\u00f3n de Estados Unidos. Si de los controles no se desprende ning\u00fan dictamen desfavorable, la autorizaci\u00f3n se concede y es v\u00e1lida durante 2 a\u00f1os, o cuando caduque el pasaporte.<\/p>\n\n<h3 class=\"wp-block-heading\"><em>Procedimiento de solicitud del ESTA<\/em><\/h3>\n\n<p>Para obtener el ESTA, el viajero debe <a href=\"https:\/\/esta-etats-unis.net\/es\/esta-en-linea-para-la-autorizacion-de-emergencia\/\">solicitarlo en l\u00ednea<\/a> a trav\u00e9s del sitio web oficial o de sitios web especializados. La respuesta se enviar\u00e1 al solicitante a m\u00e1s tardar 72 horas despu\u00e9s de la presentaci\u00f3n del formulario ESTA cumplimentado. El ESTA puede utilizarse durante dos a\u00f1os (duraci\u00f3n de la validez del documento). La solicitud se env\u00eda a las autoridades estadounidenses tras el pago con tarjeta de cr\u00e9dito. Hay que tener en cuenta que, en caso de denegaci\u00f3n, el interesado deber\u00e1 solicitar un <a href=\"https:\/\/esta-etats-unis.net\/es\/como-puedo-solicitar-un-visado-en-la-embajada-de-estados-unidos\/\">visado estadounidense en la embajada de Estados Unidos<\/a> si tiene intenci\u00f3n de viajar a ese pa\u00eds. La obtenci\u00f3n de un visado estadounidense es un proceso largo y mucho m\u00e1s caro.<\/p>\n\n<h3 class=\"wp-block-heading\"><em>Condiciones de admisi\u00f3n en EE.UU.<\/em><\/h3>\n\n<p>La obtenci\u00f3n del ESTA no es una condici\u00f3n necesaria y suficiente para viajar a Estados Unidos. En efecto, s\u00f3lo permite el libre embarque en un avi\u00f3n o barco con destino a Estados Unidos. Se requieren otros tr\u00e1mites para poder permanecer en el pa\u00eds. Por un lado, el viajero sin visado debe tener un pasaporte v\u00e1lido (pasaporte electr\u00f3nico o pasaporte biom\u00e9trico) y cumplir los requisitos de seguridad: puede ser biom\u00e9trico o electr\u00f3nico. Por otra parte, el visitante debe tener un billete de vuelta que demuestre su intenci\u00f3n de abandonar el pa\u00eds a tiempo. Y por \u00faltimo, desde la reapertura de las fronteras en 2022, <strong>los visitantes deben estar al d\u00eda con sus vacunas COVID 19<\/strong>.<\/p>\n\n<h2 class=\"wp-block-heading\">\u00bfD\u00f3nde comprar un billete de avi\u00f3n para ir a Estados Unidos?<\/h2>\n\n<p>A trav\u00e9s de una agencia de viajes, puede acceder a paquetes que ofrecen reservas de vuelos y hoteles para un viaje a medida. Si es m\u00e1s probable que organice su viaje por su cuenta, tendr\u00e1 que encontrar billetes de avi\u00f3n para sus fechas y un hotel o piso que se adapte a sus necesidades. Debe solicitar <a href=\"https:\/\/123-esta.com\/es\/pregunta-esta-antes-de-comprar-billetes-de-avion\/\">el ESTA antes de comprar sus billetes de avi\u00f3n de ida y vuelta<\/a> para viajar a Estados Unidos.<\/p>\n\n<p>Nuestro consejo a los viajeros para encontrar un billete de avi\u00f3n barato: cada vez hay m\u00e1s compa\u00f1\u00edas a\u00e9reas en el mercado (XL Airways, Air France, British Airways&#8230;), por lo que es dif\u00edcil elegir una. Para ayudarle, vaya a un sitio de comparaci\u00f3n, indique su aeropuerto de origen y de llegada a Estados Unidos, las fechas del viaje, as\u00ed como su deseo de beneficiarse o no de un vuelo directo, y luego haga clic en validar. Espere unos segundos y el sitio comparar\u00e1 los diferentes precios de todas las compa\u00f1\u00edas a\u00e9reas. De este modo, conocer\u00e1 las mejores tarifas para viajar a Estados Unidos. Tenga en cuenta que si desea llevar equipaje de bodega adem\u00e1s de su equipaje de mano, pueden aplicarse cargos adicionales al precio dependiendo de la aerol\u00ednea.<\/p>\n","protected":false},"excerpt":{"rendered":"<p>Preparar un viaje a trav\u00e9s del Atl\u00e1ntico requiere tiempo, organizaci\u00f3n y una solicitud de permiso. La introducci\u00f3n del Programa de Exenci\u00f3n de Visado ha cambiado significativamente el proceso de viajar a Estados Unidos. Los nacionales de los pa\u00edses miembros del VWP (Programa de Exenci\u00f3n de Visado) ya no est\u00e1n obligados a solicitar un visado para &#8230; <a title=\"Qu\u00e9 billete de entrada a los EE.UU. con su ESTA\" class=\"read-more\" href=\"https:\/\/esta-etats-unis.net\/es\/que-billete-de-entrada-a-los-ee-uu-con-su-esta\/\" aria-label=\"Leer m\u00e1s sobre Qu\u00e9 billete de entrada a los EE.UU. con su ESTA\">Leer m\u00e1s<\/a><\/p>\n","protected":false},"author":1,"featured_media":0,"parent":0,"menu_order":0,"comment_status":"closed","ping_status":"closed","template":"","meta":{"footnotes":""},"class_list":["post-498","page","type-page","status-publish"],"yoast_head":"<!-- This site is optimized with the Yoast SEO plugin v26.2 - https:\/\/yoast.com\/wordpress\/plugins\/seo\/ -->\n<title>Billete de avi\u00f3n a Estados Unidos con ESTA<\/title>\n<meta name=\"description\" content=\"Para viajar a EE.UU., necesitas un pasaporte, una autorizaci\u00f3n ESTA y un billete de ida y vuelta.\" \/>\n<meta name=\"robots\" content=\"index, follow, max-snippet:-1, max-image-preview:large, max-video-preview:-1\" \/>\n<link rel=\"canonical\" href=\"https:\/\/esta-etats-unis.net\/es\/que-billete-de-entrada-a-los-ee-uu-con-su-esta\/\" \/>\n<meta property=\"og:locale\" content=\"es_ES\" \/>\n<meta property=\"og:type\" content=\"article\" \/>\n<meta property=\"og:title\" content=\"Billete de avi\u00f3n a Estados Unidos con ESTA\" \/>\n<meta property=\"og:description\" content=\"Para viajar a EE.UU., necesitas un pasaporte, una autorizaci\u00f3n ESTA y un billete de ida y vuelta.\" \/>\n<meta property=\"og:url\" content=\"https:\/\/esta-etats-unis.net\/es\/que-billete-de-entrada-a-los-ee-uu-con-su-esta\/\" \/>\n<meta property=\"og:site_name\" content=\"Organiza tu viaje a los Estados Unidos de Am\u00e9rica\" \/>\n<meta property=\"article:modified_time\" content=\"2024-10-11T09:45:30+00:00\" \/>\n<meta name=\"twitter:label1\" content=\"Tiempo de lectura\" \/>\n\t<meta name=\"twitter:data1\" content=\"4 minutos\" \/>\n<script type=\"application\/ld+json\" class=\"yoast-schema-graph\">{\"@context\":\"https:\/\/schema.org\",\"@graph\":[{\"@type\":\"WebPage\",\"@id\":\"https:\/\/esta-etats-unis.net\/es\/que-billete-de-entrada-a-los-ee-uu-con-su-esta\/\",\"url\":\"https:\/\/esta-etats-unis.net\/es\/que-billete-de-entrada-a-los-ee-uu-con-su-esta\/\",\"name\":\"Billete de avi\u00f3n a Estados Unidos con ESTA\",\"isPartOf\":{\"@id\":\"https:\/\/esta-etats-unis.net\/es\/#website\"},\"datePublished\":\"2014-11-17T21:12:34+00:00\",\"dateModified\":\"2024-10-11T09:45:30+00:00\",\"description\":\"Para viajar a EE.UU., necesitas un pasaporte, una autorizaci\u00f3n ESTA y un billete de ida y vuelta.\",\"inLanguage\":\"es\",\"potentialAction\":[{\"@type\":\"ReadAction\",\"target\":[\"https:\/\/esta-etats-unis.net\/es\/que-billete-de-entrada-a-los-ee-uu-con-su-esta\/\"]}]},{\"@type\":\"WebSite\",\"@id\":\"https:\/\/esta-etats-unis.net\/es\/#website\",\"url\":\"https:\/\/esta-etats-unis.net\/es\/\",\"name\":\"Organiza tu viaje a los Estados Unidos de Am\u00e9rica\",\"description\":\"\",\"potentialAction\":[{\"@type\":\"SearchAction\",\"target\":{\"@type\":\"EntryPoint\",\"urlTemplate\":\"https:\/\/esta-etats-unis.net\/es\/?s={search_term_string}\"},\"query-input\":{\"@type\":\"PropertyValueSpecification\",\"valueRequired\":true,\"valueName\":\"search_term_string\"}}],\"inLanguage\":\"es\"}]}<\/script>\n<!-- \/ Yoast SEO plugin. -->","yoast_head_json":{"title":"Billete de avi\u00f3n a Estados Unidos con ESTA","description":"Para viajar a EE.UU., necesitas un pasaporte, una autorizaci\u00f3n ESTA y un billete de ida y vuelta.","robots":{"index":"index","follow":"follow","max-snippet":"max-snippet:-1","max-image-preview":"max-image-preview:large","max-video-preview":"max-video-preview:-1"},"canonical":"https:\/\/esta-etats-unis.net\/es\/que-billete-de-entrada-a-los-ee-uu-con-su-esta\/","og_locale":"es_ES","og_type":"article","og_title":"Billete de avi\u00f3n a Estados Unidos con ESTA","og_description":"Para viajar a EE.UU., necesitas un pasaporte, una autorizaci\u00f3n ESTA y un billete de ida y vuelta.","og_url":"https:\/\/esta-etats-unis.net\/es\/que-billete-de-entrada-a-los-ee-uu-con-su-esta\/","og_site_name":"Organiza tu viaje a los Estados Unidos de Am\u00e9rica","article_modified_time":"2024-10-11T09:45:30+00:00","twitter_misc":{"Tiempo de lectura":"4 minutos"},"schema":{"@context":"https:\/\/schema.org","@graph":[{"@type":"WebPage","@id":"https:\/\/esta-etats-unis.net\/es\/que-billete-de-entrada-a-los-ee-uu-con-su-esta\/","url":"https:\/\/esta-etats-unis.net\/es\/que-billete-de-entrada-a-los-ee-uu-con-su-esta\/","name":"Billete de avi\u00f3n a Estados Unidos con ESTA","isPartOf":{"@id":"https:\/\/esta-etats-unis.net\/es\/#website"},"datePublished":"2014-11-17T21:12:34+00:00","dateModified":"2024-10-11T09:45:30+00:00","description":"Para viajar a EE.UU., necesitas un pasaporte, una autorizaci\u00f3n ESTA y un billete de ida y vuelta.","inLanguage":"es","potentialAction":[{"@type":"ReadAction","target":["https:\/\/esta-etats-unis.net\/es\/que-billete-de-entrada-a-los-ee-uu-con-su-esta\/"]}]},{"@type":"WebSite","@id":"https:\/\/esta-etats-unis.net\/es\/#website","url":"https:\/\/esta-etats-unis.net\/es\/","name":"Organiza tu viaje a los Estados Unidos de Am\u00e9rica","description":"","potentialAction":[{"@type":"SearchAction","target":{"@type":"EntryPoint","urlTemplate":"https:\/\/esta-etats-unis.net\/es\/?s={search_term_string}"},"query-input":{"@type":"PropertyValueSpecification","valueRequired":true,"valueName":"search_term_string"}}],"inLanguage":"es"}]}},"_links":{"self":[{"href":"https:\/\/esta-etats-unis.net\/es\/wp-json\/wp\/v2\/pages\/498","targetHints":{"allow":["GET"]}}],"collection":[{"href":"https:\/\/esta-etats-unis.net\/es\/wp-json\/wp\/v2\/pages"}],"about":[{"href":"https:\/\/esta-etats-unis.net\/es\/wp-json\/wp\/v2\/types\/page"}],"author":[{"embeddable":true,"href":"https:\/\/esta-etats-unis.net\/es\/wp-json\/wp\/v2\/users\/1"}],"replies":[{"embeddable":true,"href":"https:\/\/esta-etats-unis.net\/es\/wp-json\/wp\/v2\/comments?post=498"}],"version-history":[{"count":3,"href":"https:\/\/esta-etats-unis.net\/es\/wp-json\/wp\/v2\/pages\/498\/revisions"}],"predecessor-version":[{"id":755,"href":"https:\/\/esta-etats-unis.net\/es\/wp-json\/wp\/v2\/pages\/498\/revisions\/755"}],"wp:attachment":[{"href":"https:\/\/esta-etats-unis.net\/es\/wp-json\/wp\/v2\/media?parent=498"}],"curies":[{"name":"wp","href":"https:\/\/api.w.org\/{rel}","templated":true}]}}