{"id":490,"date":"2014-11-17T22:10:00","date_gmt":"2014-11-17T21:10:00","guid":{"rendered":"https:\/\/esta-etats-unis.net\/es-necesario-un-visado-para-visitar-estados-unidos\/"},"modified":"2024-10-11T08:27:38","modified_gmt":"2024-10-11T07:27:38","slug":"es-necesario-un-visado-para-visitar-estados-unidos","status":"publish","type":"page","link":"https:\/\/esta-etats-unis.net\/es\/es-necesario-un-visado-para-visitar-estados-unidos\/","title":{"rendered":"\u00bfEs necesario un visado para visitar Estados Unidos?"},"content":{"rendered":"\n<p>El procedimiento para viajar a Estados Unidos ha cambiado considerablemente desde que el gobierno estadounidense introdujo el Programa de Exenci\u00f3n de Visado y el sistema electr\u00f3nico de autorizaci\u00f3n de viaje <a href=\"https:\/\/esta-etats-unis.net\/es\/tramites-del-esta-para-su-viaje-a-estados-unidos\/\">ESTA<\/a>.  <\/p>\n\n<p>Por lo tanto, para responder a la pregunta: \u00ab\u00bfNecesito un visado estadounidense para viajar a Estados Unidos?\u00bb, el viajero debe averiguar en primer lugar cu\u00e1l es la situaci\u00f3n en su pa\u00eds de residencia con respecto al programa. Los nacionales de los pa\u00edses que participan en este programa disfrutan actualmente de un acceso privilegiado a Estados Unidos cuando viajan con ESTA, y por tanto sin visado. Para beneficiarse del programa, los viajeros deben cumplir todas las condiciones exigidas, incluido el derecho a la exenci\u00f3n de visado: una estancia inferior a 90 d\u00edas, un pasaporte biom\u00e9trico o electr\u00f3nico, una autorizaci\u00f3n ESTA previa a la salida y un billete de vuelta que demuestre la intenci\u00f3n real de abandonar el pa\u00eds antes del plazo de 90 d\u00edas. <\/p>\n\n<h2 class=\"wp-block-heading\">Informaci\u00f3n sobre el ESTA<\/h2>\n\n<p>Para recibir el ESTA, hay que rellenar un <a href=\"https:\/\/esta-etats-unis.net\/es\/como-es-el-formulario-esta\/\">formulario en l\u00ednea<\/a> para viajar a Estados Unidos. Por lo tanto, la posibilidad de viajar a Estados Unidos depende de la obtenci\u00f3n o no de este permiso de residencia. Este sistema se puso en marcha para reforzar las medidas de seguridad para el pa\u00eds, los estadounidenses y los visitantes. <a href=\"https:\/\/esta-etats-unis.net\/es\/como-rellenar-correctamente-el-formulario-esta\/\">La autorizaci\u00f3n ESTA<\/a> permite realizar controles previos a los extranjeros que desean permanecer o transitar, e impide la entrada o la intrusi\u00f3n de personas malintencionadas o que puedan suponer una amenaza para la salud y\/o la seguridad nacional.<\/p>\n\n<p>La informaci\u00f3n requerida en el formulario puede dividirse en tres partes: la primera parte se refiere a la identidad del viajero con los datos del pasaporte; la segunda parte se refiere a la salud f\u00edsica y mental del viajero; la tercera parte se refiere a los planes de viaje del viajero, como el motivo del viaje o el lugar de residencia durante el viaje a Estados Unidos. Para que se le conceda, el formulario ESTA debe estar correctamente cumplimentado. El permiso expedido es v\u00e1lido para una estancia total de 90 d\u00edas y para entradas m\u00faltiples durante 2 a\u00f1os o hasta que el pasaporte caduque. Como el ESTA est\u00e1 vinculado al n\u00famero de pasaporte, debe renovar su solicitud si tiene un nuevo pasaporte.<\/p>\n\n<h2 class=\"wp-block-heading\">Casos en los que se requiere un visado para entrar en Estados Unidos<\/h2>\n\n<p>Todos los pa\u00edses que no participan en el Programa de <a href=\"https:\/\/www.dhs.gov\/visa-waiver-program\">Exenci\u00f3n de Visado<\/a> deben obtener un visado para entrar en Estados Unidos, independientemente del motivo del viaje o de la duraci\u00f3n de la estancia. Sin embargo, para los nacionales de los pa\u00edses del programa, la situaci\u00f3n es diferente seg\u00fan la duraci\u00f3n de la estancia y el motivo de la misma.<\/p>\n\n<p>De hecho, se requiere un visado cuando el viaje supera los 90 d\u00edas, o para viajes que no sean de negocios, turismo o tr\u00e1nsito. Por ejemplo, si quiere permanecer en EE.UU. durante 6 meses, trabajar en EE.UU. o estudiar en una universidad, tendr\u00e1 que solicitar un visado en la embajada estadounidense. Adem\u00e1s, un ciudadano normalmente exento de visado al que las autoridades estadounidenses le hayan denegado el ESTA deber\u00e1 solicitar tambi\u00e9n un visado.<\/p>\n\n<h2 class=\"wp-block-heading\">\u00bfC\u00f3mo puedo obtener un ESTA para viajar a Estados Unidos?<\/h2>\n\n<p>Si procede de un pa\u00eds que forma parte del Programa de Exenci\u00f3n de Visado, podr\u00e1 viajar sin visado a Estados Unidos en determinadas condiciones. El principal requisito es obtener un ESTA. Para adquirir este documento de viaje, hay que solicitarlo en la p\u00e1gina web oficial del gobierno estadounidense. La <a href=\"https:\/\/demande-esta.com\/\">solicitud del ESTA<\/a> debe completarse correctamente al menos 72 horas antes de la fecha de salida prevista. La duraci\u00f3n de la estancia, que puede ser de negocios, de turismo o de tr\u00e1nsito, no debe superar los 90 d\u00edas. El otro requisito es que el pasaporte sea biom\u00e9trico o electr\u00f3nico.<\/p>\n\n<p>Coge tu pasaporte y tu tarjeta de cr\u00e9dito para pagar la solicitud ESTA y dir\u00edgete a uno de los sitios que ofrecen solicitar el permiso en tu nombre.<\/p>\n","protected":false},"excerpt":{"rendered":"<p>El procedimiento para viajar a Estados Unidos ha cambiado considerablemente desde que el gobierno estadounidense introdujo el Programa de Exenci\u00f3n de Visado y el sistema electr\u00f3nico de autorizaci\u00f3n de viaje ESTA. Por lo tanto, para responder a la pregunta: \u00ab\u00bfNecesito un visado estadounidense para viajar a Estados Unidos?\u00bb, el viajero debe averiguar en primer lugar &#8230; <a title=\"\u00bfEs necesario un visado para visitar Estados Unidos?\" class=\"read-more\" href=\"https:\/\/esta-etats-unis.net\/es\/es-necesario-un-visado-para-visitar-estados-unidos\/\" aria-label=\"Leer m\u00e1s sobre \u00bfEs necesario un visado para visitar Estados Unidos?\">Leer m\u00e1s<\/a><\/p>\n","protected":false},"author":1,"featured_media":0,"parent":0,"menu_order":0,"comment_status":"closed","ping_status":"closed","template":"","meta":{"footnotes":""},"class_list":["post-490","page","type-page","status-publish"],"yoast_head":"<!-- This site is optimized with the Yoast SEO plugin v26.2 - https:\/\/yoast.com\/wordpress\/plugins\/seo\/ -->\n<title>\u00bfEs necesario un visado para visitar Estados Unidos?<\/title>\n<meta name=\"description\" content=\"No necesitas necesariamente un visado para viajar a Estados Unidos: el ESTA puede llevarte all\u00ed.\" \/>\n<meta name=\"robots\" content=\"index, follow, max-snippet:-1, max-image-preview:large, max-video-preview:-1\" \/>\n<link rel=\"canonical\" href=\"https:\/\/esta-etats-unis.net\/es\/es-necesario-un-visado-para-visitar-estados-unidos\/\" \/>\n<meta property=\"og:locale\" content=\"es_ES\" \/>\n<meta property=\"og:type\" content=\"article\" \/>\n<meta property=\"og:title\" content=\"\u00bfEs necesario un visado para visitar Estados Unidos?\" \/>\n<meta property=\"og:description\" content=\"No necesitas necesariamente un visado para viajar a Estados Unidos: el ESTA puede llevarte all\u00ed.\" \/>\n<meta property=\"og:url\" content=\"https:\/\/esta-etats-unis.net\/es\/es-necesario-un-visado-para-visitar-estados-unidos\/\" \/>\n<meta property=\"og:site_name\" content=\"Organiza tu viaje a los Estados Unidos de Am\u00e9rica\" \/>\n<meta property=\"article:modified_time\" content=\"2024-10-11T07:27:38+00:00\" \/>\n<meta name=\"twitter:label1\" content=\"Tiempo de lectura\" \/>\n\t<meta name=\"twitter:data1\" content=\"4 minutos\" \/>\n<script type=\"application\/ld+json\" class=\"yoast-schema-graph\">{\"@context\":\"https:\/\/schema.org\",\"@graph\":[{\"@type\":\"WebPage\",\"@id\":\"https:\/\/esta-etats-unis.net\/es\/es-necesario-un-visado-para-visitar-estados-unidos\/\",\"url\":\"https:\/\/esta-etats-unis.net\/es\/es-necesario-un-visado-para-visitar-estados-unidos\/\",\"name\":\"\u00bfEs necesario un visado para visitar Estados Unidos?\",\"isPartOf\":{\"@id\":\"https:\/\/esta-etats-unis.net\/es\/#website\"},\"datePublished\":\"2014-11-17T21:10:00+00:00\",\"dateModified\":\"2024-10-11T07:27:38+00:00\",\"description\":\"No necesitas necesariamente un visado para viajar a Estados Unidos: el ESTA puede llevarte all\u00ed.\",\"inLanguage\":\"es\",\"potentialAction\":[{\"@type\":\"ReadAction\",\"target\":[\"https:\/\/esta-etats-unis.net\/es\/es-necesario-un-visado-para-visitar-estados-unidos\/\"]}]},{\"@type\":\"WebSite\",\"@id\":\"https:\/\/esta-etats-unis.net\/es\/#website\",\"url\":\"https:\/\/esta-etats-unis.net\/es\/\",\"name\":\"Organiza tu viaje a los Estados Unidos de Am\u00e9rica\",\"description\":\"\",\"potentialAction\":[{\"@type\":\"SearchAction\",\"target\":{\"@type\":\"EntryPoint\",\"urlTemplate\":\"https:\/\/esta-etats-unis.net\/es\/?s={search_term_string}\"},\"query-input\":{\"@type\":\"PropertyValueSpecification\",\"valueRequired\":true,\"valueName\":\"search_term_string\"}}],\"inLanguage\":\"es\"}]}<\/script>\n<!-- \/ Yoast SEO plugin. -->","yoast_head_json":{"title":"\u00bfEs necesario un visado para visitar Estados Unidos?","description":"No necesitas necesariamente un visado para viajar a Estados Unidos: el ESTA puede llevarte all\u00ed.","robots":{"index":"index","follow":"follow","max-snippet":"max-snippet:-1","max-image-preview":"max-image-preview:large","max-video-preview":"max-video-preview:-1"},"canonical":"https:\/\/esta-etats-unis.net\/es\/es-necesario-un-visado-para-visitar-estados-unidos\/","og_locale":"es_ES","og_type":"article","og_title":"\u00bfEs necesario un visado para visitar Estados Unidos?","og_description":"No necesitas necesariamente un visado para viajar a Estados Unidos: el ESTA puede llevarte all\u00ed.","og_url":"https:\/\/esta-etats-unis.net\/es\/es-necesario-un-visado-para-visitar-estados-unidos\/","og_site_name":"Organiza tu viaje a los Estados Unidos de Am\u00e9rica","article_modified_time":"2024-10-11T07:27:38+00:00","twitter_misc":{"Tiempo de lectura":"4 minutos"},"schema":{"@context":"https:\/\/schema.org","@graph":[{"@type":"WebPage","@id":"https:\/\/esta-etats-unis.net\/es\/es-necesario-un-visado-para-visitar-estados-unidos\/","url":"https:\/\/esta-etats-unis.net\/es\/es-necesario-un-visado-para-visitar-estados-unidos\/","name":"\u00bfEs necesario un visado para visitar Estados Unidos?","isPartOf":{"@id":"https:\/\/esta-etats-unis.net\/es\/#website"},"datePublished":"2014-11-17T21:10:00+00:00","dateModified":"2024-10-11T07:27:38+00:00","description":"No necesitas necesariamente un visado para viajar a Estados Unidos: el ESTA puede llevarte all\u00ed.","inLanguage":"es","potentialAction":[{"@type":"ReadAction","target":["https:\/\/esta-etats-unis.net\/es\/es-necesario-un-visado-para-visitar-estados-unidos\/"]}]},{"@type":"WebSite","@id":"https:\/\/esta-etats-unis.net\/es\/#website","url":"https:\/\/esta-etats-unis.net\/es\/","name":"Organiza tu viaje a los Estados Unidos de Am\u00e9rica","description":"","potentialAction":[{"@type":"SearchAction","target":{"@type":"EntryPoint","urlTemplate":"https:\/\/esta-etats-unis.net\/es\/?s={search_term_string}"},"query-input":{"@type":"PropertyValueSpecification","valueRequired":true,"valueName":"search_term_string"}}],"inLanguage":"es"}]}},"_links":{"self":[{"href":"https:\/\/esta-etats-unis.net\/es\/wp-json\/wp\/v2\/pages\/490","targetHints":{"allow":["GET"]}}],"collection":[{"href":"https:\/\/esta-etats-unis.net\/es\/wp-json\/wp\/v2\/pages"}],"about":[{"href":"https:\/\/esta-etats-unis.net\/es\/wp-json\/wp\/v2\/types\/page"}],"author":[{"embeddable":true,"href":"https:\/\/esta-etats-unis.net\/es\/wp-json\/wp\/v2\/users\/1"}],"replies":[{"embeddable":true,"href":"https:\/\/esta-etats-unis.net\/es\/wp-json\/wp\/v2\/comments?post=490"}],"version-history":[{"count":5,"href":"https:\/\/esta-etats-unis.net\/es\/wp-json\/wp\/v2\/pages\/490\/revisions"}],"predecessor-version":[{"id":879,"href":"https:\/\/esta-etats-unis.net\/es\/wp-json\/wp\/v2\/pages\/490\/revisions\/879"}],"wp:attachment":[{"href":"https:\/\/esta-etats-unis.net\/es\/wp-json\/wp\/v2\/media?parent=490"}],"curies":[{"name":"wp","href":"https:\/\/api.w.org\/{rel}","templated":true}]}}