{"id":477,"date":"2014-11-17T22:11:18","date_gmt":"2014-11-17T21:11:18","guid":{"rendered":"https:\/\/esta-etats-unis.net\/tramites-del-esta-para-su-viaje-a-estados-unidos\/"},"modified":"2024-10-09T14:40:49","modified_gmt":"2024-10-09T13:40:49","slug":"tramites-del-esta-para-su-viaje-a-estados-unidos","status":"publish","type":"page","link":"https:\/\/esta-etats-unis.net\/es\/tramites-del-esta-para-su-viaje-a-estados-unidos\/","title":{"rendered":"Tr\u00e1mites del ESTA para su viaje a Estados Unidos"},"content":{"rendered":"\n<p>Desde enero de 2009, existe un nuevo procedimiento para entrar en Estados Unidos con la introducci\u00f3n del Programa de Exenci\u00f3n de Visado. Los pa\u00edses incluidos en este programa se benefician de un procedimiento simplificado: no se exige visado para viajes de negocios, turismo o tr\u00e1nsito de menos de 90 d\u00edas. Sin embargo, por razones de seguridad y control, se exige un ESTA antes de la salida. Se trata de un documento de autorizaci\u00f3n <a href=\"https:\/\/esta-etats-unis.net\/es\/como-rellenar-correctamente-el-formulario-esta\/\">ESTA que debe cumplimentarse en l\u00ednea<\/a> a trav\u00e9s del sitio web del gobierno estadounidense. El proceso es sencillo: basta con rellenar correctamente el <a href=\"https:\/\/esta-etats-unis.net\/es\/como-es-el-formulario-esta\/\">formulario ESTA<\/a> y pagar la tasa de tramitaci\u00f3n y solicitud de 21 d\u00f3lares. A continuaci\u00f3n, deber\u00e1s esperar un m\u00e1ximo de 72 horas para recibir una respuesta de las autoridades estadounidenses.     <\/p>\n\n<h2 class=\"wp-block-heading\">Beneficiarios de la solicitud del ESTA para viajar a Estados Unidos<\/h2>\n\n<p>Los pa\u00edses cubiertos por el VWP son: <span style=\"font-weight: 400;\">Alemania, Andorra, Australia, Austria, B\u00e9lgica, Brunei, Chile, Corea del Sur, Croacia, Dinamarca, Eslovaquia, Eslovenia, Espa\u00f1a, Estonia, Finlandia, Francia, Grecia, Hungr\u00eda, Irlanda, Islandia, Israel, Italia, Jap\u00f3n, Pa\u00edses Bajos, Letonia, Liechtenstein, Lituania, Luxemburgo, Malta, M\u00f3naco, Noruega, Nueva Zelanda, Polonia, Portugal, Reino Unido, Rep\u00fablica Checa, San Marino, Singapur, Suecia, Suiza y Taiw\u00e1n.<\/span><\/p>\n\n<p>Para ser admitido, necesitas un <a href=\"https:\/\/esta-etats-unis.net\/es\/que-pasaporte-necesito-para-obtener-un-esta-o-un-visado\/\">pasaporte v\u00e1lido<\/a> (electr\u00f3nico o biom\u00e9trico) y planes para viajar por negocios, ocio, turismo o tr\u00e1nsito durante un m\u00e1ximo de 90 d\u00edas. En lugar de solicitar un visado estadounidense, estos ciudadanos pueden obtener una autorizaci\u00f3n ESTA en l\u00ednea. Por tanto, la <a href=\"https:\/\/esta-etats-unis.net\/es\/visado-o-esta-para-viajar-a-estados-unidos\/\">elecci\u00f3n entre un visado y el ESTA<\/a> se basa en la nacionalidad, pero tambi\u00e9n en el motivo del viaje.  <\/p>\n\n<p>Esto es m\u00e1s f\u00e1cil, m\u00e1s r\u00e1pido y m\u00e1s barato. Hay que tener en cuenta que el documento ESTA le permite viajar a Estados Unidos durante un m\u00e1ximo de 90 d\u00edas. Es v\u00e1lido para m\u00faltiples entradas, durante 2 a\u00f1os o hasta que caduque el pasaporte biom\u00e9trico o electr\u00f3nico. Incluso si su <a href=\"https:\/\/esta-etats-unis.net\/es\/tramites-del-esta-para-su-viaje-a-estados-unidos\/que-hacer-si-pierde-su-autorizacion-esta\/\">ESTA se pierde<\/a>, la plataforma oficial en l\u00ednea <a href=\"https:\/\/www.dhs.gov\/\">del DHS<\/a> le permite recuperarlo. Aparte de estas circunstancias o en el caso de que el ESTA sea rechazado, la obtenci\u00f3n de un visado para EE.UU. es la \u00fanica alternativa que queda si el viajero se plantea viajar a EE.UU. Hay que tener en cuenta que el ESTA s\u00f3lo permite viajar libremente a Estados Unidos, s\u00f3lo los agentes deciden lo que le ocurre cuando llega a suelo americano.<\/p>\n\n<h2 class=\"wp-block-heading\">Procedimiento para obtener el ESTA<\/h2>\n\n<p>El documento de viaje ESTA se obtiene mediante una solicitud en l\u00ednea relativamente sencilla y r\u00e1pida. Se trata de un formulario en l\u00ednea que se rellena con el pasaporte. Se le pedir\u00e1 que rellene sus datos personales, los del pasaporte y las condiciones de su viaje a los Estados Unidos. Tambi\u00e9n se le har\u00e1n una serie de preguntas para ayudar a las autoridades estadounidenses a determinar si es usted un riesgo para la seguridad interna del pa\u00eds.<\/p>\n\n<p>Su pedido se considera validado cuando se acepta el pago. La respuesta se dar\u00e1 inmediatamente. Puede tratarse de una autorizaci\u00f3n aprobada, de una denegaci\u00f3n o de una respuesta <a href=\"https:\/\/123-esta.com\/es\/que-hacer-si-solicitas-esta-esperando\/\">pendiente del ESTA<\/a>. Si una solicitud est\u00e1 pendiente, la respuesta estar\u00e1 disponible en el sitio web oficial en un plazo de 72 horas.<\/p>\n","protected":false},"excerpt":{"rendered":"<p>Desde enero de 2009, existe un nuevo procedimiento para entrar en Estados Unidos con la introducci\u00f3n del Programa de Exenci\u00f3n de Visado. Los pa\u00edses incluidos en este programa se benefician de un procedimiento simplificado: no se exige visado para viajes de negocios, turismo o tr\u00e1nsito de menos de 90 d\u00edas. Sin embargo, por razones de &#8230; <a title=\"Tr\u00e1mites del ESTA para su viaje a Estados Unidos\" class=\"read-more\" href=\"https:\/\/esta-etats-unis.net\/es\/tramites-del-esta-para-su-viaje-a-estados-unidos\/\" aria-label=\"Leer m\u00e1s sobre Tr\u00e1mites del ESTA para su viaje a Estados Unidos\">Leer m\u00e1s<\/a><\/p>\n","protected":false},"author":1,"featured_media":0,"parent":0,"menu_order":0,"comment_status":"closed","ping_status":"closed","template":"","meta":{"footnotes":""},"class_list":["post-477","page","type-page","status-publish"],"yoast_head":"<!-- This site is optimized with the Yoast SEO plugin v26.2 - https:\/\/yoast.com\/wordpress\/plugins\/seo\/ -->\n<title>ESTA: nuevo tr\u00e1mite para su viaje a Estados Unidos<\/title>\n<meta name=\"description\" content=\"Ya no es necesario solicitar un visado para viajar a Estados Unidos. En efecto, hoy en d\u00eda, una autorizaci\u00f3n ESTA es suficiente para viajar a Estados Unidos.\" \/>\n<meta name=\"robots\" content=\"index, follow, max-snippet:-1, max-image-preview:large, max-video-preview:-1\" \/>\n<link rel=\"canonical\" href=\"https:\/\/esta-etats-unis.net\/es\/tramites-del-esta-para-su-viaje-a-estados-unidos\/\" \/>\n<meta property=\"og:locale\" content=\"es_ES\" \/>\n<meta property=\"og:type\" content=\"article\" \/>\n<meta property=\"og:title\" content=\"ESTA: nuevo tr\u00e1mite para su viaje a Estados Unidos\" \/>\n<meta property=\"og:description\" content=\"Ya no es necesario solicitar un visado para viajar a Estados Unidos. En efecto, hoy en d\u00eda, una autorizaci\u00f3n ESTA es suficiente para viajar a Estados Unidos.\" \/>\n<meta property=\"og:url\" content=\"https:\/\/esta-etats-unis.net\/es\/tramites-del-esta-para-su-viaje-a-estados-unidos\/\" \/>\n<meta property=\"og:site_name\" content=\"Organiza tu viaje a los Estados Unidos de Am\u00e9rica\" \/>\n<meta property=\"article:modified_time\" content=\"2024-10-09T13:40:49+00:00\" \/>\n<meta name=\"twitter:label1\" content=\"Tiempo de lectura\" \/>\n\t<meta name=\"twitter:data1\" content=\"3 minutos\" \/>\n<script type=\"application\/ld+json\" class=\"yoast-schema-graph\">{\"@context\":\"https:\/\/schema.org\",\"@graph\":[{\"@type\":\"WebPage\",\"@id\":\"https:\/\/esta-etats-unis.net\/es\/tramites-del-esta-para-su-viaje-a-estados-unidos\/\",\"url\":\"https:\/\/esta-etats-unis.net\/es\/tramites-del-esta-para-su-viaje-a-estados-unidos\/\",\"name\":\"ESTA: nuevo tr\u00e1mite para su viaje a Estados Unidos\",\"isPartOf\":{\"@id\":\"https:\/\/esta-etats-unis.net\/es\/#website\"},\"datePublished\":\"2014-11-17T21:11:18+00:00\",\"dateModified\":\"2024-10-09T13:40:49+00:00\",\"description\":\"Ya no es necesario solicitar un visado para viajar a Estados Unidos. En efecto, hoy en d\u00eda, una autorizaci\u00f3n ESTA es suficiente para viajar a Estados Unidos.\",\"inLanguage\":\"es\",\"potentialAction\":[{\"@type\":\"ReadAction\",\"target\":[\"https:\/\/esta-etats-unis.net\/es\/tramites-del-esta-para-su-viaje-a-estados-unidos\/\"]}]},{\"@type\":\"WebSite\",\"@id\":\"https:\/\/esta-etats-unis.net\/es\/#website\",\"url\":\"https:\/\/esta-etats-unis.net\/es\/\",\"name\":\"Organiza tu viaje a los Estados Unidos de Am\u00e9rica\",\"description\":\"\",\"potentialAction\":[{\"@type\":\"SearchAction\",\"target\":{\"@type\":\"EntryPoint\",\"urlTemplate\":\"https:\/\/esta-etats-unis.net\/es\/?s={search_term_string}\"},\"query-input\":{\"@type\":\"PropertyValueSpecification\",\"valueRequired\":true,\"valueName\":\"search_term_string\"}}],\"inLanguage\":\"es\"}]}<\/script>\n<!-- \/ Yoast SEO plugin. -->","yoast_head_json":{"title":"ESTA: nuevo tr\u00e1mite para su viaje a Estados Unidos","description":"Ya no es necesario solicitar un visado para viajar a Estados Unidos. En efecto, hoy en d\u00eda, una autorizaci\u00f3n ESTA es suficiente para viajar a Estados Unidos.","robots":{"index":"index","follow":"follow","max-snippet":"max-snippet:-1","max-image-preview":"max-image-preview:large","max-video-preview":"max-video-preview:-1"},"canonical":"https:\/\/esta-etats-unis.net\/es\/tramites-del-esta-para-su-viaje-a-estados-unidos\/","og_locale":"es_ES","og_type":"article","og_title":"ESTA: nuevo tr\u00e1mite para su viaje a Estados Unidos","og_description":"Ya no es necesario solicitar un visado para viajar a Estados Unidos. En efecto, hoy en d\u00eda, una autorizaci\u00f3n ESTA es suficiente para viajar a Estados Unidos.","og_url":"https:\/\/esta-etats-unis.net\/es\/tramites-del-esta-para-su-viaje-a-estados-unidos\/","og_site_name":"Organiza tu viaje a los Estados Unidos de Am\u00e9rica","article_modified_time":"2024-10-09T13:40:49+00:00","twitter_misc":{"Tiempo de lectura":"3 minutos"},"schema":{"@context":"https:\/\/schema.org","@graph":[{"@type":"WebPage","@id":"https:\/\/esta-etats-unis.net\/es\/tramites-del-esta-para-su-viaje-a-estados-unidos\/","url":"https:\/\/esta-etats-unis.net\/es\/tramites-del-esta-para-su-viaje-a-estados-unidos\/","name":"ESTA: nuevo tr\u00e1mite para su viaje a Estados Unidos","isPartOf":{"@id":"https:\/\/esta-etats-unis.net\/es\/#website"},"datePublished":"2014-11-17T21:11:18+00:00","dateModified":"2024-10-09T13:40:49+00:00","description":"Ya no es necesario solicitar un visado para viajar a Estados Unidos. En efecto, hoy en d\u00eda, una autorizaci\u00f3n ESTA es suficiente para viajar a Estados Unidos.","inLanguage":"es","potentialAction":[{"@type":"ReadAction","target":["https:\/\/esta-etats-unis.net\/es\/tramites-del-esta-para-su-viaje-a-estados-unidos\/"]}]},{"@type":"WebSite","@id":"https:\/\/esta-etats-unis.net\/es\/#website","url":"https:\/\/esta-etats-unis.net\/es\/","name":"Organiza tu viaje a los Estados Unidos de Am\u00e9rica","description":"","potentialAction":[{"@type":"SearchAction","target":{"@type":"EntryPoint","urlTemplate":"https:\/\/esta-etats-unis.net\/es\/?s={search_term_string}"},"query-input":{"@type":"PropertyValueSpecification","valueRequired":true,"valueName":"search_term_string"}}],"inLanguage":"es"}]}},"_links":{"self":[{"href":"https:\/\/esta-etats-unis.net\/es\/wp-json\/wp\/v2\/pages\/477","targetHints":{"allow":["GET"]}}],"collection":[{"href":"https:\/\/esta-etats-unis.net\/es\/wp-json\/wp\/v2\/pages"}],"about":[{"href":"https:\/\/esta-etats-unis.net\/es\/wp-json\/wp\/v2\/types\/page"}],"author":[{"embeddable":true,"href":"https:\/\/esta-etats-unis.net\/es\/wp-json\/wp\/v2\/users\/1"}],"replies":[{"embeddable":true,"href":"https:\/\/esta-etats-unis.net\/es\/wp-json\/wp\/v2\/comments?post=477"}],"version-history":[{"count":4,"href":"https:\/\/esta-etats-unis.net\/es\/wp-json\/wp\/v2\/pages\/477\/revisions"}],"predecessor-version":[{"id":848,"href":"https:\/\/esta-etats-unis.net\/es\/wp-json\/wp\/v2\/pages\/477\/revisions\/848"}],"wp:attachment":[{"href":"https:\/\/esta-etats-unis.net\/es\/wp-json\/wp\/v2\/media?parent=477"}],"curies":[{"name":"wp","href":"https:\/\/api.w.org\/{rel}","templated":true}]}}