{"id":473,"date":"2014-11-17T22:16:32","date_gmt":"2014-11-17T21:16:32","guid":{"rendered":"https:\/\/esta-etats-unis.net\/como-rellenar-el-formulario-esta-para-viajar-a-estados-unidos\/"},"modified":"2024-10-09T14:29:34","modified_gmt":"2024-10-09T13:29:34","slug":"como-rellenar-el-formulario-esta-para-viajar-a-estados-unidos","status":"publish","type":"page","link":"https:\/\/esta-etats-unis.net\/es\/como-rellenar-el-formulario-esta-para-viajar-a-estados-unidos\/","title":{"rendered":"\u00bfC\u00f3mo rellenar el formulario ESTA para viajar a Estados Unidos?"},"content":{"rendered":"\n<p><a href=\"https:\/\/esta-etats-unis.net\/es\/\">La autorizaci\u00f3n ESTA<\/a> es obligatoria para cualquier persona que desee viajar a Estados Unidos. Se trata de un sistema de autorizaci\u00f3n de viaje electr\u00f3nico vinculado al n\u00famero de pasaporte, que permite una estancia tur\u00edstica o de negocios de hasta 90 d\u00edas. Para obtenerla y viajar a Estados Unidos, tienes que solicitar autorizaci\u00f3n a las autoridades estadounidenses mediante el formulario ESTA. El solicitante debe cumplir todos los requisitos, como ser nacional de un pa\u00eds miembro del Programa de Exenci\u00f3n de Visado del gobierno estadounidense, tener un <a href=\"https:\/\/esta-etats-unis.net\/es\/que-billete-de-entrada-a-los-ee-uu-con-su-esta\/\">billete de avi\u00f3n de ida y vuelta<\/a> y un <a href=\"https:\/\/esta-etats-unis.net\/es\/que-pasaporte-necesito-para-obtener-un-esta-o-un-visado\/\">pasaporte biom\u00e9trico o electr\u00f3nico<\/a>.<\/p>\n\n<p>El viaje debe realizarse con una empresa reconocida por EEUU. La solicitud de autorizaci\u00f3n debe presentarse lo antes posible y a m\u00e1s tardar 72 horas antes del embarque. Como recordatorio, la autorizaci\u00f3n ESTA no sustituye en modo alguno al visado estadounidense. Sin embargo, los viajeros con un <a href=\"https:\/\/hb1079.org\/\">visado<\/a> v\u00e1lido <a href=\"https:\/\/hb1079.org\/\">para<\/a> EEUU no necesitan obtener la autorizaci\u00f3n ESTA para viajar a EEUU. <\/p>\n\n<h2 class=\"wp-block-heading\">\u00bfPara qu\u00e9 sirve la autorizaci\u00f3n ESTA?<\/h2>\n\n<p>Anteriormente, los viajeros deb\u00edan solicitar un visado para entrar en Estados Unidos. Hay varios en funci\u00f3n del motivo de su viaje, ya sea por turismo, trabajo o estudios. Esta formalidad requiere un largo proceso y un determinado presupuesto. Desde 2009, las autoridades han optado por introducir una solicitud de autorizaci\u00f3n en l\u00ednea para :<\/p>\n\n<ol class=\"wp-block-list\">\n<li>Fomentar el turismo a EEUU al tiempo que se refuerza la seguridad interior estadounidense;<\/li>\n\n\n\n<li>Simplifica los tr\u00e1mites administrativos para los solicitantes con el ESTA, un formulario en l\u00ednea r\u00e1pido y sencillo;<\/li>\n\n\n\n<li>Reducir la carga de trabajo en las embajadas y consulados estadounidenses haciendo que el formulario ESTA est\u00e9 disponible en l\u00ednea.<\/li>\n<\/ol>\n\n<h2 class=\"wp-block-heading\">Informaci\u00f3n contenida en el formulario ESTA<\/h2>\n\n<p><span style=\"font-weight: 400;\">Antes de presentar la solicitud, es importante que compruebes que puedes acogerte al Programa de Exenci\u00f3n de Visado :<\/span><\/p>\n\n<ul class=\"wp-block-list\">\n<li><span style=\"font-weight: 400;\">\u00bfTienes la nacionalidad de uno de los pa\u00edses cubiertos por el r\u00e9gimen?<\/span><\/li>\n\n\n\n<li><span style=\"font-weight: 400;\">\u00bfTienes un <a href=\"https:\/\/esta-etats-unis.net\/es\/que-pasaporte-necesito-para-obtener-un-esta-o-un-visado\/\">pasaporte v\u00e1lido<\/a>?<\/span><\/li>\n\n\n\n<li><span style=\"font-weight: 400;\">\u00bfVas a viajar a EE.UU. menos de 90 d\u00edas?<\/span><\/li>\n<\/ul>\n\n<div style=\"height:20px\" aria-hidden=\"true\" class=\"wp-block-spacer\"><\/div>\n\n<p><span style=\"font-weight: 400;\">  Si la respuesta a todas estas preguntas es afirmativa, puedes solicitar el ESTA.<\/span><\/p>\n\n<p><span style=\"font-weight: 400;\">La solicitud ESTA consiste en rellenar un formulario ESTA en l\u00ednea en el sitio web del gobierno estadounidense.  <\/span><\/p>\n\n<p><span style=\"font-weight: 400;\">El formulario ESTA se divide en tres secciones, la primera de las cuales identifica al viajero y su pasaporte. Compruebe cuidadosamente la fecha de caducidad, si ya no es v\u00e1lida en la fecha de su salida, deber\u00e1 solicitar un nuevo pasaporte. La segunda parte se refiere a las preguntas\/respuestas relacionadas con las intenciones del viajero durante su estancia en Estados Unidos. La tercera parte del formulario contiene toda la informaci\u00f3n sobre tu estancia en Estados Unidos. Debe especificar, por ejemplo, d\u00f3nde piensa alojarse.  <\/span><\/p>\n\n<p><span style=\"font-weight: 400;\">Hay que tener en cuenta que la autorizaci\u00f3n ESTA debe renovarse si el viajero cambia de pasaporte (por p\u00e9rdida o caducidad) o de datos de identificaci\u00f3n (por ejemplo, sexo, nombre o domicilio). Tomemos el ejemplo de una mujer que solicit\u00f3 el ESTA antes de casarse. Si el pasaporte se ha actualizado desde entonces con su nombre de casada y ya no muestra su nombre de soltera, ser\u00e1 necesario rellenar un nuevo formulario ESTA.<\/span><\/p>\n\n<p><span style=\"font-weight: 400;\">La otra raz\u00f3n por la que hay que renovar la autorizaci\u00f3n electr\u00f3nica de viaje es que el periodo de validez ha expirado. El ESTA tiene una validez de 2 a\u00f1os.<\/span><\/p>\n\n<p>Hay que tener en cuenta que esta renovaci\u00f3n no es gratuita, ya que requiere un nuevo trabajo de verificaci\u00f3n. Una vez m\u00e1s, ten cuidado al rellenar el formulario ESTA, porque aunque hayas recibido autorizaci\u00f3n la primera vez, esto no garantiza que la vuelvas a recibir.<\/p>\n\n<h2 class=\"wp-block-heading\"><span style=\"font-weight: 400;\">Lo que a\u00fan debes saber sobre el ESTA<\/span><\/h2>\n\n<h3 class=\"wp-block-heading\"><span style=\"font-weight: 400;\">Autorizaci\u00f3n ESTA concedida<\/span><\/h3>\n\n<p><span style=\"font-weight: 400;\">Una vez concedida la autorizaci\u00f3n, <a href=\"https:\/\/esta-etats-unis.net\/es\/tramites-del-esta-para-un-viaje-a-estados-unidos\/\">podr\u00e1 entrar en Estados<\/a> Unidos por aire, tierra o mar. No es necesario imprimir su autorizaci\u00f3n ESTA. El formulario ESTA s\u00f3lo puede rellenarse en l\u00ednea y est\u00e1 vinculado electr\u00f3nicamente a su pasaporte. En el control aduanero, la lectura de su pasaporte electr\u00f3nico o biom\u00e9trico revela su autorizaci\u00f3n.<\/span><\/p>\n\n<h3 class=\"wp-block-heading\"><span style=\"font-weight: 400;\">Autorizaci\u00f3n ESTA rechazada<\/span><\/h3>\n\n<p><span style=\"font-weight: 400;\">Si su solicitud ha sido rechazada, est\u00e1 obligado a dirigirse a los servicios consulares (consulado o embajada de EE.UU.) para obtener un visado de EE.UU. Dado que la solicitud del ESTA se tramita de forma inmediata y autom\u00e1tica, no existe la posibilidad de anular la solicitud aunque se hayan cometido errores al rellenar el formulario. En este caso, deber\u00e1 presentar un nuevo formulario ESTA que anular\u00e1 el anterior.<\/span><\/p>\n","protected":false},"excerpt":{"rendered":"<p>La autorizaci\u00f3n ESTA es obligatoria para cualquier persona que desee viajar a Estados Unidos. Se trata de un sistema de autorizaci\u00f3n de viaje electr\u00f3nico vinculado al n\u00famero de pasaporte, que permite una estancia tur\u00edstica o de negocios de hasta 90 d\u00edas. Para obtenerla y viajar a Estados Unidos, tienes que solicitar autorizaci\u00f3n a las autoridades &#8230; <a title=\"\u00bfC\u00f3mo rellenar el formulario ESTA para viajar a Estados Unidos?\" class=\"read-more\" href=\"https:\/\/esta-etats-unis.net\/es\/como-rellenar-el-formulario-esta-para-viajar-a-estados-unidos\/\" aria-label=\"Leer m\u00e1s sobre \u00bfC\u00f3mo rellenar el formulario ESTA para viajar a Estados Unidos?\">Leer m\u00e1s<\/a><\/p>\n","protected":false},"author":1,"featured_media":0,"parent":0,"menu_order":0,"comment_status":"closed","ping_status":"closed","template":"","meta":{"footnotes":""},"class_list":["post-473","page","type-page","status-publish"],"yoast_head":"<!-- This site is optimized with the Yoast SEO plugin v26.2 - https:\/\/yoast.com\/wordpress\/plugins\/seo\/ -->\n<title>\u00bfC\u00f3mo rellenar el formulario ESTA para viajar a Estados Unidos?<\/title>\n<meta name=\"description\" content=\"El formulario ESTA es un documento obligatorio para volar a Estados Unidos. Pero, \u00bfc\u00f3mo se rellena el formulario en l\u00ednea para recibirlo? Responde aqu\u00ed.\" \/>\n<meta name=\"robots\" content=\"index, follow, max-snippet:-1, max-image-preview:large, max-video-preview:-1\" \/>\n<link rel=\"canonical\" href=\"https:\/\/esta-etats-unis.net\/es\/como-rellenar-el-formulario-esta-para-viajar-a-estados-unidos\/\" \/>\n<meta property=\"og:locale\" content=\"es_ES\" \/>\n<meta property=\"og:type\" content=\"article\" \/>\n<meta property=\"og:title\" content=\"\u00bfC\u00f3mo rellenar el formulario ESTA para viajar a Estados Unidos?\" \/>\n<meta property=\"og:description\" content=\"El formulario ESTA es un documento obligatorio para volar a Estados Unidos. Pero, \u00bfc\u00f3mo se rellena el formulario en l\u00ednea para recibirlo? Responde aqu\u00ed.\" \/>\n<meta property=\"og:url\" content=\"https:\/\/esta-etats-unis.net\/es\/como-rellenar-el-formulario-esta-para-viajar-a-estados-unidos\/\" \/>\n<meta property=\"og:site_name\" content=\"Organiza tu viaje a los Estados Unidos de Am\u00e9rica\" \/>\n<meta property=\"article:modified_time\" content=\"2024-10-09T13:29:34+00:00\" \/>\n<meta name=\"twitter:label1\" content=\"Tiempo de lectura\" \/>\n\t<meta name=\"twitter:data1\" content=\"4 minutos\" \/>\n<script type=\"application\/ld+json\" class=\"yoast-schema-graph\">{\"@context\":\"https:\/\/schema.org\",\"@graph\":[{\"@type\":\"WebPage\",\"@id\":\"https:\/\/esta-etats-unis.net\/es\/como-rellenar-el-formulario-esta-para-viajar-a-estados-unidos\/\",\"url\":\"https:\/\/esta-etats-unis.net\/es\/como-rellenar-el-formulario-esta-para-viajar-a-estados-unidos\/\",\"name\":\"\u00bfC\u00f3mo rellenar el formulario ESTA para viajar a Estados Unidos?\",\"isPartOf\":{\"@id\":\"https:\/\/esta-etats-unis.net\/es\/#website\"},\"datePublished\":\"2014-11-17T21:16:32+00:00\",\"dateModified\":\"2024-10-09T13:29:34+00:00\",\"description\":\"El formulario ESTA es un documento obligatorio para volar a Estados Unidos. Pero, \u00bfc\u00f3mo se rellena el formulario en l\u00ednea para recibirlo? Responde aqu\u00ed.\",\"inLanguage\":\"es\",\"potentialAction\":[{\"@type\":\"ReadAction\",\"target\":[\"https:\/\/esta-etats-unis.net\/es\/como-rellenar-el-formulario-esta-para-viajar-a-estados-unidos\/\"]}]},{\"@type\":\"WebSite\",\"@id\":\"https:\/\/esta-etats-unis.net\/es\/#website\",\"url\":\"https:\/\/esta-etats-unis.net\/es\/\",\"name\":\"Organiza tu viaje a los Estados Unidos de Am\u00e9rica\",\"description\":\"\",\"potentialAction\":[{\"@type\":\"SearchAction\",\"target\":{\"@type\":\"EntryPoint\",\"urlTemplate\":\"https:\/\/esta-etats-unis.net\/es\/?s={search_term_string}\"},\"query-input\":{\"@type\":\"PropertyValueSpecification\",\"valueRequired\":true,\"valueName\":\"search_term_string\"}}],\"inLanguage\":\"es\"}]}<\/script>\n<!-- \/ Yoast SEO plugin. -->","yoast_head_json":{"title":"\u00bfC\u00f3mo rellenar el formulario ESTA para viajar a Estados Unidos?","description":"El formulario ESTA es un documento obligatorio para volar a Estados Unidos. Pero, \u00bfc\u00f3mo se rellena el formulario en l\u00ednea para recibirlo? Responde aqu\u00ed.","robots":{"index":"index","follow":"follow","max-snippet":"max-snippet:-1","max-image-preview":"max-image-preview:large","max-video-preview":"max-video-preview:-1"},"canonical":"https:\/\/esta-etats-unis.net\/es\/como-rellenar-el-formulario-esta-para-viajar-a-estados-unidos\/","og_locale":"es_ES","og_type":"article","og_title":"\u00bfC\u00f3mo rellenar el formulario ESTA para viajar a Estados Unidos?","og_description":"El formulario ESTA es un documento obligatorio para volar a Estados Unidos. Pero, \u00bfc\u00f3mo se rellena el formulario en l\u00ednea para recibirlo? Responde aqu\u00ed.","og_url":"https:\/\/esta-etats-unis.net\/es\/como-rellenar-el-formulario-esta-para-viajar-a-estados-unidos\/","og_site_name":"Organiza tu viaje a los Estados Unidos de Am\u00e9rica","article_modified_time":"2024-10-09T13:29:34+00:00","twitter_misc":{"Tiempo de lectura":"4 minutos"},"schema":{"@context":"https:\/\/schema.org","@graph":[{"@type":"WebPage","@id":"https:\/\/esta-etats-unis.net\/es\/como-rellenar-el-formulario-esta-para-viajar-a-estados-unidos\/","url":"https:\/\/esta-etats-unis.net\/es\/como-rellenar-el-formulario-esta-para-viajar-a-estados-unidos\/","name":"\u00bfC\u00f3mo rellenar el formulario ESTA para viajar a Estados Unidos?","isPartOf":{"@id":"https:\/\/esta-etats-unis.net\/es\/#website"},"datePublished":"2014-11-17T21:16:32+00:00","dateModified":"2024-10-09T13:29:34+00:00","description":"El formulario ESTA es un documento obligatorio para volar a Estados Unidos. Pero, \u00bfc\u00f3mo se rellena el formulario en l\u00ednea para recibirlo? Responde aqu\u00ed.","inLanguage":"es","potentialAction":[{"@type":"ReadAction","target":["https:\/\/esta-etats-unis.net\/es\/como-rellenar-el-formulario-esta-para-viajar-a-estados-unidos\/"]}]},{"@type":"WebSite","@id":"https:\/\/esta-etats-unis.net\/es\/#website","url":"https:\/\/esta-etats-unis.net\/es\/","name":"Organiza tu viaje a los Estados Unidos de Am\u00e9rica","description":"","potentialAction":[{"@type":"SearchAction","target":{"@type":"EntryPoint","urlTemplate":"https:\/\/esta-etats-unis.net\/es\/?s={search_term_string}"},"query-input":{"@type":"PropertyValueSpecification","valueRequired":true,"valueName":"search_term_string"}}],"inLanguage":"es"}]}},"_links":{"self":[{"href":"https:\/\/esta-etats-unis.net\/es\/wp-json\/wp\/v2\/pages\/473","targetHints":{"allow":["GET"]}}],"collection":[{"href":"https:\/\/esta-etats-unis.net\/es\/wp-json\/wp\/v2\/pages"}],"about":[{"href":"https:\/\/esta-etats-unis.net\/es\/wp-json\/wp\/v2\/types\/page"}],"author":[{"embeddable":true,"href":"https:\/\/esta-etats-unis.net\/es\/wp-json\/wp\/v2\/users\/1"}],"replies":[{"embeddable":true,"href":"https:\/\/esta-etats-unis.net\/es\/wp-json\/wp\/v2\/comments?post=473"}],"version-history":[{"count":4,"href":"https:\/\/esta-etats-unis.net\/es\/wp-json\/wp\/v2\/pages\/473\/revisions"}],"predecessor-version":[{"id":829,"href":"https:\/\/esta-etats-unis.net\/es\/wp-json\/wp\/v2\/pages\/473\/revisions\/829"}],"wp:attachment":[{"href":"https:\/\/esta-etats-unis.net\/es\/wp-json\/wp\/v2\/media?parent=473"}],"curies":[{"name":"wp","href":"https:\/\/api.w.org\/{rel}","templated":true}]}}