{"id":453,"date":"2014-11-17T21:53:56","date_gmt":"2014-11-17T20:53:56","guid":{"rendered":"https:\/\/esta-etats-unis.net\/como-obtener-una-autorizacion-electronica-de-viaje-esta-para-estados-unidos\/"},"modified":"2025-09-23T10:16:22","modified_gmt":"2025-09-23T09:16:22","slug":"como-obtener-una-autorizacion-electronica-de-viaje-esta-para-estados-unidos","status":"publish","type":"page","link":"https:\/\/esta-etats-unis.net\/es\/","title":{"rendered":"C\u00f3mo obtener una autorizaci\u00f3n electr\u00f3nica de viaje ESTA para Estados Unidos"},"content":{"rendered":"\n<p>El ESTA, Sistema Electr\u00f3nico de Autorizaci\u00f3n de Viaje, es un sistema electr\u00f3nico de autorizaci\u00f3n de viaje para Estados Unidos. Este sistema se puso en marcha para mejorar la seguridad de los viajes a Estados Unidos. La <a href=\"https:\/\/esta-etats-unis.net\/es\/por-que-solicitar-el-esta-antes-de-viajar-a-estados-unidos\/\">autorizaci\u00f3n de viaje ESTA<\/a> para EE.UU. se concede a cualquier persona procedente de un pa\u00eds que se beneficie del Programa de Exenci\u00f3n de Visado y cuyo viaje por motivos de turismo, negocios o tr\u00e1nsito no supere los 90 d\u00edas. Te explicamos el formulario ESTA, la informaci\u00f3n que debes introducir en \u00e9l y c\u00f3mo modificar la informaci\u00f3n de tu ESTA estadounidense.<\/p>\n\n<h2 class=\"wp-block-heading\"><span style=\"font-weight: 400;\">\u00bfPuedo rellenar el formulario ESTA para ir a Estados Unidos?<\/span><\/h2>\n\n<p><span style=\"font-weight: 400;\">Si eres nacional de uno de los pa\u00edses que participan en el Programa de Exenci\u00f3n de Visado (VWP), es posible que puedas solicitar un ESTA. Esta es la lista de pa\u00edses afectados Alemania, Andorra, Australia, Austria, B\u00e9lgica, Brunei, Chile, Croacia, Corea del Sur, Dinamarca, Eslovaquia, Eslovenia, Espa\u00f1a, Estonia, Finlandia, Francia, Grecia, Hungr\u00eda, Irlanda, Islandia, Israel, Italia, Jap\u00f3n, Pa\u00edses Bajos, Letonia, Liechtenstein, Lituania, Luxemburgo, Malta, M\u00f3naco, Noruega, Nueva Zelanda, Polonia, Portugal, Reino Unido, Rep\u00fablica Checa, San Marino, Singapur, Suecia, Suiza y Taiw\u00e1n. <\/span><\/p>\n\n<p><span style=\"font-weight: 400;\">Debe tener un pasaporte biom\u00e9trico o electr\u00f3nico antes de solicitarlo por Internet.<\/span><\/p>\n\n<p><span style=\"font-weight: 400;\">Adem\u00e1s, debes estar de visita en Estados Unidos por motivos de turismo, negocios o tr\u00e1nsito. Esta estancia no debe superar los 90 d\u00edas en suelo estadounidense.  Est\u00e1 estrictamente prohibido por las autoridades estadounidenses permanecer m\u00e1s tiempo en suelo estadounidense, ser\u00e1 ilegal al cometer este acto. Si deseas permanecer m\u00e1s tiempo en Estados Unidos, debes solicitar un <a href=\"https:\/\/usa-b2.com\/es\/visado-b2\/\">visado US B2<\/a>.<\/span><\/p>\n\n<p><span style=\"font-weight: 400;\">El viaje desde su pa\u00eds de origen a EE.UU. debe realizarse por v\u00eda a\u00e9rea o mar\u00edtima con una compa\u00f1\u00eda reconocida por el gobierno estadounidense.<\/span><\/p>\n\n<p><span style=\"font-weight: 400;\">Tambi\u00e9n es imprescindible no haber visitado los siguientes pa\u00edses desde marzo de 2011: Ir\u00e1n, Irak, Yemen, Somalia, Libia, Siria o Sud\u00e1n. En este caso, su solicitud ser\u00e1 rechazada autom\u00e1ticamente.<\/span><\/p>\n\n<p><span style=\"font-weight: 400;\">Si cumple con todos estos criterios, le explicamos c\u00f3mo <a href=\"https:\/\/esta-etats-unis.net\/es\/como-rellenar-el-formulario-esta-para-viajar-a-estados-unidos\/\">solicitar su ESTA<\/a> para Estados Unidos.<\/span><\/p>\n\n<h2 class=\"wp-block-heading\"><span style=\"font-weight: 400;\">\u00bfEn qu\u00e9 sitios web puedo presentar mi solicitud?<\/span><\/h2>\n\n<p><span style=\"font-weight: 400;\">A diferencia de la solicitud de visado de EE.UU., el solicitante no necesita ir a la embajada de EE.UU. para solicitar un ESTA. Todo se hace en l\u00ednea y en unos pocos clics. No tienes que rellenar ning\u00fan documento en papel: el formulario est\u00e1 disponible en l\u00ednea. El pago del pedido valida su solicitud de autorizaci\u00f3n, por lo que es \u00fatil tener a mano su tarjeta bancaria cuando rellene el cuestionario en l\u00ednea. Sin el pago, su solicitud no ser\u00e1 considerada.<\/span><\/p>\n\n<p><span style=\"font-weight: 400;\">Debes <a href=\"https:\/\/esta-etats-unis.net\/es\/como-puedo-solicitar-un-visado-en-la-embajada-de-estados-unidos\/\">solicitar el ESTA<\/a> Estados Unidos en el <a href=\"https:\/\/esta.cbp.dhs.gov\/\">sitio web oficial del gobierno<\/a>.<\/span><\/p>\n\n<p>Una vez que haya rellenado correctamente los datos del formulario, s\u00f3lo tiene que pagar la tasa correspondiente a su solicitud y esperar una respuesta a su petici\u00f3n. Es el Departamento de Seguridad Nacional de EEUU el que decide si concede o no la autorizaci\u00f3n de viaje ESTA.<\/p>\n\n<h2 class=\"wp-block-heading\"><span style=\"font-weight: 400;\">\u00bfCu\u00e1nto tiempo se tarda en recibir una respuesta?<\/span><\/h2>\n\n<p><span style=\"font-weight: 400;\">El inter\u00e9s de la solicitud del ESTA radica tambi\u00e9n en la rapidez con la que se emite la respuesta. Mientras que un visado estadounidense puede tardar varios meses en tramitarse, el ESTA se expide en 3 d\u00edas, con una respuesta inmediata en la mayor\u00eda de los casos.<\/span><\/p>\n\n<p><span style=\"font-weight: 400;\">Para ver la respuesta, dir\u00edjase al sitio web oficial del gobierno estadounidense e introduzca su n\u00famero ESTA y su n\u00famero de pasaporte. Hay tres estados posibles:  <\/span><\/p>\n\n<ul class=\"wp-block-list\">\n<li><span style=\"font-weight: 400;\">Aprobado por el ESTA<\/span><\/li>\n\n\n\n<li><span style=\"font-weight: 400;\">ESTA pendiente<\/span><\/li>\n\n\n\n<li><span style=\"font-weight: 400;\">ESTA rechazado<\/span><\/li>\n<\/ul>\n\n<div style=\"height:20px\" aria-hidden=\"true\" class=\"wp-block-spacer\"><\/div>\n\n<p><span style=\"font-weight: 400;\">\u00bfEst\u00e1 aprobado su estatus? Ya puede planificar su estancia en Estados Unidos. Un estado pendiente no significa que tu solicitud vaya a ser rechazada, simplemente significa que el an\u00e1lisis de tu expediente est\u00e1 tardando un poco m\u00e1s. Si su solicitud es rechazada por un error suyo, vuelva a solicitar la aprobaci\u00f3n. Si el formulario es correcto, se requiere una solicitud de <a href=\"https:\/\/esta-etats-unis.net\/es\/como-elegir-su-visado-para-estados-unidos\/\">visado estadounidense<\/a>.<\/span><\/p>\n\n<h2 class=\"wp-block-heading\"><span style=\"font-weight: 400;\">\u00bfDurante cu\u00e1nto tiempo puedo utilizar mi autorizaci\u00f3n?<\/span><\/h2>\n\n<p>Desde el momento en que recibes el permiso ESTA para viajar a Estados Unidos, tienes la posibilidad de realizar varias visitas durante un periodo de dos a\u00f1os (periodo de validez oficial del documento).<\/p>\n\n<p><span style=\"font-weight: 400;\">Tenga en cuenta que hay algunas excepciones. Si ha perdido, extraviado o sustituido su pasaporte electr\u00f3nico o biom\u00e9trico, o si ha cambiado informaci\u00f3n importante sobre usted, deber\u00e1 solicitar un nuevo ESTA.<\/span> <\/p>\n\n<h2 class=\"wp-block-heading\"><span style=\"font-weight: 400;\">\u00bfPuedo modificar los datos del formulario ESTA?<\/span><\/h2>\n\n<p><span style=\"font-weight: 400;\">Despu\u00e9s de haber obtenido su autorizaci\u00f3n ESTA, algunos de los datos que figuran en ella pueden ser actualizados. Sin embargo, estas actualizaciones s\u00f3lo afectan a la direcci\u00f3n de correo electr\u00f3nico y a la direcci\u00f3n de destino.<\/span><\/p>\n\n<p><span style=\"font-weight: 400;\">Si desea cambiar cualquier otra informaci\u00f3n, deber\u00e1 solicitar un nuevo ESTA para su estancia en los Estados Unidos.<\/span><\/p>\n","protected":false},"excerpt":{"rendered":"<p>El ESTA, Sistema Electr\u00f3nico de Autorizaci\u00f3n de Viaje, es un sistema electr\u00f3nico de autorizaci\u00f3n de viaje para Estados Unidos. Este sistema se puso en marcha para mejorar la seguridad de los viajes a Estados Unidos. La autorizaci\u00f3n de viaje ESTA para EE.UU. se concede a cualquier persona procedente de un pa\u00eds que se beneficie del &#8230; <a title=\"C\u00f3mo obtener una autorizaci\u00f3n electr\u00f3nica de viaje ESTA para Estados Unidos\" class=\"read-more\" href=\"https:\/\/esta-etats-unis.net\/es\/\" aria-label=\"Leer m\u00e1s sobre C\u00f3mo obtener una autorizaci\u00f3n electr\u00f3nica de viaje ESTA para Estados Unidos\">Leer m\u00e1s<\/a><\/p>\n","protected":false},"author":1,"featured_media":0,"parent":0,"menu_order":0,"comment_status":"closed","ping_status":"closed","template":"","meta":{"footnotes":""},"class_list":["post-453","page","type-page","status-publish"],"yoast_head":"<!-- This site is optimized with the Yoast SEO plugin v26.2 - https:\/\/yoast.com\/wordpress\/plugins\/seo\/ -->\n<title>\u00bfC\u00f3mo obtener una autorizaci\u00f3n de viaje ESTA USA?<\/title>\n<meta name=\"description\" content=\"La autorizaci\u00f3n ESTA es obligatoria para su viaje a Estados Unidos, le explicamos c\u00f3mo obtenerla.\" \/>\n<meta name=\"robots\" content=\"index, follow, max-snippet:-1, max-image-preview:large, max-video-preview:-1\" \/>\n<link rel=\"canonical\" href=\"https:\/\/esta-etats-unis.net\/es\/\" \/>\n<meta property=\"og:locale\" content=\"es_ES\" \/>\n<meta property=\"og:type\" content=\"article\" \/>\n<meta property=\"og:title\" content=\"\u00bfC\u00f3mo obtener una autorizaci\u00f3n de viaje ESTA USA?\" \/>\n<meta property=\"og:description\" content=\"La autorizaci\u00f3n ESTA es obligatoria para su viaje a Estados Unidos, le explicamos c\u00f3mo obtenerla.\" \/>\n<meta property=\"og:url\" content=\"https:\/\/esta-etats-unis.net\/es\/\" \/>\n<meta property=\"og:site_name\" content=\"Organiza tu viaje a los Estados Unidos de Am\u00e9rica\" \/>\n<meta property=\"article:modified_time\" content=\"2025-09-23T09:16:22+00:00\" \/>\n<meta name=\"twitter:label1\" content=\"Tiempo de lectura\" \/>\n\t<meta name=\"twitter:data1\" content=\"4 minutos\" \/>\n<script type=\"application\/ld+json\" class=\"yoast-schema-graph\">{\"@context\":\"https:\/\/schema.org\",\"@graph\":[{\"@type\":\"WebPage\",\"@id\":\"https:\/\/esta-etats-unis.net\/es\/\",\"url\":\"https:\/\/esta-etats-unis.net\/es\/\",\"name\":\"\u00bfC\u00f3mo obtener una autorizaci\u00f3n de viaje ESTA USA?\",\"isPartOf\":{\"@id\":\"https:\/\/esta-etats-unis.net\/es\/#website\"},\"datePublished\":\"2014-11-17T20:53:56+00:00\",\"dateModified\":\"2025-09-23T09:16:22+00:00\",\"description\":\"La autorizaci\u00f3n ESTA es obligatoria para su viaje a Estados Unidos, le explicamos c\u00f3mo obtenerla.\",\"inLanguage\":\"es\",\"potentialAction\":[{\"@type\":\"ReadAction\",\"target\":[\"https:\/\/esta-etats-unis.net\/es\/\"]}]},{\"@type\":\"WebSite\",\"@id\":\"https:\/\/esta-etats-unis.net\/es\/#website\",\"url\":\"https:\/\/esta-etats-unis.net\/es\/\",\"name\":\"Organiza tu viaje a los Estados Unidos de Am\u00e9rica\",\"description\":\"\",\"potentialAction\":[{\"@type\":\"SearchAction\",\"target\":{\"@type\":\"EntryPoint\",\"urlTemplate\":\"https:\/\/esta-etats-unis.net\/es\/?s={search_term_string}\"},\"query-input\":{\"@type\":\"PropertyValueSpecification\",\"valueRequired\":true,\"valueName\":\"search_term_string\"}}],\"inLanguage\":\"es\"}]}<\/script>\n<!-- \/ Yoast SEO plugin. -->","yoast_head_json":{"title":"\u00bfC\u00f3mo obtener una autorizaci\u00f3n de viaje ESTA USA?","description":"La autorizaci\u00f3n ESTA es obligatoria para su viaje a Estados Unidos, le explicamos c\u00f3mo obtenerla.","robots":{"index":"index","follow":"follow","max-snippet":"max-snippet:-1","max-image-preview":"max-image-preview:large","max-video-preview":"max-video-preview:-1"},"canonical":"https:\/\/esta-etats-unis.net\/es\/","og_locale":"es_ES","og_type":"article","og_title":"\u00bfC\u00f3mo obtener una autorizaci\u00f3n de viaje ESTA USA?","og_description":"La autorizaci\u00f3n ESTA es obligatoria para su viaje a Estados Unidos, le explicamos c\u00f3mo obtenerla.","og_url":"https:\/\/esta-etats-unis.net\/es\/","og_site_name":"Organiza tu viaje a los Estados Unidos de Am\u00e9rica","article_modified_time":"2025-09-23T09:16:22+00:00","twitter_misc":{"Tiempo de lectura":"4 minutos"},"schema":{"@context":"https:\/\/schema.org","@graph":[{"@type":"WebPage","@id":"https:\/\/esta-etats-unis.net\/es\/","url":"https:\/\/esta-etats-unis.net\/es\/","name":"\u00bfC\u00f3mo obtener una autorizaci\u00f3n de viaje ESTA USA?","isPartOf":{"@id":"https:\/\/esta-etats-unis.net\/es\/#website"},"datePublished":"2014-11-17T20:53:56+00:00","dateModified":"2025-09-23T09:16:22+00:00","description":"La autorizaci\u00f3n ESTA es obligatoria para su viaje a Estados Unidos, le explicamos c\u00f3mo obtenerla.","inLanguage":"es","potentialAction":[{"@type":"ReadAction","target":["https:\/\/esta-etats-unis.net\/es\/"]}]},{"@type":"WebSite","@id":"https:\/\/esta-etats-unis.net\/es\/#website","url":"https:\/\/esta-etats-unis.net\/es\/","name":"Organiza tu viaje a los Estados Unidos de Am\u00e9rica","description":"","potentialAction":[{"@type":"SearchAction","target":{"@type":"EntryPoint","urlTemplate":"https:\/\/esta-etats-unis.net\/es\/?s={search_term_string}"},"query-input":{"@type":"PropertyValueSpecification","valueRequired":true,"valueName":"search_term_string"}}],"inLanguage":"es"}]}},"_links":{"self":[{"href":"https:\/\/esta-etats-unis.net\/es\/wp-json\/wp\/v2\/pages\/453","targetHints":{"allow":["GET"]}}],"collection":[{"href":"https:\/\/esta-etats-unis.net\/es\/wp-json\/wp\/v2\/pages"}],"about":[{"href":"https:\/\/esta-etats-unis.net\/es\/wp-json\/wp\/v2\/types\/page"}],"author":[{"embeddable":true,"href":"https:\/\/esta-etats-unis.net\/es\/wp-json\/wp\/v2\/users\/1"}],"replies":[{"embeddable":true,"href":"https:\/\/esta-etats-unis.net\/es\/wp-json\/wp\/v2\/comments?post=453"}],"version-history":[{"count":8,"href":"https:\/\/esta-etats-unis.net\/es\/wp-json\/wp\/v2\/pages\/453\/revisions"}],"predecessor-version":[{"id":896,"href":"https:\/\/esta-etats-unis.net\/es\/wp-json\/wp\/v2\/pages\/453\/revisions\/896"}],"wp:attachment":[{"href":"https:\/\/esta-etats-unis.net\/es\/wp-json\/wp\/v2\/media?parent=453"}],"curies":[{"name":"wp","href":"https:\/\/api.w.org\/{rel}","templated":true}]}}