{"id":452,"date":"2018-06-26T14:56:44","date_gmt":"2018-06-26T13:56:44","guid":{"rendered":"https:\/\/esta-etats-unis.net\/como-rellenar-correctamente-el-formulario-esta\/"},"modified":"2024-10-09T09:07:14","modified_gmt":"2024-10-09T08:07:14","slug":"como-rellenar-correctamente-el-formulario-esta","status":"publish","type":"page","link":"https:\/\/esta-etats-unis.net\/es\/como-rellenar-correctamente-el-formulario-esta\/","title":{"rendered":"C\u00f3mo rellenar correctamente el formulario ESTA"},"content":{"rendered":"\n<p>El Sistema Electr\u00f3nico de Autorizaci\u00f3n de Viaje es un dispositivo de informaci\u00f3n para los extranjeros que desean utilizar el Programa de Exenci\u00f3n de Visado de los Estados Unidos para permanecer en el pa\u00eds durante un periodo de tiempo. Para beneficiarse de este privilegio, que tiene una validez de dos a\u00f1os para los viajeros de negocios o de placer que deseen visitar Estados Unidos durante un m\u00e1ximo de tres meses, el visitante debe rellenar el <a href=\"https:\/\/esta-etats-unis.net\/es\/como-es-el-formulario-esta\/\">formulario ESTA disponible en l\u00ednea<\/a>. Este enfoque se introdujo en 2009 y ha sido un gran \u00e9xito para los amantes de los Estados Unidos.<\/p>\n\n<h2 class=\"wp-block-heading\">\u00bfQui\u00e9n puede rellenar el formulario en l\u00ednea?<\/h2>\n\n<p>El solicitante debe cumplir varias condiciones para poder viajar a Estados Unidos con un ESTA. A continuaci\u00f3n se detallan los diferentes criterios que deben cumplirse para que el perfil de los viajeros sea el adecuado:<\/p>\n\n<ul class=\"wp-block-list\">\n<li>Ser nacional de uno de los siguientes pa\u00edses <span style=\"font-weight: 400;\">Alemania, Andorra, Australia, Austria, B\u00e9lgica, Brunei, Chile, Corea del Sur, Croacia, Dinamarca, Eslovaquia, Eslovenia, Espa\u00f1a, Estonia, Finlandia, Francia, Grecia, Hungr\u00eda, Irlanda, Islandia, Israel, Italia, Jap\u00f3n, Pa\u00edses Bajos, Letonia, Liechtenstein, Lituania, Luxemburgo, Malta, M\u00f3naco, Noruega, Nueva Zelanda, Portugal, Polonia, Reino Unido, Rep\u00fablica Checa, San Marino, Singapur, Suecia, Suiza y Taiw\u00e1n;<\/span><\/li>\n\n\n\n<li>Tener un pasaporte electr\u00f3nico o un pasaporte biom\u00e9trico;<\/li>\n\n\n\n<li><a href=\"https:\/\/esta-etats-unis.net\/es\/tramites-del-esta-para-un-viaje-a-estados-unidos\/\">Viajar a EE.UU.<\/a> por turismo, negocios o tr\u00e1nsito antes de volar a otro destino;<\/li>\n\n\n\n<li>Respeta el m\u00e1ximo de 90 d\u00edas permitido por el ESTA.<\/li>\n<\/ul>\n\n<p>\u00bfEst\u00e1 a punto de caducar su pasaporte? S\u00f3lo tiene que solicitar un nuevo pasaporte antes de rellenar la solicitud en l\u00ednea. Si tienes previsto viajar por otro motivo o por un periodo m\u00e1s largo, no puedes solicitar un ESTA, ya que no cumples los requisitos. Es imprescindible solicitar un <a href=\"https:\/\/esta-etats-unis.net\/es\/como-puedo-solicitar-un-visado-en-la-embajada-de-estados-unidos\/\">visado en la embajada americana<\/a>. Si marca todas las casillas, seguramente podr\u00e1 recibir el documento ESTA para su viaje a los Estados Unidos.<\/p>\n\n<h2 class=\"wp-block-heading\">Presentaci\u00f3n del formulario de viaje ESTA para viajar a Estados Unidos<\/h2>\n\n<p>Al rellenar el <a href=\"https:\/\/esta-etats-unis.net\/es\/\">formulario de autorizaci\u00f3n de viaje a<\/a> EE.UU., tenemos que proporcionar varios tipos de informaci\u00f3n. El primer tipo de datos que tendr\u00e1s que introducir se refiere a los datos personales del solicitante. El segundo tipo de informaci\u00f3n se refiere a los datos del pasaporte. El tercero es el itinerario de su estancia en EE.UU. (d\u00f3nde vivir\u00e1 durante su estancia en EE.UU. y el contacto de emergencia). El \u00faltimo tipo de informaci\u00f3n se refiere a tu salud y a tus antecedentes penales.<\/p>\n\n<p>Aunque este cuestionario parezca f\u00e1cil de rellenar, es muy importante que tengas mucho cuidado al rellenarlo, porque si das informaci\u00f3n incorrecta sobre tu pasaporte u otros datos, corres el riesgo de que te denieguen la entrada en Estados Unidos.<\/p>\n\n<h3 class=\"wp-block-heading\">Obtener el documento ESTA en el sitio web oficial del gobierno de los Estados Unidos<\/h3>\n\n<p>Debes solicitar la autorizaci\u00f3n ESTA accediendo al <a href=\"https:\/\/www.dhs.gov\/\">sitio web del gobierno estadounidense<\/a>. El formulario est\u00e1 traducido a varios idiomas.<\/p>\n","protected":false},"excerpt":{"rendered":"<p>El Sistema Electr\u00f3nico de Autorizaci\u00f3n de Viaje es un dispositivo de informaci\u00f3n para los extranjeros que desean utilizar el Programa de Exenci\u00f3n de Visado de los Estados Unidos para permanecer en el pa\u00eds durante un periodo de tiempo. Para beneficiarse de este privilegio, que tiene una validez de dos a\u00f1os para los viajeros de negocios &#8230; <a title=\"C\u00f3mo rellenar correctamente el formulario ESTA\" class=\"read-more\" href=\"https:\/\/esta-etats-unis.net\/es\/como-rellenar-correctamente-el-formulario-esta\/\" aria-label=\"Leer m\u00e1s sobre C\u00f3mo rellenar correctamente el formulario ESTA\">Leer m\u00e1s<\/a><\/p>\n","protected":false},"author":1,"featured_media":0,"parent":0,"menu_order":0,"comment_status":"closed","ping_status":"closed","template":"","meta":{"footnotes":""},"class_list":["post-452","page","type-page","status-publish"],"yoast_head":"<!-- This site is optimized with the Yoast SEO plugin v26.2 - https:\/\/yoast.com\/wordpress\/plugins\/seo\/ -->\n<title>C\u00f3mo rellenar correctamente el formulario ESTA<\/title>\n<meta name=\"description\" content=\"Le explicamos c\u00f3mo rellenar su solicitud ESTA y obtener su certificado de viaje para Estados Unidos\" \/>\n<meta name=\"robots\" content=\"index, follow, max-snippet:-1, max-image-preview:large, max-video-preview:-1\" \/>\n<link rel=\"canonical\" href=\"https:\/\/esta-etats-unis.net\/es\/como-rellenar-correctamente-el-formulario-esta\/\" \/>\n<meta property=\"og:locale\" content=\"es_ES\" \/>\n<meta property=\"og:type\" content=\"article\" \/>\n<meta property=\"og:title\" content=\"C\u00f3mo rellenar correctamente el formulario ESTA\" \/>\n<meta property=\"og:description\" content=\"Le explicamos c\u00f3mo rellenar su solicitud ESTA y obtener su certificado de viaje para Estados Unidos\" \/>\n<meta property=\"og:url\" content=\"https:\/\/esta-etats-unis.net\/es\/como-rellenar-correctamente-el-formulario-esta\/\" \/>\n<meta property=\"og:site_name\" content=\"Organiza tu viaje a los Estados Unidos de Am\u00e9rica\" \/>\n<meta property=\"article:modified_time\" content=\"2024-10-09T08:07:14+00:00\" \/>\n<meta name=\"twitter:label1\" content=\"Tiempo de lectura\" \/>\n\t<meta name=\"twitter:data1\" content=\"3 minutos\" \/>\n<script type=\"application\/ld+json\" class=\"yoast-schema-graph\">{\"@context\":\"https:\/\/schema.org\",\"@graph\":[{\"@type\":\"WebPage\",\"@id\":\"https:\/\/esta-etats-unis.net\/es\/como-rellenar-correctamente-el-formulario-esta\/\",\"url\":\"https:\/\/esta-etats-unis.net\/es\/como-rellenar-correctamente-el-formulario-esta\/\",\"name\":\"C\u00f3mo rellenar correctamente el formulario ESTA\",\"isPartOf\":{\"@id\":\"https:\/\/esta-etats-unis.net\/es\/#website\"},\"datePublished\":\"2018-06-26T13:56:44+00:00\",\"dateModified\":\"2024-10-09T08:07:14+00:00\",\"description\":\"Le explicamos c\u00f3mo rellenar su solicitud ESTA y obtener su certificado de viaje para Estados Unidos\",\"inLanguage\":\"es\",\"potentialAction\":[{\"@type\":\"ReadAction\",\"target\":[\"https:\/\/esta-etats-unis.net\/es\/como-rellenar-correctamente-el-formulario-esta\/\"]}]},{\"@type\":\"WebSite\",\"@id\":\"https:\/\/esta-etats-unis.net\/es\/#website\",\"url\":\"https:\/\/esta-etats-unis.net\/es\/\",\"name\":\"Organiza tu viaje a los Estados Unidos de Am\u00e9rica\",\"description\":\"\",\"potentialAction\":[{\"@type\":\"SearchAction\",\"target\":{\"@type\":\"EntryPoint\",\"urlTemplate\":\"https:\/\/esta-etats-unis.net\/es\/?s={search_term_string}\"},\"query-input\":{\"@type\":\"PropertyValueSpecification\",\"valueRequired\":true,\"valueName\":\"search_term_string\"}}],\"inLanguage\":\"es\"}]}<\/script>\n<!-- \/ Yoast SEO plugin. -->","yoast_head_json":{"title":"C\u00f3mo rellenar correctamente el formulario ESTA","description":"Le explicamos c\u00f3mo rellenar su solicitud ESTA y obtener su certificado de viaje para Estados Unidos","robots":{"index":"index","follow":"follow","max-snippet":"max-snippet:-1","max-image-preview":"max-image-preview:large","max-video-preview":"max-video-preview:-1"},"canonical":"https:\/\/esta-etats-unis.net\/es\/como-rellenar-correctamente-el-formulario-esta\/","og_locale":"es_ES","og_type":"article","og_title":"C\u00f3mo rellenar correctamente el formulario ESTA","og_description":"Le explicamos c\u00f3mo rellenar su solicitud ESTA y obtener su certificado de viaje para Estados Unidos","og_url":"https:\/\/esta-etats-unis.net\/es\/como-rellenar-correctamente-el-formulario-esta\/","og_site_name":"Organiza tu viaje a los Estados Unidos de Am\u00e9rica","article_modified_time":"2024-10-09T08:07:14+00:00","twitter_misc":{"Tiempo de lectura":"3 minutos"},"schema":{"@context":"https:\/\/schema.org","@graph":[{"@type":"WebPage","@id":"https:\/\/esta-etats-unis.net\/es\/como-rellenar-correctamente-el-formulario-esta\/","url":"https:\/\/esta-etats-unis.net\/es\/como-rellenar-correctamente-el-formulario-esta\/","name":"C\u00f3mo rellenar correctamente el formulario ESTA","isPartOf":{"@id":"https:\/\/esta-etats-unis.net\/es\/#website"},"datePublished":"2018-06-26T13:56:44+00:00","dateModified":"2024-10-09T08:07:14+00:00","description":"Le explicamos c\u00f3mo rellenar su solicitud ESTA y obtener su certificado de viaje para Estados Unidos","inLanguage":"es","potentialAction":[{"@type":"ReadAction","target":["https:\/\/esta-etats-unis.net\/es\/como-rellenar-correctamente-el-formulario-esta\/"]}]},{"@type":"WebSite","@id":"https:\/\/esta-etats-unis.net\/es\/#website","url":"https:\/\/esta-etats-unis.net\/es\/","name":"Organiza tu viaje a los Estados Unidos de Am\u00e9rica","description":"","potentialAction":[{"@type":"SearchAction","target":{"@type":"EntryPoint","urlTemplate":"https:\/\/esta-etats-unis.net\/es\/?s={search_term_string}"},"query-input":{"@type":"PropertyValueSpecification","valueRequired":true,"valueName":"search_term_string"}}],"inLanguage":"es"}]}},"_links":{"self":[{"href":"https:\/\/esta-etats-unis.net\/es\/wp-json\/wp\/v2\/pages\/452","targetHints":{"allow":["GET"]}}],"collection":[{"href":"https:\/\/esta-etats-unis.net\/es\/wp-json\/wp\/v2\/pages"}],"about":[{"href":"https:\/\/esta-etats-unis.net\/es\/wp-json\/wp\/v2\/types\/page"}],"author":[{"embeddable":true,"href":"https:\/\/esta-etats-unis.net\/es\/wp-json\/wp\/v2\/users\/1"}],"replies":[{"embeddable":true,"href":"https:\/\/esta-etats-unis.net\/es\/wp-json\/wp\/v2\/comments?post=452"}],"version-history":[{"count":3,"href":"https:\/\/esta-etats-unis.net\/es\/wp-json\/wp\/v2\/pages\/452\/revisions"}],"predecessor-version":[{"id":822,"href":"https:\/\/esta-etats-unis.net\/es\/wp-json\/wp\/v2\/pages\/452\/revisions\/822"}],"wp:attachment":[{"href":"https:\/\/esta-etats-unis.net\/es\/wp-json\/wp\/v2\/media?parent=452"}],"curies":[{"name":"wp","href":"https:\/\/api.w.org\/{rel}","templated":true}]}}