{"id":450,"date":"2019-03-29T12:33:12","date_gmt":"2019-03-29T11:33:12","guid":{"rendered":"https:\/\/esta-etats-unis.net\/como-puedo-solicitar-un-visado-en-la-embajada-de-estados-unidos\/"},"modified":"2024-10-09T09:03:38","modified_gmt":"2024-10-09T08:03:38","slug":"como-puedo-solicitar-un-visado-en-la-embajada-de-estados-unidos","status":"publish","type":"page","link":"https:\/\/esta-etats-unis.net\/es\/como-puedo-solicitar-un-visado-en-la-embajada-de-estados-unidos\/","title":{"rendered":"\u00bfC\u00f3mo puedo solicitar un visado en la embajada de Estados Unidos?"},"content":{"rendered":"\n<p><span style=\"font-weight: 400;\">Para solicitar un visado para viajar a EE.UU., es necesario dirigirse a la <a href=\"https:\/\/www.usembassy.gov\/\">embajada de EE.UU<\/a>. o consulado en su pa\u00eds. <\/span><\/p>\n\n<p><span style=\"font-weight: 400;\">Una embajada es la representaci\u00f3n oficial de un pa\u00eds en otro pa\u00eds. Su misi\u00f3n es velar por los intereses de su naci\u00f3n con el pa\u00eds anfitri\u00f3n y promover las relaciones entre los dos estados desde el punto de vista pol\u00edtico, econ\u00f3mico y cultural.  <\/span><\/p>\n\n<p><span style=\"font-weight: 400;\">El Consulado General est\u00e1 vinculado a la Embajada, pero no tiene las mismas funciones. De hecho, no asume el papel de representante pol\u00edtico como la embajada, sino de administraci\u00f3n p\u00fablica. Sin embargo, aunque sus estatus sean diferentes, ambos responden al tema de nuestro art\u00edculo: solicitar un visado para una estancia en los Estados Unidos de Am\u00e9rica.  <\/span><\/p>\n\n<p><span style=\"font-weight: 400;\">Veamos qu\u00e9 pasos son necesarios para obtener el <\/span><span style=\"font-weight: 400;\">visado en la embajada americana<\/span><span style=\"font-weight: 400;\">. <\/span> <\/p>\n\n<h2 class=\"wp-block-heading\"><span style=\"font-weight: 400;\">\u00bfQu\u00e9 visado elegir?<\/span><\/h2>\n\n<p><span style=\"font-weight: 400;\">Antes de anunciar los pasos que hay que dar para solicitar un <\/span><span style=\"font-weight: 400;\">visado en la embajada americana<\/span><span style=\"font-weight: 400;\">Veamos la definici\u00f3n de visado. <\/span> <\/p>\n\n<h3 class=\"wp-block-heading\"><span style=\"font-weight: 400;\">\u00bfQu\u00e9 es un visado?  <\/span><\/h3>\n\n<p><span style=\"font-weight: 400;\">El visado de EE.UU. es una autorizaci\u00f3n para que un ciudadano extranjero entre en Estados Unidos. En general, est\u00e1 representado por un sello y una firma, colocados en el pasaporte electr\u00f3nico (o biom\u00e9trico) del visitante extranjero.  <\/span><\/p>\n\n<p><span style=\"font-weight: 400;\">La solicitud de un visado estadounidense requiere un procedimiento m\u00e1s largo y extenso que su vecino, el formulario ESTA. En efecto, es imposible presentar la solicitud por Internet, hay que <a href=\"https:\/\/esta-etats-unis.net\/es\/como-elegir-su-visado-para-estados-unidos\/\">elegir el tipo de visado<\/a>, concertar una cita en la embajada estadounidense y responder a las preguntas durante una entrevista.  <\/span><\/p>\n\n<p><span style=\"font-weight: 400;\">\u00bfTe gustar\u00eda <a href=\"https:\/\/www.earlham-ia.org\/es\/\">viajar a Estados Unidos<\/a> para una estancia ling\u00fc\u00edstica, una estancia au pair, un trabajo de verano, un programa de intercambio y hacer realidad tu sue\u00f1o americano? El prop\u00f3sito de su estancia determinar\u00e1 el visado que mejor se adapte a su situaci\u00f3n seg\u00fan el gobierno estadounidense.  <\/span><\/p>\n\n<h3 class=\"wp-block-heading\"><span style=\"font-weight: 400;\">Los diferentes tipos de visado para Estados Unidos<\/span><\/h3>\n\n<p><span style=\"font-weight: 400;\">Hay dos categor\u00edas diferentes: visados de residencia temporal y visados de inmigraci\u00f3n.  <\/span><\/p>\n\n<p><span style=\"font-weight: 400;\">Los visados de residencia temporal incluyen las siguientes categor\u00edas:  <\/span><\/p>\n\n<ul class=\"wp-block-list\">\n<li><span style=\"font-weight: 400;\">visado de visitante ;  <\/span><\/li>\n\n\n\n<li><span style=\"font-weight: 400;\"><a href=\"https:\/\/esta-etats-unis.net\/es\/como-conseguir-un-visado-de-estudiante-en-ee-uu\/\">visado de estudiante<\/a>;  <\/span><\/li>\n\n\n\n<li><span style=\"font-weight: 400;\">visado de trabajador ;  <\/span><\/li>\n\n\n\n<li><span style=\"font-weight: 400;\">y otros visados para no inmigrantes.  <\/span><\/li>\n<\/ul>\n\n<p><span style=\"font-weight: 400;\">Los visados de inmigraci\u00f3n incluyen:<\/span><\/p>\n\n<ul class=\"wp-block-list\">\n<li><span style=\"font-weight: 400;\">el visado de inmigrante (como residente legal permanente);  <\/span><\/li>\n\n\n\n<li><span style=\"font-weight: 400;\">la loter\u00eda de visados de diversidad, m\u00e1s conocida como Tarjeta Verde: un programa legal que consiste en la distribuci\u00f3n aleatoria de unos 50.000 visados estadounidenses.  <\/span><\/li>\n<\/ul>\n\n<p><span style=\"font-weight: 400;\">Los nacionales de pa\u00edses miembros del Programa de Exenci\u00f3n de Visado (VWP) pueden visitar Estados Unidos sin visado solicitando un ESTA. Si no es elegible para el documento ESTA, tendr\u00e1 que seguir el siguiente paso de la cita en la embajada de Estados Unidos para la solicitud de visado.  <\/span><\/p>\n\n<h2 class=\"wp-block-heading\"><span style=\"font-weight: 400;\">El nombramiento <\/span><span style=\"font-weight: 400;\">visado en la embajada americana <\/span> <\/h2>\n\n<p><span style=\"font-weight: 400;\">La entrevista es uno de los pasos m\u00e1s decisivos en la <\/span><span style=\"font-weight: 400;\">en la Embajada Americana<\/span><span style=\"font-weight: 400;\">. De hecho, su \u00e9xito depende totalmente del \u00e9xito de la reuni\u00f3n con los representantes de las autoridades estadounidenses.<\/span><\/p>\n\n<h3 class=\"wp-block-heading\"><span style=\"font-weight: 400;\">\u00bfC\u00f3mo concertar una cita?<\/span><\/h3>\n\n<p>Tendr\u00e1s que pedir cita en la embajada de EEUU para solicitar el visado.<\/p>\n\n<p><span style=\"font-weight: 400;\">El d\u00eda de la cita, aseg\u00farate de llegar pronto, ya que cualquier retraso podr\u00eda penalizarte. Se le entregar\u00e1 un billete para que espere en la sala de espera de los solicitantes. Cuando llegue su turno, un agente le tomar\u00e1 el expediente y las huellas dactilares. Despu\u00e9s, se le redirigir\u00e1 a otro agente para la entrevista.  <\/span><\/p>\n\n<h3 class=\"wp-block-heading\"><span style=\"font-weight: 400;\">\u00bfQu\u00e9 documentos debo llevar?<\/span><\/h3>\n\n<ul class=\"wp-block-list\">\n<li><span style=\"font-weight: 400;\">Su pasaporte biom\u00e9trico o electr\u00f3nico con una validez de al menos 6 meses (si no cumple el plazo, tendr\u00e1 que solicitar un nuevo pasaporte a su ayuntamiento);  <\/span><\/li>\n\n\n\n<li><span style=\"font-weight: 400;\">El formulario DS-160 que rellenaste para solicitar el visado y tu n\u00famero SEVIS;<\/span><\/li>\n\n\n\n<li><span style=\"font-weight: 400;\">Documentos que acrediten su solvencia (n\u00f3minas, extractos bancarios, etc.);<\/span><\/li>\n\n\n\n<li><span style=\"font-weight: 400;\">Una carta de compromiso de tu patrocinador y una oferta de trabajo v\u00e1lida (para unas pr\u00e1cticas en Estados Unidos);<\/span><\/li>\n\n\n\n<li><span style=\"font-weight: 400;\">documentos oficiales que demuestren que has sido admitido en una escuela y que tu ingl\u00e9s es bueno (si quieres estudiar en una universidad americana).  <\/span><\/li>\n<\/ul>\n\n<h3 class=\"wp-block-heading\"><span style=\"font-weight: 400;\">\u00bfQu\u00e9 preguntas se hacen durante la entrevista?  <\/span><\/h3>\n\n<p><span style=\"font-weight: 400;\">Como se ha mencionado anteriormente, este paso es decisivo para la validaci\u00f3n de su<\/span><span style=\"font-weight: 400;\"> visado en la embajada americana<\/span><span style=\"font-weight: 400;\">. Esta entrevista permitir\u00e1 al funcionario hacerle preguntas relacionadas con el visado elegido (turismo, estudios, voluntariado internacional, etc.) para analizar sus palabras y comprobar si sus atenciones no son perjudiciales para la seguridad interior del pa\u00eds. El funcionario consular que le entreviste tambi\u00e9n comprobar\u00e1 sus v\u00ednculos con su pa\u00eds de origen para asegurarse de que no va a permanecer en Estados Unidos de forma ilegal. He aqu\u00ed algunos ejemplos de preguntas para las que puede prepararse:  <\/span><\/p>\n\n<ul class=\"wp-block-list\">\n<li><span style=\"font-weight: 400;\">\u00bfpor qu\u00e9 quieres ir a Estados Unidos?<\/span><\/li>\n\n\n\n<li><span style=\"font-weight: 400;\">\u00bfPor qu\u00e9 quiere estudiar\/trabajar en Estados Unidos?<\/span><\/li>\n\n\n\n<li><span style=\"font-weight: 400;\">\u00bfen qu\u00e9 universidades\/empresas has presentado tu solicitud y d\u00f3nde vas a estudiar\/trabajar?<\/span><\/li>\n\n\n\n<li><span style=\"font-weight: 400;\">\u00bfc\u00f3mo piensa financiar sus estudios?  <\/span><\/li>\n\n\n\n<li><span style=\"font-weight: 400;\">\u00bfc\u00f3mo piensa financiar su vida all\u00ed?  <\/span><\/li>\n\n\n\n<li><span style=\"font-weight: 400;\">\u00bfd\u00f3nde vas a vivir?<\/span><\/li>\n\n\n\n<li><span style=\"font-weight: 400;\">etc.  <\/span><\/li>\n<\/ul>\n\n<h3 class=\"wp-block-heading\"><span style=\"font-weight: 400;\">C\u00f3mo obtener la respuesta de la entrevista del <\/span><span style=\"font-weight: 400;\">en la Embajada de Estados Unidos <\/span><span style=\"font-weight: 400;\">?<\/span><\/h3>\n\n<p><span style=\"font-weight: 400;\">Al final de su entrevista, se le pueden ofrecer dos resultados: la denegaci\u00f3n o la autorizaci\u00f3n para entrar en los Estados Unidos.  <\/span><\/p>\n\n<p><span style=\"font-weight: 400;\">En caso de que no se le conceda el documento, se le enviar\u00e1 por correo un documento con las razones por las que no se le concedi\u00f3 el visado en la Embajada de Estados Unidos. <\/span><span style=\"font-weight: 400;\">visado en la Embajada de Estados Unidos. <\/span> <\/p>\n\n<p><span style=\"font-weight: 400;\">Si no es as\u00ed, enhorabuena, su solicitud ha sido aprobada, \u00a1tiene permiso para quedarse, viajar o vivir en Estados Unidos! La respuesta se anunciar\u00e1 al final de la cita. Su pasaporte v\u00e1lido le ser\u00e1 devuelto por correo, 48 horas despu\u00e9s de la cita y con el sello del  <\/span><span style=\"font-weight: 400;\">visado de la embajada de EE.UU.<\/span><span style=\"font-weight: 400;\"> para poder presentarlo a los funcionarios de aduanas estadounidenses.<\/span><\/p>\n","protected":false},"excerpt":{"rendered":"<p>Para solicitar un visado para viajar a EE.UU., es necesario dirigirse a la embajada de EE.UU. o consulado en su pa\u00eds. Una embajada es la representaci\u00f3n oficial de un pa\u00eds en otro pa\u00eds. Su misi\u00f3n es velar por los intereses de su naci\u00f3n con el pa\u00eds anfitri\u00f3n y promover las relaciones entre los dos estados &#8230; <a title=\"\u00bfC\u00f3mo puedo solicitar un visado en la embajada de Estados Unidos?\" class=\"read-more\" href=\"https:\/\/esta-etats-unis.net\/es\/como-puedo-solicitar-un-visado-en-la-embajada-de-estados-unidos\/\" aria-label=\"Leer m\u00e1s sobre \u00bfC\u00f3mo puedo solicitar un visado en la embajada de Estados Unidos?\">Leer m\u00e1s<\/a><\/p>\n","protected":false},"author":1,"featured_media":0,"parent":0,"menu_order":0,"comment_status":"closed","ping_status":"closed","template":"","meta":{"footnotes":""},"class_list":["post-450","page","type-page","status-publish"],"yoast_head":"<!-- This site is optimized with the Yoast SEO plugin v26.2 - https:\/\/yoast.com\/wordpress\/plugins\/seo\/ -->\n<title>Solicitar un visado en la Embajada de Estados Unidos<\/title>\n<meta name=\"description\" content=\"Si quieres solicitar un visado para ir a Estados Unidos, te explicamos todo lo que necesitas saber.\" \/>\n<meta name=\"robots\" content=\"index, follow, max-snippet:-1, max-image-preview:large, max-video-preview:-1\" \/>\n<link rel=\"canonical\" href=\"https:\/\/esta-etats-unis.net\/es\/como-puedo-solicitar-un-visado-en-la-embajada-de-estados-unidos\/\" \/>\n<meta property=\"og:locale\" content=\"es_ES\" \/>\n<meta property=\"og:type\" content=\"article\" \/>\n<meta property=\"og:title\" content=\"Solicitar un visado en la Embajada de Estados Unidos\" \/>\n<meta property=\"og:description\" content=\"Si quieres solicitar un visado para ir a Estados Unidos, te explicamos todo lo que necesitas saber.\" \/>\n<meta property=\"og:url\" content=\"https:\/\/esta-etats-unis.net\/es\/como-puedo-solicitar-un-visado-en-la-embajada-de-estados-unidos\/\" \/>\n<meta property=\"og:site_name\" content=\"Organiza tu viaje a los Estados Unidos de Am\u00e9rica\" \/>\n<meta property=\"article:modified_time\" content=\"2024-10-09T08:03:38+00:00\" \/>\n<meta name=\"twitter:label1\" content=\"Tiempo de lectura\" \/>\n\t<meta name=\"twitter:data1\" content=\"5 minutos\" \/>\n<script type=\"application\/ld+json\" class=\"yoast-schema-graph\">{\"@context\":\"https:\/\/schema.org\",\"@graph\":[{\"@type\":\"WebPage\",\"@id\":\"https:\/\/esta-etats-unis.net\/es\/como-puedo-solicitar-un-visado-en-la-embajada-de-estados-unidos\/\",\"url\":\"https:\/\/esta-etats-unis.net\/es\/como-puedo-solicitar-un-visado-en-la-embajada-de-estados-unidos\/\",\"name\":\"Solicitar un visado en la Embajada de Estados Unidos\",\"isPartOf\":{\"@id\":\"https:\/\/esta-etats-unis.net\/es\/#website\"},\"datePublished\":\"2019-03-29T11:33:12+00:00\",\"dateModified\":\"2024-10-09T08:03:38+00:00\",\"description\":\"Si quieres solicitar un visado para ir a Estados Unidos, te explicamos todo lo que necesitas saber.\",\"inLanguage\":\"es\",\"potentialAction\":[{\"@type\":\"ReadAction\",\"target\":[\"https:\/\/esta-etats-unis.net\/es\/como-puedo-solicitar-un-visado-en-la-embajada-de-estados-unidos\/\"]}]},{\"@type\":\"WebSite\",\"@id\":\"https:\/\/esta-etats-unis.net\/es\/#website\",\"url\":\"https:\/\/esta-etats-unis.net\/es\/\",\"name\":\"Organiza tu viaje a los Estados Unidos de Am\u00e9rica\",\"description\":\"\",\"potentialAction\":[{\"@type\":\"SearchAction\",\"target\":{\"@type\":\"EntryPoint\",\"urlTemplate\":\"https:\/\/esta-etats-unis.net\/es\/?s={search_term_string}\"},\"query-input\":{\"@type\":\"PropertyValueSpecification\",\"valueRequired\":true,\"valueName\":\"search_term_string\"}}],\"inLanguage\":\"es\"}]}<\/script>\n<!-- \/ Yoast SEO plugin. -->","yoast_head_json":{"title":"Solicitar un visado en la Embajada de Estados Unidos","description":"Si quieres solicitar un visado para ir a Estados Unidos, te explicamos todo lo que necesitas saber.","robots":{"index":"index","follow":"follow","max-snippet":"max-snippet:-1","max-image-preview":"max-image-preview:large","max-video-preview":"max-video-preview:-1"},"canonical":"https:\/\/esta-etats-unis.net\/es\/como-puedo-solicitar-un-visado-en-la-embajada-de-estados-unidos\/","og_locale":"es_ES","og_type":"article","og_title":"Solicitar un visado en la Embajada de Estados Unidos","og_description":"Si quieres solicitar un visado para ir a Estados Unidos, te explicamos todo lo que necesitas saber.","og_url":"https:\/\/esta-etats-unis.net\/es\/como-puedo-solicitar-un-visado-en-la-embajada-de-estados-unidos\/","og_site_name":"Organiza tu viaje a los Estados Unidos de Am\u00e9rica","article_modified_time":"2024-10-09T08:03:38+00:00","twitter_misc":{"Tiempo de lectura":"5 minutos"},"schema":{"@context":"https:\/\/schema.org","@graph":[{"@type":"WebPage","@id":"https:\/\/esta-etats-unis.net\/es\/como-puedo-solicitar-un-visado-en-la-embajada-de-estados-unidos\/","url":"https:\/\/esta-etats-unis.net\/es\/como-puedo-solicitar-un-visado-en-la-embajada-de-estados-unidos\/","name":"Solicitar un visado en la Embajada de Estados Unidos","isPartOf":{"@id":"https:\/\/esta-etats-unis.net\/es\/#website"},"datePublished":"2019-03-29T11:33:12+00:00","dateModified":"2024-10-09T08:03:38+00:00","description":"Si quieres solicitar un visado para ir a Estados Unidos, te explicamos todo lo que necesitas saber.","inLanguage":"es","potentialAction":[{"@type":"ReadAction","target":["https:\/\/esta-etats-unis.net\/es\/como-puedo-solicitar-un-visado-en-la-embajada-de-estados-unidos\/"]}]},{"@type":"WebSite","@id":"https:\/\/esta-etats-unis.net\/es\/#website","url":"https:\/\/esta-etats-unis.net\/es\/","name":"Organiza tu viaje a los Estados Unidos de Am\u00e9rica","description":"","potentialAction":[{"@type":"SearchAction","target":{"@type":"EntryPoint","urlTemplate":"https:\/\/esta-etats-unis.net\/es\/?s={search_term_string}"},"query-input":{"@type":"PropertyValueSpecification","valueRequired":true,"valueName":"search_term_string"}}],"inLanguage":"es"}]}},"_links":{"self":[{"href":"https:\/\/esta-etats-unis.net\/es\/wp-json\/wp\/v2\/pages\/450","targetHints":{"allow":["GET"]}}],"collection":[{"href":"https:\/\/esta-etats-unis.net\/es\/wp-json\/wp\/v2\/pages"}],"about":[{"href":"https:\/\/esta-etats-unis.net\/es\/wp-json\/wp\/v2\/types\/page"}],"author":[{"embeddable":true,"href":"https:\/\/esta-etats-unis.net\/es\/wp-json\/wp\/v2\/users\/1"}],"replies":[{"embeddable":true,"href":"https:\/\/esta-etats-unis.net\/es\/wp-json\/wp\/v2\/comments?post=450"}],"version-history":[{"count":4,"href":"https:\/\/esta-etats-unis.net\/es\/wp-json\/wp\/v2\/pages\/450\/revisions"}],"predecessor-version":[{"id":815,"href":"https:\/\/esta-etats-unis.net\/es\/wp-json\/wp\/v2\/pages\/450\/revisions\/815"}],"wp:attachment":[{"href":"https:\/\/esta-etats-unis.net\/es\/wp-json\/wp\/v2\/media?parent=450"}],"curies":[{"name":"wp","href":"https:\/\/api.w.org\/{rel}","templated":true}]}}