{"id":433,"date":"2014-11-17T22:03:12","date_gmt":"2014-11-17T21:03:12","guid":{"rendered":"https:\/\/esta-etats-unis.net\/tramites-del-esta-para-un-viaje-a-estados-unidos\/"},"modified":"2024-10-11T08:42:24","modified_gmt":"2024-10-11T07:42:24","slug":"tramites-del-esta-para-un-viaje-a-estados-unidos","status":"publish","type":"page","link":"https:\/\/esta-etats-unis.net\/es\/tramites-del-esta-para-un-viaje-a-estados-unidos\/","title":{"rendered":"Tr\u00e1mites del ESTA para un viaje a Estados Unidos"},"content":{"rendered":"\n<p>Los tr\u00e1mites necesarios para todos los franceses que deseen viajar a Estados Unidos se han simplificado gracias a la creaci\u00f3n del Programa de Exenci\u00f3n de Visado. En lugar de un procedimiento de solicitud de visado complejo, caro y lento, el viajero s\u00f3lo tiene que <a href=\"https:\/\/esta-etats-unis.net\/es\/\">solicitar un ESTA<\/a>. El proceso debe hacerse en l\u00ednea; es sencillo, r\u00e1pido y las tasas son muy asequibles. Para obtener el ESTA y entrar en Estados Unidos sin problemas, se requiere un pasaporte biom\u00e9trico o electr\u00f3nico v\u00e1lido.<\/p>\n\n<p>El <a href=\"https:\/\/esta-etats-unis.net\/es\/como-es-el-formulario-esta\/\">formulario ESTA<\/a> est\u00e1 disponible en sitios web especializados, as\u00ed como en el sitio web oficial del gobierno estadounidense. Es lo \u00fanico que debe hacer para su estancia en Estados Unidos. Hay que tener en cuenta que para una estancia de m\u00e1s de 90 d\u00edas o por cualquier otro motivo que no sea de negocios, turismo o tr\u00e1nsito, es necesario solicitar un visado estadounidense.<\/p>\n\n<h2 class=\"wp-block-heading\">Informaci\u00f3n sobre la obtenci\u00f3n del ESTA<\/h2>\n\n<p>El ESTA o Sistema Electr\u00f3nico de Autorizaci\u00f3n de Viaje es una autorizaci\u00f3n de viaje necesaria para que los nacionales de los pa\u00edses del VWP puedan <a href=\"https:\/\/document-esta.com\/es\/\">viajar a Estados Unidos sin necesidad de un visado estadounidense<\/a>. Se cre\u00f3 para reforzar las medidas de seguridad en las fronteras.<\/p>\n\n<p>Hay varios criterios de elegibilidad para recibir esta autorizaci\u00f3n. Debe estar en EE.UU. por motivos de negocios, turismo o tr\u00e1nsito durante un m\u00e1ximo de 90 d\u00edas. La autorizaci\u00f3n concedida es v\u00e1lida durante 2 a\u00f1os y para varias entradas en los Estados Unidos de Am\u00e9rica hasta un m\u00e1ximo de 90 d\u00edas. Sin embargo, el ESTA dejar\u00e1 de ser utilizable y deber\u00e1 ser renovado a partir del d\u00eda en que expire el pasaporte o si, en casos excepcionales, la autorizaci\u00f3n es anulada por las autoridades competentes. Una autorizaci\u00f3n puede anularse si, por ejemplo, ha cambiado de apellido o tiene un nuevo pasaporte.<\/p>\n\n<p>Toda renovaci\u00f3n de una autorizaci\u00f3n debe ser objeto de un nuevo procedimiento y un nuevo expediente. La solicitud del ESTA debe hacerse exclusivamente en l\u00ednea y al menos 72 horas antes de la salida deseada. Le aconsejamos que lo solicite lo antes posible, ya que si se equivoca en la informaci\u00f3n solicitada o si no cumple las condiciones requeridas (larga estancia, estudios o trabajo&#8230;), tardar\u00e1 m\u00e1s tiempo en solicitar una nueva autorizaci\u00f3n ESTA o un visado en la embajada americana. Muchos sitios web especializados ofrecen ayuda y asistencia a los viajeros en este proceso, especialmente en la solicitud en l\u00ednea del formulario ESTA, que debe realizarse con el m\u00e1ximo cuidado, sin errores ni omisiones.<\/p>\n\n<h2 class=\"wp-block-heading\">El formulario ESTA para una estancia en Estados Unidos<\/h2>\n\n<p>Solicitar el ESTA es muy sencillo, lo \u00fanico que tiene que hacer el viajero es rellenar un formulario en l\u00ednea. Debes solicitar tu autorizaci\u00f3n en el <a href=\"https:\/\/www.dhs.gov\/\">sitio web del gobierno estadounidense<\/a>.<\/p>\n\n<p>Los \u00fanicos documentos necesarios son el pasaporte electr\u00f3nico o biom\u00e9trico y la tarjeta de pago, indispensable para validar el formulario. Para solicitar el ESTA, es necesario rellenar un <a href=\"https:\/\/esta-etats-unis.net\/es\/como-es-el-formulario-esta\/\">cuestionario<\/a> en l\u00ednea (n\u00famero de pasaporte v\u00e1lido, nombre, apellidos, fecha de nacimiento, etc.).  Recibir\u00e1 una respuesta muy r\u00e1pidamente. En general, las autoridades estadounidenses tramitan las solicitudes en un plazo de 72 horas. El documento ESTA tiene una validez de dos a\u00f1os, lo que le permite realizar varios viajes a Estados Unidos.<\/p>\n","protected":false},"excerpt":{"rendered":"<p>Los tr\u00e1mites necesarios para todos los franceses que deseen viajar a Estados Unidos se han simplificado gracias a la creaci\u00f3n del Programa de Exenci\u00f3n de Visado. En lugar de un procedimiento de solicitud de visado complejo, caro y lento, el viajero s\u00f3lo tiene que solicitar un ESTA. El proceso debe hacerse en l\u00ednea; es sencillo, &#8230; <a title=\"Tr\u00e1mites del ESTA para un viaje a Estados Unidos\" class=\"read-more\" href=\"https:\/\/esta-etats-unis.net\/es\/tramites-del-esta-para-un-viaje-a-estados-unidos\/\" aria-label=\"Leer m\u00e1s sobre Tr\u00e1mites del ESTA para un viaje a Estados Unidos\">Leer m\u00e1s<\/a><\/p>\n","protected":false},"author":1,"featured_media":0,"parent":0,"menu_order":0,"comment_status":"closed","ping_status":"closed","template":"","meta":{"footnotes":""},"class_list":["post-433","page","type-page","status-publish"],"yoast_head":"<!-- This site is optimized with the Yoast SEO plugin v26.2 - https:\/\/yoast.com\/wordpress\/plugins\/seo\/ -->\n<title>Requisitos de entrada del ESTA para viajar a Estados Unidos<\/title>\n<meta name=\"description\" content=\"Le explicamos los diferentes tr\u00e1mites que debe realizar para obtener el ESTA y viajar a los Estados Unidos de Am\u00e9rica.\" \/>\n<meta name=\"robots\" content=\"index, follow, max-snippet:-1, max-image-preview:large, max-video-preview:-1\" \/>\n<link rel=\"canonical\" href=\"https:\/\/esta-etats-unis.net\/es\/tramites-del-esta-para-un-viaje-a-estados-unidos\/\" \/>\n<meta property=\"og:locale\" content=\"es_ES\" \/>\n<meta property=\"og:type\" content=\"article\" \/>\n<meta property=\"og:title\" content=\"Requisitos de entrada del ESTA para viajar a Estados Unidos\" \/>\n<meta property=\"og:description\" content=\"Le explicamos los diferentes tr\u00e1mites que debe realizar para obtener el ESTA y viajar a los Estados Unidos de Am\u00e9rica.\" \/>\n<meta property=\"og:url\" content=\"https:\/\/esta-etats-unis.net\/es\/tramites-del-esta-para-un-viaje-a-estados-unidos\/\" \/>\n<meta property=\"og:site_name\" content=\"Organiza tu viaje a los Estados Unidos de Am\u00e9rica\" \/>\n<meta property=\"article:modified_time\" content=\"2024-10-11T07:42:24+00:00\" \/>\n<meta name=\"twitter:label1\" content=\"Tiempo de lectura\" \/>\n\t<meta name=\"twitter:data1\" content=\"3 minutos\" \/>\n<script type=\"application\/ld+json\" class=\"yoast-schema-graph\">{\"@context\":\"https:\/\/schema.org\",\"@graph\":[{\"@type\":\"WebPage\",\"@id\":\"https:\/\/esta-etats-unis.net\/es\/tramites-del-esta-para-un-viaje-a-estados-unidos\/\",\"url\":\"https:\/\/esta-etats-unis.net\/es\/tramites-del-esta-para-un-viaje-a-estados-unidos\/\",\"name\":\"Requisitos de entrada del ESTA para viajar a Estados Unidos\",\"isPartOf\":{\"@id\":\"https:\/\/esta-etats-unis.net\/es\/#website\"},\"datePublished\":\"2014-11-17T21:03:12+00:00\",\"dateModified\":\"2024-10-11T07:42:24+00:00\",\"description\":\"Le explicamos los diferentes tr\u00e1mites que debe realizar para obtener el ESTA y viajar a los Estados Unidos de Am\u00e9rica.\",\"inLanguage\":\"es\",\"potentialAction\":[{\"@type\":\"ReadAction\",\"target\":[\"https:\/\/esta-etats-unis.net\/es\/tramites-del-esta-para-un-viaje-a-estados-unidos\/\"]}]},{\"@type\":\"WebSite\",\"@id\":\"https:\/\/esta-etats-unis.net\/es\/#website\",\"url\":\"https:\/\/esta-etats-unis.net\/es\/\",\"name\":\"Organiza tu viaje a los Estados Unidos de Am\u00e9rica\",\"description\":\"\",\"potentialAction\":[{\"@type\":\"SearchAction\",\"target\":{\"@type\":\"EntryPoint\",\"urlTemplate\":\"https:\/\/esta-etats-unis.net\/es\/?s={search_term_string}\"},\"query-input\":{\"@type\":\"PropertyValueSpecification\",\"valueRequired\":true,\"valueName\":\"search_term_string\"}}],\"inLanguage\":\"es\"}]}<\/script>\n<!-- \/ Yoast SEO plugin. -->","yoast_head_json":{"title":"Requisitos de entrada del ESTA para viajar a Estados Unidos","description":"Le explicamos los diferentes tr\u00e1mites que debe realizar para obtener el ESTA y viajar a los Estados Unidos de Am\u00e9rica.","robots":{"index":"index","follow":"follow","max-snippet":"max-snippet:-1","max-image-preview":"max-image-preview:large","max-video-preview":"max-video-preview:-1"},"canonical":"https:\/\/esta-etats-unis.net\/es\/tramites-del-esta-para-un-viaje-a-estados-unidos\/","og_locale":"es_ES","og_type":"article","og_title":"Requisitos de entrada del ESTA para viajar a Estados Unidos","og_description":"Le explicamos los diferentes tr\u00e1mites que debe realizar para obtener el ESTA y viajar a los Estados Unidos de Am\u00e9rica.","og_url":"https:\/\/esta-etats-unis.net\/es\/tramites-del-esta-para-un-viaje-a-estados-unidos\/","og_site_name":"Organiza tu viaje a los Estados Unidos de Am\u00e9rica","article_modified_time":"2024-10-11T07:42:24+00:00","twitter_misc":{"Tiempo de lectura":"3 minutos"},"schema":{"@context":"https:\/\/schema.org","@graph":[{"@type":"WebPage","@id":"https:\/\/esta-etats-unis.net\/es\/tramites-del-esta-para-un-viaje-a-estados-unidos\/","url":"https:\/\/esta-etats-unis.net\/es\/tramites-del-esta-para-un-viaje-a-estados-unidos\/","name":"Requisitos de entrada del ESTA para viajar a Estados Unidos","isPartOf":{"@id":"https:\/\/esta-etats-unis.net\/es\/#website"},"datePublished":"2014-11-17T21:03:12+00:00","dateModified":"2024-10-11T07:42:24+00:00","description":"Le explicamos los diferentes tr\u00e1mites que debe realizar para obtener el ESTA y viajar a los Estados Unidos de Am\u00e9rica.","inLanguage":"es","potentialAction":[{"@type":"ReadAction","target":["https:\/\/esta-etats-unis.net\/es\/tramites-del-esta-para-un-viaje-a-estados-unidos\/"]}]},{"@type":"WebSite","@id":"https:\/\/esta-etats-unis.net\/es\/#website","url":"https:\/\/esta-etats-unis.net\/es\/","name":"Organiza tu viaje a los Estados Unidos de Am\u00e9rica","description":"","potentialAction":[{"@type":"SearchAction","target":{"@type":"EntryPoint","urlTemplate":"https:\/\/esta-etats-unis.net\/es\/?s={search_term_string}"},"query-input":{"@type":"PropertyValueSpecification","valueRequired":true,"valueName":"search_term_string"}}],"inLanguage":"es"}]}},"_links":{"self":[{"href":"https:\/\/esta-etats-unis.net\/es\/wp-json\/wp\/v2\/pages\/433","targetHints":{"allow":["GET"]}}],"collection":[{"href":"https:\/\/esta-etats-unis.net\/es\/wp-json\/wp\/v2\/pages"}],"about":[{"href":"https:\/\/esta-etats-unis.net\/es\/wp-json\/wp\/v2\/types\/page"}],"author":[{"embeddable":true,"href":"https:\/\/esta-etats-unis.net\/es\/wp-json\/wp\/v2\/users\/1"}],"replies":[{"embeddable":true,"href":"https:\/\/esta-etats-unis.net\/es\/wp-json\/wp\/v2\/comments?post=433"}],"version-history":[{"count":13,"href":"https:\/\/esta-etats-unis.net\/es\/wp-json\/wp\/v2\/pages\/433\/revisions"}],"predecessor-version":[{"id":886,"href":"https:\/\/esta-etats-unis.net\/es\/wp-json\/wp\/v2\/pages\/433\/revisions\/886"}],"wp:attachment":[{"href":"https:\/\/esta-etats-unis.net\/es\/wp-json\/wp\/v2\/media?parent=433"}],"curies":[{"name":"wp","href":"https:\/\/api.w.org\/{rel}","templated":true}]}}