{"id":553,"date":"2019-04-12T12:31:56","date_gmt":"2019-04-12T11:31:56","guid":{"rendered":"https:\/\/esta-etats-unis.net\/visum-oder-esta-fuer-reisen-in-die-usa\/"},"modified":"2024-10-11T08:16:52","modified_gmt":"2024-10-11T07:16:52","slug":"visum-oder-esta-fuer-reisen-in-die-usa","status":"publish","type":"page","link":"https:\/\/esta-etats-unis.net\/de\/visum-oder-esta-fuer-reisen-in-die-usa\/","title":{"rendered":"Visum oder ESTA f\u00fcr Reisen in die USA"},"content":{"rendered":"\n<p><span style=\"font-weight: 400;\">F\u00fcr jede Reise in die USA ist eine Reisegenehmigung erforderlich. Ob es der  <\/span><span style=\"font-weight: 400;\">Visum oder ESTA<\/span><span style=\"font-weight: 400;\">Die Wahl h\u00e4ngt von der Dauer Ihres Aufenthalts und dem Grund f\u00fcr die Abreise ab. Gehen Sie dorthin, um zu arbeiten, ein Praktikum zu absolvieren oder einfach nur, um das amerikanische Land kennenzulernen? Diese Gr\u00fcnde bestimmen, welches amtliche Dokument f\u00fcr Ihre Situation am besten geeignet ist. Dann  <\/span><span style=\"font-weight: 400;\">Visum oder ESTA<\/span><span style=\"font-weight: 400;\">  ? Lassen Sie uns dies im weiteren Verlauf dieses Artikels genauer betrachten.  <\/span><\/p>\n\n<h2 class=\"wp-block-heading\"><span style=\"font-weight: 400;\">DIE ESTA, <\/span><span style=\"font-weight: 400;\">die Reisegenehmigung<\/span><span style=\"font-weight: 400;\"> online<\/span><\/h2>\n\n<p><span style=\"font-weight: 400;\">Bevor wir die verschiedenen F\u00e4lle, die auf das ESTA oder das Visum zutreffen, im Einzelnen erl\u00e4utern, sollten wir zun\u00e4chst <a href=\"https:\/\/esta-etats-unis.net\/de\/esta-formalitaet-fuer-ihre-reise-in-die-usa\/\">definieren, was das ESTA ist<\/a>.<\/span><\/p>\n\n<p><span style=\"font-weight: 400;\">ESTA (Electronic System of Travel Authorization) ist ein offizielles Dokument, mit dem Staatsangeh\u00f6rige des Visa Waiver Program (VWP) f\u00fcr Kurzaufenthalte in die USA reisen k\u00f6nnen.  <\/span><\/p>\n\n<p><span style=\"font-weight: 400;\">Im Gegensatz zu einem Visum, das es in einer Vielzahl von situationsspezifischen Dokumenten gibt (J1-Visum, F1-Visum, M1-Visum usw.), auf die wir sp\u00e4ter noch eingehen werden, ist das ESTA einzigartig und deckt mehrere Aufenthaltsgr\u00fcnde ab.  <\/span><\/p>\n\n<p><span style=\"font-weight: 400;\">Die Reisegenehmigung ESTA geht auf eine Initiative der US-Regierung zur\u00fcck und wurde mit dem Ziel geschaffen, die Bearbeitung von Visaantr\u00e4gen zu erleichtern und das Land vor terroristischen Bedrohungen zu sichern.  <\/span><\/p>\n\n<p><span style=\"font-weight: 400;\">Das ESTA-Formular ist f\u00fcr die US-Beh\u00f6rden eine gro\u00dfe Hilfe, denn um ein ESTA zu erhalten, m\u00fcssen mehrere Kriterien erf\u00fcllt werden. Wenn die Antragsteller die Kriterien nicht erf\u00fcllen, m\u00fcssen sie sich zwingend an die US-Botschaft oder das US-Konsulat wenden, um ein Visum zu beantragen.  <\/span><\/p>\n<div class=\"wp-block-image\">\n<figure class=\"alignright size-full\"><a href=\"https:\/\/esta-etats-unis.net\/wp-content\/uploads\/2019\/04\/Visa-USA-esta-passeport.jpg\"><img loading=\"lazy\" decoding=\"async\" width=\"275\" height=\"183\" src=\"https:\/\/esta-etats-unis.net\/wp-content\/uploads\/2019\/04\/Visa-USA-esta-passeport.jpg\" alt=\"visum usa esta pass\" class=\"wp-image-262\"\/><\/a><figcaption class=\"wp-element-caption\"><em>Visum oder ESTA f\u00fcr Reisen in die USA<\/em><\/figcaption><\/figure><\/div>\n<h3 class=\"wp-block-heading\"><span style=\"font-weight: 400;\">ESTA, was sind die Kriterien f\u00fcr den Erhalt?<\/span><\/h3>\n\n<p><span style=\"font-weight: 400;\">Um Ihre Chancen auf eine ESTA-Reisegenehmigung zu \u00fcberpr\u00fcfen, gelten folgende Bedingungen:  <\/span><\/p>\n\n<ul class=\"wp-block-list\">\n<li><span style=\"font-weight: 400;\">f\u00fcr maximal 90 Tage in die USA reisen (Hinweis: ESTA ist zwei Jahre lang g\u00fcltig, d. h. Sie k\u00f6nnen innerhalb von zwei Jahren so oft in die USA reisen, wie Sie m\u00f6chten, solange Sie nie l\u00e4nger als 90 aufeinanderfolgende Tage auf amerikanischem Boden bleiben);<\/span><\/li>\n\n\n\n<li><span style=\"font-weight: 400;\">als Tourist, Gesch\u00e4ftsreisender oder Transitreisender in die USA reisen ;<\/span><\/li>\n\n\n\n<li><span style=\"font-weight: 400;\">einen g\u00fcltigen biometrischen oder elektronischen Reisepass besitzen (Achtung: Der Reisepass ist sehr wichtig, achten Sie darauf, dass Sie w\u00e4hrend der ESTA-Bestellung und w\u00e4hrend Ihrer Reise immer einen g\u00fcltigen Reisepass besitzen);  <\/span><\/li>\n\n\n\n<li><span style=\"font-weight: 400;\">Staatsb\u00fcrger eines Landes sein, das am Visa Waiver Program teilnimmt (Frankreich geh\u00f6rt dazu) ;  <\/span><\/li>\n\n\n\n<li><span style=\"font-weight: 400;\">ihr R\u00fcckreisedatum kennen (bei der Bestellung von ESTA ist es nicht erforderlich, dass Sie Ihre Tickets im Voraus kaufen. Bei Ihrer Ankunft in den USA m\u00fcssen Sie jedoch Ihr R\u00fcckflugticket beim Zoll vorlegen).  <\/span><\/li>\n<\/ul>\n\n<p><span style=\"font-weight: 400;\">Die ESTA-Genehmigung ist nur \u00fcber das Internet durchf\u00fchrbar. F\u00fcr einen Online-Antrag k\u00f6nnen Sie die offizielle Website der Regierung oder eine spezielle Website besuchen, die einen zus\u00e4tzlichen Service beim Ausf\u00fcllen Ihrer Informationen anbietet.  <\/span><\/p>\n\n<p><span style=\"font-weight: 400;\">Wenn Sie alle ESTA-Bedingungen zusammengefasst haben, sich aber trotzdem noch die Frage Visum oder ESTA stellen? gibt es mehrere Faktoren, die Sie in Ihrer Entscheidung f\u00fcr ESTA best\u00e4rken k\u00f6nnen:  <\/span><\/p>\n\n<ul class=\"wp-block-list\">\n<li><span style=\"font-weight: 400;\">seinen Preis, der deutlich g\u00fcnstiger als das Visum ist: 21 $ Geb\u00fchren, die online auf der offiziellen ESTA-Website zu zahlen sind;  <\/span><\/li>\n\n\n\n<li><span style=\"font-weight: 400;\">seine Zug\u00e4nglichkeit, da das Formular online ausgef\u00fcllt wird;  <\/span><\/li>\n\n\n\n<li><span style=\"font-weight: 400;\">seine einfache Beantragung, zum Ausf\u00fcllen des Formulars braucht man nur einen Reisepass und eine E-Mail-Adresse;  <\/span><\/li>\n\n\n\n<li><span style=\"font-weight: 400;\">die Schnelligkeit, mit der Sie Ihren ESTA-Antrag erhalten. Sie erhalten innerhalb von maximal 72 Stunden eine Antwort auf Ihren ESTA-Antrag.  <\/span><\/li>\n<\/ul>\n\n<p><span style=\"font-weight: 400;\">Wenn Sie nicht alle aufgef\u00fchrten Kriterien erf\u00fcllen oder wenn Sie in die USA reisen m\u00f6chten, um dort zu arbeiten, ein Praktikum zu absolvieren, an einer Universit\u00e4t zu studieren, zu heiraten oder einfach nur in den USA zu leben, ist ein Visumantrag erforderlich.  <\/span><\/p>\n\n<h2 class=\"wp-block-heading\"><span style=\"font-weight: 400;\">Das Visum und seine Abwandlungen <\/span><span style=\"font-weight: 400;\">von Reisegenehmigungen<\/span><\/h2>\n\n<p><span style=\"font-weight: 400;\">Sowohl das Visum als auch das ESTA sind <\/span><span style=\"font-weight: 400;\">Reisegenehmigungen<\/span><span style=\"font-weight: 400;\">Die Beantragung eines Visums erfordert jedoch ein viel l\u00e4ngeres und teureres Verfahren als ESTA. Sie bietet Ihnen jedoch mehr Chancen und M\u00f6glichkeiten, Erfahrungen im Ausland zu sammeln.  <\/span><\/p>\n\n<p><span style=\"font-weight: 400;\">Die Liste der Visa-Reisegenehmigungen ist wichtig, da es f\u00fcr jeden Grund das entsprechende Visum gibt. Um Ihnen ein Beispiel zu geben, sind hier die wichtigsten Visa, die von ausl\u00e4ndischen Staatsangeh\u00f6rigen beantragt werden:<\/span><\/p>\n\n<ul class=\"wp-block-list\">\n<li>Das <span style=\"font-weight: 400;\">Gesch\u00e4ftsvisum B1 ;<\/span><\/li>\n\n\n\n<li><span style=\"font-weight: 400;\">B2 Touristenvisum oder aus medizinischen Gr\u00fcnden ;<\/span><\/li>\n\n\n\n<li><span style=\"font-weight: 400;\">Das <a href=\"https:\/\/esta-etats-unis.net\/de\/j1-visum-praktikum-usa-wie-ist-das-verfahren\/\">J1-Visum f\u00fcr ein Praktikum<\/a> oder ein Austauschprogramm ;<\/span><\/li>\n\n\n\n<li><span style=\"font-weight: 400;\">Das <a href=\"https:\/\/esta-etats-unis.net\/de\/wie-bekomme-ich-ein-usa-studentenvisum\/\">F1-Studentenvisum<\/a>;<\/span><\/li>\n\n\n\n<li><span style=\"font-weight: 400;\">Das E2-Investorenvisum ;  <\/span><\/li>\n\n\n\n<li><span style=\"font-weight: 400;\">usw.<\/span><\/li>\n<\/ul>\n\n<p><span style=\"font-weight: 400;\">Jedes Visum erfordert bestimmte Schritte, z. B. muss der Antragsteller f\u00fcr ein internationales Praktikum (J1-Visum) eine von der US-Regierung zertifizierte Sponsororganisation finden, um das DS-2019-Formular zu erhalten.  <\/span><\/p>\n\n<p><span style=\"font-weight: 400;\">Doch auch wenn die administrativen Schritte je nach gew\u00e4hltem Visum unterschiedlich sind, m\u00fcssen alle Antragsteller einen <a href=\"https:\/\/esta-etats-unis.net\/de\/wie-beantrage-ich-ein-visum-bei-der-us-botschaft\/\">Termin bei der US-Botschaft vereinbaren<\/a>, um ein Gespr\u00e4ch mit einem Konsularbeamten zu f\u00fchren. Bei diesem entscheidenden Gespr\u00e4ch mit dem Vertreter der inneren Sicherheit der USA wird festgestellt, ob Sie in der Lage sind, in den USA zu leben (Finanzierungsm\u00f6glichkeiten, Englischkenntnisse) und ob Ihre Pl\u00e4ne mit dem beantragten Visum \u00fcbereinstimmen.  <\/span><\/p>\n\n<p><span style=\"font-weight: 400;\">Achten Sie bei Ihrem Termin in der US-Botschaft darauf, diese Elemente zusammenzufassen:  <\/span><\/p>\n\n<ul class=\"wp-block-list\">\n<li><span style=\"font-weight: 400;\">einen Reisepass (biometrisch oder elektronisch) mit einer G\u00fcltigkeitsdauer von mindestens 6 Monaten;  <\/span><\/li>\n\n\n\n<li><span style=\"font-weight: 400;\">einen Chronopost-Umschlag mit Ihrer Domiziladresse ;  <\/span><\/li>\n\n\n\n<li><span style=\"font-weight: 400;\">das DS-160-Formular, das Sie f\u00fcr den VISA-Antrag ausgef\u00fcllt haben, sowie Ihre SEVIS-Nummer ;<\/span><\/li>\n\n\n\n<li><span style=\"font-weight: 400;\">Dokumente, die Ihre Zahlungsf\u00e4higkeit belegen (Gehaltsabrechnungen, Kontoausz\u00fcge usw.).<\/span><\/li>\n<\/ul>\n\n<p><span style=\"font-weight: 400;\">Dies ist eine ersch\u00f6pfende Liste, je nach Ausreisegrund k\u00f6nnen zus\u00e4tzliche Dokumente angefordert werden (Anstellungsschreiben Ihres Sponsors, g\u00fcltiges Stellenangebot, offizielle Dokumente, die die Aufnahme in eine Schule belegen, usw.).  <\/span><\/p>\n\n<h2 class=\"wp-block-heading\"> <span style=\"font-weight: 400;\"> Visum oder ESTA<\/span><span style=\"font-weight: 400;\"> : Zusammenfassung <\/span> <\/h2>\n\n<p><span style=\"font-weight: 400;\">Achtung, f\u00fcr beide <\/span><span style=\"font-weight: 400;\">Reisegenehmigungen<\/span><span style=\"font-weight: 400;\"> in die USA (<\/span><span style=\"font-weight: 400;\">Visum oder ESTA).<\/span><span style=\"font-weight: 400;\">) ist das wichtigste Element der Reisepass. <\/span><span style=\"font-weight: 400;\">Ihr Reisepass muss w\u00e4hrend der gesamten Dauer Ihrer Reise (f\u00fcr das ESTA) und mindestens 6 Monate w\u00e4hrend Ihres Interviews in der US-Botschaft (f\u00fcr das Visum) g\u00fcltig sein. <\/span><span style=\"font-weight: 400;\">Wenn dies nicht der Fall ist, m\u00fcssen Sie einen neuen elektronischen oder biometrischen Reisepass beantragen. <\/span> <\/p>\n\n<p><span style=\"font-weight: 400;\">Beachten Sie, dass bei ESTA die Genehmigung \u00fcber die elektronischen Systeme des US-Zolls direkt mit Ihrer Passnummer verkn\u00fcpft wird. Wenn also Ihre Ausweispapiere abgelaufen sind, m\u00fcssen Sie sie erneuern und anschlie\u00dfend einen neuen ESTA-Antrag stellen.  <\/span><\/p>\n\n<h3 class=\"wp-block-heading\"><span style=\"font-weight: 400;\">Der Erhalt eines ESTA  <\/span><\/h3>\n\n<p><span style=\"font-weight: 400;\">Der Antragsteller darf auf keinen Fall zu kommerziellen Zwecken in die USA reisen. Das ESTA ist ausschlie\u00dflich f\u00fcr touristische und gesch\u00e4ftliche Kurzaufenthalte (Konferenzen, Vertragsunterzeichnungen, Meetings&#8230;) sowie f\u00fcr die Durchreise (auf dem Luft- oder Seeweg) bestimmt.  <\/span><\/p>\n\n<p><span style=\"font-weight: 400;\">Wenn Sie nicht alle ESTA-Anforderungen erf\u00fcllen, gibt es folgende Arten von Visa, die der ESTA-Reisegenehmigung am n\u00e4chsten kommen:  <\/span><\/p>\n\n<ul class=\"wp-block-list\">\n<li><span style=\"font-weight: 400;\">f\u00fcr Gesch\u00e4ftsreisen: das Visum B1 ;<\/span><\/li>\n\n\n\n<li><span style=\"font-weight: 400;\">f\u00fcr Tourismus, Urlaub oder Freizeit: das B2-Visum ;<\/span><\/li>\n\n\n\n<li><span style=\"font-weight: 400;\">und f\u00fcr Durchreisen: das Visum C.  <\/span><\/li>\n<\/ul>\n\n<h3 class=\"wp-block-heading\"><span style=\"font-weight: 400;\">Die Beschaffung eines Visums  <\/span><\/h3>\n\n<p><span style=\"font-weight: 400;\">Abgesehen von den ESTA-Bedingungen muss f\u00fcr alle anderen Gr\u00fcnde ein USA-Visum beantragt werden.  <\/span><\/p>\n\n<p><span style=\"font-weight: 400;\">Hinweis: Wenn Sie sich dauerhaft in den USA niederlassen wollen, m\u00fcssen Sie sich eine Daueraufenthaltskarte, die sogenannte Green Card, besorgen, indem Sie beispielsweise an der Lotterie des US-Diversity-Programms teilnehmen.<\/span><\/p>\n","protected":false},"excerpt":{"rendered":"<p>F\u00fcr jede Reise in die USA ist eine Reisegenehmigung erforderlich. Ob es der Visum oder ESTADie Wahl h\u00e4ngt von der Dauer Ihres Aufenthalts und dem Grund f\u00fcr die Abreise ab. Gehen Sie dorthin, um zu arbeiten, ein Praktikum zu absolvieren oder einfach nur, um das amerikanische Land kennenzulernen? Diese Gr\u00fcnde bestimmen, welches amtliche Dokument f\u00fcr &#8230; <a title=\"Visum oder ESTA f\u00fcr Reisen in die USA\" class=\"read-more\" href=\"https:\/\/esta-etats-unis.net\/de\/visum-oder-esta-fuer-reisen-in-die-usa\/\" aria-label=\"Mehr Informationen \u00fcber Visum oder ESTA f\u00fcr Reisen in die USA\">Weiterlesen<\/a><\/p>\n","protected":false},"author":1,"featured_media":0,"parent":0,"menu_order":0,"comment_status":"closed","ping_status":"closed","template":"","meta":{"footnotes":""},"class_list":["post-553","page","type-page","status-publish"],"yoast_head":"<!-- This site is optimized with the Yoast SEO plugin v26.2 - https:\/\/yoast.com\/wordpress\/plugins\/seo\/ -->\n<title>Ben\u00f6tigt man ein Visum oder ESTA, um in die USA zu reisen?<\/title>\n<meta name=\"description\" content=\"Sie haben geplant, nur in die USA zu reisen, wissen aber nicht, an welches Dokument Sie sich wenden sollen? ESTA oder Visum, was ist f\u00fcr meinen Aufenthalt besser geeignet?\" \/>\n<meta name=\"robots\" content=\"index, follow, max-snippet:-1, max-image-preview:large, max-video-preview:-1\" \/>\n<link rel=\"canonical\" href=\"https:\/\/esta-etats-unis.net\/de\/visum-oder-esta-fuer-reisen-in-die-usa\/\" \/>\n<meta property=\"og:locale\" content=\"de_DE\" \/>\n<meta property=\"og:type\" content=\"article\" \/>\n<meta property=\"og:title\" content=\"Ben\u00f6tigt man ein Visum oder ESTA, um in die USA zu reisen?\" \/>\n<meta property=\"og:description\" content=\"Sie haben geplant, nur in die USA zu reisen, wissen aber nicht, an welches Dokument Sie sich wenden sollen? ESTA oder Visum, was ist f\u00fcr meinen Aufenthalt besser geeignet?\" \/>\n<meta property=\"og:url\" content=\"https:\/\/esta-etats-unis.net\/de\/visum-oder-esta-fuer-reisen-in-die-usa\/\" \/>\n<meta property=\"og:site_name\" content=\"Organisieren Sie Ihre Reise in die Vereinigten Staaten\" \/>\n<meta property=\"article:modified_time\" content=\"2024-10-11T07:16:52+00:00\" \/>\n<meta property=\"og:image\" content=\"https:\/\/esta-etats-unis.net\/wp-content\/uploads\/2019\/04\/Visa-USA-esta-passeport.jpg\" \/>\n\t<meta property=\"og:image:width\" content=\"275\" \/>\n\t<meta property=\"og:image:height\" content=\"183\" \/>\n\t<meta property=\"og:image:type\" content=\"image\/jpeg\" \/>\n<meta name=\"twitter:label1\" content=\"Gesch\u00e4tzte Lesezeit\" \/>\n\t<meta name=\"twitter:data1\" content=\"6\u00a0Minuten\" \/>\n<script type=\"application\/ld+json\" class=\"yoast-schema-graph\">{\"@context\":\"https:\/\/schema.org\",\"@graph\":[{\"@type\":\"WebPage\",\"@id\":\"https:\/\/esta-etats-unis.net\/de\/visum-oder-esta-fuer-reisen-in-die-usa\/\",\"url\":\"https:\/\/esta-etats-unis.net\/de\/visum-oder-esta-fuer-reisen-in-die-usa\/\",\"name\":\"Ben\u00f6tigt man ein Visum oder ESTA, um in die USA zu reisen?\",\"isPartOf\":{\"@id\":\"https:\/\/esta-etats-unis.net\/de\/#website\"},\"primaryImageOfPage\":{\"@id\":\"https:\/\/esta-etats-unis.net\/de\/visum-oder-esta-fuer-reisen-in-die-usa\/#primaryimage\"},\"image\":{\"@id\":\"https:\/\/esta-etats-unis.net\/de\/visum-oder-esta-fuer-reisen-in-die-usa\/#primaryimage\"},\"thumbnailUrl\":\"https:\/\/esta-etats-unis.net\/wp-content\/uploads\/2019\/04\/Visa-USA-esta-passeport.jpg\",\"datePublished\":\"2019-04-12T11:31:56+00:00\",\"dateModified\":\"2024-10-11T07:16:52+00:00\",\"description\":\"Sie haben geplant, nur in die USA zu reisen, wissen aber nicht, an welches Dokument Sie sich wenden sollen? ESTA oder Visum, was ist f\u00fcr meinen Aufenthalt besser geeignet?\",\"inLanguage\":\"de\",\"potentialAction\":[{\"@type\":\"ReadAction\",\"target\":[\"https:\/\/esta-etats-unis.net\/de\/visum-oder-esta-fuer-reisen-in-die-usa\/\"]}]},{\"@type\":\"ImageObject\",\"inLanguage\":\"de\",\"@id\":\"https:\/\/esta-etats-unis.net\/de\/visum-oder-esta-fuer-reisen-in-die-usa\/#primaryimage\",\"url\":\"https:\/\/esta-etats-unis.net\/wp-content\/uploads\/2019\/04\/Visa-USA-esta-passeport.jpg\",\"contentUrl\":\"https:\/\/esta-etats-unis.net\/wp-content\/uploads\/2019\/04\/Visa-USA-esta-passeport.jpg\"},{\"@type\":\"WebSite\",\"@id\":\"https:\/\/esta-etats-unis.net\/de\/#website\",\"url\":\"https:\/\/esta-etats-unis.net\/de\/\",\"name\":\"Organisieren Sie Ihre Reise in die Vereinigten Staaten\",\"description\":\"\",\"potentialAction\":[{\"@type\":\"SearchAction\",\"target\":{\"@type\":\"EntryPoint\",\"urlTemplate\":\"https:\/\/esta-etats-unis.net\/de\/?s={search_term_string}\"},\"query-input\":{\"@type\":\"PropertyValueSpecification\",\"valueRequired\":true,\"valueName\":\"search_term_string\"}}],\"inLanguage\":\"de\"}]}<\/script>\n<!-- \/ Yoast SEO plugin. -->","yoast_head_json":{"title":"Ben\u00f6tigt man ein Visum oder ESTA, um in die USA zu reisen?","description":"Sie haben geplant, nur in die USA zu reisen, wissen aber nicht, an welches Dokument Sie sich wenden sollen? ESTA oder Visum, was ist f\u00fcr meinen Aufenthalt besser geeignet?","robots":{"index":"index","follow":"follow","max-snippet":"max-snippet:-1","max-image-preview":"max-image-preview:large","max-video-preview":"max-video-preview:-1"},"canonical":"https:\/\/esta-etats-unis.net\/de\/visum-oder-esta-fuer-reisen-in-die-usa\/","og_locale":"de_DE","og_type":"article","og_title":"Ben\u00f6tigt man ein Visum oder ESTA, um in die USA zu reisen?","og_description":"Sie haben geplant, nur in die USA zu reisen, wissen aber nicht, an welches Dokument Sie sich wenden sollen? ESTA oder Visum, was ist f\u00fcr meinen Aufenthalt besser geeignet?","og_url":"https:\/\/esta-etats-unis.net\/de\/visum-oder-esta-fuer-reisen-in-die-usa\/","og_site_name":"Organisieren Sie Ihre Reise in die Vereinigten Staaten","article_modified_time":"2024-10-11T07:16:52+00:00","og_image":[{"width":275,"height":183,"url":"https:\/\/esta-etats-unis.net\/wp-content\/uploads\/2019\/04\/Visa-USA-esta-passeport.jpg","type":"image\/jpeg"}],"twitter_misc":{"Gesch\u00e4tzte Lesezeit":"6\u00a0Minuten"},"schema":{"@context":"https:\/\/schema.org","@graph":[{"@type":"WebPage","@id":"https:\/\/esta-etats-unis.net\/de\/visum-oder-esta-fuer-reisen-in-die-usa\/","url":"https:\/\/esta-etats-unis.net\/de\/visum-oder-esta-fuer-reisen-in-die-usa\/","name":"Ben\u00f6tigt man ein Visum oder ESTA, um in die USA zu reisen?","isPartOf":{"@id":"https:\/\/esta-etats-unis.net\/de\/#website"},"primaryImageOfPage":{"@id":"https:\/\/esta-etats-unis.net\/de\/visum-oder-esta-fuer-reisen-in-die-usa\/#primaryimage"},"image":{"@id":"https:\/\/esta-etats-unis.net\/de\/visum-oder-esta-fuer-reisen-in-die-usa\/#primaryimage"},"thumbnailUrl":"https:\/\/esta-etats-unis.net\/wp-content\/uploads\/2019\/04\/Visa-USA-esta-passeport.jpg","datePublished":"2019-04-12T11:31:56+00:00","dateModified":"2024-10-11T07:16:52+00:00","description":"Sie haben geplant, nur in die USA zu reisen, wissen aber nicht, an welches Dokument Sie sich wenden sollen? ESTA oder Visum, was ist f\u00fcr meinen Aufenthalt besser geeignet?","inLanguage":"de","potentialAction":[{"@type":"ReadAction","target":["https:\/\/esta-etats-unis.net\/de\/visum-oder-esta-fuer-reisen-in-die-usa\/"]}]},{"@type":"ImageObject","inLanguage":"de","@id":"https:\/\/esta-etats-unis.net\/de\/visum-oder-esta-fuer-reisen-in-die-usa\/#primaryimage","url":"https:\/\/esta-etats-unis.net\/wp-content\/uploads\/2019\/04\/Visa-USA-esta-passeport.jpg","contentUrl":"https:\/\/esta-etats-unis.net\/wp-content\/uploads\/2019\/04\/Visa-USA-esta-passeport.jpg"},{"@type":"WebSite","@id":"https:\/\/esta-etats-unis.net\/de\/#website","url":"https:\/\/esta-etats-unis.net\/de\/","name":"Organisieren Sie Ihre Reise in die Vereinigten Staaten","description":"","potentialAction":[{"@type":"SearchAction","target":{"@type":"EntryPoint","urlTemplate":"https:\/\/esta-etats-unis.net\/de\/?s={search_term_string}"},"query-input":{"@type":"PropertyValueSpecification","valueRequired":true,"valueName":"search_term_string"}}],"inLanguage":"de"}]}},"_links":{"self":[{"href":"https:\/\/esta-etats-unis.net\/de\/wp-json\/wp\/v2\/pages\/553","targetHints":{"allow":["GET"]}}],"collection":[{"href":"https:\/\/esta-etats-unis.net\/de\/wp-json\/wp\/v2\/pages"}],"about":[{"href":"https:\/\/esta-etats-unis.net\/de\/wp-json\/wp\/v2\/types\/page"}],"author":[{"embeddable":true,"href":"https:\/\/esta-etats-unis.net\/de\/wp-json\/wp\/v2\/users\/1"}],"replies":[{"embeddable":true,"href":"https:\/\/esta-etats-unis.net\/de\/wp-json\/wp\/v2\/comments?post=553"}],"version-history":[{"count":5,"href":"https:\/\/esta-etats-unis.net\/de\/wp-json\/wp\/v2\/pages\/553\/revisions"}],"predecessor-version":[{"id":855,"href":"https:\/\/esta-etats-unis.net\/de\/wp-json\/wp\/v2\/pages\/553\/revisions\/855"}],"wp:attachment":[{"href":"https:\/\/esta-etats-unis.net\/de\/wp-json\/wp\/v2\/media?parent=553"}],"curies":[{"name":"wp","href":"https:\/\/api.w.org\/{rel}","templated":true}]}}