{"id":543,"date":"2014-11-17T22:01:24","date_gmt":"2014-11-17T21:01:24","guid":{"rendered":"https:\/\/esta-etats-unis.net\/mit-dem-flugzeug-oder-schiff-in-die-usa-reisen\/"},"modified":"2024-10-09T08:44:51","modified_gmt":"2024-10-09T07:44:51","slug":"mit-dem-flugzeug-oder-schiff-in-die-usa-reisen","status":"publish","type":"page","link":"https:\/\/esta-etats-unis.net\/de\/mit-dem-flugzeug-oder-schiff-in-die-usa-reisen\/","title":{"rendered":"Mit dem Flugzeug oder Schiff in die USA reisen"},"content":{"rendered":"\n<p>B\u00fcrger aus L\u00e4ndern, die am VWP-Programm f\u00fcr visumfreies Reisen teilnehmen, k\u00f6nnen ohne Visum in die USA einreisen, wenn sie nicht l\u00e4nger als 90 Tage bleiben. Alle Besucher, die ohne Visum in die USA einreisen, m\u00fcssen eine<a href=\"https:\/\/esta-etats-unis.net\/de\/esta-formalitaet-fuer-ihre-reise-in-die-usa\/\">ESTA-Genehmigung<\/a> beantragen, die online ausgestellt wird. <\/p>\n\n<h2 class=\"wp-block-heading\">Reisende, die f\u00fcr die Einreise in die USA kein Visum ben\u00f6tigen<\/h2>\n\n<p>Seit 2009, nach der Einf\u00fchrung des Programms f\u00fcr visumfreies Reisen (Visa Waiver Program), sind 41 L\u00e4nder von der Visumspflicht befreit, um in die USA zu reisen. Der Zugang zum US-amerikanischen Hoheitsgebiet ist jedoch nicht automatisch gegeben. Alle Reisenden aus diesen L\u00e4ndern m\u00fcssen vorab die elektronische Reisegenehmigung ESTA einholen. Dieses Verfahren wurde eingef\u00fchrt, um die Identit\u00e4t von Besuchern schon vor der Einreise in die USA zu kontrollieren und zu \u00fcberpr\u00fcfen.<\/p>\n\n<p>Die Einreise wird Personen verweigert, die ein Risiko darstellen, die innere Sicherheit gef\u00e4hrden oder eine Bedrohung f\u00fcr die \u00f6ffentliche Gesundheit darstellen, sowie Personen, die <a href=\"https:\/\/esta-etats-unis.net\/de\/wie-fuelle-ich-das-esta-formular-fuer-eine-reise-in-die-usa-aus\/\">das E<\/a> STA-Formular nicht <a href=\"https:\/\/esta-etats-unis.net\/de\/wie-fuelle-ich-das-esta-formular-fuer-eine-reise-in-die-usa-aus\/\">ordnungsgem\u00e4\u00df ausgef\u00fcllt<\/a> haben. Es ist jedoch zu beachten, dass diese elektronische Genehmigung nur zwei Jahre lang g\u00fcltig ist. Die zul\u00e4ssige Dauer f\u00fcr jeden Aufenthalt in den USA betr\u00e4gt maximal 90 Tage, unabh\u00e4ngig davon, ob es sich um einen Tourismus-, Gesch\u00e4fts- oder Transitaufenthalt handelt.<\/p>\n\n<p>Die Transportmittel, die f\u00fcr die Einreise in die USA mit einem ESTA toleriert werden, sind: Seeweg, Luftweg und seit 2022 auch der Landweg. Es ist Pflicht, Flug- und Schifffahrtsgesellschaften zu benutzen, die von den US-Beh\u00f6rden anerkannt sind. Um eine Reise in die USA richtig vorzubereiten, ist es hilfreich, sich \u00fcber die von der Genehmigung zugelassenen Fluggesellschaften zu informieren.<\/p>\n\n<h2 class=\"wp-block-heading\">Erhalt eines ESTA USA f\u00fcr eine Reise in die USA<\/h2>\n\n<p>Um den ESTA-Antrag zu stellen und sich in den USA aufzuhalten, muss der Reisende vor allem einen <a href=\"https:\/\/esta-etats-unis.net\/de\/welchen-reisepass-muss-man-besitzen-um-ein-esta-oder-ein-visum-zu-beantragen\/\">g\u00fcltigen Reisepass<\/a> besitzen, der den Anforderungen der US-Regierung entspricht. So sind die zugelassenen P\u00e4sse die neuen biometrischen P\u00e4sse und die elektronischen P\u00e4sse. Mit Ihrer Passnummer k\u00f6nnen Sie online einen ESTA beantragen, diese Nummer wird mit Ihrem Antrag verkn\u00fcpft.<\/p>\n\n<p>Danach m\u00fcssen Sie auf der <a href=\"https:\/\/esta.cbp.dhs.gov\/\">offiziellen Website der US-Regierung<\/a> einen <a href=\"https:\/\/document-esta.com\/de\/\">ESTA-Antrag<\/a> stellen.<\/p>\n\n<p>W\u00e4hrend der zweij\u00e4hrigen G\u00fcltigkeitsdauer des ESTA-Dokuments besteht die M\u00f6glichkeit, bestimmte Informationen zu aktualisieren, und es ist eine Nachverfolgung des Falls m\u00f6glich. Es werden vor allem Informationen \u00fcber die Identit\u00e4t des Reisenden sowie \u00fcber den Reisepass verlangt. Die Zahlung per Kreditkarte erm\u00f6glicht die Online-\u00dcbermittlung Ihres Antrags. Wenn das ESTA-Formular den Erwartungen der US-Beh\u00f6rden entspricht, erfolgt die Ausstellung nach 72 Stunden ab dem Zeitpunkt der Einreichung des Antrags. Bei einer Ablehnung gibt es zwei M\u00f6glichkeiten: Entweder beruht die Ablehnung auf einem einfachen Fehler im Formular und in diesem Fall ist es m\u00f6glich, einen neuen Antrag zu stellen, oder Sie erf\u00fcllen nicht alle F\u00f6rderkriterien. Es gibt nur noch eine M\u00f6glichkeit, um die USA besuchen zu k\u00f6nnen: <a href=\"https:\/\/esta-etats-unis.net\/de\/wie-beantrage-ich-ein-visum-bei-der-us-botschaft\/\">Beantragen Sie bei der US-Botschaft ein USA-Visum<\/a>.<\/p>\n\n<p>Mit dem ESTA oder dem amerikanischen Visum in Ihrem Besitz k\u00f6nnen Sie innerhalb von zwei Jahren mehrmals in die USA reisen, um mehrere amerikanische St\u00e4dte zu besuchen und Folgendes zu entdecken: das Tal des Todes, die verschiedenen Nationalparks, die golden gate bridge, die Niagaraf\u00e4lle oder die Freiheitsstatue. So k\u00f6nnen Sie in die amerikanische Kultur eintauchen.<\/p>\n","protected":false},"excerpt":{"rendered":"<p>B\u00fcrger aus L\u00e4ndern, die am VWP-Programm f\u00fcr visumfreies Reisen teilnehmen, k\u00f6nnen ohne Visum in die USA einreisen, wenn sie nicht l\u00e4nger als 90 Tage bleiben. Alle Besucher, die ohne Visum in die USA einreisen, m\u00fcssen eineESTA-Genehmigung beantragen, die online ausgestellt wird. Reisende, die f\u00fcr die Einreise in die USA kein Visum ben\u00f6tigen Seit 2009, nach &#8230; <a title=\"Mit dem Flugzeug oder Schiff in die USA reisen\" class=\"read-more\" href=\"https:\/\/esta-etats-unis.net\/de\/mit-dem-flugzeug-oder-schiff-in-die-usa-reisen\/\" aria-label=\"Mehr Informationen \u00fcber Mit dem Flugzeug oder Schiff in die USA reisen\">Weiterlesen<\/a><\/p>\n","protected":false},"author":1,"featured_media":0,"parent":0,"menu_order":0,"comment_status":"closed","ping_status":"closed","template":"","meta":{"footnotes":""},"class_list":["post-543","page","type-page","status-publish"],"yoast_head":"<!-- This site is optimized with the Yoast SEO plugin v26.2 - https:\/\/yoast.com\/wordpress\/plugins\/seo\/ -->\n<title>Mit ESTA per Flugzeug oder Schiff in die USA reisen<\/title>\n<meta name=\"description\" content=\"Bevor Sie in die USA reisen, m\u00fcssen Sie Ihre Reise vorbereiten. Kann man mit ESTA per Flugzeug oder Schiff in die USA reisen? Die Antwort hier.\" \/>\n<meta name=\"robots\" content=\"index, follow, max-snippet:-1, max-image-preview:large, max-video-preview:-1\" \/>\n<link rel=\"canonical\" href=\"https:\/\/esta-etats-unis.net\/de\/mit-dem-flugzeug-oder-schiff-in-die-usa-reisen\/\" \/>\n<meta property=\"og:locale\" content=\"de_DE\" \/>\n<meta property=\"og:type\" content=\"article\" \/>\n<meta property=\"og:title\" content=\"Mit ESTA per Flugzeug oder Schiff in die USA reisen\" \/>\n<meta property=\"og:description\" content=\"Bevor Sie in die USA reisen, m\u00fcssen Sie Ihre Reise vorbereiten. Kann man mit ESTA per Flugzeug oder Schiff in die USA reisen? Die Antwort hier.\" \/>\n<meta property=\"og:url\" content=\"https:\/\/esta-etats-unis.net\/de\/mit-dem-flugzeug-oder-schiff-in-die-usa-reisen\/\" \/>\n<meta property=\"og:site_name\" content=\"Organisieren Sie Ihre Reise in die Vereinigten Staaten\" \/>\n<meta property=\"article:modified_time\" content=\"2024-10-09T07:44:51+00:00\" \/>\n<meta name=\"twitter:label1\" content=\"Gesch\u00e4tzte Lesezeit\" \/>\n\t<meta name=\"twitter:data1\" content=\"3\u00a0Minuten\" \/>\n<script type=\"application\/ld+json\" class=\"yoast-schema-graph\">{\"@context\":\"https:\/\/schema.org\",\"@graph\":[{\"@type\":\"WebPage\",\"@id\":\"https:\/\/esta-etats-unis.net\/de\/mit-dem-flugzeug-oder-schiff-in-die-usa-reisen\/\",\"url\":\"https:\/\/esta-etats-unis.net\/de\/mit-dem-flugzeug-oder-schiff-in-die-usa-reisen\/\",\"name\":\"Mit ESTA per Flugzeug oder Schiff in die USA reisen\",\"isPartOf\":{\"@id\":\"https:\/\/esta-etats-unis.net\/de\/#website\"},\"datePublished\":\"2014-11-17T21:01:24+00:00\",\"dateModified\":\"2024-10-09T07:44:51+00:00\",\"description\":\"Bevor Sie in die USA reisen, m\u00fcssen Sie Ihre Reise vorbereiten. Kann man mit ESTA per Flugzeug oder Schiff in die USA reisen? Die Antwort hier.\",\"inLanguage\":\"de\",\"potentialAction\":[{\"@type\":\"ReadAction\",\"target\":[\"https:\/\/esta-etats-unis.net\/de\/mit-dem-flugzeug-oder-schiff-in-die-usa-reisen\/\"]}]},{\"@type\":\"WebSite\",\"@id\":\"https:\/\/esta-etats-unis.net\/de\/#website\",\"url\":\"https:\/\/esta-etats-unis.net\/de\/\",\"name\":\"Organisieren Sie Ihre Reise in die Vereinigten Staaten\",\"description\":\"\",\"potentialAction\":[{\"@type\":\"SearchAction\",\"target\":{\"@type\":\"EntryPoint\",\"urlTemplate\":\"https:\/\/esta-etats-unis.net\/de\/?s={search_term_string}\"},\"query-input\":{\"@type\":\"PropertyValueSpecification\",\"valueRequired\":true,\"valueName\":\"search_term_string\"}}],\"inLanguage\":\"de\"}]}<\/script>\n<!-- \/ Yoast SEO plugin. -->","yoast_head_json":{"title":"Mit ESTA per Flugzeug oder Schiff in die USA reisen","description":"Bevor Sie in die USA reisen, m\u00fcssen Sie Ihre Reise vorbereiten. Kann man mit ESTA per Flugzeug oder Schiff in die USA reisen? Die Antwort hier.","robots":{"index":"index","follow":"follow","max-snippet":"max-snippet:-1","max-image-preview":"max-image-preview:large","max-video-preview":"max-video-preview:-1"},"canonical":"https:\/\/esta-etats-unis.net\/de\/mit-dem-flugzeug-oder-schiff-in-die-usa-reisen\/","og_locale":"de_DE","og_type":"article","og_title":"Mit ESTA per Flugzeug oder Schiff in die USA reisen","og_description":"Bevor Sie in die USA reisen, m\u00fcssen Sie Ihre Reise vorbereiten. Kann man mit ESTA per Flugzeug oder Schiff in die USA reisen? Die Antwort hier.","og_url":"https:\/\/esta-etats-unis.net\/de\/mit-dem-flugzeug-oder-schiff-in-die-usa-reisen\/","og_site_name":"Organisieren Sie Ihre Reise in die Vereinigten Staaten","article_modified_time":"2024-10-09T07:44:51+00:00","twitter_misc":{"Gesch\u00e4tzte Lesezeit":"3\u00a0Minuten"},"schema":{"@context":"https:\/\/schema.org","@graph":[{"@type":"WebPage","@id":"https:\/\/esta-etats-unis.net\/de\/mit-dem-flugzeug-oder-schiff-in-die-usa-reisen\/","url":"https:\/\/esta-etats-unis.net\/de\/mit-dem-flugzeug-oder-schiff-in-die-usa-reisen\/","name":"Mit ESTA per Flugzeug oder Schiff in die USA reisen","isPartOf":{"@id":"https:\/\/esta-etats-unis.net\/de\/#website"},"datePublished":"2014-11-17T21:01:24+00:00","dateModified":"2024-10-09T07:44:51+00:00","description":"Bevor Sie in die USA reisen, m\u00fcssen Sie Ihre Reise vorbereiten. Kann man mit ESTA per Flugzeug oder Schiff in die USA reisen? Die Antwort hier.","inLanguage":"de","potentialAction":[{"@type":"ReadAction","target":["https:\/\/esta-etats-unis.net\/de\/mit-dem-flugzeug-oder-schiff-in-die-usa-reisen\/"]}]},{"@type":"WebSite","@id":"https:\/\/esta-etats-unis.net\/de\/#website","url":"https:\/\/esta-etats-unis.net\/de\/","name":"Organisieren Sie Ihre Reise in die Vereinigten Staaten","description":"","potentialAction":[{"@type":"SearchAction","target":{"@type":"EntryPoint","urlTemplate":"https:\/\/esta-etats-unis.net\/de\/?s={search_term_string}"},"query-input":{"@type":"PropertyValueSpecification","valueRequired":true,"valueName":"search_term_string"}}],"inLanguage":"de"}]}},"_links":{"self":[{"href":"https:\/\/esta-etats-unis.net\/de\/wp-json\/wp\/v2\/pages\/543","targetHints":{"allow":["GET"]}}],"collection":[{"href":"https:\/\/esta-etats-unis.net\/de\/wp-json\/wp\/v2\/pages"}],"about":[{"href":"https:\/\/esta-etats-unis.net\/de\/wp-json\/wp\/v2\/types\/page"}],"author":[{"embeddable":true,"href":"https:\/\/esta-etats-unis.net\/de\/wp-json\/wp\/v2\/users\/1"}],"replies":[{"embeddable":true,"href":"https:\/\/esta-etats-unis.net\/de\/wp-json\/wp\/v2\/comments?post=543"}],"version-history":[{"count":7,"href":"https:\/\/esta-etats-unis.net\/de\/wp-json\/wp\/v2\/pages\/543\/revisions"}],"predecessor-version":[{"id":785,"href":"https:\/\/esta-etats-unis.net\/de\/wp-json\/wp\/v2\/pages\/543\/revisions\/785"}],"wp:attachment":[{"href":"https:\/\/esta-etats-unis.net\/de\/wp-json\/wp\/v2\/media?parent=543"}],"curies":[{"name":"wp","href":"https:\/\/api.w.org\/{rel}","templated":true}]}}