{"id":542,"date":"2019-05-10T08:16:02","date_gmt":"2019-05-10T07:16:02","guid":{"rendered":"https:\/\/esta-etats-unis.net\/j1-visum-praktikum-usa-wie-ist-das-verfahren\/"},"modified":"2022-07-31T10:13:32","modified_gmt":"2022-07-31T09:13:32","slug":"j1-visum-praktikum-usa-wie-ist-das-verfahren","status":"publish","type":"page","link":"https:\/\/esta-etats-unis.net\/de\/j1-visum-praktikum-usa-wie-ist-das-verfahren\/","title":{"rendered":"J1-Visum Praktikum USA: Wie ist das Verfahren?"},"content":{"rendered":"\n<p><span style=\"font-weight: 400;\">Nach dem Abitur oder auch als Berufseinsteiger kann man f\u00fcr bis zu 18 Monate in die USA gehen und dort neue Berufserfahrungen sammeln. F\u00fcr diese Art von Aufenthalt in den USA hei\u00dft das am besten geeignete USA-Visum J1 und bietet verschiedene Programme an.  <\/span><\/p>\n\n<p><span style=\"font-weight: 400;\">Um alle Chancen auf Ihrer Seite zu haben, werden wir uns in diesem Artikel mit dem Praktikumsvisum USA besch\u00e4ftigen und Ihnen die Besonderheiten und Bedingungen des J1-Visums vorstellen.<\/span><\/p>\n\n<h2 class=\"wp-block-heading\"><span style=\"font-weight: 400;\">Vorstellung des J1-Visums f\u00fcr ein Praktikum in den USA<\/span><\/h2>\n\n<p><span style=\"font-weight: 400;\">Viele Sch\u00fcler tr\u00e4umen davon, ein internationales Praktikum in den USA zu absolvieren, um ein berufliches Abenteuer zu erleben und ihr Studium mit neuen F\u00e4higkeiten abzuschlie\u00dfen, die sie in ihren Lebenslauf einf\u00fcgen k\u00f6nnen. Ein Praktikum im Ausland zu absolvieren, wird von Personalverantwortlichen immer mehr anerkannt und gesch\u00e4tzt, vor allem wegen der Sprachkenntnisse, aber auch wegen der Offenheit gegen\u00fcber einer anderen Kultur.  <\/span><\/p>\n\n<p><span style=\"font-weight: 400;\">Um ein Praktikum in den USA zu absolvieren, einen internationalen Freiwilligendienst in einem Unternehmen zu leisten oder in den USA an einer amerikanischen Universit\u00e4t oder High School zu studieren. Sie ben\u00f6tigen ein amerikanisches J1-Visum.<\/span><\/p>\n\n<p><span style=\"font-weight: 400;\">Das Praktikumsvisum USA ist ein Visum, das zu den Non-Immigrant-Visa geh\u00f6rt, also f\u00fcr Kurzaufenthalte. F\u00fcr den st\u00e4ndigen Wohnsitz und damit f\u00fcr das Leben in den USA gibt es das Einwanderervisum oder die Green Card, die eine Daueraufenthaltskarte ist.<\/span><\/p>\n\n<figure class=\"wp-block-image size-large\"><a href=\"https:\/\/esta-etats-unis.net\/wp-content\/uploads\/2019\/05\/visa-stage-USA.jpeg\"><img loading=\"lazy\" decoding=\"async\" width=\"1024\" height=\"683\" src=\"https:\/\/esta-etats-unis.net\/wp-content\/uploads\/2019\/05\/visa-stage-USA-1024x683.jpeg\" alt=\"J1 Visum Praktikum USA\" class=\"wp-image-279\" srcset=\"https:\/\/esta-etats-unis.net\/wp-content\/uploads\/2019\/05\/visa-stage-USA-1024x683.jpeg 1024w, https:\/\/esta-etats-unis.net\/wp-content\/uploads\/2019\/05\/visa-stage-USA-300x200.jpeg 300w, https:\/\/esta-etats-unis.net\/wp-content\/uploads\/2019\/05\/visa-stage-USA-768x512.jpeg 768w\" sizes=\"auto, (max-width: 1024px) 100vw, 1024px\" \/><\/a><figcaption>amerikanisches J1-Visum, um ein Praktikum in den USA zu absolvieren<\/figcaption><\/figure>\n\n<p><span style=\"font-weight: 400;\">Die <\/span><span style=\"font-weight: 400;\">Praktikumsvisum USA<\/span><span style=\"font-weight: 400;\"> verf\u00fcgt \u00fcber mehrere Kategorien : <\/span> <\/p>\n\n<h3 class=\"wp-block-heading\"><span style=\"font-weight: 400;\">Das J1 Trainee-Visum  <\/span><\/h3>\n\n<p><span style=\"font-weight: 400;\">Das Trainee-Visum ist f\u00fcr Hochschulabsolventen, die l\u00e4nger als ein Jahr im Land sind, und f\u00fcr Berufst\u00e4tige mit einem Hochschulabschluss, einem Berufszertifikat oder Arbeitserfahrung gedacht. Das Ziel dieses Visums ist es, Sie mit der amerikanischen Kultur vertraut zu machen und eine Ausbildung zu erhalten, die mit Ihrem Fachgebiet in Verbindung steht. Er ist f\u00fcr einen Zeitraum von 1 bis 18 Monaten g\u00fcltig.  <\/span><\/p>\n\n<h3 class=\"wp-block-heading\"><span style=\"font-weight: 400;\">Das J1 Intern Visum<\/span><\/h3>\n\n<p><span style=\"font-weight: 400;\">Es richtet sich an ausl\u00e4ndische Studierende auf Hochschulniveau oder neue Hochschulabsolventen (weniger als ein Jahr alt), die sich mit der amerikanischen Kultur auseinandersetzen m\u00f6chten, indem sie ein Praktikum im gleichen Bereich wie ihr Studium absolvieren. Er ist f\u00fcr einen Zeitraum von 1 bis 12 Monaten g\u00fcltig.  <\/span><\/p>\n\n<p><span style=\"font-weight: 400;\">In diesem Artikel besch\u00e4ftigen wir uns haupts\u00e4chlich mit Praktika in den USA. Es ist jedoch auch m\u00f6glich, in die USA zu gehen, ohne eine Praktikantenstelle anzutreten. Dank anderer J1-Visa k\u00f6nnen Berufst\u00e4tige oder Studierende aus verschiedenen Gr\u00fcnden in die USA reisen: ein Au-pair-Aufenthalt, eine Saisonarbeit, ein Studium in den USA an einer amerikanischen Universit\u00e4t, ein Sprachaufenthalt, eine Lehr- oder Forschungst\u00e4tigkeit etc.<\/span><\/p>\n\n<p><span style=\"font-weight: 400;\">Hinweis: Mit dem Erhalt eines J1-Visums erhalten Sie Ihre Sozialversicherungsnummer und die M\u00f6glichkeit, die Gleichwertigkeit Ihres F\u00fchrerscheins zu erlangen.  <\/span><\/p>\n\n<p><span style=\"font-weight: 400;\">Wenn Sie Ihr Praktikum oder Ihre Ausbildung in Begleitung Ihres Ehepartners oder eines Familienmitglieds absolvieren m\u00f6chten, ist dieser Antrag durchaus machbar, vorausgesetzt, Sie erhalten ein J2-Visum.<\/span><\/p>\n\n<h2 class=\"wp-block-heading\"><span style=\"font-weight: 400;\">Die Beschaffung des J1-Visums<\/span><\/h2>\n\n<p><span style=\"font-weight: 400;\">Bevor Sie einen <a href=\"https:\/\/esta-etats-unis.net\/de\/wie-beantrage-ich-ein-visum-bei-der-us-botschaft\/\">Termin bei der US-Botschaft f\u00fcr Ihr Visum<\/a> vereinbaren, sollten Sie wissen, dass Sie das J1-Visum mit Hilfe einer Sponsoring-Organisation erhalten, die wir als Sponsoring Organization bezeichnen.  <\/span><\/p>\n\n<h3 class=\"wp-block-heading\"><span style=\"font-weight: 400;\">Wie finde ich eine sponsernde Organisation?  <\/span><\/h3>\n\n<p><span style=\"font-weight: 400;\">Alle Sch\u00fcler, die ein Unternehmen finden und Angebote f\u00fcr ein Sch\u00fclerpraktikum in den USA erhalten m\u00f6chten, m\u00fcssen sich an einen Sponsor wenden. Die Funktion der Sponsorenorganisationen besteht n\u00e4mlich darin, Ihr Praktikum zu best\u00e4tigen, damit Sie sp\u00e4ter ein J1-Visum beantragen k\u00f6nnen.  <\/span><\/p>\n\n<p><span style=\"font-weight: 400;\">Zusammenfassend l\u00e4sst sich sagen, dass dies ein entscheidender Schritt ist, um mit den Schritten f\u00fcr das <\/span><span style=\"font-weight: 400;\">Praktikumsvisums in den USA. <\/span> <\/p>\n\n<p><span style=\"font-weight: 400;\">Die Sponsor-Organisation soll sich um alle Formalit\u00e4ten f\u00fcr die Anerkennung Ihres Praktikums in den USA k\u00fcmmern, um Ihnen das Formular DS-2019 oder das Certificate of Eligibility for Exchange Visitor J1 Status auszustellen. Dabei handelt es sich um ein legales, namentlich gekennzeichnetes Dokument, das Ihnen Zugang zum J1-Visum bei der US-Botschaft verschafft.  <\/span><\/p>\n\n<p><span style=\"font-weight: 400;\">Viele Sponsoren sind von der US-Regierung akkreditiert. Um die offiziellen Sponsoren zu entdecken, empfehlen wir Ihnen, die <a href=\"https:\/\/travel.state.gov\/content\/travel\/en\/us-visas\/study\/exchange.html\">offizielle Website des J1-Visums<\/a> zu besuchen:  <\/span><\/p>\n\n<p><span style=\"font-weight: 400;\">Um Probleme zu vermeiden, sollten Sie sich fr\u00fchzeitig um einen Sponsor bem\u00fchen und sich um das<\/span><span style=\"font-weight: 400;\"> Praktikumsvisum USA<\/span><span style=\"font-weight: 400;\">.<\/span><\/p>\n\n<p><span style=\"font-weight: 400;\">Beachten Sie schlie\u00dflich, dass die Dienstleistung einer Sponsororganisation mit Kosten verbunden ist. Um Ihnen eine Vorstellung zu geben: Rechnen Sie mit Kosten von mindestens 650 \u20ac f\u00fcr ein einmonatiges Praktikum, 950 \u20ac f\u00fcr ein sechsmonatiges Praktikum und \u00fcber 1200 \u20ac f\u00fcr ein einj\u00e4hriges Praktikum. Die Kosten k\u00f6nnen je nach gew\u00e4hltem Sponsor und der Dauer Ihres Praktikums variieren.  <\/span><\/p>\n\n<p><span style=\"font-weight: 400;\">Wir empfehlen Ihnen, Ihren Sponsor aus der Liste der von der US-Regierung anerkannten Organisationen auszuw\u00e4hlen, denn wenn Sie einen nicht anerkannten Sponsor w\u00e4hlen, gehen Sie das Risiko ein, Zeit und viel Geld zu verlieren, ohne manchmal sogar das J1-Visum zu erhalten.  <\/span><\/p>\n\n<h3 class=\"wp-block-heading\"><span style=\"font-weight: 400;\">Die Zusammenstellung des J1-Visumdossiers f\u00fcr die US-Botschaft<\/span><\/h3>\n\n<p><span style=\"font-weight: 400;\">Mithilfe Ihres Sponsors stellen Sie Ihren Visumantrag f\u00fcr die US-Botschaft zusammen.  <\/span><\/p>\n\n<p><span style=\"font-weight: 400;\">Es ist wichtig, dass Sie sich im Vorfeld auf Ihren Termin vorbereiten, denn es kann sein, dass das Gespr\u00e4ch auf Englisch gef\u00fchrt wird, damit der Beamte Ihr Sprachniveau beurteilen kann.  <\/span><\/p>\n\n<p><span style=\"font-weight: 400;\">Ihre Bewerbung muss folgende Elemente enthalten:  <\/span><\/p>\n\n<ul class=\"wp-block-list\"><li style=\"font-weight: 400;\"><span style=\"font-weight: 400;\">das DS 2019, das von Ihrer Sponsororganisation ausgeh\u00e4ndigt wird und Ihre Teilnahme am Austauschprogramm best\u00e4tigt;  <\/span><\/li><li style=\"font-weight: 400;\"><span style=\"font-weight: 400;\">das DS 7002 f\u00fcr Trainee- und Intern-Visa, das als Vereinbarung \u00fcber ein Berufspraktikum gilt;  <\/span><\/li><li style=\"font-weight: 400;\"><span style=\"font-weight: 400;\">ein aktuelles Passfoto 5&#215;5 cm in Farbe und auf wei\u00dfem Hintergrund ;<\/span><\/li><li style=\"font-weight: 400;\"><span style=\"font-weight: 400;\">die Quittung \u00fcber die Zahlung der obligatorischen Anmeldegeb\u00fchr f\u00fcr das SEVIS (Student and Exchange Visitor Information System). Einige Botschaften nehmen die Zahlung zum Zeitpunkt des Interviews entgegen;<\/span><\/li><li style=\"font-weight: 400;\"><span style=\"font-weight: 400;\">einen g\u00fcltigen Reisepass ;<\/span><\/li><li style=\"font-weight: 400;\"><span style=\"font-weight: 400;\">einen Nachweis \u00fcber ausreichende finanzielle Mittel, um den Lebensunterhalt w\u00e4hrend des Austauschs zu bestreiten ;<\/span><\/li><li style=\"font-weight: 400;\"><span style=\"font-weight: 400;\">einen Nachweis \u00fcber die Verbindung zu Frankreich oder einen Nachweis \u00fcber die Absicht, die USA nach Abschluss des Programms zu verlassen.<\/span><\/li><\/ul>\n\n<p><span style=\"font-weight: 400;\">Wenn Ihr Antrag angenommen wird, steht Ihnen eine Reise in die USA<\/span> bevor.<\/p>\n\n<p><span style=\"font-weight: 400;\">Der Konsularbeamte beh\u00e4lt Ihren Reisepass ein, um das Visum hinzuzuf\u00fcgen. Ihr Pass wird Ihnen innerhalb von 48 Stunden nach Ihrem Gespr\u00e4ch ausgeh\u00e4ndigt.  <\/span><\/p>\n\n<p><span style=\"font-weight: 400;\">Das J1-Visum ist keine Einreiseerlaubnis f\u00fcr die Vereinigten Staaten von Amerika. Genau wie bei einem <a href=\"https:\/\/esta-etats-unis.net\/de\/warum-sollte-man-vor-einer-reise-in-die-usa-einen-esta-antrag-stellen\/\">ESTA-Antrag<\/a> treffen nur die US-Beh\u00f6rden die endg\u00fcltige Entscheidung, ob Sie in die USA einreisen d\u00fcrfen.<\/span><\/p>\n","protected":false},"excerpt":{"rendered":"<p>Nach dem Abitur oder auch als Berufseinsteiger kann man f\u00fcr bis zu 18 Monate in die USA gehen und dort neue Berufserfahrungen sammeln. F\u00fcr diese Art von Aufenthalt in den USA hei\u00dft das am besten geeignete USA-Visum J1 und bietet verschiedene Programme an. Um alle Chancen auf Ihrer Seite zu haben, werden wir uns in &#8230; <a title=\"J1-Visum Praktikum USA: Wie ist das Verfahren?\" class=\"read-more\" href=\"https:\/\/esta-etats-unis.net\/de\/j1-visum-praktikum-usa-wie-ist-das-verfahren\/\" aria-label=\"Mehr Informationen \u00fcber J1-Visum Praktikum USA: Wie ist das Verfahren?\">Weiterlesen<\/a><\/p>\n","protected":false},"author":1,"featured_media":0,"parent":0,"menu_order":0,"comment_status":"closed","ping_status":"closed","template":"","meta":{"footnotes":""},"class_list":["post-542","page","type-page","status-publish"],"yoast_head":"<!-- This site is optimized with the Yoast SEO plugin v26.2 - https:\/\/yoast.com\/wordpress\/plugins\/seo\/ -->\n<title>Die Verfahren f\u00fcr ein Praktikumsvisum USA<\/title>\n<meta name=\"description\" content=\"Interessieren Sie sich daf\u00fcr, ein Praktikum im Ausland zu absolvieren? F\u00fcr die USA ist die Beantragung eines Praktikumsvisums f\u00fcr die USA obligatorisch und erfordert mehrere Verfahren. Hier sind sie:\" \/>\n<meta name=\"robots\" content=\"index, follow, max-snippet:-1, max-image-preview:large, max-video-preview:-1\" \/>\n<link rel=\"canonical\" href=\"https:\/\/esta-etats-unis.net\/de\/j1-visum-praktikum-usa-wie-ist-das-verfahren\/\" \/>\n<meta property=\"og:locale\" content=\"de_DE\" \/>\n<meta property=\"og:type\" content=\"article\" \/>\n<meta property=\"og:title\" content=\"Die Verfahren f\u00fcr ein Praktikumsvisum USA\" \/>\n<meta property=\"og:description\" content=\"Interessieren Sie sich daf\u00fcr, ein Praktikum im Ausland zu absolvieren? F\u00fcr die USA ist die Beantragung eines Praktikumsvisums f\u00fcr die USA obligatorisch und erfordert mehrere Verfahren. Hier sind sie:\" \/>\n<meta property=\"og:url\" content=\"https:\/\/esta-etats-unis.net\/de\/j1-visum-praktikum-usa-wie-ist-das-verfahren\/\" \/>\n<meta property=\"og:site_name\" content=\"Organisieren Sie Ihre Reise in die Vereinigten Staaten\" \/>\n<meta property=\"article:modified_time\" content=\"2022-07-31T09:13:32+00:00\" \/>\n<meta property=\"og:image\" content=\"https:\/\/esta-etats-unis.net\/wp-content\/uploads\/2019\/05\/visa-stage-USA-1024x683.jpeg\" \/>\n<meta name=\"twitter:label1\" content=\"Gesch\u00e4tzte Lesezeit\" \/>\n\t<meta name=\"twitter:data1\" content=\"5\u00a0Minuten\" \/>\n<script type=\"application\/ld+json\" class=\"yoast-schema-graph\">{\"@context\":\"https:\/\/schema.org\",\"@graph\":[{\"@type\":\"WebPage\",\"@id\":\"https:\/\/esta-etats-unis.net\/de\/j1-visum-praktikum-usa-wie-ist-das-verfahren\/\",\"url\":\"https:\/\/esta-etats-unis.net\/de\/j1-visum-praktikum-usa-wie-ist-das-verfahren\/\",\"name\":\"Die Verfahren f\u00fcr ein Praktikumsvisum USA\",\"isPartOf\":{\"@id\":\"https:\/\/esta-etats-unis.net\/de\/#website\"},\"primaryImageOfPage\":{\"@id\":\"https:\/\/esta-etats-unis.net\/de\/j1-visum-praktikum-usa-wie-ist-das-verfahren\/#primaryimage\"},\"image\":{\"@id\":\"https:\/\/esta-etats-unis.net\/de\/j1-visum-praktikum-usa-wie-ist-das-verfahren\/#primaryimage\"},\"thumbnailUrl\":\"https:\/\/esta-etats-unis.net\/wp-content\/uploads\/2019\/05\/visa-stage-USA-1024x683.jpeg\",\"datePublished\":\"2019-05-10T07:16:02+00:00\",\"dateModified\":\"2022-07-31T09:13:32+00:00\",\"description\":\"Interessieren Sie sich daf\u00fcr, ein Praktikum im Ausland zu absolvieren? F\u00fcr die USA ist die Beantragung eines Praktikumsvisums f\u00fcr die USA obligatorisch und erfordert mehrere Verfahren. Hier sind sie:\",\"inLanguage\":\"de\",\"potentialAction\":[{\"@type\":\"ReadAction\",\"target\":[\"https:\/\/esta-etats-unis.net\/de\/j1-visum-praktikum-usa-wie-ist-das-verfahren\/\"]}]},{\"@type\":\"ImageObject\",\"inLanguage\":\"de\",\"@id\":\"https:\/\/esta-etats-unis.net\/de\/j1-visum-praktikum-usa-wie-ist-das-verfahren\/#primaryimage\",\"url\":\"https:\/\/esta-etats-unis.net\/wp-content\/uploads\/2019\/05\/visa-stage-USA-1024x683.jpeg\",\"contentUrl\":\"https:\/\/esta-etats-unis.net\/wp-content\/uploads\/2019\/05\/visa-stage-USA-1024x683.jpeg\"},{\"@type\":\"WebSite\",\"@id\":\"https:\/\/esta-etats-unis.net\/de\/#website\",\"url\":\"https:\/\/esta-etats-unis.net\/de\/\",\"name\":\"Organisieren Sie Ihre Reise in die Vereinigten Staaten\",\"description\":\"\",\"potentialAction\":[{\"@type\":\"SearchAction\",\"target\":{\"@type\":\"EntryPoint\",\"urlTemplate\":\"https:\/\/esta-etats-unis.net\/de\/?s={search_term_string}\"},\"query-input\":{\"@type\":\"PropertyValueSpecification\",\"valueRequired\":true,\"valueName\":\"search_term_string\"}}],\"inLanguage\":\"de\"}]}<\/script>\n<!-- \/ Yoast SEO plugin. -->","yoast_head_json":{"title":"Die Verfahren f\u00fcr ein Praktikumsvisum USA","description":"Interessieren Sie sich daf\u00fcr, ein Praktikum im Ausland zu absolvieren? F\u00fcr die USA ist die Beantragung eines Praktikumsvisums f\u00fcr die USA obligatorisch und erfordert mehrere Verfahren. Hier sind sie:","robots":{"index":"index","follow":"follow","max-snippet":"max-snippet:-1","max-image-preview":"max-image-preview:large","max-video-preview":"max-video-preview:-1"},"canonical":"https:\/\/esta-etats-unis.net\/de\/j1-visum-praktikum-usa-wie-ist-das-verfahren\/","og_locale":"de_DE","og_type":"article","og_title":"Die Verfahren f\u00fcr ein Praktikumsvisum USA","og_description":"Interessieren Sie sich daf\u00fcr, ein Praktikum im Ausland zu absolvieren? F\u00fcr die USA ist die Beantragung eines Praktikumsvisums f\u00fcr die USA obligatorisch und erfordert mehrere Verfahren. Hier sind sie:","og_url":"https:\/\/esta-etats-unis.net\/de\/j1-visum-praktikum-usa-wie-ist-das-verfahren\/","og_site_name":"Organisieren Sie Ihre Reise in die Vereinigten Staaten","article_modified_time":"2022-07-31T09:13:32+00:00","og_image":[{"url":"https:\/\/esta-etats-unis.net\/wp-content\/uploads\/2019\/05\/visa-stage-USA-1024x683.jpeg","type":"","width":"","height":""}],"twitter_misc":{"Gesch\u00e4tzte Lesezeit":"5\u00a0Minuten"},"schema":{"@context":"https:\/\/schema.org","@graph":[{"@type":"WebPage","@id":"https:\/\/esta-etats-unis.net\/de\/j1-visum-praktikum-usa-wie-ist-das-verfahren\/","url":"https:\/\/esta-etats-unis.net\/de\/j1-visum-praktikum-usa-wie-ist-das-verfahren\/","name":"Die Verfahren f\u00fcr ein Praktikumsvisum USA","isPartOf":{"@id":"https:\/\/esta-etats-unis.net\/de\/#website"},"primaryImageOfPage":{"@id":"https:\/\/esta-etats-unis.net\/de\/j1-visum-praktikum-usa-wie-ist-das-verfahren\/#primaryimage"},"image":{"@id":"https:\/\/esta-etats-unis.net\/de\/j1-visum-praktikum-usa-wie-ist-das-verfahren\/#primaryimage"},"thumbnailUrl":"https:\/\/esta-etats-unis.net\/wp-content\/uploads\/2019\/05\/visa-stage-USA-1024x683.jpeg","datePublished":"2019-05-10T07:16:02+00:00","dateModified":"2022-07-31T09:13:32+00:00","description":"Interessieren Sie sich daf\u00fcr, ein Praktikum im Ausland zu absolvieren? F\u00fcr die USA ist die Beantragung eines Praktikumsvisums f\u00fcr die USA obligatorisch und erfordert mehrere Verfahren. Hier sind sie:","inLanguage":"de","potentialAction":[{"@type":"ReadAction","target":["https:\/\/esta-etats-unis.net\/de\/j1-visum-praktikum-usa-wie-ist-das-verfahren\/"]}]},{"@type":"ImageObject","inLanguage":"de","@id":"https:\/\/esta-etats-unis.net\/de\/j1-visum-praktikum-usa-wie-ist-das-verfahren\/#primaryimage","url":"https:\/\/esta-etats-unis.net\/wp-content\/uploads\/2019\/05\/visa-stage-USA-1024x683.jpeg","contentUrl":"https:\/\/esta-etats-unis.net\/wp-content\/uploads\/2019\/05\/visa-stage-USA-1024x683.jpeg"},{"@type":"WebSite","@id":"https:\/\/esta-etats-unis.net\/de\/#website","url":"https:\/\/esta-etats-unis.net\/de\/","name":"Organisieren Sie Ihre Reise in die Vereinigten Staaten","description":"","potentialAction":[{"@type":"SearchAction","target":{"@type":"EntryPoint","urlTemplate":"https:\/\/esta-etats-unis.net\/de\/?s={search_term_string}"},"query-input":{"@type":"PropertyValueSpecification","valueRequired":true,"valueName":"search_term_string"}}],"inLanguage":"de"}]}},"_links":{"self":[{"href":"https:\/\/esta-etats-unis.net\/de\/wp-json\/wp\/v2\/pages\/542","targetHints":{"allow":["GET"]}}],"collection":[{"href":"https:\/\/esta-etats-unis.net\/de\/wp-json\/wp\/v2\/pages"}],"about":[{"href":"https:\/\/esta-etats-unis.net\/de\/wp-json\/wp\/v2\/types\/page"}],"author":[{"embeddable":true,"href":"https:\/\/esta-etats-unis.net\/de\/wp-json\/wp\/v2\/users\/1"}],"replies":[{"embeddable":true,"href":"https:\/\/esta-etats-unis.net\/de\/wp-json\/wp\/v2\/comments?post=542"}],"version-history":[{"count":1,"href":"https:\/\/esta-etats-unis.net\/de\/wp-json\/wp\/v2\/pages\/542\/revisions"}],"predecessor-version":[{"id":550,"href":"https:\/\/esta-etats-unis.net\/de\/wp-json\/wp\/v2\/pages\/542\/revisions\/550"}],"wp:attachment":[{"href":"https:\/\/esta-etats-unis.net\/de\/wp-json\/wp\/v2\/media?parent=542"}],"curies":[{"name":"wp","href":"https:\/\/api.w.org\/{rel}","templated":true}]}}