{"id":525,"date":"2019-06-06T12:54:37","date_gmt":"2019-06-06T11:54:37","guid":{"rendered":"https:\/\/esta-etats-unis.net\/esta-formalitaet-fuer-ihre-reise-in-die-usa\/was-tun-wenn-sie-ihre-esta-genehmigung-verloren-haben\/"},"modified":"2024-10-11T08:20:40","modified_gmt":"2024-10-11T07:20:40","slug":"was-tun-wenn-sie-ihre-esta-genehmigung-verloren-haben","status":"publish","type":"page","link":"https:\/\/esta-etats-unis.net\/de\/esta-formalitaet-fuer-ihre-reise-in-die-usa\/was-tun-wenn-sie-ihre-esta-genehmigung-verloren-haben\/","title":{"rendered":"Was tun, wenn Sie Ihre ESTA-Genehmigung verloren haben?"},"content":{"rendered":"\n<p><span style=\"font-weight: 400;\">Ihre Reise in die USA steht kurz bevor, aber Sie k\u00f6nnen Ihre ESTA-Reisegenehmigung nach langem Suchen nicht finden? Es ist sehr einfach, ein verlorenes ESTA wiederzufinden. In diesem Artikel finden Sie alle Schritte, die Sie unternehmen m\u00fcssen, um Ihre befristete Reisegenehmigung wiederzuerlangen und stressfrei in die USA zu reisen.  <\/span><\/p>\n\n<h2 class=\"wp-block-heading\"><span style=\"font-weight: 400;\">Muss man bei einem verlorenen ESTA einen neuen Antrag stellen?  <\/span><\/h2>\n\n<p><span style=\"font-weight: 400;\">Wie der Name schon sagt, ist ESTA eine elektronische Reisegenehmigung. Im Gegensatz zum <a href=\"https:\/\/esta-etats-unis.net\/de\/wie-man-ein-us-visum-auswaehlt\/\">US-amerikanischen Visum<\/a> gibt es keine Papierversion des ESTA. Wenn ein ESTA verloren gegangen ist, m\u00fcssen Sie nicht \u00fcberall in Ihrem Haus nach diesem Reisedokument suchen, sondern k\u00f6nnen Ihre Genehmigung einfach online abrufen. Es ist also nicht n\u00f6tig, die US-Botschaft oder das Generalkonsulat aufzusuchen, wie es bei einem verlorenen Visum der Fall sein kann. Einen g\u00fcltigen Reisepass und eine Internetverbindung zu haben, wird ausreichen!<\/span><\/p>\n\n<p>Um einen verlorenen ESTA zu finden, m\u00fcssen Sie im Besitz des <a href=\"https:\/\/esta-etats-unis.net\/de\/welchen-reisepass-muss-man-besitzen-um-ein-esta-oder-ein-visum-zu-beantragen\/\">biometrischen Passes<\/a> (oder elektronischen Passes) sein, mit dem Sie den Online-Antrag gestellt haben. Denn jedes ESTA ist \u00fcber seinen Mikrochip computergest\u00fctzt mit dem Reisepass des Reisenden verbunden. Bevor Sie in die USA reisen, werden die Kontrolleure Ihren Ausweis scannen, um sicherzustellen, dass Ihre Reisegenehmigung g\u00fcltig ist. Wenn Sie also nach Ihrem ESTA-Antrag Ihren Reisepass erneuert haben, brauchen Sie nicht zu versuchen, Ihr verlorenes ESTA wiederzubekommen, da Sie nicht darauf zugreifen k\u00f6nnen. Sie m\u00fcssen Ihren Antrag mit Ihrem neuen Reisepass stellen und das gleiche Verfahren wie bei Ihrem ersten Antrag befolgen.<\/p>\n\n<p><span style=\"font-weight: 400;\">Sehen wir uns nun das Verfahren zur Wiederbeschaffung eines verlorenen <a href=\"https:\/\/www.stlandryparishgovernment.org\">ESTA-Dokuments<\/a> an.<\/span><\/p>\n\n<figure class=\"wp-block-image size-full is-resized\"><a href=\"https:\/\/esta-etats-unis.net\/wp-content\/uploads\/2019\/06\/ESTA-perdu.jpg\"><img loading=\"lazy\" decoding=\"async\" width=\"960\" height=\"593\" src=\"https:\/\/esta-etats-unis.net\/wp-content\/uploads\/2019\/06\/ESTA-perdu.jpg\" alt=\"verlorene ESTA-Genehmigung\" class=\"wp-image-298\" style=\"width:720px;height:445px\" srcset=\"https:\/\/esta-etats-unis.net\/wp-content\/uploads\/2019\/06\/ESTA-perdu.jpg 960w, https:\/\/esta-etats-unis.net\/wp-content\/uploads\/2019\/06\/ESTA-perdu-300x185.jpg 300w, https:\/\/esta-etats-unis.net\/wp-content\/uploads\/2019\/06\/ESTA-perdu-768x474.jpg 768w\" sizes=\"auto, (max-width: 960px) 100vw, 960px\" \/><\/a><figcaption class=\"wp-element-caption\">Was tun, wenn Sie Ihren ESTA verloren haben<\/figcaption><\/figure>\n\n<h2 class=\"wp-block-heading\"><span style=\"font-weight: 400;\">Einfaches Wiederfinden eines<\/span><span style=\"font-weight: 400;\"> verlorenes ESTA-Dossier<\/span><\/h2>\n\n<h3 class=\"wp-block-heading\"><span style=\"font-weight: 400;\">Die ESTA-Antragsnummer finden  <\/span><\/h3>\n\n<p><span style=\"font-weight: 400;\">Um ein verlorenes ESTA-Dossier wieder in die H\u00e4nde zu bekommen, m\u00fcssen Sie zun\u00e4chst Ihre Antragsnummer bereithalten. Diese Kennung wird Ihnen von den US-Beh\u00f6rden systematisch mitgeteilt, wenn Sie Ihren ESTA-Antrag online best\u00e4tigen. Daher ist es wichtig, dass Sie dies beim Erscheinen der Seite mit der Bestellbest\u00e4tigung beachten.<\/span><\/p>\n\n<p>Haben Sie Ihre verlorene ESTA-Aktennummer wiedergefunden? Dann k\u00f6nnen Sie zum n\u00e4chsten Schritt \u00fcbergehen! <\/p>\n\n<h3 class=\"wp-block-heading\"><span style=\"font-weight: 400;\">Zugang zum ESTA-Dossier  <\/span><\/h3>\n\n<p><span style=\"font-weight: 400;\">Dazu m\u00fcssen Sie nur die offizielle Website der US-Regierung <a href=\"https:\/\/esta.cbp.dhs.gov\/\">U.S. Customs and Border Protection<\/a> aufrufen, die Plattform, von der aus Sie Ihre Anfrage gestellt haben. Wenn Sie auf der Startseite sind, klicken Sie einfach auf den Reiter &#8222;Vorhandene Anwendung \u00fcberpr\u00fcfen&#8220;. Um ein verlorenes ESTA-Dossier wiederzufinden, werden dann drei Dinge verlangt:  <\/span><\/p>\n\n<ul class=\"wp-block-list\">\n<li><span style=\"font-weight: 400;\">die ESTA-Antragsnummer ;  <\/span><\/li>\n\n\n\n<li><span style=\"font-weight: 400;\">die Passnummer, die beim Ausf\u00fcllen des Online-Formulars registriert wurde ;  <\/span><\/li>\n\n\n\n<li><span style=\"font-weight: 400;\">das Geburtsdatum des Reisenden.  <\/span><\/li>\n<\/ul>\n\n<p><span style=\"font-weight: 400;\">  Solange all diese Informationen korrekt sind, sollte der Zugriff auf Ihren verlorenen ESTA-Fall kein Problem darstellen. Sobald Sie sich in Ihren pers\u00f6nlichen Bereich eingeloggt haben, k\u00f6nnen Sie sich einen \u00dcberblick \u00fcber Ihr ESTA verschaffen. Als Erstes sollten Sie die G\u00fcltigkeit <a href=\"https:\/\/esta-etats-unis.net\/de\/esta-formalitaet-fuer-ihre-reise-in-die-usa\/\">Ihres Reisedokuments f\u00fcr die USA<\/a> \u00fcberpr\u00fcfen.  <\/span><\/p>\n\n<h3 class=\"wp-block-heading\"><span style=\"font-weight: 400;\">Die G\u00fcltigkeit des ESTA \u00fcberpr\u00fcfen<\/span><\/h3>\n\n<p><span style=\"font-weight: 400;\">Stellen Sie zun\u00e4chst sicher, dass alle Informationen auf dem <a href=\"https:\/\/esta-etats-unis.net\/de\/wie-sieht-das-esta-formular-aus\/\">ESTA-Formular<\/a> noch aktuell sind, da Ihnen sonst der Zugang zu den USA verweigert werden kann. Wenn sich herausstellt, dass die Informationen auf dem Dokument nicht mehr aktuell sind (au\u00dfer Ihrer E-Mail-Adresse und Ihrer Wohnadresse in den USA), haben Sie keine andere Wahl, als einen neuen Antrag zu stellen und erneut die ESTA-Geb\u00fchren zu zahlen. \u00dcberpr\u00fcfen Sie au\u00dferdem, ob die Angaben in Ihrem ESTA in allen Punkten mit denen in Ihrem Reisepass \u00fcbereinstimmen (z. B. Rufname, Vorname, Adresse usw.).  <\/span><\/p>\n\n<p><span style=\"font-weight: 400;\">Zweitens ist es wichtig, dass Sie das Ablaufdatum Ihres Reisedokuments \u00fcberpr\u00fcfen. Da die Visumbefreiung zwei Jahre lang g\u00fcltig ist, werden die US-Zollbeamten Sie an der Einreise in die USA hindern, wenn Ihr Antrag mehr als 24 Monate zur\u00fcckliegt. Zuvor m\u00fcssen Sie also Ihr ESTA verl\u00e4ngern. Um Entt\u00e4uschungen vor dem Einsteigen in ein Flugzeug zu vermeiden, sollten Sie diesen Schritt fr\u00fchzeitig tun. Achtung: Wenn Ihr <a href=\"https:\/\/esta-etats-unis.net\/de\/warum-sollte-man-vor-einer-reise-in-die-usa-einen-esta-antrag-stellen\/\">ESTA-Antrag<\/a> bereits in der Vergangenheit genehmigt wurde, bedeutet dies nicht, dass er auch bei Ihrem neuen Antrag wieder genehmigt wird. Sollte diese jedoch abgelehnt werden, m\u00fcssen Sie bei der US-Botschaft ein Visum beantragen.<\/span><\/p>\n\n<p><span style=\"font-weight: 400;\">Wenn Ihr ESTA noch g\u00fcltig ist und f\u00fcr die gesamte Dauer Ihres Aufenthalts in den Vereinigten Staaten von Amerika g\u00fcltig sein wird, m\u00fcssen Sie nichts weiter tun, als die Vorbereitungen f\u00fcr Ihren Besuch abzuschlie\u00dfen.  <\/span><\/p>\n\n<h2 class=\"wp-block-heading\">Was tun, wenn Sie Ihre ESTA-Antragsnummer verloren haben?<\/h2>\n\n<p>Es kommt h\u00e4ufig vor, dass Ausl\u00e4nder, die in die USA reisen m\u00f6chten, ihre ESTA-Antragsnummer nicht mehr finden k\u00f6nnen. In diesem Fall ist das Verfahren zur Wiedererlangung Ihres verlorenen ESTA fast identisch mit dem oben genannten Verfahren: Sie m\u00fcssen lediglich einige zus\u00e4tzliche Informationen angeben (Nationalit\u00e4t, Ausstellungsdatum des Reisepasses und Ablaufdatum).<\/p>\n","protected":false},"excerpt":{"rendered":"<p>Ihre Reise in die USA steht kurz bevor, aber Sie k\u00f6nnen Ihre ESTA-Reisegenehmigung nach langem Suchen nicht finden? Es ist sehr einfach, ein verlorenes ESTA wiederzufinden. In diesem Artikel finden Sie alle Schritte, die Sie unternehmen m\u00fcssen, um Ihre befristete Reisegenehmigung wiederzuerlangen und stressfrei in die USA zu reisen. Muss man bei einem verlorenen ESTA &#8230; <a title=\"Was tun, wenn Sie Ihre ESTA-Genehmigung verloren haben?\" class=\"read-more\" href=\"https:\/\/esta-etats-unis.net\/de\/esta-formalitaet-fuer-ihre-reise-in-die-usa\/was-tun-wenn-sie-ihre-esta-genehmigung-verloren-haben\/\" aria-label=\"Mehr Informationen \u00fcber Was tun, wenn Sie Ihre ESTA-Genehmigung verloren haben?\">Weiterlesen<\/a><\/p>\n","protected":false},"author":1,"featured_media":0,"parent":465,"menu_order":0,"comment_status":"closed","ping_status":"closed","template":"","meta":{"footnotes":""},"class_list":["post-525","page","type-page","status-publish"],"yoast_head":"<!-- This site is optimized with the Yoast SEO plugin v26.2 - https:\/\/yoast.com\/wordpress\/plugins\/seo\/ -->\n<title>Wie Sie Ihr verlorenes ESTA wiederfinden<\/title>\n<meta name=\"description\" content=\"Sie haben einen ESTA-Antrag gestellt, um in die USA zu reisen, k\u00f6nnen Ihre Genehmigung aber nicht mehr finden: Finden Sie Ihren verlorenen ESTA.\" \/>\n<meta name=\"robots\" content=\"index, follow, max-snippet:-1, max-image-preview:large, max-video-preview:-1\" \/>\n<link rel=\"canonical\" href=\"https:\/\/esta-etats-unis.net\/de\/esta-formalitaet-fuer-ihre-reise-in-die-usa\/was-tun-wenn-sie-ihre-esta-genehmigung-verloren-haben\/\" \/>\n<meta property=\"og:locale\" content=\"de_DE\" \/>\n<meta property=\"og:type\" content=\"article\" \/>\n<meta property=\"og:title\" content=\"Wie Sie Ihr verlorenes ESTA wiederfinden\" \/>\n<meta property=\"og:description\" content=\"Sie haben einen ESTA-Antrag gestellt, um in die USA zu reisen, k\u00f6nnen Ihre Genehmigung aber nicht mehr finden: Finden Sie Ihren verlorenen ESTA.\" \/>\n<meta property=\"og:url\" content=\"https:\/\/esta-etats-unis.net\/de\/esta-formalitaet-fuer-ihre-reise-in-die-usa\/was-tun-wenn-sie-ihre-esta-genehmigung-verloren-haben\/\" \/>\n<meta property=\"og:site_name\" content=\"Organisieren Sie Ihre Reise in die Vereinigten Staaten\" \/>\n<meta property=\"article:modified_time\" content=\"2024-10-11T07:20:40+00:00\" \/>\n<meta property=\"og:image\" content=\"https:\/\/esta-etats-unis.net\/wp-content\/uploads\/2019\/06\/ESTA-perdu.jpg\" \/>\n\t<meta property=\"og:image:width\" content=\"960\" \/>\n\t<meta property=\"og:image:height\" content=\"593\" \/>\n\t<meta property=\"og:image:type\" content=\"image\/jpeg\" \/>\n<meta name=\"twitter:label1\" content=\"Gesch\u00e4tzte Lesezeit\" \/>\n\t<meta name=\"twitter:data1\" content=\"4\u00a0Minuten\" \/>\n<script type=\"application\/ld+json\" class=\"yoast-schema-graph\">{\"@context\":\"https:\/\/schema.org\",\"@graph\":[{\"@type\":\"WebPage\",\"@id\":\"https:\/\/esta-etats-unis.net\/de\/esta-formalitaet-fuer-ihre-reise-in-die-usa\/was-tun-wenn-sie-ihre-esta-genehmigung-verloren-haben\/\",\"url\":\"https:\/\/esta-etats-unis.net\/de\/esta-formalitaet-fuer-ihre-reise-in-die-usa\/was-tun-wenn-sie-ihre-esta-genehmigung-verloren-haben\/\",\"name\":\"Wie Sie Ihr verlorenes ESTA wiederfinden\",\"isPartOf\":{\"@id\":\"https:\/\/esta-etats-unis.net\/de\/#website\"},\"primaryImageOfPage\":{\"@id\":\"https:\/\/esta-etats-unis.net\/de\/esta-formalitaet-fuer-ihre-reise-in-die-usa\/was-tun-wenn-sie-ihre-esta-genehmigung-verloren-haben\/#primaryimage\"},\"image\":{\"@id\":\"https:\/\/esta-etats-unis.net\/de\/esta-formalitaet-fuer-ihre-reise-in-die-usa\/was-tun-wenn-sie-ihre-esta-genehmigung-verloren-haben\/#primaryimage\"},\"thumbnailUrl\":\"https:\/\/esta-etats-unis.net\/wp-content\/uploads\/2019\/06\/ESTA-perdu.jpg\",\"datePublished\":\"2019-06-06T11:54:37+00:00\",\"dateModified\":\"2024-10-11T07:20:40+00:00\",\"description\":\"Sie haben einen ESTA-Antrag gestellt, um in die USA zu reisen, k\u00f6nnen Ihre Genehmigung aber nicht mehr finden: Finden Sie Ihren verlorenen ESTA.\",\"breadcrumb\":{\"@id\":\"https:\/\/esta-etats-unis.net\/de\/esta-formalitaet-fuer-ihre-reise-in-die-usa\/was-tun-wenn-sie-ihre-esta-genehmigung-verloren-haben\/#breadcrumb\"},\"inLanguage\":\"de\",\"potentialAction\":[{\"@type\":\"ReadAction\",\"target\":[\"https:\/\/esta-etats-unis.net\/de\/esta-formalitaet-fuer-ihre-reise-in-die-usa\/was-tun-wenn-sie-ihre-esta-genehmigung-verloren-haben\/\"]}]},{\"@type\":\"ImageObject\",\"inLanguage\":\"de\",\"@id\":\"https:\/\/esta-etats-unis.net\/de\/esta-formalitaet-fuer-ihre-reise-in-die-usa\/was-tun-wenn-sie-ihre-esta-genehmigung-verloren-haben\/#primaryimage\",\"url\":\"https:\/\/esta-etats-unis.net\/wp-content\/uploads\/2019\/06\/ESTA-perdu.jpg\",\"contentUrl\":\"https:\/\/esta-etats-unis.net\/wp-content\/uploads\/2019\/06\/ESTA-perdu.jpg\"},{\"@type\":\"BreadcrumbList\",\"@id\":\"https:\/\/esta-etats-unis.net\/de\/esta-formalitaet-fuer-ihre-reise-in-die-usa\/was-tun-wenn-sie-ihre-esta-genehmigung-verloren-haben\/#breadcrumb\",\"itemListElement\":[{\"@type\":\"ListItem\",\"position\":1,\"name\":\"ESTA-Formalit\u00e4t f\u00fcr Ihre Reise in die USA\",\"item\":\"https:\/\/esta-etats-unis.net\/de\/esta-formalitaet-fuer-ihre-reise-in-die-usa\/\"},{\"@type\":\"ListItem\",\"position\":2,\"name\":\"Was tun, wenn Sie Ihre ESTA-Genehmigung verloren haben?\"}]},{\"@type\":\"WebSite\",\"@id\":\"https:\/\/esta-etats-unis.net\/de\/#website\",\"url\":\"https:\/\/esta-etats-unis.net\/de\/\",\"name\":\"Organisieren Sie Ihre Reise in die Vereinigten Staaten\",\"description\":\"\",\"potentialAction\":[{\"@type\":\"SearchAction\",\"target\":{\"@type\":\"EntryPoint\",\"urlTemplate\":\"https:\/\/esta-etats-unis.net\/de\/?s={search_term_string}\"},\"query-input\":{\"@type\":\"PropertyValueSpecification\",\"valueRequired\":true,\"valueName\":\"search_term_string\"}}],\"inLanguage\":\"de\"}]}<\/script>\n<!-- \/ Yoast SEO plugin. -->","yoast_head_json":{"title":"Wie Sie Ihr verlorenes ESTA wiederfinden","description":"Sie haben einen ESTA-Antrag gestellt, um in die USA zu reisen, k\u00f6nnen Ihre Genehmigung aber nicht mehr finden: Finden Sie Ihren verlorenen ESTA.","robots":{"index":"index","follow":"follow","max-snippet":"max-snippet:-1","max-image-preview":"max-image-preview:large","max-video-preview":"max-video-preview:-1"},"canonical":"https:\/\/esta-etats-unis.net\/de\/esta-formalitaet-fuer-ihre-reise-in-die-usa\/was-tun-wenn-sie-ihre-esta-genehmigung-verloren-haben\/","og_locale":"de_DE","og_type":"article","og_title":"Wie Sie Ihr verlorenes ESTA wiederfinden","og_description":"Sie haben einen ESTA-Antrag gestellt, um in die USA zu reisen, k\u00f6nnen Ihre Genehmigung aber nicht mehr finden: Finden Sie Ihren verlorenen ESTA.","og_url":"https:\/\/esta-etats-unis.net\/de\/esta-formalitaet-fuer-ihre-reise-in-die-usa\/was-tun-wenn-sie-ihre-esta-genehmigung-verloren-haben\/","og_site_name":"Organisieren Sie Ihre Reise in die Vereinigten Staaten","article_modified_time":"2024-10-11T07:20:40+00:00","og_image":[{"width":960,"height":593,"url":"https:\/\/esta-etats-unis.net\/wp-content\/uploads\/2019\/06\/ESTA-perdu.jpg","type":"image\/jpeg"}],"twitter_misc":{"Gesch\u00e4tzte Lesezeit":"4\u00a0Minuten"},"schema":{"@context":"https:\/\/schema.org","@graph":[{"@type":"WebPage","@id":"https:\/\/esta-etats-unis.net\/de\/esta-formalitaet-fuer-ihre-reise-in-die-usa\/was-tun-wenn-sie-ihre-esta-genehmigung-verloren-haben\/","url":"https:\/\/esta-etats-unis.net\/de\/esta-formalitaet-fuer-ihre-reise-in-die-usa\/was-tun-wenn-sie-ihre-esta-genehmigung-verloren-haben\/","name":"Wie Sie Ihr verlorenes ESTA wiederfinden","isPartOf":{"@id":"https:\/\/esta-etats-unis.net\/de\/#website"},"primaryImageOfPage":{"@id":"https:\/\/esta-etats-unis.net\/de\/esta-formalitaet-fuer-ihre-reise-in-die-usa\/was-tun-wenn-sie-ihre-esta-genehmigung-verloren-haben\/#primaryimage"},"image":{"@id":"https:\/\/esta-etats-unis.net\/de\/esta-formalitaet-fuer-ihre-reise-in-die-usa\/was-tun-wenn-sie-ihre-esta-genehmigung-verloren-haben\/#primaryimage"},"thumbnailUrl":"https:\/\/esta-etats-unis.net\/wp-content\/uploads\/2019\/06\/ESTA-perdu.jpg","datePublished":"2019-06-06T11:54:37+00:00","dateModified":"2024-10-11T07:20:40+00:00","description":"Sie haben einen ESTA-Antrag gestellt, um in die USA zu reisen, k\u00f6nnen Ihre Genehmigung aber nicht mehr finden: Finden Sie Ihren verlorenen ESTA.","breadcrumb":{"@id":"https:\/\/esta-etats-unis.net\/de\/esta-formalitaet-fuer-ihre-reise-in-die-usa\/was-tun-wenn-sie-ihre-esta-genehmigung-verloren-haben\/#breadcrumb"},"inLanguage":"de","potentialAction":[{"@type":"ReadAction","target":["https:\/\/esta-etats-unis.net\/de\/esta-formalitaet-fuer-ihre-reise-in-die-usa\/was-tun-wenn-sie-ihre-esta-genehmigung-verloren-haben\/"]}]},{"@type":"ImageObject","inLanguage":"de","@id":"https:\/\/esta-etats-unis.net\/de\/esta-formalitaet-fuer-ihre-reise-in-die-usa\/was-tun-wenn-sie-ihre-esta-genehmigung-verloren-haben\/#primaryimage","url":"https:\/\/esta-etats-unis.net\/wp-content\/uploads\/2019\/06\/ESTA-perdu.jpg","contentUrl":"https:\/\/esta-etats-unis.net\/wp-content\/uploads\/2019\/06\/ESTA-perdu.jpg"},{"@type":"BreadcrumbList","@id":"https:\/\/esta-etats-unis.net\/de\/esta-formalitaet-fuer-ihre-reise-in-die-usa\/was-tun-wenn-sie-ihre-esta-genehmigung-verloren-haben\/#breadcrumb","itemListElement":[{"@type":"ListItem","position":1,"name":"ESTA-Formalit\u00e4t f\u00fcr Ihre Reise in die USA","item":"https:\/\/esta-etats-unis.net\/de\/esta-formalitaet-fuer-ihre-reise-in-die-usa\/"},{"@type":"ListItem","position":2,"name":"Was tun, wenn Sie Ihre ESTA-Genehmigung verloren haben?"}]},{"@type":"WebSite","@id":"https:\/\/esta-etats-unis.net\/de\/#website","url":"https:\/\/esta-etats-unis.net\/de\/","name":"Organisieren Sie Ihre Reise in die Vereinigten Staaten","description":"","potentialAction":[{"@type":"SearchAction","target":{"@type":"EntryPoint","urlTemplate":"https:\/\/esta-etats-unis.net\/de\/?s={search_term_string}"},"query-input":{"@type":"PropertyValueSpecification","valueRequired":true,"valueName":"search_term_string"}}],"inLanguage":"de"}]}},"_links":{"self":[{"href":"https:\/\/esta-etats-unis.net\/de\/wp-json\/wp\/v2\/pages\/525","targetHints":{"allow":["GET"]}}],"collection":[{"href":"https:\/\/esta-etats-unis.net\/de\/wp-json\/wp\/v2\/pages"}],"about":[{"href":"https:\/\/esta-etats-unis.net\/de\/wp-json\/wp\/v2\/types\/page"}],"author":[{"embeddable":true,"href":"https:\/\/esta-etats-unis.net\/de\/wp-json\/wp\/v2\/users\/1"}],"replies":[{"embeddable":true,"href":"https:\/\/esta-etats-unis.net\/de\/wp-json\/wp\/v2\/comments?post=525"}],"version-history":[{"count":2,"href":"https:\/\/esta-etats-unis.net\/de\/wp-json\/wp\/v2\/pages\/525\/revisions"}],"predecessor-version":[{"id":861,"href":"https:\/\/esta-etats-unis.net\/de\/wp-json\/wp\/v2\/pages\/525\/revisions\/861"}],"up":[{"embeddable":true,"href":"https:\/\/esta-etats-unis.net\/de\/wp-json\/wp\/v2\/pages\/465"}],"wp:attachment":[{"href":"https:\/\/esta-etats-unis.net\/de\/wp-json\/wp\/v2\/media?parent=525"}],"curies":[{"name":"wp","href":"https:\/\/api.w.org\/{rel}","templated":true}]}}