{"id":524,"date":"2014-11-17T22:07:58","date_gmt":"2014-11-17T21:07:58","guid":{"rendered":"https:\/\/esta-etats-unis.net\/welchen-reisepass-muss-man-besitzen-um-ein-esta-oder-ein-visum-zu-beantragen\/"},"modified":"2022-08-07T11:31:36","modified_gmt":"2022-08-07T10:31:36","slug":"welchen-reisepass-muss-man-besitzen-um-ein-esta-oder-ein-visum-zu-beantragen","status":"publish","type":"page","link":"https:\/\/esta-etats-unis.net\/de\/welchen-reisepass-muss-man-besitzen-um-ein-esta-oder-ein-visum-zu-beantragen\/","title":{"rendered":"Welchen Reisepass muss man besitzen, um ein ESTA oder ein Visum zu beantragen?"},"content":{"rendered":"\n<p>Um in die USA zu reisen, muss der Reisende vor seiner Abreise unbedingt eine Genehmigung bei der US-Regierung beantragen. Es gibt zwei Hauptgenehmigungen f\u00fcr einen vor\u00fcbergehenden Aufenthalt in den USA: <a href=\"https:\/\/esta-etats-unis.net\/de\/visum-oder-esta-fuer-reisen-in-die-usa\/\">das USA-Visum oder das ESTA-Dokument<\/a>. Unabh\u00e4ngig davon, ob Sie sich f\u00fcr das eine oder das andere entscheiden, ist der Besitz eines g\u00fcltigen Reisepasses erforderlich. Der ESTA-Antrag und der Antrag auf ein US-Visum erfordern nicht die gleichen administrativen Schritte. Dieser Artikel gibt Ihnen einen \u00dcberblick \u00fcber die Erlaubnis, die Sie f\u00fcr Ihren Aufenthalt in den USA ben\u00f6tigen, sowie \u00fcber den Reisepass, den Sie beantragen m\u00fcssen.<\/p>\n\n<h2 class=\"wp-block-heading\">Anforderungen der US-Regierung an den Reisepass von Besuchern<\/h2>\n\n<p>Egal, aus welchem Land Sie ausreisen, wenn Sie in die USA einreisen wollen, geh\u00f6rt ein g\u00fcltiger Reisepass zu den notwendigen und unverzichtbaren Ausweisdokumenten. Wenn der Reisende mit einem Visum in die USA reisen m\u00f6chte, ist die einzige Anforderung an seinen Reisepass dessen G\u00fcltigkeit.<\/p>\n\n<p>Dies ist bei einem ESTA-Reisenden nicht der Fall, da sein Reisepass die von der US-Einwanderungsbeh\u00f6rde festgelegten Kriterien erf\u00fcllen muss, um einen Aufenthalt in den USA realisieren zu k\u00f6nnen. Denn die einzigen P\u00e4sse, die f\u00fcr das elektronische System zugelassen sind, sind <a href=\"https:\/\/esta-etats-unis.net\/de\/welchen-reisepass-muss-man-besitzen-um-ein-esta-oder-ein-visum-zu-beantragen\/\">biometrische P\u00e4sse oder elektronische P<\/a>\u00e4sse.<\/p>\n\n<h3 class=\"wp-block-heading\"><em>Reiseformalit\u00e4ten mit einem Visum f\u00fcr die USA<\/em><\/h3>\n\n<p>Eine der Voraussetzungen f\u00fcr die <a href=\"https:\/\/esta-etats-unis.net\/de\/wie-beantrage-ich-ein-visum-bei-der-us-botschaft\/\">Beantragung eines Visums<\/a> ist ein g\u00fcltiger Reisepass. Achten Sie darauf, dass das Ablaufdatum nicht \u00fcberschritten wird. Andernfalls k\u00f6nnen Sie immer noch einen neuen Reisepass bei der Stadtverwaltung beantragen. Neben einem g\u00fcltigen Reisepass m\u00fcssen noch weitere Dokumente f\u00fcr eine Reise in die USA vorbereitet werden. Das Formular DS-160 muss ausgef\u00fcllt werden, es m\u00fcssen Passfotos vorgelegt werden und es muss eine recht hohe Geb\u00fchr an die US-Botschaft gezahlt werden, um den Antrag abzuschlie\u00dfen. Die Beantragung eines Visums ist ein Antrag, der einige Zeit in Anspruch nehmen kann. Abgesehen von Mexiko und Kanada m\u00fcssen Staatsangeh\u00f6rige von L\u00e4ndern, die nicht am Visa Waiver Program teilnehmen, ein Visum beantragen, um in die USA einreisen zu k\u00f6nnen. F\u00fcr B\u00fcrger aus L\u00e4ndern, die am VWP teilnehmen, ist ein Visum erforderlich, wenn der geplante Aufenthalt 90 Tage \u00fcberschreitet, wenn der Grund der Reise nicht Gesch\u00e4fts-, Tourismus- oder Transitzwecke sind oder wenn die ESTA-Genehmigung verweigert wurde.<\/p>\n\n<p>Ein <a href=\"https:\/\/esta-etats-unis.net\/de\/wie-bekomme-ich-ein-usa-studentenvisum\/\">US-Studentenvisum<\/a> muss von Personen beantragt werden, die in den USA studieren m\u00f6chten oder planen, die USA im Rahmen ihrer Schulausbildung f\u00fcr mehr als drei Monate zu besuchen.<\/p>\n\n<p>F\u00fcr jeden Bedarf gibt es ein Visum: Touristenvisum, Visum f\u00fcr Studienzwecke usw.<\/p>\n\n<h3 class=\"wp-block-heading\"><em>Schritte f\u00fcr eine Reise in die USA mit ESTA<\/em><\/h3>\n\n<p>Grunds\u00e4tzlich ist f\u00fcr Reisen in die USA ein Visum erforderlich. Unter bestimmten Umst\u00e4nden k\u00f6nnen jedoch Staatsangeh\u00f6rige der 40 L\u00e4nder, die (seit 2022) am Visa Waiver Program teilnehmen, von der Visumpflicht befreit werden. Diese L\u00e4nder, die das Gl\u00fcck haben, von dieser Visafreiheit zu profitieren, sind :  <span style=\"font-weight: 400;\">Andorra, Australien, Belgien, Brunei, Chile, D\u00e4nemark, Deutschland, Estland, Finnland, Frankreich, Griechenland, Gro\u00dfbritannien, Irland, Island, Italien, Japan, Kroatien, Niederlande, Lettland, Liechtenstein, Litauen, Luxemburg, Malta, Monaco, Neuseeland, Norwegen, \u00d6sterreich, Polen, Portugal, San Marino, Schweden, Schweiz, Singapur, Slowakei, Slowenien, Spanien, S\u00fcdkorea, Taiwan, Tschechische Republik, Ungarn und Vereinigtes K\u00f6nigreich.<\/span><\/p>\n\n<p>Diese Staatsangeh\u00f6rigen m\u00fcssen in diesem Fall die ESTA, eine elektronische Reisegenehmigung, beantragen. Dieses Dokument erh\u00e4lt man nur online, indem man ein <a href=\"https:\/\/esta-etats-unis.net\/de\/wie-sieht-das-esta-formular-aus\/\">ESTA-Formular<\/a> ausf\u00fcllt. Die Ausstellung des Dokuments erfolgt innerhalb von h\u00f6chstens 72 Stunden. Sie kann \u00fcber die Website der US-Regierung oder \u00fcber spezielle Websites beantragt werden. Diese Option kommt nur f\u00fcr <a href=\"https:\/\/document-esta.com\/de\/\">Touristenreisen in die USA<\/a>, Gesch\u00e4ftsreisen oder den einfachen Transit in Betracht, die nicht l\u00e4nger als 90 Tage dauern, und wenn Sie einen elektronischen oder biometrischen Reisepass besitzen. Dieses System wurde eingef\u00fchrt, um den Zugang zum Land sicherer zu machen und die Formalit\u00e4ten f\u00fcr Reisende zu vereinfachen.<\/p>\n\n<p>Um es zu beantragen, m\u00fcssen Sie Ihren Reisepass mitbringen, um die eingetragene Passnummer anzugeben. Anhand dieses Codes wissen die US-Beh\u00f6rden, dass Sie ein ESTA besitzen. Nach Erhalt des Dokuments mit einer G\u00fcltigkeitsdauer von zwei Jahren kann der Reisende, wenn er dies w\u00fcnscht, mehrmals in die USA reisen, jedoch nie l\u00e4nger als 90 Tage.<\/p>\n","protected":false},"excerpt":{"rendered":"<p>Um in die USA zu reisen, muss der Reisende vor seiner Abreise unbedingt eine Genehmigung bei der US-Regierung beantragen. Es gibt zwei Hauptgenehmigungen f\u00fcr einen vor\u00fcbergehenden Aufenthalt in den USA: das USA-Visum oder das ESTA-Dokument. Unabh\u00e4ngig davon, ob Sie sich f\u00fcr das eine oder das andere entscheiden, ist der Besitz eines g\u00fcltigen Reisepasses erforderlich. Der &#8230; <a title=\"Welchen Reisepass muss man besitzen, um ein ESTA oder ein Visum zu beantragen?\" class=\"read-more\" href=\"https:\/\/esta-etats-unis.net\/de\/welchen-reisepass-muss-man-besitzen-um-ein-esta-oder-ein-visum-zu-beantragen\/\" aria-label=\"Mehr Informationen \u00fcber Welchen Reisepass muss man besitzen, um ein ESTA oder ein Visum zu beantragen?\">Weiterlesen<\/a><\/p>\n","protected":false},"author":1,"featured_media":0,"parent":0,"menu_order":0,"comment_status":"closed","ping_status":"closed","template":"","meta":{"footnotes":""},"class_list":["post-524","page","type-page","status-publish"],"yoast_head":"<!-- This site is optimized with the Yoast SEO plugin v26.2 - https:\/\/yoast.com\/wordpress\/plugins\/seo\/ -->\n<title>Welchen Reisepass muss man besitzen, um ein ESTA USA oder ein Visum zu erhalten?<\/title>\n<meta name=\"description\" content=\"Was sollten Sie als Genehmigung f\u00fcr Ihre Reise in die USA w\u00e4hlen? Je nach Ihrem Profil m\u00fcssen Sie sich zwischen Visum und ESTA entscheiden.\" \/>\n<meta name=\"robots\" content=\"index, follow, max-snippet:-1, max-image-preview:large, max-video-preview:-1\" \/>\n<link rel=\"canonical\" href=\"https:\/\/esta-etats-unis.net\/de\/welchen-reisepass-muss-man-besitzen-um-ein-esta-oder-ein-visum-zu-beantragen\/\" \/>\n<meta property=\"og:locale\" content=\"de_DE\" \/>\n<meta property=\"og:type\" content=\"article\" \/>\n<meta property=\"og:title\" content=\"Welchen Reisepass muss man besitzen, um ein ESTA USA oder ein Visum zu erhalten?\" \/>\n<meta property=\"og:description\" content=\"Was sollten Sie als Genehmigung f\u00fcr Ihre Reise in die USA w\u00e4hlen? Je nach Ihrem Profil m\u00fcssen Sie sich zwischen Visum und ESTA entscheiden.\" \/>\n<meta property=\"og:url\" content=\"https:\/\/esta-etats-unis.net\/de\/welchen-reisepass-muss-man-besitzen-um-ein-esta-oder-ein-visum-zu-beantragen\/\" \/>\n<meta property=\"og:site_name\" content=\"Organisieren Sie Ihre Reise in die Vereinigten Staaten\" \/>\n<meta property=\"article:modified_time\" content=\"2022-08-07T10:31:36+00:00\" \/>\n<meta name=\"twitter:label1\" content=\"Gesch\u00e4tzte Lesezeit\" \/>\n\t<meta name=\"twitter:data1\" content=\"4\u00a0Minuten\" \/>\n<script type=\"application\/ld+json\" class=\"yoast-schema-graph\">{\"@context\":\"https:\/\/schema.org\",\"@graph\":[{\"@type\":\"WebPage\",\"@id\":\"https:\/\/esta-etats-unis.net\/de\/welchen-reisepass-muss-man-besitzen-um-ein-esta-oder-ein-visum-zu-beantragen\/\",\"url\":\"https:\/\/esta-etats-unis.net\/de\/welchen-reisepass-muss-man-besitzen-um-ein-esta-oder-ein-visum-zu-beantragen\/\",\"name\":\"Welchen Reisepass muss man besitzen, um ein ESTA USA oder ein Visum zu erhalten?\",\"isPartOf\":{\"@id\":\"https:\/\/esta-etats-unis.net\/de\/#website\"},\"datePublished\":\"2014-11-17T21:07:58+00:00\",\"dateModified\":\"2022-08-07T10:31:36+00:00\",\"description\":\"Was sollten Sie als Genehmigung f\u00fcr Ihre Reise in die USA w\u00e4hlen? Je nach Ihrem Profil m\u00fcssen Sie sich zwischen Visum und ESTA entscheiden.\",\"inLanguage\":\"de\",\"potentialAction\":[{\"@type\":\"ReadAction\",\"target\":[\"https:\/\/esta-etats-unis.net\/de\/welchen-reisepass-muss-man-besitzen-um-ein-esta-oder-ein-visum-zu-beantragen\/\"]}]},{\"@type\":\"WebSite\",\"@id\":\"https:\/\/esta-etats-unis.net\/de\/#website\",\"url\":\"https:\/\/esta-etats-unis.net\/de\/\",\"name\":\"Organisieren Sie Ihre Reise in die Vereinigten Staaten\",\"description\":\"\",\"potentialAction\":[{\"@type\":\"SearchAction\",\"target\":{\"@type\":\"EntryPoint\",\"urlTemplate\":\"https:\/\/esta-etats-unis.net\/de\/?s={search_term_string}\"},\"query-input\":{\"@type\":\"PropertyValueSpecification\",\"valueRequired\":true,\"valueName\":\"search_term_string\"}}],\"inLanguage\":\"de\"}]}<\/script>\n<!-- \/ Yoast SEO plugin. -->","yoast_head_json":{"title":"Welchen Reisepass muss man besitzen, um ein ESTA USA oder ein Visum zu erhalten?","description":"Was sollten Sie als Genehmigung f\u00fcr Ihre Reise in die USA w\u00e4hlen? Je nach Ihrem Profil m\u00fcssen Sie sich zwischen Visum und ESTA entscheiden.","robots":{"index":"index","follow":"follow","max-snippet":"max-snippet:-1","max-image-preview":"max-image-preview:large","max-video-preview":"max-video-preview:-1"},"canonical":"https:\/\/esta-etats-unis.net\/de\/welchen-reisepass-muss-man-besitzen-um-ein-esta-oder-ein-visum-zu-beantragen\/","og_locale":"de_DE","og_type":"article","og_title":"Welchen Reisepass muss man besitzen, um ein ESTA USA oder ein Visum zu erhalten?","og_description":"Was sollten Sie als Genehmigung f\u00fcr Ihre Reise in die USA w\u00e4hlen? Je nach Ihrem Profil m\u00fcssen Sie sich zwischen Visum und ESTA entscheiden.","og_url":"https:\/\/esta-etats-unis.net\/de\/welchen-reisepass-muss-man-besitzen-um-ein-esta-oder-ein-visum-zu-beantragen\/","og_site_name":"Organisieren Sie Ihre Reise in die Vereinigten Staaten","article_modified_time":"2022-08-07T10:31:36+00:00","twitter_misc":{"Gesch\u00e4tzte Lesezeit":"4\u00a0Minuten"},"schema":{"@context":"https:\/\/schema.org","@graph":[{"@type":"WebPage","@id":"https:\/\/esta-etats-unis.net\/de\/welchen-reisepass-muss-man-besitzen-um-ein-esta-oder-ein-visum-zu-beantragen\/","url":"https:\/\/esta-etats-unis.net\/de\/welchen-reisepass-muss-man-besitzen-um-ein-esta-oder-ein-visum-zu-beantragen\/","name":"Welchen Reisepass muss man besitzen, um ein ESTA USA oder ein Visum zu erhalten?","isPartOf":{"@id":"https:\/\/esta-etats-unis.net\/de\/#website"},"datePublished":"2014-11-17T21:07:58+00:00","dateModified":"2022-08-07T10:31:36+00:00","description":"Was sollten Sie als Genehmigung f\u00fcr Ihre Reise in die USA w\u00e4hlen? Je nach Ihrem Profil m\u00fcssen Sie sich zwischen Visum und ESTA entscheiden.","inLanguage":"de","potentialAction":[{"@type":"ReadAction","target":["https:\/\/esta-etats-unis.net\/de\/welchen-reisepass-muss-man-besitzen-um-ein-esta-oder-ein-visum-zu-beantragen\/"]}]},{"@type":"WebSite","@id":"https:\/\/esta-etats-unis.net\/de\/#website","url":"https:\/\/esta-etats-unis.net\/de\/","name":"Organisieren Sie Ihre Reise in die Vereinigten Staaten","description":"","potentialAction":[{"@type":"SearchAction","target":{"@type":"EntryPoint","urlTemplate":"https:\/\/esta-etats-unis.net\/de\/?s={search_term_string}"},"query-input":{"@type":"PropertyValueSpecification","valueRequired":true,"valueName":"search_term_string"}}],"inLanguage":"de"}]}},"_links":{"self":[{"href":"https:\/\/esta-etats-unis.net\/de\/wp-json\/wp\/v2\/pages\/524","targetHints":{"allow":["GET"]}}],"collection":[{"href":"https:\/\/esta-etats-unis.net\/de\/wp-json\/wp\/v2\/pages"}],"about":[{"href":"https:\/\/esta-etats-unis.net\/de\/wp-json\/wp\/v2\/types\/page"}],"author":[{"embeddable":true,"href":"https:\/\/esta-etats-unis.net\/de\/wp-json\/wp\/v2\/users\/1"}],"replies":[{"embeddable":true,"href":"https:\/\/esta-etats-unis.net\/de\/wp-json\/wp\/v2\/comments?post=524"}],"version-history":[{"count":3,"href":"https:\/\/esta-etats-unis.net\/de\/wp-json\/wp\/v2\/pages\/524\/revisions"}],"predecessor-version":[{"id":761,"href":"https:\/\/esta-etats-unis.net\/de\/wp-json\/wp\/v2\/pages\/524\/revisions\/761"}],"wp:attachment":[{"href":"https:\/\/esta-etats-unis.net\/de\/wp-json\/wp\/v2\/media?parent=524"}],"curies":[{"name":"wp","href":"https:\/\/api.w.org\/{rel}","templated":true}]}}