{"id":507,"date":"2019-03-15T10:54:14","date_gmt":"2019-03-15T09:54:14","guid":{"rendered":"https:\/\/esta-etats-unis.net\/wie-man-ein-us-visum-auswaehlt\/"},"modified":"2024-10-09T08:57:59","modified_gmt":"2024-10-09T07:57:59","slug":"wie-man-ein-us-visum-auswaehlt","status":"publish","type":"page","link":"https:\/\/esta-etats-unis.net\/de\/wie-man-ein-us-visum-auswaehlt\/","title":{"rendered":"Wie man ein US-Visum ausw\u00e4hlt"},"content":{"rendered":"\n<p><span style=\"font-weight: 400;\">Das Visa Waiver Program (VWP) erm\u00f6glichte es der US-Regierung, das Land vor der Masseneinreise von Ausl\u00e4ndern in die USA zu sichern, und machte es auch den Antragstellern leichter, in die USA zu reisen. Das Visa Waiver Program (VWP) ist jedoch nicht f\u00fcr alle zug\u00e4nglich. Personen, die nicht f\u00fcr das <a href=\"https:\/\/esta-etats-unis.net\/de\/\">ESTA-Formular<\/a> in Frage kommen, m\u00fcssen ein USA-Visum beantragen, um sich legal im Land der Vereinigten Staaten aufhalten zu k\u00f6nnen.  <\/span><\/p>\n\n<p><span style=\"font-weight: 400;\">In diesem Artikel werden wir uns die verschiedenen Arten von US-Visa und ihre Besonderheiten ansehen, damit Sie wissen, welche Reisegenehmigung f\u00fcr Ihren Aufenthalt in den USA am besten geeignet ist.<\/span><\/p>\n\n<h2 class=\"wp-block-heading\"><span style=\"font-weight: 400;\">US-Visa f\u00fcr Nicht-Immigranten<\/span><\/h2>\n\n<p><span style=\"font-weight: 400;\">Visa f\u00fcr Nicht-Immigranten gelten f\u00fcr vor\u00fcbergehende Aufenthalte. In dieser Visumkategorie sind verschiedene US-Visa zusammengefasst: das Touristenvisum, das Arbeitsvisum oder das Studentenvisum.  <\/span><\/p>\n\n<p><span style=\"font-weight: 400;\">Zun\u00e4chst einmal sollten Sie wissen, dass trotz der vielen verschiedenen Visa, die es gibt, alle die folgenden Voraussetzungen erf\u00fcllen: :<\/span><\/p>\n\n<ul class=\"wp-block-list\">\n<li><span style=\"font-weight: 400;\">F\u00fcllen Sie das <a href=\"https:\/\/ceac.state.gov\/genniv\/\">Formular DS-160<\/a> online aus;  <\/span><\/li>\n\n\n\n<li><span style=\"font-weight: 400;\">Passfotos in den gew\u00fcnschten Standards;<\/span><\/li>\n\n\n\n<li><span style=\"font-weight: 400;\">Einen g\u00fcltigen biometrischen oder elektronischen Reisepass besitzen;  <\/span><\/li>\n\n\n\n<li><span style=\"font-weight: 400;\">Ausf\u00fcllen der Unterlagen bei einer <a href=\"https:\/\/esta-etats-unis.net\/de\/wie-beantrage-ich-ein-visum-bei-der-us-botschaft\/\">US-Botschaft<\/a>.  <\/span><\/li>\n<\/ul>\n\n<h3 class=\"wp-block-heading\"><span style=\"font-weight: 400;\">Das Touristenvisum B2 und das Transitvisum C<\/span><\/h3>\n\n<p><span style=\"font-weight: 400;\">Die wichtigsten Visakategorien, die verwendet werden, sind :  <\/span><\/p>\n\n<ul class=\"wp-block-list\">\n<li><span style=\"font-weight: 400;\">Gesch\u00e4ftsreisen (Visum B1): Teilnahme an Konferenzen, Sitzungen, Vertragsunterzeichnung usw. ;<\/span><\/li>\n\n\n\n<li><span style=\"font-weight: 400;\">Touristen und Besucher zur medizinischen Behandlung (Visum B2) ;  <\/span><\/li>\n\n\n\n<li><span style=\"font-weight: 400;\">Durchreise durch die Vereinigten Staaten (Visum C).<\/span><\/li>\n<\/ul>\n\n<p><span style=\"font-weight: 400;\">Mit den Visa B1 und B2 k\u00f6nnen sich die Inhaber sechs Monate lang in den USA aufhalten.<\/span><\/p>\n\n<p><span style=\"font-weight: 400;\">Diese Kategorie betrifft Antragsteller, die nicht in der Lage sind, einen ESTA-Antrag zu stellen. Die ESTA-Genehmigung umfasst die gleichen Reisegr\u00fcnde wie das USA-Touristenvisum (Tourismus, Gesch\u00e4ftsreisen und Transit), aber mit eingeschr\u00e4nkten Bedingungen (maximal 90 Tage Aufenthalt in den USA f\u00fcr die L\u00e4nder, die unter das VWP fallen).  <\/span><\/p>\n\n<p><span style=\"font-weight: 400;\">Wir empfehlen Ihnen, sich \u00fcber die Bedingungen f\u00fcr ein ESTA zu informieren, da diese Reisegenehmigung aufgrund ihres Preises, des Online-Verfahrens und der leichten Verst\u00e4ndlichkeit viel einfacher zu erhalten ist. Mit diesem Dokument kann Ihr Traum von einer Reise nach New York, New Mexico oder einem Roadtrip an der Westk\u00fcste schneller greifbar werden<\/span>.<\/p>\n\n<figure class=\"wp-block-image size-large is-resized\"><a href=\"https:\/\/esta-etats-unis.net\/wp-content\/uploads\/2019\/03\/photo-1413787489051-bcbb6209ece1.jpg\"><img loading=\"lazy\" decoding=\"async\" width=\"1024\" height=\"553\" src=\"https:\/\/esta-etats-unis.net\/wp-content\/uploads\/2019\/03\/photo-1413787489051-bcbb6209ece1-1024x553.jpg\" alt=\"ein US-Visum erhalten\" class=\"wp-image-237\" style=\"width:768px;height:415px\" srcset=\"https:\/\/esta-etats-unis.net\/wp-content\/uploads\/2019\/03\/photo-1413787489051-bcbb6209ece1-1024x553.jpg 1024w, https:\/\/esta-etats-unis.net\/wp-content\/uploads\/2019\/03\/photo-1413787489051-bcbb6209ece1-300x162.jpg 300w, https:\/\/esta-etats-unis.net\/wp-content\/uploads\/2019\/03\/photo-1413787489051-bcbb6209ece1-768x415.jpg 768w, https:\/\/esta-etats-unis.net\/wp-content\/uploads\/2019\/03\/photo-1413787489051-bcbb6209ece1.jpg 1525w\" sizes=\"auto, (max-width: 1024px) 100vw, 1024px\" \/><\/a><figcaption class=\"wp-element-caption\">Wie man ein Visum f\u00fcr die USA erh\u00e4lt<\/figcaption><\/figure>\n\n<h3 class=\"wp-block-heading\"><span style=\"font-weight: 400;\">Das Arbeitsvisum  <\/span><\/h3>\n\n<p><span style=\"font-weight: 400;\">Sicherlich die Kategorie mit den meisten M\u00f6glichkeiten, die Kategorie des <\/span><span style=\"font-weight: 400;\">USA-Visum <\/span><span style=\"font-weight: 400;\">Um in den USA arbeiten zu k\u00f6nnen, gibt es f\u00fcr jede sozioprofessionelle Kategorie ein passendes Visum:<\/span><\/p>\n\n<ul class=\"wp-block-list\">\n<li><span style=\"font-weight: 400;\">D1-Visum f\u00fcr Besatzungsmitglieder, die die USA mit demselben Flugzeug oder Schiff verlassen, und D2-Visum, wenn das Flugzeug oder Schiff ein anderes ist als das bei der Ankunft benutzte ;<\/span><\/li>\n\n\n\n<li><span style=\"font-weight: 400;\">I-Visum f\u00fcr die Medien ;<\/span><\/li>\n\n\n\n<li><span style=\"font-weight: 400;\">E1-Visum die Arbeitserlaubnis f\u00fcr H\u00e4ndler und E2-Visum f\u00fcr Investoren;  <\/span><\/li>\n\n\n\n<li><span style=\"font-weight: 400;\">E3-Visum f\u00fcr australische Arbeitnehmer, die in die USA reisen, um dort vor\u00fcbergehend einen spezialisierten Beruf auszu\u00fcben ;<\/span><\/li>\n\n\n\n<li><span style=\"font-weight: 400;\">H1B-Visum f\u00fcr Berufe, die auf Bereiche spezialisiert sind, die besondere Kenntnisse erfordern;<\/span><\/li>\n\n\n\n<li><span style=\"font-weight: 400;\">H2A-Visum f\u00fcr Zwischenarbeiter in der Saisonlandwirtschaft und H-2B-Visum f\u00fcr Zwischenarbeiter au\u00dferhalb der Landwirtschaft ;<\/span><\/li>\n\n\n\n<li><span style=\"font-weight: 400;\">H3-Visum, um ein nicht-studentisches Praktikum in den USA zu absolvieren ;<\/span><\/li>\n\n\n\n<li><span style=\"font-weight: 400;\">L-Visum f\u00fcr innerbetriebliche Transfers ;<\/span><\/li>\n\n\n\n<li><span style=\"font-weight: 400;\">Visum O1 Ausl\u00e4ndische Staatsb\u00fcrger mit au\u00dfergew\u00f6hnlichen wissenschaftlichen, k\u00fcnstlerischen, erzieherischen, gesch\u00e4ftlichen oder athletischen F\u00e4higkeiten ;<\/span><\/li>\n\n\n\n<li><span style=\"font-weight: 400;\">das P-Visum f\u00fcr Sportler, K\u00fcnstler, Trainer ;<\/span><\/li>\n\n\n\n<li><span style=\"font-weight: 400;\">das J- und Q-Visum f\u00fcr kulturelle Austauschprogramme ;<\/span><\/li>\n\n\n\n<li><span style=\"font-weight: 400;\">das R-Visum f\u00fcr religi\u00f6se Arbeitnehmer.<\/span><\/li>\n<\/ul>\n\n<h3 class=\"wp-block-heading\"><span style=\"font-weight: 400;\">Das US-Visum zum Studieren<\/span><\/h3>\n\n<p><span style=\"font-weight: 400;\">Wenn Sie Ihr Studium in den USA fortsetzen m\u00f6chten, um den ber\u00fchmten Campus und die amerikanische Kultur kennenzulernen, m\u00fcssen Sie ein <a href=\"https:\/\/esta-etats-unis.net\/de\/wie-bekomme-ich-ein-usa-studentenvisum\/\">amerikanisches Studentenvisum<\/a> beantragen. Es gibt drei verschiedene:  <\/span><\/p>\n\n<ul class=\"wp-block-list\">\n<li><span style=\"font-weight: 400;\">das F-1-Visum f\u00fcr Universit\u00e4tsstudenten oder Sprachaufenthalte ;  <\/span><\/li>\n\n\n\n<li><span style=\"font-weight: 400;\">das M-1-Visum f\u00fcr technische oder berufliche Studenten ;  <\/span><\/li>\n\n\n\n<li><span style=\"font-weight: 400;\">das J-1-Visum f\u00fcr einen Au-pair-Aufenthalt bei einer Gastfamilie, Austauschprogramme (wie Erasmus und sein Austauschprogramm) oder <a href=\"https:\/\/esta-etats-unis.net\/de\/j1-visum-praktikum-usa-wie-ist-das-verfahren\/\">studentische Berufspraktika in den USA<\/a>, Lehrer oder Forscher.  <\/span><\/li>\n<\/ul>\n\n<p><span style=\"font-weight: 400;\">Bevor Sie ein Visum (F-1, J-1 oder M-1) beantragen k\u00f6nnen, m\u00fcssen Sie an einer amerikanischen Universit\u00e4t, einem Lehrprogramm oder einer Sponsorenorganisation zugelassen sein. Hinzu kommt die kostenpflichtige Anmeldung bei SEVIS (Informationssystem f\u00fcr Studenten und Besucher, die sich im Rahmen eines Austauschs in den USA aufhalten). Diese Schritte sind obligatorisch und notwendig, damit Sie mit einer vollst\u00e4ndigen Akte bei der franz\u00f6sischen Botschaft oder dem Generalkonsulat vorstellig werden k\u00f6nnen.<\/span><\/p>\n","protected":false},"excerpt":{"rendered":"<p>Das Visa Waiver Program (VWP) erm\u00f6glichte es der US-Regierung, das Land vor der Masseneinreise von Ausl\u00e4ndern in die USA zu sichern, und machte es auch den Antragstellern leichter, in die USA zu reisen. Das Visa Waiver Program (VWP) ist jedoch nicht f\u00fcr alle zug\u00e4nglich. Personen, die nicht f\u00fcr das ESTA-Formular in Frage kommen, m\u00fcssen ein &#8230; <a title=\"Wie man ein US-Visum ausw\u00e4hlt\" class=\"read-more\" href=\"https:\/\/esta-etats-unis.net\/de\/wie-man-ein-us-visum-auswaehlt\/\" aria-label=\"Mehr Informationen \u00fcber Wie man ein US-Visum ausw\u00e4hlt\">Weiterlesen<\/a><\/p>\n","protected":false},"author":1,"featured_media":0,"parent":0,"menu_order":0,"comment_status":"closed","ping_status":"closed","template":"","meta":{"footnotes":""},"class_list":["post-507","page","type-page","status-publish"],"yoast_head":"<!-- This site is optimized with the Yoast SEO plugin v26.2 - https:\/\/yoast.com\/wordpress\/plugins\/seo\/ -->\n<title>Wie man ein USA-Visum f\u00fcr eine Reise in die USA ausw\u00e4hlt<\/title>\n<meta name=\"description\" content=\"F\u00fcr jede Ausreise in die USA ist ein usa-Visum erforderlich. Dieser Artikel hilft Ihnen, die Besonderheiten der verschiedenen Visa zu verstehen.\" \/>\n<meta name=\"robots\" content=\"index, follow, max-snippet:-1, max-image-preview:large, max-video-preview:-1\" \/>\n<link rel=\"canonical\" href=\"https:\/\/esta-etats-unis.net\/de\/wie-man-ein-us-visum-auswaehlt\/\" \/>\n<meta property=\"og:locale\" content=\"de_DE\" \/>\n<meta property=\"og:type\" content=\"article\" \/>\n<meta property=\"og:title\" content=\"Wie man ein USA-Visum f\u00fcr eine Reise in die USA ausw\u00e4hlt\" \/>\n<meta property=\"og:description\" content=\"F\u00fcr jede Ausreise in die USA ist ein usa-Visum erforderlich. Dieser Artikel hilft Ihnen, die Besonderheiten der verschiedenen Visa zu verstehen.\" \/>\n<meta property=\"og:url\" content=\"https:\/\/esta-etats-unis.net\/de\/wie-man-ein-us-visum-auswaehlt\/\" \/>\n<meta property=\"og:site_name\" content=\"Organisieren Sie Ihre Reise in die Vereinigten Staaten\" \/>\n<meta property=\"article:modified_time\" content=\"2024-10-09T07:57:59+00:00\" \/>\n<meta property=\"og:image\" content=\"https:\/\/esta-etats-unis.net\/wp-content\/uploads\/2019\/03\/photo-1413787489051-bcbb6209ece1.jpg\" \/>\n\t<meta property=\"og:image:width\" content=\"1525\" \/>\n\t<meta property=\"og:image:height\" content=\"824\" \/>\n\t<meta property=\"og:image:type\" content=\"image\/jpeg\" \/>\n<meta name=\"twitter:label1\" content=\"Gesch\u00e4tzte Lesezeit\" \/>\n\t<meta name=\"twitter:data1\" content=\"4\u00a0Minuten\" \/>\n<script type=\"application\/ld+json\" class=\"yoast-schema-graph\">{\"@context\":\"https:\/\/schema.org\",\"@graph\":[{\"@type\":\"WebPage\",\"@id\":\"https:\/\/esta-etats-unis.net\/de\/wie-man-ein-us-visum-auswaehlt\/\",\"url\":\"https:\/\/esta-etats-unis.net\/de\/wie-man-ein-us-visum-auswaehlt\/\",\"name\":\"Wie man ein USA-Visum f\u00fcr eine Reise in die USA ausw\u00e4hlt\",\"isPartOf\":{\"@id\":\"https:\/\/esta-etats-unis.net\/de\/#website\"},\"primaryImageOfPage\":{\"@id\":\"https:\/\/esta-etats-unis.net\/de\/wie-man-ein-us-visum-auswaehlt\/#primaryimage\"},\"image\":{\"@id\":\"https:\/\/esta-etats-unis.net\/de\/wie-man-ein-us-visum-auswaehlt\/#primaryimage\"},\"thumbnailUrl\":\"https:\/\/esta-etats-unis.net\/wp-content\/uploads\/2019\/03\/photo-1413787489051-bcbb6209ece1-1024x553.jpg\",\"datePublished\":\"2019-03-15T09:54:14+00:00\",\"dateModified\":\"2024-10-09T07:57:59+00:00\",\"description\":\"F\u00fcr jede Ausreise in die USA ist ein usa-Visum erforderlich. Dieser Artikel hilft Ihnen, die Besonderheiten der verschiedenen Visa zu verstehen.\",\"inLanguage\":\"de\",\"potentialAction\":[{\"@type\":\"ReadAction\",\"target\":[\"https:\/\/esta-etats-unis.net\/de\/wie-man-ein-us-visum-auswaehlt\/\"]}]},{\"@type\":\"ImageObject\",\"inLanguage\":\"de\",\"@id\":\"https:\/\/esta-etats-unis.net\/de\/wie-man-ein-us-visum-auswaehlt\/#primaryimage\",\"url\":\"https:\/\/esta-etats-unis.net\/wp-content\/uploads\/2019\/03\/photo-1413787489051-bcbb6209ece1-1024x553.jpg\",\"contentUrl\":\"https:\/\/esta-etats-unis.net\/wp-content\/uploads\/2019\/03\/photo-1413787489051-bcbb6209ece1-1024x553.jpg\"},{\"@type\":\"WebSite\",\"@id\":\"https:\/\/esta-etats-unis.net\/de\/#website\",\"url\":\"https:\/\/esta-etats-unis.net\/de\/\",\"name\":\"Organisieren Sie Ihre Reise in die Vereinigten Staaten\",\"description\":\"\",\"potentialAction\":[{\"@type\":\"SearchAction\",\"target\":{\"@type\":\"EntryPoint\",\"urlTemplate\":\"https:\/\/esta-etats-unis.net\/de\/?s={search_term_string}\"},\"query-input\":{\"@type\":\"PropertyValueSpecification\",\"valueRequired\":true,\"valueName\":\"search_term_string\"}}],\"inLanguage\":\"de\"}]}<\/script>\n<!-- \/ Yoast SEO plugin. -->","yoast_head_json":{"title":"Wie man ein USA-Visum f\u00fcr eine Reise in die USA ausw\u00e4hlt","description":"F\u00fcr jede Ausreise in die USA ist ein usa-Visum erforderlich. Dieser Artikel hilft Ihnen, die Besonderheiten der verschiedenen Visa zu verstehen.","robots":{"index":"index","follow":"follow","max-snippet":"max-snippet:-1","max-image-preview":"max-image-preview:large","max-video-preview":"max-video-preview:-1"},"canonical":"https:\/\/esta-etats-unis.net\/de\/wie-man-ein-us-visum-auswaehlt\/","og_locale":"de_DE","og_type":"article","og_title":"Wie man ein USA-Visum f\u00fcr eine Reise in die USA ausw\u00e4hlt","og_description":"F\u00fcr jede Ausreise in die USA ist ein usa-Visum erforderlich. Dieser Artikel hilft Ihnen, die Besonderheiten der verschiedenen Visa zu verstehen.","og_url":"https:\/\/esta-etats-unis.net\/de\/wie-man-ein-us-visum-auswaehlt\/","og_site_name":"Organisieren Sie Ihre Reise in die Vereinigten Staaten","article_modified_time":"2024-10-09T07:57:59+00:00","og_image":[{"width":1525,"height":824,"url":"https:\/\/esta-etats-unis.net\/wp-content\/uploads\/2019\/03\/photo-1413787489051-bcbb6209ece1.jpg","type":"image\/jpeg"}],"twitter_misc":{"Gesch\u00e4tzte Lesezeit":"4\u00a0Minuten"},"schema":{"@context":"https:\/\/schema.org","@graph":[{"@type":"WebPage","@id":"https:\/\/esta-etats-unis.net\/de\/wie-man-ein-us-visum-auswaehlt\/","url":"https:\/\/esta-etats-unis.net\/de\/wie-man-ein-us-visum-auswaehlt\/","name":"Wie man ein USA-Visum f\u00fcr eine Reise in die USA ausw\u00e4hlt","isPartOf":{"@id":"https:\/\/esta-etats-unis.net\/de\/#website"},"primaryImageOfPage":{"@id":"https:\/\/esta-etats-unis.net\/de\/wie-man-ein-us-visum-auswaehlt\/#primaryimage"},"image":{"@id":"https:\/\/esta-etats-unis.net\/de\/wie-man-ein-us-visum-auswaehlt\/#primaryimage"},"thumbnailUrl":"https:\/\/esta-etats-unis.net\/wp-content\/uploads\/2019\/03\/photo-1413787489051-bcbb6209ece1-1024x553.jpg","datePublished":"2019-03-15T09:54:14+00:00","dateModified":"2024-10-09T07:57:59+00:00","description":"F\u00fcr jede Ausreise in die USA ist ein usa-Visum erforderlich. Dieser Artikel hilft Ihnen, die Besonderheiten der verschiedenen Visa zu verstehen.","inLanguage":"de","potentialAction":[{"@type":"ReadAction","target":["https:\/\/esta-etats-unis.net\/de\/wie-man-ein-us-visum-auswaehlt\/"]}]},{"@type":"ImageObject","inLanguage":"de","@id":"https:\/\/esta-etats-unis.net\/de\/wie-man-ein-us-visum-auswaehlt\/#primaryimage","url":"https:\/\/esta-etats-unis.net\/wp-content\/uploads\/2019\/03\/photo-1413787489051-bcbb6209ece1-1024x553.jpg","contentUrl":"https:\/\/esta-etats-unis.net\/wp-content\/uploads\/2019\/03\/photo-1413787489051-bcbb6209ece1-1024x553.jpg"},{"@type":"WebSite","@id":"https:\/\/esta-etats-unis.net\/de\/#website","url":"https:\/\/esta-etats-unis.net\/de\/","name":"Organisieren Sie Ihre Reise in die Vereinigten Staaten","description":"","potentialAction":[{"@type":"SearchAction","target":{"@type":"EntryPoint","urlTemplate":"https:\/\/esta-etats-unis.net\/de\/?s={search_term_string}"},"query-input":{"@type":"PropertyValueSpecification","valueRequired":true,"valueName":"search_term_string"}}],"inLanguage":"de"}]}},"_links":{"self":[{"href":"https:\/\/esta-etats-unis.net\/de\/wp-json\/wp\/v2\/pages\/507","targetHints":{"allow":["GET"]}}],"collection":[{"href":"https:\/\/esta-etats-unis.net\/de\/wp-json\/wp\/v2\/pages"}],"about":[{"href":"https:\/\/esta-etats-unis.net\/de\/wp-json\/wp\/v2\/types\/page"}],"author":[{"embeddable":true,"href":"https:\/\/esta-etats-unis.net\/de\/wp-json\/wp\/v2\/users\/1"}],"replies":[{"embeddable":true,"href":"https:\/\/esta-etats-unis.net\/de\/wp-json\/wp\/v2\/comments?post=507"}],"version-history":[{"count":4,"href":"https:\/\/esta-etats-unis.net\/de\/wp-json\/wp\/v2\/pages\/507\/revisions"}],"predecessor-version":[{"id":804,"href":"https:\/\/esta-etats-unis.net\/de\/wp-json\/wp\/v2\/pages\/507\/revisions\/804"}],"wp:attachment":[{"href":"https:\/\/esta-etats-unis.net\/de\/wp-json\/wp\/v2\/media?parent=507"}],"curies":[{"name":"wp","href":"https:\/\/api.w.org\/{rel}","templated":true}]}}