{"id":506,"date":"2019-05-24T08:51:03","date_gmt":"2019-05-24T07:51:03","guid":{"rendered":"https:\/\/esta-etats-unis.net\/wie-sieht-das-esta-formular-aus\/"},"modified":"2024-10-09T14:36:13","modified_gmt":"2024-10-09T13:36:13","slug":"wie-sieht-das-esta-formular-aus","status":"publish","type":"page","link":"https:\/\/esta-etats-unis.net\/de\/wie-sieht-das-esta-formular-aus\/","title":{"rendered":"Wie sieht das ESTA-Formular aus?"},"content":{"rendered":"\n<p><span style=\"font-weight: 400;\">Das ESTA-Formular ist ein unverzichtbarer Schritt bei der Planung Ihrer n\u00e4chsten Reise in die USA. Beachten Sie, dass ein einziger Fehler in diesem Formular dazu f\u00fchren kann, dass die US-Beh\u00f6rden Ihnen die Aufnahme in den Vereinigten Staaten von Amerika verweigern. Daher ist es wichtig zu wissen, wozu es dient, wie man den ESTA-Fragebogen ausf\u00fcllt und vor allem, wo man ihn ausf\u00fcllen kann.<\/span><\/p>\n\n<p><span style=\"font-weight: 400;\">In diesem Artikel erkl\u00e4ren wir Ihnen alles, was Sie wissen m\u00fcssen, bevor Sie mit Ihrer <a href=\"https:\/\/esta-etats-unis.net\/de\/esta-formalitaet-fuer-ihre-reise-in-die-usa\/\">ESTA-Genehmigung<\/a> in die USA reisen.<\/span><\/p>\n\n<h2 class=\"wp-block-heading\"><span style=\"font-weight: 400;\">Wozu dient das <\/span><span style=\"font-weight: 400;\">ESTA-Formular<\/span><span style=\"font-weight: 400;\"> ?<\/span><\/h2>\n\n<p><span style=\"font-weight: 400;\">Mit dem ESTA-Formular k\u00f6nnen Sie eine elektronische Reisegenehmigung f\u00fcr die USA erhalten. Diese Genehmigung wird nur unter bestimmten Voraussetzungen erteilt. Ausl\u00e4ndische Staatsangeh\u00f6rige m\u00fcssen aus einem der L\u00e4nder stammen, die am US-Visa Waiver Program teilnehmen. Au\u00dferdem m\u00fcssen sie einen biometrischen Reisepass oder einen elektronischen Reisepass besitzen. Die Reise darf h\u00f6chstens 90 Tage dauern und der Staatsangeh\u00f6rige muss in die USA reisen, um dort einen Urlaub zu verbringen, einen Gesch\u00e4ftstermin wahrzunehmen oder eine Durchreise zu machen.<\/span><\/p>\n\n<p><span style=\"font-weight: 400;\">Wenn Sie das Dokument nach dem <a href=\"https:\/\/esta-etats-unis.net\/de\/wie-man-das-esta-formular-richtig-ausfuellt\/\">Ausf\u00fcllen des ESTA-Formulars<\/a> besitzen, kann es w\u00e4hrend seiner gesamten G\u00fcltigkeitsdauer von zwei aufeinander folgenden Jahren verwendet werden. Es ist zu beachten, dass die Passnummer mit Ihrer Genehmigung verkn\u00fcpft ist. Wenn Sie nicht mehr denselben Reisepass haben, m\u00fcssen Sie einen neuen <a href=\"https:\/\/www.mendocinomuseum.org\/\">ESTA-Antrag<\/a> stellen, um in die USA reisen zu k\u00f6nnen.<\/span><\/p>\n\n<p><span style=\"font-weight: 400;\">Die Genehmigung erlaubt Ihnen nur, in die USA zu reisen, aber der Zollbeamte ist die einzige Person, die befugt ist, Sie \u00fcber die Grenze in die USA zu lassen.<\/span><\/p>\n\n<h2 class=\"wp-block-heading\"><span style=\"font-weight: 400;\">Wie f\u00fcllt man den <\/span><span style=\"font-weight: 400;\">ESTA-Fragebogen <\/span><span style=\"font-weight: 400;\">?<\/span><\/h2>\n\n<p>Nachdem Sie den Zweck des ESTA-Fragebogens kennen, m\u00fcssen Sie wissen, wie Sie <a href=\"https:\/\/esta-etats-unis.net\/de\/wie-fuelle-ich-das-esta-formular-fuer-eine-reise-in-die-usa-aus\/\">ihn<\/a> bei der Online-Beantragung <a href=\"https:\/\/esta-etats-unis.net\/de\/wie-fuelle-ich-das-esta-formular-fuer-eine-reise-in-die-usa-aus\/\">ausf\u00fcllen<\/a> m\u00fcssen. Das h\u00e4ngt davon ab, welche Seite Sie f\u00fcr Ihr ESTA-Dokument w\u00e4hlen. Tats\u00e4chlich ist es m\u00f6glich, auf einer spezialisierten Website oder auf der offiziellen Website der US-Regierung eine Bestellung aufzugeben. Informieren Sie sich \u00fcber die Unterschiede zwischen diesen Websites, damit Sie die f\u00fcr Sie richtige Wahl treffen k\u00f6nnen.<\/p>\n\n<h3 class=\"wp-block-heading\"><span style=\"font-weight: 400;\">Ausf\u00fcllen des ESTA auf der Website der US-Regierung<\/span><\/h3>\n\n<p><span style=\"font-weight: 400;\">Wenn Sie \u00fcber die <a href=\"https:\/\/esta.cbp.dhs.gov\/\">Website der US-Regierung<\/a> bestellen, betr\u00e4gt der Preis 21 USD. Das ESTA-Formular besteht aus mehreren Teilen:<\/span><\/p>\n\n<ol class=\"wp-block-list\">\n<li><span style=\"font-weight: 400;\">Ihren Zivilstand und die Daten aus Ihrem g\u00fcltigen Reisepass;<\/span><\/li>\n\n\n\n<li><span style=\"font-weight: 400;\">Kontaktdaten f\u00fcr Notf\u00e4lle und Unterbringungsort auf US-amerikanischem Hoheitsgebiet ;<\/span><\/li>\n\n\n\n<li><span style=\"font-weight: 400;\">Fragen zu Ihrem Strafregister und Ihrer medizinischen Vorgeschichte.<\/span><\/li>\n<\/ol>\n\n<p><span style=\"font-weight: 400;\">Die Zustimmung der US-Beh\u00f6rden kann im Anschluss an den Antrag bis zu 72 Stunden dauern, aber es ist m\u00f6glich, dass Sie das ESTA schon nach wenigen Minuten erhalten. Sie k\u00f6nnen zu einem Aufenthalt in den USA fliegen, sobald Sie die Genehmigung erhalten haben.<\/span><\/p>\n\n<h2 class=\"wp-block-heading\"><span style=\"font-weight: 400;\">Fehler im ESTA-Formular<\/span><\/h2>\n\n<p>F\u00fcr die Einreise in die USA darf Ihr ESTA-Fragebogen keine Fehler enthalten. Wenn Sie aufgrund eines Tippfehlers eine Ablehnung von den Beh\u00f6rden erhalten, ist es m\u00f6glich, einen neuen Antrag zu stellen. Sie m\u00fcssen die von der Website verlangten Geb\u00fchren erneut zahlen.<\/p>\n\n<p><span style=\"font-weight: 400;\">Ist die Ablehnung auf eine Nichterf\u00fcllung der F\u00f6rderkriterien zur\u00fcckzuf\u00fchren? Dann m\u00fcssen Sie sich an die US-Botschaft wenden, um ein USA-Visum zu beantragen.<\/span><\/p>\n","protected":false},"excerpt":{"rendered":"<p>Das ESTA-Formular ist ein unverzichtbarer Schritt bei der Planung Ihrer n\u00e4chsten Reise in die USA. Beachten Sie, dass ein einziger Fehler in diesem Formular dazu f\u00fchren kann, dass die US-Beh\u00f6rden Ihnen die Aufnahme in den Vereinigten Staaten von Amerika verweigern. Daher ist es wichtig zu wissen, wozu es dient, wie man den ESTA-Fragebogen ausf\u00fcllt und &#8230; <a title=\"Wie sieht das ESTA-Formular aus?\" class=\"read-more\" href=\"https:\/\/esta-etats-unis.net\/de\/wie-sieht-das-esta-formular-aus\/\" aria-label=\"Mehr Informationen \u00fcber Wie sieht das ESTA-Formular aus?\">Weiterlesen<\/a><\/p>\n","protected":false},"author":1,"featured_media":0,"parent":0,"menu_order":0,"comment_status":"closed","ping_status":"closed","template":"","meta":{"footnotes":""},"class_list":["post-506","page","type-page","status-publish"],"yoast_head":"<!-- This site is optimized with the Yoast SEO plugin v26.2 - https:\/\/yoast.com\/wordpress\/plugins\/seo\/ -->\n<title>Wie sieht das ESTA-Formular aus?<\/title>\n<meta name=\"description\" content=\"Das Ausf\u00fcllen des ESTA-Formulars ist f\u00fcr einige Reisende, die in die USA einreisen m\u00f6chten, unerl\u00e4sslich. Hier erfahren Sie, wie Sie das ESTA-Formular ausf\u00fcllen.\" \/>\n<meta name=\"robots\" content=\"index, follow, max-snippet:-1, max-image-preview:large, max-video-preview:-1\" \/>\n<link rel=\"canonical\" href=\"https:\/\/esta-etats-unis.net\/de\/wie-sieht-das-esta-formular-aus\/\" \/>\n<meta property=\"og:locale\" content=\"de_DE\" \/>\n<meta property=\"og:type\" content=\"article\" \/>\n<meta property=\"og:title\" content=\"Wie sieht das ESTA-Formular aus?\" \/>\n<meta property=\"og:description\" content=\"Das Ausf\u00fcllen des ESTA-Formulars ist f\u00fcr einige Reisende, die in die USA einreisen m\u00f6chten, unerl\u00e4sslich. Hier erfahren Sie, wie Sie das ESTA-Formular ausf\u00fcllen.\" \/>\n<meta property=\"og:url\" content=\"https:\/\/esta-etats-unis.net\/de\/wie-sieht-das-esta-formular-aus\/\" \/>\n<meta property=\"og:site_name\" content=\"Organisieren Sie Ihre Reise in die Vereinigten Staaten\" \/>\n<meta property=\"article:modified_time\" content=\"2024-10-09T13:36:13+00:00\" \/>\n<meta name=\"twitter:label1\" content=\"Gesch\u00e4tzte Lesezeit\" \/>\n\t<meta name=\"twitter:data1\" content=\"3\u00a0Minuten\" \/>\n<script type=\"application\/ld+json\" class=\"yoast-schema-graph\">{\"@context\":\"https:\/\/schema.org\",\"@graph\":[{\"@type\":\"WebPage\",\"@id\":\"https:\/\/esta-etats-unis.net\/de\/wie-sieht-das-esta-formular-aus\/\",\"url\":\"https:\/\/esta-etats-unis.net\/de\/wie-sieht-das-esta-formular-aus\/\",\"name\":\"Wie sieht das ESTA-Formular aus?\",\"isPartOf\":{\"@id\":\"https:\/\/esta-etats-unis.net\/de\/#website\"},\"datePublished\":\"2019-05-24T07:51:03+00:00\",\"dateModified\":\"2024-10-09T13:36:13+00:00\",\"description\":\"Das Ausf\u00fcllen des ESTA-Formulars ist f\u00fcr einige Reisende, die in die USA einreisen m\u00f6chten, unerl\u00e4sslich. Hier erfahren Sie, wie Sie das ESTA-Formular ausf\u00fcllen.\",\"inLanguage\":\"de\",\"potentialAction\":[{\"@type\":\"ReadAction\",\"target\":[\"https:\/\/esta-etats-unis.net\/de\/wie-sieht-das-esta-formular-aus\/\"]}]},{\"@type\":\"WebSite\",\"@id\":\"https:\/\/esta-etats-unis.net\/de\/#website\",\"url\":\"https:\/\/esta-etats-unis.net\/de\/\",\"name\":\"Organisieren Sie Ihre Reise in die Vereinigten Staaten\",\"description\":\"\",\"potentialAction\":[{\"@type\":\"SearchAction\",\"target\":{\"@type\":\"EntryPoint\",\"urlTemplate\":\"https:\/\/esta-etats-unis.net\/de\/?s={search_term_string}\"},\"query-input\":{\"@type\":\"PropertyValueSpecification\",\"valueRequired\":true,\"valueName\":\"search_term_string\"}}],\"inLanguage\":\"de\"}]}<\/script>\n<!-- \/ Yoast SEO plugin. -->","yoast_head_json":{"title":"Wie sieht das ESTA-Formular aus?","description":"Das Ausf\u00fcllen des ESTA-Formulars ist f\u00fcr einige Reisende, die in die USA einreisen m\u00f6chten, unerl\u00e4sslich. Hier erfahren Sie, wie Sie das ESTA-Formular ausf\u00fcllen.","robots":{"index":"index","follow":"follow","max-snippet":"max-snippet:-1","max-image-preview":"max-image-preview:large","max-video-preview":"max-video-preview:-1"},"canonical":"https:\/\/esta-etats-unis.net\/de\/wie-sieht-das-esta-formular-aus\/","og_locale":"de_DE","og_type":"article","og_title":"Wie sieht das ESTA-Formular aus?","og_description":"Das Ausf\u00fcllen des ESTA-Formulars ist f\u00fcr einige Reisende, die in die USA einreisen m\u00f6chten, unerl\u00e4sslich. Hier erfahren Sie, wie Sie das ESTA-Formular ausf\u00fcllen.","og_url":"https:\/\/esta-etats-unis.net\/de\/wie-sieht-das-esta-formular-aus\/","og_site_name":"Organisieren Sie Ihre Reise in die Vereinigten Staaten","article_modified_time":"2024-10-09T13:36:13+00:00","twitter_misc":{"Gesch\u00e4tzte Lesezeit":"3\u00a0Minuten"},"schema":{"@context":"https:\/\/schema.org","@graph":[{"@type":"WebPage","@id":"https:\/\/esta-etats-unis.net\/de\/wie-sieht-das-esta-formular-aus\/","url":"https:\/\/esta-etats-unis.net\/de\/wie-sieht-das-esta-formular-aus\/","name":"Wie sieht das ESTA-Formular aus?","isPartOf":{"@id":"https:\/\/esta-etats-unis.net\/de\/#website"},"datePublished":"2019-05-24T07:51:03+00:00","dateModified":"2024-10-09T13:36:13+00:00","description":"Das Ausf\u00fcllen des ESTA-Formulars ist f\u00fcr einige Reisende, die in die USA einreisen m\u00f6chten, unerl\u00e4sslich. Hier erfahren Sie, wie Sie das ESTA-Formular ausf\u00fcllen.","inLanguage":"de","potentialAction":[{"@type":"ReadAction","target":["https:\/\/esta-etats-unis.net\/de\/wie-sieht-das-esta-formular-aus\/"]}]},{"@type":"WebSite","@id":"https:\/\/esta-etats-unis.net\/de\/#website","url":"https:\/\/esta-etats-unis.net\/de\/","name":"Organisieren Sie Ihre Reise in die Vereinigten Staaten","description":"","potentialAction":[{"@type":"SearchAction","target":{"@type":"EntryPoint","urlTemplate":"https:\/\/esta-etats-unis.net\/de\/?s={search_term_string}"},"query-input":{"@type":"PropertyValueSpecification","valueRequired":true,"valueName":"search_term_string"}}],"inLanguage":"de"}]}},"_links":{"self":[{"href":"https:\/\/esta-etats-unis.net\/de\/wp-json\/wp\/v2\/pages\/506","targetHints":{"allow":["GET"]}}],"collection":[{"href":"https:\/\/esta-etats-unis.net\/de\/wp-json\/wp\/v2\/pages"}],"about":[{"href":"https:\/\/esta-etats-unis.net\/de\/wp-json\/wp\/v2\/types\/page"}],"author":[{"embeddable":true,"href":"https:\/\/esta-etats-unis.net\/de\/wp-json\/wp\/v2\/users\/1"}],"replies":[{"embeddable":true,"href":"https:\/\/esta-etats-unis.net\/de\/wp-json\/wp\/v2\/comments?post=506"}],"version-history":[{"count":4,"href":"https:\/\/esta-etats-unis.net\/de\/wp-json\/wp\/v2\/pages\/506\/revisions"}],"predecessor-version":[{"id":844,"href":"https:\/\/esta-etats-unis.net\/de\/wp-json\/wp\/v2\/pages\/506\/revisions\/844"}],"wp:attachment":[{"href":"https:\/\/esta-etats-unis.net\/de\/wp-json\/wp\/v2\/media?parent=506"}],"curies":[{"name":"wp","href":"https:\/\/api.w.org\/{rel}","templated":true}]}}