{"id":502,"date":"2019-04-26T08:16:12","date_gmt":"2019-04-26T07:16:12","guid":{"rendered":"https:\/\/esta-etats-unis.net\/wie-bekomme-ich-ein-usa-studentenvisum\/"},"modified":"2024-10-09T08:58:43","modified_gmt":"2024-10-09T07:58:43","slug":"wie-bekomme-ich-ein-usa-studentenvisum","status":"publish","type":"page","link":"https:\/\/esta-etats-unis.net\/de\/wie-bekomme-ich-ein-usa-studentenvisum\/","title":{"rendered":"Wie bekomme ich ein USA-Studentenvisum?"},"content":{"rendered":"\n<p><span style=\"font-weight: 400;\">Sie m\u00f6chten Ihr Studium fortsetzen, aber dieses Mal in den Vereinigten Staaten von Amerika? Ein amerikanisches Studentenvisum zu bekommen, ist keine leichte Aufgabe. Zwischen der Suche nach einer Schule, dem Aufnahmewettbewerb und den administrativen Schritten f\u00fcr die Beantragung eines USA-Studentenvisums m\u00fcssen Sie mehrere Monate einplanen, um Ihre Reise in die USA angemessen vorzubereiten.  <\/span><\/p>\n\n<p><span style=\"font-weight: 400;\">In unserem Artikel finden Sie Einzelheiten zu allen Verfahren, die Sie durchlaufen m\u00fcssen, wenn Sie ins Ausland gehen und dort studieren m\u00f6chten.<\/span><\/p>\n\n<h2 class=\"wp-block-heading\"><span style=\"font-weight: 400;\">Eine amerikanische Schule finden<\/span><\/h2>\n\n<p><span style=\"font-weight: 400;\">Der erste Schritt, um ein US-Visum f\u00fcr ein Studium in den USA zu erhalten, ist die Suche nach dem College oder der Universit\u00e4t, die Ihren Bed\u00fcrfnissen am besten entspricht. Egal ob in Kalifornien, New York, Florida oder San Francisco, die Schulen, bei denen Sie sich bewerben, m\u00fcssen im Rahmen des amerikanischen Austauschprogramms f\u00fcr Gastsch\u00fcler (Student Exchange Visitor Program) zertifiziert sein. Eine Liste der vom Department of Homeland Security&#8217;s <a href=\"https:\/\/studyinthestates.dhs.gov\/school-search\">Study zertifizierten Schulen<\/a> finden Sie auf der offiziellen Website der USA.<\/span><\/p>\n\n<p><span style=\"font-weight: 400;\">Die Aufnahmeverfahren f\u00fcr amerikanische Schulen sind wesentlich komplexer als die f\u00fcr europ\u00e4isch Schulen. Die amerikanischen Universit\u00e4ten sind n\u00e4mlich daf\u00fcr bekannt, dass sie sehr selektiv vorgehen, um eine gewisse Elite zu halten (dies gilt insbesondere f\u00fcr die renommiertesten Schulen wie Harvard, Yale, Brown usw.). Um sich an einer amerikanischen Schule anzumelden, m\u00fcssen Sie einen Antrag auf Zulassung stellen und eine Bewerbung ausf\u00fcllen.  <\/span><\/p>\n\n<figure class=\"wp-block-image size-large is-resized\"><a href=\"https:\/\/esta-etats-unis.net\/wp-content\/uploads\/2019\/04\/student.jpeg\"><img loading=\"lazy\" decoding=\"async\" width=\"1024\" height=\"682\" src=\"https:\/\/esta-etats-unis.net\/wp-content\/uploads\/2019\/04\/student-1024x682.jpeg\" alt=\"Studentenvisum USA\" class=\"wp-image-269\" style=\"width:768px;height:512px\" srcset=\"https:\/\/esta-etats-unis.net\/wp-content\/uploads\/2019\/04\/student-1024x682.jpeg 1024w, https:\/\/esta-etats-unis.net\/wp-content\/uploads\/2019\/04\/student-300x200.jpeg 300w, https:\/\/esta-etats-unis.net\/wp-content\/uploads\/2019\/04\/student-768x512.jpeg 768w, https:\/\/esta-etats-unis.net\/wp-content\/uploads\/2019\/04\/student.jpeg 1880w\" sizes=\"auto, (max-width: 1024px) 100vw, 1024px\" \/><\/a><figcaption class=\"wp-element-caption\">Wie man ein Studentenvisum f\u00fcr die USA erh\u00e4lt<\/figcaption><\/figure>\n\n<h3 class=\"wp-block-heading\"><span style=\"font-weight: 400;\">Die Aufnahmepr\u00fcfung f\u00fcr amerikanische Schulen  <\/span><\/h3>\n\n<p><span style=\"font-weight: 400;\">Um sicherzugehen, dass Sie \u00fcber gute Schulleistungen und Englischkenntnisse verf\u00fcgen, werden sich die Universit\u00e4ten an mehreren Punkten orientieren:  <\/span><\/p>\n\n<ul class=\"wp-block-list\">\n<li><span style=\"font-weight: 400;\">der GPA (Grade Point Average). Dies ist die Umrechnung Ihres Notendurchschnitts auf das amerikanische Bildungssystem ;  <\/span><\/li>\n\n\n\n<li><span style=\"font-weight: 400;\">der SAT (Scholastic Assessment Test). Er gilt als Aufnahmepr\u00fcfung f\u00fcr amerikanische Universit\u00e4ten, testet Ihre F\u00e4higkeiten und ist in drei verschiedene Teile gegliedert: Textanalyse, Schreiben und Mathematik.<\/span><\/li>\n<\/ul>\n\n<p><span style=\"font-weight: 400;\">Wie bei allen Wettbewerbsregeln gilt: Je besser Ihre Note, desto gr\u00f6\u00dfer sind Ihre Chancen, in die Schule aufgenommen zu werden.  <\/span><\/p>\n\n<p><span style=\"font-weight: 400;\">Dann kommen die Sprachpr\u00fcfungen. Amerikanische Schulen wollen sichergehen, dass Sie gut Englisch verstehen. Deshalb werden sie Sie nach den Ergebnissen zweier Referenztests in Englisch fragen:<\/span><\/p>\n\n<ul class=\"wp-block-list\">\n<li><span style=\"font-weight: 400;\">den TOEFL ;  <\/span><\/li>\n\n\n\n<li><span style=\"font-weight: 400;\">oder IELTS.  <\/span><\/li>\n<\/ul>\n\n<p><span style=\"font-weight: 400;\">Zum Schluss werden Sie von den Schulen aufgefordert, einen Aufsatz (Personal Essay) zu verfassen. Dies ist sicherlich der schwierigste Schritt, da es darum geht, \u00fcber sich selbst zu sprechen. Abgesehen von den Ergebnissen wollen die Universit\u00e4ten n\u00e4mlich auch wissen, warum Sie sich beworben haben, welche Leidenschaften Sie haben und welche Ambitionen Sie f\u00fcr die Zukunft hegen. Dieser letzte Schritt muss v\u00f6llig pers\u00f6nlich sein und sollte Ihre Pers\u00f6nlichkeit am besten widerspiegeln.  <\/span><\/p>\n\n<p><span style=\"font-weight: 400;\">Hinweis: Um die Bewerbungsunterlagen abzuschlie\u00dfen, k\u00f6nnen Sie ein von einem Ihrer Lehrer verfasstes Empfehlungsschreiben beif\u00fcgen.  <\/span><\/p>\n\n<h3 class=\"wp-block-heading\"><span style=\"font-weight: 400;\">Die Finanzierung der amerikanischen Universit\u00e4ten  <\/span><\/h3>\n\n<p><span style=\"font-weight: 400;\">Um eine einwandfreie Akte bez\u00fcglich Ihres Antrags auf ein <\/span><span style=\"font-weight: 400;\">USA Studentenvisum<\/span><span style=\"font-weight: 400;\">Wenn Sie ein Visum beantragen m\u00f6chten, muss Ihre finanzielle Situation gesichert sein. <\/span> <\/p>\n\n<p><span style=\"font-weight: 400;\">In den USA zu leben und zu studieren kann f\u00fcr einen franz\u00f6sischen Studenten sehr teuer werden. Viele Schulen erh\u00f6hen n\u00e4mlich ihre Studiengeb\u00fchren f\u00fcr ausl\u00e4ndische Studierende. Die Art des Abschlusses wird ebenfalls einen Unterschied machen, ein MBA kostet mehr als ein Bachelor.  <\/span><\/p>\n\n<p><span style=\"font-weight: 400;\">Es gibt jedoch L\u00f6sungen f\u00fcr finanzielle Unterst\u00fctzung :  <\/span><\/p>\n\n<ul class=\"wp-block-list\">\n<li><span style=\"font-weight: 400;\">\u00f6ffentliche Universit\u00e4ten privaten Universit\u00e4ten vorziehen ;  <\/span><\/li>\n\n\n\n<li><span style=\"font-weight: 400;\">Studieren im Besitz einer Green Card (Lotterie Green Card): Dank dieser Karte m\u00fcssen Sie nicht durch den Prozess der Beantragung eines <\/span><span style=\"font-weight: 400;\">USA-Studentenvisum durchlaufen,<\/span><span style=\"font-weight: 400;\">  weil Sie einen st\u00e4ndigen Wohnsitz haben. (Au\u00dfer bei Eliteuniversit\u00e4ten wie Harvard oder dem Massachusetts Institute of Technology bleibt der Preis f\u00fcr alle Studierenden gleich);<\/span><\/li>\n\n\n\n<li><span style=\"font-weight: 400;\">Stipendien erhalten: Der franz\u00f6sische akademische Austauschdienst und die Fulbright-Kommission bieten verschiedene M\u00f6glichkeiten f\u00fcr franz\u00f6sische Studierende in den USA.  <\/span><\/li>\n<\/ul>\n\n<h2 class=\"wp-block-heading\"><span style=\"font-weight: 400;\">Das <\/span><span style=\"font-weight: 400;\">USA-Studentenvisum<\/span><\/h2>\n\n<p><span style=\"font-weight: 400;\">Um an einer amerikanischen Universit\u00e4t zu studieren, m\u00fcssen Sie ein F1-Visum beantragen. Dieses Visum ist das h\u00e4ufigste Studentenvisum, wenn Sie an einem Gymnasium, einer Universit\u00e4t, einer privaten Sekundarschule oder einem genehmigten Englischlernprogramm (Erasmus) studieren m\u00f6chten. Sie ben\u00f6tigen auch ein F1-Visum, wenn Ihr Schulprogramm mehr als 18 Stunden pro Woche umfasst.  <\/span><\/p>\n\n<p><span style=\"font-weight: 400;\">Es gibt ein weiteres USA-Studentenvisum, das sich M1-Visum nennt. Im Gegensatz zum F1-Visum bezieht sich das M1-Visum auf nicht-akademische und berufsbezogene Studien oder Praktika, die an einer amerikanischen Institution absolviert werden.  <\/span><\/p>\n\n<p><span style=\"font-weight: 400;\">F\u00fcr ein <a href=\"https:\/\/esta-etats-unis.net\/de\/j1-visum-praktikum-usa-wie-ist-das-verfahren\/\">Praktikum in den USA<\/a>, eine Berufsausbildung, einen Au-pair-Aufenthalt, eine Saisonarbeit oder einen internationalen Freiwilligendienst ist das geeignete Visum das J1-Visum.  <\/span><\/p>\n\n<h2 class=\"wp-block-heading\"><span style=\"font-weight: 400;\">Wie beantrage ich ein F1-Visum?<\/span><\/h2>\n\n<p><span style=\"font-weight: 400;\">Um ein F1-Visum zu beantragen, m\u00fcssen Sie folgende Unterlagen mitbringen:<\/span><\/p>\n\n<ul class=\"wp-block-list\">\n<li><span style=\"font-weight: 400;\">ein elektronisches Antragsformular f\u00fcr ein Visum f\u00fcr Nicht-Einwanderer (DS-160) ;<\/span><\/li>\n\n\n\n<li><span style=\"font-weight: 400;\">einen biometrischen oder elektronischen Reisepass f\u00fcr Reisen in die USA, der noch mindestens 6 Monate \u00fcber Ihren gew\u00fcnschten Aufenthaltszeitraum in den USA hinaus g\u00fcltig ist (au\u00dfer bei bilateralen Abkommen, die eine Ausnahme bieten.) ;<\/span><\/li>\n\n\n\n<li><span style=\"font-weight: 400;\">ein Foto von 5 cm x 5 cm (2 &#8222;x2&#8220;), das in den letzten sechs Monaten aufgenommen wurde ;<\/span><\/li>\n\n\n\n<li><span style=\"font-weight: 400;\">eine Quittung \u00fcber die Zahlung der Bearbeitungsgeb\u00fchr f\u00fcr ein Non-Immigrant-Visum (160 US-Dollar) in der Landesw\u00e4hrung;<\/span><\/li>\n\n\n\n<li><span style=\"font-weight: 400;\">ein von Ihrer Schule genehmigtes Formular I-20  <\/span><\/li>\n<\/ul>\n\n<p><span style=\"font-weight: 400;\">Zus\u00e4tzlich zu diesen Dokumenten m\u00fcssen Sie ein Schreiben vorlegen, das best\u00e4tigt, dass Sie einen <a href=\"https:\/\/esta-etats-unis.net\/de\/wie-beantrage-ich-ein-visum-bei-der-us-botschaft\/\">Termin bei der US-Botschaft<\/a> in Ihrem Land vereinbart haben. W\u00e4hrend des Interviews wurden \u00e4hnliche Dokumente wie der Antrag von  <\/span><span style=\"font-weight: 400;\">F-1 Visum<\/span><span style=\"font-weight: 400;\"> beantragt werden, m\u00fcssen Sie mitbringen : <\/span> <\/p>\n\n<ul class=\"wp-block-list\">\n<li><span style=\"font-weight: 400;\">einer ausgedruckten Kopie Ihres Terminbriefs ;  <\/span><\/li>\n\n\n\n<li><span style=\"font-weight: 400;\">von Ihrer Best\u00e4tigungsseite f\u00fcr das Formular DS-160 ;<\/span><\/li>\n\n\n\n<li><span style=\"font-weight: 400;\">eines Fotos, das in den letzten sechs Monaten aufgenommen wurde ;  <\/span><\/li>\n\n\n\n<li><span style=\"font-weight: 400;\">Ihres g\u00fcltigen elektronischen oder biometrischen Reisepasses ;  <\/span><\/li>\n\n\n\n<li><span style=\"font-weight: 400;\">einer Quittung \u00fcber die Zahlung der Originalvisumgeb\u00fchr.  <\/span><\/li>\n<\/ul>\n\n<p><span style=\"font-weight: 400;\">Beachte: Das Visum ist kein Einreisepass, um in den USA zu leben. Nur die US-Beh\u00f6rden entscheiden bei der Zollabfertigung, ob Sie in die USA einreisen d\u00fcrfen oder nicht (es ist sehr selten, dass ein Sicherheitsbeamter Ihnen die Einreise mit einem Visum verweigert).  <\/span><\/p>\n\n<p><\/p>\n","protected":false},"excerpt":{"rendered":"<p>Sie m\u00f6chten Ihr Studium fortsetzen, aber dieses Mal in den Vereinigten Staaten von Amerika? Ein amerikanisches Studentenvisum zu bekommen, ist keine leichte Aufgabe. Zwischen der Suche nach einer Schule, dem Aufnahmewettbewerb und den administrativen Schritten f\u00fcr die Beantragung eines USA-Studentenvisums m\u00fcssen Sie mehrere Monate einplanen, um Ihre Reise in die USA angemessen vorzubereiten. In unserem &#8230; <a title=\"Wie bekomme ich ein USA-Studentenvisum?\" class=\"read-more\" href=\"https:\/\/esta-etats-unis.net\/de\/wie-bekomme-ich-ein-usa-studentenvisum\/\" aria-label=\"Mehr Informationen \u00fcber Wie bekomme ich ein USA-Studentenvisum?\">Weiterlesen<\/a><\/p>\n","protected":false},"author":1,"featured_media":0,"parent":0,"menu_order":0,"comment_status":"closed","ping_status":"closed","template":"","meta":{"footnotes":""},"class_list":["post-502","page","type-page","status-publish"],"yoast_head":"<!-- This site is optimized with the Yoast SEO plugin v26.2 - https:\/\/yoast.com\/wordpress\/plugins\/seo\/ -->\n<title>Wie man ein amerikanisches Studentenvisum erh\u00e4lt<\/title>\n<meta name=\"description\" content=\"Was sind die Schritte, um in eine amerikanische Schule aufgenommen zu werden und ein Studentenvisum f\u00fcr ein Studium in den USA zu erhalten?\" \/>\n<meta name=\"robots\" content=\"index, follow, max-snippet:-1, max-image-preview:large, max-video-preview:-1\" \/>\n<link rel=\"canonical\" href=\"https:\/\/esta-etats-unis.net\/de\/wie-bekomme-ich-ein-usa-studentenvisum\/\" \/>\n<meta property=\"og:locale\" content=\"de_DE\" \/>\n<meta property=\"og:type\" content=\"article\" \/>\n<meta property=\"og:title\" content=\"Wie man ein amerikanisches Studentenvisum erh\u00e4lt\" \/>\n<meta property=\"og:description\" content=\"Was sind die Schritte, um in eine amerikanische Schule aufgenommen zu werden und ein Studentenvisum f\u00fcr ein Studium in den USA zu erhalten?\" \/>\n<meta property=\"og:url\" content=\"https:\/\/esta-etats-unis.net\/de\/wie-bekomme-ich-ein-usa-studentenvisum\/\" \/>\n<meta property=\"og:site_name\" content=\"Organisieren Sie Ihre Reise in die Vereinigten Staaten\" \/>\n<meta property=\"article:modified_time\" content=\"2024-10-09T07:58:43+00:00\" \/>\n<meta property=\"og:image\" content=\"https:\/\/esta-etats-unis.net\/wp-content\/uploads\/2019\/04\/student.jpeg\" \/>\n\t<meta property=\"og:image:width\" content=\"1880\" \/>\n\t<meta property=\"og:image:height\" content=\"1253\" \/>\n\t<meta property=\"og:image:type\" content=\"image\/jpeg\" \/>\n<meta name=\"twitter:label1\" content=\"Gesch\u00e4tzte Lesezeit\" \/>\n\t<meta name=\"twitter:data1\" content=\"5\u00a0Minuten\" \/>\n<script type=\"application\/ld+json\" class=\"yoast-schema-graph\">{\"@context\":\"https:\/\/schema.org\",\"@graph\":[{\"@type\":\"WebPage\",\"@id\":\"https:\/\/esta-etats-unis.net\/de\/wie-bekomme-ich-ein-usa-studentenvisum\/\",\"url\":\"https:\/\/esta-etats-unis.net\/de\/wie-bekomme-ich-ein-usa-studentenvisum\/\",\"name\":\"Wie man ein amerikanisches Studentenvisum erh\u00e4lt\",\"isPartOf\":{\"@id\":\"https:\/\/esta-etats-unis.net\/de\/#website\"},\"primaryImageOfPage\":{\"@id\":\"https:\/\/esta-etats-unis.net\/de\/wie-bekomme-ich-ein-usa-studentenvisum\/#primaryimage\"},\"image\":{\"@id\":\"https:\/\/esta-etats-unis.net\/de\/wie-bekomme-ich-ein-usa-studentenvisum\/#primaryimage\"},\"thumbnailUrl\":\"https:\/\/esta-etats-unis.net\/wp-content\/uploads\/2019\/04\/student-1024x682.jpeg\",\"datePublished\":\"2019-04-26T07:16:12+00:00\",\"dateModified\":\"2024-10-09T07:58:43+00:00\",\"description\":\"Was sind die Schritte, um in eine amerikanische Schule aufgenommen zu werden und ein Studentenvisum f\u00fcr ein Studium in den USA zu erhalten?\",\"inLanguage\":\"de\",\"potentialAction\":[{\"@type\":\"ReadAction\",\"target\":[\"https:\/\/esta-etats-unis.net\/de\/wie-bekomme-ich-ein-usa-studentenvisum\/\"]}]},{\"@type\":\"ImageObject\",\"inLanguage\":\"de\",\"@id\":\"https:\/\/esta-etats-unis.net\/de\/wie-bekomme-ich-ein-usa-studentenvisum\/#primaryimage\",\"url\":\"https:\/\/esta-etats-unis.net\/wp-content\/uploads\/2019\/04\/student-1024x682.jpeg\",\"contentUrl\":\"https:\/\/esta-etats-unis.net\/wp-content\/uploads\/2019\/04\/student-1024x682.jpeg\"},{\"@type\":\"WebSite\",\"@id\":\"https:\/\/esta-etats-unis.net\/de\/#website\",\"url\":\"https:\/\/esta-etats-unis.net\/de\/\",\"name\":\"Organisieren Sie Ihre Reise in die Vereinigten Staaten\",\"description\":\"\",\"potentialAction\":[{\"@type\":\"SearchAction\",\"target\":{\"@type\":\"EntryPoint\",\"urlTemplate\":\"https:\/\/esta-etats-unis.net\/de\/?s={search_term_string}\"},\"query-input\":{\"@type\":\"PropertyValueSpecification\",\"valueRequired\":true,\"valueName\":\"search_term_string\"}}],\"inLanguage\":\"de\"}]}<\/script>\n<!-- \/ Yoast SEO plugin. -->","yoast_head_json":{"title":"Wie man ein amerikanisches Studentenvisum erh\u00e4lt","description":"Was sind die Schritte, um in eine amerikanische Schule aufgenommen zu werden und ein Studentenvisum f\u00fcr ein Studium in den USA zu erhalten?","robots":{"index":"index","follow":"follow","max-snippet":"max-snippet:-1","max-image-preview":"max-image-preview:large","max-video-preview":"max-video-preview:-1"},"canonical":"https:\/\/esta-etats-unis.net\/de\/wie-bekomme-ich-ein-usa-studentenvisum\/","og_locale":"de_DE","og_type":"article","og_title":"Wie man ein amerikanisches Studentenvisum erh\u00e4lt","og_description":"Was sind die Schritte, um in eine amerikanische Schule aufgenommen zu werden und ein Studentenvisum f\u00fcr ein Studium in den USA zu erhalten?","og_url":"https:\/\/esta-etats-unis.net\/de\/wie-bekomme-ich-ein-usa-studentenvisum\/","og_site_name":"Organisieren Sie Ihre Reise in die Vereinigten Staaten","article_modified_time":"2024-10-09T07:58:43+00:00","og_image":[{"width":1880,"height":1253,"url":"https:\/\/esta-etats-unis.net\/wp-content\/uploads\/2019\/04\/student.jpeg","type":"image\/jpeg"}],"twitter_misc":{"Gesch\u00e4tzte Lesezeit":"5\u00a0Minuten"},"schema":{"@context":"https:\/\/schema.org","@graph":[{"@type":"WebPage","@id":"https:\/\/esta-etats-unis.net\/de\/wie-bekomme-ich-ein-usa-studentenvisum\/","url":"https:\/\/esta-etats-unis.net\/de\/wie-bekomme-ich-ein-usa-studentenvisum\/","name":"Wie man ein amerikanisches Studentenvisum erh\u00e4lt","isPartOf":{"@id":"https:\/\/esta-etats-unis.net\/de\/#website"},"primaryImageOfPage":{"@id":"https:\/\/esta-etats-unis.net\/de\/wie-bekomme-ich-ein-usa-studentenvisum\/#primaryimage"},"image":{"@id":"https:\/\/esta-etats-unis.net\/de\/wie-bekomme-ich-ein-usa-studentenvisum\/#primaryimage"},"thumbnailUrl":"https:\/\/esta-etats-unis.net\/wp-content\/uploads\/2019\/04\/student-1024x682.jpeg","datePublished":"2019-04-26T07:16:12+00:00","dateModified":"2024-10-09T07:58:43+00:00","description":"Was sind die Schritte, um in eine amerikanische Schule aufgenommen zu werden und ein Studentenvisum f\u00fcr ein Studium in den USA zu erhalten?","inLanguage":"de","potentialAction":[{"@type":"ReadAction","target":["https:\/\/esta-etats-unis.net\/de\/wie-bekomme-ich-ein-usa-studentenvisum\/"]}]},{"@type":"ImageObject","inLanguage":"de","@id":"https:\/\/esta-etats-unis.net\/de\/wie-bekomme-ich-ein-usa-studentenvisum\/#primaryimage","url":"https:\/\/esta-etats-unis.net\/wp-content\/uploads\/2019\/04\/student-1024x682.jpeg","contentUrl":"https:\/\/esta-etats-unis.net\/wp-content\/uploads\/2019\/04\/student-1024x682.jpeg"},{"@type":"WebSite","@id":"https:\/\/esta-etats-unis.net\/de\/#website","url":"https:\/\/esta-etats-unis.net\/de\/","name":"Organisieren Sie Ihre Reise in die Vereinigten Staaten","description":"","potentialAction":[{"@type":"SearchAction","target":{"@type":"EntryPoint","urlTemplate":"https:\/\/esta-etats-unis.net\/de\/?s={search_term_string}"},"query-input":{"@type":"PropertyValueSpecification","valueRequired":true,"valueName":"search_term_string"}}],"inLanguage":"de"}]}},"_links":{"self":[{"href":"https:\/\/esta-etats-unis.net\/de\/wp-json\/wp\/v2\/pages\/502","targetHints":{"allow":["GET"]}}],"collection":[{"href":"https:\/\/esta-etats-unis.net\/de\/wp-json\/wp\/v2\/pages"}],"about":[{"href":"https:\/\/esta-etats-unis.net\/de\/wp-json\/wp\/v2\/types\/page"}],"author":[{"embeddable":true,"href":"https:\/\/esta-etats-unis.net\/de\/wp-json\/wp\/v2\/users\/1"}],"replies":[{"embeddable":true,"href":"https:\/\/esta-etats-unis.net\/de\/wp-json\/wp\/v2\/comments?post=502"}],"version-history":[{"count":6,"href":"https:\/\/esta-etats-unis.net\/de\/wp-json\/wp\/v2\/pages\/502\/revisions"}],"predecessor-version":[{"id":809,"href":"https:\/\/esta-etats-unis.net\/de\/wp-json\/wp\/v2\/pages\/502\/revisions\/809"}],"wp:attachment":[{"href":"https:\/\/esta-etats-unis.net\/de\/wp-json\/wp\/v2\/media?parent=502"}],"curies":[{"name":"wp","href":"https:\/\/api.w.org\/{rel}","templated":true}]}}