{"id":486,"date":"2014-11-17T22:12:34","date_gmt":"2014-11-17T21:12:34","guid":{"rendered":"https:\/\/esta-etats-unis.net\/welches-flugticket-in-die-usa-mit-ihrem-esta\/"},"modified":"2024-10-11T10:45:30","modified_gmt":"2024-10-11T09:45:30","slug":"welches-flugticket-in-die-usa-mit-ihrem-esta","status":"publish","type":"page","link":"https:\/\/esta-etats-unis.net\/de\/welches-flugticket-in-die-usa-mit-ihrem-esta\/","title":{"rendered":"Welches Flugticket in die USA mit Ihrem ESTA"},"content":{"rendered":"\n<p>Die Vorbereitung einer Reise nach \u00dcbersee bedeutet, Zeit und Organisation zu investieren und einen Antrag auf Genehmigung zu stellen. Die Einf\u00fchrung des Visa Waiver Program hat die Vorgehensweise bei einer Reise in die USA erheblich ver\u00e4ndert. Denn Staatsangeh\u00f6rige aus L\u00e4ndern, die am Visa Waiver Program (VWP) teilnehmen, m\u00fcssen f\u00fcr einen Kurzaufenthalt in den USA, f\u00fcr Gesch\u00e4ftsreisen, Tourismus oder Transit kein Visum mehr beantragen.<\/p>\n\n<p>Aus Sicherheitsgr\u00fcnden m\u00fcssen sie jedoch unbedingt das ESTA, Electronic System for Travel Authorization, beantragen, bevor sie in die USA reisen. F\u00fcr die visumfreie Einreise in die USA sind auch andere Voraussetzungen erforderlich, insbesondere in Bezug auf den <a href=\"https:\/\/esta-etats-unis.net\/de\/welchen-reisepass-muss-man-besitzen-um-ein-esta-oder-ein-visum-zu-beantragen\/\">Reisepass<\/a> oder das Flugticket.<\/p>\n\n<h2 class=\"wp-block-heading\">Klarstellung zu ESTA USA<\/h2>\n\n<p>Die einzigen B\u00fcrger, die von der Visumbefreiung und einer Reise mit ESTA profitieren k\u00f6nnen, sind Staatsangeh\u00f6rige von L\u00e4ndern, die am Programm f\u00fcr visumfreies Reisen (Visa Waiver Program) teilnehmen. Die ESTA-Genehmigung ist ein Reisedokument, mit dem eine Reise auf dem <a href=\"https:\/\/esta-etats-unis.net\/de\/mit-dem-flugzeug-oder-schiff-in-die-usa-reisen\/\">Luft- oder Seeweg<\/a> durchgef\u00fchrt werden kann. Dieses Dokument ist erforderlich, um im Rahmen einer Kurzreise (maximal 90 Tage) das US-amerikanische Hoheitsgebiet zu \u00fcberschreiten. Der Grund f\u00fcr die Reise in diesem Fall kann gesch\u00e4ftlich, touristisch oder zum Transit sein.<\/p>\n\n<p>Was die Funktionsweise und den Nutzen des Systems betrifft, so werden die im Online-Formular gemachten Angaben vom US-Ministerium f\u00fcr Innere Sicherheit und von der US-Einwanderungsbeh\u00f6rde kontrolliert. Wenn die \u00dcberpr\u00fcfung keine negativen Ergebnisse ergibt, wird die Genehmigung erteilt und ist zwei Jahre lang g\u00fcltig oder wenn der Reisepass abl\u00e4uft.<\/p>\n\n<h3 class=\"wp-block-heading\"><em>Verfahren zur Erlangung von ESTA<\/em><\/h3>\n\n<p>Um das ESTA zu erhalten, muss der Reisende einen <a href=\"https:\/\/esta-etats-unis.net\/de\/esta-online-fuer-eine-genehmigung-im-eilverfahren\/\">Online-Antrag<\/a> \u00fcber die offizielle Website oder spezielle Websites stellen. Die Antwort wird dem Antragsteller sp\u00e4testens 72 Stunden nach Einreichung des vollst\u00e4ndig ausgef\u00fcllten ESTA-Formulars zugehen. Das ESTA kann zwei Jahre lang verwendet werden (G\u00fcltigkeitsdauer des Dokuments). Der Antrag wird nach der Zahlung per Kreditkarte an die US-Beh\u00f6rden weitergeleitet. Es ist zu beachten, dass der Betroffene im Falle einer Ablehnung ein <a href=\"https:\/\/esta-etats-unis.net\/de\/wie-beantrage-ich-ein-visum-bei-der-us-botschaft\/\">US-Visum bei der US-Botschaft<\/a> beantragen muss, wenn er an seinem Vorhaben, in die USA zu reisen, festh\u00e4lt. Ein USA-Visum zu erhalten ist ein langwieriger und wesentlich teurerer Prozess.<\/p>\n\n<h3 class=\"wp-block-heading\"><em>Voraussetzungen f\u00fcr die Einreise in die USA<\/em><\/h3>\n\n<p>Der Erhalt eines ESTA ist keine notwendige und hinreichende Bedingung f\u00fcr eine Reise in die USA. Es erlaubt n\u00e4mlich nur das freie Einsteigen in ein Flugzeug oder an Bord eines Schiffes auf dem Weg in die USA. Es gibt weitere Formalit\u00e4ten, die erf\u00fcllt werden m\u00fcssen, um sich im Land aufhalten zu d\u00fcrfen. Einerseits muss ein Reisender ohne Visum zwingend einen g\u00fcltigen Reisepass (elektronischer Reisepass oder biometrischer Reisepass) mit sich f\u00fchren, der den Sicherheitsanforderungen entspricht: Er kann biometrisch oder elektronisch sein. Andererseits muss der Besucher \u00fcber ein Hin- und R\u00fcckflugticket verf\u00fcgen, das seine Absicht belegt, das Land rechtzeitig zu verlassen. Und schlie\u00dflich zu guter Letzt, seit der Wiederer\u00f6ffnung der Grenzen im Jahr 2022: <strong>Der Besucher muss \u00fcber einen vollst\u00e4ndig aktuellen Impfschutz gegen COVID 19<\/strong> verf\u00fcgen.<\/p>\n\n<h2 class=\"wp-block-heading\">Wo kann man ein Flugticket in die USA kaufen?<\/h2>\n\n<p>Wenn Sie \u00fcber ein Reiseb\u00fcro buchen, k\u00f6nnen Sie Pakete buchen, die sowohl den Flug als auch das Hotel beinhalten und so eine ma\u00dfgeschneiderte Reise erm\u00f6glichen. Wenn Sie eher der Typ sind, der seine Reise selbst organisiert, m\u00fcssen Sie sich selbst darum k\u00fcmmern, Flugtickets f\u00fcr Ihre Daten und ein Hotel oder Apartment nach Ihren W\u00fcnschen zu finden. Sie m\u00fcssen Ihr <a href=\"https:\/\/123-esta.com\/de\/fragen-esta-vor-dem-kauf-eines-flugtickets\/\">ESTA<\/a> beantragen, <a href=\"https:\/\/123-esta.com\/de\/fragen-esta-vor-dem-kauf-eines-flugtickets\/\">bevor Sie Ihre Flugtickets<\/a> f\u00fcr die USA <a href=\"https:\/\/123-esta.com\/de\/fragen-esta-vor-dem-kauf-eines-flugtickets\/\">kaufen<\/a>.<\/p>\n\n<p>Unsere Tipps f\u00fcr Reisende, um ein g\u00fcnstiges Flugticket zu finden: Es gibt immer mehr Fluggesellschaften auf dem Markt (XL Airways, Air France, British Airways&#8230;), weshalb es schwierig ist, sich f\u00fcr eine zu entscheiden. Um Ihnen zu helfen, gehen Sie auf eine Vergleichsseite, geben Sie Ihren Herkunfts- und Ankunftsflughafen in den USA, die Reisedaten und ob Sie einen Direktflug w\u00fcnschen oder nicht, und klicken Sie auf &#8222;Best\u00e4tigen&#8220;. Warten Sie ein paar Sekunden, die Seite wird die verschiedenen Preise aller Fluggesellschaften vergleichen. Auf diese Weise erfahren Sie die g\u00fcnstigsten Tarife f\u00fcr Reisen in die USA. Achtung: Wenn Sie neben dem Handgep\u00e4ck auch Aufgabegep\u00e4ck mitnehmen m\u00f6chten, k\u00f6nnen je nach Fluggesellschaft zus\u00e4tzlich zum Preis weitere Geb\u00fchren anfallen.<\/p>\n","protected":false},"excerpt":{"rendered":"<p>Die Vorbereitung einer Reise nach \u00dcbersee bedeutet, Zeit und Organisation zu investieren und einen Antrag auf Genehmigung zu stellen. Die Einf\u00fchrung des Visa Waiver Program hat die Vorgehensweise bei einer Reise in die USA erheblich ver\u00e4ndert. Denn Staatsangeh\u00f6rige aus L\u00e4ndern, die am Visa Waiver Program (VWP) teilnehmen, m\u00fcssen f\u00fcr einen Kurzaufenthalt in den USA, f\u00fcr &#8230; <a title=\"Welches Flugticket in die USA mit Ihrem ESTA\" class=\"read-more\" href=\"https:\/\/esta-etats-unis.net\/de\/welches-flugticket-in-die-usa-mit-ihrem-esta\/\" aria-label=\"Mehr Informationen \u00fcber Welches Flugticket in die USA mit Ihrem ESTA\">Weiterlesen<\/a><\/p>\n","protected":false},"author":1,"featured_media":0,"parent":0,"menu_order":0,"comment_status":"closed","ping_status":"closed","template":"","meta":{"footnotes":""},"class_list":["post-486","page","type-page","status-publish"],"yoast_head":"<!-- This site is optimized with the Yoast SEO plugin v26.2 - https:\/\/yoast.com\/wordpress\/plugins\/seo\/ -->\n<title>Flugticket in die USA mit ESTA<\/title>\n<meta name=\"description\" content=\"Um in die USA zu reisen, ben\u00f6tigen Sie einen Reisepass, eine ESTA-Genehmigung und ein Hin- und R\u00fcckflugticket.\" \/>\n<meta name=\"robots\" content=\"index, follow, max-snippet:-1, max-image-preview:large, max-video-preview:-1\" \/>\n<link rel=\"canonical\" href=\"https:\/\/esta-etats-unis.net\/de\/welches-flugticket-in-die-usa-mit-ihrem-esta\/\" \/>\n<meta property=\"og:locale\" content=\"de_DE\" \/>\n<meta property=\"og:type\" content=\"article\" \/>\n<meta property=\"og:title\" content=\"Flugticket in die USA mit ESTA\" \/>\n<meta property=\"og:description\" content=\"Um in die USA zu reisen, ben\u00f6tigen Sie einen Reisepass, eine ESTA-Genehmigung und ein Hin- und R\u00fcckflugticket.\" \/>\n<meta property=\"og:url\" content=\"https:\/\/esta-etats-unis.net\/de\/welches-flugticket-in-die-usa-mit-ihrem-esta\/\" \/>\n<meta property=\"og:site_name\" content=\"Organisieren Sie Ihre Reise in die Vereinigten Staaten\" \/>\n<meta property=\"article:modified_time\" content=\"2024-10-11T09:45:30+00:00\" \/>\n<meta name=\"twitter:label1\" content=\"Gesch\u00e4tzte Lesezeit\" \/>\n\t<meta name=\"twitter:data1\" content=\"4\u00a0Minuten\" \/>\n<script type=\"application\/ld+json\" class=\"yoast-schema-graph\">{\"@context\":\"https:\/\/schema.org\",\"@graph\":[{\"@type\":\"WebPage\",\"@id\":\"https:\/\/esta-etats-unis.net\/de\/welches-flugticket-in-die-usa-mit-ihrem-esta\/\",\"url\":\"https:\/\/esta-etats-unis.net\/de\/welches-flugticket-in-die-usa-mit-ihrem-esta\/\",\"name\":\"Flugticket in die USA mit ESTA\",\"isPartOf\":{\"@id\":\"https:\/\/esta-etats-unis.net\/de\/#website\"},\"datePublished\":\"2014-11-17T21:12:34+00:00\",\"dateModified\":\"2024-10-11T09:45:30+00:00\",\"description\":\"Um in die USA zu reisen, ben\u00f6tigen Sie einen Reisepass, eine ESTA-Genehmigung und ein Hin- und R\u00fcckflugticket.\",\"inLanguage\":\"de\",\"potentialAction\":[{\"@type\":\"ReadAction\",\"target\":[\"https:\/\/esta-etats-unis.net\/de\/welches-flugticket-in-die-usa-mit-ihrem-esta\/\"]}]},{\"@type\":\"WebSite\",\"@id\":\"https:\/\/esta-etats-unis.net\/de\/#website\",\"url\":\"https:\/\/esta-etats-unis.net\/de\/\",\"name\":\"Organisieren Sie Ihre Reise in die Vereinigten Staaten\",\"description\":\"\",\"potentialAction\":[{\"@type\":\"SearchAction\",\"target\":{\"@type\":\"EntryPoint\",\"urlTemplate\":\"https:\/\/esta-etats-unis.net\/de\/?s={search_term_string}\"},\"query-input\":{\"@type\":\"PropertyValueSpecification\",\"valueRequired\":true,\"valueName\":\"search_term_string\"}}],\"inLanguage\":\"de\"}]}<\/script>\n<!-- \/ Yoast SEO plugin. -->","yoast_head_json":{"title":"Flugticket in die USA mit ESTA","description":"Um in die USA zu reisen, ben\u00f6tigen Sie einen Reisepass, eine ESTA-Genehmigung und ein Hin- und R\u00fcckflugticket.","robots":{"index":"index","follow":"follow","max-snippet":"max-snippet:-1","max-image-preview":"max-image-preview:large","max-video-preview":"max-video-preview:-1"},"canonical":"https:\/\/esta-etats-unis.net\/de\/welches-flugticket-in-die-usa-mit-ihrem-esta\/","og_locale":"de_DE","og_type":"article","og_title":"Flugticket in die USA mit ESTA","og_description":"Um in die USA zu reisen, ben\u00f6tigen Sie einen Reisepass, eine ESTA-Genehmigung und ein Hin- und R\u00fcckflugticket.","og_url":"https:\/\/esta-etats-unis.net\/de\/welches-flugticket-in-die-usa-mit-ihrem-esta\/","og_site_name":"Organisieren Sie Ihre Reise in die Vereinigten Staaten","article_modified_time":"2024-10-11T09:45:30+00:00","twitter_misc":{"Gesch\u00e4tzte Lesezeit":"4\u00a0Minuten"},"schema":{"@context":"https:\/\/schema.org","@graph":[{"@type":"WebPage","@id":"https:\/\/esta-etats-unis.net\/de\/welches-flugticket-in-die-usa-mit-ihrem-esta\/","url":"https:\/\/esta-etats-unis.net\/de\/welches-flugticket-in-die-usa-mit-ihrem-esta\/","name":"Flugticket in die USA mit ESTA","isPartOf":{"@id":"https:\/\/esta-etats-unis.net\/de\/#website"},"datePublished":"2014-11-17T21:12:34+00:00","dateModified":"2024-10-11T09:45:30+00:00","description":"Um in die USA zu reisen, ben\u00f6tigen Sie einen Reisepass, eine ESTA-Genehmigung und ein Hin- und R\u00fcckflugticket.","inLanguage":"de","potentialAction":[{"@type":"ReadAction","target":["https:\/\/esta-etats-unis.net\/de\/welches-flugticket-in-die-usa-mit-ihrem-esta\/"]}]},{"@type":"WebSite","@id":"https:\/\/esta-etats-unis.net\/de\/#website","url":"https:\/\/esta-etats-unis.net\/de\/","name":"Organisieren Sie Ihre Reise in die Vereinigten Staaten","description":"","potentialAction":[{"@type":"SearchAction","target":{"@type":"EntryPoint","urlTemplate":"https:\/\/esta-etats-unis.net\/de\/?s={search_term_string}"},"query-input":{"@type":"PropertyValueSpecification","valueRequired":true,"valueName":"search_term_string"}}],"inLanguage":"de"}]}},"_links":{"self":[{"href":"https:\/\/esta-etats-unis.net\/de\/wp-json\/wp\/v2\/pages\/486","targetHints":{"allow":["GET"]}}],"collection":[{"href":"https:\/\/esta-etats-unis.net\/de\/wp-json\/wp\/v2\/pages"}],"about":[{"href":"https:\/\/esta-etats-unis.net\/de\/wp-json\/wp\/v2\/types\/page"}],"author":[{"embeddable":true,"href":"https:\/\/esta-etats-unis.net\/de\/wp-json\/wp\/v2\/users\/1"}],"replies":[{"embeddable":true,"href":"https:\/\/esta-etats-unis.net\/de\/wp-json\/wp\/v2\/comments?post=486"}],"version-history":[{"count":4,"href":"https:\/\/esta-etats-unis.net\/de\/wp-json\/wp\/v2\/pages\/486\/revisions"}],"predecessor-version":[{"id":894,"href":"https:\/\/esta-etats-unis.net\/de\/wp-json\/wp\/v2\/pages\/486\/revisions\/894"}],"wp:attachment":[{"href":"https:\/\/esta-etats-unis.net\/de\/wp-json\/wp\/v2\/media?parent=486"}],"curies":[{"name":"wp","href":"https:\/\/api.w.org\/{rel}","templated":true}]}}