{"id":482,"date":"2014-11-17T22:19:18","date_gmt":"2014-11-17T21:19:18","guid":{"rendered":"https:\/\/esta-etats-unis.net\/warum-sollte-man-vor-einer-reise-in-die-usa-einen-esta-antrag-stellen\/"},"modified":"2024-10-11T08:42:23","modified_gmt":"2024-10-11T07:42:23","slug":"warum-sollte-man-vor-einer-reise-in-die-usa-einen-esta-antrag-stellen","status":"publish","type":"page","link":"https:\/\/esta-etats-unis.net\/de\/warum-sollte-man-vor-einer-reise-in-die-usa-einen-esta-antrag-stellen\/","title":{"rendered":"Warum sollte man vor einer Reise in die USA einen ESTA-Antrag stellen?"},"content":{"rendered":"\n<p><span style=\"font-weight: 400;\">Die ESTA-Reisegenehmigung ist f\u00fcr alle Reisenden erforderlich, die die USA als Touristen, Gesch\u00e4ftsreisende oder Transitreisende betreten m\u00f6chten. Diese <a href=\"https:\/\/esta-etats-unis.net\/de\/esta-formalitaeten-fuer-eine-reise-in-die-usa\/\">Formalit\u00e4t f\u00fcr die Einreise in die USA<\/a> ist zwingend erforderlich, um in die USA zu reisen. Auch Kinder m\u00fcssen im Besitz eines ESTA sein (der Antrag wird von den Eltern gestellt), um in die USA reisen zu k\u00f6nnen. Diese Art der Genehmigung erlaubt nur einen Aufenthalt von bis zu 90 Tagen. Wer ein Praktikum oder Studium plant oder eine Arbeit sucht, muss bei der US-Botschaft des Landes, in dem er lebt, ein <a href=\"https:\/\/esta-etats-unis.net\/de\/visum-oder-esta-fuer-reisen-in-die-usa\/\">US-Visum<\/a> beantragen.  <\/span><\/p>\n\n<p><span style=\"font-weight: 400;\">Sie m\u00fcssen Ihren ESTA-Antrag auf der Website der US-Regierung stellen. Bitte beachten Sie, dass Ihr ESTA-Antrag mindestens drei Tage vor Ihrer Abreise eingereicht werden muss. Es kann sein, dass Ihr Antrag zur\u00fcckgestellt wird. In diesem Fall haben die Beh\u00f6rden maximal 72 Stunden Zeit, um das endg\u00fcltige Ergebnis bekannt zu geben.<\/span><\/p>\n\n<h2 class=\"wp-block-heading\">Wer kann einen Antrag auf ESTA-Genehmigung stellen?<\/h2>\n\n<p><span style=\"font-weight: 400;\">Bevor Sie eine elektronische Reisegenehmigung \u00fcber das Internet beantragen, sollten Sie sich zun\u00e4chst vergewissern, dass Sie f\u00fcr das ESTA-Dokument berechtigt sind. Um sich zu qualifizieren, m\u00fcssen Sie einen g\u00fcltigen <a href=\"https:\/\/esta-etats-unis.net\/de\/welchen-reisepass-muss-man-besitzen-um-ein-esta-oder-ein-visum-zu-beantragen\/\">Reisepass<\/a> besitzen. Es ist wichtig zu wissen, dass Sie mit dieser Genehmigung nur einen Aufenthalt von maximal 90 Tagen haben und nur eine Touristen-, Gesch\u00e4fts- oder Transitreise unternehmen d\u00fcrfen. Sie d\u00fcrfen auf keinen Fall mit einem ESTA auf US-amerikanischem Boden arbeiten, da Ihre Anwesenheit in diesem Fall als illegal betrachtet wird. Nachdem Sie Ihre ESTA-Genehmigung erhalten haben, k\u00f6nnen Sie zwei Jahre lang in die USA einreisen und wieder ausreisen.<\/span><\/p>\n\n<p><span style=\"font-weight: 400;\">Das <a href=\"https:\/\/esta-etats-unis.net\/de\/wie-sieht-das-esta-formular-aus\/\">ESTA-Dokument<\/a> ist also zwei Jahre lang g\u00fcltig, es sei denn, der Reisepass l\u00e4uft vorher ab. Alle Personen, die in einem Land leben, das am Visa Waiver Program (VWP) teilnimmt, k\u00f6nnen einen ESTA-Antrag stellen. Hier ist eine Liste der L\u00e4nder, die an diesem Programm teilnehmen :<\/span><\/p>\n\n<p><span style=\"font-weight: 400;\">Andorra, Australien, Belgien, Brunei, Chile, D\u00e4nemark, Deutschland, Estland, Finnland, Frankreich, Griechenland, Gro\u00dfbritannien, Irland, Island, Israel, Italien, Japan, Kroatien, Niederlande, Lettland, Liechtenstein, Litauen, Luxemburg, Malta, Monaco, Neuseeland, Norwegen, \u00d6sterreich, Polen, Portugal, San Marino, Schweden, Schweiz, Singapur, Slowakei, Slowenien, Spanien, S\u00fcdkorea, Taiwan, Tschechische Republik, Ungarn und Vereinigtes K\u00f6nigreich.<\/span><\/p>\n\n<h2 class=\"wp-block-heading\"><span style=\"font-weight: 400;\">Wie stelle ich einen ESTA-Antrag?<\/span><\/h2>\n\n<p><span style=\"font-weight: 400;\">Um einen ESTA-Antrag zu stellen, haben Sie hinsichtlich des auszuf\u00fcllenden Online-Formulars zwei M\u00f6glichkeiten: den ESTA-Antrag auf der offiziellen Website der US-Regierung oder auf einer privaten Website, die zus\u00e4tzliche Dienstleistungen anbietet. In beiden F\u00e4llen ben\u00f6tigen Sie einen g\u00fcltigen Reisepass, um die Passnummer anzugeben, und eine Kreditkarte, um den Kauf zu best\u00e4tigen. Die Verwaltungskosten betragen 21 $ auf der offiziellen ESTA-Website seit 2022. Ihre Bewerbung muss mindestens 72 Stunden vor der Abreise erfolgen, aber wir empfehlen Ihnen, dies zu tun, sobald Sie sich entscheiden, einen Aufenthalt in den USA zu planen.<\/span><\/p>\n\n<p><span style=\"font-weight: 400;\">Wenn Sie \u00fcber die offizielle Website gehen, achten Sie darauf, jede \u00fcbermittelte pers\u00f6nliche Information genau zu \u00fcberpr\u00fcfen. Ein einfacher Fehler im <a href=\"https:\/\/formulaire-esta.com\">ESTA-Formular<\/a> gen\u00fcgt, um von den US-Beh\u00f6rden eine Ablehnung zu erhalten. Das Formular besteht aus drei Schritten. In diesen verschiedenen Phasen sammelt die US-Regierung Daten \u00fcber Ihre Person, Ihre Beweggr\u00fcnde f\u00fcr die Reise in die USA und Ihre rechtliche und medizinische Vorgeschichte.<\/span><\/p>\n\n<p><span style=\"font-weight: 400;\">Weil das Fehlerrisiko so hoch ist, bieten private Websites ihre Dienste an. Sie f\u00fcllen ein vereinfachtes Formular aus und Fachleute \u00fcbernehmen nach \u00dcberpr\u00fcfung der Daten die \u00dcbermittlung Ihrer pers\u00f6nlichen Informationen.<\/span><\/p>\n\n<p><span style=\"font-weight: 400;\">Die Ausstellung des Dokuments erfolgt in der Regel innerhalb von 72 Stunden nach der Online-Beantragung. Mit Ihrem ESTA k\u00f6nnen Sie mehrmals <a href=\"https:\/\/www.cgmna.org\/\">in die USA reisen<\/a>, f\u00fcr maximal 90 Tage innerhalb eines Zeitraums von maximal zwei Jahren.<\/span><\/p>\n\n<h2 class=\"wp-block-heading\"><span style=\"font-weight: 400;\">In welchen F\u00e4llen kann ein ESTA-Antrag abgelehnt werden?<\/span><\/h2>\n\n<p><span style=\"font-weight: 400;\">Es gibt viele Gr\u00fcnde, die dazu f\u00fchren k\u00f6nnen, dass Ihr ESTA-Antrag abgelehnt wird. Der h\u00e4ufigste Grund ist die Nicht\u00fcbereinstimmung von Informationen, d.h. die pers\u00f6nlichen Informationen im Reisepass und die im ESTA-Formular eingereichten Informationen stimmen nicht vollst\u00e4ndig \u00fcberein. Es ist wichtig, daran zu erinnern, dass die Informationen, die den US-Beh\u00f6rden zur Verf\u00fcgung gestellt werden, wahrheitsgem\u00e4\u00df und aktuell sein m\u00fcssen.<\/span><\/p>\n\n<p><span style=\"font-weight: 400;\">Grunds\u00e4tzlich erfolgt die Ablehnung automatisch, wenn der Reisende eine wichtige rechtliche oder medizinische Vorgeschichte hat, sein Reisepass abgelaufen ist oder die betreffende Person nicht aus einem Land stammt, das am Programm f\u00fcr visumfreies Reisen (VWP) teilnimmt.  <\/span><\/p>\n\n<p><span style=\"font-weight: 400;\">Wenn Ihr ESTA-Antrag abgelehnt wird, brauchen Sie sich keine Sorgen zu machen, denn Sie k\u00f6nnen Ihre Reisepl\u00e4ne trotzdem weiterverfolgen. Sie m\u00fcssen einfach mehr Geduld haben und in Erw\u00e4gung ziehen, ein <a href=\"https:\/\/esta-etats-unis.net\/de\/wie-beantrage-ich-ein-visum-bei-der-us-botschaft\/\">Visum bei der amerikanischen Botschaft zu beantragen<\/a>. Je nach Art Ihrer Reise in die USA gibt es verschiedene Visa: Touristenvisum, Studienvisum oder auch Arbeitsvisum.  <\/span><\/p>\n","protected":false},"excerpt":{"rendered":"<p>Die ESTA-Reisegenehmigung ist f\u00fcr alle Reisenden erforderlich, die die USA als Touristen, Gesch\u00e4ftsreisende oder Transitreisende betreten m\u00f6chten. Diese Formalit\u00e4t f\u00fcr die Einreise in die USA ist zwingend erforderlich, um in die USA zu reisen. Auch Kinder m\u00fcssen im Besitz eines ESTA sein (der Antrag wird von den Eltern gestellt), um in die USA reisen zu &#8230; <a title=\"Warum sollte man vor einer Reise in die USA einen ESTA-Antrag stellen?\" class=\"read-more\" href=\"https:\/\/esta-etats-unis.net\/de\/warum-sollte-man-vor-einer-reise-in-die-usa-einen-esta-antrag-stellen\/\" aria-label=\"Mehr Informationen \u00fcber Warum sollte man vor einer Reise in die USA einen ESTA-Antrag stellen?\">Weiterlesen<\/a><\/p>\n","protected":false},"author":1,"featured_media":0,"parent":0,"menu_order":0,"comment_status":"closed","ping_status":"closed","template":"","meta":{"footnotes":""},"class_list":["post-482","page","type-page","status-publish"],"yoast_head":"<!-- This site is optimized with the Yoast SEO plugin v26.2 - https:\/\/yoast.com\/wordpress\/plugins\/seo\/ -->\n<title>Warum sollte man vor einer Reise in die USA einen ESTA-Antrag stellen?<\/title>\n<meta name=\"description\" content=\"ESTA, wozu dient es, wer hat Anspruch darauf und warum muss es beantragt werden? Alle Antworten finden Sie in diesem Artikel \u00fcber die Beantragung von ESTA.\" \/>\n<meta name=\"robots\" content=\"index, follow, max-snippet:-1, max-image-preview:large, max-video-preview:-1\" \/>\n<link rel=\"canonical\" href=\"https:\/\/esta-etats-unis.net\/de\/warum-sollte-man-vor-einer-reise-in-die-usa-einen-esta-antrag-stellen\/\" \/>\n<meta property=\"og:locale\" content=\"de_DE\" \/>\n<meta property=\"og:type\" content=\"article\" \/>\n<meta property=\"og:title\" content=\"Warum sollte man vor einer Reise in die USA einen ESTA-Antrag stellen?\" \/>\n<meta property=\"og:description\" content=\"ESTA, wozu dient es, wer hat Anspruch darauf und warum muss es beantragt werden? Alle Antworten finden Sie in diesem Artikel \u00fcber die Beantragung von ESTA.\" \/>\n<meta property=\"og:url\" content=\"https:\/\/esta-etats-unis.net\/de\/warum-sollte-man-vor-einer-reise-in-die-usa-einen-esta-antrag-stellen\/\" \/>\n<meta property=\"og:site_name\" content=\"Organisieren Sie Ihre Reise in die Vereinigten Staaten\" \/>\n<meta property=\"article:modified_time\" content=\"2024-10-11T07:42:23+00:00\" \/>\n<meta name=\"twitter:label1\" content=\"Gesch\u00e4tzte Lesezeit\" \/>\n\t<meta name=\"twitter:data1\" content=\"4\u00a0Minuten\" \/>\n<script type=\"application\/ld+json\" class=\"yoast-schema-graph\">{\"@context\":\"https:\/\/schema.org\",\"@graph\":[{\"@type\":\"WebPage\",\"@id\":\"https:\/\/esta-etats-unis.net\/de\/warum-sollte-man-vor-einer-reise-in-die-usa-einen-esta-antrag-stellen\/\",\"url\":\"https:\/\/esta-etats-unis.net\/de\/warum-sollte-man-vor-einer-reise-in-die-usa-einen-esta-antrag-stellen\/\",\"name\":\"Warum sollte man vor einer Reise in die USA einen ESTA-Antrag stellen?\",\"isPartOf\":{\"@id\":\"https:\/\/esta-etats-unis.net\/de\/#website\"},\"datePublished\":\"2014-11-17T21:19:18+00:00\",\"dateModified\":\"2024-10-11T07:42:23+00:00\",\"description\":\"ESTA, wozu dient es, wer hat Anspruch darauf und warum muss es beantragt werden? Alle Antworten finden Sie in diesem Artikel \u00fcber die Beantragung von ESTA.\",\"inLanguage\":\"de\",\"potentialAction\":[{\"@type\":\"ReadAction\",\"target\":[\"https:\/\/esta-etats-unis.net\/de\/warum-sollte-man-vor-einer-reise-in-die-usa-einen-esta-antrag-stellen\/\"]}]},{\"@type\":\"WebSite\",\"@id\":\"https:\/\/esta-etats-unis.net\/de\/#website\",\"url\":\"https:\/\/esta-etats-unis.net\/de\/\",\"name\":\"Organisieren Sie Ihre Reise in die Vereinigten Staaten\",\"description\":\"\",\"potentialAction\":[{\"@type\":\"SearchAction\",\"target\":{\"@type\":\"EntryPoint\",\"urlTemplate\":\"https:\/\/esta-etats-unis.net\/de\/?s={search_term_string}\"},\"query-input\":{\"@type\":\"PropertyValueSpecification\",\"valueRequired\":true,\"valueName\":\"search_term_string\"}}],\"inLanguage\":\"de\"}]}<\/script>\n<!-- \/ Yoast SEO plugin. -->","yoast_head_json":{"title":"Warum sollte man vor einer Reise in die USA einen ESTA-Antrag stellen?","description":"ESTA, wozu dient es, wer hat Anspruch darauf und warum muss es beantragt werden? Alle Antworten finden Sie in diesem Artikel \u00fcber die Beantragung von ESTA.","robots":{"index":"index","follow":"follow","max-snippet":"max-snippet:-1","max-image-preview":"max-image-preview:large","max-video-preview":"max-video-preview:-1"},"canonical":"https:\/\/esta-etats-unis.net\/de\/warum-sollte-man-vor-einer-reise-in-die-usa-einen-esta-antrag-stellen\/","og_locale":"de_DE","og_type":"article","og_title":"Warum sollte man vor einer Reise in die USA einen ESTA-Antrag stellen?","og_description":"ESTA, wozu dient es, wer hat Anspruch darauf und warum muss es beantragt werden? Alle Antworten finden Sie in diesem Artikel \u00fcber die Beantragung von ESTA.","og_url":"https:\/\/esta-etats-unis.net\/de\/warum-sollte-man-vor-einer-reise-in-die-usa-einen-esta-antrag-stellen\/","og_site_name":"Organisieren Sie Ihre Reise in die Vereinigten Staaten","article_modified_time":"2024-10-11T07:42:23+00:00","twitter_misc":{"Gesch\u00e4tzte Lesezeit":"4\u00a0Minuten"},"schema":{"@context":"https:\/\/schema.org","@graph":[{"@type":"WebPage","@id":"https:\/\/esta-etats-unis.net\/de\/warum-sollte-man-vor-einer-reise-in-die-usa-einen-esta-antrag-stellen\/","url":"https:\/\/esta-etats-unis.net\/de\/warum-sollte-man-vor-einer-reise-in-die-usa-einen-esta-antrag-stellen\/","name":"Warum sollte man vor einer Reise in die USA einen ESTA-Antrag stellen?","isPartOf":{"@id":"https:\/\/esta-etats-unis.net\/de\/#website"},"datePublished":"2014-11-17T21:19:18+00:00","dateModified":"2024-10-11T07:42:23+00:00","description":"ESTA, wozu dient es, wer hat Anspruch darauf und warum muss es beantragt werden? Alle Antworten finden Sie in diesem Artikel \u00fcber die Beantragung von ESTA.","inLanguage":"de","potentialAction":[{"@type":"ReadAction","target":["https:\/\/esta-etats-unis.net\/de\/warum-sollte-man-vor-einer-reise-in-die-usa-einen-esta-antrag-stellen\/"]}]},{"@type":"WebSite","@id":"https:\/\/esta-etats-unis.net\/de\/#website","url":"https:\/\/esta-etats-unis.net\/de\/","name":"Organisieren Sie Ihre Reise in die Vereinigten Staaten","description":"","potentialAction":[{"@type":"SearchAction","target":{"@type":"EntryPoint","urlTemplate":"https:\/\/esta-etats-unis.net\/de\/?s={search_term_string}"},"query-input":{"@type":"PropertyValueSpecification","valueRequired":true,"valueName":"search_term_string"}}],"inLanguage":"de"}]}},"_links":{"self":[{"href":"https:\/\/esta-etats-unis.net\/de\/wp-json\/wp\/v2\/pages\/482","targetHints":{"allow":["GET"]}}],"collection":[{"href":"https:\/\/esta-etats-unis.net\/de\/wp-json\/wp\/v2\/pages"}],"about":[{"href":"https:\/\/esta-etats-unis.net\/de\/wp-json\/wp\/v2\/types\/page"}],"author":[{"embeddable":true,"href":"https:\/\/esta-etats-unis.net\/de\/wp-json\/wp\/v2\/users\/1"}],"replies":[{"embeddable":true,"href":"https:\/\/esta-etats-unis.net\/de\/wp-json\/wp\/v2\/comments?post=482"}],"version-history":[{"count":5,"href":"https:\/\/esta-etats-unis.net\/de\/wp-json\/wp\/v2\/pages\/482\/revisions"}],"predecessor-version":[{"id":889,"href":"https:\/\/esta-etats-unis.net\/de\/wp-json\/wp\/v2\/pages\/482\/revisions\/889"}],"wp:attachment":[{"href":"https:\/\/esta-etats-unis.net\/de\/wp-json\/wp\/v2\/media?parent=482"}],"curies":[{"name":"wp","href":"https:\/\/api.w.org\/{rel}","templated":true}]}}