{"id":471,"date":"2014-11-17T22:10:00","date_gmt":"2014-11-17T21:10:00","guid":{"rendered":"https:\/\/esta-etats-unis.net\/ist-ein-usa-visum-erforderlich-um-die-usa-zu-besuchen\/"},"modified":"2024-10-11T08:27:29","modified_gmt":"2024-10-11T07:27:29","slug":"ist-ein-usa-visum-erforderlich-um-die-usa-zu-besuchen","status":"publish","type":"page","link":"https:\/\/esta-etats-unis.net\/de\/ist-ein-usa-visum-erforderlich-um-die-usa-zu-besuchen\/","title":{"rendered":"Ist ein USA-Visum erforderlich, um die USA zu besuchen?"},"content":{"rendered":"\n<p>Das Verfahren f\u00fcr Reisen in die USA hat sich seit der Einf\u00fchrung des Programms f\u00fcr visumfreies Reisen (Visa Waiver Program) durch die US-Regierung und der Einf\u00fchrung des elektronischen Reisegenehmigungssystems <a href=\"https:\/\/esta-etats-unis.net\/de\/esta-formalitaet-fuer-ihre-reise-in-die-usa\/\">ESTA<\/a> stark ver\u00e4ndert.  <\/p>\n\n<p>Um die Frage &#8222;Brauche ich ein US-Visum, um in die USA zu reisen?&#8220; zu beantworten, muss sich der Reisende also vor allem dar\u00fcber informieren, wie es in seinem Heimatland um das Programm bestellt ist. Die Staatsangeh\u00f6rigen der Staaten, die an diesem Programm teilnehmen, haben derzeit einen privilegierten Zugang zum amerikanischen Territorium im Rahmen einer Reise mit ESTA und somit ohne Visum. Um dieses Angebot in Anspruch nehmen zu k\u00f6nnen, muss der Reisende alle Voraussetzungen erf\u00fcllen, einschlie\u00dflich der Berechtigung zur visumfreien Einreise: Aufenthalt von weniger als 90 Tagen, biometrischer oder elektronischer Reisepass, Einholung der ESTA-Genehmigung vor der Abreise, Besitz eines R\u00fcckflugtickets, das die tats\u00e4chliche Absicht belegt, das Land vor Ablauf der 90 Tage zu verlassen. <\/p>\n\n<h2 class=\"wp-block-heading\">Informationen zu ESTA<\/h2>\n\n<p>Um ein ESTA zu erhalten, muss man ein <a href=\"https:\/\/esta-etats-unis.net\/de\/wie-sieht-das-esta-formular-aus\/\">Online-Formular<\/a> ausf\u00fcllen, mit dem man in die USA reisen kann. Die M\u00f6glichkeit, in die USA zu reisen, h\u00e4ngt also davon ab, ob du diese Aufenthaltsgenehmigung erh\u00e4ltst oder nicht. Dieses System wurde eingef\u00fchrt, um die Sicherheitsma\u00dfnahmen des Landes, der Amerikaner und der Besucher zu verst\u00e4rken. Eine <a href=\"https:\/\/esta-etats-unis.net\/de\/wie-man-das-esta-formular-richtig-ausfuellt\/\">ESTA-Genehmigung<\/a> erm\u00f6glicht die Vorabkontrolle von Ausl\u00e4ndern, die einen Aufenthalt oder eine Durchreise planen, und verhindert die Einreise oder das Eindringen von Personen mit b\u00f6sen Absichten oder solchen, die die Gesundheit und\/oder die innere Sicherheit gef\u00e4hrden k\u00f6nnten.<\/p>\n\n<p>Die im Formular geforderten Informationen k\u00f6nnen in drei Teile gegliedert werden: Der erste Teil betrifft die Identit\u00e4t des Reisenden mit Angaben zum Reisepass; der zweite Teil betrifft den k\u00f6rperlichen und geistigen Gesundheitszustand; der dritte Teil bezieht sich auf die Reisepl\u00e4ne wie den Grund oder den Aufenthaltsort w\u00e4hrend der Reise in die USA. Um bewilligt zu werden, muss das ESTA-Formular korrekt ausgef\u00fcllt werden. Eine ausgestellte Genehmigung ist f\u00fcr einen Gesamtaufenthalt von 90 Tagen und f\u00fcr mehrere Einreisen 2 Jahre lang oder bis zum Ablauf der G\u00fcltigkeitsdauer des Reisepasses g\u00fcltig. Da ESTA an die Reisepassnummer gebunden ist, m\u00fcssen Sie Ihren Antrag auf Genehmigung unbedingt erneuern, wenn Sie einen neuen Reisepass besitzen.<\/p>\n\n<h2 class=\"wp-block-heading\">F\u00e4lle, in denen ein Visum f\u00fcr die Einreise in die USA erforderlich ist<\/h2>\n\n<p>Ein Visum f\u00fcr die USA ist f\u00fcr alle L\u00e4nder erforderlich, die nicht am <a href=\"https:\/\/www.dhs.gov\/visa-waiver-program\">Visa Waiver Program<\/a> teilnehmen, unabh\u00e4ngig vom Grund der Reise oder der Dauer des Aufenthalts. F\u00fcr Staatsangeh\u00f6rige der Programml\u00e4nder hingegen ist die Situation je nach Aufenthaltsdauer und Grund unterschiedlich.<\/p>\n\n<p>Ein Visum ist n\u00e4mlich erforderlich, wenn die Reise l\u00e4nger als 90 Tage dauert oder wenn es sich nicht um eine Gesch\u00e4fts-, Tourismus- oder Transitreise handelt. Wenn Sie beispielsweise sechs Monate in den USA bleiben, einen Beruf auf amerikanischem Boden aus\u00fcben oder an einer Universit\u00e4t studieren m\u00f6chten, m\u00fcssen Sie bei der amerikanischen Botschaft ein Visum beantragen. Dar\u00fcber hinaus muss auch ein B\u00fcrger, der normalerweise von der Visumpflicht befreit ist und dem die US-Beh\u00f6rden das ESTA verweigert haben, ein Visum beantragen.<\/p>\n\n<h2 class=\"wp-block-heading\">Wie erhalte ich ein ESTA, um in die USA zu reisen?<\/h2>\n\n<p>Wenn man aus einem Land kommt, das am Visa Waiver Program teilnimmt, kann man unter bestimmten Bedingungen von einer visumfreien Reise in die USA profitieren. Die wichtigste Voraussetzung ist der Erhalt eines ESTA. Um dieses Reisedokument zu erwerben, m\u00fcssen Sie auf der offiziellen Website der US-Regierung einen Antrag stellen. Der <a href=\"https:\/\/demande-esta.com\/\">ESTA-Antrag<\/a> muss mindestens 72 Stunden vor dem geplanten Abflugdatum korrekt ausgef\u00fcllt werden. Die Dauer des Aufenthalts, der entweder gesch\u00e4ftlich, touristisch oder zur Durchreise sein kann, darf 90 Tage nicht \u00fcberschreiten. Die andere Anforderung betrifft den Reisepass, dieser muss biometrisch oder elektronisch sein.<\/p>\n\n<p>Nehmen Sie Ihren Reisepass und Ihre Kreditkarte mit, um den ESTA-Antrag zu bezahlen, und gehen Sie zu einer der Websites, die die Genehmigung f\u00fcr Sie beantragen.<\/p>\n","protected":false},"excerpt":{"rendered":"<p>Das Verfahren f\u00fcr Reisen in die USA hat sich seit der Einf\u00fchrung des Programms f\u00fcr visumfreies Reisen (Visa Waiver Program) durch die US-Regierung und der Einf\u00fchrung des elektronischen Reisegenehmigungssystems ESTA stark ver\u00e4ndert. Um die Frage &#8222;Brauche ich ein US-Visum, um in die USA zu reisen?&#8220; zu beantworten, muss sich der Reisende also vor allem dar\u00fcber &#8230; <a title=\"Ist ein USA-Visum erforderlich, um die USA zu besuchen?\" class=\"read-more\" href=\"https:\/\/esta-etats-unis.net\/de\/ist-ein-usa-visum-erforderlich-um-die-usa-zu-besuchen\/\" aria-label=\"Mehr Informationen \u00fcber Ist ein USA-Visum erforderlich, um die USA zu besuchen?\">Weiterlesen<\/a><\/p>\n","protected":false},"author":1,"featured_media":0,"parent":0,"menu_order":0,"comment_status":"closed","ping_status":"closed","template":"","meta":{"footnotes":""},"class_list":["post-471","page","type-page","status-publish"],"yoast_head":"<!-- This site is optimized with the Yoast SEO plugin v26.2 - https:\/\/yoast.com\/wordpress\/plugins\/seo\/ -->\n<title>Ist ein USA-Visum erforderlich, um die USA zu besuchen?<\/title>\n<meta name=\"description\" content=\"Um in die USA zu reisen, brauchen Sie nicht unbedingt ein Visum, das ESTA kann Ihnen die Einreise in die USA erm\u00f6glichen.\" \/>\n<meta name=\"robots\" content=\"index, follow, max-snippet:-1, max-image-preview:large, max-video-preview:-1\" \/>\n<link rel=\"canonical\" href=\"https:\/\/esta-etats-unis.net\/de\/ist-ein-usa-visum-erforderlich-um-die-usa-zu-besuchen\/\" \/>\n<meta property=\"og:locale\" content=\"de_DE\" \/>\n<meta property=\"og:type\" content=\"article\" \/>\n<meta property=\"og:title\" content=\"Ist ein USA-Visum erforderlich, um die USA zu besuchen?\" \/>\n<meta property=\"og:description\" content=\"Um in die USA zu reisen, brauchen Sie nicht unbedingt ein Visum, das ESTA kann Ihnen die Einreise in die USA erm\u00f6glichen.\" \/>\n<meta property=\"og:url\" content=\"https:\/\/esta-etats-unis.net\/de\/ist-ein-usa-visum-erforderlich-um-die-usa-zu-besuchen\/\" \/>\n<meta property=\"og:site_name\" content=\"Organisieren Sie Ihre Reise in die Vereinigten Staaten\" \/>\n<meta property=\"article:modified_time\" content=\"2024-10-11T07:27:29+00:00\" \/>\n<meta name=\"twitter:label1\" content=\"Gesch\u00e4tzte Lesezeit\" \/>\n\t<meta name=\"twitter:data1\" content=\"3\u00a0Minuten\" \/>\n<script type=\"application\/ld+json\" class=\"yoast-schema-graph\">{\"@context\":\"https:\/\/schema.org\",\"@graph\":[{\"@type\":\"WebPage\",\"@id\":\"https:\/\/esta-etats-unis.net\/de\/ist-ein-usa-visum-erforderlich-um-die-usa-zu-besuchen\/\",\"url\":\"https:\/\/esta-etats-unis.net\/de\/ist-ein-usa-visum-erforderlich-um-die-usa-zu-besuchen\/\",\"name\":\"Ist ein USA-Visum erforderlich, um die USA zu besuchen?\",\"isPartOf\":{\"@id\":\"https:\/\/esta-etats-unis.net\/de\/#website\"},\"datePublished\":\"2014-11-17T21:10:00+00:00\",\"dateModified\":\"2024-10-11T07:27:29+00:00\",\"description\":\"Um in die USA zu reisen, brauchen Sie nicht unbedingt ein Visum, das ESTA kann Ihnen die Einreise in die USA erm\u00f6glichen.\",\"inLanguage\":\"de\",\"potentialAction\":[{\"@type\":\"ReadAction\",\"target\":[\"https:\/\/esta-etats-unis.net\/de\/ist-ein-usa-visum-erforderlich-um-die-usa-zu-besuchen\/\"]}]},{\"@type\":\"WebSite\",\"@id\":\"https:\/\/esta-etats-unis.net\/de\/#website\",\"url\":\"https:\/\/esta-etats-unis.net\/de\/\",\"name\":\"Organisieren Sie Ihre Reise in die Vereinigten Staaten\",\"description\":\"\",\"potentialAction\":[{\"@type\":\"SearchAction\",\"target\":{\"@type\":\"EntryPoint\",\"urlTemplate\":\"https:\/\/esta-etats-unis.net\/de\/?s={search_term_string}\"},\"query-input\":{\"@type\":\"PropertyValueSpecification\",\"valueRequired\":true,\"valueName\":\"search_term_string\"}}],\"inLanguage\":\"de\"}]}<\/script>\n<!-- \/ Yoast SEO plugin. -->","yoast_head_json":{"title":"Ist ein USA-Visum erforderlich, um die USA zu besuchen?","description":"Um in die USA zu reisen, brauchen Sie nicht unbedingt ein Visum, das ESTA kann Ihnen die Einreise in die USA erm\u00f6glichen.","robots":{"index":"index","follow":"follow","max-snippet":"max-snippet:-1","max-image-preview":"max-image-preview:large","max-video-preview":"max-video-preview:-1"},"canonical":"https:\/\/esta-etats-unis.net\/de\/ist-ein-usa-visum-erforderlich-um-die-usa-zu-besuchen\/","og_locale":"de_DE","og_type":"article","og_title":"Ist ein USA-Visum erforderlich, um die USA zu besuchen?","og_description":"Um in die USA zu reisen, brauchen Sie nicht unbedingt ein Visum, das ESTA kann Ihnen die Einreise in die USA erm\u00f6glichen.","og_url":"https:\/\/esta-etats-unis.net\/de\/ist-ein-usa-visum-erforderlich-um-die-usa-zu-besuchen\/","og_site_name":"Organisieren Sie Ihre Reise in die Vereinigten Staaten","article_modified_time":"2024-10-11T07:27:29+00:00","twitter_misc":{"Gesch\u00e4tzte Lesezeit":"3\u00a0Minuten"},"schema":{"@context":"https:\/\/schema.org","@graph":[{"@type":"WebPage","@id":"https:\/\/esta-etats-unis.net\/de\/ist-ein-usa-visum-erforderlich-um-die-usa-zu-besuchen\/","url":"https:\/\/esta-etats-unis.net\/de\/ist-ein-usa-visum-erforderlich-um-die-usa-zu-besuchen\/","name":"Ist ein USA-Visum erforderlich, um die USA zu besuchen?","isPartOf":{"@id":"https:\/\/esta-etats-unis.net\/de\/#website"},"datePublished":"2014-11-17T21:10:00+00:00","dateModified":"2024-10-11T07:27:29+00:00","description":"Um in die USA zu reisen, brauchen Sie nicht unbedingt ein Visum, das ESTA kann Ihnen die Einreise in die USA erm\u00f6glichen.","inLanguage":"de","potentialAction":[{"@type":"ReadAction","target":["https:\/\/esta-etats-unis.net\/de\/ist-ein-usa-visum-erforderlich-um-die-usa-zu-besuchen\/"]}]},{"@type":"WebSite","@id":"https:\/\/esta-etats-unis.net\/de\/#website","url":"https:\/\/esta-etats-unis.net\/de\/","name":"Organisieren Sie Ihre Reise in die Vereinigten Staaten","description":"","potentialAction":[{"@type":"SearchAction","target":{"@type":"EntryPoint","urlTemplate":"https:\/\/esta-etats-unis.net\/de\/?s={search_term_string}"},"query-input":{"@type":"PropertyValueSpecification","valueRequired":true,"valueName":"search_term_string"}}],"inLanguage":"de"}]}},"_links":{"self":[{"href":"https:\/\/esta-etats-unis.net\/de\/wp-json\/wp\/v2\/pages\/471","targetHints":{"allow":["GET"]}}],"collection":[{"href":"https:\/\/esta-etats-unis.net\/de\/wp-json\/wp\/v2\/pages"}],"about":[{"href":"https:\/\/esta-etats-unis.net\/de\/wp-json\/wp\/v2\/types\/page"}],"author":[{"embeddable":true,"href":"https:\/\/esta-etats-unis.net\/de\/wp-json\/wp\/v2\/users\/1"}],"replies":[{"embeddable":true,"href":"https:\/\/esta-etats-unis.net\/de\/wp-json\/wp\/v2\/comments?post=471"}],"version-history":[{"count":5,"href":"https:\/\/esta-etats-unis.net\/de\/wp-json\/wp\/v2\/pages\/471\/revisions"}],"predecessor-version":[{"id":877,"href":"https:\/\/esta-etats-unis.net\/de\/wp-json\/wp\/v2\/pages\/471\/revisions\/877"}],"wp:attachment":[{"href":"https:\/\/esta-etats-unis.net\/de\/wp-json\/wp\/v2\/media?parent=471"}],"curies":[{"name":"wp","href":"https:\/\/api.w.org\/{rel}","templated":true}]}}