{"id":467,"date":"2014-11-17T22:18:06","date_gmt":"2014-11-17T21:18:06","guid":{"rendered":"https:\/\/esta-etats-unis.net\/esta-online-fuer-eine-genehmigung-im-eilverfahren\/"},"modified":"2024-10-11T08:22:19","modified_gmt":"2024-10-11T07:22:19","slug":"esta-online-fuer-eine-genehmigung-im-eilverfahren","status":"publish","type":"page","link":"https:\/\/esta-etats-unis.net\/de\/esta-online-fuer-eine-genehmigung-im-eilverfahren\/","title":{"rendered":"ESTA online f\u00fcr eine Genehmigung im Eilverfahren"},"content":{"rendered":"\n<p>Wenn Sie in die USA reisen m\u00f6chten, haben Sie hinsichtlich der Reiseformalit\u00e4ten zwei M\u00f6glichkeiten: <a href=\"https:\/\/esta-etats-unis.net\/de\/visum-oder-esta-fuer-reisen-in-die-usa\/\">Visum oder ESTA<\/a>. Denn wenn Ihr Aufenthalt in den USA zu Gesch\u00e4fts-, Tourismus- oder Transitzwecken nicht l\u00e4nger als 90 Tage dauert und Ihr Land am Programm f\u00fcr visumfreies Reisen teilnimmt, ben\u00f6tigen Sie nur eine Reisegenehmigung, um in die USA einzureisen, und kein Visum. Um die ESTA-Reisegenehmigung zu erhalten, muss Ihr Reisepass jedoch biometrisch oder elektronisch sein und f\u00fcr die gesamte Dauer Ihres Aufenthalts in den USA g\u00fcltig sein. Andernfalls oder wenn Ihr Aufenthalt in den USA l\u00e4nger als 90 Tage dauert, m\u00fcssen Sie bei der <a href=\"https:\/\/esta-etats-unis.net\/de\/wie-beantrage-ich-ein-visum-bei-der-us-botschaft\/\">US-Botschaft in Ihrem Land ein Visum beantragen<\/a>.<\/p>\n\n<h2 class=\"wp-block-heading\">ESTA versus USA-Visum<\/h2>\n\n<h3 class=\"wp-block-heading\"><em><span style=\"font-size: 16px;\">DAS ESTA<\/span><\/em><\/h3>\n\n<p>ESTA steht f\u00fcr Electronic System for Travel Authorization und ist ein elektronisches Genehmigungssystem f\u00fcr eine Reise in die USA. Dieses System dient der Erh\u00f6hung der Sicherheitsma\u00dfnahmen, da die US-Beh\u00f6rden Ihre Daten bereits vor Ihrer Einreise in die USA erhalten.<\/p>\n\n<p>Die ESTA-Reisegenehmigung wird vom <a href=\"https:\/\/www.dhs.gov\/\">Department of Homeland Security<\/a> erteilt, das Ihre Angaben durch Abgleich mit ihren Datenbanken \u00fcberpr\u00fcft. Der ESTA-Antrag wird in Form eines Online-Formulars gestellt. Der gesamte Prozess l\u00e4uft online ab und das Dokument stellt einen sehr \u00fcberschaubaren Kostenfaktor dar.<\/p>\n\n<p>Wenn Ihnen Ihre <a href=\"https:\/\/esta-etats-unis.net\/de\/\">ESTA-Genehmigung<\/a> erteilt wird, bedeutet dies, dass Ihre Reise keine Gefahr f\u00fcr die Sicherheit der Vereinigten Staaten darstellt und nicht im Widerspruch zu den Gesetzen der USA steht.<\/p>\n\n<h3 class=\"wp-block-heading\"><em><span style=\"font-size: 16px;\">Das amerikanische Visum<\/span><\/em><\/h3>\n\n<p>Wenn Ihr Antrag auf ESTA-Genehmigung jedoch abgelehnt wird, m\u00fcssen Sie bei der US-Botschaft ein Visum beantragen. Es gibt alle Arten von Visa. Wenn Sie in den USA arbeiten, <a href=\"https:\/\/esta-etats-unis.net\/de\/wie-bekomme-ich-ein-usa-studentenvisum\/\">an einer amerikanischen Universit\u00e4t studieren<\/a> oder <a href=\"https:\/\/www.mendocinomuseum.org\/\">die USA<\/a> f\u00fcr mehr als drei Monate besuchen m\u00f6chten, ist das Dokument, das Sie beantragen m\u00fcssen, nicht das gleiche. Dies ist ein ziemlich langer, komplizierter und wesentlich teurerer Verwaltungsvorgang. Im Durchschnitt m\u00fcssen Sie mindestens 185 USD an Geb\u00fchren f\u00fcr ein Visum zahlen. ESTA ist also der richtige Weg, um schnell eine Genehmigung zu erhalten, und das auch noch auf eine viel zug\u00e4nglichere Art und Weise.<\/p>\n\n<h2 class=\"wp-block-heading\">Das ESTA-Formular korrekt ausf\u00fcllen<\/h2>\n\n<p>Die Anmeldung f\u00fcr die ESTA-Reisegenehmigung kann nur online erfolgen. Es gibt deutschsprachige Websites, die Ihnen eine offizielle ESTA-Reisegenehmigung erteilen k\u00f6nnen, nachdem Sie <a href=\"https:\/\/esta-etats-unis.net\/de\/wie-sieht-das-esta-formular-aus\/\">ein Formular ausgef\u00fcllt<\/a> und eine Geb\u00fchr f\u00fcr Ihren Antrag entrichtet haben. Das ESTA kann auch auf der offiziellen Website der US-Regierung beantragt werden, wenn Sie diese Formalit\u00e4t lieber ohne Hilfe erledigen m\u00f6chten. Das Ausf\u00fcllen des Formulars ist relativ einfach, aber dennoch ist Vorsicht geboten. Mit dem ESTA war es noch nie so einfach, in die USA zu reisen.<\/p>\n\n<p>Sobald Sie das Formular ausgef\u00fcllt und die Zahlung geleistet haben, m\u00fcssen Sie nur noch auf die Antwort warten. Da es sich bei der ESTA-Reisegenehmigung um eine schnell ausgestellte Genehmigung handelt, haben Sie die M\u00f6glichkeit, die ESTA-Reisegenehmigung bis zu 72 Stunden vor Ihrem geplanten Abflugdatum zu beantragen. Tats\u00e4chlich erhalten Sie sp\u00e4testens 72 Stunden nach Ihrem Antrag eine Antwort der US-Beh\u00f6rden.<\/p>\n\n<p>Wenn Sie einen Online-Antrag stellen, m\u00fcssen Sie auch online bezahlen. Die Best\u00e4tigung Ihres Antrags auf ESTA-Genehmigung erfolgt, sobald Sie den Betrag f\u00fcr Ihre Bestellung mit Ihrer Kreditkarte direkt auf der privaten Website bezahlen. Der geforderte Preis beinhaltet eine G\u00fcltigkeitsdauer von zwei Jahren.<\/p>\n","protected":false},"excerpt":{"rendered":"<p>Wenn Sie in die USA reisen m\u00f6chten, haben Sie hinsichtlich der Reiseformalit\u00e4ten zwei M\u00f6glichkeiten: Visum oder ESTA. Denn wenn Ihr Aufenthalt in den USA zu Gesch\u00e4fts-, Tourismus- oder Transitzwecken nicht l\u00e4nger als 90 Tage dauert und Ihr Land am Programm f\u00fcr visumfreies Reisen teilnimmt, ben\u00f6tigen Sie nur eine Reisegenehmigung, um in die USA einzureisen, und &#8230; <a title=\"ESTA online f\u00fcr eine Genehmigung im Eilverfahren\" class=\"read-more\" href=\"https:\/\/esta-etats-unis.net\/de\/esta-online-fuer-eine-genehmigung-im-eilverfahren\/\" aria-label=\"Mehr Informationen \u00fcber ESTA online f\u00fcr eine Genehmigung im Eilverfahren\">Weiterlesen<\/a><\/p>\n","protected":false},"author":1,"featured_media":0,"parent":0,"menu_order":0,"comment_status":"closed","ping_status":"closed","template":"","meta":{"footnotes":""},"class_list":["post-467","page","type-page","status-publish"],"yoast_head":"<!-- This site is optimized with the Yoast SEO plugin v26.2 - https:\/\/yoast.com\/wordpress\/plugins\/seo\/ -->\n<title>ESTA online f\u00fcr eine Genehmigung im Eilverfahren<\/title>\n<meta name=\"description\" content=\"Ben\u00f6tigen Sie eine schnell ausgestellte Genehmigung f\u00fcr Ihre n\u00e4chste Reise in die USA? Das ESTA ist das Dokument, das Sie brauchen, um es schnell zu erhalten.\" \/>\n<meta name=\"robots\" content=\"index, follow, max-snippet:-1, max-image-preview:large, max-video-preview:-1\" \/>\n<link rel=\"canonical\" href=\"https:\/\/esta-etats-unis.net\/de\/esta-online-fuer-eine-genehmigung-im-eilverfahren\/\" \/>\n<meta property=\"og:locale\" content=\"de_DE\" \/>\n<meta property=\"og:type\" content=\"article\" \/>\n<meta property=\"og:title\" content=\"ESTA online f\u00fcr eine Genehmigung im Eilverfahren\" \/>\n<meta property=\"og:description\" content=\"Ben\u00f6tigen Sie eine schnell ausgestellte Genehmigung f\u00fcr Ihre n\u00e4chste Reise in die USA? Das ESTA ist das Dokument, das Sie brauchen, um es schnell zu erhalten.\" \/>\n<meta property=\"og:url\" content=\"https:\/\/esta-etats-unis.net\/de\/esta-online-fuer-eine-genehmigung-im-eilverfahren\/\" \/>\n<meta property=\"og:site_name\" content=\"Organisieren Sie Ihre Reise in die Vereinigten Staaten\" \/>\n<meta property=\"article:modified_time\" content=\"2024-10-11T07:22:19+00:00\" \/>\n<meta name=\"twitter:label1\" content=\"Gesch\u00e4tzte Lesezeit\" \/>\n\t<meta name=\"twitter:data1\" content=\"3\u00a0Minuten\" \/>\n<script type=\"application\/ld+json\" class=\"yoast-schema-graph\">{\"@context\":\"https:\/\/schema.org\",\"@graph\":[{\"@type\":\"WebPage\",\"@id\":\"https:\/\/esta-etats-unis.net\/de\/esta-online-fuer-eine-genehmigung-im-eilverfahren\/\",\"url\":\"https:\/\/esta-etats-unis.net\/de\/esta-online-fuer-eine-genehmigung-im-eilverfahren\/\",\"name\":\"ESTA online f\u00fcr eine Genehmigung im Eilverfahren\",\"isPartOf\":{\"@id\":\"https:\/\/esta-etats-unis.net\/de\/#website\"},\"datePublished\":\"2014-11-17T21:18:06+00:00\",\"dateModified\":\"2024-10-11T07:22:19+00:00\",\"description\":\"Ben\u00f6tigen Sie eine schnell ausgestellte Genehmigung f\u00fcr Ihre n\u00e4chste Reise in die USA? Das ESTA ist das Dokument, das Sie brauchen, um es schnell zu erhalten.\",\"inLanguage\":\"de\",\"potentialAction\":[{\"@type\":\"ReadAction\",\"target\":[\"https:\/\/esta-etats-unis.net\/de\/esta-online-fuer-eine-genehmigung-im-eilverfahren\/\"]}]},{\"@type\":\"WebSite\",\"@id\":\"https:\/\/esta-etats-unis.net\/de\/#website\",\"url\":\"https:\/\/esta-etats-unis.net\/de\/\",\"name\":\"Organisieren Sie Ihre Reise in die Vereinigten Staaten\",\"description\":\"\",\"potentialAction\":[{\"@type\":\"SearchAction\",\"target\":{\"@type\":\"EntryPoint\",\"urlTemplate\":\"https:\/\/esta-etats-unis.net\/de\/?s={search_term_string}\"},\"query-input\":{\"@type\":\"PropertyValueSpecification\",\"valueRequired\":true,\"valueName\":\"search_term_string\"}}],\"inLanguage\":\"de\"}]}<\/script>\n<!-- \/ Yoast SEO plugin. -->","yoast_head_json":{"title":"ESTA online f\u00fcr eine Genehmigung im Eilverfahren","description":"Ben\u00f6tigen Sie eine schnell ausgestellte Genehmigung f\u00fcr Ihre n\u00e4chste Reise in die USA? Das ESTA ist das Dokument, das Sie brauchen, um es schnell zu erhalten.","robots":{"index":"index","follow":"follow","max-snippet":"max-snippet:-1","max-image-preview":"max-image-preview:large","max-video-preview":"max-video-preview:-1"},"canonical":"https:\/\/esta-etats-unis.net\/de\/esta-online-fuer-eine-genehmigung-im-eilverfahren\/","og_locale":"de_DE","og_type":"article","og_title":"ESTA online f\u00fcr eine Genehmigung im Eilverfahren","og_description":"Ben\u00f6tigen Sie eine schnell ausgestellte Genehmigung f\u00fcr Ihre n\u00e4chste Reise in die USA? Das ESTA ist das Dokument, das Sie brauchen, um es schnell zu erhalten.","og_url":"https:\/\/esta-etats-unis.net\/de\/esta-online-fuer-eine-genehmigung-im-eilverfahren\/","og_site_name":"Organisieren Sie Ihre Reise in die Vereinigten Staaten","article_modified_time":"2024-10-11T07:22:19+00:00","twitter_misc":{"Gesch\u00e4tzte Lesezeit":"3\u00a0Minuten"},"schema":{"@context":"https:\/\/schema.org","@graph":[{"@type":"WebPage","@id":"https:\/\/esta-etats-unis.net\/de\/esta-online-fuer-eine-genehmigung-im-eilverfahren\/","url":"https:\/\/esta-etats-unis.net\/de\/esta-online-fuer-eine-genehmigung-im-eilverfahren\/","name":"ESTA online f\u00fcr eine Genehmigung im Eilverfahren","isPartOf":{"@id":"https:\/\/esta-etats-unis.net\/de\/#website"},"datePublished":"2014-11-17T21:18:06+00:00","dateModified":"2024-10-11T07:22:19+00:00","description":"Ben\u00f6tigen Sie eine schnell ausgestellte Genehmigung f\u00fcr Ihre n\u00e4chste Reise in die USA? Das ESTA ist das Dokument, das Sie brauchen, um es schnell zu erhalten.","inLanguage":"de","potentialAction":[{"@type":"ReadAction","target":["https:\/\/esta-etats-unis.net\/de\/esta-online-fuer-eine-genehmigung-im-eilverfahren\/"]}]},{"@type":"WebSite","@id":"https:\/\/esta-etats-unis.net\/de\/#website","url":"https:\/\/esta-etats-unis.net\/de\/","name":"Organisieren Sie Ihre Reise in die Vereinigten Staaten","description":"","potentialAction":[{"@type":"SearchAction","target":{"@type":"EntryPoint","urlTemplate":"https:\/\/esta-etats-unis.net\/de\/?s={search_term_string}"},"query-input":{"@type":"PropertyValueSpecification","valueRequired":true,"valueName":"search_term_string"}}],"inLanguage":"de"}]}},"_links":{"self":[{"href":"https:\/\/esta-etats-unis.net\/de\/wp-json\/wp\/v2\/pages\/467","targetHints":{"allow":["GET"]}}],"collection":[{"href":"https:\/\/esta-etats-unis.net\/de\/wp-json\/wp\/v2\/pages"}],"about":[{"href":"https:\/\/esta-etats-unis.net\/de\/wp-json\/wp\/v2\/types\/page"}],"author":[{"embeddable":true,"href":"https:\/\/esta-etats-unis.net\/de\/wp-json\/wp\/v2\/users\/1"}],"replies":[{"embeddable":true,"href":"https:\/\/esta-etats-unis.net\/de\/wp-json\/wp\/v2\/comments?post=467"}],"version-history":[{"count":4,"href":"https:\/\/esta-etats-unis.net\/de\/wp-json\/wp\/v2\/pages\/467\/revisions"}],"predecessor-version":[{"id":865,"href":"https:\/\/esta-etats-unis.net\/de\/wp-json\/wp\/v2\/pages\/467\/revisions\/865"}],"wp:attachment":[{"href":"https:\/\/esta-etats-unis.net\/de\/wp-json\/wp\/v2\/media?parent=467"}],"curies":[{"name":"wp","href":"https:\/\/api.w.org\/{rel}","templated":true}]}}