{"id":465,"date":"2014-11-17T22:11:18","date_gmt":"2014-11-17T21:11:18","guid":{"rendered":"https:\/\/esta-etats-unis.net\/esta-formalitaet-fuer-ihre-reise-in-die-usa\/"},"modified":"2024-10-09T14:40:49","modified_gmt":"2024-10-09T13:40:49","slug":"esta-formalitaet-fuer-ihre-reise-in-die-usa","status":"publish","type":"page","link":"https:\/\/esta-etats-unis.net\/de\/esta-formalitaet-fuer-ihre-reise-in-die-usa\/","title":{"rendered":"ESTA-Formalit\u00e4t f\u00fcr Ihre Reise in die USA"},"content":{"rendered":"\n<p>Seit Januar 2009 wurde mit der Einf\u00fchrung des Programms f\u00fcr visumfreies Reisen (Visa Waiver Program) eine neue Formalit\u00e4t f\u00fcr die Einreise in die USA eingef\u00fchrt. Die L\u00e4nder, die an diesem Programm teilnehmen, kommen in den Genuss von Verfahrenserleichterungen: F\u00fcr Gesch\u00e4fts- und Urlaubsreisen sowie f\u00fcr Transitreisen von weniger als 90 Tagen ist kein Visum erforderlich. Aus Sicherheitsgr\u00fcnden und zu Kontrollzwecken muss jedoch vor der Abreise ein ESTA beantragt werden. Es handelt sich um ein <a href=\"https:\/\/esta-etats-unis.net\/de\/wie-man-das-esta-formular-richtig-ausfuellt\/\">ESTA-Genehmigungsdokument<\/a>, das <a href=\"https:\/\/esta-etats-unis.net\/de\/wie-man-das-esta-formular-richtig-ausfuellt\/\">online<\/a> \u00fcber die Website der US-Regierung <a href=\"https:\/\/esta-etats-unis.net\/de\/wie-man-das-esta-formular-richtig-ausfuellt\/\">ausgef\u00fcllt werden<\/a> muss. Das Verfahren ist einfach: Sie m\u00fcssen das <a href=\"https:\/\/esta-etats-unis.net\/de\/wie-sieht-das-esta-formular-aus\/\">ESTA-Formular<\/a> ordnungsgem\u00e4\u00df ausf\u00fcllen und eine Bearbeitungsgeb\u00fchr von 21 USD entrichten. Sie m\u00fcssen dann maximal 72 Stunden warten, bis Sie die Antwort der US-Beh\u00f6rden erhalten.     <\/p>\n\n<h2 class=\"wp-block-heading\">Wer einen ESTA-Antrag f\u00fcr Reisen in die USA erh\u00e4lt<\/h2>\n\n<p>Hier ist die Liste der L\u00e4nder, f\u00fcr die das VWP gilt: <span style=\"font-weight: 400;\">Andorra, Australien, \u00d6sterreich, Belgien, Brunei, Chile, S\u00fcdkorea, Kroatien, D\u00e4nemark, Spanien, Estland, Finnland, Frankreich, Deutschland, Griechenland, Ungarn, Irland, Island, Israel, Italien, Japan, Niederlande, Lettland, Liechtenstein, Litauen, Luxemburg, Malta, Monaco, Norwegen, Neuseeland, Polen, Portugal, Tschechische Republik, Gro\u00dfbritannien, San Marino, Singapur, Slowakei, Slowenien, Schweden, Schweiz und Taiwan.<\/span><\/p>\n\n<p>Um zugelassen zu werden, m\u00fcssen Sie einen <a href=\"https:\/\/esta-etats-unis.net\/de\/welchen-reisepass-muss-man-besitzen-um-ein-esta-oder-ein-visum-zu-beantragen\/\">g\u00fcltigen Reisepass<\/a> (elektronisch oder biometrisch) und einen Plan f\u00fcr eine Gesch\u00e4fts-, Freizeit-, Tourismus- oder Transitreise von bis zu 90 Tagen haben. Anstatt ein US-Visum zu beantragen, k\u00f6nnen diese B\u00fcrger online eine ESTA-Genehmigung erhalten. Die <a href=\"https:\/\/esta-etats-unis.net\/de\/visum-oder-esta-fuer-reisen-in-die-usa\/\">Wahl zwischen Visum und ESTA<\/a> h\u00e4ngt also von der Nationalit\u00e4t, aber auch vom Reisegrund ab.  <\/p>\n\n<p>Dies ist einfacher, schneller und kosteng\u00fcnstiger. Es sollte klargestellt werden, dass man mit dem ESTA-Dokument maximal 90 Tage in die USA reisen kann. Er ist bei mehrfacher Einreise zwei Jahre lang oder bis zum Ablauf der G\u00fcltigkeitsdauer des biometrischen oder elektronischen Reisepasses g\u00fcltig. Selbst wenn Ihr <a href=\"https:\/\/esta-etats-unis.net\/de\/esta-formalitaet-fuer-ihre-reise-in-die-usa\/was-tun-wenn-sie-ihre-esta-genehmigung-verloren-haben\/\">ESTA verloren gegangen ist<\/a>, k\u00f6nnen Sie es \u00fcber die offizielle Online-Plattform des <a href=\"https:\/\/www.dhs.gov\/\">DHS<\/a> wiedererlangen. Abgesehen von diesen Umst\u00e4nden oder in dem Fall, dass das ESTA abgelehnt wird, ist die Beschaffung eines USA-Visums die einzige Alternative, die bleibt, wenn der Reisende eine Reise in die USA plant. Es sei darauf hingewiesen, dass ESTA nur das freie Einsteigen in die USA erm\u00f6glicht, nur die Beamten entscheiden \u00fcber Ihr Schicksal bei der Ankunft auf amerikanischem Boden.<\/p>\n\n<h2 class=\"wp-block-heading\">Verfahren zur Beantragung von ESTA<\/h2>\n\n<p>Das ESTA-Reisedokument erh\u00e4lt man nach einem relativ einfachen und schnellen Online-Antrag. Es handelt sich um ein Online-Formular, das Sie mithilfe Ihres Reisepasses ausf\u00fcllen k\u00f6nnen. Sie werden aufgefordert, Ihre pers\u00f6nlichen Informationen, Ihre Passdaten und die Bedingungen f\u00fcr Ihre Reise in die USA anzugeben. Sie m\u00fcssen sich au\u00dferdem einer Reihe von Fragen unterziehen, anhand derer die US-Beh\u00f6rden feststellen k\u00f6nnen, ob Sie ein Risiko f\u00fcr die innere Sicherheit des Landes darstellen.<\/p>\n\n<p>Ihre Bestellung gilt als best\u00e4tigt, wenn die Zahlung akzeptiert wird. Sie erhalten in K\u00fcrze eine Antwort. Dabei kann es sich um eine genehmigte Genehmigung, eine Ablehnung oder eine ausstehende <a href=\"https:\/\/123-esta.com\/de\/was-zu-tun-wenn-der-esta-antrag-aussteht\/\">ESTA-Antwort<\/a> handeln. Wenn ein Antrag anh\u00e4ngig ist, wird die Antwort innerhalb von 72 Stunden auf der offiziellen Website verf\u00fcgbar sein.<\/p>\n","protected":false},"excerpt":{"rendered":"<p>Seit Januar 2009 wurde mit der Einf\u00fchrung des Programms f\u00fcr visumfreies Reisen (Visa Waiver Program) eine neue Formalit\u00e4t f\u00fcr die Einreise in die USA eingef\u00fchrt. Die L\u00e4nder, die an diesem Programm teilnehmen, kommen in den Genuss von Verfahrenserleichterungen: F\u00fcr Gesch\u00e4fts- und Urlaubsreisen sowie f\u00fcr Transitreisen von weniger als 90 Tagen ist kein Visum erforderlich. Aus &#8230; <a title=\"ESTA-Formalit\u00e4t f\u00fcr Ihre Reise in die USA\" class=\"read-more\" href=\"https:\/\/esta-etats-unis.net\/de\/esta-formalitaet-fuer-ihre-reise-in-die-usa\/\" aria-label=\"Mehr Informationen \u00fcber ESTA-Formalit\u00e4t f\u00fcr Ihre Reise in die USA\">Weiterlesen<\/a><\/p>\n","protected":false},"author":1,"featured_media":0,"parent":0,"menu_order":0,"comment_status":"closed","ping_status":"closed","template":"","meta":{"footnotes":""},"class_list":["post-465","page","type-page","status-publish"],"yoast_head":"<!-- This site is optimized with the Yoast SEO plugin v26.2 - https:\/\/yoast.com\/wordpress\/plugins\/seo\/ -->\n<title>ESTA: Neue Formalit\u00e4t f\u00fcr Ihre Reise in die USA<\/title>\n<meta name=\"description\" content=\"Sie m\u00fcssen kein Visum mehr beantragen, um in die USA zu reisen. Heutzutage reicht n\u00e4mlich eine ESTA-Genehmigung aus, um in die USA zu reisen.\" \/>\n<meta name=\"robots\" content=\"index, follow, max-snippet:-1, max-image-preview:large, max-video-preview:-1\" \/>\n<link rel=\"canonical\" href=\"https:\/\/esta-etats-unis.net\/de\/esta-formalitaet-fuer-ihre-reise-in-die-usa\/\" \/>\n<meta property=\"og:locale\" content=\"de_DE\" \/>\n<meta property=\"og:type\" content=\"article\" \/>\n<meta property=\"og:title\" content=\"ESTA: Neue Formalit\u00e4t f\u00fcr Ihre Reise in die USA\" \/>\n<meta property=\"og:description\" content=\"Sie m\u00fcssen kein Visum mehr beantragen, um in die USA zu reisen. Heutzutage reicht n\u00e4mlich eine ESTA-Genehmigung aus, um in die USA zu reisen.\" \/>\n<meta property=\"og:url\" content=\"https:\/\/esta-etats-unis.net\/de\/esta-formalitaet-fuer-ihre-reise-in-die-usa\/\" \/>\n<meta property=\"og:site_name\" content=\"Organisieren Sie Ihre Reise in die Vereinigten Staaten\" \/>\n<meta property=\"article:modified_time\" content=\"2024-10-09T13:40:49+00:00\" \/>\n<meta name=\"twitter:label1\" content=\"Gesch\u00e4tzte Lesezeit\" \/>\n\t<meta name=\"twitter:data1\" content=\"3\u00a0Minuten\" \/>\n<script type=\"application\/ld+json\" class=\"yoast-schema-graph\">{\"@context\":\"https:\/\/schema.org\",\"@graph\":[{\"@type\":\"WebPage\",\"@id\":\"https:\/\/esta-etats-unis.net\/de\/esta-formalitaet-fuer-ihre-reise-in-die-usa\/\",\"url\":\"https:\/\/esta-etats-unis.net\/de\/esta-formalitaet-fuer-ihre-reise-in-die-usa\/\",\"name\":\"ESTA: Neue Formalit\u00e4t f\u00fcr Ihre Reise in die USA\",\"isPartOf\":{\"@id\":\"https:\/\/esta-etats-unis.net\/de\/#website\"},\"datePublished\":\"2014-11-17T21:11:18+00:00\",\"dateModified\":\"2024-10-09T13:40:49+00:00\",\"description\":\"Sie m\u00fcssen kein Visum mehr beantragen, um in die USA zu reisen. Heutzutage reicht n\u00e4mlich eine ESTA-Genehmigung aus, um in die USA zu reisen.\",\"inLanguage\":\"de\",\"potentialAction\":[{\"@type\":\"ReadAction\",\"target\":[\"https:\/\/esta-etats-unis.net\/de\/esta-formalitaet-fuer-ihre-reise-in-die-usa\/\"]}]},{\"@type\":\"WebSite\",\"@id\":\"https:\/\/esta-etats-unis.net\/de\/#website\",\"url\":\"https:\/\/esta-etats-unis.net\/de\/\",\"name\":\"Organisieren Sie Ihre Reise in die Vereinigten Staaten\",\"description\":\"\",\"potentialAction\":[{\"@type\":\"SearchAction\",\"target\":{\"@type\":\"EntryPoint\",\"urlTemplate\":\"https:\/\/esta-etats-unis.net\/de\/?s={search_term_string}\"},\"query-input\":{\"@type\":\"PropertyValueSpecification\",\"valueRequired\":true,\"valueName\":\"search_term_string\"}}],\"inLanguage\":\"de\"}]}<\/script>\n<!-- \/ Yoast SEO plugin. -->","yoast_head_json":{"title":"ESTA: Neue Formalit\u00e4t f\u00fcr Ihre Reise in die USA","description":"Sie m\u00fcssen kein Visum mehr beantragen, um in die USA zu reisen. Heutzutage reicht n\u00e4mlich eine ESTA-Genehmigung aus, um in die USA zu reisen.","robots":{"index":"index","follow":"follow","max-snippet":"max-snippet:-1","max-image-preview":"max-image-preview:large","max-video-preview":"max-video-preview:-1"},"canonical":"https:\/\/esta-etats-unis.net\/de\/esta-formalitaet-fuer-ihre-reise-in-die-usa\/","og_locale":"de_DE","og_type":"article","og_title":"ESTA: Neue Formalit\u00e4t f\u00fcr Ihre Reise in die USA","og_description":"Sie m\u00fcssen kein Visum mehr beantragen, um in die USA zu reisen. Heutzutage reicht n\u00e4mlich eine ESTA-Genehmigung aus, um in die USA zu reisen.","og_url":"https:\/\/esta-etats-unis.net\/de\/esta-formalitaet-fuer-ihre-reise-in-die-usa\/","og_site_name":"Organisieren Sie Ihre Reise in die Vereinigten Staaten","article_modified_time":"2024-10-09T13:40:49+00:00","twitter_misc":{"Gesch\u00e4tzte Lesezeit":"3\u00a0Minuten"},"schema":{"@context":"https:\/\/schema.org","@graph":[{"@type":"WebPage","@id":"https:\/\/esta-etats-unis.net\/de\/esta-formalitaet-fuer-ihre-reise-in-die-usa\/","url":"https:\/\/esta-etats-unis.net\/de\/esta-formalitaet-fuer-ihre-reise-in-die-usa\/","name":"ESTA: Neue Formalit\u00e4t f\u00fcr Ihre Reise in die USA","isPartOf":{"@id":"https:\/\/esta-etats-unis.net\/de\/#website"},"datePublished":"2014-11-17T21:11:18+00:00","dateModified":"2024-10-09T13:40:49+00:00","description":"Sie m\u00fcssen kein Visum mehr beantragen, um in die USA zu reisen. Heutzutage reicht n\u00e4mlich eine ESTA-Genehmigung aus, um in die USA zu reisen.","inLanguage":"de","potentialAction":[{"@type":"ReadAction","target":["https:\/\/esta-etats-unis.net\/de\/esta-formalitaet-fuer-ihre-reise-in-die-usa\/"]}]},{"@type":"WebSite","@id":"https:\/\/esta-etats-unis.net\/de\/#website","url":"https:\/\/esta-etats-unis.net\/de\/","name":"Organisieren Sie Ihre Reise in die Vereinigten Staaten","description":"","potentialAction":[{"@type":"SearchAction","target":{"@type":"EntryPoint","urlTemplate":"https:\/\/esta-etats-unis.net\/de\/?s={search_term_string}"},"query-input":{"@type":"PropertyValueSpecification","valueRequired":true,"valueName":"search_term_string"}}],"inLanguage":"de"}]}},"_links":{"self":[{"href":"https:\/\/esta-etats-unis.net\/de\/wp-json\/wp\/v2\/pages\/465","targetHints":{"allow":["GET"]}}],"collection":[{"href":"https:\/\/esta-etats-unis.net\/de\/wp-json\/wp\/v2\/pages"}],"about":[{"href":"https:\/\/esta-etats-unis.net\/de\/wp-json\/wp\/v2\/types\/page"}],"author":[{"embeddable":true,"href":"https:\/\/esta-etats-unis.net\/de\/wp-json\/wp\/v2\/users\/1"}],"replies":[{"embeddable":true,"href":"https:\/\/esta-etats-unis.net\/de\/wp-json\/wp\/v2\/comments?post=465"}],"version-history":[{"count":4,"href":"https:\/\/esta-etats-unis.net\/de\/wp-json\/wp\/v2\/pages\/465\/revisions"}],"predecessor-version":[{"id":850,"href":"https:\/\/esta-etats-unis.net\/de\/wp-json\/wp\/v2\/pages\/465\/revisions\/850"}],"wp:attachment":[{"href":"https:\/\/esta-etats-unis.net\/de\/wp-json\/wp\/v2\/media?parent=465"}],"curies":[{"name":"wp","href":"https:\/\/api.w.org\/{rel}","templated":true}]}}