{"id":461,"date":"2014-11-17T22:16:32","date_gmt":"2014-11-17T21:16:32","guid":{"rendered":"https:\/\/esta-etats-unis.net\/wie-fuelle-ich-das-esta-formular-fuer-eine-reise-in-die-usa-aus\/"},"modified":"2024-10-09T14:29:34","modified_gmt":"2024-10-09T13:29:34","slug":"wie-fuelle-ich-das-esta-formular-fuer-eine-reise-in-die-usa-aus","status":"publish","type":"page","link":"https:\/\/esta-etats-unis.net\/de\/wie-fuelle-ich-das-esta-formular-fuer-eine-reise-in-die-usa-aus\/","title":{"rendered":"Wie f\u00fclle ich das ESTA-Formular f\u00fcr eine Reise in die USA aus?"},"content":{"rendered":"\n<p><a href=\"https:\/\/esta-etats-unis.net\/de\/\">Die ESTA-Genehmigung<\/a> ist f\u00fcr alle Personen erforderlich, die in die USA einreisen m\u00f6chten. Dabei handelt es sich um ein elektronisches Reisegenehmigungssystem, das an die Passnummer gekoppelt ist und einen touristischen oder gesch\u00e4ftlichen Aufenthalt von bis zu 90 Tagen erm\u00f6glicht. Um es zu erhalten und Ihre Reise in die USA durchzuf\u00fchren, m\u00fcssen Sie bei den US-Beh\u00f6rden einen Antrag auf Genehmigung \u00fcber das ESTA-Formular stellen. Die Person, die einen Antrag stellt, muss alle Voraussetzungen erf\u00fcllen, wie z. B. Staatsangeh\u00f6riger eines Landes zu sein, das Mitglied des von der US-Regierung eingerichteten Programms f\u00fcr visumfreies Reisen ist, ein <a href=\"https:\/\/esta-etats-unis.net\/de\/welches-flugticket-in-die-usa-mit-ihrem-esta\/\">Hin- und R\u00fcckflugticket<\/a> und einen <a href=\"https:\/\/esta-etats-unis.net\/de\/welchen-reisepass-muss-man-besitzen-um-ein-esta-oder-ein-visum-zu-beantragen\/\">biometrischen oder elektronischen Reisepass<\/a> zu besitzen.<\/p>\n\n<p>Die Reise muss mit einer von den USA anerkannten Fluggesellschaft durchgef\u00fchrt werden. Was die Einreichung des Antrags auf Genehmigung betrifft, so muss diese so fr\u00fch wie m\u00f6glich und sp\u00e4testens 72 Stunden vor der Einschiffung erfolgen. Zur Erinnerung: Eine ESTA-Genehmigung ist kein Ersatz f\u00fcr ein US-Visum. Ein Reisender mit einem g\u00fcltigen <a href=\"https:\/\/hb1079.org\/\">Visum f\u00fcr die USA<\/a> ben\u00f6tigt jedoch keine ESTA-Genehmigung, um in die USA einzureisen. <\/p>\n\n<h2 class=\"wp-block-heading\">Wozu dient die ESTA-Genehmigung?<\/h2>\n\n<p>Fr\u00fcher mussten Reisende, die in die USA reisen wollten, zwingend ein Visum beantragen. Es gibt verschiedene, je nachdem, aus welchem Grund Sie reisen, ob als Tourist, aus beruflichen Gr\u00fcnden oder zu Studienzwecken. Diese Formalit\u00e4t erfordert langwierige Schritte und ein gewisses Budget. Seit 2009 haben sich die Beh\u00f6rden daf\u00fcr entschieden, einen Online-Antrag f\u00fcr :<\/p>\n\n<ol class=\"wp-block-list\">\n<li>F\u00f6rderung des Tourismus in den USA bei gleichzeitiger St\u00e4rkung der inneren Sicherheit der USA ;<\/li>\n\n\n\n<li>Vereinfachung der Verwaltungsverfahren f\u00fcr Antragsteller durch ESTA, ein einfaches und schnelles Online-Formular;<\/li>\n\n\n\n<li>Entlastung der US-Botschaften und US-Konsulate, da das ESTA-Formular online zur Verf\u00fcgung gestellt wird.<\/li>\n<\/ol>\n\n<h2 class=\"wp-block-heading\">Die im ESTA-Formular enthaltenen Daten<\/h2>\n\n<p><span style=\"font-weight: 400;\">Bevor Sie einen Antrag stellen, sollten Sie pr\u00fcfen, ob Sie f\u00fcr das Visa Waiver Program qualifiziert sind:<\/span><\/p>\n\n<ul class=\"wp-block-list\">\n<li><span style=\"font-weight: 400;\">Sind Sie Staatsangeh\u00f6riger eines der L\u00e4nder, f\u00fcr die das Programm gilt?<\/span><\/li>\n\n\n\n<li><span style=\"font-weight: 400;\">Besitzen Sie einen <a href=\"https:\/\/esta-etats-unis.net\/de\/welchen-reisepass-muss-man-besitzen-um-ein-esta-oder-ein-visum-zu-beantragen\/\">g\u00fcltigen Reisepass<\/a>?<\/span><\/li>\n\n\n\n<li><span style=\"font-weight: 400;\">Reisen Sie in die USA f\u00fcr einen Zeitraum von weniger als 90 Tagen?<\/span><\/li>\n<\/ul>\n\n<div style=\"height:20px\" aria-hidden=\"true\" class=\"wp-block-spacer\"><\/div>\n\n<p><span style=\"font-weight: 400;\">  Wenn Sie alle diese Fragen mit Ja beantworten, k\u00f6nnen Sie einen ESTA-Antrag stellen.<\/span><\/p>\n\n<p><span style=\"font-weight: 400;\">Der ESTA-Antrag besteht aus dem Ausf\u00fcllen eines ESTA-Formulars online auf der Website der US-Regierung.  <\/span><\/p>\n\n<p><span style=\"font-weight: 400;\">Das ESTA-Formular ist in drei Abschnitte unterteilt, von denen der erste die Identifizierung des Reisenden und seines Reisepasses beinhaltet. Achten Sie auf das Ablaufdatum. Wenn er zum Zeitpunkt Ihrer Abreise nicht mehr g\u00fcltig ist, m\u00fcssen Sie einen neuen Reisepass beantragen. Der zweite Teil betrifft Fragen und Antworten, die sich auf die Absichten des Reisenden w\u00e4hrend seines Aufenthalts in den USA beziehen. Der dritte Teil des Formulars enth\u00e4lt alle Informationen \u00fcber den Aufenthalt in den USA. Sie m\u00fcssen z. B. angeben, an welchem Ort Sie wohnen wollen.  <\/span><\/p>\n\n<p><span style=\"font-weight: 400;\">Es ist zu beachten, dass die ESTA-Genehmigung erneuert werden muss, wenn der Reisende seinen Reisepass (aufgrund eines verlorenen oder abgelaufenen Reisepasses) oder seine Identifikationsdaten (z. B. Geschlecht, Name oder Wohnadresse) \u00e4ndert. Nehmen wir das Beispiel einer Frau, die vor ihrer Heirat einen ESTA-Antrag gestellt hat. Wenn der Reisepass seither mit ihrem Ehenamen aktualisiert wurde und ihren M\u00e4dchennamen nicht mehr enth\u00e4lt, muss ein neues ESTA-Formular ausgef\u00fcllt werden.<\/span><\/p>\n\n<p><span style=\"font-weight: 400;\">Ein weiterer Grund, warum Personen ihre elektronische Reisegenehmigung erneuern m\u00fcssen, ist die abgelaufene G\u00fcltigkeitsdauer. Ein ESTA ist zwei Jahre lang g\u00fcltig.<\/span><\/p>\n\n<p>Beachten Sie, dass diese Erneuerung kostenpflichtig ist, da sie eine erneute \u00dcberpr\u00fcfung erfordert. Seien Sie beim Ausf\u00fcllen des ESTA-Formulars noch einmal gr\u00fcndlich, denn auch wenn Sie die Genehmigung bereits einmal erhalten haben, ist dies keine Garantie daf\u00fcr, dass Sie sie erneut erhalten werden.<\/p>\n\n<h2 class=\"wp-block-heading\"><span style=\"font-weight: 400;\">Was Sie sonst noch \u00fcber ESTA wissen sollten<\/span><\/h2>\n\n<h3 class=\"wp-block-heading\"><span style=\"font-weight: 400;\">ESTA-Genehmigung erteilt<\/span><\/h3>\n\n<p><span style=\"font-weight: 400;\">Sobald die Genehmigung erteilt wurde, d\u00fcrfen Sie sich <a href=\"https:\/\/esta-etats-unis.net\/de\/esta-formalitaeten-fuer-eine-reise-in-die-usa\/\">in den USA aufhalten<\/a>, egal ob auf dem Luft-, Land- oder Seeweg. Sie brauchen Ihre ESTA-Genehmigung nicht auszudrucken. Das ESTA-Formular wird nur online ausgef\u00fcllt und ist elektronisch mit Ihrem Reisepass verkn\u00fcpft. Bei der Zollkontrolle enth\u00fcllt das Lesen Ihres elektronischen oder biometrischen Reisepasses Ihre Berechtigung.<\/span><\/p>\n\n<h3 class=\"wp-block-heading\"><span style=\"font-weight: 400;\">ESTA-Genehmigung abgelehnt<\/span><\/h3>\n\n<p><span style=\"font-weight: 400;\">Wenn Ihr Antrag abgelehnt wurde, sind Sie verpflichtet, die konsularischen Dienste (US-Konsulat oder US-Botschaft) zu beantragen, um ein USA-Visum erhalten zu k\u00f6nnen. Da der ESTA-Antrag sofort und automatisch bearbeitet wird, gibt es keine M\u00f6glichkeit, den Antrag zu stornieren, selbst wenn beim Ausf\u00fcllen des Formulars Fehler aufgetreten sind. In diesem Fall m\u00fcssen Sie ein neues ESTA-Formular einreichen, mit dem das alte Formular ung\u00fcltig wird.<\/span><\/p>\n","protected":false},"excerpt":{"rendered":"<p>Die ESTA-Genehmigung ist f\u00fcr alle Personen erforderlich, die in die USA einreisen m\u00f6chten. Dabei handelt es sich um ein elektronisches Reisegenehmigungssystem, das an die Passnummer gekoppelt ist und einen touristischen oder gesch\u00e4ftlichen Aufenthalt von bis zu 90 Tagen erm\u00f6glicht. Um es zu erhalten und Ihre Reise in die USA durchzuf\u00fchren, m\u00fcssen Sie bei den US-Beh\u00f6rden &#8230; <a title=\"Wie f\u00fclle ich das ESTA-Formular f\u00fcr eine Reise in die USA aus?\" class=\"read-more\" href=\"https:\/\/esta-etats-unis.net\/de\/wie-fuelle-ich-das-esta-formular-fuer-eine-reise-in-die-usa-aus\/\" aria-label=\"Mehr Informationen \u00fcber Wie f\u00fclle ich das ESTA-Formular f\u00fcr eine Reise in die USA aus?\">Weiterlesen<\/a><\/p>\n","protected":false},"author":1,"featured_media":0,"parent":0,"menu_order":0,"comment_status":"closed","ping_status":"closed","template":"","meta":{"footnotes":""},"class_list":["post-461","page","type-page","status-publish"],"yoast_head":"<!-- This site is optimized with the Yoast SEO plugin v26.2 - https:\/\/yoast.com\/wordpress\/plugins\/seo\/ -->\n<title>Wie f\u00fclle ich das ESTA-Formular f\u00fcr eine Reise in die USA aus?<\/title>\n<meta name=\"description\" content=\"Das ESTA-Formular ist ein obligatorisches Dokument, das Sie ben\u00f6tigen, um in die USA zu fliegen. Aber wie f\u00fcllt man das Online-Formular aus, um sie zu erhalten? Antwort hier.\" \/>\n<meta name=\"robots\" content=\"index, follow, max-snippet:-1, max-image-preview:large, max-video-preview:-1\" \/>\n<link rel=\"canonical\" href=\"https:\/\/esta-etats-unis.net\/de\/wie-fuelle-ich-das-esta-formular-fuer-eine-reise-in-die-usa-aus\/\" \/>\n<meta property=\"og:locale\" content=\"de_DE\" \/>\n<meta property=\"og:type\" content=\"article\" \/>\n<meta property=\"og:title\" content=\"Wie f\u00fclle ich das ESTA-Formular f\u00fcr eine Reise in die USA aus?\" \/>\n<meta property=\"og:description\" content=\"Das ESTA-Formular ist ein obligatorisches Dokument, das Sie ben\u00f6tigen, um in die USA zu fliegen. Aber wie f\u00fcllt man das Online-Formular aus, um sie zu erhalten? Antwort hier.\" \/>\n<meta property=\"og:url\" content=\"https:\/\/esta-etats-unis.net\/de\/wie-fuelle-ich-das-esta-formular-fuer-eine-reise-in-die-usa-aus\/\" \/>\n<meta property=\"og:site_name\" content=\"Organisieren Sie Ihre Reise in die Vereinigten Staaten\" \/>\n<meta property=\"article:modified_time\" content=\"2024-10-09T13:29:34+00:00\" \/>\n<meta name=\"twitter:label1\" content=\"Gesch\u00e4tzte Lesezeit\" \/>\n\t<meta name=\"twitter:data1\" content=\"4\u00a0Minuten\" \/>\n<script type=\"application\/ld+json\" class=\"yoast-schema-graph\">{\"@context\":\"https:\/\/schema.org\",\"@graph\":[{\"@type\":\"WebPage\",\"@id\":\"https:\/\/esta-etats-unis.net\/de\/wie-fuelle-ich-das-esta-formular-fuer-eine-reise-in-die-usa-aus\/\",\"url\":\"https:\/\/esta-etats-unis.net\/de\/wie-fuelle-ich-das-esta-formular-fuer-eine-reise-in-die-usa-aus\/\",\"name\":\"Wie f\u00fclle ich das ESTA-Formular f\u00fcr eine Reise in die USA aus?\",\"isPartOf\":{\"@id\":\"https:\/\/esta-etats-unis.net\/de\/#website\"},\"datePublished\":\"2014-11-17T21:16:32+00:00\",\"dateModified\":\"2024-10-09T13:29:34+00:00\",\"description\":\"Das ESTA-Formular ist ein obligatorisches Dokument, das Sie ben\u00f6tigen, um in die USA zu fliegen. Aber wie f\u00fcllt man das Online-Formular aus, um sie zu erhalten? Antwort hier.\",\"inLanguage\":\"de\",\"potentialAction\":[{\"@type\":\"ReadAction\",\"target\":[\"https:\/\/esta-etats-unis.net\/de\/wie-fuelle-ich-das-esta-formular-fuer-eine-reise-in-die-usa-aus\/\"]}]},{\"@type\":\"WebSite\",\"@id\":\"https:\/\/esta-etats-unis.net\/de\/#website\",\"url\":\"https:\/\/esta-etats-unis.net\/de\/\",\"name\":\"Organisieren Sie Ihre Reise in die Vereinigten Staaten\",\"description\":\"\",\"potentialAction\":[{\"@type\":\"SearchAction\",\"target\":{\"@type\":\"EntryPoint\",\"urlTemplate\":\"https:\/\/esta-etats-unis.net\/de\/?s={search_term_string}\"},\"query-input\":{\"@type\":\"PropertyValueSpecification\",\"valueRequired\":true,\"valueName\":\"search_term_string\"}}],\"inLanguage\":\"de\"}]}<\/script>\n<!-- \/ Yoast SEO plugin. -->","yoast_head_json":{"title":"Wie f\u00fclle ich das ESTA-Formular f\u00fcr eine Reise in die USA aus?","description":"Das ESTA-Formular ist ein obligatorisches Dokument, das Sie ben\u00f6tigen, um in die USA zu fliegen. Aber wie f\u00fcllt man das Online-Formular aus, um sie zu erhalten? Antwort hier.","robots":{"index":"index","follow":"follow","max-snippet":"max-snippet:-1","max-image-preview":"max-image-preview:large","max-video-preview":"max-video-preview:-1"},"canonical":"https:\/\/esta-etats-unis.net\/de\/wie-fuelle-ich-das-esta-formular-fuer-eine-reise-in-die-usa-aus\/","og_locale":"de_DE","og_type":"article","og_title":"Wie f\u00fclle ich das ESTA-Formular f\u00fcr eine Reise in die USA aus?","og_description":"Das ESTA-Formular ist ein obligatorisches Dokument, das Sie ben\u00f6tigen, um in die USA zu fliegen. Aber wie f\u00fcllt man das Online-Formular aus, um sie zu erhalten? Antwort hier.","og_url":"https:\/\/esta-etats-unis.net\/de\/wie-fuelle-ich-das-esta-formular-fuer-eine-reise-in-die-usa-aus\/","og_site_name":"Organisieren Sie Ihre Reise in die Vereinigten Staaten","article_modified_time":"2024-10-09T13:29:34+00:00","twitter_misc":{"Gesch\u00e4tzte Lesezeit":"4\u00a0Minuten"},"schema":{"@context":"https:\/\/schema.org","@graph":[{"@type":"WebPage","@id":"https:\/\/esta-etats-unis.net\/de\/wie-fuelle-ich-das-esta-formular-fuer-eine-reise-in-die-usa-aus\/","url":"https:\/\/esta-etats-unis.net\/de\/wie-fuelle-ich-das-esta-formular-fuer-eine-reise-in-die-usa-aus\/","name":"Wie f\u00fclle ich das ESTA-Formular f\u00fcr eine Reise in die USA aus?","isPartOf":{"@id":"https:\/\/esta-etats-unis.net\/de\/#website"},"datePublished":"2014-11-17T21:16:32+00:00","dateModified":"2024-10-09T13:29:34+00:00","description":"Das ESTA-Formular ist ein obligatorisches Dokument, das Sie ben\u00f6tigen, um in die USA zu fliegen. Aber wie f\u00fcllt man das Online-Formular aus, um sie zu erhalten? Antwort hier.","inLanguage":"de","potentialAction":[{"@type":"ReadAction","target":["https:\/\/esta-etats-unis.net\/de\/wie-fuelle-ich-das-esta-formular-fuer-eine-reise-in-die-usa-aus\/"]}]},{"@type":"WebSite","@id":"https:\/\/esta-etats-unis.net\/de\/#website","url":"https:\/\/esta-etats-unis.net\/de\/","name":"Organisieren Sie Ihre Reise in die Vereinigten Staaten","description":"","potentialAction":[{"@type":"SearchAction","target":{"@type":"EntryPoint","urlTemplate":"https:\/\/esta-etats-unis.net\/de\/?s={search_term_string}"},"query-input":{"@type":"PropertyValueSpecification","valueRequired":true,"valueName":"search_term_string"}}],"inLanguage":"de"}]}},"_links":{"self":[{"href":"https:\/\/esta-etats-unis.net\/de\/wp-json\/wp\/v2\/pages\/461","targetHints":{"allow":["GET"]}}],"collection":[{"href":"https:\/\/esta-etats-unis.net\/de\/wp-json\/wp\/v2\/pages"}],"about":[{"href":"https:\/\/esta-etats-unis.net\/de\/wp-json\/wp\/v2\/types\/page"}],"author":[{"embeddable":true,"href":"https:\/\/esta-etats-unis.net\/de\/wp-json\/wp\/v2\/users\/1"}],"replies":[{"embeddable":true,"href":"https:\/\/esta-etats-unis.net\/de\/wp-json\/wp\/v2\/comments?post=461"}],"version-history":[{"count":4,"href":"https:\/\/esta-etats-unis.net\/de\/wp-json\/wp\/v2\/pages\/461\/revisions"}],"predecessor-version":[{"id":831,"href":"https:\/\/esta-etats-unis.net\/de\/wp-json\/wp\/v2\/pages\/461\/revisions\/831"}],"wp:attachment":[{"href":"https:\/\/esta-etats-unis.net\/de\/wp-json\/wp\/v2\/media?parent=461"}],"curies":[{"name":"wp","href":"https:\/\/api.w.org\/{rel}","templated":true}]}}