{"id":443,"date":"2018-06-26T14:56:44","date_gmt":"2018-06-26T13:56:44","guid":{"rendered":"https:\/\/esta-etats-unis.net\/wie-man-das-esta-formular-richtig-ausfuellt\/"},"modified":"2024-10-09T09:07:14","modified_gmt":"2024-10-09T08:07:14","slug":"wie-man-das-esta-formular-richtig-ausfuellt","status":"publish","type":"page","link":"https:\/\/esta-etats-unis.net\/de\/wie-man-das-esta-formular-richtig-ausfuellt\/","title":{"rendered":"Wie man das ESTA-Formular richtig ausf\u00fcllt"},"content":{"rendered":"\n<p>Das Electronic System for Travel Authorization (ESTA) ist ein Informationssystem f\u00fcr Ausl\u00e4nder, die das US-Programm f\u00fcr visumfreies Reisen (Visa Waiver Program) in Anspruch nehmen m\u00f6chten, um sich f\u00fcr einige Zeit in den USA aufzuhalten. Um dieses zwei Jahre lang g\u00fcltige Privileg f\u00fcr Gesch\u00e4fts- oder Urlaubsreisende, die bis zu drei Monate nach Amerika reisen m\u00f6chten, in Anspruch zu nehmen, muss der Besucher das <a href=\"https:\/\/esta-etats-unis.net\/de\/wie-sieht-das-esta-formular-aus\/\">online verf\u00fcgbare ESTA-Formular<\/a> ausf\u00fcllen. Dieser Ansatz wurde 2009 eingef\u00fchrt und ist f\u00fcr USA-Liebhaber ein gro\u00dfer Erfolg.<\/p>\n\n<h2 class=\"wp-block-heading\">Wer ist in der Lage, das Online-Formular auszuf\u00fcllen?<\/h2>\n\n<p>Um mit einem ESTA in die USA reisen zu k\u00f6nnen, muss der Antragsteller eine Reihe von Bedingungen erf\u00fcllen. Hier sind die verschiedenen Kriterien, die erf\u00fcllt werden m\u00fcssen, um dem Profil der f\u00f6rderf\u00e4higen Reisenden zu entsprechen:<\/p>\n\n<ul class=\"wp-block-list\">\n<li>Sie m\u00fcssen Staatsb\u00fcrger eines der folgenden L\u00e4nder sein: <span style=\"font-weight: 400;\">Andorra, Australien, \u00d6sterreich, Belgien, Brunei, Chile, S\u00fcdkorea, Kroatien, D\u00e4nemark, Deutschland, Estland, Finnland, Frankreich, Griechenland, Ungarn, Irland, Island, Israel, Italien, Japan, Niederlande, Lettland, Liechtenstein, Litauen, Luxemburg, Malta, Monaco, Norwegen, Neuseeland, Portugal, Polen, Tschechische Republik, Gro\u00dfbritannien, San Marino, Singapur, Slowakei, Slowenien, Spanien, Schweden, Schweiz und Taiwan;<\/span><\/li>\n\n\n\n<li>Einen elektronischen oder biometrischen Reisepass haben;<\/li>\n\n\n\n<li>Eine <a href=\"https:\/\/esta-etats-unis.net\/de\/esta-formalitaeten-fuer-eine-reise-in-die-usa\/\">Reise in die USA<\/a> zu touristischen oder gesch\u00e4ftlichen Zwecken oder als Durchreise, bevor Sie zu einem anderen Ziel fliegen;<\/li>\n\n\n\n<li>Einhaltung des ESTA-Zeitraums von maximal 90 Tagen.<\/li>\n<\/ul>\n\n<p>L\u00e4uft Ihr Reisepass ab? Sie m\u00fcssen lediglich einen neuen Reisepass beantragen, bevor Sie den Online-Antrag ausf\u00fcllen. Wenn Sie aus einem anderen Grund oder f\u00fcr einen l\u00e4ngeren Zeitraum reisen wollen, k\u00f6nnen Sie kein ESTA beantragen, da Sie nicht f\u00f6rderf\u00e4hig sind. Sie m\u00fcssen auf jeden Fall ein <a href=\"https:\/\/esta-etats-unis.net\/de\/wie-beantrage-ich-ein-visum-bei-der-us-botschaft\/\">Visum bei der amerikanischen Botschaft<\/a> beantragen. Wenn Sie alle K\u00e4stchen ankreuzen, k\u00f6nnen Sie sicherlich das ESTA-Dokument f\u00fcr Ihre Reise in die USA erhalten.<\/p>\n\n<h2 class=\"wp-block-heading\">Vorstellung des ESTA-Reiseformulars f\u00fcr Reisen in die USA<\/h2>\n\n<p>Wenn wir das <a href=\"https:\/\/esta-etats-unis.net\/de\/\">Formular f\u00fcr die Reisegenehmigung<\/a> f\u00fcr die USA ausf\u00fcllen, m\u00fcssen wir verschiedene Arten von Informationen angeben. Die erste Art von Daten, die Sie eingeben m\u00fcssen, betrifft die pers\u00f6nlichen Informationen des Antragstellers. Die zweite Art von Informationen betrifft die Daten im Reisepass. Was den dritten Punkt betrifft, so handelt es sich um den Reiseplan f\u00fcr Ihren Aufenthalt in den USA (Aufenthaltsort w\u00e4hrend Ihres Aufenthalts in den USA und Notfallkontakt). Die letzte Art von Informationen betrifft Ihre Gesundheit und Ihr Strafregister.<\/p>\n\n<p>Auch wenn das Ausf\u00fcllen dieses Fragebogens einfach erscheint, ist es sehr wichtig, dass Sie beim Ausf\u00fcllen sehr sorgf\u00e4ltig vorgehen, da Ihnen die Einreise in die USA verweigert werden kann, wenn Sie falsche Angaben in Bezug auf den Reisepass oder andere Informationen machen.<\/p>\n\n<h3 class=\"wp-block-heading\">Die Beschaffung des ESTA-Dokuments von der offiziellen Website der US-Regierung aus<\/h3>\n\n<p>Sie m\u00fcssen Ihre ESTA-Genehmigung beantragen, indem Sie sich auf der <a href=\"https:\/\/www.dhs.gov\/\">Website der US-Regierung<\/a> anmelden. Das Formular wird in mehrere Sprachen \u00fcbersetzt.<\/p>\n","protected":false},"excerpt":{"rendered":"<p>Das Electronic System for Travel Authorization (ESTA) ist ein Informationssystem f\u00fcr Ausl\u00e4nder, die das US-Programm f\u00fcr visumfreies Reisen (Visa Waiver Program) in Anspruch nehmen m\u00f6chten, um sich f\u00fcr einige Zeit in den USA aufzuhalten. Um dieses zwei Jahre lang g\u00fcltige Privileg f\u00fcr Gesch\u00e4fts- oder Urlaubsreisende, die bis zu drei Monate nach Amerika reisen m\u00f6chten, in &#8230; <a title=\"Wie man das ESTA-Formular richtig ausf\u00fcllt\" class=\"read-more\" href=\"https:\/\/esta-etats-unis.net\/de\/wie-man-das-esta-formular-richtig-ausfuellt\/\" aria-label=\"Mehr Informationen \u00fcber Wie man das ESTA-Formular richtig ausf\u00fcllt\">Weiterlesen<\/a><\/p>\n","protected":false},"author":1,"featured_media":0,"parent":0,"menu_order":0,"comment_status":"closed","ping_status":"closed","template":"","meta":{"footnotes":""},"class_list":["post-443","page","type-page","status-publish"],"yoast_head":"<!-- This site is optimized with the Yoast SEO plugin v26.2 - https:\/\/yoast.com\/wordpress\/plugins\/seo\/ -->\n<title>Wie man das ESTA-Formular richtig ausf\u00fcllt<\/title>\n<meta name=\"description\" content=\"Wir erkl\u00e4ren Ihnen, wie Sie Ihren ESTA-Antrag ausf\u00fcllen und Ihre Reisebescheinigung f\u00fcr eine Reise in die USA erhalten.\" \/>\n<meta name=\"robots\" content=\"index, follow, max-snippet:-1, max-image-preview:large, max-video-preview:-1\" \/>\n<link rel=\"canonical\" href=\"https:\/\/esta-etats-unis.net\/de\/wie-man-das-esta-formular-richtig-ausfuellt\/\" \/>\n<meta property=\"og:locale\" content=\"de_DE\" \/>\n<meta property=\"og:type\" content=\"article\" \/>\n<meta property=\"og:title\" content=\"Wie man das ESTA-Formular richtig ausf\u00fcllt\" \/>\n<meta property=\"og:description\" content=\"Wir erkl\u00e4ren Ihnen, wie Sie Ihren ESTA-Antrag ausf\u00fcllen und Ihre Reisebescheinigung f\u00fcr eine Reise in die USA erhalten.\" \/>\n<meta property=\"og:url\" content=\"https:\/\/esta-etats-unis.net\/de\/wie-man-das-esta-formular-richtig-ausfuellt\/\" \/>\n<meta property=\"og:site_name\" content=\"Organisieren Sie Ihre Reise in die Vereinigten Staaten\" \/>\n<meta property=\"article:modified_time\" content=\"2024-10-09T08:07:14+00:00\" \/>\n<meta name=\"twitter:label1\" content=\"Gesch\u00e4tzte Lesezeit\" \/>\n\t<meta name=\"twitter:data1\" content=\"2\u00a0Minuten\" \/>\n<script type=\"application\/ld+json\" class=\"yoast-schema-graph\">{\"@context\":\"https:\/\/schema.org\",\"@graph\":[{\"@type\":\"WebPage\",\"@id\":\"https:\/\/esta-etats-unis.net\/de\/wie-man-das-esta-formular-richtig-ausfuellt\/\",\"url\":\"https:\/\/esta-etats-unis.net\/de\/wie-man-das-esta-formular-richtig-ausfuellt\/\",\"name\":\"Wie man das ESTA-Formular richtig ausf\u00fcllt\",\"isPartOf\":{\"@id\":\"https:\/\/esta-etats-unis.net\/de\/#website\"},\"datePublished\":\"2018-06-26T13:56:44+00:00\",\"dateModified\":\"2024-10-09T08:07:14+00:00\",\"description\":\"Wir erkl\u00e4ren Ihnen, wie Sie Ihren ESTA-Antrag ausf\u00fcllen und Ihre Reisebescheinigung f\u00fcr eine Reise in die USA erhalten.\",\"inLanguage\":\"de\",\"potentialAction\":[{\"@type\":\"ReadAction\",\"target\":[\"https:\/\/esta-etats-unis.net\/de\/wie-man-das-esta-formular-richtig-ausfuellt\/\"]}]},{\"@type\":\"WebSite\",\"@id\":\"https:\/\/esta-etats-unis.net\/de\/#website\",\"url\":\"https:\/\/esta-etats-unis.net\/de\/\",\"name\":\"Organisieren Sie Ihre Reise in die Vereinigten Staaten\",\"description\":\"\",\"potentialAction\":[{\"@type\":\"SearchAction\",\"target\":{\"@type\":\"EntryPoint\",\"urlTemplate\":\"https:\/\/esta-etats-unis.net\/de\/?s={search_term_string}\"},\"query-input\":{\"@type\":\"PropertyValueSpecification\",\"valueRequired\":true,\"valueName\":\"search_term_string\"}}],\"inLanguage\":\"de\"}]}<\/script>\n<!-- \/ Yoast SEO plugin. -->","yoast_head_json":{"title":"Wie man das ESTA-Formular richtig ausf\u00fcllt","description":"Wir erkl\u00e4ren Ihnen, wie Sie Ihren ESTA-Antrag ausf\u00fcllen und Ihre Reisebescheinigung f\u00fcr eine Reise in die USA erhalten.","robots":{"index":"index","follow":"follow","max-snippet":"max-snippet:-1","max-image-preview":"max-image-preview:large","max-video-preview":"max-video-preview:-1"},"canonical":"https:\/\/esta-etats-unis.net\/de\/wie-man-das-esta-formular-richtig-ausfuellt\/","og_locale":"de_DE","og_type":"article","og_title":"Wie man das ESTA-Formular richtig ausf\u00fcllt","og_description":"Wir erkl\u00e4ren Ihnen, wie Sie Ihren ESTA-Antrag ausf\u00fcllen und Ihre Reisebescheinigung f\u00fcr eine Reise in die USA erhalten.","og_url":"https:\/\/esta-etats-unis.net\/de\/wie-man-das-esta-formular-richtig-ausfuellt\/","og_site_name":"Organisieren Sie Ihre Reise in die Vereinigten Staaten","article_modified_time":"2024-10-09T08:07:14+00:00","twitter_misc":{"Gesch\u00e4tzte Lesezeit":"2\u00a0Minuten"},"schema":{"@context":"https:\/\/schema.org","@graph":[{"@type":"WebPage","@id":"https:\/\/esta-etats-unis.net\/de\/wie-man-das-esta-formular-richtig-ausfuellt\/","url":"https:\/\/esta-etats-unis.net\/de\/wie-man-das-esta-formular-richtig-ausfuellt\/","name":"Wie man das ESTA-Formular richtig ausf\u00fcllt","isPartOf":{"@id":"https:\/\/esta-etats-unis.net\/de\/#website"},"datePublished":"2018-06-26T13:56:44+00:00","dateModified":"2024-10-09T08:07:14+00:00","description":"Wir erkl\u00e4ren Ihnen, wie Sie Ihren ESTA-Antrag ausf\u00fcllen und Ihre Reisebescheinigung f\u00fcr eine Reise in die USA erhalten.","inLanguage":"de","potentialAction":[{"@type":"ReadAction","target":["https:\/\/esta-etats-unis.net\/de\/wie-man-das-esta-formular-richtig-ausfuellt\/"]}]},{"@type":"WebSite","@id":"https:\/\/esta-etats-unis.net\/de\/#website","url":"https:\/\/esta-etats-unis.net\/de\/","name":"Organisieren Sie Ihre Reise in die Vereinigten Staaten","description":"","potentialAction":[{"@type":"SearchAction","target":{"@type":"EntryPoint","urlTemplate":"https:\/\/esta-etats-unis.net\/de\/?s={search_term_string}"},"query-input":{"@type":"PropertyValueSpecification","valueRequired":true,"valueName":"search_term_string"}}],"inLanguage":"de"}]}},"_links":{"self":[{"href":"https:\/\/esta-etats-unis.net\/de\/wp-json\/wp\/v2\/pages\/443","targetHints":{"allow":["GET"]}}],"collection":[{"href":"https:\/\/esta-etats-unis.net\/de\/wp-json\/wp\/v2\/pages"}],"about":[{"href":"https:\/\/esta-etats-unis.net\/de\/wp-json\/wp\/v2\/types\/page"}],"author":[{"embeddable":true,"href":"https:\/\/esta-etats-unis.net\/de\/wp-json\/wp\/v2\/users\/1"}],"replies":[{"embeddable":true,"href":"https:\/\/esta-etats-unis.net\/de\/wp-json\/wp\/v2\/comments?post=443"}],"version-history":[{"count":3,"href":"https:\/\/esta-etats-unis.net\/de\/wp-json\/wp\/v2\/pages\/443\/revisions"}],"predecessor-version":[{"id":825,"href":"https:\/\/esta-etats-unis.net\/de\/wp-json\/wp\/v2\/pages\/443\/revisions\/825"}],"wp:attachment":[{"href":"https:\/\/esta-etats-unis.net\/de\/wp-json\/wp\/v2\/media?parent=443"}],"curies":[{"name":"wp","href":"https:\/\/api.w.org\/{rel}","templated":true}]}}